{"id":24014,"date":"2020-04-04T18:53:45","date_gmt":"2021-08-02T20:19:27","guid":{"rendered":"https:\/\/www.versiegelung24.com\/produkt\/sellado-de-papel-y-textiles-de-primera-calidad-con-extrema-repelencia-al-agua"},"modified":"2025-01-03T23:56:57","modified_gmt":"2025-01-03T22:56:57","slug":"sellado-premium-de-textiles-y-papel-con-extrema-repelencia-al-agua","status":"publish","type":"product","link":"https:\/\/www.versiegelung24.com\/es\/sellado-premium-de-textiles-y-papel-con-extrema-repelencia-al-agua.html","title":{"rendered":"Dura Tex &#8211; Sellador textil premium con extrema repelencia al agua"},"content":{"rendered":"\n<p><strong>Sellador textil premium de alta eficacia con extrema repelencia al agua, para interiores y exteriores<\/strong><\/p>\n\n<p>Calidad profesional: fabricado en Alemania<\/p>\n\n<p>N\u00famero de art\u00edculo: 6002-7689<\/p>\n\n<p><strong>V24 Dura Tex &#8211; Premium Textile Sealer<\/strong> protege casi todo tipo de textiles y papel del agua, la suciedad y las manchas, y permanece invisible por s\u00ed mismo. No afecta su apariencia, transpirabilidad, color o tacto de ninguna manera y es f\u00e1cil de cuidar.<\/p>\n\n<p>El revestimiento es extremadamente repelente al agua en tejidos para exteriores; por lo que permanecen secos por m\u00e1s tiempo. El aceite, el caf\u00e9 y otras manchas comunes son cosa del pasado si los textiles se han tratado de antemano.<\/p>\n\n<hr\/>\n\n<h4 class=\"wp-block-heading\" id=\"properties\">Caracter\u00edsticas del producto<\/h4>\n\n<div class=\"wp-block-columns is-layout-flex wp-container-core-columns-is-layout-9d6595d7 wp-block-columns-is-layout-flex\">\n<div class=\"wp-block-column is-layout-flow wp-block-column-is-layout-flow\">\n<ul class=\"wp-block-list\">\n<li>Efecto hidr\u00f3fobo y ole\u00f3fobo muy fuerte (repelencia al agua y al aceite)<\/li>\n\n\n\n<li>Efecto de f\u00e1cil limpieza resistente a la abrasi\u00f3n: una uni\u00f3n qu\u00edmica s\u00f3lida permite una excelente resistencia a la abrasi\u00f3n y a la lavadora &#8211; el revestimiento se adhiere a la fibra hasta que es destruida por influencias externas<\/li>\n\n\n\n<li>Las impurezas se pueden eliminar f\u00e1cilmente con un pa\u00f1o h\u00famedo.<\/li>\n\n\n\n<li>Respirable<\/li>\n\n\n\n<li>Invisible (sin cambios de apariencia)<\/li>\n\n\n\n<li>Fuertes propiedades antiadherentes.<\/li>\n\n\n\n<li>Protecci\u00f3n contra las manchas<\/li>\n<\/ul>\n<\/div>\n\n\n\n<div class=\"wp-block-column is-layout-flow wp-block-column-is-layout-flow\">\n<ul class=\"wp-block-list\">\n<li>Aumenta la resistencia al desgaste<\/li>\n\n\n\n<li>Sin deterioro de la apariencia<\/li>\n\n\n\n<li>Nano tecnolog\u00eda SiO\u00b2<\/li>\n\n\n\n<li>Protecci\u00f3n de las fibras contra la penetraci\u00f3n de part\u00edculas de suciedad<\/li>\n\n\n\n<li>Aplicaci\u00f3n sencilla<\/li>\n\n\n\n<li>Larga vida \u00fatil en funci\u00f3n de la tensi\u00f3n mec\u00e1nica.<\/li>\n<\/ul>\n\n\n\n<p><br\/><br\/>Volumen de suministro: 1 botella de 1 litro 1 descripci\u00f3n del producto<\/p>\n<\/div>\n<\/div>\n\n<hr\/>\n\n<h4 class=\"wp-block-heading\" id=\"application\">Aplicaci\u00f3n<\/h4>\n\n<div class=\"wp-block-columns is-layout-flex wp-container-core-columns-is-layout-9d6595d7 wp-block-columns-is-layout-flex\">\n<div class=\"wp-block-column is-layout-flow wp-block-column-is-layout-flow\">\n<ul class=\"wp-block-list\">\n<li>ropa<\/li>\n\n\n\n<li>Tejidos para exterior<\/li>\n\n\n\n<li>Textiles para el hogar (tapizados, muebles, alfombras)<\/li>\n\n\n\n<li>Ante \/ cuero<\/li>\n\n\n\n<li>Cart\u00f3n de papel<\/li>\n<\/ul>\n\n\n\n<p>El consumo depende mucho de la estructura, absorbencia y espesor del material a recubrir, aproximadamente 10-50 m\u00b2 \/ litro (aproximadamente 10ml \/ m\u00b2 por mm de espesor dependiendo de la absorbencia).<\/p>\n<\/div>\n\n\n\n<div class=\"wp-block-column is-layout-flow wp-block-column-is-layout-flow\">\n<p>Aplicaci\u00f3n sencilla:<\/p>\n\n\n\n<p>1.Manual: aplicaci\u00f3n humedeciendo el tejido (pulverizaci\u00f3n o inmersi\u00f3n)<\/p>\n\n\n\n<p>2. Industrial: aplicaci\u00f3n mediante sistemas disponibles comercialmente<\/p>\n\n\n\n<p><br\/>Este revestimiento de SiO2 est\u00e1 totalmente reticulado y curado al cabo de 24 horas. Tras esta fase de curado, se puede probar por primera vez el efecto de f\u00e1cil limpieza.<\/p>\n<\/div>\n<\/div>\n","protected":false},"excerpt":{"rendered":"<p>\u2713 Transpirable<\/p>\n<p>\u2713 Protecci\u00f3n contra las manchas<\/p>\n<p>\u2713 Con extrema repelencia al agua<\/p>\n<p>\u2713 Para interior y exterior<\/p>\n","protected":false},"featured_media":125335,"template":"","meta":{"_acf_changed":false,"neve_meta_sidebar":"","neve_meta_container":"","neve_meta_enable_content_width":"","neve_meta_content_width":0,"neve_meta_title_alignment":"","neve_meta_author_avatar":"","neve_post_elements_order":"","neve_meta_disable_header":"","neve_meta_disable_footer":"","neve_meta_disable_title":"","neve_meta_reading_time":"","_surfaces":[],"_ver_product_tabs":[],"footnotes":""},"product_brand":[],"product_cat":[2366],"product_tag":[],"class_list":{"0":"post-24014","1":"product","2":"type-product","3":"status-publish","4":"has-post-thumbnail","6":"product_cat-sellado-de-cuero-y-textiles","8":"first","9":"instock","10":"taxable","11":"shipping-taxable","12":"purchasable","13":"product-type-simple"},"acf":[],"yoast_head":"<!-- This site is optimized with the Yoast SEO Premium plugin v22.8 (Yoast SEO v27.5) - https:\/\/yoast.com\/product\/yoast-seo-premium-wordpress\/ -->\n<title>Dura Tex - Sellador textil premium con extrema repelencia al agua - versiegelung24.com<\/title>\n<meta name=\"robots\" content=\"index, follow, max-snippet:-1, max-image-preview:large, max-video-preview:-1\" \/>\n<link rel=\"canonical\" href=\"https:\/\/www.versiegelung24.com\/es\/sellado-premium-de-textiles-y-papel-con-extrema-repelencia-al-agua.html\" \/>\n<meta property=\"og:locale\" content=\"es_ES\" \/>\n<meta property=\"og:type\" content=\"article\" \/>\n<meta property=\"og:title\" content=\"Dura Tex - Sellador textil premium con extrema repelencia al agua\" \/>\n<meta property=\"og:description\" content=\"\u2713 Transpirable \u2713 Protecci\u00f3n contra las manchas \u2713 Con extrema repelencia al agua \u2713 Para interior y exterior\" \/>\n<meta property=\"og:url\" content=\"https:\/\/www.versiegelung24.com\/es\/sellado-premium-de-textiles-y-papel-con-extrema-repelencia-al-agua.html\" \/>\n<meta property=\"og:site_name\" content=\"versiegelung24.com\" \/>\n<meta property=\"article:modified_time\" content=\"2025-01-03T22:56:57+00:00\" \/>\n<meta property=\"og:image\" content=\"https:\/\/www.versiegelung24.com\/wp-content\/uploads\/2020\/04\/produkt-6002-7689-1000-dura-tex-Premium-Textil-Papierversiegelung-scaled.webp\" \/>\n\t<meta property=\"og:image:width\" content=\"2560\" \/>\n\t<meta property=\"og:image:height\" content=\"2560\" \/>\n\t<meta property=\"og:image:type\" content=\"image\/webp\" \/>\n<meta name=\"twitter:card\" content=\"summary_large_image\" \/>\n<meta name=\"twitter:label1\" content=\"Precio\" \/>\n\t<meta name=\"twitter:data1\" content=\"89,99&euro;\" \/>\n\t<meta name=\"twitter:label2\" content=\"Disponibilidad\" \/>\n\t<meta name=\"twitter:data2\" content=\"Disponible\" \/>\n<script type=\"application\/ld+json\" class=\"yoast-schema-graph\">{\"@context\":\"https:\\\/\\\/schema.org\",\"@graph\":[{\"@type\":\"WebPage\",\"@id\":\"https:\\\/\\\/www.versiegelung24.com\\\/es\\\/sellado-premium-de-textiles-y-papel-con-extrema-repelencia-al-agua.html\",\"url\":\"https:\\\/\\\/www.versiegelung24.com\\\/es\\\/sellado-premium-de-textiles-y-papel-con-extrema-repelencia-al-agua.html\",\"name\":\"Dura Tex - Sellador textil premium con extrema repelencia al agua - versiegelung24.com\",\"isPartOf\":{\"@id\":\"https:\\\/\\\/www.versiegelung24.com\\\/es\\\/#website\"},\"primaryImageOfPage\":{\"@id\":\"https:\\\/\\\/www.versiegelung24.com\\\/es\\\/sellado-premium-de-textiles-y-papel-con-extrema-repelencia-al-agua.html#primaryimage\"},\"image\":{\"@id\":\"https:\\\/\\\/www.versiegelung24.com\\\/es\\\/sellado-premium-de-textiles-y-papel-con-extrema-repelencia-al-agua.html#primaryimage\"},\"thumbnailUrl\":\"https:\\\/\\\/www.versiegelung24.com\\\/wp-content\\\/uploads\\\/2020\\\/04\\\/produkt-6002-7689-1000-dura-tex-Premium-Textil-Papierversiegelung-scaled.webp\",\"datePublished\":\"2021-08-02T20:19:27+00:00\",\"dateModified\":\"2025-01-03T22:56:57+00:00\",\"breadcrumb\":{\"@id\":\"https:\\\/\\\/www.versiegelung24.com\\\/es\\\/sellado-premium-de-textiles-y-papel-con-extrema-repelencia-al-agua.html#breadcrumb\"},\"inLanguage\":\"es\",\"potentialAction\":[{\"@type\":\"ReadAction\",\"target\":[\"https:\\\/\\\/www.versiegelung24.com\\\/es\\\/sellado-premium-de-textiles-y-papel-con-extrema-repelencia-al-agua.html\"]}]},{\"@type\":\"ImageObject\",\"inLanguage\":\"es\",\"@id\":\"https:\\\/\\\/www.versiegelung24.com\\\/es\\\/sellado-premium-de-textiles-y-papel-con-extrema-repelencia-al-agua.html#primaryimage\",\"url\":\"https:\\\/\\\/www.versiegelung24.com\\\/wp-content\\\/uploads\\\/2020\\\/04\\\/produkt-6002-7689-1000-dura-tex-Premium-Textil-Papierversiegelung-scaled.webp\",\"contentUrl\":\"https:\\\/\\\/www.versiegelung24.com\\\/wp-content\\\/uploads\\\/2020\\\/04\\\/produkt-6002-7689-1000-dura-tex-Premium-Textil-Papierversiegelung-scaled.webp\",\"width\":2560,\"height\":2560},{\"@type\":\"BreadcrumbList\",\"@id\":\"https:\\\/\\\/www.versiegelung24.com\\\/es\\\/sellado-premium-de-textiles-y-papel-con-extrema-repelencia-al-agua.html#breadcrumb\",\"itemListElement\":[{\"@type\":\"ListItem\",\"position\":1,\"name\":\"P\u00e1gina web\",\"item\":\"https:\\\/\\\/www.versiegelung24.com\\\/es\\\/frontal\\\/\"},{\"@type\":\"ListItem\",\"position\":2,\"name\":\"Tienda\",\"item\":\"https:\\\/\\\/www.versiegelung24.com\\\/es\\\/tienda\\\/\"},{\"@type\":\"ListItem\",\"position\":3,\"name\":\"Dura Tex &#8211; Sellador textil premium con extrema repelencia al agua\"}]},{\"@type\":\"WebSite\",\"@id\":\"https:\\\/\\\/www.versiegelung24.com\\\/es\\\/#website\",\"url\":\"https:\\\/\\\/www.versiegelung24.com\\\/es\\\/\",\"name\":\"versiegelung24.com\",\"description\":\"Fl\u00fcssigglas-Versiegelung - Made in Germany\",\"publisher\":{\"@id\":\"https:\\\/\\\/www.versiegelung24.com\\\/es\\\/#organization\"},\"potentialAction\":[{\"@type\":\"SearchAction\",\"target\":{\"@type\":\"EntryPoint\",\"urlTemplate\":\"https:\\\/\\\/www.versiegelung24.com\\\/es\\\/?s={search_term_string}\"},\"query-input\":{\"@type\":\"PropertyValueSpecification\",\"valueRequired\":true,\"valueName\":\"search_term_string\"}}],\"inLanguage\":\"es\"},{\"@type\":\"Organization\",\"@id\":\"https:\\\/\\\/www.versiegelung24.com\\\/es\\\/#organization\",\"name\":\"versiegelung24\",\"url\":\"https:\\\/\\\/www.versiegelung24.com\\\/es\\\/\",\"logo\":{\"@type\":\"ImageObject\",\"inLanguage\":\"es\",\"@id\":\"https:\\\/\\\/www.versiegelung24.com\\\/es\\\/#\\\/schema\\\/logo\\\/image\\\/\",\"url\":\"https:\\\/\\\/www.versiegelung24.com\\\/wp-content\\\/uploads\\\/2020\\\/04\\\/versiegelung24.png\",\"contentUrl\":\"https:\\\/\\\/www.versiegelung24.com\\\/wp-content\\\/uploads\\\/2020\\\/04\\\/versiegelung24.png\",\"width\":470,\"height\":102,\"caption\":\"versiegelung24\"},\"image\":{\"@id\":\"https:\\\/\\\/www.versiegelung24.com\\\/es\\\/#\\\/schema\\\/logo\\\/image\\\/\"}}]}<\/script>\n<meta property=\"product:price:amount\" content=\"89.99\" \/>\n<meta property=\"product:price:currency\" content=\"EUR\" \/>\n<meta property=\"og:availability\" content=\"instock\" \/>\n<meta property=\"product:availability\" content=\"instock\" \/>\n<meta property=\"product:retailer_item_id\" content=\"6002-7689-1000\" \/>\n<meta property=\"product:condition\" content=\"new\" \/>\n<!-- \/ Yoast SEO Premium plugin. -->","yoast_head_json":{"title":"Dura Tex - Sellador textil premium con extrema repelencia al agua - versiegelung24.com","robots":{"index":"index","follow":"follow","max-snippet":"max-snippet:-1","max-image-preview":"max-image-preview:large","max-video-preview":"max-video-preview:-1"},"canonical":"https:\/\/www.versiegelung24.com\/es\/sellado-premium-de-textiles-y-papel-con-extrema-repelencia-al-agua.html","og_locale":"es_ES","og_type":"article","og_title":"Dura Tex - Sellador textil premium con extrema repelencia al agua","og_description":"\u2713 Transpirable \u2713 Protecci\u00f3n contra las manchas \u2713 Con extrema repelencia al agua \u2713 Para interior y exterior","og_url":"https:\/\/www.versiegelung24.com\/es\/sellado-premium-de-textiles-y-papel-con-extrema-repelencia-al-agua.html","og_site_name":"versiegelung24.com","article_modified_time":"2025-01-03T22:56:57+00:00","og_image":[{"width":2560,"height":2560,"url":"https:\/\/www.versiegelung24.com\/wp-content\/uploads\/2020\/04\/produkt-6002-7689-1000-dura-tex-Premium-Textil-Papierversiegelung-scaled.webp","type":"image\/webp"}],"twitter_card":"summary_large_image","twitter_misc":{"Precio":"89,99&euro;","Disponibilidad":"Disponible"},"schema":{"@context":"https:\/\/schema.org","@graph":[{"@type":"WebPage","@id":"https:\/\/www.versiegelung24.com\/es\/sellado-premium-de-textiles-y-papel-con-extrema-repelencia-al-agua.html","url":"https:\/\/www.versiegelung24.com\/es\/sellado-premium-de-textiles-y-papel-con-extrema-repelencia-al-agua.html","name":"Dura Tex - Sellador textil premium con extrema repelencia al agua - versiegelung24.com","isPartOf":{"@id":"https:\/\/www.versiegelung24.com\/es\/#website"},"primaryImageOfPage":{"@id":"https:\/\/www.versiegelung24.com\/es\/sellado-premium-de-textiles-y-papel-con-extrema-repelencia-al-agua.html#primaryimage"},"image":{"@id":"https:\/\/www.versiegelung24.com\/es\/sellado-premium-de-textiles-y-papel-con-extrema-repelencia-al-agua.html#primaryimage"},"thumbnailUrl":"https:\/\/www.versiegelung24.com\/wp-content\/uploads\/2020\/04\/produkt-6002-7689-1000-dura-tex-Premium-Textil-Papierversiegelung-scaled.webp","datePublished":"2021-08-02T20:19:27+00:00","dateModified":"2025-01-03T22:56:57+00:00","breadcrumb":{"@id":"https:\/\/www.versiegelung24.com\/es\/sellado-premium-de-textiles-y-papel-con-extrema-repelencia-al-agua.html#breadcrumb"},"inLanguage":"es","potentialAction":[{"@type":"ReadAction","target":["https:\/\/www.versiegelung24.com\/es\/sellado-premium-de-textiles-y-papel-con-extrema-repelencia-al-agua.html"]}]},{"@type":"ImageObject","inLanguage":"es","@id":"https:\/\/www.versiegelung24.com\/es\/sellado-premium-de-textiles-y-papel-con-extrema-repelencia-al-agua.html#primaryimage","url":"https:\/\/www.versiegelung24.com\/wp-content\/uploads\/2020\/04\/produkt-6002-7689-1000-dura-tex-Premium-Textil-Papierversiegelung-scaled.webp","contentUrl":"https:\/\/www.versiegelung24.com\/wp-content\/uploads\/2020\/04\/produkt-6002-7689-1000-dura-tex-Premium-Textil-Papierversiegelung-scaled.webp","width":2560,"height":2560},{"@type":"BreadcrumbList","@id":"https:\/\/www.versiegelung24.com\/es\/sellado-premium-de-textiles-y-papel-con-extrema-repelencia-al-agua.html#breadcrumb","itemListElement":[{"@type":"ListItem","position":1,"name":"P\u00e1gina web","item":"https:\/\/www.versiegelung24.com\/es\/frontal\/"},{"@type":"ListItem","position":2,"name":"Tienda","item":"https:\/\/www.versiegelung24.com\/es\/tienda\/"},{"@type":"ListItem","position":3,"name":"Dura Tex &#8211; Sellador textil premium con extrema repelencia al agua"}]},{"@type":"WebSite","@id":"https:\/\/www.versiegelung24.com\/es\/#website","url":"https:\/\/www.versiegelung24.com\/es\/","name":"versiegelung24.com","description":"Fl\u00fcssigglas-Versiegelung - Made in Germany","publisher":{"@id":"https:\/\/www.versiegelung24.com\/es\/#organization"},"potentialAction":[{"@type":"SearchAction","target":{"@type":"EntryPoint","urlTemplate":"https:\/\/www.versiegelung24.com\/es\/?s={search_term_string}"},"query-input":{"@type":"PropertyValueSpecification","valueRequired":true,"valueName":"search_term_string"}}],"inLanguage":"es"},{"@type":"Organization","@id":"https:\/\/www.versiegelung24.com\/es\/#organization","name":"versiegelung24","url":"https:\/\/www.versiegelung24.com\/es\/","logo":{"@type":"ImageObject","inLanguage":"es","@id":"https:\/\/www.versiegelung24.com\/es\/#\/schema\/logo\/image\/","url":"https:\/\/www.versiegelung24.com\/wp-content\/uploads\/2020\/04\/versiegelung24.png","contentUrl":"https:\/\/www.versiegelung24.com\/wp-content\/uploads\/2020\/04\/versiegelung24.png","width":470,"height":102,"caption":"versiegelung24"},"image":{"@id":"https:\/\/www.versiegelung24.com\/es\/#\/schema\/logo\/image\/"}}]},"product_price_amount":"89.99","product_price_currency":"EUR","og_availability":"instock","product_availability":"instock","product_retailer_item_id":"6002-7689-1000","product_condition":"new"},"_links":{"self":[{"href":"https:\/\/www.versiegelung24.com\/es\/wp-json\/wp\/v2\/product\/24014","targetHints":{"allow":["GET"]}}],"collection":[{"href":"https:\/\/www.versiegelung24.com\/es\/wp-json\/wp\/v2\/product"}],"about":[{"href":"https:\/\/www.versiegelung24.com\/es\/wp-json\/wp\/v2\/types\/product"}],"version-history":[{"count":14,"href":"https:\/\/www.versiegelung24.com\/es\/wp-json\/wp\/v2\/product\/24014\/revisions"}],"predecessor-version":[{"id":177738,"href":"https:\/\/www.versiegelung24.com\/es\/wp-json\/wp\/v2\/product\/24014\/revisions\/177738"}],"wp:featuredmedia":[{"embeddable":true,"href":"https:\/\/www.versiegelung24.com\/es\/wp-json\/wp\/v2\/media\/125335"}],"wp:attachment":[{"href":"https:\/\/www.versiegelung24.com\/es\/wp-json\/wp\/v2\/media?parent=24014"}],"wp:term":[{"taxonomy":"product_brand","embeddable":true,"href":"https:\/\/www.versiegelung24.com\/es\/wp-json\/wp\/v2\/product_brand?post=24014"},{"taxonomy":"product_cat","embeddable":true,"href":"https:\/\/www.versiegelung24.com\/es\/wp-json\/wp\/v2\/product_cat?post=24014"},{"taxonomy":"product_tag","embeddable":true,"href":"https:\/\/www.versiegelung24.com\/es\/wp-json\/wp\/v2\/product_tag?post=24014"}],"curies":[{"name":"wp","href":"https:\/\/api.w.org\/{rel}","templated":true}]}}