{"id":24099,"date":"2020-04-27T21:49:59","date_gmt":"2021-08-02T20:24:29","guid":{"rendered":"https:\/\/www.versiegelung24.com\/produkt\/monument-stone-sellado-de-alto-rendimiento-para-piedra-y-hormigon"},"modified":"2025-03-20T09:53:48","modified_gmt":"2025-03-20T08:53:48","slug":"sellado-de-alto-rendimiento-de-piedra-monumento-piedra-y-hormigon","status":"publish","type":"product","link":"https:\/\/www.versiegelung24.com\/es\/monumento-piedra-piedra-y-hormigon-sellado-de-alto-rendimiento.html","title":{"rendered":"Monument Stone &#8211; Sellador de vidrio l\u00edquido para piedra y concreto"},"content":{"rendered":"\n<p>Nuestro sello de alto rendimiento Monument Stone protege de manera efectiva y permanente los productos de piedra de concreto de alta calidad de la contaminaci\u00f3n general por agua, alimentos y aceites.<\/p>\n\n<hr \/>\n\n<h4 class=\"wp-block-heading\" id=\"properties\">Caracter\u00edsticas del producto<\/h4>\n\n<div class=\"wp-block-columns is-layout-flex wp-container-core-columns-is-layout-9d6595d7 wp-block-columns-is-layout-flex\">\n<div class=\"wp-block-column is-layout-flow wp-block-column-is-layout-flow\">\n<p><strong>Sellado de alto rendimiento para productos de piedra y bloques de hormig\u00f3n para reducir la tendencia general a ensuciarse con agua, alimentos y aceites<\/strong><\/p>\n\n\n\n<p>N\u00famero de art\u00edculo: 3009-8637<\/p>\n\n\n\n<p>Alta calidad Fabricado en Alemania<\/p>\n\n\n\n<p><strong>seguridad del producto<\/strong><\/p>\n\n\n\n<p>La informaci\u00f3n sobre la clasificaci\u00f3n del producto en el marco de la Ordenanza sobre Sustancias Peligrosas, los datos de seguridad y los datos sobre toxicolog\u00eda y almacenamiento se pueden encontrar en nuestra hoja de datos de seguridad.<\/p>\n\n\n\n<p><strong>almacenamiento<\/strong><\/p>\n\n\n\n<p>Debe observarse la informaci\u00f3n de la hoja de datos de seguridad (MSDS) asociada.<\/p>\n\n\n\n<p>V24 Monument Stone debe almacenarse en un lugar seco, bien ventilado y fresco (20\u00b0C). Conservar\/almacenar \u00fanicamente en el envase original bien cerrado. Proteger de la luz solar directa. Si se almacena correctamente, la vida \u00fatil m\u00ednima es de 12 meses a partir de la fecha de fabricaci\u00f3n.<\/p>\n\n\n\n<p>Un per\u00edodo de almacenamiento m\u00e1s largo no significa necesariamente que el producto sea inutilizable, sin embargo, en t\u00e9rminos de garant\u00eda de calidad, se deben verificar las propiedades deseadas para el uso previsto.<\/p>\n<\/div>\n\n\n\n<div class=\"wp-block-column is-layout-flow wp-block-column-is-layout-flow\">\n<p>\u2713 Impregnaci\u00f3n base agua de alto rendimiento<\/p>\n\n\n\n<p>\u2713 Eficaz hasta 10 a\u00f1os (suponiendo una aplicaci\u00f3n correcta)<\/p>\n\n\n\n<p>\u2713 Especialmente adecuado para la protecci\u00f3n a largo plazo de monumentos<\/p>\n\n\n\n<p>\u2713 altamente concentrado<\/p>\n\n\n\n<p>\u2713 Protecci\u00f3n a largo plazo a trav\u00e9s de la uni\u00f3n qu\u00edmica del sustrato<\/p>\n\n\n\n<p>\u2713 Resistente a los \u00e1lcalis hasta pH 10-11*<\/p>\n\n\n\n<p>\u2713 Efecto antiadherente<\/p>\n\n\n\n<p>\u2713 Altamente repelente al aceite, al agua y a la suciedad<\/p>\n\n\n\n<p>\u2713 Resistente a los \u00e1lcalis<\/p>\n\n\n\n<p>\u2713 Eflorescencia reducida<\/p>\n\n\n\n<p>\u2713 Minimizaci\u00f3n de la adherencia de la suciedad<\/p>\n\n\n\n<p>\u2713 Reducci\u00f3n del crecimiento de algas y musgo<\/p>\n\n\n\n<p>\u2713 reduce el ensuciamiento<\/p>\n\n\n\n<p>\u2713 Abierto a la difusi\u00f3n de vapor<\/p>\n\n\n\n<p>\u2713 se seca r\u00e1pidamente y no queda pegajoso<\/p>\n\n\n\n<p>\u2713 Alta estabilidad UV<\/p>\n\n\n\n<p>\u2713 Soluci\u00f3n lista para usar<\/p>\n\n\n\n<p>\u2713 invisible<\/p>\n<\/div>\n<\/div>\n\n<hr \/>\n\n<h4 class=\"wp-block-heading\" id=\"application\">Aplicaci\u00f3n<\/h4>\n\n<div class=\"wp-block-columns is-layout-flex wp-container-core-columns-is-layout-9d6595d7 wp-block-columns-is-layout-flex\">\n<div class=\"wp-block-column is-layout-flow wp-block-column-is-layout-flow\">\n<ul class=\"wp-block-list\">\n<li><strong>V24 Monument Stone: el sellador de vidrio l\u00edquido<\/strong> se aplica sin diluir a la superficie previamente limpiada y seca, ya que esta es la \u00fanica forma de garantizar una penetraci\u00f3n profunda del sellador, lo que provoca un efecto profundo y \u00f3ptimo a largo plazo.<\/li>\n<\/ul>\n\n\n\n<ul class=\"wp-block-list\">\n<li>El sellador se aplica de manera uniforme y fina al sustrato hasta que la superficie se vea h\u00fameda y mate.<\/li>\n<\/ul>\n\n\n\n<ul class=\"wp-block-list\">\n<li>Se aplica con brocha, rodillo de espuma, pa\u00f1o de microfibras o mediante pulverizaci\u00f3n.<\/li>\n<\/ul>\n\n\n\n<ul class=\"wp-block-list\">\n<li>Se debe evitar la formaci\u00f3n de charcos. El exceso de agente impermeabilizante debe eliminarse del sustrato.<\/li>\n<\/ul>\n<\/div>\n\n\n\n<div class=\"wp-block-column is-layout-flow wp-block-column-is-layout-flow\">\n<ul class=\"wp-block-list\">\n<li>Despu\u00e9s de la aplicaci\u00f3n, la <strong>Monument Stone V24<\/strong> debe permanecer en contacto con la superficie como una pel\u00edcula l\u00edquida durante varios segundos.<\/li>\n<\/ul>\n\n\n\n<ul class=\"wp-block-list\">\n<li>La funcionalidad completa ocurre despu\u00e9s de 48 horas de secado a temperatura ambiente. El secado profundo tambi\u00e9n puede variar seg\u00fan el sustrato.<\/li>\n<\/ul>\n\n\n\n<p>Puede encontrar una descripci\u00f3n detallada de la aplicaci\u00f3n en nuestra hoja de datos<\/p>\n\n\n\n<p>Sellado de vidrio l\u00edquido altamente efectivo para monumentos: productos de piedra y bloques de hormig\u00f3n.<\/p>\n\n\n\n<p>\u2713 Hormig\u00f3n (art\u00edculos)<\/p>\n\n\n\n<p>\u2713 Piedra (Art\u00edculos)<\/p>\n\n\n\n<p>\u2713 Sistemas de losas y adoquines<\/p>\n\n\n\n<p>\u2713 Piedras monumentales<\/p>\n<\/div>\n<\/div>\n","protected":false},"excerpt":{"rendered":"<p><strong>Sellador de vidrio l\u00edquido que repele el aceite, el agua y la suciedad para superficies de piedra y hormig\u00f3n<\/strong><\/p>\n<p>\u2713 Protecci\u00f3n a largo plazo a trav\u00e9s de la uni\u00f3n qu\u00edmica del sustrato<\/p>\n<p>\u2713 Altamente repelente al aceite, al agua y a la suciedad<\/p>\n<p>\u2713 Protecci\u00f3n a largo plazo en piedra monumental<\/p>\n<p>\u2713 Reducci\u00f3n del crecimiento de algas y musgo<\/p>\n<p>\u2713 Efecto antiadherente<\/p>\n","protected":false},"featured_media":18154,"template":"","meta":{"_acf_changed":false,"neve_meta_sidebar":"","neve_meta_container":"","neve_meta_enable_content_width":"","neve_meta_content_width":0,"neve_meta_title_alignment":"","neve_meta_author_avatar":"","neve_post_elements_order":"","neve_meta_disable_header":"","neve_meta_disable_footer":"","neve_meta_disable_title":"","neve_meta_reading_time":"","_surfaces":[],"_ver_product_tabs":[],"footnotes":""},"product_brand":[],"product_cat":[2386],"product_tag":[],"class_list":{"0":"post-24099","1":"product","2":"type-product","3":"status-publish","4":"has-post-thumbnail","6":"product_cat-sellado-de-piedra-y-hormigon","8":"first","9":"onbackorder","10":"taxable","11":"shipping-taxable","12":"purchasable","13":"product-type-simple"},"acf":[],"yoast_head":"<!-- This site is optimized with the Yoast SEO Premium plugin v22.8 (Yoast SEO v27.5) - https:\/\/yoast.com\/product\/yoast-seo-premium-wordpress\/ -->\n<title>Monument Stone - Sellador de vidrio l\u00edquido para piedra y concreto - versiegelung24.com<\/title>\n<meta name=\"robots\" content=\"index, follow, max-snippet:-1, max-image-preview:large, max-video-preview:-1\" \/>\n<link rel=\"canonical\" href=\"https:\/\/www.versiegelung24.com\/es\/monumento-piedra-piedra-y-hormigon-sellado-de-alto-rendimiento.html\" \/>\n<meta property=\"og:locale\" content=\"es_ES\" \/>\n<meta property=\"og:type\" content=\"article\" \/>\n<meta property=\"og:title\" content=\"Monument Stone - Sellador de vidrio l\u00edquido para piedra y concreto\" \/>\n<meta property=\"og:description\" content=\"Sellador de vidrio l\u00edquido que repele el aceite, el agua y la suciedad para superficies de piedra y hormig\u00f3n \u2713 Protecci\u00f3n a largo plazo a trav\u00e9s de la uni\u00f3n qu\u00edmica del sustrato \u2713 Altamente repelente al aceite, al agua y a la suciedad \u2713 Protecci\u00f3n a largo plazo en piedra monumental \u2713 Reducci\u00f3n del crecimiento de algas y musgo \u2713 Efecto antiadherente\" \/>\n<meta property=\"og:url\" content=\"https:\/\/www.versiegelung24.com\/es\/monumento-piedra-piedra-y-hormigon-sellado-de-alto-rendimiento.html\" \/>\n<meta property=\"og:site_name\" content=\"versiegelung24.com\" \/>\n<meta property=\"article:modified_time\" content=\"2025-03-20T08:53:48+00:00\" \/>\n<meta property=\"og:image\" content=\"https:\/\/www.versiegelung24.com\/wp-content\/uploads\/2020\/06\/produkt-3009-7637-1000-Monument-Stone-scaled.jpg\" \/>\n\t<meta property=\"og:image:width\" content=\"2560\" \/>\n\t<meta property=\"og:image:height\" content=\"2560\" \/>\n\t<meta property=\"og:image:type\" content=\"image\/jpeg\" \/>\n<meta name=\"twitter:card\" content=\"summary_large_image\" \/>\n<meta name=\"twitter:label1\" content=\"Precio\" \/>\n\t<meta name=\"twitter:data1\" content=\"89,99&euro;\" \/>\n\t<meta name=\"twitter:label2\" content=\"Disponibilidad\" \/>\n\t<meta name=\"twitter:data2\" content=\"Disponible para reservar\" \/>\n<script type=\"application\/ld+json\" class=\"yoast-schema-graph\">{\"@context\":\"https:\\\/\\\/schema.org\",\"@graph\":[{\"@type\":\"WebPage\",\"@id\":\"https:\\\/\\\/www.versiegelung24.com\\\/es\\\/monumento-piedra-piedra-y-hormigon-sellado-de-alto-rendimiento.html\",\"url\":\"https:\\\/\\\/www.versiegelung24.com\\\/es\\\/monumento-piedra-piedra-y-hormigon-sellado-de-alto-rendimiento.html\",\"name\":\"Monument Stone - Sellador de vidrio l\u00edquido para piedra y concreto - versiegelung24.com\",\"isPartOf\":{\"@id\":\"https:\\\/\\\/www.versiegelung24.com\\\/es\\\/#website\"},\"primaryImageOfPage\":{\"@id\":\"https:\\\/\\\/www.versiegelung24.com\\\/es\\\/monumento-piedra-piedra-y-hormigon-sellado-de-alto-rendimiento.html#primaryimage\"},\"image\":{\"@id\":\"https:\\\/\\\/www.versiegelung24.com\\\/es\\\/monumento-piedra-piedra-y-hormigon-sellado-de-alto-rendimiento.html#primaryimage\"},\"thumbnailUrl\":\"https:\\\/\\\/www.versiegelung24.com\\\/wp-content\\\/uploads\\\/2020\\\/06\\\/produkt-3009-7637-1000-Monument-Stone-scaled.jpg\",\"datePublished\":\"2021-08-02T20:24:29+00:00\",\"dateModified\":\"2025-03-20T08:53:48+00:00\",\"breadcrumb\":{\"@id\":\"https:\\\/\\\/www.versiegelung24.com\\\/es\\\/monumento-piedra-piedra-y-hormigon-sellado-de-alto-rendimiento.html#breadcrumb\"},\"inLanguage\":\"es\",\"potentialAction\":[{\"@type\":\"ReadAction\",\"target\":[\"https:\\\/\\\/www.versiegelung24.com\\\/es\\\/monumento-piedra-piedra-y-hormigon-sellado-de-alto-rendimiento.html\"]}]},{\"@type\":\"ImageObject\",\"inLanguage\":\"es\",\"@id\":\"https:\\\/\\\/www.versiegelung24.com\\\/es\\\/monumento-piedra-piedra-y-hormigon-sellado-de-alto-rendimiento.html#primaryimage\",\"url\":\"https:\\\/\\\/www.versiegelung24.com\\\/wp-content\\\/uploads\\\/2020\\\/06\\\/produkt-3009-7637-1000-Monument-Stone-scaled.jpg\",\"contentUrl\":\"https:\\\/\\\/www.versiegelung24.com\\\/wp-content\\\/uploads\\\/2020\\\/06\\\/produkt-3009-7637-1000-Monument-Stone-scaled.jpg\",\"width\":2560,\"height\":2560},{\"@type\":\"BreadcrumbList\",\"@id\":\"https:\\\/\\\/www.versiegelung24.com\\\/es\\\/monumento-piedra-piedra-y-hormigon-sellado-de-alto-rendimiento.html#breadcrumb\",\"itemListElement\":[{\"@type\":\"ListItem\",\"position\":1,\"name\":\"P\u00e1gina web\",\"item\":\"https:\\\/\\\/www.versiegelung24.com\\\/es\\\/frontal\\\/\"},{\"@type\":\"ListItem\",\"position\":2,\"name\":\"Tienda\",\"item\":\"https:\\\/\\\/www.versiegelung24.com\\\/es\\\/tienda\\\/\"},{\"@type\":\"ListItem\",\"position\":3,\"name\":\"Monument Stone &#8211; Sellador de vidrio l\u00edquido para piedra y concreto\"}]},{\"@type\":\"WebSite\",\"@id\":\"https:\\\/\\\/www.versiegelung24.com\\\/es\\\/#website\",\"url\":\"https:\\\/\\\/www.versiegelung24.com\\\/es\\\/\",\"name\":\"versiegelung24.com\",\"description\":\"Fl\u00fcssigglas-Versiegelung - Made in Germany\",\"publisher\":{\"@id\":\"https:\\\/\\\/www.versiegelung24.com\\\/es\\\/#organization\"},\"potentialAction\":[{\"@type\":\"SearchAction\",\"target\":{\"@type\":\"EntryPoint\",\"urlTemplate\":\"https:\\\/\\\/www.versiegelung24.com\\\/es\\\/?s={search_term_string}\"},\"query-input\":{\"@type\":\"PropertyValueSpecification\",\"valueRequired\":true,\"valueName\":\"search_term_string\"}}],\"inLanguage\":\"es\"},{\"@type\":\"Organization\",\"@id\":\"https:\\\/\\\/www.versiegelung24.com\\\/es\\\/#organization\",\"name\":\"versiegelung24\",\"url\":\"https:\\\/\\\/www.versiegelung24.com\\\/es\\\/\",\"logo\":{\"@type\":\"ImageObject\",\"inLanguage\":\"es\",\"@id\":\"https:\\\/\\\/www.versiegelung24.com\\\/es\\\/#\\\/schema\\\/logo\\\/image\\\/\",\"url\":\"https:\\\/\\\/www.versiegelung24.com\\\/wp-content\\\/uploads\\\/2020\\\/04\\\/versiegelung24.png\",\"contentUrl\":\"https:\\\/\\\/www.versiegelung24.com\\\/wp-content\\\/uploads\\\/2020\\\/04\\\/versiegelung24.png\",\"width\":470,\"height\":102,\"caption\":\"versiegelung24\"},\"image\":{\"@id\":\"https:\\\/\\\/www.versiegelung24.com\\\/es\\\/#\\\/schema\\\/logo\\\/image\\\/\"}}]}<\/script>\n<meta property=\"product:price:amount\" content=\"89.99\" \/>\n<meta property=\"product:price:currency\" content=\"EUR\" \/>\n<meta property=\"og:availability\" content=\"backorder\" \/>\n<meta property=\"product:availability\" content=\"available for order\" \/>\n<meta property=\"product:retailer_item_id\" content=\"3009-8637-1\" \/>\n<meta property=\"product:condition\" content=\"new\" \/>\n<!-- \/ Yoast SEO Premium plugin. -->","yoast_head_json":{"title":"Monument Stone - Sellador de vidrio l\u00edquido para piedra y concreto - versiegelung24.com","robots":{"index":"index","follow":"follow","max-snippet":"max-snippet:-1","max-image-preview":"max-image-preview:large","max-video-preview":"max-video-preview:-1"},"canonical":"https:\/\/www.versiegelung24.com\/es\/monumento-piedra-piedra-y-hormigon-sellado-de-alto-rendimiento.html","og_locale":"es_ES","og_type":"article","og_title":"Monument Stone - Sellador de vidrio l\u00edquido para piedra y concreto","og_description":"Sellador de vidrio l\u00edquido que repele el aceite, el agua y la suciedad para superficies de piedra y hormig\u00f3n \u2713 Protecci\u00f3n a largo plazo a trav\u00e9s de la uni\u00f3n qu\u00edmica del sustrato \u2713 Altamente repelente al aceite, al agua y a la suciedad \u2713 Protecci\u00f3n a largo plazo en piedra monumental \u2713 Reducci\u00f3n del crecimiento de algas y musgo \u2713 Efecto antiadherente","og_url":"https:\/\/www.versiegelung24.com\/es\/monumento-piedra-piedra-y-hormigon-sellado-de-alto-rendimiento.html","og_site_name":"versiegelung24.com","article_modified_time":"2025-03-20T08:53:48+00:00","og_image":[{"width":2560,"height":2560,"url":"https:\/\/www.versiegelung24.com\/wp-content\/uploads\/2020\/06\/produkt-3009-7637-1000-Monument-Stone-scaled.jpg","type":"image\/jpeg"}],"twitter_card":"summary_large_image","twitter_misc":{"Precio":"89,99&euro;","Disponibilidad":"Disponible para reservar"},"schema":{"@context":"https:\/\/schema.org","@graph":[{"@type":"WebPage","@id":"https:\/\/www.versiegelung24.com\/es\/monumento-piedra-piedra-y-hormigon-sellado-de-alto-rendimiento.html","url":"https:\/\/www.versiegelung24.com\/es\/monumento-piedra-piedra-y-hormigon-sellado-de-alto-rendimiento.html","name":"Monument Stone - Sellador de vidrio l\u00edquido para piedra y concreto - versiegelung24.com","isPartOf":{"@id":"https:\/\/www.versiegelung24.com\/es\/#website"},"primaryImageOfPage":{"@id":"https:\/\/www.versiegelung24.com\/es\/monumento-piedra-piedra-y-hormigon-sellado-de-alto-rendimiento.html#primaryimage"},"image":{"@id":"https:\/\/www.versiegelung24.com\/es\/monumento-piedra-piedra-y-hormigon-sellado-de-alto-rendimiento.html#primaryimage"},"thumbnailUrl":"https:\/\/www.versiegelung24.com\/wp-content\/uploads\/2020\/06\/produkt-3009-7637-1000-Monument-Stone-scaled.jpg","datePublished":"2021-08-02T20:24:29+00:00","dateModified":"2025-03-20T08:53:48+00:00","breadcrumb":{"@id":"https:\/\/www.versiegelung24.com\/es\/monumento-piedra-piedra-y-hormigon-sellado-de-alto-rendimiento.html#breadcrumb"},"inLanguage":"es","potentialAction":[{"@type":"ReadAction","target":["https:\/\/www.versiegelung24.com\/es\/monumento-piedra-piedra-y-hormigon-sellado-de-alto-rendimiento.html"]}]},{"@type":"ImageObject","inLanguage":"es","@id":"https:\/\/www.versiegelung24.com\/es\/monumento-piedra-piedra-y-hormigon-sellado-de-alto-rendimiento.html#primaryimage","url":"https:\/\/www.versiegelung24.com\/wp-content\/uploads\/2020\/06\/produkt-3009-7637-1000-Monument-Stone-scaled.jpg","contentUrl":"https:\/\/www.versiegelung24.com\/wp-content\/uploads\/2020\/06\/produkt-3009-7637-1000-Monument-Stone-scaled.jpg","width":2560,"height":2560},{"@type":"BreadcrumbList","@id":"https:\/\/www.versiegelung24.com\/es\/monumento-piedra-piedra-y-hormigon-sellado-de-alto-rendimiento.html#breadcrumb","itemListElement":[{"@type":"ListItem","position":1,"name":"P\u00e1gina web","item":"https:\/\/www.versiegelung24.com\/es\/frontal\/"},{"@type":"ListItem","position":2,"name":"Tienda","item":"https:\/\/www.versiegelung24.com\/es\/tienda\/"},{"@type":"ListItem","position":3,"name":"Monument Stone &#8211; Sellador de vidrio l\u00edquido para piedra y concreto"}]},{"@type":"WebSite","@id":"https:\/\/www.versiegelung24.com\/es\/#website","url":"https:\/\/www.versiegelung24.com\/es\/","name":"versiegelung24.com","description":"Fl\u00fcssigglas-Versiegelung - Made in Germany","publisher":{"@id":"https:\/\/www.versiegelung24.com\/es\/#organization"},"potentialAction":[{"@type":"SearchAction","target":{"@type":"EntryPoint","urlTemplate":"https:\/\/www.versiegelung24.com\/es\/?s={search_term_string}"},"query-input":{"@type":"PropertyValueSpecification","valueRequired":true,"valueName":"search_term_string"}}],"inLanguage":"es"},{"@type":"Organization","@id":"https:\/\/www.versiegelung24.com\/es\/#organization","name":"versiegelung24","url":"https:\/\/www.versiegelung24.com\/es\/","logo":{"@type":"ImageObject","inLanguage":"es","@id":"https:\/\/www.versiegelung24.com\/es\/#\/schema\/logo\/image\/","url":"https:\/\/www.versiegelung24.com\/wp-content\/uploads\/2020\/04\/versiegelung24.png","contentUrl":"https:\/\/www.versiegelung24.com\/wp-content\/uploads\/2020\/04\/versiegelung24.png","width":470,"height":102,"caption":"versiegelung24"},"image":{"@id":"https:\/\/www.versiegelung24.com\/es\/#\/schema\/logo\/image\/"}}]},"product_price_amount":"89.99","product_price_currency":"EUR","og_availability":"backorder","product_availability":"available for order","product_retailer_item_id":"3009-8637-1","product_condition":"new"},"_links":{"self":[{"href":"https:\/\/www.versiegelung24.com\/es\/wp-json\/wp\/v2\/product\/24099","targetHints":{"allow":["GET"]}}],"collection":[{"href":"https:\/\/www.versiegelung24.com\/es\/wp-json\/wp\/v2\/product"}],"about":[{"href":"https:\/\/www.versiegelung24.com\/es\/wp-json\/wp\/v2\/types\/product"}],"version-history":[{"count":24,"href":"https:\/\/www.versiegelung24.com\/es\/wp-json\/wp\/v2\/product\/24099\/revisions"}],"predecessor-version":[{"id":181037,"href":"https:\/\/www.versiegelung24.com\/es\/wp-json\/wp\/v2\/product\/24099\/revisions\/181037"}],"wp:featuredmedia":[{"embeddable":true,"href":"https:\/\/www.versiegelung24.com\/es\/wp-json\/wp\/v2\/media\/18154"}],"wp:attachment":[{"href":"https:\/\/www.versiegelung24.com\/es\/wp-json\/wp\/v2\/media?parent=24099"}],"wp:term":[{"taxonomy":"product_brand","embeddable":true,"href":"https:\/\/www.versiegelung24.com\/es\/wp-json\/wp\/v2\/product_brand?post=24099"},{"taxonomy":"product_cat","embeddable":true,"href":"https:\/\/www.versiegelung24.com\/es\/wp-json\/wp\/v2\/product_cat?post=24099"},{"taxonomy":"product_tag","embeddable":true,"href":"https:\/\/www.versiegelung24.com\/es\/wp-json\/wp\/v2\/product_tag?post=24099"}],"curies":[{"name":"wp","href":"https:\/\/api.w.org\/{rel}","templated":true}]}}