{"id":24200,"date":"2020-04-04T18:53:46","date_gmt":"2021-08-02T20:33:22","guid":{"rendered":"https:\/\/www.versiegelung24.com\/produkt\/sellado-de-vidrio-liquido-para-telefonos-celulares-protector-de-pantalla-liquido"},"modified":"2025-01-06T15:11:29","modified_gmt":"2025-01-06T14:11:29","slug":"liquido-vidrio-celular-sellado-liquido-proteccion-pantalla","status":"publish","type":"product","link":"https:\/\/www.versiegelung24.com\/es\/liquido-vidrio-celular-sellado-liquido-proteccion-pantalla.html","title":{"rendered":"Sellado de vidrio l\u00edquido para tel\u00e9fonos celulares &#8211; protector de pantalla l\u00edquido"},"content":{"rendered":"\n<p><strong>Revestimiento de vidrio l\u00edquido de alta eficacia para pantallas de tel\u00e9fonos m\u00f3viles: nanoprotecci\u00f3n contra ara\u00f1azos, bacterias, radiaci\u00f3n, suciedad y humedad<\/strong><\/p>\n\n<p>Alta calidad: fabricado en Alemania.<\/p>\n\n<hr\/>\n\n<h4 class=\"wp-block-heading\" id=\"properties\">Caracter\u00edsticas del producto<\/h4>\n\n<div class=\"wp-block-columns is-layout-flex wp-container-core-columns-is-layout-9d6595d7 wp-block-columns-is-layout-flex\">\n<div class=\"wp-block-column is-layout-flow wp-block-column-is-layout-flow\">\n<ul class=\"wp-block-list\"><li>Muy f\u00e1cil de aplicar<\/li><li>Apto para todos los modelos de tel\u00e9fonos celulares, tabletas, tel\u00e9fonos inteligentes. Incluyendo &#8220;Edge&#8221;<\/li><li>Totalmente invisible y sin burbujas<\/li><li>Protecci\u00f3n contra rayones contra micro rayones<\/li><li>Totalmente invisible y sin burbujas<\/li><li>Inhibe el crecimiento bacteriano<\/li><\/ul>\n<\/div>\n\n\n\n<div class=\"wp-block-column is-layout-flow wp-block-column-is-layout-flow\">\n<ul class=\"wp-block-list\" id=\"block-f0da57e8-d3f5-402c-8f3a-1888e700b7ff\"><li>Reduce las huellas dactilares<\/li><li>Reduce la radiaci\u00f3n gamma<\/li><li>La superficie se vuelve muy f\u00e1cil de limpiar<\/li><li>Sin perjuicio de las funciones t\u00e1ctiles y de botones, el desplazamiento se vuelve m\u00e1s agradable<\/li><li>Puede conservarse durante muchos meses.<\/li><\/ul>\n<\/div>\n<\/div>\n\n<p>Alcance de la entrega:<\/p>\n\n<p>2 pa\u00f1os de limpieza previa con alcohol y 2 pa\u00f1os de sellado de vidrio l\u00edquido para pantallas t\u00e1ctiles (vidrio y pl\u00e1stico, cada uno de aproximadamente 0,5 m\u00b2) 1 pa\u00f1o de microfibra, 2 guantes de protecci\u00f3n<\/p>\n","protected":false},"excerpt":{"rendered":"<p><strong>Suficiente para 2 dispositivos:<\/strong><\/p>\n<p>\u2713 Protector de pantalla de sellado de tel\u00e9fono celular de vidrio l\u00edquido<\/p>\n<p>\u2713 Revestimiento nano<\/p>\n<p>\u2713 100% libre de burbujas.<\/p>\n","protected":false},"featured_media":13246,"template":"","meta":{"_acf_changed":false,"neve_meta_sidebar":"","neve_meta_container":"","neve_meta_enable_content_width":"","neve_meta_content_width":0,"neve_meta_title_alignment":"","neve_meta_author_avatar":"","neve_post_elements_order":"","neve_meta_disable_header":"","neve_meta_disable_footer":"","neve_meta_disable_title":"","neve_meta_reading_time":"","_surfaces":[],"_ver_product_tabs":[],"footnotes":""},"product_brand":[],"product_cat":[2379,2382],"product_tag":[],"class_list":{"0":"post-24200","1":"product","2":"type-product","3":"status-publish","4":"has-post-thumbnail","6":"product_cat-sellado-para-vidrio-y-ceramica","7":"product_cat-sellado-de-metal-y-plastico","9":"first","10":"instock","11":"taxable","12":"shipping-taxable","13":"purchasable","14":"product-type-simple"},"acf":[],"yoast_head":"<!-- This site is optimized with the Yoast SEO Premium plugin v22.8 (Yoast SEO v27.5) - https:\/\/yoast.com\/product\/yoast-seo-premium-wordpress\/ -->\n<title>Sellado de vidrio l\u00edquido para tel\u00e9fonos celulares - protector de pantalla l\u00edquido - versiegelung24.com<\/title>\n<meta name=\"robots\" content=\"index, follow, max-snippet:-1, max-image-preview:large, max-video-preview:-1\" \/>\n<link rel=\"canonical\" href=\"https:\/\/www.versiegelung24.com\/es\/liquido-vidrio-celular-sellado-liquido-proteccion-pantalla.html\" \/>\n<meta property=\"og:locale\" content=\"es_ES\" \/>\n<meta property=\"og:type\" content=\"article\" \/>\n<meta property=\"og:title\" content=\"Sellado de vidrio l\u00edquido para tel\u00e9fonos celulares - protector de pantalla l\u00edquido\" \/>\n<meta property=\"og:description\" content=\"Suficiente para 2 dispositivos: \u2713 Protector de pantalla de sellado de tel\u00e9fono celular de vidrio l\u00edquido \u2713 Revestimiento nano \u2713 100% libre de burbujas.\" \/>\n<meta property=\"og:url\" content=\"https:\/\/www.versiegelung24.com\/es\/liquido-vidrio-celular-sellado-liquido-proteccion-pantalla.html\" \/>\n<meta property=\"og:site_name\" content=\"versiegelung24.com\" \/>\n<meta property=\"article:modified_time\" content=\"2025-01-06T14:11:29+00:00\" \/>\n<meta property=\"og:image\" content=\"https:\/\/www.versiegelung24.com\/wp-content\/uploads\/2020\/04\/handy-versiegelung-web.jpg\" \/>\n\t<meta property=\"og:image:width\" content=\"1500\" \/>\n\t<meta property=\"og:image:height\" content=\"1500\" \/>\n\t<meta property=\"og:image:type\" content=\"image\/jpeg\" \/>\n<meta name=\"twitter:card\" content=\"summary_large_image\" \/>\n<meta name=\"twitter:label1\" content=\"Precio\" \/>\n\t<meta name=\"twitter:data1\" content=\"9,99&euro;\" \/>\n\t<meta name=\"twitter:label2\" content=\"Disponibilidad\" \/>\n\t<meta name=\"twitter:data2\" content=\"Disponible\" \/>\n<script type=\"application\/ld+json\" class=\"yoast-schema-graph\">{\"@context\":\"https:\\\/\\\/schema.org\",\"@graph\":[{\"@type\":\"WebPage\",\"@id\":\"https:\\\/\\\/www.versiegelung24.com\\\/es\\\/liquido-vidrio-celular-sellado-liquido-proteccion-pantalla.html\",\"url\":\"https:\\\/\\\/www.versiegelung24.com\\\/es\\\/liquido-vidrio-celular-sellado-liquido-proteccion-pantalla.html\",\"name\":\"Sellado de vidrio l\u00edquido para tel\u00e9fonos celulares - protector de pantalla l\u00edquido - versiegelung24.com\",\"isPartOf\":{\"@id\":\"https:\\\/\\\/www.versiegelung24.com\\\/es\\\/#website\"},\"primaryImageOfPage\":{\"@id\":\"https:\\\/\\\/www.versiegelung24.com\\\/es\\\/liquido-vidrio-celular-sellado-liquido-proteccion-pantalla.html#primaryimage\"},\"image\":{\"@id\":\"https:\\\/\\\/www.versiegelung24.com\\\/es\\\/liquido-vidrio-celular-sellado-liquido-proteccion-pantalla.html#primaryimage\"},\"thumbnailUrl\":\"https:\\\/\\\/www.versiegelung24.com\\\/wp-content\\\/uploads\\\/2020\\\/04\\\/handy-versiegelung-web.jpg\",\"datePublished\":\"2021-08-02T20:33:22+00:00\",\"dateModified\":\"2025-01-06T14:11:29+00:00\",\"breadcrumb\":{\"@id\":\"https:\\\/\\\/www.versiegelung24.com\\\/es\\\/liquido-vidrio-celular-sellado-liquido-proteccion-pantalla.html#breadcrumb\"},\"inLanguage\":\"es\",\"potentialAction\":[{\"@type\":\"ReadAction\",\"target\":[\"https:\\\/\\\/www.versiegelung24.com\\\/es\\\/liquido-vidrio-celular-sellado-liquido-proteccion-pantalla.html\"]}]},{\"@type\":\"ImageObject\",\"inLanguage\":\"es\",\"@id\":\"https:\\\/\\\/www.versiegelung24.com\\\/es\\\/liquido-vidrio-celular-sellado-liquido-proteccion-pantalla.html#primaryimage\",\"url\":\"https:\\\/\\\/www.versiegelung24.com\\\/wp-content\\\/uploads\\\/2020\\\/04\\\/handy-versiegelung-web.jpg\",\"contentUrl\":\"https:\\\/\\\/www.versiegelung24.com\\\/wp-content\\\/uploads\\\/2020\\\/04\\\/handy-versiegelung-web.jpg\",\"width\":1500,\"height\":1500},{\"@type\":\"BreadcrumbList\",\"@id\":\"https:\\\/\\\/www.versiegelung24.com\\\/es\\\/liquido-vidrio-celular-sellado-liquido-proteccion-pantalla.html#breadcrumb\",\"itemListElement\":[{\"@type\":\"ListItem\",\"position\":1,\"name\":\"P\u00e1gina web\",\"item\":\"https:\\\/\\\/www.versiegelung24.com\\\/es\\\/frontal\\\/\"},{\"@type\":\"ListItem\",\"position\":2,\"name\":\"Tienda\",\"item\":\"https:\\\/\\\/www.versiegelung24.com\\\/es\\\/tienda\\\/\"},{\"@type\":\"ListItem\",\"position\":3,\"name\":\"Sellado de vidrio l\u00edquido para tel\u00e9fonos celulares &#8211; protector de pantalla l\u00edquido\"}]},{\"@type\":\"WebSite\",\"@id\":\"https:\\\/\\\/www.versiegelung24.com\\\/es\\\/#website\",\"url\":\"https:\\\/\\\/www.versiegelung24.com\\\/es\\\/\",\"name\":\"versiegelung24.com\",\"description\":\"Fl\u00fcssigglas-Versiegelung - Made in Germany\",\"publisher\":{\"@id\":\"https:\\\/\\\/www.versiegelung24.com\\\/es\\\/#organization\"},\"potentialAction\":[{\"@type\":\"SearchAction\",\"target\":{\"@type\":\"EntryPoint\",\"urlTemplate\":\"https:\\\/\\\/www.versiegelung24.com\\\/es\\\/?s={search_term_string}\"},\"query-input\":{\"@type\":\"PropertyValueSpecification\",\"valueRequired\":true,\"valueName\":\"search_term_string\"}}],\"inLanguage\":\"es\"},{\"@type\":\"Organization\",\"@id\":\"https:\\\/\\\/www.versiegelung24.com\\\/es\\\/#organization\",\"name\":\"versiegelung24\",\"url\":\"https:\\\/\\\/www.versiegelung24.com\\\/es\\\/\",\"logo\":{\"@type\":\"ImageObject\",\"inLanguage\":\"es\",\"@id\":\"https:\\\/\\\/www.versiegelung24.com\\\/es\\\/#\\\/schema\\\/logo\\\/image\\\/\",\"url\":\"https:\\\/\\\/www.versiegelung24.com\\\/wp-content\\\/uploads\\\/2020\\\/04\\\/versiegelung24.png\",\"contentUrl\":\"https:\\\/\\\/www.versiegelung24.com\\\/wp-content\\\/uploads\\\/2020\\\/04\\\/versiegelung24.png\",\"width\":470,\"height\":102,\"caption\":\"versiegelung24\"},\"image\":{\"@id\":\"https:\\\/\\\/www.versiegelung24.com\\\/es\\\/#\\\/schema\\\/logo\\\/image\\\/\"}}]}<\/script>\n<meta property=\"product:price:amount\" content=\"9.99\" \/>\n<meta property=\"product:price:currency\" content=\"EUR\" \/>\n<meta property=\"og:availability\" content=\"instock\" \/>\n<meta property=\"product:availability\" content=\"instock\" \/>\n<meta property=\"product:retailer_item_id\" content=\"4008-901\" \/>\n<meta property=\"product:condition\" content=\"new\" \/>\n<!-- \/ Yoast SEO Premium plugin. -->","yoast_head_json":{"title":"Sellado de vidrio l\u00edquido para tel\u00e9fonos celulares - protector de pantalla l\u00edquido - versiegelung24.com","robots":{"index":"index","follow":"follow","max-snippet":"max-snippet:-1","max-image-preview":"max-image-preview:large","max-video-preview":"max-video-preview:-1"},"canonical":"https:\/\/www.versiegelung24.com\/es\/liquido-vidrio-celular-sellado-liquido-proteccion-pantalla.html","og_locale":"es_ES","og_type":"article","og_title":"Sellado de vidrio l\u00edquido para tel\u00e9fonos celulares - protector de pantalla l\u00edquido","og_description":"Suficiente para 2 dispositivos: \u2713 Protector de pantalla de sellado de tel\u00e9fono celular de vidrio l\u00edquido \u2713 Revestimiento nano \u2713 100% libre de burbujas.","og_url":"https:\/\/www.versiegelung24.com\/es\/liquido-vidrio-celular-sellado-liquido-proteccion-pantalla.html","og_site_name":"versiegelung24.com","article_modified_time":"2025-01-06T14:11:29+00:00","og_image":[{"width":1500,"height":1500,"url":"https:\/\/www.versiegelung24.com\/wp-content\/uploads\/2020\/04\/handy-versiegelung-web.jpg","type":"image\/jpeg"}],"twitter_card":"summary_large_image","twitter_misc":{"Precio":"9,99&euro;","Disponibilidad":"Disponible"},"schema":{"@context":"https:\/\/schema.org","@graph":[{"@type":"WebPage","@id":"https:\/\/www.versiegelung24.com\/es\/liquido-vidrio-celular-sellado-liquido-proteccion-pantalla.html","url":"https:\/\/www.versiegelung24.com\/es\/liquido-vidrio-celular-sellado-liquido-proteccion-pantalla.html","name":"Sellado de vidrio l\u00edquido para tel\u00e9fonos celulares - protector de pantalla l\u00edquido - versiegelung24.com","isPartOf":{"@id":"https:\/\/www.versiegelung24.com\/es\/#website"},"primaryImageOfPage":{"@id":"https:\/\/www.versiegelung24.com\/es\/liquido-vidrio-celular-sellado-liquido-proteccion-pantalla.html#primaryimage"},"image":{"@id":"https:\/\/www.versiegelung24.com\/es\/liquido-vidrio-celular-sellado-liquido-proteccion-pantalla.html#primaryimage"},"thumbnailUrl":"https:\/\/www.versiegelung24.com\/wp-content\/uploads\/2020\/04\/handy-versiegelung-web.jpg","datePublished":"2021-08-02T20:33:22+00:00","dateModified":"2025-01-06T14:11:29+00:00","breadcrumb":{"@id":"https:\/\/www.versiegelung24.com\/es\/liquido-vidrio-celular-sellado-liquido-proteccion-pantalla.html#breadcrumb"},"inLanguage":"es","potentialAction":[{"@type":"ReadAction","target":["https:\/\/www.versiegelung24.com\/es\/liquido-vidrio-celular-sellado-liquido-proteccion-pantalla.html"]}]},{"@type":"ImageObject","inLanguage":"es","@id":"https:\/\/www.versiegelung24.com\/es\/liquido-vidrio-celular-sellado-liquido-proteccion-pantalla.html#primaryimage","url":"https:\/\/www.versiegelung24.com\/wp-content\/uploads\/2020\/04\/handy-versiegelung-web.jpg","contentUrl":"https:\/\/www.versiegelung24.com\/wp-content\/uploads\/2020\/04\/handy-versiegelung-web.jpg","width":1500,"height":1500},{"@type":"BreadcrumbList","@id":"https:\/\/www.versiegelung24.com\/es\/liquido-vidrio-celular-sellado-liquido-proteccion-pantalla.html#breadcrumb","itemListElement":[{"@type":"ListItem","position":1,"name":"P\u00e1gina web","item":"https:\/\/www.versiegelung24.com\/es\/frontal\/"},{"@type":"ListItem","position":2,"name":"Tienda","item":"https:\/\/www.versiegelung24.com\/es\/tienda\/"},{"@type":"ListItem","position":3,"name":"Sellado de vidrio l\u00edquido para tel\u00e9fonos celulares &#8211; protector de pantalla l\u00edquido"}]},{"@type":"WebSite","@id":"https:\/\/www.versiegelung24.com\/es\/#website","url":"https:\/\/www.versiegelung24.com\/es\/","name":"versiegelung24.com","description":"Fl\u00fcssigglas-Versiegelung - Made in Germany","publisher":{"@id":"https:\/\/www.versiegelung24.com\/es\/#organization"},"potentialAction":[{"@type":"SearchAction","target":{"@type":"EntryPoint","urlTemplate":"https:\/\/www.versiegelung24.com\/es\/?s={search_term_string}"},"query-input":{"@type":"PropertyValueSpecification","valueRequired":true,"valueName":"search_term_string"}}],"inLanguage":"es"},{"@type":"Organization","@id":"https:\/\/www.versiegelung24.com\/es\/#organization","name":"versiegelung24","url":"https:\/\/www.versiegelung24.com\/es\/","logo":{"@type":"ImageObject","inLanguage":"es","@id":"https:\/\/www.versiegelung24.com\/es\/#\/schema\/logo\/image\/","url":"https:\/\/www.versiegelung24.com\/wp-content\/uploads\/2020\/04\/versiegelung24.png","contentUrl":"https:\/\/www.versiegelung24.com\/wp-content\/uploads\/2020\/04\/versiegelung24.png","width":470,"height":102,"caption":"versiegelung24"},"image":{"@id":"https:\/\/www.versiegelung24.com\/es\/#\/schema\/logo\/image\/"}}]},"product_price_amount":"9.99","product_price_currency":"EUR","og_availability":"instock","product_availability":"instock","product_retailer_item_id":"4008-901","product_condition":"new"},"_links":{"self":[{"href":"https:\/\/www.versiegelung24.com\/es\/wp-json\/wp\/v2\/product\/24200","targetHints":{"allow":["GET"]}}],"collection":[{"href":"https:\/\/www.versiegelung24.com\/es\/wp-json\/wp\/v2\/product"}],"about":[{"href":"https:\/\/www.versiegelung24.com\/es\/wp-json\/wp\/v2\/types\/product"}],"version-history":[{"count":10,"href":"https:\/\/www.versiegelung24.com\/es\/wp-json\/wp\/v2\/product\/24200\/revisions"}],"predecessor-version":[{"id":180189,"href":"https:\/\/www.versiegelung24.com\/es\/wp-json\/wp\/v2\/product\/24200\/revisions\/180189"}],"wp:featuredmedia":[{"embeddable":true,"href":"https:\/\/www.versiegelung24.com\/es\/wp-json\/wp\/v2\/media\/13246"}],"wp:attachment":[{"href":"https:\/\/www.versiegelung24.com\/es\/wp-json\/wp\/v2\/media?parent=24200"}],"wp:term":[{"taxonomy":"product_brand","embeddable":true,"href":"https:\/\/www.versiegelung24.com\/es\/wp-json\/wp\/v2\/product_brand?post=24200"},{"taxonomy":"product_cat","embeddable":true,"href":"https:\/\/www.versiegelung24.com\/es\/wp-json\/wp\/v2\/product_cat?post=24200"},{"taxonomy":"product_tag","embeddable":true,"href":"https:\/\/www.versiegelung24.com\/es\/wp-json\/wp\/v2\/product_tag?post=24200"}],"curies":[{"name":"wp","href":"https:\/\/api.w.org\/{rel}","templated":true}]}}