{"id":24441,"date":"2020-05-23T17:02:37","date_gmt":"2021-08-02T20:43:56","guid":{"rendered":"https:\/\/www.versiegelung24.com\/produkt\/desinfectante-de-manos-dexan-bote-de-5-litros"},"modified":"2025-01-13T16:40:51","modified_gmt":"2025-01-13T15:40:51","slug":"desinfectante-de-manos-dexan-bote-de-5-litros","status":"publish","type":"product","link":"https:\/\/www.versiegelung24.com\/es\/desinfectante-de-manos-dexan-bote-de-5-litros.html","title":{"rendered":"Desinfectante de manos Dexan bote de 5 litros"},"content":{"rendered":"\n<h2 class=\"wp-block-heading\" id=\"gebrauchsfertige-alkoholbasierte-handedesinfektion-mit-pflegekomponente-aloe-vera\">Desinfecci\u00f3n de manos lista para usar a base de alcohol con componentes de cuidado (aloe vera)<\/h2>\n\n<p>Virucida limitado (virus envueltos <strong>Incl. Coronavirus<\/strong>, VIH, VHB, VHC, influenza, herpes, virus del \u00c9bola, etc.)<\/p>\n\n<hr \/>\n\n<h4 class=\"wp-block-heading\" id=\"properties\">Caracter\u00edsticas del producto<\/h4>\n\n<div class=\"wp-block-columns is-layout-flex wp-container-core-columns-is-layout-9d6595d7 wp-block-columns-is-layout-flex\">\n<div class=\"wp-block-column is-layout-flow wp-block-column-is-layout-flow\">\n<p><br \/>E<strong>ficacia:<\/strong> Probado seg\u00fan las normas hospitalarias europeas: EN 1040, EN 1275, EN 1276, EN 1500: 1 min; prEN 12054: 30s. Virucida limitado (virus envueltos que incluyen coronavirus, VIH, VHB, VHC, influenza, herpes, virus del \u00c9bola, etc.) seg\u00fan la directriz DVV \/ RKI: 15 s.<\/p>\n<\/div>\n\n\n\n<div class=\"wp-block-column is-layout-flow wp-block-column-is-layout-flow\">\n<p><br \/>U<strong>so previsto:<\/strong> Para la desinfecci\u00f3n higi\u00e9nica de las manos.<\/p>\n\n\n\n<p><br \/>100 g contienen: 50,0 g de etanol, 10,0 g de isopropanol, 0,10 g de cloruro de benzalconio, agua purificada, extracto de aloe vera.<\/p>\n<\/div>\n<\/div>\n\n<hr \/>\n\n<h4 class=\"wp-block-heading\" id=\"application\">Aplicaci\u00f3n<\/h4>\n\n<p>Ponga suficiente Dexan en la mano ahuecada seca para que todas las \u00e1reas de las manos queden completamente cubiertas con la preparaci\u00f3n. Frote bien las manos, mantenga las manos h\u00famedas durante el tiempo de frotaci\u00f3n.<\/p>\n\n<hr \/>\n\n<h4 class=\"wp-block-heading\" id=\"advisor\">Consejero<\/h4>\n\n<p><br \/>C<strong>onsejos de seguridad:<\/strong> L\u00edquido y vapores muy inflamables. Provoca irritaci\u00f3n ocular grave. Mantener alejado del calor, superficies calientes, chispas, llamas abiertas y otras fuentes de ignici\u00f3n. No fumar. Mant\u00e9n el recipiente bien cerrado. EN CASO DE CONTACTO CON LOS OJOS: Aclarar cuidadosamente con agua durante varios minutos. Si es posible, qu\u00edtese las lentes de contacto. Seguir aclarando. Mantener fuera del alcance de los ni\u00f1os. N\u00ba Reg. Biocida: 75940 Utilizar el desinfectante con precauci\u00f3n. Lee siempre la etiqueta y la informaci\u00f3n del producto antes de usarlo.<\/p>\n","protected":false},"excerpt":{"rendered":"<p><strong>Desinfecci\u00f3n de manos a base de alcohol lista para usar:<\/strong><\/p>\n<p>\u2713 Con componente de cuidado (aloe vera)<\/p>\n<p>\u2713 Virucida limitado (virus envueltos, incluidos coronavirus, VIH, VHB, VHC, influenza, herpes, virus del \u00c9bola, etc.)<\/p>\n","protected":false},"featured_media":15796,"template":"","meta":{"_acf_changed":false,"neve_meta_sidebar":"","neve_meta_container":"","neve_meta_enable_content_width":"","neve_meta_content_width":0,"neve_meta_title_alignment":"","neve_meta_author_avatar":"","neve_post_elements_order":"","neve_meta_disable_header":"","neve_meta_disable_footer":"","neve_meta_disable_title":"","neve_meta_reading_time":"","_surfaces":[],"_ver_product_tabs":[],"footnotes":""},"product_brand":[],"product_cat":[2239,2753],"product_tag":[],"class_list":{"0":"post-24441","1":"product","2":"type-product","3":"status-publish","4":"has-post-thumbnail","6":"product_cat-desinfectantes","7":"product_cat-desinfectante-de-manos","9":"first","10":"onbackorder","11":"taxable","12":"shipping-taxable","13":"purchasable","14":"product-type-simple"},"acf":[],"yoast_head":"<!-- This site is optimized with the Yoast SEO Premium plugin v22.8 (Yoast SEO v27.5) - https:\/\/yoast.com\/product\/yoast-seo-premium-wordpress\/ -->\n<title>Desinfectante de manos Dexan bote de 5 litros - versiegelung24.com<\/title>\n<meta name=\"robots\" content=\"index, follow, max-snippet:-1, max-image-preview:large, max-video-preview:-1\" \/>\n<link rel=\"canonical\" href=\"https:\/\/www.versiegelung24.com\/es\/desinfectante-de-manos-dexan-bote-de-5-litros.html\" \/>\n<meta property=\"og:locale\" content=\"es_ES\" \/>\n<meta property=\"og:type\" content=\"article\" \/>\n<meta property=\"og:title\" content=\"Desinfectante de manos Dexan bote de 5 litros\" \/>\n<meta property=\"og:description\" content=\"Desinfecci\u00f3n de manos a base de alcohol lista para usar: \u2713 Con componente de cuidado (aloe vera) \u2713 Virucida limitado (virus envueltos, incluidos coronavirus, VIH, VHB, VHC, influenza, herpes, virus del \u00c9bola, etc.)\" \/>\n<meta property=\"og:url\" content=\"https:\/\/www.versiegelung24.com\/es\/desinfectante-de-manos-dexan-bote-de-5-litros.html\" \/>\n<meta property=\"og:site_name\" content=\"versiegelung24.com\" \/>\n<meta property=\"article:modified_time\" content=\"2025-01-13T15:40:51+00:00\" \/>\n<meta property=\"og:image\" content=\"https:\/\/www.versiegelung24.com\/wp-content\/uploads\/2020\/05\/dexan-5000ml-1.png\" \/>\n\t<meta property=\"og:image:width\" content=\"2000\" \/>\n\t<meta property=\"og:image:height\" content=\"2000\" \/>\n\t<meta property=\"og:image:type\" content=\"image\/png\" \/>\n<meta name=\"twitter:card\" content=\"summary_large_image\" \/>\n<meta name=\"twitter:label1\" content=\"Precio\" \/>\n\t<meta name=\"twitter:data1\" content=\"99,00&euro;\" \/>\n\t<meta name=\"twitter:label2\" content=\"Disponibilidad\" \/>\n\t<meta name=\"twitter:data2\" content=\"Disponible para reservar\" \/>\n<script type=\"application\/ld+json\" class=\"yoast-schema-graph\">{\"@context\":\"https:\\\/\\\/schema.org\",\"@graph\":[{\"@type\":\"WebPage\",\"@id\":\"https:\\\/\\\/www.versiegelung24.com\\\/es\\\/desinfectante-de-manos-dexan-bote-de-5-litros.html\",\"url\":\"https:\\\/\\\/www.versiegelung24.com\\\/es\\\/desinfectante-de-manos-dexan-bote-de-5-litros.html\",\"name\":\"Desinfectante de manos Dexan bote de 5 litros - versiegelung24.com\",\"isPartOf\":{\"@id\":\"https:\\\/\\\/www.versiegelung24.com\\\/es\\\/#website\"},\"primaryImageOfPage\":{\"@id\":\"https:\\\/\\\/www.versiegelung24.com\\\/es\\\/desinfectante-de-manos-dexan-bote-de-5-litros.html#primaryimage\"},\"image\":{\"@id\":\"https:\\\/\\\/www.versiegelung24.com\\\/es\\\/desinfectante-de-manos-dexan-bote-de-5-litros.html#primaryimage\"},\"thumbnailUrl\":\"https:\\\/\\\/www.versiegelung24.com\\\/wp-content\\\/uploads\\\/2020\\\/05\\\/dexan-5000ml-1.png\",\"datePublished\":\"2021-08-02T20:43:56+00:00\",\"dateModified\":\"2025-01-13T15:40:51+00:00\",\"breadcrumb\":{\"@id\":\"https:\\\/\\\/www.versiegelung24.com\\\/es\\\/desinfectante-de-manos-dexan-bote-de-5-litros.html#breadcrumb\"},\"inLanguage\":\"es\",\"potentialAction\":[{\"@type\":\"ReadAction\",\"target\":[\"https:\\\/\\\/www.versiegelung24.com\\\/es\\\/desinfectante-de-manos-dexan-bote-de-5-litros.html\"]}]},{\"@type\":\"ImageObject\",\"inLanguage\":\"es\",\"@id\":\"https:\\\/\\\/www.versiegelung24.com\\\/es\\\/desinfectante-de-manos-dexan-bote-de-5-litros.html#primaryimage\",\"url\":\"https:\\\/\\\/www.versiegelung24.com\\\/wp-content\\\/uploads\\\/2020\\\/05\\\/dexan-5000ml-1.png\",\"contentUrl\":\"https:\\\/\\\/www.versiegelung24.com\\\/wp-content\\\/uploads\\\/2020\\\/05\\\/dexan-5000ml-1.png\",\"width\":2000,\"height\":2000},{\"@type\":\"BreadcrumbList\",\"@id\":\"https:\\\/\\\/www.versiegelung24.com\\\/es\\\/desinfectante-de-manos-dexan-bote-de-5-litros.html#breadcrumb\",\"itemListElement\":[{\"@type\":\"ListItem\",\"position\":1,\"name\":\"P\u00e1gina web\",\"item\":\"https:\\\/\\\/www.versiegelung24.com\\\/es\\\/frontal\\\/\"},{\"@type\":\"ListItem\",\"position\":2,\"name\":\"Tienda\",\"item\":\"https:\\\/\\\/www.versiegelung24.com\\\/es\\\/tienda\\\/\"},{\"@type\":\"ListItem\",\"position\":3,\"name\":\"Desinfectante de manos Dexan bote de 5 litros\"}]},{\"@type\":\"WebSite\",\"@id\":\"https:\\\/\\\/www.versiegelung24.com\\\/es\\\/#website\",\"url\":\"https:\\\/\\\/www.versiegelung24.com\\\/es\\\/\",\"name\":\"versiegelung24.com\",\"description\":\"Fl\u00fcssigglas-Versiegelung - Made in Germany\",\"publisher\":{\"@id\":\"https:\\\/\\\/www.versiegelung24.com\\\/es\\\/#organization\"},\"potentialAction\":[{\"@type\":\"SearchAction\",\"target\":{\"@type\":\"EntryPoint\",\"urlTemplate\":\"https:\\\/\\\/www.versiegelung24.com\\\/es\\\/?s={search_term_string}\"},\"query-input\":{\"@type\":\"PropertyValueSpecification\",\"valueRequired\":true,\"valueName\":\"search_term_string\"}}],\"inLanguage\":\"es\"},{\"@type\":\"Organization\",\"@id\":\"https:\\\/\\\/www.versiegelung24.com\\\/es\\\/#organization\",\"name\":\"versiegelung24\",\"url\":\"https:\\\/\\\/www.versiegelung24.com\\\/es\\\/\",\"logo\":{\"@type\":\"ImageObject\",\"inLanguage\":\"es\",\"@id\":\"https:\\\/\\\/www.versiegelung24.com\\\/es\\\/#\\\/schema\\\/logo\\\/image\\\/\",\"url\":\"https:\\\/\\\/www.versiegelung24.com\\\/wp-content\\\/uploads\\\/2020\\\/04\\\/versiegelung24.png\",\"contentUrl\":\"https:\\\/\\\/www.versiegelung24.com\\\/wp-content\\\/uploads\\\/2020\\\/04\\\/versiegelung24.png\",\"width\":470,\"height\":102,\"caption\":\"versiegelung24\"},\"image\":{\"@id\":\"https:\\\/\\\/www.versiegelung24.com\\\/es\\\/#\\\/schema\\\/logo\\\/image\\\/\"}}]}<\/script>\n<meta property=\"product:price:amount\" content=\"99.00\" \/>\n<meta property=\"product:price:currency\" content=\"EUR\" \/>\n<meta property=\"og:availability\" content=\"backorder\" \/>\n<meta property=\"product:availability\" content=\"available for order\" \/>\n<meta property=\"product:retailer_item_id\" content=\"dexan-5000\" \/>\n<meta property=\"product:condition\" content=\"new\" \/>\n<!-- \/ Yoast SEO Premium plugin. -->","yoast_head_json":{"title":"Desinfectante de manos Dexan bote de 5 litros - versiegelung24.com","robots":{"index":"index","follow":"follow","max-snippet":"max-snippet:-1","max-image-preview":"max-image-preview:large","max-video-preview":"max-video-preview:-1"},"canonical":"https:\/\/www.versiegelung24.com\/es\/desinfectante-de-manos-dexan-bote-de-5-litros.html","og_locale":"es_ES","og_type":"article","og_title":"Desinfectante de manos Dexan bote de 5 litros","og_description":"Desinfecci\u00f3n de manos a base de alcohol lista para usar: \u2713 Con componente de cuidado (aloe vera) \u2713 Virucida limitado (virus envueltos, incluidos coronavirus, VIH, VHB, VHC, influenza, herpes, virus del \u00c9bola, etc.)","og_url":"https:\/\/www.versiegelung24.com\/es\/desinfectante-de-manos-dexan-bote-de-5-litros.html","og_site_name":"versiegelung24.com","article_modified_time":"2025-01-13T15:40:51+00:00","og_image":[{"width":2000,"height":2000,"url":"https:\/\/www.versiegelung24.com\/wp-content\/uploads\/2020\/05\/dexan-5000ml-1.png","type":"image\/png"}],"twitter_card":"summary_large_image","twitter_misc":{"Precio":"99,00&euro;","Disponibilidad":"Disponible para reservar"},"schema":{"@context":"https:\/\/schema.org","@graph":[{"@type":"WebPage","@id":"https:\/\/www.versiegelung24.com\/es\/desinfectante-de-manos-dexan-bote-de-5-litros.html","url":"https:\/\/www.versiegelung24.com\/es\/desinfectante-de-manos-dexan-bote-de-5-litros.html","name":"Desinfectante de manos Dexan bote de 5 litros - versiegelung24.com","isPartOf":{"@id":"https:\/\/www.versiegelung24.com\/es\/#website"},"primaryImageOfPage":{"@id":"https:\/\/www.versiegelung24.com\/es\/desinfectante-de-manos-dexan-bote-de-5-litros.html#primaryimage"},"image":{"@id":"https:\/\/www.versiegelung24.com\/es\/desinfectante-de-manos-dexan-bote-de-5-litros.html#primaryimage"},"thumbnailUrl":"https:\/\/www.versiegelung24.com\/wp-content\/uploads\/2020\/05\/dexan-5000ml-1.png","datePublished":"2021-08-02T20:43:56+00:00","dateModified":"2025-01-13T15:40:51+00:00","breadcrumb":{"@id":"https:\/\/www.versiegelung24.com\/es\/desinfectante-de-manos-dexan-bote-de-5-litros.html#breadcrumb"},"inLanguage":"es","potentialAction":[{"@type":"ReadAction","target":["https:\/\/www.versiegelung24.com\/es\/desinfectante-de-manos-dexan-bote-de-5-litros.html"]}]},{"@type":"ImageObject","inLanguage":"es","@id":"https:\/\/www.versiegelung24.com\/es\/desinfectante-de-manos-dexan-bote-de-5-litros.html#primaryimage","url":"https:\/\/www.versiegelung24.com\/wp-content\/uploads\/2020\/05\/dexan-5000ml-1.png","contentUrl":"https:\/\/www.versiegelung24.com\/wp-content\/uploads\/2020\/05\/dexan-5000ml-1.png","width":2000,"height":2000},{"@type":"BreadcrumbList","@id":"https:\/\/www.versiegelung24.com\/es\/desinfectante-de-manos-dexan-bote-de-5-litros.html#breadcrumb","itemListElement":[{"@type":"ListItem","position":1,"name":"P\u00e1gina web","item":"https:\/\/www.versiegelung24.com\/es\/frontal\/"},{"@type":"ListItem","position":2,"name":"Tienda","item":"https:\/\/www.versiegelung24.com\/es\/tienda\/"},{"@type":"ListItem","position":3,"name":"Desinfectante de manos Dexan bote de 5 litros"}]},{"@type":"WebSite","@id":"https:\/\/www.versiegelung24.com\/es\/#website","url":"https:\/\/www.versiegelung24.com\/es\/","name":"versiegelung24.com","description":"Fl\u00fcssigglas-Versiegelung - Made in Germany","publisher":{"@id":"https:\/\/www.versiegelung24.com\/es\/#organization"},"potentialAction":[{"@type":"SearchAction","target":{"@type":"EntryPoint","urlTemplate":"https:\/\/www.versiegelung24.com\/es\/?s={search_term_string}"},"query-input":{"@type":"PropertyValueSpecification","valueRequired":true,"valueName":"search_term_string"}}],"inLanguage":"es"},{"@type":"Organization","@id":"https:\/\/www.versiegelung24.com\/es\/#organization","name":"versiegelung24","url":"https:\/\/www.versiegelung24.com\/es\/","logo":{"@type":"ImageObject","inLanguage":"es","@id":"https:\/\/www.versiegelung24.com\/es\/#\/schema\/logo\/image\/","url":"https:\/\/www.versiegelung24.com\/wp-content\/uploads\/2020\/04\/versiegelung24.png","contentUrl":"https:\/\/www.versiegelung24.com\/wp-content\/uploads\/2020\/04\/versiegelung24.png","width":470,"height":102,"caption":"versiegelung24"},"image":{"@id":"https:\/\/www.versiegelung24.com\/es\/#\/schema\/logo\/image\/"}}]},"product_price_amount":"99.00","product_price_currency":"EUR","og_availability":"backorder","product_availability":"available for order","product_retailer_item_id":"dexan-5000","product_condition":"new"},"_links":{"self":[{"href":"https:\/\/www.versiegelung24.com\/es\/wp-json\/wp\/v2\/product\/24441","targetHints":{"allow":["GET"]}}],"collection":[{"href":"https:\/\/www.versiegelung24.com\/es\/wp-json\/wp\/v2\/product"}],"about":[{"href":"https:\/\/www.versiegelung24.com\/es\/wp-json\/wp\/v2\/types\/product"}],"version-history":[{"count":10,"href":"https:\/\/www.versiegelung24.com\/es\/wp-json\/wp\/v2\/product\/24441\/revisions"}],"predecessor-version":[{"id":180611,"href":"https:\/\/www.versiegelung24.com\/es\/wp-json\/wp\/v2\/product\/24441\/revisions\/180611"}],"wp:featuredmedia":[{"embeddable":true,"href":"https:\/\/www.versiegelung24.com\/es\/wp-json\/wp\/v2\/media\/15796"}],"wp:attachment":[{"href":"https:\/\/www.versiegelung24.com\/es\/wp-json\/wp\/v2\/media?parent=24441"}],"wp:term":[{"taxonomy":"product_brand","embeddable":true,"href":"https:\/\/www.versiegelung24.com\/es\/wp-json\/wp\/v2\/product_brand?post=24441"},{"taxonomy":"product_cat","embeddable":true,"href":"https:\/\/www.versiegelung24.com\/es\/wp-json\/wp\/v2\/product_cat?post=24441"},{"taxonomy":"product_tag","embeddable":true,"href":"https:\/\/www.versiegelung24.com\/es\/wp-json\/wp\/v2\/product_tag?post=24441"}],"curies":[{"name":"wp","href":"https:\/\/api.w.org\/{rel}","templated":true}]}}