{"id":24640,"date":"2020-04-27T22:20:08","date_gmt":"2021-08-02T20:52:58","guid":{"rendered":"https:\/\/www.versiegelung24.com\/produkt\/wb-rapid-on-sellador-y-finalizador-de-pintura-para-automoviles-de-brillo-profundo"},"modified":"2025-01-04T00:04:52","modified_gmt":"2025-01-03T23:04:52","slug":"wb-acabado-rapido-sobre-profundo-brillo-con-sellado-automatico-negro","status":"publish","type":"product","link":"https:\/\/www.versiegelung24.com\/es\/wb-acabado-rapido-sobre-profundo-brillo-con-sellado-automatico-negro.html","title":{"rendered":"WB Rapid On: sellador y finalizador de pintura para autom\u00f3viles de brillo profundo"},"content":{"rendered":"\n<p><strong>WB Rapid On: Sellador y finalizador de brillo intenso de primera calidad, ideal para la pintura de autom\u00f3viles &#8211; <\/strong><strong><em>base agua &#8211; rapid on<\/em><\/strong><\/p>\n\n<p>Aplicable como &#8220;acabado&#8221; para<a href=\"https:\/\/www.versiegelung24.com\/muster-permanent-protector\/\"> Revestimiento cer\u00e1mico de alta gama Protector permanente<\/a> o<a href=\"https:\/\/www.versiegelung24.com\/autolack-spezial-politur-versiegelung-2in1\/\"> Pintura de coche especial pulido y sellado 2 en 1<\/a> .<\/p>\n\n<p>N\u00famero de art\u00edculo: 5002-7654<\/p>\n\n<p>Alta calidad Fabricado en Alemania<\/p>\n\n<p><strong>V24 WB Rapid On &#8211; sellador y finalizador de pintura para autos de brillo profundo<\/strong> crea una capa ultrafina en la superficie a trav\u00e9s de la uni\u00f3n electrost\u00e1tica de miles de millones de peque\u00f1as mol\u00e9culas de silicio, comparable al efecto de peque\u00f1os imanes que se unen entre s\u00ed y al subsuelo. Como resultado, los poros y capilares microsc\u00f3picos se sellan y las part\u00edculas de suciedad y otras impurezas ya no pueden adherirse a la capa ahora mucho m\u00e1s suave. Esto hace que las superficies sean mucho m\u00e1s f\u00e1ciles de limpiar (&#8220;f\u00e1ciles de limpiar&#8221;), repelentes al agua (hidrof\u00f3bicas) y un efecto de alto brillo.<\/p>\n\n<hr\/>\n\n<h4 class=\"wp-block-heading\" id=\"properties\">Caracter\u00edsticas del producto<\/h4>\n\n<div class=\"wp-block-columns is-layout-flex wp-container-core-columns-is-layout-9d6595d7 wp-block-columns-is-layout-flex\">\n<div class=\"wp-block-column is-layout-flow wp-block-column-is-layout-flow\">\n<ul class=\"wp-block-list\">\n<li>Efecto de alto brillo<\/li>\n\n\n\n<li>Se puede combinar como un acabado de brillo profundo para nuestros selladores de larga duraci\u00f3n.<\/li>\n\n\n\n<li>Excelente efecto f\u00e1cil de limpiar para la suciedad adherida, por ejemplo, de excrementos de p\u00e1jaros, insectos y otras manchas agresivas, las superficies se ensucian mucho m\u00e1s lentamente<\/li>\n\n\n\n<li>Fuerte efecto hidrof\u00f3bico (repelencia al agua)<\/li>\n\n\n\n<li>Nano tecnolog\u00eda SiO\u00b2<\/li>\n\n\n\n<li>A base de agua, sin disolventes e inodoro<\/li>\n\n\n\n<li>Resistente a productos qu\u00edmicos a los agentes de limpieza (hasta pH 10)<\/li>\n\n\n\n<li>Aplicaci\u00f3n sencilla<\/li>\n\n\n\n<li>Conexi\u00f3n m\u00e1s estable que las preparaciones a base de cera o aceite de silicona<\/li>\n\n\n\n<li>Resistente a los rayos UV \/ resistente a las heladas \/ resistente al agua salada \/ invisible (grosor de la capa: 40-50 nm)<\/li>\n\n\n\n<li>Ahorro de costos, tiempo y energ\u00eda a trav\u00e9s de ciclos de limpieza prolongados<\/li>\n<\/ul>\n<\/div>\n\n\n\n<div class=\"wp-block-column is-layout-flow wp-block-column-is-layout-flow\">\n<ul id=\"block-cb512caf-6c3b-4dfc-8f82-809b2295b24e\" class=\"wp-block-list\">\n<li>No t\u00f3xico y no inflamable<\/li>\n\n\n\n<li>Periodo de validez: 3-6 meses (dependiendo del uso)<\/li>\n\n\n\n<li>Superficie suave como la seda, muy buen tacto.<\/li>\n\n\n\n<li>Resistente a casi todos los \u00e1cidos, disolventes y limpiadores dom\u00e9sticos alcalinos<\/li>\n\n\n\n<li>Mucho m\u00e1s estable que las ceras o los productos a base de aceite de silicona<\/li>\n\n\n\n<li>F\u00e1cilmente biodegradable (seg\u00fan criterios de la OCDE)<\/li>\n\n\n\n<li>Alta resistencia a la abrasi\u00f3n contra part\u00edculas transportadas por el viento.<\/li>\n\n\n\n<li>Resistente a temperaturas de -40 a + 200 \u00b0 C<\/li>\n\n\n\n<li>ph resistente de 1-10<\/li>\n\n\n\n<li>No citot\u00f3xico seg\u00fan ISO 10993-5 + 12<\/li>\n\n\n\n<li>Densidad aprox. 1,00 g \/ cm\u00b3<\/li>\n\n\n\n<li>Espesor de la capa: aprox.40-50nm<\/li>\n\n\n\n<li>Libre de COV (sin mercanc\u00edas peligrosas)<\/li>\n\n\n\n<li>Fuertes propiedades antiadherentes (las superficies se ensucian mucho m\u00e1s lentamente)<\/li>\n<\/ul>\n<\/div>\n<\/div>\n\n<div class=\"wp-block-columns is-layout-flex wp-container-core-columns-is-layout-9d6595d7 wp-block-columns-is-layout-flex\">\n<div class=\"wp-block-column is-layout-flow wp-block-column-is-layout-flow\">\n<p><br\/><br\/><br\/><br\/><br\/><br\/>B<strong>reves caracter\u00edsticas<\/strong> Temperatura de aplicaci\u00f3n: 0 &#8211; 45\u00b0C m\u00b2 por litro: 100m\u00b2 Vida \u00fatil del sellador: 3-6 meses Vida \u00fatil del l\u00edquido: hasta 1 a\u00f1o Temperatura de almacenamiento: 0 &#8211; 30\u00b0C (protegido de la luz solar) Tiempo de curado: 5 minutos, la superficie puede utilizarse inmediatamente<\/p>\n\n\n\n<p><br\/><br\/>V<strong>olumen de suministro<\/strong>: 1 botella de 1 litro 1 descripci\u00f3n del producto<\/p>\n<\/div>\n\n\n\n<div class=\"wp-block-column is-layout-flow wp-block-column-is-layout-flow\">\n<p><br\/><br\/><br\/><br\/>E<strong>nsayos<\/strong> Ensayo SMI Ensayo de corrosi\u00f3n en s\u00e1ndwich, seg\u00fan ASTM F 1110 Ensayo de agrietamiento acr\u00edlico, seg\u00fan ASTM F 484 Ensayo de ablandamiento de la pintura tipo C, seg\u00fan ASTM F 502 Ensayo de fragilizaci\u00f3n por hidr\u00f3geno, seg\u00fan ASTM F 519-93<\/p>\n\n\n\n<p><br\/>Certificado Boeing DuPont\u2122 Marine Finishes:<strong>WB Rapid On &#8211; Deep Gloss Sealer &amp; Finisher<\/strong> ha sido probado en yate sobre DuPont\u2122 Marine Finishes Topgloss SF y DP6940 Imron\u00ae Super Flow HS Clear Coat. No se observ\u00f3 ning\u00fan efecto negativo sobre los revestimientos.<\/p>\n\n\n\n<p>N\u00famero de tarifa de aduana: 3402 9090, mercanc\u00eda no peligrosa (NDG)<\/p>\n<\/div>\n<\/div>\n\n<hr\/>\n\n<h4 class=\"wp-block-heading\" id=\"application\">Aplicaci\u00f3n<\/h4>\n\n<p><strong>V24 WB Rapid On &#8211; sellador y finalizador de pintura para autos de brillo profundo<\/strong> se puede aplicar de forma \u00f3ptima a<strong> :<\/strong><\/p>\n\n<p><br\/><br\/>&#8211; Pintura de coches (como sellador independiente o como &#8220;acabado&#8221; de nuestros selladores 640 y 660, con un litro puedes sellar unos 8-10 coches) &#8211; Embarcaciones &#8211; En el hogar, por ejemplo<br\/><br\/><br\/><br\/><br\/><br\/><br\/>para cabinas de ducha, ventanas y marcos de puertas &#8211; superficies de acero inoxidable &#8211; superficies pintadas y met\u00e1licas &#8211; cristal &#8211; materiales sint\u00e9ticos &#8211; caucho &#8211; cromo &#8211; viseras (viseras de esqu\u00ed y moto, sobre todo si hay que evitar los selladores con disolventes)<\/p>\n","protected":false},"excerpt":{"rendered":"<p><strong>Sellador y acabado de alto brillo premium<\/strong><\/p>\n<p>\u2713 ideal para pinturas de autom\u00f3viles<\/p>\n<p><em>\u2713<\/em> <em>a base de agua &#8211; r\u00e1pido<\/em><\/p>\n","protected":false},"featured_media":18413,"template":"","meta":{"_acf_changed":false,"neve_meta_sidebar":"","neve_meta_container":"","neve_meta_enable_content_width":"","neve_meta_content_width":0,"neve_meta_title_alignment":"","neve_meta_author_avatar":"","neve_post_elements_order":"","neve_meta_disable_header":"","neve_meta_disable_footer":"","neve_meta_disable_title":"","neve_meta_reading_time":"","_surfaces":[],"_ver_product_tabs":[],"footnotes":""},"product_brand":[],"product_cat":[2182],"product_tag":[],"class_list":{"0":"post-24640","1":"product","2":"type-product","3":"status-publish","4":"has-post-thumbnail","6":"product_cat-sellado-de-coches","8":"first","9":"instock","10":"taxable","11":"shipping-taxable","12":"purchasable","13":"product-type-simple"},"acf":[],"yoast_head":"<!-- This site is optimized with the Yoast SEO Premium plugin v22.8 (Yoast SEO v27.5) - https:\/\/yoast.com\/product\/yoast-seo-premium-wordpress\/ -->\n<title>WB Rapid On: sellador y finalizador de pintura para autom\u00f3viles de brillo profundo - versiegelung24.com<\/title>\n<meta name=\"robots\" content=\"index, follow, max-snippet:-1, max-image-preview:large, max-video-preview:-1\" \/>\n<link rel=\"canonical\" href=\"https:\/\/www.versiegelung24.com\/es\/wb-acabado-rapido-sobre-profundo-brillo-con-sellado-automatico-negro.html\" \/>\n<meta property=\"og:locale\" content=\"es_ES\" \/>\n<meta property=\"og:type\" content=\"article\" \/>\n<meta property=\"og:title\" content=\"WB Rapid On: sellador y finalizador de pintura para autom\u00f3viles de brillo profundo\" \/>\n<meta property=\"og:description\" content=\"Sellador y acabado de alto brillo premium \u2713 ideal para pinturas de autom\u00f3viles \u2713 a base de agua - r\u00e1pido\" \/>\n<meta property=\"og:url\" content=\"https:\/\/www.versiegelung24.com\/es\/wb-acabado-rapido-sobre-profundo-brillo-con-sellado-automatico-negro.html\" \/>\n<meta property=\"og:site_name\" content=\"versiegelung24.com\" \/>\n<meta property=\"article:modified_time\" content=\"2025-01-03T23:04:52+00:00\" \/>\n<meta property=\"og:image\" content=\"https:\/\/www.versiegelung24.com\/wp-content\/uploads\/2020\/06\/produkt-5002-7654-1000-WB-Rapid-On-scaled.jpg\" \/>\n\t<meta property=\"og:image:width\" content=\"2560\" \/>\n\t<meta property=\"og:image:height\" content=\"2560\" \/>\n\t<meta property=\"og:image:type\" content=\"image\/jpeg\" \/>\n<meta name=\"twitter:card\" content=\"summary_large_image\" \/>\n<meta name=\"twitter:label1\" content=\"Precio\" \/>\n\t<meta name=\"twitter:data1\" content=\"69,00&euro;\" \/>\n\t<meta name=\"twitter:label2\" content=\"Disponibilidad\" \/>\n\t<meta name=\"twitter:data2\" content=\"Disponible\" \/>\n<script type=\"application\/ld+json\" class=\"yoast-schema-graph\">{\"@context\":\"https:\\\/\\\/schema.org\",\"@graph\":[{\"@type\":\"WebPage\",\"@id\":\"https:\\\/\\\/www.versiegelung24.com\\\/es\\\/wb-acabado-rapido-sobre-profundo-brillo-con-sellado-automatico-negro.html\",\"url\":\"https:\\\/\\\/www.versiegelung24.com\\\/es\\\/wb-acabado-rapido-sobre-profundo-brillo-con-sellado-automatico-negro.html\",\"name\":\"WB Rapid On: sellador y finalizador de pintura para autom\u00f3viles de brillo profundo - versiegelung24.com\",\"isPartOf\":{\"@id\":\"https:\\\/\\\/www.versiegelung24.com\\\/es\\\/#website\"},\"primaryImageOfPage\":{\"@id\":\"https:\\\/\\\/www.versiegelung24.com\\\/es\\\/wb-acabado-rapido-sobre-profundo-brillo-con-sellado-automatico-negro.html#primaryimage\"},\"image\":{\"@id\":\"https:\\\/\\\/www.versiegelung24.com\\\/es\\\/wb-acabado-rapido-sobre-profundo-brillo-con-sellado-automatico-negro.html#primaryimage\"},\"thumbnailUrl\":\"https:\\\/\\\/www.versiegelung24.com\\\/wp-content\\\/uploads\\\/2020\\\/06\\\/produkt-5002-7654-1000-WB-Rapid-On-scaled.jpg\",\"datePublished\":\"2021-08-02T20:52:58+00:00\",\"dateModified\":\"2025-01-03T23:04:52+00:00\",\"breadcrumb\":{\"@id\":\"https:\\\/\\\/www.versiegelung24.com\\\/es\\\/wb-acabado-rapido-sobre-profundo-brillo-con-sellado-automatico-negro.html#breadcrumb\"},\"inLanguage\":\"es\",\"potentialAction\":[{\"@type\":\"ReadAction\",\"target\":[\"https:\\\/\\\/www.versiegelung24.com\\\/es\\\/wb-acabado-rapido-sobre-profundo-brillo-con-sellado-automatico-negro.html\"]}]},{\"@type\":\"ImageObject\",\"inLanguage\":\"es\",\"@id\":\"https:\\\/\\\/www.versiegelung24.com\\\/es\\\/wb-acabado-rapido-sobre-profundo-brillo-con-sellado-automatico-negro.html#primaryimage\",\"url\":\"https:\\\/\\\/www.versiegelung24.com\\\/wp-content\\\/uploads\\\/2020\\\/06\\\/produkt-5002-7654-1000-WB-Rapid-On-scaled.jpg\",\"contentUrl\":\"https:\\\/\\\/www.versiegelung24.com\\\/wp-content\\\/uploads\\\/2020\\\/06\\\/produkt-5002-7654-1000-WB-Rapid-On-scaled.jpg\",\"width\":2560,\"height\":2560},{\"@type\":\"BreadcrumbList\",\"@id\":\"https:\\\/\\\/www.versiegelung24.com\\\/es\\\/wb-acabado-rapido-sobre-profundo-brillo-con-sellado-automatico-negro.html#breadcrumb\",\"itemListElement\":[{\"@type\":\"ListItem\",\"position\":1,\"name\":\"P\u00e1gina web\",\"item\":\"https:\\\/\\\/www.versiegelung24.com\\\/es\\\/frontal\\\/\"},{\"@type\":\"ListItem\",\"position\":2,\"name\":\"Tienda\",\"item\":\"https:\\\/\\\/www.versiegelung24.com\\\/es\\\/tienda\\\/\"},{\"@type\":\"ListItem\",\"position\":3,\"name\":\"WB Rapid On: sellador y finalizador de pintura para autom\u00f3viles de brillo profundo\"}]},{\"@type\":\"WebSite\",\"@id\":\"https:\\\/\\\/www.versiegelung24.com\\\/es\\\/#website\",\"url\":\"https:\\\/\\\/www.versiegelung24.com\\\/es\\\/\",\"name\":\"versiegelung24.com\",\"description\":\"Fl\u00fcssigglas-Versiegelung - Made in Germany\",\"publisher\":{\"@id\":\"https:\\\/\\\/www.versiegelung24.com\\\/es\\\/#organization\"},\"potentialAction\":[{\"@type\":\"SearchAction\",\"target\":{\"@type\":\"EntryPoint\",\"urlTemplate\":\"https:\\\/\\\/www.versiegelung24.com\\\/es\\\/?s={search_term_string}\"},\"query-input\":{\"@type\":\"PropertyValueSpecification\",\"valueRequired\":true,\"valueName\":\"search_term_string\"}}],\"inLanguage\":\"es\"},{\"@type\":\"Organization\",\"@id\":\"https:\\\/\\\/www.versiegelung24.com\\\/es\\\/#organization\",\"name\":\"versiegelung24\",\"url\":\"https:\\\/\\\/www.versiegelung24.com\\\/es\\\/\",\"logo\":{\"@type\":\"ImageObject\",\"inLanguage\":\"es\",\"@id\":\"https:\\\/\\\/www.versiegelung24.com\\\/es\\\/#\\\/schema\\\/logo\\\/image\\\/\",\"url\":\"https:\\\/\\\/www.versiegelung24.com\\\/wp-content\\\/uploads\\\/2020\\\/04\\\/versiegelung24.png\",\"contentUrl\":\"https:\\\/\\\/www.versiegelung24.com\\\/wp-content\\\/uploads\\\/2020\\\/04\\\/versiegelung24.png\",\"width\":470,\"height\":102,\"caption\":\"versiegelung24\"},\"image\":{\"@id\":\"https:\\\/\\\/www.versiegelung24.com\\\/es\\\/#\\\/schema\\\/logo\\\/image\\\/\"}}]}<\/script>\n<meta property=\"product:price:amount\" content=\"69.00\" \/>\n<meta property=\"product:price:currency\" content=\"EUR\" \/>\n<meta property=\"og:availability\" content=\"instock\" \/>\n<meta property=\"product:availability\" content=\"instock\" \/>\n<meta property=\"product:retailer_item_id\" content=\"5002-7654-1000\" \/>\n<meta property=\"product:condition\" content=\"new\" \/>\n<!-- \/ Yoast SEO Premium plugin. -->","yoast_head_json":{"title":"WB Rapid On: sellador y finalizador de pintura para autom\u00f3viles de brillo profundo - versiegelung24.com","robots":{"index":"index","follow":"follow","max-snippet":"max-snippet:-1","max-image-preview":"max-image-preview:large","max-video-preview":"max-video-preview:-1"},"canonical":"https:\/\/www.versiegelung24.com\/es\/wb-acabado-rapido-sobre-profundo-brillo-con-sellado-automatico-negro.html","og_locale":"es_ES","og_type":"article","og_title":"WB Rapid On: sellador y finalizador de pintura para autom\u00f3viles de brillo profundo","og_description":"Sellador y acabado de alto brillo premium \u2713 ideal para pinturas de autom\u00f3viles \u2713 a base de agua - r\u00e1pido","og_url":"https:\/\/www.versiegelung24.com\/es\/wb-acabado-rapido-sobre-profundo-brillo-con-sellado-automatico-negro.html","og_site_name":"versiegelung24.com","article_modified_time":"2025-01-03T23:04:52+00:00","og_image":[{"width":2560,"height":2560,"url":"https:\/\/www.versiegelung24.com\/wp-content\/uploads\/2020\/06\/produkt-5002-7654-1000-WB-Rapid-On-scaled.jpg","type":"image\/jpeg"}],"twitter_card":"summary_large_image","twitter_misc":{"Precio":"69,00&euro;","Disponibilidad":"Disponible"},"schema":{"@context":"https:\/\/schema.org","@graph":[{"@type":"WebPage","@id":"https:\/\/www.versiegelung24.com\/es\/wb-acabado-rapido-sobre-profundo-brillo-con-sellado-automatico-negro.html","url":"https:\/\/www.versiegelung24.com\/es\/wb-acabado-rapido-sobre-profundo-brillo-con-sellado-automatico-negro.html","name":"WB Rapid On: sellador y finalizador de pintura para autom\u00f3viles de brillo profundo - versiegelung24.com","isPartOf":{"@id":"https:\/\/www.versiegelung24.com\/es\/#website"},"primaryImageOfPage":{"@id":"https:\/\/www.versiegelung24.com\/es\/wb-acabado-rapido-sobre-profundo-brillo-con-sellado-automatico-negro.html#primaryimage"},"image":{"@id":"https:\/\/www.versiegelung24.com\/es\/wb-acabado-rapido-sobre-profundo-brillo-con-sellado-automatico-negro.html#primaryimage"},"thumbnailUrl":"https:\/\/www.versiegelung24.com\/wp-content\/uploads\/2020\/06\/produkt-5002-7654-1000-WB-Rapid-On-scaled.jpg","datePublished":"2021-08-02T20:52:58+00:00","dateModified":"2025-01-03T23:04:52+00:00","breadcrumb":{"@id":"https:\/\/www.versiegelung24.com\/es\/wb-acabado-rapido-sobre-profundo-brillo-con-sellado-automatico-negro.html#breadcrumb"},"inLanguage":"es","potentialAction":[{"@type":"ReadAction","target":["https:\/\/www.versiegelung24.com\/es\/wb-acabado-rapido-sobre-profundo-brillo-con-sellado-automatico-negro.html"]}]},{"@type":"ImageObject","inLanguage":"es","@id":"https:\/\/www.versiegelung24.com\/es\/wb-acabado-rapido-sobre-profundo-brillo-con-sellado-automatico-negro.html#primaryimage","url":"https:\/\/www.versiegelung24.com\/wp-content\/uploads\/2020\/06\/produkt-5002-7654-1000-WB-Rapid-On-scaled.jpg","contentUrl":"https:\/\/www.versiegelung24.com\/wp-content\/uploads\/2020\/06\/produkt-5002-7654-1000-WB-Rapid-On-scaled.jpg","width":2560,"height":2560},{"@type":"BreadcrumbList","@id":"https:\/\/www.versiegelung24.com\/es\/wb-acabado-rapido-sobre-profundo-brillo-con-sellado-automatico-negro.html#breadcrumb","itemListElement":[{"@type":"ListItem","position":1,"name":"P\u00e1gina web","item":"https:\/\/www.versiegelung24.com\/es\/frontal\/"},{"@type":"ListItem","position":2,"name":"Tienda","item":"https:\/\/www.versiegelung24.com\/es\/tienda\/"},{"@type":"ListItem","position":3,"name":"WB Rapid On: sellador y finalizador de pintura para autom\u00f3viles de brillo profundo"}]},{"@type":"WebSite","@id":"https:\/\/www.versiegelung24.com\/es\/#website","url":"https:\/\/www.versiegelung24.com\/es\/","name":"versiegelung24.com","description":"Fl\u00fcssigglas-Versiegelung - Made in Germany","publisher":{"@id":"https:\/\/www.versiegelung24.com\/es\/#organization"},"potentialAction":[{"@type":"SearchAction","target":{"@type":"EntryPoint","urlTemplate":"https:\/\/www.versiegelung24.com\/es\/?s={search_term_string}"},"query-input":{"@type":"PropertyValueSpecification","valueRequired":true,"valueName":"search_term_string"}}],"inLanguage":"es"},{"@type":"Organization","@id":"https:\/\/www.versiegelung24.com\/es\/#organization","name":"versiegelung24","url":"https:\/\/www.versiegelung24.com\/es\/","logo":{"@type":"ImageObject","inLanguage":"es","@id":"https:\/\/www.versiegelung24.com\/es\/#\/schema\/logo\/image\/","url":"https:\/\/www.versiegelung24.com\/wp-content\/uploads\/2020\/04\/versiegelung24.png","contentUrl":"https:\/\/www.versiegelung24.com\/wp-content\/uploads\/2020\/04\/versiegelung24.png","width":470,"height":102,"caption":"versiegelung24"},"image":{"@id":"https:\/\/www.versiegelung24.com\/es\/#\/schema\/logo\/image\/"}}]},"product_price_amount":"69.00","product_price_currency":"EUR","og_availability":"instock","product_availability":"instock","product_retailer_item_id":"5002-7654-1000","product_condition":"new"},"_links":{"self":[{"href":"https:\/\/www.versiegelung24.com\/es\/wp-json\/wp\/v2\/product\/24640","targetHints":{"allow":["GET"]}}],"collection":[{"href":"https:\/\/www.versiegelung24.com\/es\/wp-json\/wp\/v2\/product"}],"about":[{"href":"https:\/\/www.versiegelung24.com\/es\/wp-json\/wp\/v2\/types\/product"}],"version-history":[{"count":10,"href":"https:\/\/www.versiegelung24.com\/es\/wp-json\/wp\/v2\/product\/24640\/revisions"}],"predecessor-version":[{"id":174273,"href":"https:\/\/www.versiegelung24.com\/es\/wp-json\/wp\/v2\/product\/24640\/revisions\/174273"}],"wp:featuredmedia":[{"embeddable":true,"href":"https:\/\/www.versiegelung24.com\/es\/wp-json\/wp\/v2\/media\/18413"}],"wp:attachment":[{"href":"https:\/\/www.versiegelung24.com\/es\/wp-json\/wp\/v2\/media?parent=24640"}],"wp:term":[{"taxonomy":"product_brand","embeddable":true,"href":"https:\/\/www.versiegelung24.com\/es\/wp-json\/wp\/v2\/product_brand?post=24640"},{"taxonomy":"product_cat","embeddable":true,"href":"https:\/\/www.versiegelung24.com\/es\/wp-json\/wp\/v2\/product_cat?post=24640"},{"taxonomy":"product_tag","embeddable":true,"href":"https:\/\/www.versiegelung24.com\/es\/wp-json\/wp\/v2\/product_tag?post=24640"}],"curies":[{"name":"wp","href":"https:\/\/api.w.org\/{rel}","templated":true}]}}