{"id":24694,"date":"2020-04-04T18:53:45","date_gmt":"2021-08-02T20:58:29","guid":{"rendered":"https:\/\/www.versiegelung24.com\/produkt\/sellado-de-primera-calidad-para-hormigon-y-piedra-extrema-repelencia-al-agua-no-transpirable"},"modified":"2025-01-04T00:09:47","modified_gmt":"2025-01-03T23:09:47","slug":"premium-hormigon-piedra-sellado-extrema-repelencia-al-agua-no-transpirable","status":"publish","type":"product","link":"https:\/\/www.versiegelung24.com\/es\/premium-hormigon-piedra-sellado-extrema-repelencia-al-agua-no-transpirable.html","title":{"rendered":"Sellado de primera calidad para hormig\u00f3n y piedra con profundizaci\u00f3n del color, no transpirable"},"content":{"rendered":"\n<p>Nuestro sellado premium para hormig\u00f3n y piedra protege de forma eficaz y permanente las superficies de las influencias externas y contrarresta claramente la penetraci\u00f3n de aceite, grasas, caf\u00e9 y vino tinto. Adem\u00e1s, la capa protectora de laca transparente deja una pel\u00edcula brillante que intensifica el color y que realza visiblemente la superficie tratada.<\/p>\n\n<hr\/>\n\n<h4 class=\"wp-block-heading\" id=\"video\"><strong>Video de pr\u00e1ctica: protege eficazmente las figuras y esculturas de piedra en el jard\u00edn de las influencias ambientales<\/strong><\/h4>\n\n<figure class=\"wp-block-embed aligncenter is-type-video is-provider-youtube wp-block-embed-youtube wp-embed-aspect-16-9 wp-has-aspect-ratio\"><div class=\"wp-block-embed__wrapper\"> \n<div class=\"nv-iframe-embed\"><iframe title=\"Steinfiguren &amp; Steinskulpturen wetterfest machen - Versiegelung \/ Impr\u00e4gnierung mit Farbvertiefung\" width=\"1200\" height=\"675\" src=\"https:\/\/www.youtube.com\/embed\/sSjv-OlqOgI?feature=oembed\" frameborder=\"0\" allow=\"accelerometer; autoplay; clipboard-write; encrypted-media; gyroscope; picture-in-picture\" allowfullscreen><\/iframe><\/div>\n <\/div><\/figure>\n\n<hr\/>\n\n<h4 class=\"wp-block-heading\" id=\"properties\">Caracter\u00edsticas del producto<\/h4>\n\n<div class=\"wp-block-columns is-layout-flex wp-container-core-columns-is-layout-9d6595d7 wp-block-columns-is-layout-flex\">\n<div class=\"wp-block-column is-layout-flow wp-block-column-is-layout-flow\">\n<p>\u2713 Protecci\u00f3n permanente eficaz de la superficie contra el agua, la suciedad y la intemperie.<\/p>\n\n\n\n<p>\u2713 previene el crecimiento de musgos, l\u00edquenes, hongos y otras influencias naturales<\/p>\n\n\n\n<p>\u2713 Recubrimiento de laca transparente 100% s\u00f3lida<\/p>\n\n\n\n<p>\u2713 alta resistencia a la abrasi\u00f3n gracias a la nanotecnolog\u00eda SiO\u00b2<\/p>\n\n\n\n<p>\u2713 las superficies tratadas no son transpirables<\/p>\n\n\n\n<p>\u2713 Efecto de profundizaci\u00f3n del color con una pel\u00edcula brillante \/ mejora de la superficie<\/p>\n\n\n\n<p>\u2713 hidrofobicidad muy fuerte<\/p>\n\n\n\n<p>\u2713 Reducci\u00f3n significativa de la penetraci\u00f3n de aceites y grasas, caf\u00e9, vino tinto<\/p>\n\n\n\n<p>\u2713 Resistente a las heladas (el hielo y la nieve no lo da\u00f1an)<\/p>\n\n\n\n<p>\u2713 Estable a los rayos UV<\/p>\n\n\n\n<p>\u2713 Efecto f\u00e1cil de limpiar: suciedad<\/p>\n\n\n\n<p>\u2713 Resistente a temperaturas de hasta 1000 \u00b0C (con exposici\u00f3n breve)<\/p>\n\n\n\n<p><\/p>\n\n\n\n<p><br\/>Volumen de suministro: 1 botella de litro<\/p>\n<\/div>\n\n\n\n<div class=\"wp-block-column is-layout-flow wp-block-column-is-layout-flow\">\n<p><strong>Nanorevestimiento altamente eficaz, altamente repelente al agua y resistente a la abrasi\u00f3n para todas las superficies minerales absorbentes.<\/strong><\/p>\n\n\n\n<p>No transpirable<\/p>\n\n\n\n<p>N\u00famero de art\u00edculo: 3008-704<\/p>\n\n\n\n<p>Alta calidad Fabricado en Alemania<\/p>\n\n\n\n<p><strong>seguridad del producto<\/strong><\/p>\n\n\n\n<p>La informaci\u00f3n sobre la clasificaci\u00f3n del producto en el marco de la Ordenanza sobre Sustancias Peligrosas, los datos de seguridad y los datos sobre toxicolog\u00eda y almacenamiento se pueden encontrar en nuestra hoja de datos de seguridad.<\/p>\n\n\n\n<p>Preste atenci\u00f3n al equipo de protecci\u00f3n adecuado cuando lo use. Al realizar el pedido, recomendamos usar m\u00e1scaras respiratorias adecuadas y guantes de goma.<\/p>\n\n\n\n<p>En caso de contacto con la piel, lave bien las \u00e1reas con agua y jab\u00f3n.<\/p>\n\n\n\n<p><strong>almacenamiento<\/strong><\/p>\n\n\n\n<p>V24 Concrete and Stone Sealing Extreme se puede mantener durante al menos 12 meses en el recipiente original cerrado a temperaturas de almacenamiento de +5 a + 25 \u00b0 C.<\/p>\n\n\n\n<p>Los contenedores abiertos deben usarse con poca antelaci\u00f3n.<\/p>\n\n\n\n<p>Un per\u00edodo de almacenamiento m\u00e1s largo no significa necesariamente que el producto sea inutilizable, sin embargo, en t\u00e9rminos de garant\u00eda de calidad, se deben verificar las propiedades deseadas para el uso previsto.<\/p>\n<\/div>\n<\/div>\n\n<hr\/>\n\n<h4 class=\"wp-block-heading\" id=\"application\">Aplicaci\u00f3n<\/h4>\n\n<div class=\"wp-block-columns is-layout-flex wp-container-core-columns-is-layout-9d6595d7 wp-block-columns-is-layout-flex\">\n<div class=\"wp-block-column is-layout-flow wp-block-column-is-layout-flow\">\n<ul class=\"wp-block-list\">\n<li><strong>Sellado extremo de hormig\u00f3n y piedra V24<\/strong> se entrega listo para usar y se aplica sin diluir sobre la superficie previamente limpiada y seca. Es posible una diluci\u00f3n con alcohol dependiendo de la aplicaci\u00f3n.<\/li>\n<\/ul>\n\n\n\n<ul class=\"wp-block-list\">\n<li>Todas las superficies a tratar deben estar secas y bien limpiadas, ya que esta es la \u00fanica forma de asegurar una penetraci\u00f3n profunda del sellador, que tiene un efecto \u00f3ptimo a largo plazo y profundo.<\/li>\n<\/ul>\n\n\n\n<ul class=\"wp-block-list\">\n<li>Tras su aplicaci\u00f3n, el <strong><strong>V24 Sellador de Hormig\u00f3n y Piedra extremo<\/strong><\/strong> debe permanecer en contacto con la superficie durante varios segundos como una pel\u00edcula l\u00edquida.<\/li>\n<\/ul>\n\n\n\n<ul class=\"wp-block-list\">\n<li>El recubrimiento est\u00e1 completamente reticulado y curado despu\u00e9s de 24 horas.<\/li>\n<\/ul>\n\n\n\n<p>Puede encontrar una descripci\u00f3n detallada de la aplicaci\u00f3n en nuestra hoja de datos<\/p>\n<\/div>\n\n\n\n<div class=\"wp-block-column is-layout-flow wp-block-column-is-layout-flow\">\n<p>Revestimiento protector de laca transparente para todas las superficies minerales, de hormig\u00f3n absorbente y de piedra, en interiores y exteriores.<\/p>\n\n\n\n<p>\u2713 Hormig\u00f3n (bloque de hormig\u00f3n, pavimento de hormig\u00f3n, escaleras, suelos de garajes y talleres, zonas de hormig\u00f3n visto &#8230;)<\/p>\n\n\n\n<p>\u2713 Piedra (piedra natural, adoqu\u00edn, granito, ladrillo calc\u00e1reo, pizarra, mamposter\u00eda, calzadas &#8230;)<\/p>\n\n\n\n<p><strong>Importante:<\/strong> El uso est\u00e1 limitado en superficies muy pulidas con baja absorbencia, ya que aqu\u00ed no puede lograrse una uni\u00f3n \u00f3ptima. Si es necesario, se debe raspar previamente la superficie (lija 60-100 dependiendo de la superficie) y aplicar una capa de imprimaci\u00f3n (1\/3 de alcohol 2\/3 de sellado). Luego, despu\u00e9s de unos 30 minutos, el sellado sin diluir.<\/p>\n\n\n\n<p>El consumo depende de la absorbencia de la superficie aproximadamente 10-40m\u00b2 \/ litro.<\/p>\n<\/div>\n<\/div>\n","protected":false},"excerpt":{"rendered":"<p><strong>Barniz transparente extremadamente hidr\u00f3fugo para uso interior y exterior<\/strong>  <\/p>\n<p>\u2713 para todas las superficies absorbentes de piedra mineral y hormig\u00f3n<\/p>\n<p>\u2713 Efecto f\u00e1cil de limpiar: la suciedad no se adhiere y se puede eliminar f\u00e1cilmente<\/p>\n<p>\u2713 las superficies tratadas no son transpirables<\/p>\n<p>\u2713 Previene el crecimiento de musgo, l\u00edquenes, hongos y otras influencias naturales<\/p>\n<p>\u2713 Efecto de profundizaci\u00f3n del color con una pel\u00edcula brillante \/ mejora de la superficie<\/p>\n<p>\u2713 Caducidad: hasta 5 a\u00f1os+.<\/p>\n","protected":false},"featured_media":18127,"template":"","meta":{"_acf_changed":false,"neve_meta_sidebar":"","neve_meta_container":"","neve_meta_enable_content_width":"","neve_meta_content_width":0,"neve_meta_title_alignment":"","neve_meta_author_avatar":"","neve_post_elements_order":"","neve_meta_disable_header":"","neve_meta_disable_footer":"","neve_meta_disable_title":"","neve_meta_reading_time":"","_surfaces":[],"_ver_product_tabs":[],"footnotes":""},"product_brand":[],"product_cat":[2386],"product_tag":[],"class_list":{"0":"post-24694","1":"product","2":"type-product","3":"status-publish","4":"has-post-thumbnail","6":"product_cat-sellado-de-piedra-y-hormigon","7":"pa_gebinde-botella-de-1000ml","8":"pa_gebinde-bote-de-20l","10":"first","11":"instock","12":"taxable","13":"shipping-taxable","14":"purchasable","15":"product-type-variable","16":"has-default-attributes"},"acf":[],"yoast_head":"<!-- This site is optimized with the Yoast SEO Premium plugin v22.8 (Yoast SEO v27.3) - https:\/\/yoast.com\/product\/yoast-seo-premium-wordpress\/ -->\n<title>Sellado premium para hormig\u00f3n y piedra con profundizaci\u00f3n del color - versiegelung24<\/title>\n<meta name=\"description\" content=\"Sellado premium para hormig\u00f3n y piedra: obtenga m\u00e1s informaci\u00f3n sobre nuestro sellado premium para hormig\u00f3n y piedra con nanotecnolog\u00eda y profundizaci\u00f3n del color\" \/>\n<meta name=\"robots\" content=\"index, follow, max-snippet:-1, max-image-preview:large, max-video-preview:-1\" \/>\n<link rel=\"canonical\" href=\"https:\/\/www.versiegelung24.com\/es\/premium-hormigon-piedra-sellado-extrema-repelencia-al-agua-no-transpirable.html\" \/>\n<meta property=\"og:locale\" content=\"es_ES\" \/>\n<meta property=\"og:type\" content=\"article\" \/>\n<meta property=\"og:title\" content=\"Sellado de primera calidad para hormig\u00f3n y piedra con profundizaci\u00f3n del color, no transpirable\" \/>\n<meta property=\"og:description\" content=\"Sellado premium para hormig\u00f3n y piedra: obtenga m\u00e1s informaci\u00f3n sobre nuestro sellado premium para hormig\u00f3n y piedra con nanotecnolog\u00eda y profundizaci\u00f3n del color\" \/>\n<meta property=\"og:url\" content=\"https:\/\/www.versiegelung24.com\/es\/premium-hormigon-piedra-sellado-extrema-repelencia-al-agua-no-transpirable.html\" \/>\n<meta property=\"og:site_name\" content=\"versiegelung24.com\" \/>\n<meta property=\"article:modified_time\" content=\"2025-01-03T23:09:47+00:00\" \/>\n<meta property=\"og:image\" content=\"https:\/\/www.versiegelung24.com\/wp-content\/uploads\/2020\/06\/produkt-3008-704-1000-Beton-Stein-Versiegelung-extreme-Wasserabweisung-nicht-atmungsaktiv-scaled.jpg\" \/>\n\t<meta property=\"og:image:width\" content=\"2560\" \/>\n\t<meta property=\"og:image:height\" content=\"2560\" \/>\n\t<meta property=\"og:image:type\" content=\"image\/jpeg\" \/>\n<meta name=\"twitter:card\" content=\"summary_large_image\" \/>\n<meta name=\"twitter:label1\" content=\"Disponibilidad\" \/>\n\t<meta name=\"twitter:data1\" content=\"Disponible\" \/>\n<script type=\"application\/ld+json\" class=\"yoast-schema-graph\">{\"@context\":\"https:\\\/\\\/schema.org\",\"@graph\":[{\"@type\":\"WebPage\",\"@id\":\"https:\\\/\\\/www.versiegelung24.com\\\/es\\\/premium-hormigon-piedra-sellado-extrema-repelencia-al-agua-no-transpirable.html\",\"url\":\"https:\\\/\\\/www.versiegelung24.com\\\/es\\\/premium-hormigon-piedra-sellado-extrema-repelencia-al-agua-no-transpirable.html\",\"name\":\"Sellado premium para hormig\u00f3n y piedra con profundizaci\u00f3n del color - versiegelung24\",\"isPartOf\":{\"@id\":\"https:\\\/\\\/www.versiegelung24.com\\\/es\\\/#website\"},\"primaryImageOfPage\":{\"@id\":\"https:\\\/\\\/www.versiegelung24.com\\\/es\\\/premium-hormigon-piedra-sellado-extrema-repelencia-al-agua-no-transpirable.html#primaryimage\"},\"image\":{\"@id\":\"https:\\\/\\\/www.versiegelung24.com\\\/es\\\/premium-hormigon-piedra-sellado-extrema-repelencia-al-agua-no-transpirable.html#primaryimage\"},\"thumbnailUrl\":\"https:\\\/\\\/www.versiegelung24.com\\\/wp-content\\\/uploads\\\/2020\\\/06\\\/produkt-3008-704-1000-Beton-Stein-Versiegelung-extreme-Wasserabweisung-nicht-atmungsaktiv-scaled.jpg\",\"datePublished\":\"2021-08-02T20:58:29+00:00\",\"dateModified\":\"2025-01-03T23:09:47+00:00\",\"description\":\"Sellado premium para hormig\u00f3n y piedra: obtenga m\u00e1s informaci\u00f3n sobre nuestro sellado premium para hormig\u00f3n y piedra con nanotecnolog\u00eda y profundizaci\u00f3n del color\",\"breadcrumb\":{\"@id\":\"https:\\\/\\\/www.versiegelung24.com\\\/es\\\/premium-hormigon-piedra-sellado-extrema-repelencia-al-agua-no-transpirable.html#breadcrumb\"},\"inLanguage\":\"es\",\"potentialAction\":[{\"@type\":\"ReadAction\",\"target\":[\"https:\\\/\\\/www.versiegelung24.com\\\/es\\\/premium-hormigon-piedra-sellado-extrema-repelencia-al-agua-no-transpirable.html\"]}]},{\"@type\":\"ImageObject\",\"inLanguage\":\"es\",\"@id\":\"https:\\\/\\\/www.versiegelung24.com\\\/es\\\/premium-hormigon-piedra-sellado-extrema-repelencia-al-agua-no-transpirable.html#primaryimage\",\"url\":\"https:\\\/\\\/www.versiegelung24.com\\\/wp-content\\\/uploads\\\/2020\\\/06\\\/produkt-3008-704-1000-Beton-Stein-Versiegelung-extreme-Wasserabweisung-nicht-atmungsaktiv-scaled.jpg\",\"contentUrl\":\"https:\\\/\\\/www.versiegelung24.com\\\/wp-content\\\/uploads\\\/2020\\\/06\\\/produkt-3008-704-1000-Beton-Stein-Versiegelung-extreme-Wasserabweisung-nicht-atmungsaktiv-scaled.jpg\",\"width\":2560,\"height\":2560},{\"@type\":\"BreadcrumbList\",\"@id\":\"https:\\\/\\\/www.versiegelung24.com\\\/es\\\/premium-hormigon-piedra-sellado-extrema-repelencia-al-agua-no-transpirable.html#breadcrumb\",\"itemListElement\":[{\"@type\":\"ListItem\",\"position\":1,\"name\":\"P\u00e1gina web\",\"item\":\"https:\\\/\\\/www.versiegelung24.com\\\/es\\\/frontal\\\/\"},{\"@type\":\"ListItem\",\"position\":2,\"name\":\"Tienda\",\"item\":\"https:\\\/\\\/www.versiegelung24.com\\\/es\\\/tienda\\\/\"},{\"@type\":\"ListItem\",\"position\":3,\"name\":\"Sellado de primera calidad para hormig\u00f3n y piedra con profundizaci\u00f3n del color, no transpirable\"}]},{\"@type\":\"WebSite\",\"@id\":\"https:\\\/\\\/www.versiegelung24.com\\\/es\\\/#website\",\"url\":\"https:\\\/\\\/www.versiegelung24.com\\\/es\\\/\",\"name\":\"versiegelung24.com\",\"description\":\"Fl\u00fcssigglas-Versiegelung - Made in Germany\",\"publisher\":{\"@id\":\"https:\\\/\\\/www.versiegelung24.com\\\/es\\\/#organization\"},\"potentialAction\":[{\"@type\":\"SearchAction\",\"target\":{\"@type\":\"EntryPoint\",\"urlTemplate\":\"https:\\\/\\\/www.versiegelung24.com\\\/es\\\/?s={search_term_string}\"},\"query-input\":{\"@type\":\"PropertyValueSpecification\",\"valueRequired\":true,\"valueName\":\"search_term_string\"}}],\"inLanguage\":\"es\"},{\"@type\":\"Organization\",\"@id\":\"https:\\\/\\\/www.versiegelung24.com\\\/es\\\/#organization\",\"name\":\"versiegelung24\",\"url\":\"https:\\\/\\\/www.versiegelung24.com\\\/es\\\/\",\"logo\":{\"@type\":\"ImageObject\",\"inLanguage\":\"es\",\"@id\":\"https:\\\/\\\/www.versiegelung24.com\\\/es\\\/#\\\/schema\\\/logo\\\/image\\\/\",\"url\":\"https:\\\/\\\/www.versiegelung24.com\\\/wp-content\\\/uploads\\\/2020\\\/04\\\/versiegelung24.png\",\"contentUrl\":\"https:\\\/\\\/www.versiegelung24.com\\\/wp-content\\\/uploads\\\/2020\\\/04\\\/versiegelung24.png\",\"width\":470,\"height\":102,\"caption\":\"versiegelung24\"},\"image\":{\"@id\":\"https:\\\/\\\/www.versiegelung24.com\\\/es\\\/#\\\/schema\\\/logo\\\/image\\\/\"}}]}<\/script>\n<meta property=\"og:availability\" content=\"instock\" \/>\n<meta property=\"product:availability\" content=\"instock\" \/>\n<meta property=\"product:retailer_item_id\" content=\"3008-704\" \/>\n<meta property=\"product:condition\" content=\"new\" \/>\n<!-- \/ Yoast SEO Premium plugin. -->","yoast_head_json":{"title":"Sellado premium para hormig\u00f3n y piedra con profundizaci\u00f3n del color - versiegelung24","description":"Sellado premium para hormig\u00f3n y piedra: obtenga m\u00e1s informaci\u00f3n sobre nuestro sellado premium para hormig\u00f3n y piedra con nanotecnolog\u00eda y profundizaci\u00f3n del color","robots":{"index":"index","follow":"follow","max-snippet":"max-snippet:-1","max-image-preview":"max-image-preview:large","max-video-preview":"max-video-preview:-1"},"canonical":"https:\/\/www.versiegelung24.com\/es\/premium-hormigon-piedra-sellado-extrema-repelencia-al-agua-no-transpirable.html","og_locale":"es_ES","og_type":"article","og_title":"Sellado de primera calidad para hormig\u00f3n y piedra con profundizaci\u00f3n del color, no transpirable","og_description":"Sellado premium para hormig\u00f3n y piedra: obtenga m\u00e1s informaci\u00f3n sobre nuestro sellado premium para hormig\u00f3n y piedra con nanotecnolog\u00eda y profundizaci\u00f3n del color","og_url":"https:\/\/www.versiegelung24.com\/es\/premium-hormigon-piedra-sellado-extrema-repelencia-al-agua-no-transpirable.html","og_site_name":"versiegelung24.com","article_modified_time":"2025-01-03T23:09:47+00:00","og_image":[{"width":2560,"height":2560,"url":"https:\/\/www.versiegelung24.com\/wp-content\/uploads\/2020\/06\/produkt-3008-704-1000-Beton-Stein-Versiegelung-extreme-Wasserabweisung-nicht-atmungsaktiv-scaled.jpg","type":"image\/jpeg"}],"twitter_card":"summary_large_image","twitter_misc":{"Disponibilidad":"Disponible"},"schema":{"@context":"https:\/\/schema.org","@graph":[{"@type":"WebPage","@id":"https:\/\/www.versiegelung24.com\/es\/premium-hormigon-piedra-sellado-extrema-repelencia-al-agua-no-transpirable.html","url":"https:\/\/www.versiegelung24.com\/es\/premium-hormigon-piedra-sellado-extrema-repelencia-al-agua-no-transpirable.html","name":"Sellado premium para hormig\u00f3n y piedra con profundizaci\u00f3n del color - versiegelung24","isPartOf":{"@id":"https:\/\/www.versiegelung24.com\/es\/#website"},"primaryImageOfPage":{"@id":"https:\/\/www.versiegelung24.com\/es\/premium-hormigon-piedra-sellado-extrema-repelencia-al-agua-no-transpirable.html#primaryimage"},"image":{"@id":"https:\/\/www.versiegelung24.com\/es\/premium-hormigon-piedra-sellado-extrema-repelencia-al-agua-no-transpirable.html#primaryimage"},"thumbnailUrl":"https:\/\/www.versiegelung24.com\/wp-content\/uploads\/2020\/06\/produkt-3008-704-1000-Beton-Stein-Versiegelung-extreme-Wasserabweisung-nicht-atmungsaktiv-scaled.jpg","datePublished":"2021-08-02T20:58:29+00:00","dateModified":"2025-01-03T23:09:47+00:00","description":"Sellado premium para hormig\u00f3n y piedra: obtenga m\u00e1s informaci\u00f3n sobre nuestro sellado premium para hormig\u00f3n y piedra con nanotecnolog\u00eda y profundizaci\u00f3n del color","breadcrumb":{"@id":"https:\/\/www.versiegelung24.com\/es\/premium-hormigon-piedra-sellado-extrema-repelencia-al-agua-no-transpirable.html#breadcrumb"},"inLanguage":"es","potentialAction":[{"@type":"ReadAction","target":["https:\/\/www.versiegelung24.com\/es\/premium-hormigon-piedra-sellado-extrema-repelencia-al-agua-no-transpirable.html"]}]},{"@type":"ImageObject","inLanguage":"es","@id":"https:\/\/www.versiegelung24.com\/es\/premium-hormigon-piedra-sellado-extrema-repelencia-al-agua-no-transpirable.html#primaryimage","url":"https:\/\/www.versiegelung24.com\/wp-content\/uploads\/2020\/06\/produkt-3008-704-1000-Beton-Stein-Versiegelung-extreme-Wasserabweisung-nicht-atmungsaktiv-scaled.jpg","contentUrl":"https:\/\/www.versiegelung24.com\/wp-content\/uploads\/2020\/06\/produkt-3008-704-1000-Beton-Stein-Versiegelung-extreme-Wasserabweisung-nicht-atmungsaktiv-scaled.jpg","width":2560,"height":2560},{"@type":"BreadcrumbList","@id":"https:\/\/www.versiegelung24.com\/es\/premium-hormigon-piedra-sellado-extrema-repelencia-al-agua-no-transpirable.html#breadcrumb","itemListElement":[{"@type":"ListItem","position":1,"name":"P\u00e1gina web","item":"https:\/\/www.versiegelung24.com\/es\/frontal\/"},{"@type":"ListItem","position":2,"name":"Tienda","item":"https:\/\/www.versiegelung24.com\/es\/tienda\/"},{"@type":"ListItem","position":3,"name":"Sellado de primera calidad para hormig\u00f3n y piedra con profundizaci\u00f3n del color, no transpirable"}]},{"@type":"WebSite","@id":"https:\/\/www.versiegelung24.com\/es\/#website","url":"https:\/\/www.versiegelung24.com\/es\/","name":"versiegelung24.com","description":"Fl\u00fcssigglas-Versiegelung - Made in Germany","publisher":{"@id":"https:\/\/www.versiegelung24.com\/es\/#organization"},"potentialAction":[{"@type":"SearchAction","target":{"@type":"EntryPoint","urlTemplate":"https:\/\/www.versiegelung24.com\/es\/?s={search_term_string}"},"query-input":{"@type":"PropertyValueSpecification","valueRequired":true,"valueName":"search_term_string"}}],"inLanguage":"es"},{"@type":"Organization","@id":"https:\/\/www.versiegelung24.com\/es\/#organization","name":"versiegelung24","url":"https:\/\/www.versiegelung24.com\/es\/","logo":{"@type":"ImageObject","inLanguage":"es","@id":"https:\/\/www.versiegelung24.com\/es\/#\/schema\/logo\/image\/","url":"https:\/\/www.versiegelung24.com\/wp-content\/uploads\/2020\/04\/versiegelung24.png","contentUrl":"https:\/\/www.versiegelung24.com\/wp-content\/uploads\/2020\/04\/versiegelung24.png","width":470,"height":102,"caption":"versiegelung24"},"image":{"@id":"https:\/\/www.versiegelung24.com\/es\/#\/schema\/logo\/image\/"}}]},"og_availability":"instock","product_availability":"instock","product_retailer_item_id":"3008-704","product_condition":"new"},"_links":{"self":[{"href":"https:\/\/www.versiegelung24.com\/es\/wp-json\/wp\/v2\/product\/24694","targetHints":{"allow":["GET"]}}],"collection":[{"href":"https:\/\/www.versiegelung24.com\/es\/wp-json\/wp\/v2\/product"}],"about":[{"href":"https:\/\/www.versiegelung24.com\/es\/wp-json\/wp\/v2\/types\/product"}],"version-history":[{"count":22,"href":"https:\/\/www.versiegelung24.com\/es\/wp-json\/wp\/v2\/product\/24694\/revisions"}],"predecessor-version":[{"id":173990,"href":"https:\/\/www.versiegelung24.com\/es\/wp-json\/wp\/v2\/product\/24694\/revisions\/173990"}],"wp:featuredmedia":[{"embeddable":true,"href":"https:\/\/www.versiegelung24.com\/es\/wp-json\/wp\/v2\/media\/18127"}],"wp:attachment":[{"href":"https:\/\/www.versiegelung24.com\/es\/wp-json\/wp\/v2\/media?parent=24694"}],"wp:term":[{"taxonomy":"product_brand","embeddable":true,"href":"https:\/\/www.versiegelung24.com\/es\/wp-json\/wp\/v2\/product_brand?post=24694"},{"taxonomy":"product_cat","embeddable":true,"href":"https:\/\/www.versiegelung24.com\/es\/wp-json\/wp\/v2\/product_cat?post=24694"},{"taxonomy":"product_tag","embeddable":true,"href":"https:\/\/www.versiegelung24.com\/es\/wp-json\/wp\/v2\/product_tag?post=24694"}],"curies":[{"name":"wp","href":"https:\/\/api.w.org\/{rel}","templated":true}]}}