{"id":24822,"date":"2020-06-24T11:29:26","date_gmt":"2020-06-24T09:29:26","guid":{"rendered":"https:\/\/www.versiegelung24.com\/produkt\/patron-sellado-de-adoquines"},"modified":"2025-01-04T00:30:56","modified_gmt":"2025-01-03T23:30:56","slug":"patron-de-sellado-de-adoquines","status":"publish","type":"product","link":"https:\/\/www.versiegelung24.com\/es\/patron-de-sellado-de-adoquines.html","title":{"rendered":"Muestra: Sellado de adoquines &#8211; 3006-7620"},"content":{"rendered":"<p>Muestra nuestro<a href=\"https:\/\/www.versiegelung24.com\/pflastersteinversiegelung.html\"> Sellado de adoquines<\/a> para aplicaci\u00f3n de prueba o sellado de \u00e1reas m\u00e1s peque\u00f1as.<\/p>\n","protected":false},"excerpt":{"rendered":"<p><strong>Sellado profesional de gran eficacia para adoquines de interior y exterior<\/strong> :<\/p>\n<p>\u2713 Protecci\u00f3n superficial permanente contra el agua, la suciedad y la intemperie<\/p>\n<p>\u2713 Invisible: aspecto y tacto de la superficie sin cambios<\/p>\n<p>\u2713 Efecto de profundidad de larga duraci\u00f3n durante muchos a\u00f1os.<\/p>\n<p>\u2713 La superficie sigue siendo transpirable<\/p>\n<p>\u2713 Efecto perla de loto repelente al agua<\/p>\n<p>\u2713 Absolutamente resistente a las heladas<\/p>\n","protected":false},"featured_media":14621,"template":"","meta":{"_acf_changed":false,"neve_meta_sidebar":"","neve_meta_container":"","neve_meta_enable_content_width":"","neve_meta_content_width":0,"neve_meta_title_alignment":"","neve_meta_author_avatar":"","neve_post_elements_order":"","neve_meta_disable_header":"","neve_meta_disable_footer":"","neve_meta_disable_title":"","neve_meta_reading_time":"","_surfaces":[],"_ver_product_tabs":[],"footnotes":""},"product_brand":[],"product_cat":[2661],"product_tag":[],"class_list":{"0":"post-24822","1":"product","2":"type-product","3":"status-publish","4":"has-post-thumbnail","6":"product_cat-modelo","7":"pa_gebinde-botella-de-50ml","8":"pa_gebinde-botella-de-100ml","10":"first","11":"instock","12":"sold-individually","13":"taxable","14":"shipping-taxable","15":"purchasable","16":"product-type-simple"},"acf":[],"yoast_head":"<!-- This site is optimized with the Yoast SEO Premium plugin v22.8 (Yoast SEO v27.3) - https:\/\/yoast.com\/product\/yoast-seo-premium-wordpress\/ -->\n<title>Muestra: Sellado de adoquines - 3006-7620 - versiegelung24.com<\/title>\n<meta name=\"robots\" content=\"index, follow, max-snippet:-1, max-image-preview:large, max-video-preview:-1\" \/>\n<link rel=\"canonical\" href=\"https:\/\/www.versiegelung24.com\/es\/patron-de-sellado-de-adoquines.html\" \/>\n<meta property=\"og:locale\" content=\"es_ES\" \/>\n<meta property=\"og:type\" content=\"article\" \/>\n<meta property=\"og:title\" content=\"Muestra: Sellado de adoquines - 3006-7620\" \/>\n<meta property=\"og:description\" content=\"Sellado profesional de gran eficacia para adoquines de interior y exterior : \u2713 Protecci\u00f3n superficial permanente contra el agua, la suciedad y la intemperie \u2713 Invisible: aspecto y tacto de la superficie sin cambios \u2713 Efecto de profundidad de larga duraci\u00f3n durante muchos a\u00f1os. \u2713 La superficie sigue siendo transpirable \u2713 Efecto perla de loto repelente al agua \u2713 Absolutamente resistente a las heladas\" \/>\n<meta property=\"og:url\" content=\"https:\/\/www.versiegelung24.com\/es\/patron-de-sellado-de-adoquines.html\" \/>\n<meta property=\"og:site_name\" content=\"versiegelung24.com\" \/>\n<meta property=\"article:modified_time\" content=\"2025-01-03T23:30:56+00:00\" \/>\n<meta property=\"og:image\" content=\"https:\/\/www.versiegelung24.com\/wp-content\/uploads\/2020\/04\/versiegelung-muster.png\" \/>\n\t<meta property=\"og:image:width\" content=\"1000\" \/>\n\t<meta property=\"og:image:height\" content=\"1000\" \/>\n\t<meta property=\"og:image:type\" content=\"image\/png\" \/>\n<meta name=\"twitter:card\" content=\"summary_large_image\" \/>\n<meta name=\"twitter:label1\" content=\"Precio\" \/>\n\t<meta name=\"twitter:data1\" content=\"14,99&euro;\" \/>\n\t<meta name=\"twitter:label2\" content=\"Disponibilidad\" \/>\n\t<meta name=\"twitter:data2\" content=\"Disponible\" \/>\n<script type=\"application\/ld+json\" class=\"yoast-schema-graph\">{\"@context\":\"https:\\\/\\\/schema.org\",\"@graph\":[{\"@type\":\"WebPage\",\"@id\":\"https:\\\/\\\/www.versiegelung24.com\\\/es\\\/patron-de-sellado-de-adoquines.html\",\"url\":\"https:\\\/\\\/www.versiegelung24.com\\\/es\\\/patron-de-sellado-de-adoquines.html\",\"name\":\"Muestra: Sellado de adoquines - 3006-7620 - versiegelung24.com\",\"isPartOf\":{\"@id\":\"https:\\\/\\\/www.versiegelung24.com\\\/es\\\/#website\"},\"primaryImageOfPage\":{\"@id\":\"https:\\\/\\\/www.versiegelung24.com\\\/es\\\/patron-de-sellado-de-adoquines.html#primaryimage\"},\"image\":{\"@id\":\"https:\\\/\\\/www.versiegelung24.com\\\/es\\\/patron-de-sellado-de-adoquines.html#primaryimage\"},\"thumbnailUrl\":\"https:\\\/\\\/www.versiegelung24.com\\\/wp-content\\\/uploads\\\/2020\\\/04\\\/versiegelung-muster.png\",\"datePublished\":\"2020-06-24T09:29:26+00:00\",\"dateModified\":\"2025-01-03T23:30:56+00:00\",\"breadcrumb\":{\"@id\":\"https:\\\/\\\/www.versiegelung24.com\\\/es\\\/patron-de-sellado-de-adoquines.html#breadcrumb\"},\"inLanguage\":\"es\",\"potentialAction\":[{\"@type\":\"ReadAction\",\"target\":[\"https:\\\/\\\/www.versiegelung24.com\\\/es\\\/patron-de-sellado-de-adoquines.html\"]}]},{\"@type\":\"ImageObject\",\"inLanguage\":\"es\",\"@id\":\"https:\\\/\\\/www.versiegelung24.com\\\/es\\\/patron-de-sellado-de-adoquines.html#primaryimage\",\"url\":\"https:\\\/\\\/www.versiegelung24.com\\\/wp-content\\\/uploads\\\/2020\\\/04\\\/versiegelung-muster.png\",\"contentUrl\":\"https:\\\/\\\/www.versiegelung24.com\\\/wp-content\\\/uploads\\\/2020\\\/04\\\/versiegelung-muster.png\",\"width\":1000,\"height\":1000},{\"@type\":\"BreadcrumbList\",\"@id\":\"https:\\\/\\\/www.versiegelung24.com\\\/es\\\/patron-de-sellado-de-adoquines.html#breadcrumb\",\"itemListElement\":[{\"@type\":\"ListItem\",\"position\":1,\"name\":\"P\u00e1gina web\",\"item\":\"https:\\\/\\\/www.versiegelung24.com\\\/es\\\/frontal\\\/\"},{\"@type\":\"ListItem\",\"position\":2,\"name\":\"Tienda\",\"item\":\"https:\\\/\\\/www.versiegelung24.com\\\/es\\\/tienda\\\/\"},{\"@type\":\"ListItem\",\"position\":3,\"name\":\"Muestra: Sellado de adoquines &#8211; 3006-7620\"}]},{\"@type\":\"WebSite\",\"@id\":\"https:\\\/\\\/www.versiegelung24.com\\\/es\\\/#website\",\"url\":\"https:\\\/\\\/www.versiegelung24.com\\\/es\\\/\",\"name\":\"versiegelung24.com\",\"description\":\"Fl\u00fcssigglas-Versiegelung - Made in Germany\",\"publisher\":{\"@id\":\"https:\\\/\\\/www.versiegelung24.com\\\/es\\\/#organization\"},\"potentialAction\":[{\"@type\":\"SearchAction\",\"target\":{\"@type\":\"EntryPoint\",\"urlTemplate\":\"https:\\\/\\\/www.versiegelung24.com\\\/es\\\/?s={search_term_string}\"},\"query-input\":{\"@type\":\"PropertyValueSpecification\",\"valueRequired\":true,\"valueName\":\"search_term_string\"}}],\"inLanguage\":\"es\"},{\"@type\":\"Organization\",\"@id\":\"https:\\\/\\\/www.versiegelung24.com\\\/es\\\/#organization\",\"name\":\"versiegelung24\",\"url\":\"https:\\\/\\\/www.versiegelung24.com\\\/es\\\/\",\"logo\":{\"@type\":\"ImageObject\",\"inLanguage\":\"es\",\"@id\":\"https:\\\/\\\/www.versiegelung24.com\\\/es\\\/#\\\/schema\\\/logo\\\/image\\\/\",\"url\":\"https:\\\/\\\/www.versiegelung24.com\\\/wp-content\\\/uploads\\\/2020\\\/04\\\/versiegelung24.png\",\"contentUrl\":\"https:\\\/\\\/www.versiegelung24.com\\\/wp-content\\\/uploads\\\/2020\\\/04\\\/versiegelung24.png\",\"width\":470,\"height\":102,\"caption\":\"versiegelung24\"},\"image\":{\"@id\":\"https:\\\/\\\/www.versiegelung24.com\\\/es\\\/#\\\/schema\\\/logo\\\/image\\\/\"}}]}<\/script>\n<meta property=\"product:price:amount\" content=\"14.99\" \/>\n<meta property=\"product:price:currency\" content=\"EUR\" \/>\n<meta property=\"og:availability\" content=\"instock\" \/>\n<meta property=\"product:availability\" content=\"instock\" \/>\n<meta property=\"product:retailer_item_id\" content=\"3006-7620-muster\" \/>\n<meta property=\"product:condition\" content=\"new\" \/>\n<!-- \/ Yoast SEO Premium plugin. -->","yoast_head_json":{"title":"Muestra: Sellado de adoquines - 3006-7620 - versiegelung24.com","robots":{"index":"index","follow":"follow","max-snippet":"max-snippet:-1","max-image-preview":"max-image-preview:large","max-video-preview":"max-video-preview:-1"},"canonical":"https:\/\/www.versiegelung24.com\/es\/patron-de-sellado-de-adoquines.html","og_locale":"es_ES","og_type":"article","og_title":"Muestra: Sellado de adoquines - 3006-7620","og_description":"Sellado profesional de gran eficacia para adoquines de interior y exterior : \u2713 Protecci\u00f3n superficial permanente contra el agua, la suciedad y la intemperie \u2713 Invisible: aspecto y tacto de la superficie sin cambios \u2713 Efecto de profundidad de larga duraci\u00f3n durante muchos a\u00f1os. \u2713 La superficie sigue siendo transpirable \u2713 Efecto perla de loto repelente al agua \u2713 Absolutamente resistente a las heladas","og_url":"https:\/\/www.versiegelung24.com\/es\/patron-de-sellado-de-adoquines.html","og_site_name":"versiegelung24.com","article_modified_time":"2025-01-03T23:30:56+00:00","og_image":[{"width":1000,"height":1000,"url":"https:\/\/www.versiegelung24.com\/wp-content\/uploads\/2020\/04\/versiegelung-muster.png","type":"image\/png"}],"twitter_card":"summary_large_image","twitter_misc":{"Precio":"14,99&euro;","Disponibilidad":"Disponible"},"schema":{"@context":"https:\/\/schema.org","@graph":[{"@type":"WebPage","@id":"https:\/\/www.versiegelung24.com\/es\/patron-de-sellado-de-adoquines.html","url":"https:\/\/www.versiegelung24.com\/es\/patron-de-sellado-de-adoquines.html","name":"Muestra: Sellado de adoquines - 3006-7620 - versiegelung24.com","isPartOf":{"@id":"https:\/\/www.versiegelung24.com\/es\/#website"},"primaryImageOfPage":{"@id":"https:\/\/www.versiegelung24.com\/es\/patron-de-sellado-de-adoquines.html#primaryimage"},"image":{"@id":"https:\/\/www.versiegelung24.com\/es\/patron-de-sellado-de-adoquines.html#primaryimage"},"thumbnailUrl":"https:\/\/www.versiegelung24.com\/wp-content\/uploads\/2020\/04\/versiegelung-muster.png","datePublished":"2020-06-24T09:29:26+00:00","dateModified":"2025-01-03T23:30:56+00:00","breadcrumb":{"@id":"https:\/\/www.versiegelung24.com\/es\/patron-de-sellado-de-adoquines.html#breadcrumb"},"inLanguage":"es","potentialAction":[{"@type":"ReadAction","target":["https:\/\/www.versiegelung24.com\/es\/patron-de-sellado-de-adoquines.html"]}]},{"@type":"ImageObject","inLanguage":"es","@id":"https:\/\/www.versiegelung24.com\/es\/patron-de-sellado-de-adoquines.html#primaryimage","url":"https:\/\/www.versiegelung24.com\/wp-content\/uploads\/2020\/04\/versiegelung-muster.png","contentUrl":"https:\/\/www.versiegelung24.com\/wp-content\/uploads\/2020\/04\/versiegelung-muster.png","width":1000,"height":1000},{"@type":"BreadcrumbList","@id":"https:\/\/www.versiegelung24.com\/es\/patron-de-sellado-de-adoquines.html#breadcrumb","itemListElement":[{"@type":"ListItem","position":1,"name":"P\u00e1gina web","item":"https:\/\/www.versiegelung24.com\/es\/frontal\/"},{"@type":"ListItem","position":2,"name":"Tienda","item":"https:\/\/www.versiegelung24.com\/es\/tienda\/"},{"@type":"ListItem","position":3,"name":"Muestra: Sellado de adoquines &#8211; 3006-7620"}]},{"@type":"WebSite","@id":"https:\/\/www.versiegelung24.com\/es\/#website","url":"https:\/\/www.versiegelung24.com\/es\/","name":"versiegelung24.com","description":"Fl\u00fcssigglas-Versiegelung - Made in Germany","publisher":{"@id":"https:\/\/www.versiegelung24.com\/es\/#organization"},"potentialAction":[{"@type":"SearchAction","target":{"@type":"EntryPoint","urlTemplate":"https:\/\/www.versiegelung24.com\/es\/?s={search_term_string}"},"query-input":{"@type":"PropertyValueSpecification","valueRequired":true,"valueName":"search_term_string"}}],"inLanguage":"es"},{"@type":"Organization","@id":"https:\/\/www.versiegelung24.com\/es\/#organization","name":"versiegelung24","url":"https:\/\/www.versiegelung24.com\/es\/","logo":{"@type":"ImageObject","inLanguage":"es","@id":"https:\/\/www.versiegelung24.com\/es\/#\/schema\/logo\/image\/","url":"https:\/\/www.versiegelung24.com\/wp-content\/uploads\/2020\/04\/versiegelung24.png","contentUrl":"https:\/\/www.versiegelung24.com\/wp-content\/uploads\/2020\/04\/versiegelung24.png","width":470,"height":102,"caption":"versiegelung24"},"image":{"@id":"https:\/\/www.versiegelung24.com\/es\/#\/schema\/logo\/image\/"}}]},"product_price_amount":"14.99","product_price_currency":"EUR","og_availability":"instock","product_availability":"instock","product_retailer_item_id":"3006-7620-muster","product_condition":"new"},"_links":{"self":[{"href":"https:\/\/www.versiegelung24.com\/es\/wp-json\/wp\/v2\/product\/24822","targetHints":{"allow":["GET"]}}],"collection":[{"href":"https:\/\/www.versiegelung24.com\/es\/wp-json\/wp\/v2\/product"}],"about":[{"href":"https:\/\/www.versiegelung24.com\/es\/wp-json\/wp\/v2\/types\/product"}],"version-history":[{"count":2,"href":"https:\/\/www.versiegelung24.com\/es\/wp-json\/wp\/v2\/product\/24822\/revisions"}],"predecessor-version":[{"id":141058,"href":"https:\/\/www.versiegelung24.com\/es\/wp-json\/wp\/v2\/product\/24822\/revisions\/141058"}],"wp:featuredmedia":[{"embeddable":true,"href":"https:\/\/www.versiegelung24.com\/es\/wp-json\/wp\/v2\/media\/14621"}],"wp:attachment":[{"href":"https:\/\/www.versiegelung24.com\/es\/wp-json\/wp\/v2\/media?parent=24822"}],"wp:term":[{"taxonomy":"product_brand","embeddable":true,"href":"https:\/\/www.versiegelung24.com\/es\/wp-json\/wp\/v2\/product_brand?post=24822"},{"taxonomy":"product_cat","embeddable":true,"href":"https:\/\/www.versiegelung24.com\/es\/wp-json\/wp\/v2\/product_cat?post=24822"},{"taxonomy":"product_tag","embeddable":true,"href":"https:\/\/www.versiegelung24.com\/es\/wp-json\/wp\/v2\/product_tag?post=24822"}],"curies":[{"name":"wp","href":"https:\/\/api.w.org\/{rel}","templated":true}]}}