{"id":37481,"date":"2021-09-27T11:17:44","date_gmt":"2021-09-27T09:31:46","guid":{"rendered":"https:\/\/www.versiegelung24.com\/produkt\/capa-protectora-de-vidrio-liquido-para-telefonos-moviles-contra-bacterias-y-virus"},"modified":"2025-01-05T15:38:31","modified_gmt":"2025-01-05T14:38:31","slug":"practica-capa-protectora-de-vidrio-liquido-contra-bacterias-virus","status":"publish","type":"product","link":"https:\/\/www.versiegelung24.com\/es\/practica-capa-protectora-de-vidrio-liquido-contra-bacterias-virus.html","title":{"rendered":"Desinfectante de larga duraci\u00f3n para tel\u00e9fonos inteligentes y tel\u00e9fonos m\u00f3viles contra bacterias y virus"},"content":{"rendered":"\n<h2 class=\"wp-block-heading\" id=\"h-neuheit-am-markt-smartphones-amp-handys-fur-3-monate-mit-einer-unsichtbaren-flussigglas-schicht-gegen-bakterien-viren-und-pilze-schutzen\">Nuevo en el mercado: proteja los tel\u00e9fonos inteligentes y tel\u00e9fonos m\u00f3viles contra bacterias, virus y hongos durante 3 meses<\/h2>\n<div class=\"wp-block-image\">\n<figure class=\"aligncenter size-large\"><img fetchpriority=\"high\" decoding=\"async\" width=\"2560\" height=\"1440\" src=\"https:\/\/www.versiegelung24.com\/wp-content\/uploads\/2021\/09\/handy_bakterien-viren-edited-scaled.jpeg\" alt=\"\" class=\"wp-image-38698\" srcset=\"https:\/\/www.versiegelung24.com\/wp-content\/uploads\/2021\/09\/handy_bakterien-viren-edited-scaled.jpeg 2560w, https:\/\/www.versiegelung24.com\/wp-content\/uploads\/2021\/09\/handy_bakterien-viren-edited-scaled-600x338.jpeg 600w, https:\/\/www.versiegelung24.com\/wp-content\/uploads\/2021\/09\/handy_bakterien-viren-edited-300x169.jpeg 300w, https:\/\/www.versiegelung24.com\/wp-content\/uploads\/2021\/09\/handy_bakterien-viren-edited-1300x731.jpeg 1300w, https:\/\/www.versiegelung24.com\/wp-content\/uploads\/2021\/09\/handy_bakterien-viren-edited-768x432.jpeg 768w, https:\/\/www.versiegelung24.com\/wp-content\/uploads\/2021\/09\/handy_bakterien-viren-edited-1536x864.jpeg 1536w, https:\/\/www.versiegelung24.com\/wp-content\/uploads\/2021\/09\/handy_bakterien-viren-edited-2048x1152.jpeg 2048w\" sizes=\"(max-width: 2560px) 100vw, 2560px\" \/><figcaption class=\"wp-element-caption\">El tel\u00e9fono inteligente como portador de bacterias, virus y hongos<\/figcaption><\/figure>\n<\/div>\n<p>Hoy el tel\u00e9fono inteligente es un compa\u00f1ero constante. Mucha gente lo toma cientos de veces durante el d\u00eda. El tel\u00e9fono m\u00f3vil est\u00e1 presente en todas partes<strong> &#8211;<\/strong> ya sea al dormir y descansar, ya sea en el ba\u00f1o o durante el deporte y el tiempo libre. Un verdadero fest\u00edn para la transmisi\u00f3n de virus y bacterias. <\/p>\n\n<p>El usuario debe tomarse muy en serio el riesgo de bacterias, hongos y virus en los tel\u00e9fonos inteligentes. No solo son insalubres, sino que pueden afectar tanto el bienestar como la salud. Por cierto, es mucho m\u00e1s agradable usar un tel\u00e9fono celular o un tel\u00e9fono inteligente generalmente limpio e higi\u00e9nicamente mantenido.<\/p>\n\n<hr\/>\n\n<h4 class=\"wp-block-heading\" id=\"video\">Video<\/h4>\n\n<figure class=\"wp-block-embed aligncenter is-type-rich is-provider-handler-einbetten wp-block-embed-handler-einbetten wp-embed-aspect-16-9 wp-has-aspect-ratio\"><div class=\"wp-block-embed__wrapper\"> \n<div class=\"nv-iframe-embed\"><iframe title=\"Award-winning Mobile Phone Sanitizer by LiquiGlas (904)\" width=\"1200\" height=\"675\" src=\"https:\/\/www.youtube.com\/embed\/OPwnhKcFTvA?feature=oembed\" frameborder=\"0\" allow=\"accelerometer; autoplay; clipboard-write; encrypted-media; gyroscope; picture-in-picture\" allowfullscreen><\/iframe><\/div>\n <\/div><\/figure>\n\n<hr\/>\n\n<h4 class=\"wp-block-heading\" id=\"properties\">Caracter\u00edsticas del producto<\/h4>\n\n<div class=\"wp-block-columns is-layout-flex wp-container-core-columns-is-layout-9d6595d7 wp-block-columns-is-layout-flex\">\n<div class=\"wp-block-column is-layout-flow wp-block-column-is-layout-flow\">\n<h2 class=\"wp-block-heading\" id=\"die-highlights-auf-einen-blick\">Lo m\u00e1s destacado de un vistazo<\/h2>\n\n\n\n<p><br\/><br\/><br\/><br\/><br\/>&#8211; protecci\u00f3n bacteriana excepcional a largo plazo \u00fanica &#8211; neutralizaci\u00f3n garantizada de bacterias, hongos y virus &#8211; sencillo y f\u00e1cil de usar &#8211; desinfecci\u00f3n de grado m\u00e9dico &#8211; protecci\u00f3n adicional contra el coronavirus &#8211; ganador del Premio MedTech 2020 &#8211; mejor efecto a largo plazo en superficies contra pat\u00f3genos<\/p>\n<\/div>\n\n\n\n<div class=\"wp-block-column is-layout-flow wp-block-column-is-layout-flow\">\n<h2 class=\"wp-block-heading\" id=\"lieferumfang\">alcance de la entrega<\/h2>\n\n\n\n<p>12 toallitas protectoras de bacterias, para usar 1 vez por semana = 3 meses<\/p>\n<\/div>\n<\/div>\n\n<hr\/>\n\n<h4 class=\"wp-block-heading\" id=\"application\">Aplicaci\u00f3n<\/h4>\n\n<h2 class=\"wp-block-heading\" id=\"die-anwendung-hygienisch-sauberes-handy\">La aplicaci\u00f3n: tel\u00e9fono m\u00f3vil higi\u00e9nicamente limpio<\/h2>\n\n<div class=\"wp-block-getwid-toggle has-icon-left\">\n<div class=\"wp-block-getwid-toggle__row\"><div class=\"wp-block-getwid-toggle__header-wrapper\"><span class=\"wp-block-getwid-toggle__header\"><a href=\"#\"><span class=\"wp-block-getwid-toggle__header-title\">1. Smartphone s\u00e4ubern<\/span><span class=\"wp-block-getwid-toggle__icon is-active\"><i class=\"fas fa-plus\"><\/i><\/span><span class=\"wp-block-getwid-toggle__icon is-passive\"><i class=\"fas fa-minus\"><\/i><\/span><\/a><\/span><\/div><div class=\"wp-block-getwid-toggle__content-wrapper\"><div class=\"wp-block-getwid-toggle__content\">\n<p>El dispositivo final se limpia en la parte delantera y trasera con un pa\u00f1o de microfibra o un pa\u00f1o seco que no suelte pelusa con el objetivo de eliminar las huellas dactilares, la suciedad y cualquier abrasi\u00f3n.<\/p>\n<\/div><\/div><\/div>\n\n\n\n<div class=\"wp-block-getwid-toggle__row\"><div class=\"wp-block-getwid-toggle__header-wrapper\"><span class=\"wp-block-getwid-toggle__header\"><a href=\"#\"><span class=\"wp-block-getwid-toggle__header-title\">2. Smartphone desinfizieren<\/span><span class=\"wp-block-getwid-toggle__icon is-active\"><i class=\"fas fa-plus\"><\/i><\/span><span class=\"wp-block-getwid-toggle__icon is-passive\"><i class=\"fas fa-minus\"><\/i><\/span><\/a><\/span><\/div><div class=\"wp-block-getwid-toggle__content-wrapper\"><div class=\"wp-block-getwid-toggle__content\">\n<p>Se abre el paquete de 12 y se retira la primera toallita desinfectante envuelta en pl\u00e1stico. Con un lado de la toallita desinfectante, el tel\u00e9fono celular se limpia a fondo en la parte delantera y trasera, en otras palabras, se limpia. A continuaci\u00f3n, se desinfecta el dispositivo final durante unos 30 segundos con el otro lado del pa\u00f1o todav\u00eda limpio. Esto crea un ligero velo en su superficie.<\/p>\n<\/div><\/div><\/div>\n\n\n\n<div class=\"wp-block-getwid-toggle__row\"><div class=\"wp-block-getwid-toggle__header-wrapper\"><span class=\"wp-block-getwid-toggle__header\"><a href=\"#\"><span class=\"wp-block-getwid-toggle__header-title\">3. Trocknungsvorgang<\/span><span class=\"wp-block-getwid-toggle__icon is-active\"><i class=\"fas fa-plus\"><\/i><\/span><span class=\"wp-block-getwid-toggle__icon is-passive\"><i class=\"fas fa-minus\"><\/i><\/span><\/a><\/span><\/div><div class=\"wp-block-getwid-toggle__content-wrapper\"><div class=\"wp-block-getwid-toggle__content\">\n<p>A esto le sigue un proceso de secado de dos a tres minutos. El l\u00edquido aplicado act\u00faa y forma una capa protectora desinfectante.<\/p>\n<\/div><\/div><\/div>\n\n\n\n<div class=\"wp-block-getwid-toggle__row\"><div class=\"wp-block-getwid-toggle__header-wrapper\"><span class=\"wp-block-getwid-toggle__header\"><a href=\"#\"><span class=\"wp-block-getwid-toggle__header-title\">4. Nachpolieren<\/span><span class=\"wp-block-getwid-toggle__icon is-active\"><i class=\"fas fa-plus\"><\/i><\/span><span class=\"wp-block-getwid-toggle__icon is-passive\"><i class=\"fas fa-minus\"><\/i><\/span><\/a><\/span><\/div><div class=\"wp-block-getwid-toggle__content-wrapper\"><div class=\"wp-block-getwid-toggle__content\">\n<p>Al final del proceso de secado, el tel\u00e9fono m\u00f3vil se vuelve a cubrir con un pa\u00f1o de secado limpio.<strong> &#8211;<\/strong> por ejemplo de microfibra<strong> &#8211;<\/strong> Repulido hasta que la superficie est\u00e9 libre de rayas. La protecci\u00f3n de desinfecci\u00f3n a largo plazo que se ha desarrollado ahora contin\u00faa trabajando intensamente durante los pr\u00f3ximos siete a diez d\u00edas.<\/p>\n<\/div><\/div><\/div>\n<\/div>\n\n<br\/>\n\n<hr\/>\n\n<h4 class=\"wp-block-heading\" id=\"advisor\">Consejero<\/h4>\n\n<h2 class=\"wp-block-heading\" id=\"award-gewinner-handy-desinfektion-raumt-ab\">Ganador del premio: gana la desinfecci\u00f3n de tel\u00e9fonos m\u00f3viles<\/h2>\n\n<p>La novedad en el mercado de la protecci\u00f3n desinfectante de dispositivos terminales m\u00f3viles como tel\u00e9fonos m\u00f3viles, tel\u00e9fonos inteligentes o tabletas es el paquete de 12 toallitas protectoras bacterianas de CCM\u00ae. CCM son las siglas de Creative Chemical Manufacturer GmbH con sede en Overath, Renania del Norte-Westfalia.<\/p>\n\n<figure class=\"wp-block-image size-full\"><img decoding=\"async\" width=\"700\" height=\"207\" src=\"https:\/\/www.versiegelung24.com\/wp-content\/uploads\/2021\/09\/2020-MedTech-Awards-2.png\" alt=\"\" class=\"wp-image-37295\" srcset=\"https:\/\/www.versiegelung24.com\/wp-content\/uploads\/2021\/09\/2020-MedTech-Awards-2.png 700w, https:\/\/www.versiegelung24.com\/wp-content\/uploads\/2021\/09\/2020-MedTech-Awards-2-600x177.png 600w, https:\/\/www.versiegelung24.com\/wp-content\/uploads\/2021\/09\/2020-MedTech-Awards-2-300x89.png 300w\" sizes=\"(max-width: 700px) 100vw, 700px\" \/><figcaption class=\"wp-element-caption\"><strong>Galardonado con el premio MedTech &#8211; Mejor soluci\u00f3n de protecci\u00f3n antipat\u00f3gena a largo plazo<\/strong><\/figcaption><\/figure>\n\n<h2 class=\"wp-block-heading\" id=\"ohne-handy-und-smartphone-desinfizieren-geht-es-einfach-nicht\">\u00a1Desinfectar sin un tel\u00e9fono m\u00f3vil y un tel\u00e9fono inteligente simplemente no es posible!<\/h2>\n\n<p>La gente ahora est\u00e1 acostumbrada a lavarse y desinfectarse las manos con regularidad. Es muy importante no olvidar desinfectar su propio tel\u00e9fono inteligente. Si se usa correctamente, el pa\u00f1o protector bacteriano desarrolla un efecto desinfectante constante durante hasta diez d\u00edas. Con el paquete de 12, el dispositivo final est\u00e1 siempre en perfectas condiciones higi\u00e9nicas durante un cuarto de a\u00f1o.<\/p>\n\n<p><\/p>\n\n<p><strong>El uso regular de los doce pa\u00f1os protectores crea una capa de vidrio l\u00edquido ultrafino en la superficie del tel\u00e9fono inteligente.<\/strong> Previene la formaci\u00f3n y, como resultado, el establecimiento de pat\u00f3genos. Como efecto secundario positivo, la superficie se vuelve cada vez m\u00e1s lisa y se puede limpiar muy f\u00e1cilmente. Este efecto aumenta cuanto m\u00e1s tiempo se utilizan las toallitas desinfectantes.<\/p>\n","protected":false},"excerpt":{"rendered":"<p>La novedad en el mercado de la protecci\u00f3n desinfectante de dispositivos terminales m\u00f3viles como tel\u00e9fonos m\u00f3viles, tel\u00e9fonos inteligentes o tabletas es el paquete de 12 toallitas protectoras bacterianas de CCM\u00ae.<\/p>\n<p>Certificado con el Premio MedTech<strong>&#8220;Mejor soluci\u00f3n de protecci\u00f3n antipat\u00f3gena a largo plazo&#8221;<\/p>\n<p><\/strong><\/p>\n<p><img decoding=\"async\" class=\"alignnone size-medium wp-image-37295\" src=\"https:\/\/www.versiegelung24.com\/wp-content\/uploads\/2021\/09\/2020-MedTech-Awards-2-300x89.png\" alt=\"\" width=\"300\" height=\"89\" srcset=\"https:\/\/www.versiegelung24.com\/wp-content\/uploads\/2021\/09\/2020-MedTech-Awards-2-300x89.png 300w, https:\/\/www.versiegelung24.com\/wp-content\/uploads\/2021\/09\/2020-MedTech-Awards-2-600x177.png 600w, https:\/\/www.versiegelung24.com\/wp-content\/uploads\/2021\/09\/2020-MedTech-Awards-2.png 700w\" sizes=\"(max-width: 300px) 100vw, 300px\" \/><\/p>\n","protected":false},"featured_media":63254,"template":"","meta":{"_acf_changed":false,"neve_meta_sidebar":"","neve_meta_container":"","neve_meta_enable_content_width":"","neve_meta_content_width":0,"neve_meta_title_alignment":"","neve_meta_author_avatar":"","neve_post_elements_order":"","neve_meta_disable_header":"","neve_meta_disable_footer":"","neve_meta_disable_title":"","neve_meta_reading_time":"","_surfaces":[],"_ver_product_tabs":[],"footnotes":""},"product_brand":[],"product_cat":[2239,3025],"product_tag":[],"class_list":{"0":"post-37481","1":"product","2":"type-product","3":"status-publish","4":"has-post-thumbnail","6":"product_cat-desinfectantes","7":"product_cat-desinfectante-para-celular","9":"first","10":"instock","11":"taxable","12":"shipping-taxable","13":"purchasable","14":"product-type-simple"},"acf":[],"yoast_head":"<!-- This site is optimized with the Yoast SEO Premium plugin v22.8 (Yoast SEO v27.4) - https:\/\/yoast.com\/product\/yoast-seo-premium-wordpress\/ -->\n<title>Desinfectante de larga duraci\u00f3n para tel\u00e9fonos inteligentes y tel\u00e9fonos m\u00f3viles contra bacterias y virus - versiegelung24.com<\/title>\n<meta name=\"robots\" content=\"index, follow, max-snippet:-1, max-image-preview:large, max-video-preview:-1\" \/>\n<link rel=\"canonical\" href=\"https:\/\/www.versiegelung24.com\/es\/practica-capa-protectora-de-vidrio-liquido-contra-bacterias-virus.html\" \/>\n<meta property=\"og:locale\" content=\"es_ES\" \/>\n<meta property=\"og:type\" content=\"article\" \/>\n<meta property=\"og:title\" content=\"Desinfectante de larga duraci\u00f3n para tel\u00e9fonos inteligentes y tel\u00e9fonos m\u00f3viles contra bacterias y virus\" \/>\n<meta property=\"og:description\" content=\"La novedad en el mercado de la protecci\u00f3n desinfectante de dispositivos terminales m\u00f3viles como tel\u00e9fonos m\u00f3viles, tel\u00e9fonos inteligentes o tabletas es el paquete de 12 toallitas protectoras bacterianas de CCM\u00ae. Certificado con el Premio MedTech&quot;Mejor soluci\u00f3n de protecci\u00f3n antipat\u00f3gena a largo plazo&quot;\" \/>\n<meta property=\"og:url\" content=\"https:\/\/www.versiegelung24.com\/es\/practica-capa-protectora-de-vidrio-liquido-contra-bacterias-virus.html\" \/>\n<meta property=\"og:site_name\" content=\"versiegelung24.com\" \/>\n<meta property=\"article:modified_time\" content=\"2025-01-05T14:38:31+00:00\" \/>\n<meta property=\"og:image\" content=\"https:\/\/www.versiegelung24.com\/wp-content\/uploads\/2021\/09\/produkt-4009-904-Handy-Bakterienschutz-Verpackung1.jpg\" \/>\n\t<meta property=\"og:image:width\" content=\"2000\" \/>\n\t<meta property=\"og:image:height\" content=\"2000\" \/>\n\t<meta property=\"og:image:type\" content=\"image\/jpeg\" \/>\n<meta name=\"twitter:card\" content=\"summary_large_image\" \/>\n<meta name=\"twitter:label1\" content=\"Precio\" \/>\n\t<meta name=\"twitter:data1\" content=\"10,99&euro;\" \/>\n\t<meta name=\"twitter:label2\" content=\"Disponibilidad\" \/>\n\t<meta name=\"twitter:data2\" content=\"Disponible\" \/>\n<script type=\"application\/ld+json\" class=\"yoast-schema-graph\">{\"@context\":\"https:\\\/\\\/schema.org\",\"@graph\":[{\"@type\":\"WebPage\",\"@id\":\"https:\\\/\\\/www.versiegelung24.com\\\/es\\\/practica-capa-protectora-de-vidrio-liquido-contra-bacterias-virus.html\",\"url\":\"https:\\\/\\\/www.versiegelung24.com\\\/es\\\/practica-capa-protectora-de-vidrio-liquido-contra-bacterias-virus.html\",\"name\":\"Desinfectante de larga duraci\u00f3n para tel\u00e9fonos inteligentes y tel\u00e9fonos m\u00f3viles contra bacterias y virus - versiegelung24.com\",\"isPartOf\":{\"@id\":\"https:\\\/\\\/www.versiegelung24.com\\\/es\\\/#website\"},\"primaryImageOfPage\":{\"@id\":\"https:\\\/\\\/www.versiegelung24.com\\\/es\\\/practica-capa-protectora-de-vidrio-liquido-contra-bacterias-virus.html#primaryimage\"},\"image\":{\"@id\":\"https:\\\/\\\/www.versiegelung24.com\\\/es\\\/practica-capa-protectora-de-vidrio-liquido-contra-bacterias-virus.html#primaryimage\"},\"thumbnailUrl\":\"https:\\\/\\\/www.versiegelung24.com\\\/wp-content\\\/uploads\\\/2021\\\/09\\\/produkt-4009-904-Handy-Bakterienschutz-Verpackung1.jpg\",\"datePublished\":\"2021-09-27T09:31:46+00:00\",\"dateModified\":\"2025-01-05T14:38:31+00:00\",\"breadcrumb\":{\"@id\":\"https:\\\/\\\/www.versiegelung24.com\\\/es\\\/practica-capa-protectora-de-vidrio-liquido-contra-bacterias-virus.html#breadcrumb\"},\"inLanguage\":\"es\",\"potentialAction\":[{\"@type\":\"ReadAction\",\"target\":[\"https:\\\/\\\/www.versiegelung24.com\\\/es\\\/practica-capa-protectora-de-vidrio-liquido-contra-bacterias-virus.html\"]}]},{\"@type\":\"ImageObject\",\"inLanguage\":\"es\",\"@id\":\"https:\\\/\\\/www.versiegelung24.com\\\/es\\\/practica-capa-protectora-de-vidrio-liquido-contra-bacterias-virus.html#primaryimage\",\"url\":\"https:\\\/\\\/www.versiegelung24.com\\\/wp-content\\\/uploads\\\/2021\\\/09\\\/produkt-4009-904-Handy-Bakterienschutz-Verpackung1.jpg\",\"contentUrl\":\"https:\\\/\\\/www.versiegelung24.com\\\/wp-content\\\/uploads\\\/2021\\\/09\\\/produkt-4009-904-Handy-Bakterienschutz-Verpackung1.jpg\",\"width\":2000,\"height\":2000},{\"@type\":\"BreadcrumbList\",\"@id\":\"https:\\\/\\\/www.versiegelung24.com\\\/es\\\/practica-capa-protectora-de-vidrio-liquido-contra-bacterias-virus.html#breadcrumb\",\"itemListElement\":[{\"@type\":\"ListItem\",\"position\":1,\"name\":\"P\u00e1gina web\",\"item\":\"https:\\\/\\\/www.versiegelung24.com\\\/es\\\/frontal\\\/\"},{\"@type\":\"ListItem\",\"position\":2,\"name\":\"Tienda\",\"item\":\"https:\\\/\\\/www.versiegelung24.com\\\/es\\\/tienda\\\/\"},{\"@type\":\"ListItem\",\"position\":3,\"name\":\"Desinfectante de larga duraci\u00f3n para tel\u00e9fonos inteligentes y tel\u00e9fonos m\u00f3viles contra bacterias y virus\"}]},{\"@type\":\"WebSite\",\"@id\":\"https:\\\/\\\/www.versiegelung24.com\\\/es\\\/#website\",\"url\":\"https:\\\/\\\/www.versiegelung24.com\\\/es\\\/\",\"name\":\"versiegelung24.com\",\"description\":\"Fl\u00fcssigglas-Versiegelung - Made in Germany\",\"publisher\":{\"@id\":\"https:\\\/\\\/www.versiegelung24.com\\\/es\\\/#organization\"},\"potentialAction\":[{\"@type\":\"SearchAction\",\"target\":{\"@type\":\"EntryPoint\",\"urlTemplate\":\"https:\\\/\\\/www.versiegelung24.com\\\/es\\\/?s={search_term_string}\"},\"query-input\":{\"@type\":\"PropertyValueSpecification\",\"valueRequired\":true,\"valueName\":\"search_term_string\"}}],\"inLanguage\":\"es\"},{\"@type\":\"Organization\",\"@id\":\"https:\\\/\\\/www.versiegelung24.com\\\/es\\\/#organization\",\"name\":\"versiegelung24\",\"url\":\"https:\\\/\\\/www.versiegelung24.com\\\/es\\\/\",\"logo\":{\"@type\":\"ImageObject\",\"inLanguage\":\"es\",\"@id\":\"https:\\\/\\\/www.versiegelung24.com\\\/es\\\/#\\\/schema\\\/logo\\\/image\\\/\",\"url\":\"https:\\\/\\\/www.versiegelung24.com\\\/wp-content\\\/uploads\\\/2020\\\/04\\\/versiegelung24.png\",\"contentUrl\":\"https:\\\/\\\/www.versiegelung24.com\\\/wp-content\\\/uploads\\\/2020\\\/04\\\/versiegelung24.png\",\"width\":470,\"height\":102,\"caption\":\"versiegelung24\"},\"image\":{\"@id\":\"https:\\\/\\\/www.versiegelung24.com\\\/es\\\/#\\\/schema\\\/logo\\\/image\\\/\"}}]}<\/script>\n<meta property=\"product:price:amount\" content=\"10.99\" \/>\n<meta property=\"product:price:currency\" content=\"EUR\" \/>\n<meta property=\"og:availability\" content=\"instock\" \/>\n<meta property=\"product:availability\" content=\"instock\" \/>\n<meta property=\"product:retailer_item_id\" content=\"4009-904\" \/>\n<meta property=\"product:condition\" content=\"new\" \/>\n<!-- \/ Yoast SEO Premium plugin. -->","yoast_head_json":{"title":"Desinfectante de larga duraci\u00f3n para tel\u00e9fonos inteligentes y tel\u00e9fonos m\u00f3viles contra bacterias y virus - versiegelung24.com","robots":{"index":"index","follow":"follow","max-snippet":"max-snippet:-1","max-image-preview":"max-image-preview:large","max-video-preview":"max-video-preview:-1"},"canonical":"https:\/\/www.versiegelung24.com\/es\/practica-capa-protectora-de-vidrio-liquido-contra-bacterias-virus.html","og_locale":"es_ES","og_type":"article","og_title":"Desinfectante de larga duraci\u00f3n para tel\u00e9fonos inteligentes y tel\u00e9fonos m\u00f3viles contra bacterias y virus","og_description":"La novedad en el mercado de la protecci\u00f3n desinfectante de dispositivos terminales m\u00f3viles como tel\u00e9fonos m\u00f3viles, tel\u00e9fonos inteligentes o tabletas es el paquete de 12 toallitas protectoras bacterianas de CCM\u00ae. Certificado con el Premio MedTech\"Mejor soluci\u00f3n de protecci\u00f3n antipat\u00f3gena a largo plazo\"","og_url":"https:\/\/www.versiegelung24.com\/es\/practica-capa-protectora-de-vidrio-liquido-contra-bacterias-virus.html","og_site_name":"versiegelung24.com","article_modified_time":"2025-01-05T14:38:31+00:00","og_image":[{"width":2000,"height":2000,"url":"https:\/\/www.versiegelung24.com\/wp-content\/uploads\/2021\/09\/produkt-4009-904-Handy-Bakterienschutz-Verpackung1.jpg","type":"image\/jpeg"}],"twitter_card":"summary_large_image","twitter_misc":{"Precio":"10,99&euro;","Disponibilidad":"Disponible"},"schema":{"@context":"https:\/\/schema.org","@graph":[{"@type":"WebPage","@id":"https:\/\/www.versiegelung24.com\/es\/practica-capa-protectora-de-vidrio-liquido-contra-bacterias-virus.html","url":"https:\/\/www.versiegelung24.com\/es\/practica-capa-protectora-de-vidrio-liquido-contra-bacterias-virus.html","name":"Desinfectante de larga duraci\u00f3n para tel\u00e9fonos inteligentes y tel\u00e9fonos m\u00f3viles contra bacterias y virus - versiegelung24.com","isPartOf":{"@id":"https:\/\/www.versiegelung24.com\/es\/#website"},"primaryImageOfPage":{"@id":"https:\/\/www.versiegelung24.com\/es\/practica-capa-protectora-de-vidrio-liquido-contra-bacterias-virus.html#primaryimage"},"image":{"@id":"https:\/\/www.versiegelung24.com\/es\/practica-capa-protectora-de-vidrio-liquido-contra-bacterias-virus.html#primaryimage"},"thumbnailUrl":"https:\/\/www.versiegelung24.com\/wp-content\/uploads\/2021\/09\/produkt-4009-904-Handy-Bakterienschutz-Verpackung1.jpg","datePublished":"2021-09-27T09:31:46+00:00","dateModified":"2025-01-05T14:38:31+00:00","breadcrumb":{"@id":"https:\/\/www.versiegelung24.com\/es\/practica-capa-protectora-de-vidrio-liquido-contra-bacterias-virus.html#breadcrumb"},"inLanguage":"es","potentialAction":[{"@type":"ReadAction","target":["https:\/\/www.versiegelung24.com\/es\/practica-capa-protectora-de-vidrio-liquido-contra-bacterias-virus.html"]}]},{"@type":"ImageObject","inLanguage":"es","@id":"https:\/\/www.versiegelung24.com\/es\/practica-capa-protectora-de-vidrio-liquido-contra-bacterias-virus.html#primaryimage","url":"https:\/\/www.versiegelung24.com\/wp-content\/uploads\/2021\/09\/produkt-4009-904-Handy-Bakterienschutz-Verpackung1.jpg","contentUrl":"https:\/\/www.versiegelung24.com\/wp-content\/uploads\/2021\/09\/produkt-4009-904-Handy-Bakterienschutz-Verpackung1.jpg","width":2000,"height":2000},{"@type":"BreadcrumbList","@id":"https:\/\/www.versiegelung24.com\/es\/practica-capa-protectora-de-vidrio-liquido-contra-bacterias-virus.html#breadcrumb","itemListElement":[{"@type":"ListItem","position":1,"name":"P\u00e1gina web","item":"https:\/\/www.versiegelung24.com\/es\/frontal\/"},{"@type":"ListItem","position":2,"name":"Tienda","item":"https:\/\/www.versiegelung24.com\/es\/tienda\/"},{"@type":"ListItem","position":3,"name":"Desinfectante de larga duraci\u00f3n para tel\u00e9fonos inteligentes y tel\u00e9fonos m\u00f3viles contra bacterias y virus"}]},{"@type":"WebSite","@id":"https:\/\/www.versiegelung24.com\/es\/#website","url":"https:\/\/www.versiegelung24.com\/es\/","name":"versiegelung24.com","description":"Fl\u00fcssigglas-Versiegelung - Made in Germany","publisher":{"@id":"https:\/\/www.versiegelung24.com\/es\/#organization"},"potentialAction":[{"@type":"SearchAction","target":{"@type":"EntryPoint","urlTemplate":"https:\/\/www.versiegelung24.com\/es\/?s={search_term_string}"},"query-input":{"@type":"PropertyValueSpecification","valueRequired":true,"valueName":"search_term_string"}}],"inLanguage":"es"},{"@type":"Organization","@id":"https:\/\/www.versiegelung24.com\/es\/#organization","name":"versiegelung24","url":"https:\/\/www.versiegelung24.com\/es\/","logo":{"@type":"ImageObject","inLanguage":"es","@id":"https:\/\/www.versiegelung24.com\/es\/#\/schema\/logo\/image\/","url":"https:\/\/www.versiegelung24.com\/wp-content\/uploads\/2020\/04\/versiegelung24.png","contentUrl":"https:\/\/www.versiegelung24.com\/wp-content\/uploads\/2020\/04\/versiegelung24.png","width":470,"height":102,"caption":"versiegelung24"},"image":{"@id":"https:\/\/www.versiegelung24.com\/es\/#\/schema\/logo\/image\/"}}]},"product_price_amount":"10.99","product_price_currency":"EUR","og_availability":"instock","product_availability":"instock","product_retailer_item_id":"4009-904","product_condition":"new"},"_links":{"self":[{"href":"https:\/\/www.versiegelung24.com\/es\/wp-json\/wp\/v2\/product\/37481","targetHints":{"allow":["GET"]}}],"collection":[{"href":"https:\/\/www.versiegelung24.com\/es\/wp-json\/wp\/v2\/product"}],"about":[{"href":"https:\/\/www.versiegelung24.com\/es\/wp-json\/wp\/v2\/types\/product"}],"version-history":[{"count":78,"href":"https:\/\/www.versiegelung24.com\/es\/wp-json\/wp\/v2\/product\/37481\/revisions"}],"predecessor-version":[{"id":178249,"href":"https:\/\/www.versiegelung24.com\/es\/wp-json\/wp\/v2\/product\/37481\/revisions\/178249"}],"wp:featuredmedia":[{"embeddable":true,"href":"https:\/\/www.versiegelung24.com\/es\/wp-json\/wp\/v2\/media\/63254"}],"wp:attachment":[{"href":"https:\/\/www.versiegelung24.com\/es\/wp-json\/wp\/v2\/media?parent=37481"}],"wp:term":[{"taxonomy":"product_brand","embeddable":true,"href":"https:\/\/www.versiegelung24.com\/es\/wp-json\/wp\/v2\/product_brand?post=37481"},{"taxonomy":"product_cat","embeddable":true,"href":"https:\/\/www.versiegelung24.com\/es\/wp-json\/wp\/v2\/product_cat?post=37481"},{"taxonomy":"product_tag","embeddable":true,"href":"https:\/\/www.versiegelung24.com\/es\/wp-json\/wp\/v2\/product_tag?post=37481"}],"curies":[{"name":"wp","href":"https:\/\/api.w.org\/{rel}","templated":true}]}}