{"id":46424,"date":"2022-01-04T18:16:33","date_gmt":"2022-01-04T17:16:33","guid":{"rendered":"https:\/\/www.versiegelung24.com\/?post_type=product&#038;p=46424"},"modified":"2026-04-30T14:15:32","modified_gmt":"2026-04-30T12:15:32","slug":"botella-de-repuesto-para-desinfeccion-de-zapatos-pedexan","status":"publish","type":"product","link":"https:\/\/www.versiegelung24.com\/es\/botella-de-repuesto-para-desinfeccion-de-zapatos-pedexan.html","title":{"rendered":"Desinfectante de calzado Pedexan con efecto prolongado botella de recambio 1l"},"content":{"rendered":"\n<h2 class=\"wp-block-heading\" id=\"pedexan-schuhdesinfektion-alaska-frische-fur-die-schuhe\">Desinfecci\u00f3n de zapatos Pedexan: frescura de Alaska para los zapatos<\/h2>\n\n<p><strong>Pr\u00e1ctica botella de recarga de 1 litro para el <a href=\"https:\/\/www.versiegelung24.com\/es\/dispensador-de-desinfeccion-de-zapatos-pedexan-pedspend.html\">dispensador de desinfecci\u00f3n de calzado Pedexan PedSpend con lanza pulverizadora<\/a> o la <a href=\"https:\/\/www.versiegelung24.com\/es\/desinfeccion-de-zapatos-pedexan.html\">botella pulverizadora con bomba Pedexan de 125 ml<\/a> .<\/strong><\/p>\n\n<p>Si los zapatos de trabajo o los zapatos casuales se usan mucho durante un largo per\u00edodo de tiempo, a menudo se crea un entorno ideal para que las bacterias y los hongos se multipliquen y se generen olores desagradables.<\/p>\n\n<p>Incluso con los calcetines frescos y los zapatos ventilados, el hedor desagradable permanece y puede causar infecciones desagradables en los pies.<\/p>\n\n<p>La desinfecci\u00f3n del calzado <strong>Pedexan<\/strong> puede ayudar aqu\u00ed. Las bacterias y los hongos se eliminan de manera efectiva y el efecto a largo plazo previene la formaci\u00f3n de nuevos.<\/p>\n\n<p>Con su aroma de Alaska, Pedexan asegura un agradable frescor e incluso es biocompatible.<\/p>\n\n<hr \/>\n\n<h4 class=\"wp-block-heading\" id=\"application\">Aplicaci\u00f3n<\/h4>\n\n<p>La aplicaci\u00f3n es muy sencilla:<\/p>\n\n<p><br \/><br \/>&#8211; Pulveriza el interior del calzado al aire libre &#8211; Recomendamos de 5 a 10 pulverizaciones para la primera aplicaci\u00f3n &#8211; El desinfectante de calzado Pedexan debe utilizarse 1-2 veces por semana o seg\u00fan sea necesario.<\/p>\n\n<hr \/>\n\n<h4 class=\"wp-block-heading\" id=\"advisor\">Consejero<\/h4>\n\n<p><strong>Consejos de seguridad:<\/strong><\/p>\n\n<p>\u00a1Aseg\u00farate de notarlo! Proporcione una ventilaci\u00f3n adecuada durante el tratamiento. L\u00edquido y vapores muy inflamables. Provoca irritaci\u00f3n ocular grave. Mantener alejado del calor, superficies calientes, chispas, llamas abiertas y otras fuentes de ignici\u00f3n. No fume. Almacenar en un lugar fresco y bien ventilado. Si se requiere consejo m\u00e9dico, tenga preparado el envase o la etiqueta. Mantener fuera del alcance de los ni\u00f1os.<\/p>\n\n<p>Se puede utilizar para todas las superficies internas de los zapatos. En caso de duda, pruebe Pedexan en un lugar invisible.<\/p>\n\n<p>Almacenamiento solo en recipiente cerrado. El contenedor solo se puede reciclar cuando est\u00e1 completamente vac\u00edo. No utilizar despu\u00e9s de la fecha de caducidad.<\/p>\n\n<p>No de registro de biocidas: N-25889<\/p>\n\n<p>Importante: Utilice los biocidas con cuidado. Lea siempre la etiqueta y la informaci\u00f3n del producto antes de usarlo.<\/p>\n\n<hr \/>\n","protected":false},"excerpt":{"rendered":"<p>Desinfecci\u00f3n de zapatos Pedexan: frescura de Alaska para los zapatos Pr\u00e1ctica botella de recarga de 1 litro para el dispensador de desinfecci\u00f3n de calzado Pedexan PedSpend con lanza pulverizadora o la botella pulverizadora con bomba Pedexan de 125 ml . Si los zapatos de trabajo o los zapatos casuales se usan mucho durante un largo&hellip;&nbsp;<a href=\"https:\/\/www.versiegelung24.com\/es\/botella-de-repuesto-para-desinfeccion-de-zapatos-pedexan.html\" rel=\"bookmark\">Read More &raquo;<span class=\"screen-reader-text\">Desinfectante de calzado Pedexan con efecto prolongado botella de recambio 1l<\/span><\/a><\/p>\n","protected":false},"featured_media":21940,"template":"","meta":{"_acf_changed":false,"neve_meta_sidebar":"","neve_meta_container":"","neve_meta_enable_content_width":"","neve_meta_content_width":0,"neve_meta_title_alignment":"","neve_meta_author_avatar":"","neve_post_elements_order":"","neve_meta_disable_header":"","neve_meta_disable_footer":"","neve_meta_disable_title":"","neve_meta_reading_time":"","_surfaces":[],"_ver_product_tabs":[],"footnotes":""},"product_brand":[],"product_cat":[2239,2897],"product_tag":[],"class_list":{"0":"post-46424","1":"product","2":"type-product","3":"status-publish","4":"has-post-thumbnail","6":"product_cat-desinfectantes","7":"product_cat-desinfectantes-de-calzado","9":"first","10":"instock","11":"taxable","12":"shipping-taxable","13":"purchasable","14":"product-type-simple"},"acf":[],"yoast_head":"<!-- This site is optimized with the Yoast SEO Premium plugin v22.8 (Yoast SEO v27.5) - https:\/\/yoast.com\/product\/yoast-seo-premium-wordpress\/ -->\n<title>Desinfectante de calzado Pedexan con efecto prolongado botella de recambio 1l - versiegelung24.com<\/title>\n<meta name=\"description\" content=\"Desinfecci\u00f3n de zapatos Pedexan: la soluci\u00f3n contra los olores desagradables, las bacterias y los hongos.\" \/>\n<meta name=\"robots\" content=\"index, follow, max-snippet:-1, max-image-preview:large, max-video-preview:-1\" \/>\n<link rel=\"canonical\" href=\"https:\/\/www.versiegelung24.com\/es\/botella-de-repuesto-para-desinfeccion-de-zapatos-pedexan.html\" \/>\n<meta property=\"og:locale\" content=\"es_ES\" \/>\n<meta property=\"og:type\" content=\"article\" \/>\n<meta property=\"og:title\" content=\"Desinfectante de calzado Pedexan con efecto prolongado botella de recambio 1l\" \/>\n<meta property=\"og:description\" content=\"Desinfecci\u00f3n de zapatos Pedexan: la soluci\u00f3n contra los olores desagradables, las bacterias y los hongos.\" \/>\n<meta property=\"og:url\" content=\"https:\/\/www.versiegelung24.com\/es\/botella-de-repuesto-para-desinfeccion-de-zapatos-pedexan.html\" \/>\n<meta property=\"og:site_name\" content=\"versiegelung24.com\" \/>\n<meta property=\"article:modified_time\" content=\"2026-04-30T12:15:32+00:00\" \/>\n<meta property=\"og:image\" content=\"https:\/\/www.versiegelung24.com\/wp-content\/uploads\/2021\/03\/pedexan-schuhdesinfektion-1-liter.png\" \/>\n\t<meta property=\"og:image:width\" content=\"2000\" \/>\n\t<meta property=\"og:image:height\" content=\"2000\" \/>\n\t<meta property=\"og:image:type\" content=\"image\/png\" \/>\n<meta name=\"twitter:card\" content=\"summary_large_image\" \/>\n<meta name=\"twitter:label1\" content=\"Precio\" \/>\n\t<meta name=\"twitter:data1\" content=\"42,49&euro;\" \/>\n\t<meta name=\"twitter:label2\" content=\"Disponibilidad\" \/>\n\t<meta name=\"twitter:data2\" content=\"Disponible\" \/>\n<script type=\"application\/ld+json\" class=\"yoast-schema-graph\">{\"@context\":\"https:\\\/\\\/schema.org\",\"@graph\":[{\"@type\":\"WebPage\",\"@id\":\"https:\\\/\\\/www.versiegelung24.com\\\/es\\\/botella-de-repuesto-para-desinfeccion-de-zapatos-pedexan.html\",\"url\":\"https:\\\/\\\/www.versiegelung24.com\\\/es\\\/botella-de-repuesto-para-desinfeccion-de-zapatos-pedexan.html\",\"name\":\"Desinfectante de calzado Pedexan con efecto prolongado botella de recambio 1l - versiegelung24.com\",\"isPartOf\":{\"@id\":\"https:\\\/\\\/www.versiegelung24.com\\\/es\\\/#website\"},\"primaryImageOfPage\":{\"@id\":\"https:\\\/\\\/www.versiegelung24.com\\\/es\\\/botella-de-repuesto-para-desinfeccion-de-zapatos-pedexan.html#primaryimage\"},\"image\":{\"@id\":\"https:\\\/\\\/www.versiegelung24.com\\\/es\\\/botella-de-repuesto-para-desinfeccion-de-zapatos-pedexan.html#primaryimage\"},\"thumbnailUrl\":\"https:\\\/\\\/www.versiegelung24.com\\\/wp-content\\\/uploads\\\/2021\\\/03\\\/pedexan-schuhdesinfektion-1-liter.png\",\"datePublished\":\"2022-01-04T17:16:33+00:00\",\"dateModified\":\"2026-04-30T12:15:32+00:00\",\"description\":\"Desinfecci\u00f3n de zapatos Pedexan: la soluci\u00f3n contra los olores desagradables, las bacterias y los hongos.\",\"breadcrumb\":{\"@id\":\"https:\\\/\\\/www.versiegelung24.com\\\/es\\\/botella-de-repuesto-para-desinfeccion-de-zapatos-pedexan.html#breadcrumb\"},\"inLanguage\":\"es\",\"potentialAction\":[{\"@type\":\"ReadAction\",\"target\":[\"https:\\\/\\\/www.versiegelung24.com\\\/es\\\/botella-de-repuesto-para-desinfeccion-de-zapatos-pedexan.html\"]}]},{\"@type\":\"ImageObject\",\"inLanguage\":\"es\",\"@id\":\"https:\\\/\\\/www.versiegelung24.com\\\/es\\\/botella-de-repuesto-para-desinfeccion-de-zapatos-pedexan.html#primaryimage\",\"url\":\"https:\\\/\\\/www.versiegelung24.com\\\/wp-content\\\/uploads\\\/2021\\\/03\\\/pedexan-schuhdesinfektion-1-liter.png\",\"contentUrl\":\"https:\\\/\\\/www.versiegelung24.com\\\/wp-content\\\/uploads\\\/2021\\\/03\\\/pedexan-schuhdesinfektion-1-liter.png\",\"width\":2000,\"height\":2000},{\"@type\":\"BreadcrumbList\",\"@id\":\"https:\\\/\\\/www.versiegelung24.com\\\/es\\\/botella-de-repuesto-para-desinfeccion-de-zapatos-pedexan.html#breadcrumb\",\"itemListElement\":[{\"@type\":\"ListItem\",\"position\":1,\"name\":\"P\u00e1gina web\",\"item\":\"https:\\\/\\\/www.versiegelung24.com\\\/es\\\/frontal\\\/\"},{\"@type\":\"ListItem\",\"position\":2,\"name\":\"Tienda\",\"item\":\"https:\\\/\\\/www.versiegelung24.com\\\/es\\\/tienda\\\/\"},{\"@type\":\"ListItem\",\"position\":3,\"name\":\"Desinfectante de calzado Pedexan con efecto prolongado botella de recambio 1l\"}]},{\"@type\":\"WebSite\",\"@id\":\"https:\\\/\\\/www.versiegelung24.com\\\/es\\\/#website\",\"url\":\"https:\\\/\\\/www.versiegelung24.com\\\/es\\\/\",\"name\":\"versiegelung24.com\",\"description\":\"Fl\u00fcssigglas-Versiegelung - Made in Germany\",\"publisher\":{\"@id\":\"https:\\\/\\\/www.versiegelung24.com\\\/es\\\/#organization\"},\"potentialAction\":[{\"@type\":\"SearchAction\",\"target\":{\"@type\":\"EntryPoint\",\"urlTemplate\":\"https:\\\/\\\/www.versiegelung24.com\\\/es\\\/?s={search_term_string}\"},\"query-input\":{\"@type\":\"PropertyValueSpecification\",\"valueRequired\":true,\"valueName\":\"search_term_string\"}}],\"inLanguage\":\"es\"},{\"@type\":\"Organization\",\"@id\":\"https:\\\/\\\/www.versiegelung24.com\\\/es\\\/#organization\",\"name\":\"versiegelung24\",\"url\":\"https:\\\/\\\/www.versiegelung24.com\\\/es\\\/\",\"logo\":{\"@type\":\"ImageObject\",\"inLanguage\":\"es\",\"@id\":\"https:\\\/\\\/www.versiegelung24.com\\\/es\\\/#\\\/schema\\\/logo\\\/image\\\/\",\"url\":\"https:\\\/\\\/www.versiegelung24.com\\\/wp-content\\\/uploads\\\/2020\\\/04\\\/versiegelung24.png\",\"contentUrl\":\"https:\\\/\\\/www.versiegelung24.com\\\/wp-content\\\/uploads\\\/2020\\\/04\\\/versiegelung24.png\",\"width\":470,\"height\":102,\"caption\":\"versiegelung24\"},\"image\":{\"@id\":\"https:\\\/\\\/www.versiegelung24.com\\\/es\\\/#\\\/schema\\\/logo\\\/image\\\/\"}}]}<\/script>\n<meta property=\"product:price:amount\" content=\"42.49\" \/>\n<meta property=\"product:price:currency\" content=\"EUR\" \/>\n<meta property=\"og:availability\" content=\"instock\" \/>\n<meta property=\"product:availability\" content=\"instock\" \/>\n<meta property=\"product:retailer_item_id\" content=\"PED-1A\" \/>\n<meta property=\"product:condition\" content=\"new\" \/>\n<!-- \/ Yoast SEO Premium plugin. -->","yoast_head_json":{"title":"Desinfectante de calzado Pedexan con efecto prolongado botella de recambio 1l - versiegelung24.com","description":"Desinfecci\u00f3n de zapatos Pedexan: la soluci\u00f3n contra los olores desagradables, las bacterias y los hongos.","robots":{"index":"index","follow":"follow","max-snippet":"max-snippet:-1","max-image-preview":"max-image-preview:large","max-video-preview":"max-video-preview:-1"},"canonical":"https:\/\/www.versiegelung24.com\/es\/botella-de-repuesto-para-desinfeccion-de-zapatos-pedexan.html","og_locale":"es_ES","og_type":"article","og_title":"Desinfectante de calzado Pedexan con efecto prolongado botella de recambio 1l","og_description":"Desinfecci\u00f3n de zapatos Pedexan: la soluci\u00f3n contra los olores desagradables, las bacterias y los hongos.","og_url":"https:\/\/www.versiegelung24.com\/es\/botella-de-repuesto-para-desinfeccion-de-zapatos-pedexan.html","og_site_name":"versiegelung24.com","article_modified_time":"2026-04-30T12:15:32+00:00","og_image":[{"width":2000,"height":2000,"url":"https:\/\/www.versiegelung24.com\/wp-content\/uploads\/2021\/03\/pedexan-schuhdesinfektion-1-liter.png","type":"image\/png"}],"twitter_card":"summary_large_image","twitter_misc":{"Precio":"42,49&euro;","Disponibilidad":"Disponible"},"schema":{"@context":"https:\/\/schema.org","@graph":[{"@type":"WebPage","@id":"https:\/\/www.versiegelung24.com\/es\/botella-de-repuesto-para-desinfeccion-de-zapatos-pedexan.html","url":"https:\/\/www.versiegelung24.com\/es\/botella-de-repuesto-para-desinfeccion-de-zapatos-pedexan.html","name":"Desinfectante de calzado Pedexan con efecto prolongado botella de recambio 1l - versiegelung24.com","isPartOf":{"@id":"https:\/\/www.versiegelung24.com\/es\/#website"},"primaryImageOfPage":{"@id":"https:\/\/www.versiegelung24.com\/es\/botella-de-repuesto-para-desinfeccion-de-zapatos-pedexan.html#primaryimage"},"image":{"@id":"https:\/\/www.versiegelung24.com\/es\/botella-de-repuesto-para-desinfeccion-de-zapatos-pedexan.html#primaryimage"},"thumbnailUrl":"https:\/\/www.versiegelung24.com\/wp-content\/uploads\/2021\/03\/pedexan-schuhdesinfektion-1-liter.png","datePublished":"2022-01-04T17:16:33+00:00","dateModified":"2026-04-30T12:15:32+00:00","description":"Desinfecci\u00f3n de zapatos Pedexan: la soluci\u00f3n contra los olores desagradables, las bacterias y los hongos.","breadcrumb":{"@id":"https:\/\/www.versiegelung24.com\/es\/botella-de-repuesto-para-desinfeccion-de-zapatos-pedexan.html#breadcrumb"},"inLanguage":"es","potentialAction":[{"@type":"ReadAction","target":["https:\/\/www.versiegelung24.com\/es\/botella-de-repuesto-para-desinfeccion-de-zapatos-pedexan.html"]}]},{"@type":"ImageObject","inLanguage":"es","@id":"https:\/\/www.versiegelung24.com\/es\/botella-de-repuesto-para-desinfeccion-de-zapatos-pedexan.html#primaryimage","url":"https:\/\/www.versiegelung24.com\/wp-content\/uploads\/2021\/03\/pedexan-schuhdesinfektion-1-liter.png","contentUrl":"https:\/\/www.versiegelung24.com\/wp-content\/uploads\/2021\/03\/pedexan-schuhdesinfektion-1-liter.png","width":2000,"height":2000},{"@type":"BreadcrumbList","@id":"https:\/\/www.versiegelung24.com\/es\/botella-de-repuesto-para-desinfeccion-de-zapatos-pedexan.html#breadcrumb","itemListElement":[{"@type":"ListItem","position":1,"name":"P\u00e1gina web","item":"https:\/\/www.versiegelung24.com\/es\/frontal\/"},{"@type":"ListItem","position":2,"name":"Tienda","item":"https:\/\/www.versiegelung24.com\/es\/tienda\/"},{"@type":"ListItem","position":3,"name":"Desinfectante de calzado Pedexan con efecto prolongado botella de recambio 1l"}]},{"@type":"WebSite","@id":"https:\/\/www.versiegelung24.com\/es\/#website","url":"https:\/\/www.versiegelung24.com\/es\/","name":"versiegelung24.com","description":"Fl\u00fcssigglas-Versiegelung - Made in Germany","publisher":{"@id":"https:\/\/www.versiegelung24.com\/es\/#organization"},"potentialAction":[{"@type":"SearchAction","target":{"@type":"EntryPoint","urlTemplate":"https:\/\/www.versiegelung24.com\/es\/?s={search_term_string}"},"query-input":{"@type":"PropertyValueSpecification","valueRequired":true,"valueName":"search_term_string"}}],"inLanguage":"es"},{"@type":"Organization","@id":"https:\/\/www.versiegelung24.com\/es\/#organization","name":"versiegelung24","url":"https:\/\/www.versiegelung24.com\/es\/","logo":{"@type":"ImageObject","inLanguage":"es","@id":"https:\/\/www.versiegelung24.com\/es\/#\/schema\/logo\/image\/","url":"https:\/\/www.versiegelung24.com\/wp-content\/uploads\/2020\/04\/versiegelung24.png","contentUrl":"https:\/\/www.versiegelung24.com\/wp-content\/uploads\/2020\/04\/versiegelung24.png","width":470,"height":102,"caption":"versiegelung24"},"image":{"@id":"https:\/\/www.versiegelung24.com\/es\/#\/schema\/logo\/image\/"}}]},"product_price_amount":"42.49","product_price_currency":"EUR","og_availability":"instock","product_availability":"instock","product_retailer_item_id":"PED-1A","product_condition":"new"},"_links":{"self":[{"href":"https:\/\/www.versiegelung24.com\/es\/wp-json\/wp\/v2\/product\/46424","targetHints":{"allow":["GET"]}}],"collection":[{"href":"https:\/\/www.versiegelung24.com\/es\/wp-json\/wp\/v2\/product"}],"about":[{"href":"https:\/\/www.versiegelung24.com\/es\/wp-json\/wp\/v2\/types\/product"}],"version-history":[{"count":25,"href":"https:\/\/www.versiegelung24.com\/es\/wp-json\/wp\/v2\/product\/46424\/revisions"}],"predecessor-version":[{"id":180421,"href":"https:\/\/www.versiegelung24.com\/es\/wp-json\/wp\/v2\/product\/46424\/revisions\/180421"}],"wp:featuredmedia":[{"embeddable":true,"href":"https:\/\/www.versiegelung24.com\/es\/wp-json\/wp\/v2\/media\/21940"}],"wp:attachment":[{"href":"https:\/\/www.versiegelung24.com\/es\/wp-json\/wp\/v2\/media?parent=46424"}],"wp:term":[{"taxonomy":"product_brand","embeddable":true,"href":"https:\/\/www.versiegelung24.com\/es\/wp-json\/wp\/v2\/product_brand?post=46424"},{"taxonomy":"product_cat","embeddable":true,"href":"https:\/\/www.versiegelung24.com\/es\/wp-json\/wp\/v2\/product_cat?post=46424"},{"taxonomy":"product_tag","embeddable":true,"href":"https:\/\/www.versiegelung24.com\/es\/wp-json\/wp\/v2\/product_tag?post=46424"}],"curies":[{"name":"wp","href":"https:\/\/api.w.org\/{rel}","templated":true}]}}