{"id":46790,"date":"2022-01-04T20:13:16","date_gmt":"2022-01-04T19:13:26","guid":{"rendered":"https:\/\/www.versiegelung24.com\/?post_type=product&#038;p=46790"},"modified":"2025-01-13T16:34:39","modified_gmt":"2025-01-13T15:34:39","slug":"dispensador-de-desinfeccion-de-zapatos-pedexan-pedspend","status":"publish","type":"product","link":"https:\/\/www.versiegelung24.com\/es\/dispensador-de-desinfeccion-de-zapatos-pedexan-pedspend.html","title":{"rendered":"PedSpend &#8211; dispensador con lanza pulverizadora para desinfecci\u00f3n de calzado Pedexan"},"content":{"rendered":"\n<h1 class=\"wp-block-heading\" id=\"pedspend-spender-mit-spruhlanze-fur-pedexan-schuhdesinfektion\">PedSpend: dispensador con lanza pulverizadora para la desinfecci\u00f3n del calzado Pedexan<\/h1>\n\n<p><strong>Dispensador de desinfectante de calzado para uso estacionario o m\u00f3vil. Ideal para el reprocesamiento higi\u00e9nico de calzado, por ejemplo, para calzado de trabajo en la industria y la artesan\u00eda, boleras o alquiler de esqu\u00eds.<\/strong><\/p>\n\n<h4 class=\"wp-block-heading\" id=\"properties\">Caracter\u00edsticas del producto<\/h4>\n\n<div class=\"wp-block-columns is-layout-flex wp-container-core-columns-is-layout-9d6595d7 wp-block-columns-is-layout-flex\">\n<div class=\"wp-block-column is-layout-flow wp-block-column-is-layout-flow\">\n<p>Volumen de <strong>suministro:<\/strong> Dispensador de desinfecci\u00f3n de calzado PedSpend (con llave) con lanza de pulverizaci\u00f3n de 1,4 m<\/p>\n<\/div>\n\n\n\n<div class=\"wp-block-column is-layout-flow wp-block-column-is-layout-flow\">\n<p><strong>Adecuado para: Desinfecci\u00f3n de <a href=\"https:\/\/www.versiegelung24.com\/es\/botella-de-repuesto-para-desinfeccion-de-zapatos-pedexan.html\">calzado Pedexan<\/a><\/strong> botella de recarga de 1 litro y todas las botellas de recarga del dispensador Euro de 1 litro<\/p>\n<\/div>\n<\/div>\n\n<hr \/>\n\n<h4 class=\"wp-block-heading\" id=\"application\">Aplicaci\u00f3n<\/h4>\n\n<p>\u00c1reas de <strong>aplicaci\u00f3n:<\/strong> industria y comercio, alquiler de zapatos de bolos, botas de esqu\u00ed, patines de hielo<\/p>\n","protected":false},"excerpt":{"rendered":"<p>PedSpend: dispensador con lanza pulverizadora para la desinfecci\u00f3n del calzado Pedexan Dispensador de desinfectante de calzado para uso estacionario o m\u00f3vil. Ideal para el reprocesamiento higi\u00e9nico de calzado, por ejemplo, para calzado de trabajo en la industria y la artesan\u00eda, boleras o alquiler de esqu\u00eds. Caracter\u00edsticas del producto Volumen de suministro: Dispensador de desinfecci\u00f3n de&hellip;&nbsp;<a href=\"https:\/\/www.versiegelung24.com\/es\/dispensador-de-desinfeccion-de-zapatos-pedexan-pedspend.html\" rel=\"bookmark\">Read More &raquo;<span class=\"screen-reader-text\">PedSpend &#8211; dispensador con lanza pulverizadora para desinfecci\u00f3n de calzado Pedexan<\/span><\/a><\/p>\n","protected":false},"featured_media":46881,"template":"","meta":{"_acf_changed":false,"neve_meta_sidebar":"","neve_meta_container":"","neve_meta_enable_content_width":"","neve_meta_content_width":0,"neve_meta_title_alignment":"","neve_meta_author_avatar":"","neve_post_elements_order":"","neve_meta_disable_header":"","neve_meta_disable_footer":"","neve_meta_disable_title":"","neve_meta_reading_time":"","_surfaces":[],"_ver_product_tabs":[],"footnotes":""},"product_brand":[],"product_cat":[2239,2897],"product_tag":[],"class_list":{"0":"post-46790","1":"product","2":"type-product","3":"status-publish","4":"has-post-thumbnail","6":"product_cat-desinfectantes","7":"product_cat-desinfectantes-de-calzado","9":"first","10":"instock","11":"taxable","12":"shipping-taxable","13":"purchasable","14":"product-type-simple"},"acf":[],"yoast_head":"<!-- This site is optimized with the Yoast SEO Premium plugin v22.8 (Yoast SEO v27.5) - https:\/\/yoast.com\/product\/yoast-seo-premium-wordpress\/ -->\n<title>PedSpend - dispensador con lanza pulverizadora para desinfecci\u00f3n de calzado Pedexan - versiegelung24.com<\/title>\n<meta name=\"description\" content=\"Desinfecci\u00f3n de zapatos Pedexan: la soluci\u00f3n contra los olores desagradables, las bacterias y los hongos.\" \/>\n<meta name=\"robots\" content=\"index, follow, max-snippet:-1, max-image-preview:large, max-video-preview:-1\" \/>\n<link rel=\"canonical\" href=\"https:\/\/www.versiegelung24.com\/es\/dispensador-de-desinfeccion-de-zapatos-pedexan-pedspend.html\" \/>\n<meta property=\"og:locale\" content=\"es_ES\" \/>\n<meta property=\"og:type\" content=\"article\" \/>\n<meta property=\"og:title\" content=\"PedSpend - dispensador con lanza pulverizadora para desinfecci\u00f3n de calzado Pedexan\" \/>\n<meta property=\"og:description\" content=\"Desinfecci\u00f3n de zapatos Pedexan: la soluci\u00f3n contra los olores desagradables, las bacterias y los hongos.\" \/>\n<meta property=\"og:url\" content=\"https:\/\/www.versiegelung24.com\/es\/dispensador-de-desinfeccion-de-zapatos-pedexan-pedspend.html\" \/>\n<meta property=\"og:site_name\" content=\"versiegelung24.com\" \/>\n<meta property=\"article:modified_time\" content=\"2025-01-13T15:34:39+00:00\" \/>\n<meta property=\"og:image\" content=\"https:\/\/www.versiegelung24.com\/wp-content\/uploads\/2022\/01\/produkt-pedexan-pedspend.png\" \/>\n\t<meta property=\"og:image:width\" content=\"2000\" \/>\n\t<meta property=\"og:image:height\" content=\"2000\" \/>\n\t<meta property=\"og:image:type\" content=\"image\/png\" \/>\n<meta name=\"twitter:card\" content=\"summary_large_image\" \/>\n<meta name=\"twitter:label1\" content=\"Precio\" \/>\n\t<meta name=\"twitter:data1\" content=\"119,00&euro;\" \/>\n\t<meta name=\"twitter:label2\" content=\"Disponibilidad\" \/>\n\t<meta name=\"twitter:data2\" content=\"Disponible\" \/>\n<script type=\"application\/ld+json\" class=\"yoast-schema-graph\">{\"@context\":\"https:\\\/\\\/schema.org\",\"@graph\":[{\"@type\":\"WebPage\",\"@id\":\"https:\\\/\\\/www.versiegelung24.com\\\/es\\\/dispensador-de-desinfeccion-de-zapatos-pedexan-pedspend.html\",\"url\":\"https:\\\/\\\/www.versiegelung24.com\\\/es\\\/dispensador-de-desinfeccion-de-zapatos-pedexan-pedspend.html\",\"name\":\"PedSpend - dispensador con lanza pulverizadora para desinfecci\u00f3n de calzado Pedexan - versiegelung24.com\",\"isPartOf\":{\"@id\":\"https:\\\/\\\/www.versiegelung24.com\\\/es\\\/#website\"},\"primaryImageOfPage\":{\"@id\":\"https:\\\/\\\/www.versiegelung24.com\\\/es\\\/dispensador-de-desinfeccion-de-zapatos-pedexan-pedspend.html#primaryimage\"},\"image\":{\"@id\":\"https:\\\/\\\/www.versiegelung24.com\\\/es\\\/dispensador-de-desinfeccion-de-zapatos-pedexan-pedspend.html#primaryimage\"},\"thumbnailUrl\":\"https:\\\/\\\/www.versiegelung24.com\\\/wp-content\\\/uploads\\\/2022\\\/01\\\/produkt-pedexan-pedspend.png\",\"datePublished\":\"2022-01-04T19:13:26+00:00\",\"dateModified\":\"2025-01-13T15:34:39+00:00\",\"description\":\"Desinfecci\u00f3n de zapatos Pedexan: la soluci\u00f3n contra los olores desagradables, las bacterias y los hongos.\",\"breadcrumb\":{\"@id\":\"https:\\\/\\\/www.versiegelung24.com\\\/es\\\/dispensador-de-desinfeccion-de-zapatos-pedexan-pedspend.html#breadcrumb\"},\"inLanguage\":\"es\",\"potentialAction\":[{\"@type\":\"ReadAction\",\"target\":[\"https:\\\/\\\/www.versiegelung24.com\\\/es\\\/dispensador-de-desinfeccion-de-zapatos-pedexan-pedspend.html\"]}]},{\"@type\":\"ImageObject\",\"inLanguage\":\"es\",\"@id\":\"https:\\\/\\\/www.versiegelung24.com\\\/es\\\/dispensador-de-desinfeccion-de-zapatos-pedexan-pedspend.html#primaryimage\",\"url\":\"https:\\\/\\\/www.versiegelung24.com\\\/wp-content\\\/uploads\\\/2022\\\/01\\\/produkt-pedexan-pedspend.png\",\"contentUrl\":\"https:\\\/\\\/www.versiegelung24.com\\\/wp-content\\\/uploads\\\/2022\\\/01\\\/produkt-pedexan-pedspend.png\",\"width\":2000,\"height\":2000},{\"@type\":\"BreadcrumbList\",\"@id\":\"https:\\\/\\\/www.versiegelung24.com\\\/es\\\/dispensador-de-desinfeccion-de-zapatos-pedexan-pedspend.html#breadcrumb\",\"itemListElement\":[{\"@type\":\"ListItem\",\"position\":1,\"name\":\"P\u00e1gina web\",\"item\":\"https:\\\/\\\/www.versiegelung24.com\\\/es\\\/frontal\\\/\"},{\"@type\":\"ListItem\",\"position\":2,\"name\":\"Tienda\",\"item\":\"https:\\\/\\\/www.versiegelung24.com\\\/es\\\/tienda\\\/\"},{\"@type\":\"ListItem\",\"position\":3,\"name\":\"PedSpend &#8211; dispensador con lanza pulverizadora para desinfecci\u00f3n de calzado Pedexan\"}]},{\"@type\":\"WebSite\",\"@id\":\"https:\\\/\\\/www.versiegelung24.com\\\/es\\\/#website\",\"url\":\"https:\\\/\\\/www.versiegelung24.com\\\/es\\\/\",\"name\":\"versiegelung24.com\",\"description\":\"Fl\u00fcssigglas-Versiegelung - Made in Germany\",\"publisher\":{\"@id\":\"https:\\\/\\\/www.versiegelung24.com\\\/es\\\/#organization\"},\"potentialAction\":[{\"@type\":\"SearchAction\",\"target\":{\"@type\":\"EntryPoint\",\"urlTemplate\":\"https:\\\/\\\/www.versiegelung24.com\\\/es\\\/?s={search_term_string}\"},\"query-input\":{\"@type\":\"PropertyValueSpecification\",\"valueRequired\":true,\"valueName\":\"search_term_string\"}}],\"inLanguage\":\"es\"},{\"@type\":\"Organization\",\"@id\":\"https:\\\/\\\/www.versiegelung24.com\\\/es\\\/#organization\",\"name\":\"versiegelung24\",\"url\":\"https:\\\/\\\/www.versiegelung24.com\\\/es\\\/\",\"logo\":{\"@type\":\"ImageObject\",\"inLanguage\":\"es\",\"@id\":\"https:\\\/\\\/www.versiegelung24.com\\\/es\\\/#\\\/schema\\\/logo\\\/image\\\/\",\"url\":\"https:\\\/\\\/www.versiegelung24.com\\\/wp-content\\\/uploads\\\/2020\\\/04\\\/versiegelung24.png\",\"contentUrl\":\"https:\\\/\\\/www.versiegelung24.com\\\/wp-content\\\/uploads\\\/2020\\\/04\\\/versiegelung24.png\",\"width\":470,\"height\":102,\"caption\":\"versiegelung24\"},\"image\":{\"@id\":\"https:\\\/\\\/www.versiegelung24.com\\\/es\\\/#\\\/schema\\\/logo\\\/image\\\/\"}}]}<\/script>\n<meta property=\"product:price:amount\" content=\"119.00\" \/>\n<meta property=\"product:price:currency\" content=\"EUR\" \/>\n<meta property=\"og:availability\" content=\"instock\" \/>\n<meta property=\"product:availability\" content=\"instock\" \/>\n<meta property=\"product:retailer_item_id\" content=\"PED-spend\" \/>\n<meta property=\"product:condition\" content=\"new\" \/>\n<!-- \/ Yoast SEO Premium plugin. -->","yoast_head_json":{"title":"PedSpend - dispensador con lanza pulverizadora para desinfecci\u00f3n de calzado Pedexan - versiegelung24.com","description":"Desinfecci\u00f3n de zapatos Pedexan: la soluci\u00f3n contra los olores desagradables, las bacterias y los hongos.","robots":{"index":"index","follow":"follow","max-snippet":"max-snippet:-1","max-image-preview":"max-image-preview:large","max-video-preview":"max-video-preview:-1"},"canonical":"https:\/\/www.versiegelung24.com\/es\/dispensador-de-desinfeccion-de-zapatos-pedexan-pedspend.html","og_locale":"es_ES","og_type":"article","og_title":"PedSpend - dispensador con lanza pulverizadora para desinfecci\u00f3n de calzado Pedexan","og_description":"Desinfecci\u00f3n de zapatos Pedexan: la soluci\u00f3n contra los olores desagradables, las bacterias y los hongos.","og_url":"https:\/\/www.versiegelung24.com\/es\/dispensador-de-desinfeccion-de-zapatos-pedexan-pedspend.html","og_site_name":"versiegelung24.com","article_modified_time":"2025-01-13T15:34:39+00:00","og_image":[{"width":2000,"height":2000,"url":"https:\/\/www.versiegelung24.com\/wp-content\/uploads\/2022\/01\/produkt-pedexan-pedspend.png","type":"image\/png"}],"twitter_card":"summary_large_image","twitter_misc":{"Precio":"119,00&euro;","Disponibilidad":"Disponible"},"schema":{"@context":"https:\/\/schema.org","@graph":[{"@type":"WebPage","@id":"https:\/\/www.versiegelung24.com\/es\/dispensador-de-desinfeccion-de-zapatos-pedexan-pedspend.html","url":"https:\/\/www.versiegelung24.com\/es\/dispensador-de-desinfeccion-de-zapatos-pedexan-pedspend.html","name":"PedSpend - dispensador con lanza pulverizadora para desinfecci\u00f3n de calzado Pedexan - versiegelung24.com","isPartOf":{"@id":"https:\/\/www.versiegelung24.com\/es\/#website"},"primaryImageOfPage":{"@id":"https:\/\/www.versiegelung24.com\/es\/dispensador-de-desinfeccion-de-zapatos-pedexan-pedspend.html#primaryimage"},"image":{"@id":"https:\/\/www.versiegelung24.com\/es\/dispensador-de-desinfeccion-de-zapatos-pedexan-pedspend.html#primaryimage"},"thumbnailUrl":"https:\/\/www.versiegelung24.com\/wp-content\/uploads\/2022\/01\/produkt-pedexan-pedspend.png","datePublished":"2022-01-04T19:13:26+00:00","dateModified":"2025-01-13T15:34:39+00:00","description":"Desinfecci\u00f3n de zapatos Pedexan: la soluci\u00f3n contra los olores desagradables, las bacterias y los hongos.","breadcrumb":{"@id":"https:\/\/www.versiegelung24.com\/es\/dispensador-de-desinfeccion-de-zapatos-pedexan-pedspend.html#breadcrumb"},"inLanguage":"es","potentialAction":[{"@type":"ReadAction","target":["https:\/\/www.versiegelung24.com\/es\/dispensador-de-desinfeccion-de-zapatos-pedexan-pedspend.html"]}]},{"@type":"ImageObject","inLanguage":"es","@id":"https:\/\/www.versiegelung24.com\/es\/dispensador-de-desinfeccion-de-zapatos-pedexan-pedspend.html#primaryimage","url":"https:\/\/www.versiegelung24.com\/wp-content\/uploads\/2022\/01\/produkt-pedexan-pedspend.png","contentUrl":"https:\/\/www.versiegelung24.com\/wp-content\/uploads\/2022\/01\/produkt-pedexan-pedspend.png","width":2000,"height":2000},{"@type":"BreadcrumbList","@id":"https:\/\/www.versiegelung24.com\/es\/dispensador-de-desinfeccion-de-zapatos-pedexan-pedspend.html#breadcrumb","itemListElement":[{"@type":"ListItem","position":1,"name":"P\u00e1gina web","item":"https:\/\/www.versiegelung24.com\/es\/frontal\/"},{"@type":"ListItem","position":2,"name":"Tienda","item":"https:\/\/www.versiegelung24.com\/es\/tienda\/"},{"@type":"ListItem","position":3,"name":"PedSpend &#8211; dispensador con lanza pulverizadora para desinfecci\u00f3n de calzado Pedexan"}]},{"@type":"WebSite","@id":"https:\/\/www.versiegelung24.com\/es\/#website","url":"https:\/\/www.versiegelung24.com\/es\/","name":"versiegelung24.com","description":"Fl\u00fcssigglas-Versiegelung - Made in Germany","publisher":{"@id":"https:\/\/www.versiegelung24.com\/es\/#organization"},"potentialAction":[{"@type":"SearchAction","target":{"@type":"EntryPoint","urlTemplate":"https:\/\/www.versiegelung24.com\/es\/?s={search_term_string}"},"query-input":{"@type":"PropertyValueSpecification","valueRequired":true,"valueName":"search_term_string"}}],"inLanguage":"es"},{"@type":"Organization","@id":"https:\/\/www.versiegelung24.com\/es\/#organization","name":"versiegelung24","url":"https:\/\/www.versiegelung24.com\/es\/","logo":{"@type":"ImageObject","inLanguage":"es","@id":"https:\/\/www.versiegelung24.com\/es\/#\/schema\/logo\/image\/","url":"https:\/\/www.versiegelung24.com\/wp-content\/uploads\/2020\/04\/versiegelung24.png","contentUrl":"https:\/\/www.versiegelung24.com\/wp-content\/uploads\/2020\/04\/versiegelung24.png","width":470,"height":102,"caption":"versiegelung24"},"image":{"@id":"https:\/\/www.versiegelung24.com\/es\/#\/schema\/logo\/image\/"}}]},"product_price_amount":"119.00","product_price_currency":"EUR","og_availability":"instock","product_availability":"instock","product_retailer_item_id":"PED-spend","product_condition":"new"},"_links":{"self":[{"href":"https:\/\/www.versiegelung24.com\/es\/wp-json\/wp\/v2\/product\/46790","targetHints":{"allow":["GET"]}}],"collection":[{"href":"https:\/\/www.versiegelung24.com\/es\/wp-json\/wp\/v2\/product"}],"about":[{"href":"https:\/\/www.versiegelung24.com\/es\/wp-json\/wp\/v2\/types\/product"}],"version-history":[{"count":14,"href":"https:\/\/www.versiegelung24.com\/es\/wp-json\/wp\/v2\/product\/46790\/revisions"}],"predecessor-version":[{"id":180448,"href":"https:\/\/www.versiegelung24.com\/es\/wp-json\/wp\/v2\/product\/46790\/revisions\/180448"}],"wp:featuredmedia":[{"embeddable":true,"href":"https:\/\/www.versiegelung24.com\/es\/wp-json\/wp\/v2\/media\/46881"}],"wp:attachment":[{"href":"https:\/\/www.versiegelung24.com\/es\/wp-json\/wp\/v2\/media?parent=46790"}],"wp:term":[{"taxonomy":"product_brand","embeddable":true,"href":"https:\/\/www.versiegelung24.com\/es\/wp-json\/wp\/v2\/product_brand?post=46790"},{"taxonomy":"product_cat","embeddable":true,"href":"https:\/\/www.versiegelung24.com\/es\/wp-json\/wp\/v2\/product_cat?post=46790"},{"taxonomy":"product_tag","embeddable":true,"href":"https:\/\/www.versiegelung24.com\/es\/wp-json\/wp\/v2\/product_tag?post=46790"}],"curies":[{"name":"wp","href":"https:\/\/api.w.org\/{rel}","templated":true}]}}