{"id":62234,"date":"2022-02-06T23:03:40","date_gmt":"2022-02-06T22:03:49","guid":{"rendered":"https:\/\/www.versiegelung24.com\/?post_type=product&#038;p=62234"},"modified":"2025-01-05T17:31:44","modified_gmt":"2025-01-05T16:31:44","slug":"conjunto-completo-premium-solar-system-sellado-fotovoltaico-con-durabilidad-extrema-y-aumento-de-la-eficiencia","status":"publish","type":"product","link":"https:\/\/www.versiegelung24.com\/es\/conjunto-completo-premium-solar-system-sellado-fotovoltaico-con-durabilidad-extrema-y-aumento-de-la-eficiencia.html","title":{"rendered":"Juego completo para sellar sistemas solares \/ sistemas fotovoltaicos"},"content":{"rendered":"\n<p><strong>Set completo compuesto por prelimpiador biol\u00f3gico, bioetanol para desengrasar y nanosellado de alto rendimiento a base de vidrio l\u00edquido<\/strong><\/p>\n\n<p><strong>Nano-revestimiento de alta eficacia para sistemas solares, con efecto loto (repelente al agua)<\/strong><\/p>\n\n<p>Alta calidad Fabricado en Alemania<\/p>\n\n<h4 class=\"wp-block-heading\" id=\"properties\">propiedades<\/h4>\n\n<div class=\"wp-block-columns is-layout-flex wp-container-core-columns-is-layout-9d6595d7 wp-block-columns-is-layout-flex\">\n<div class=\"wp-block-column is-layout-flow wp-block-column-is-layout-flow\">\n<ul class=\"wp-block-list\">\n<li>Tecnolog\u00eda futura con una capa protectora invisible, aproximadamente 100 nm (nan\u00f3metros) &#8220;gruesa&#8221;<\/li>\n\n\n\n<li>Protege la superficie<\/li>\n\n\n\n<li>Resistente al calor y a las heladas<\/li>\n\n\n\n<li>Resistente al agua de mar y a la sal (\u00e1cido\/alcalino 1,5 a 12,5 ph)<\/li>\n\n\n\n<li>Repelente al agua y la suciedad<\/li>\n\n\n\n<li>Aplicaci\u00f3n sencilla y r\u00e1pida.<\/li>\n\n\n\n<li>Aplicable de +10\u00b0 a +30\u00b0C<\/li>\n\n\n\n<li>Estable a los rayos UV<\/li>\n\n\n\n<li>Efecto &#8220;f\u00e1cil de limpiar&#8221; (las superficies son f\u00e1ciles de limpiar = ahorra tiempo y dinero y la lluvia ya elimina parte de la suciedad)<\/li>\n\n\n\n<li>Consumo: aproximadamente 150 m\u00b2 con un litro<\/li>\n\n\n\n<li>Reduce la huella ecol\u00f3gica (CO2) al limpiar:\n<ul class=\"wp-block-list\">\n<li>Se requiere menos agua<\/li>\n\n\n\n<li>Se necesitan menos limpiadores qu\u00edmicos<\/li>\n<\/ul>\n<\/li>\n<\/ul>\n<\/div>\n\n\n\n<div class=\"wp-block-column is-layout-flow wp-block-column-is-layout-flow\">\n<p><strong>Alcance de la entrega:<\/strong><\/p>\n\n\n\n<ul class=\"wp-block-list\">\n<li>500 ml Biosativa\u00ae limpiador org\u00e1nico concentrado 1:10 para limpieza previa<\/li>\n\n\n\n<li>1.000 ml alcohol isopropanol 99,9% para desengrasar<\/li>\n\n\n\n<li>500 ml Liquid Glass Sealing 7601 (para aprox. 75-100 m\u00b2)<\/li>\n\n\n\n<li>100 toallas de secado 25 x 16 cm para limpieza previa<\/li>\n\n\n\n<li>10 pa\u00f1os de microfibra de 10 x 10 cm para la aplicaci\u00f3n<\/li>\n\n\n\n<li>5 pa\u00f1os de microfibra de 30 x 30 cm para pulir<\/li>\n\n\n\n<li>10 guantes protectores desechables<\/li>\n<\/ul>\n<\/div>\n<\/div>\n\n<hr\/>\n\n<h4 class=\"wp-block-heading\" id=\"application\">Aplicaci\u00f3n<\/h4>\n\n<p>Aplicaci\u00f3n sencilla<\/p>\n\n<ol class=\"wp-block-list\">\n<li>Limpiar previamente el m\u00f3dulo muy bien con Biosativa (cuanto mejor sea la limpieza previa, m\u00e1s durar\u00e1 el sellado)<\/li>\n\n\n\n<li>Limpiar de nuevo con alcohol antes de sellar<\/li>\n\n\n\n<li>Aplicar el sellado con un pa\u00f1o, pulir &#8211; listo.<\/li>\n<\/ol>\n\n<p><\/p>\n","protected":false},"excerpt":{"rendered":"<div class=\"column mcb-column mcb-item-mrk8thufa one column_column column-margin-0px\">\n<div class=\"column_attr clearfix\"><b>Los m\u00f3dulos fotovoltaicos brindan su mejor rendimiento en condiciones \u00f3ptimas<\/b> <b>.<\/b> <\/div>\n<div class=\"column_attr clearfix\"><b>Con nuestro sello especial, alargamos el ciclo de limpieza y simplificamos considerablemente la limpieza. <\/b><\/div>\n<div class=\"column_attr clearfix\"><b>Esto conduce a un mayor retorno de su inversi\u00f3n.<\/b><\/div>\n<\/div>\n","protected":false},"featured_media":18515,"template":"","meta":{"_acf_changed":false,"neve_meta_sidebar":"","neve_meta_container":"","neve_meta_enable_content_width":"","neve_meta_content_width":0,"neve_meta_title_alignment":"","neve_meta_author_avatar":"","neve_post_elements_order":"","neve_meta_disable_header":"","neve_meta_disable_footer":"","neve_meta_disable_title":"","neve_meta_reading_time":"","_surfaces":[],"_ver_product_tabs":[],"footnotes":""},"product_brand":[],"product_cat":[2379],"product_tag":[],"class_list":{"0":"post-62234","1":"product","2":"type-product","3":"status-publish","4":"has-post-thumbnail","6":"product_cat-sellado-para-vidrio-y-ceramica","8":"first","9":"instock","10":"taxable","11":"shipping-taxable","12":"purchasable","13":"product-type-simple"},"acf":[],"yoast_head":"<!-- This site is optimized with the Yoast SEO Premium plugin v22.8 (Yoast SEO v27.5) - https:\/\/yoast.com\/product\/yoast-seo-premium-wordpress\/ -->\n<title>Juego completo para sellar sistemas solares \/ sistemas fotovoltaicos - versiegelung24.com<\/title>\n<meta name=\"robots\" content=\"index, follow, max-snippet:-1, max-image-preview:large, max-video-preview:-1\" \/>\n<link rel=\"canonical\" href=\"https:\/\/www.versiegelung24.com\/es\/conjunto-completo-premium-solar-system-sellado-fotovoltaico-con-durabilidad-extrema-y-aumento-de-la-eficiencia.html\" \/>\n<meta property=\"og:locale\" content=\"es_ES\" \/>\n<meta property=\"og:type\" content=\"article\" \/>\n<meta property=\"og:title\" content=\"Juego completo para sellar sistemas solares \/ sistemas fotovoltaicos\" \/>\n<meta property=\"og:description\" content=\"Los m\u00f3dulos fotovoltaicos brindan su mejor rendimiento en condiciones \u00f3ptimas . Con nuestro sello especial, alargamos el ciclo de limpieza y simplificamos considerablemente la limpieza. Esto conduce a un mayor retorno de su inversi\u00f3n.\" \/>\n<meta property=\"og:url\" content=\"https:\/\/www.versiegelung24.com\/es\/conjunto-completo-premium-solar-system-sellado-fotovoltaico-con-durabilidad-extrema-y-aumento-de-la-eficiencia.html\" \/>\n<meta property=\"og:site_name\" content=\"versiegelung24.com\" \/>\n<meta property=\"article:modified_time\" content=\"2025-01-05T16:31:44+00:00\" \/>\n<meta property=\"og:image\" content=\"https:\/\/www.versiegelung24.com\/wp-content\/uploads\/2020\/06\/produkt-7000-7601-1000-Solarversiegelung-scaled.jpg\" \/>\n\t<meta property=\"og:image:width\" content=\"2560\" \/>\n\t<meta property=\"og:image:height\" content=\"2560\" \/>\n\t<meta property=\"og:image:type\" content=\"image\/jpeg\" \/>\n<meta name=\"twitter:card\" content=\"summary_large_image\" \/>\n<meta name=\"twitter:label1\" content=\"Precio\" \/>\n\t<meta name=\"twitter:data1\" content=\"199,00&euro;\" \/>\n\t<meta name=\"twitter:label2\" content=\"Disponibilidad\" \/>\n\t<meta name=\"twitter:data2\" content=\"Disponible\" \/>\n<script type=\"application\/ld+json\" class=\"yoast-schema-graph\">{\"@context\":\"https:\\\/\\\/schema.org\",\"@graph\":[{\"@type\":\"WebPage\",\"@id\":\"https:\\\/\\\/www.versiegelung24.com\\\/es\\\/conjunto-completo-premium-solar-system-sellado-fotovoltaico-con-durabilidad-extrema-y-aumento-de-la-eficiencia.html\",\"url\":\"https:\\\/\\\/www.versiegelung24.com\\\/es\\\/conjunto-completo-premium-solar-system-sellado-fotovoltaico-con-durabilidad-extrema-y-aumento-de-la-eficiencia.html\",\"name\":\"Juego completo para sellar sistemas solares \\\/ sistemas fotovoltaicos - versiegelung24.com\",\"isPartOf\":{\"@id\":\"https:\\\/\\\/www.versiegelung24.com\\\/es\\\/#website\"},\"primaryImageOfPage\":{\"@id\":\"https:\\\/\\\/www.versiegelung24.com\\\/es\\\/conjunto-completo-premium-solar-system-sellado-fotovoltaico-con-durabilidad-extrema-y-aumento-de-la-eficiencia.html#primaryimage\"},\"image\":{\"@id\":\"https:\\\/\\\/www.versiegelung24.com\\\/es\\\/conjunto-completo-premium-solar-system-sellado-fotovoltaico-con-durabilidad-extrema-y-aumento-de-la-eficiencia.html#primaryimage\"},\"thumbnailUrl\":\"https:\\\/\\\/www.versiegelung24.com\\\/wp-content\\\/uploads\\\/2020\\\/06\\\/produkt-7000-7601-1000-Solarversiegelung-scaled.jpg\",\"datePublished\":\"2022-02-06T22:03:49+00:00\",\"dateModified\":\"2025-01-05T16:31:44+00:00\",\"breadcrumb\":{\"@id\":\"https:\\\/\\\/www.versiegelung24.com\\\/es\\\/conjunto-completo-premium-solar-system-sellado-fotovoltaico-con-durabilidad-extrema-y-aumento-de-la-eficiencia.html#breadcrumb\"},\"inLanguage\":\"es\",\"potentialAction\":[{\"@type\":\"ReadAction\",\"target\":[\"https:\\\/\\\/www.versiegelung24.com\\\/es\\\/conjunto-completo-premium-solar-system-sellado-fotovoltaico-con-durabilidad-extrema-y-aumento-de-la-eficiencia.html\"]}]},{\"@type\":\"ImageObject\",\"inLanguage\":\"es\",\"@id\":\"https:\\\/\\\/www.versiegelung24.com\\\/es\\\/conjunto-completo-premium-solar-system-sellado-fotovoltaico-con-durabilidad-extrema-y-aumento-de-la-eficiencia.html#primaryimage\",\"url\":\"https:\\\/\\\/www.versiegelung24.com\\\/wp-content\\\/uploads\\\/2020\\\/06\\\/produkt-7000-7601-1000-Solarversiegelung-scaled.jpg\",\"contentUrl\":\"https:\\\/\\\/www.versiegelung24.com\\\/wp-content\\\/uploads\\\/2020\\\/06\\\/produkt-7000-7601-1000-Solarversiegelung-scaled.jpg\",\"width\":2560,\"height\":2560},{\"@type\":\"BreadcrumbList\",\"@id\":\"https:\\\/\\\/www.versiegelung24.com\\\/es\\\/conjunto-completo-premium-solar-system-sellado-fotovoltaico-con-durabilidad-extrema-y-aumento-de-la-eficiencia.html#breadcrumb\",\"itemListElement\":[{\"@type\":\"ListItem\",\"position\":1,\"name\":\"P\u00e1gina web\",\"item\":\"https:\\\/\\\/www.versiegelung24.com\\\/es\\\/frontal\\\/\"},{\"@type\":\"ListItem\",\"position\":2,\"name\":\"Tienda\",\"item\":\"https:\\\/\\\/www.versiegelung24.com\\\/es\\\/tienda\\\/\"},{\"@type\":\"ListItem\",\"position\":3,\"name\":\"Juego completo para sellar sistemas solares \\\/ sistemas fotovoltaicos\"}]},{\"@type\":\"WebSite\",\"@id\":\"https:\\\/\\\/www.versiegelung24.com\\\/es\\\/#website\",\"url\":\"https:\\\/\\\/www.versiegelung24.com\\\/es\\\/\",\"name\":\"versiegelung24.com\",\"description\":\"Fl\u00fcssigglas-Versiegelung - Made in Germany\",\"publisher\":{\"@id\":\"https:\\\/\\\/www.versiegelung24.com\\\/es\\\/#organization\"},\"potentialAction\":[{\"@type\":\"SearchAction\",\"target\":{\"@type\":\"EntryPoint\",\"urlTemplate\":\"https:\\\/\\\/www.versiegelung24.com\\\/es\\\/?s={search_term_string}\"},\"query-input\":{\"@type\":\"PropertyValueSpecification\",\"valueRequired\":true,\"valueName\":\"search_term_string\"}}],\"inLanguage\":\"es\"},{\"@type\":\"Organization\",\"@id\":\"https:\\\/\\\/www.versiegelung24.com\\\/es\\\/#organization\",\"name\":\"versiegelung24\",\"url\":\"https:\\\/\\\/www.versiegelung24.com\\\/es\\\/\",\"logo\":{\"@type\":\"ImageObject\",\"inLanguage\":\"es\",\"@id\":\"https:\\\/\\\/www.versiegelung24.com\\\/es\\\/#\\\/schema\\\/logo\\\/image\\\/\",\"url\":\"https:\\\/\\\/www.versiegelung24.com\\\/wp-content\\\/uploads\\\/2020\\\/04\\\/versiegelung24.png\",\"contentUrl\":\"https:\\\/\\\/www.versiegelung24.com\\\/wp-content\\\/uploads\\\/2020\\\/04\\\/versiegelung24.png\",\"width\":470,\"height\":102,\"caption\":\"versiegelung24\"},\"image\":{\"@id\":\"https:\\\/\\\/www.versiegelung24.com\\\/es\\\/#\\\/schema\\\/logo\\\/image\\\/\"}}]}<\/script>\n<meta property=\"product:price:amount\" content=\"199.00\" \/>\n<meta property=\"product:price:currency\" content=\"EUR\" \/>\n<meta property=\"og:availability\" content=\"instock\" \/>\n<meta property=\"product:availability\" content=\"instock\" \/>\n<meta property=\"product:retailer_item_id\" content=\"7005-5575-komplettset\" \/>\n<meta property=\"product:condition\" content=\"new\" \/>\n<!-- \/ Yoast SEO Premium plugin. -->","yoast_head_json":{"title":"Juego completo para sellar sistemas solares \/ sistemas fotovoltaicos - versiegelung24.com","robots":{"index":"index","follow":"follow","max-snippet":"max-snippet:-1","max-image-preview":"max-image-preview:large","max-video-preview":"max-video-preview:-1"},"canonical":"https:\/\/www.versiegelung24.com\/es\/conjunto-completo-premium-solar-system-sellado-fotovoltaico-con-durabilidad-extrema-y-aumento-de-la-eficiencia.html","og_locale":"es_ES","og_type":"article","og_title":"Juego completo para sellar sistemas solares \/ sistemas fotovoltaicos","og_description":"Los m\u00f3dulos fotovoltaicos brindan su mejor rendimiento en condiciones \u00f3ptimas . Con nuestro sello especial, alargamos el ciclo de limpieza y simplificamos considerablemente la limpieza. Esto conduce a un mayor retorno de su inversi\u00f3n.","og_url":"https:\/\/www.versiegelung24.com\/es\/conjunto-completo-premium-solar-system-sellado-fotovoltaico-con-durabilidad-extrema-y-aumento-de-la-eficiencia.html","og_site_name":"versiegelung24.com","article_modified_time":"2025-01-05T16:31:44+00:00","og_image":[{"width":2560,"height":2560,"url":"https:\/\/www.versiegelung24.com\/wp-content\/uploads\/2020\/06\/produkt-7000-7601-1000-Solarversiegelung-scaled.jpg","type":"image\/jpeg"}],"twitter_card":"summary_large_image","twitter_misc":{"Precio":"199,00&euro;","Disponibilidad":"Disponible"},"schema":{"@context":"https:\/\/schema.org","@graph":[{"@type":"WebPage","@id":"https:\/\/www.versiegelung24.com\/es\/conjunto-completo-premium-solar-system-sellado-fotovoltaico-con-durabilidad-extrema-y-aumento-de-la-eficiencia.html","url":"https:\/\/www.versiegelung24.com\/es\/conjunto-completo-premium-solar-system-sellado-fotovoltaico-con-durabilidad-extrema-y-aumento-de-la-eficiencia.html","name":"Juego completo para sellar sistemas solares \/ sistemas fotovoltaicos - versiegelung24.com","isPartOf":{"@id":"https:\/\/www.versiegelung24.com\/es\/#website"},"primaryImageOfPage":{"@id":"https:\/\/www.versiegelung24.com\/es\/conjunto-completo-premium-solar-system-sellado-fotovoltaico-con-durabilidad-extrema-y-aumento-de-la-eficiencia.html#primaryimage"},"image":{"@id":"https:\/\/www.versiegelung24.com\/es\/conjunto-completo-premium-solar-system-sellado-fotovoltaico-con-durabilidad-extrema-y-aumento-de-la-eficiencia.html#primaryimage"},"thumbnailUrl":"https:\/\/www.versiegelung24.com\/wp-content\/uploads\/2020\/06\/produkt-7000-7601-1000-Solarversiegelung-scaled.jpg","datePublished":"2022-02-06T22:03:49+00:00","dateModified":"2025-01-05T16:31:44+00:00","breadcrumb":{"@id":"https:\/\/www.versiegelung24.com\/es\/conjunto-completo-premium-solar-system-sellado-fotovoltaico-con-durabilidad-extrema-y-aumento-de-la-eficiencia.html#breadcrumb"},"inLanguage":"es","potentialAction":[{"@type":"ReadAction","target":["https:\/\/www.versiegelung24.com\/es\/conjunto-completo-premium-solar-system-sellado-fotovoltaico-con-durabilidad-extrema-y-aumento-de-la-eficiencia.html"]}]},{"@type":"ImageObject","inLanguage":"es","@id":"https:\/\/www.versiegelung24.com\/es\/conjunto-completo-premium-solar-system-sellado-fotovoltaico-con-durabilidad-extrema-y-aumento-de-la-eficiencia.html#primaryimage","url":"https:\/\/www.versiegelung24.com\/wp-content\/uploads\/2020\/06\/produkt-7000-7601-1000-Solarversiegelung-scaled.jpg","contentUrl":"https:\/\/www.versiegelung24.com\/wp-content\/uploads\/2020\/06\/produkt-7000-7601-1000-Solarversiegelung-scaled.jpg","width":2560,"height":2560},{"@type":"BreadcrumbList","@id":"https:\/\/www.versiegelung24.com\/es\/conjunto-completo-premium-solar-system-sellado-fotovoltaico-con-durabilidad-extrema-y-aumento-de-la-eficiencia.html#breadcrumb","itemListElement":[{"@type":"ListItem","position":1,"name":"P\u00e1gina web","item":"https:\/\/www.versiegelung24.com\/es\/frontal\/"},{"@type":"ListItem","position":2,"name":"Tienda","item":"https:\/\/www.versiegelung24.com\/es\/tienda\/"},{"@type":"ListItem","position":3,"name":"Juego completo para sellar sistemas solares \/ sistemas fotovoltaicos"}]},{"@type":"WebSite","@id":"https:\/\/www.versiegelung24.com\/es\/#website","url":"https:\/\/www.versiegelung24.com\/es\/","name":"versiegelung24.com","description":"Fl\u00fcssigglas-Versiegelung - Made in Germany","publisher":{"@id":"https:\/\/www.versiegelung24.com\/es\/#organization"},"potentialAction":[{"@type":"SearchAction","target":{"@type":"EntryPoint","urlTemplate":"https:\/\/www.versiegelung24.com\/es\/?s={search_term_string}"},"query-input":{"@type":"PropertyValueSpecification","valueRequired":true,"valueName":"search_term_string"}}],"inLanguage":"es"},{"@type":"Organization","@id":"https:\/\/www.versiegelung24.com\/es\/#organization","name":"versiegelung24","url":"https:\/\/www.versiegelung24.com\/es\/","logo":{"@type":"ImageObject","inLanguage":"es","@id":"https:\/\/www.versiegelung24.com\/es\/#\/schema\/logo\/image\/","url":"https:\/\/www.versiegelung24.com\/wp-content\/uploads\/2020\/04\/versiegelung24.png","contentUrl":"https:\/\/www.versiegelung24.com\/wp-content\/uploads\/2020\/04\/versiegelung24.png","width":470,"height":102,"caption":"versiegelung24"},"image":{"@id":"https:\/\/www.versiegelung24.com\/es\/#\/schema\/logo\/image\/"}}]},"product_price_amount":"199.00","product_price_currency":"EUR","og_availability":"instock","product_availability":"instock","product_retailer_item_id":"7005-5575-komplettset","product_condition":"new"},"_links":{"self":[{"href":"https:\/\/www.versiegelung24.com\/es\/wp-json\/wp\/v2\/product\/62234","targetHints":{"allow":["GET"]}}],"collection":[{"href":"https:\/\/www.versiegelung24.com\/es\/wp-json\/wp\/v2\/product"}],"about":[{"href":"https:\/\/www.versiegelung24.com\/es\/wp-json\/wp\/v2\/types\/product"}],"version-history":[{"count":13,"href":"https:\/\/www.versiegelung24.com\/es\/wp-json\/wp\/v2\/product\/62234\/revisions"}],"predecessor-version":[{"id":141168,"href":"https:\/\/www.versiegelung24.com\/es\/wp-json\/wp\/v2\/product\/62234\/revisions\/141168"}],"wp:featuredmedia":[{"embeddable":true,"href":"https:\/\/www.versiegelung24.com\/es\/wp-json\/wp\/v2\/media\/18515"}],"wp:attachment":[{"href":"https:\/\/www.versiegelung24.com\/es\/wp-json\/wp\/v2\/media?parent=62234"}],"wp:term":[{"taxonomy":"product_brand","embeddable":true,"href":"https:\/\/www.versiegelung24.com\/es\/wp-json\/wp\/v2\/product_brand?post=62234"},{"taxonomy":"product_cat","embeddable":true,"href":"https:\/\/www.versiegelung24.com\/es\/wp-json\/wp\/v2\/product_cat?post=62234"},{"taxonomy":"product_tag","embeddable":true,"href":"https:\/\/www.versiegelung24.com\/es\/wp-json\/wp\/v2\/product_tag?post=62234"}],"curies":[{"name":"wp","href":"https:\/\/api.w.org\/{rel}","templated":true}]}}