{"id":82456,"date":"2022-02-23T13:57:07","date_gmt":"2022-02-23T12:57:09","guid":{"rendered":"https:\/\/www.versiegelung24.com\/?post_type=product&#038;p=82456"},"modified":"2025-01-13T17:10:15","modified_gmt":"2025-01-13T16:10:15","slug":"gafas-de-seguridad-con-protectores-laterales-integrados-y-marcos-ajustables","status":"publish","type":"product","link":"https:\/\/www.versiegelung24.com\/es\/product\/gafas-de-seguridad-con-protectores-laterales-integrados-y-marcos-ajustables\/","title":{"rendered":"Gafas de seguridad con protecciones laterales integradas y patillas ajustables"},"content":{"rendered":"\n<h4 class=\"wp-block-heading\" id=\"h-beschreibung\">Descripci\u00f3n de la<\/h4>\n\n<p>Gafas blandas de dos componentes con varillas regulables en longitud, de aplicaci\u00f3n universal. Las gafas cumplen los requisitos de la norma EN166. La fijaci\u00f3n de correas es posible debido a la perforaci\u00f3n provista.<\/p>\n\n<p>Protege sus ojos de peque\u00f1as astillas con una energ\u00eda de impacto de hasta 45 m\/s (F) y tiene una protecci\u00f3n frontal y lateral \u00f3ptima.<\/p>\n\n<hr \/>\n\n<h4 class=\"wp-block-heading\" id=\"properties\">Caracter\u00edsticas del producto<\/h4>\n\n<div class=\"wp-block-columns is-layout-flex wp-container-core-columns-is-layout-9d6595d7 wp-block-columns-is-layout-flex\">\n<div class=\"wp-block-column is-layout-flow wp-block-column-is-layout-flow\">\n<p>\u2713 Protecci\u00f3n \u00f3ptima contra impactos y astillas<\/p>\n\n\n\n<p>\u2713 Tama\u00f1os de correa ajustables<\/p>\n\n\n\n<p>\u2713 Protecci\u00f3n frontal y lateral<\/p>\n\n\n\n<p>\u2713 Espacio para gafas con lentes \u00f3pticos<\/p>\n\n\n\n<p>\u2713 Est\u00e1ndar: EN166<\/p>\n\n\n\n<p>\u2713 Color: Negro<\/p>\n<\/div>\n<\/div>\n","protected":false},"excerpt":{"rendered":"<p>\u2713 Protecci\u00f3n \u00f3ptima contra impactos y astillas<\/p>\n<p>\u2713 Tama\u00f1os de correa ajustables<\/p>\n<p>\u2713 Protecci\u00f3n frontal y lateral<\/p>\n<p>\u2713 Est\u00e1ndar: EN166<\/p>\n","protected":false},"featured_media":82526,"template":"","meta":{"_acf_changed":false,"neve_meta_sidebar":"","neve_meta_container":"","neve_meta_enable_content_width":"","neve_meta_content_width":0,"neve_meta_title_alignment":"","neve_meta_author_avatar":"","neve_post_elements_order":"","neve_meta_disable_header":"","neve_meta_disable_footer":"","neve_meta_disable_title":"","neve_meta_reading_time":"","_surfaces":[],"_ver_product_tabs":[],"footnotes":""},"product_brand":[],"product_cat":[3091],"product_tag":[],"class_list":{"0":"post-82456","1":"product","2":"type-product","3":"status-publish","4":"has-post-thumbnail","6":"product_cat-equipo","8":"first","9":"instock","10":"taxable","11":"shipping-taxable","12":"purchasable","13":"product-type-simple"},"acf":[],"yoast_head":"<!-- This site is optimized with the Yoast SEO Premium plugin v22.8 (Yoast SEO v27.4) - https:\/\/yoast.com\/product\/yoast-seo-premium-wordpress\/ -->\n<title>Gafas de seguridad con protecciones laterales integradas y patillas ajustables - versiegelung24.com<\/title>\n<meta name=\"robots\" content=\"index, follow, max-snippet:-1, max-image-preview:large, max-video-preview:-1\" \/>\n<link rel=\"canonical\" href=\"https:\/\/www.versiegelung24.com\/es\/product\/gafas-de-seguridad-con-protectores-laterales-integrados-y-marcos-ajustables\/\" \/>\n<meta property=\"og:locale\" content=\"es_ES\" \/>\n<meta property=\"og:type\" content=\"article\" \/>\n<meta property=\"og:title\" content=\"Gafas de seguridad con protecciones laterales integradas y patillas ajustables\" \/>\n<meta property=\"og:description\" content=\"\u2713 Protecci\u00f3n \u00f3ptima contra impactos y astillas \u2713 Tama\u00f1os de correa ajustables \u2713 Protecci\u00f3n frontal y lateral \u2713 Est\u00e1ndar: EN166\" \/>\n<meta property=\"og:url\" content=\"https:\/\/www.versiegelung24.com\/es\/product\/gafas-de-seguridad-con-protectores-laterales-integrados-y-marcos-ajustables\/\" \/>\n<meta property=\"og:site_name\" content=\"versiegelung24.com\" \/>\n<meta property=\"article:modified_time\" content=\"2025-01-13T16:10:15+00:00\" \/>\n<meta name=\"twitter:card\" content=\"summary_large_image\" \/>\n<meta name=\"twitter:label1\" content=\"Precio\" \/>\n\t<meta name=\"twitter:data1\" content=\"4,99&euro;\" \/>\n\t<meta name=\"twitter:label2\" content=\"Disponibilidad\" \/>\n\t<meta name=\"twitter:data2\" content=\"Disponible\" \/>\n<script type=\"application\/ld+json\" class=\"yoast-schema-graph\">{\"@context\":\"https:\\\/\\\/schema.org\",\"@graph\":[{\"@type\":\"WebPage\",\"@id\":\"https:\\\/\\\/www.versiegelung24.com\\\/es\\\/product\\\/gafas-de-seguridad-con-protectores-laterales-integrados-y-marcos-ajustables\\\/\",\"url\":\"https:\\\/\\\/www.versiegelung24.com\\\/es\\\/product\\\/gafas-de-seguridad-con-protectores-laterales-integrados-y-marcos-ajustables\\\/\",\"name\":\"Gafas de seguridad con protecciones laterales integradas y patillas ajustables - versiegelung24.com\",\"isPartOf\":{\"@id\":\"https:\\\/\\\/www.versiegelung24.com\\\/es\\\/#website\"},\"primaryImageOfPage\":{\"@id\":\"https:\\\/\\\/www.versiegelung24.com\\\/es\\\/product\\\/gafas-de-seguridad-con-protectores-laterales-integrados-y-marcos-ajustables\\\/#primaryimage\"},\"image\":{\"@id\":\"https:\\\/\\\/www.versiegelung24.com\\\/es\\\/product\\\/gafas-de-seguridad-con-protectores-laterales-integrados-y-marcos-ajustables\\\/#primaryimage\"},\"thumbnailUrl\":\"https:\\\/\\\/www.versiegelung24.com\\\/wp-content\\\/uploads\\\/2022\\\/02\\\/produkt-v24-sbvari1-schutzbrille.jpg\",\"datePublished\":\"2022-02-23T12:57:09+00:00\",\"dateModified\":\"2025-01-13T16:10:15+00:00\",\"breadcrumb\":{\"@id\":\"https:\\\/\\\/www.versiegelung24.com\\\/es\\\/product\\\/gafas-de-seguridad-con-protectores-laterales-integrados-y-marcos-ajustables\\\/#breadcrumb\"},\"inLanguage\":\"es\",\"potentialAction\":[{\"@type\":\"ReadAction\",\"target\":[\"https:\\\/\\\/www.versiegelung24.com\\\/es\\\/product\\\/gafas-de-seguridad-con-protectores-laterales-integrados-y-marcos-ajustables\\\/\"]}]},{\"@type\":\"ImageObject\",\"inLanguage\":\"es\",\"@id\":\"https:\\\/\\\/www.versiegelung24.com\\\/es\\\/product\\\/gafas-de-seguridad-con-protectores-laterales-integrados-y-marcos-ajustables\\\/#primaryimage\",\"url\":\"https:\\\/\\\/www.versiegelung24.com\\\/wp-content\\\/uploads\\\/2022\\\/02\\\/produkt-v24-sbvari1-schutzbrille.jpg\",\"contentUrl\":\"https:\\\/\\\/www.versiegelung24.com\\\/wp-content\\\/uploads\\\/2022\\\/02\\\/produkt-v24-sbvari1-schutzbrille.jpg\",\"width\":2000,\"height\":2000},{\"@type\":\"BreadcrumbList\",\"@id\":\"https:\\\/\\\/www.versiegelung24.com\\\/es\\\/product\\\/gafas-de-seguridad-con-protectores-laterales-integrados-y-marcos-ajustables\\\/#breadcrumb\",\"itemListElement\":[{\"@type\":\"ListItem\",\"position\":1,\"name\":\"P\u00e1gina web\",\"item\":\"https:\\\/\\\/www.versiegelung24.com\\\/es\\\/frontal\\\/\"},{\"@type\":\"ListItem\",\"position\":2,\"name\":\"Tienda\",\"item\":\"https:\\\/\\\/www.versiegelung24.com\\\/es\\\/tienda\\\/\"},{\"@type\":\"ListItem\",\"position\":3,\"name\":\"Gafas de seguridad con protecciones laterales integradas y patillas ajustables\"}]},{\"@type\":\"WebSite\",\"@id\":\"https:\\\/\\\/www.versiegelung24.com\\\/es\\\/#website\",\"url\":\"https:\\\/\\\/www.versiegelung24.com\\\/es\\\/\",\"name\":\"versiegelung24.com\",\"description\":\"Fl\u00fcssigglas-Versiegelung - Made in Germany\",\"publisher\":{\"@id\":\"https:\\\/\\\/www.versiegelung24.com\\\/es\\\/#organization\"},\"potentialAction\":[{\"@type\":\"SearchAction\",\"target\":{\"@type\":\"EntryPoint\",\"urlTemplate\":\"https:\\\/\\\/www.versiegelung24.com\\\/es\\\/?s={search_term_string}\"},\"query-input\":{\"@type\":\"PropertyValueSpecification\",\"valueRequired\":true,\"valueName\":\"search_term_string\"}}],\"inLanguage\":\"es\"},{\"@type\":\"Organization\",\"@id\":\"https:\\\/\\\/www.versiegelung24.com\\\/es\\\/#organization\",\"name\":\"versiegelung24\",\"url\":\"https:\\\/\\\/www.versiegelung24.com\\\/es\\\/\",\"logo\":{\"@type\":\"ImageObject\",\"inLanguage\":\"es\",\"@id\":\"https:\\\/\\\/www.versiegelung24.com\\\/es\\\/#\\\/schema\\\/logo\\\/image\\\/\",\"url\":\"https:\\\/\\\/www.versiegelung24.com\\\/wp-content\\\/uploads\\\/2020\\\/04\\\/versiegelung24.png\",\"contentUrl\":\"https:\\\/\\\/www.versiegelung24.com\\\/wp-content\\\/uploads\\\/2020\\\/04\\\/versiegelung24.png\",\"width\":470,\"height\":102,\"caption\":\"versiegelung24\"},\"image\":{\"@id\":\"https:\\\/\\\/www.versiegelung24.com\\\/es\\\/#\\\/schema\\\/logo\\\/image\\\/\"}}]}<\/script>\n<meta property=\"product:price:amount\" content=\"4.99\" \/>\n<meta property=\"product:price:currency\" content=\"EUR\" \/>\n<meta property=\"og:availability\" content=\"instock\" \/>\n<meta property=\"product:availability\" content=\"instock\" \/>\n<meta property=\"product:retailer_item_id\" content=\"V24-SBVARI1\" \/>\n<meta property=\"product:condition\" content=\"new\" \/>\n<!-- \/ Yoast SEO Premium plugin. -->","yoast_head_json":{"title":"Gafas de seguridad con protecciones laterales integradas y patillas ajustables - versiegelung24.com","robots":{"index":"index","follow":"follow","max-snippet":"max-snippet:-1","max-image-preview":"max-image-preview:large","max-video-preview":"max-video-preview:-1"},"canonical":"https:\/\/www.versiegelung24.com\/es\/product\/gafas-de-seguridad-con-protectores-laterales-integrados-y-marcos-ajustables\/","og_locale":"es_ES","og_type":"article","og_title":"Gafas de seguridad con protecciones laterales integradas y patillas ajustables","og_description":"\u2713 Protecci\u00f3n \u00f3ptima contra impactos y astillas \u2713 Tama\u00f1os de correa ajustables \u2713 Protecci\u00f3n frontal y lateral \u2713 Est\u00e1ndar: EN166","og_url":"https:\/\/www.versiegelung24.com\/es\/product\/gafas-de-seguridad-con-protectores-laterales-integrados-y-marcos-ajustables\/","og_site_name":"versiegelung24.com","article_modified_time":"2025-01-13T16:10:15+00:00","twitter_card":"summary_large_image","twitter_misc":{"Precio":"4,99&euro;","Disponibilidad":"Disponible"},"schema":{"@context":"https:\/\/schema.org","@graph":[{"@type":"WebPage","@id":"https:\/\/www.versiegelung24.com\/es\/product\/gafas-de-seguridad-con-protectores-laterales-integrados-y-marcos-ajustables\/","url":"https:\/\/www.versiegelung24.com\/es\/product\/gafas-de-seguridad-con-protectores-laterales-integrados-y-marcos-ajustables\/","name":"Gafas de seguridad con protecciones laterales integradas y patillas ajustables - versiegelung24.com","isPartOf":{"@id":"https:\/\/www.versiegelung24.com\/es\/#website"},"primaryImageOfPage":{"@id":"https:\/\/www.versiegelung24.com\/es\/product\/gafas-de-seguridad-con-protectores-laterales-integrados-y-marcos-ajustables\/#primaryimage"},"image":{"@id":"https:\/\/www.versiegelung24.com\/es\/product\/gafas-de-seguridad-con-protectores-laterales-integrados-y-marcos-ajustables\/#primaryimage"},"thumbnailUrl":"https:\/\/www.versiegelung24.com\/wp-content\/uploads\/2022\/02\/produkt-v24-sbvari1-schutzbrille.jpg","datePublished":"2022-02-23T12:57:09+00:00","dateModified":"2025-01-13T16:10:15+00:00","breadcrumb":{"@id":"https:\/\/www.versiegelung24.com\/es\/product\/gafas-de-seguridad-con-protectores-laterales-integrados-y-marcos-ajustables\/#breadcrumb"},"inLanguage":"es","potentialAction":[{"@type":"ReadAction","target":["https:\/\/www.versiegelung24.com\/es\/product\/gafas-de-seguridad-con-protectores-laterales-integrados-y-marcos-ajustables\/"]}]},{"@type":"ImageObject","inLanguage":"es","@id":"https:\/\/www.versiegelung24.com\/es\/product\/gafas-de-seguridad-con-protectores-laterales-integrados-y-marcos-ajustables\/#primaryimage","url":"https:\/\/www.versiegelung24.com\/wp-content\/uploads\/2022\/02\/produkt-v24-sbvari1-schutzbrille.jpg","contentUrl":"https:\/\/www.versiegelung24.com\/wp-content\/uploads\/2022\/02\/produkt-v24-sbvari1-schutzbrille.jpg","width":2000,"height":2000},{"@type":"BreadcrumbList","@id":"https:\/\/www.versiegelung24.com\/es\/product\/gafas-de-seguridad-con-protectores-laterales-integrados-y-marcos-ajustables\/#breadcrumb","itemListElement":[{"@type":"ListItem","position":1,"name":"P\u00e1gina web","item":"https:\/\/www.versiegelung24.com\/es\/frontal\/"},{"@type":"ListItem","position":2,"name":"Tienda","item":"https:\/\/www.versiegelung24.com\/es\/tienda\/"},{"@type":"ListItem","position":3,"name":"Gafas de seguridad con protecciones laterales integradas y patillas ajustables"}]},{"@type":"WebSite","@id":"https:\/\/www.versiegelung24.com\/es\/#website","url":"https:\/\/www.versiegelung24.com\/es\/","name":"versiegelung24.com","description":"Fl\u00fcssigglas-Versiegelung - Made in Germany","publisher":{"@id":"https:\/\/www.versiegelung24.com\/es\/#organization"},"potentialAction":[{"@type":"SearchAction","target":{"@type":"EntryPoint","urlTemplate":"https:\/\/www.versiegelung24.com\/es\/?s={search_term_string}"},"query-input":{"@type":"PropertyValueSpecification","valueRequired":true,"valueName":"search_term_string"}}],"inLanguage":"es"},{"@type":"Organization","@id":"https:\/\/www.versiegelung24.com\/es\/#organization","name":"versiegelung24","url":"https:\/\/www.versiegelung24.com\/es\/","logo":{"@type":"ImageObject","inLanguage":"es","@id":"https:\/\/www.versiegelung24.com\/es\/#\/schema\/logo\/image\/","url":"https:\/\/www.versiegelung24.com\/wp-content\/uploads\/2020\/04\/versiegelung24.png","contentUrl":"https:\/\/www.versiegelung24.com\/wp-content\/uploads\/2020\/04\/versiegelung24.png","width":470,"height":102,"caption":"versiegelung24"},"image":{"@id":"https:\/\/www.versiegelung24.com\/es\/#\/schema\/logo\/image\/"}}]},"product_price_amount":"4.99","product_price_currency":"EUR","og_availability":"instock","product_availability":"instock","product_retailer_item_id":"V24-SBVARI1","product_condition":"new"},"_links":{"self":[{"href":"https:\/\/www.versiegelung24.com\/es\/wp-json\/wp\/v2\/product\/82456","targetHints":{"allow":["GET"]}}],"collection":[{"href":"https:\/\/www.versiegelung24.com\/es\/wp-json\/wp\/v2\/product"}],"about":[{"href":"https:\/\/www.versiegelung24.com\/es\/wp-json\/wp\/v2\/types\/product"}],"version-history":[{"count":7,"href":"https:\/\/www.versiegelung24.com\/es\/wp-json\/wp\/v2\/product\/82456\/revisions"}],"predecessor-version":[{"id":180774,"href":"https:\/\/www.versiegelung24.com\/es\/wp-json\/wp\/v2\/product\/82456\/revisions\/180774"}],"wp:featuredmedia":[{"embeddable":true,"href":"https:\/\/www.versiegelung24.com\/es\/wp-json\/wp\/v2\/media\/82526"}],"wp:attachment":[{"href":"https:\/\/www.versiegelung24.com\/es\/wp-json\/wp\/v2\/media?parent=82456"}],"wp:term":[{"taxonomy":"product_brand","embeddable":true,"href":"https:\/\/www.versiegelung24.com\/es\/wp-json\/wp\/v2\/product_brand?post=82456"},{"taxonomy":"product_cat","embeddable":true,"href":"https:\/\/www.versiegelung24.com\/es\/wp-json\/wp\/v2\/product_cat?post=82456"},{"taxonomy":"product_tag","embeddable":true,"href":"https:\/\/www.versiegelung24.com\/es\/wp-json\/wp\/v2\/product_tag?post=82456"}],"curies":[{"name":"wp","href":"https:\/\/api.w.org\/{rel}","templated":true}]}}