{"id":93737,"date":"2022-10-21T16:49:10","date_gmt":"2022-10-21T14:49:10","guid":{"rendered":"https:\/\/www.versiegelung24.com\/?post_type=product&#038;p=93737"},"modified":"2025-03-31T14:58:22","modified_gmt":"2025-03-31T12:58:22","slug":"aplicacion-esponja-95x40x23mm","status":"publish","type":"product","link":"https:\/\/www.versiegelung24.com\/es\/pano-de-microfibra-40x40cm-para-limpieza-previa-o-pulido-amarillo-kopie.html","title":{"rendered":"Esponja de aplicaci\u00f3n 95x40x23mm"},"content":{"rendered":"\n<p>Esponja de aplicaci\u00f3n  <\/p>\n\n<p>Ideal para usar en combinaci\u00f3n con nuestro <a href=\"https:\/\/www.versiegelung24.com\/applikationstuch-20x20cm.html\">pa\u00f1o de microfibra para la aplicaci\u00f3n de nuestros selladores l\u00edquidos para vidrio<\/a>.<\/p>\n\n<p>Recomendamos utilizar un pa\u00f1o de microfibra distinto para cada paso de la aplicaci\u00f3n de nuestros selladores e impregnaciones de superficies.<\/p>\n\n<p>Al utilizar la esponja de aplicaci\u00f3n en combinaci\u00f3n con nuestros pa\u00f1os de microfibra, es posible dosificar y optimizar la aplicaci\u00f3n o el pulido en funci\u00f3n del lado de la esponja, el estado de la superficie y la presi\u00f3n aplicada.<\/p>\n\n<hr \/>\n\n<h4 class=\"wp-block-heading\" id=\"properties\">Caracter\u00edsticas del producto<\/h4>\n\n<div class=\"wp-block-columns is-layout-flex wp-container-core-columns-is-layout-9d6595d7 wp-block-columns-is-layout-flex\">\n<div class=\"wp-block-column is-layout-flow wp-block-column-is-layout-flow\">\n<p>Esponja para aplicar y pulir Tama\u00f1o: 95 x 40 x 23mm  <\/p>\n<\/div>\n\n\n\n<div class=\"wp-block-column is-layout-flow wp-block-column-is-layout-flow\">\n<p>Capa superior dura 5mm blanco XPE 3000-33 Capa intermedia blanda 18mm S2145 azul<\/p>\n<\/div>\n<\/div>\n\n<hr \/>\n\n<h4 class=\"wp-block-heading\" id=\"application\">Aplicaci\u00f3n<\/h4>\n\n<p>Para aplicar <a href=\"https:\/\/www.versiegelung24.com\/applikationstuch-20x20cm.html\">nuestros selladores<\/a> en superficies lisas y no absorbentes, recomendamos combinarlos con nuestro <a href=\"https:\/\/www.versiegelung24.com\/applikationstuch-20x20cm.html\">pa\u00f1o de microfibra para aplicar nuestros selladores l\u00edquidos para cristales<\/a>. Coloque el pa\u00f1o de microfibra en el lado blanco duro para aplicar el sellador y aplique el sellador seg\u00fan las instrucciones de aplicaci\u00f3n respectivas.<\/p>\n\n<p>Para repasar con nuestro <a href=\"https:\/\/www.versiegelung24.com\/es\/pano-de-microfibra-30x30cm-para-limpieza-previa-o-pulido.html\">pa\u00f1o de microfibra 30x30cm para la limpieza previa o el pulido<\/a>, coloque tambi\u00e9n el pa\u00f1o sobre la esponja y utilice el lado duro o blando de la esponja, seg\u00fan el estado de la superficie y la necesidad, para crear una presi\u00f3n uniforme sobre una superficie ampliada.<\/p>\n","protected":false},"excerpt":{"rendered":"<p><strong>Esponja para la aplicaci\u00f3n de sellantes<\/strong><\/p>\n<p>Reutilizable<\/p>\n<p>\u2713 Respetuoso con el medio ambiente<\/p>\n<p>\u2713 Pr\u00e1ctico<\/p>\n<p>\u2713 Lado duro y blando<\/p>\n<p>\u2713 95x40x23mm<\/p>\n<p>&nbsp;<\/p>\n","protected":false},"featured_media":13271,"template":"","meta":{"_acf_changed":false,"neve_meta_sidebar":"","neve_meta_container":"","neve_meta_enable_content_width":"","neve_meta_content_width":0,"neve_meta_title_alignment":"","neve_meta_author_avatar":"","neve_post_elements_order":"","neve_meta_disable_header":"","neve_meta_disable_footer":"","neve_meta_disable_title":"","neve_meta_reading_time":"","_surfaces":[],"_ver_product_tabs":[],"footnotes":""},"product_brand":[],"product_cat":[2240,2379,2382,2390,2486,3091,2182],"product_tag":[],"class_list":{"0":"post-93737","1":"product","2":"type-product","3":"status-publish","4":"has-post-thumbnail","6":"product_cat-desinfectantes-de-superficies","7":"product_cat-sellado-para-vidrio-y-ceramica","8":"product_cat-sellado-de-metal-y-plastico","9":"product_cat-limpiando-suministros","10":"product_cat-sello-universal","11":"product_cat-equipo","12":"product_cat-sellado-de-coches","14":"first","15":"instock","16":"taxable","17":"shipping-taxable","18":"purchasable","19":"product-type-simple"},"acf":[],"yoast_head":"<!-- This site is optimized with the Yoast SEO Premium plugin v22.8 (Yoast SEO v27.5) - https:\/\/yoast.com\/product\/yoast-seo-premium-wordpress\/ -->\n<title>Esponja de aplicaci\u00f3n 95x40x23mm - versiegelung24.com<\/title>\n<meta name=\"description\" content=\"Esponja de aplicaci\u00f3n - Ideal para aplicar nuestros selladores. Un todoterreno en combinaci\u00f3n con nuestros pa\u00f1os de microfibra.\" \/>\n<meta name=\"robots\" content=\"index, follow, max-snippet:-1, max-image-preview:large, max-video-preview:-1\" \/>\n<link rel=\"canonical\" href=\"https:\/\/www.versiegelung24.com\/es\/pano-de-microfibra-40x40cm-para-limpieza-previa-o-pulido-amarillo-kopie.html\" \/>\n<meta property=\"og:locale\" content=\"es_ES\" \/>\n<meta property=\"og:type\" content=\"article\" \/>\n<meta property=\"og:title\" content=\"Esponja de aplicaci\u00f3n 95x40x23mm\" \/>\n<meta property=\"og:description\" content=\"Esponja de aplicaci\u00f3n - Ideal para aplicar nuestros selladores. Un todoterreno en combinaci\u00f3n con nuestros pa\u00f1os de microfibra.\" \/>\n<meta property=\"og:url\" content=\"https:\/\/www.versiegelung24.com\/es\/pano-de-microfibra-40x40cm-para-limpieza-previa-o-pulido-amarillo-kopie.html\" \/>\n<meta property=\"og:site_name\" content=\"versiegelung24.com\" \/>\n<meta property=\"article:modified_time\" content=\"2025-03-31T12:58:22+00:00\" \/>\n<meta property=\"og:image\" content=\"https:\/\/www.versiegelung24.com\/wp-content\/uploads\/2020\/04\/mikrofasertuch.png\" \/>\n\t<meta property=\"og:image:width\" content=\"1000\" \/>\n\t<meta property=\"og:image:height\" content=\"1000\" \/>\n\t<meta property=\"og:image:type\" content=\"image\/png\" \/>\n<meta name=\"twitter:card\" content=\"summary_large_image\" \/>\n<meta name=\"twitter:label1\" content=\"Precio\" \/>\n\t<meta name=\"twitter:data1\" content=\"1,99&euro;\" \/>\n\t<meta name=\"twitter:label2\" content=\"Disponibilidad\" \/>\n\t<meta name=\"twitter:data2\" content=\"Disponible\" \/>\n<script type=\"application\/ld+json\" class=\"yoast-schema-graph\">{\"@context\":\"https:\\\/\\\/schema.org\",\"@graph\":[{\"@type\":\"WebPage\",\"@id\":\"https:\\\/\\\/www.versiegelung24.com\\\/es\\\/pano-de-microfibra-40x40cm-para-limpieza-previa-o-pulido-amarillo-kopie.html\",\"url\":\"https:\\\/\\\/www.versiegelung24.com\\\/es\\\/pano-de-microfibra-40x40cm-para-limpieza-previa-o-pulido-amarillo-kopie.html\",\"name\":\"Esponja de aplicaci\u00f3n 95x40x23mm - versiegelung24.com\",\"isPartOf\":{\"@id\":\"https:\\\/\\\/www.versiegelung24.com\\\/es\\\/#website\"},\"primaryImageOfPage\":{\"@id\":\"https:\\\/\\\/www.versiegelung24.com\\\/es\\\/pano-de-microfibra-40x40cm-para-limpieza-previa-o-pulido-amarillo-kopie.html#primaryimage\"},\"image\":{\"@id\":\"https:\\\/\\\/www.versiegelung24.com\\\/es\\\/pano-de-microfibra-40x40cm-para-limpieza-previa-o-pulido-amarillo-kopie.html#primaryimage\"},\"thumbnailUrl\":\"https:\\\/\\\/www.versiegelung24.com\\\/wp-content\\\/uploads\\\/2020\\\/04\\\/mikrofasertuch.png\",\"datePublished\":\"2022-10-21T14:49:10+00:00\",\"dateModified\":\"2025-03-31T12:58:22+00:00\",\"description\":\"Esponja de aplicaci\u00f3n - Ideal para aplicar nuestros selladores. Un todoterreno en combinaci\u00f3n con nuestros pa\u00f1os de microfibra.\",\"breadcrumb\":{\"@id\":\"https:\\\/\\\/www.versiegelung24.com\\\/es\\\/pano-de-microfibra-40x40cm-para-limpieza-previa-o-pulido-amarillo-kopie.html#breadcrumb\"},\"inLanguage\":\"es\",\"potentialAction\":[{\"@type\":\"ReadAction\",\"target\":[\"https:\\\/\\\/www.versiegelung24.com\\\/es\\\/pano-de-microfibra-40x40cm-para-limpieza-previa-o-pulido-amarillo-kopie.html\"]}]},{\"@type\":\"ImageObject\",\"inLanguage\":\"es\",\"@id\":\"https:\\\/\\\/www.versiegelung24.com\\\/es\\\/pano-de-microfibra-40x40cm-para-limpieza-previa-o-pulido-amarillo-kopie.html#primaryimage\",\"url\":\"https:\\\/\\\/www.versiegelung24.com\\\/wp-content\\\/uploads\\\/2020\\\/04\\\/mikrofasertuch.png\",\"contentUrl\":\"https:\\\/\\\/www.versiegelung24.com\\\/wp-content\\\/uploads\\\/2020\\\/04\\\/mikrofasertuch.png\",\"width\":1000,\"height\":1000},{\"@type\":\"BreadcrumbList\",\"@id\":\"https:\\\/\\\/www.versiegelung24.com\\\/es\\\/pano-de-microfibra-40x40cm-para-limpieza-previa-o-pulido-amarillo-kopie.html#breadcrumb\",\"itemListElement\":[{\"@type\":\"ListItem\",\"position\":1,\"name\":\"P\u00e1gina web\",\"item\":\"https:\\\/\\\/www.versiegelung24.com\\\/es\\\/frontal\\\/\"},{\"@type\":\"ListItem\",\"position\":2,\"name\":\"Tienda\",\"item\":\"https:\\\/\\\/www.versiegelung24.com\\\/es\\\/tienda\\\/\"},{\"@type\":\"ListItem\",\"position\":3,\"name\":\"Esponja de aplicaci\u00f3n 95x40x23mm\"}]},{\"@type\":\"WebSite\",\"@id\":\"https:\\\/\\\/www.versiegelung24.com\\\/es\\\/#website\",\"url\":\"https:\\\/\\\/www.versiegelung24.com\\\/es\\\/\",\"name\":\"versiegelung24.com\",\"description\":\"Fl\u00fcssigglas-Versiegelung - Made in Germany\",\"publisher\":{\"@id\":\"https:\\\/\\\/www.versiegelung24.com\\\/es\\\/#organization\"},\"potentialAction\":[{\"@type\":\"SearchAction\",\"target\":{\"@type\":\"EntryPoint\",\"urlTemplate\":\"https:\\\/\\\/www.versiegelung24.com\\\/es\\\/?s={search_term_string}\"},\"query-input\":{\"@type\":\"PropertyValueSpecification\",\"valueRequired\":true,\"valueName\":\"search_term_string\"}}],\"inLanguage\":\"es\"},{\"@type\":\"Organization\",\"@id\":\"https:\\\/\\\/www.versiegelung24.com\\\/es\\\/#organization\",\"name\":\"versiegelung24\",\"url\":\"https:\\\/\\\/www.versiegelung24.com\\\/es\\\/\",\"logo\":{\"@type\":\"ImageObject\",\"inLanguage\":\"es\",\"@id\":\"https:\\\/\\\/www.versiegelung24.com\\\/es\\\/#\\\/schema\\\/logo\\\/image\\\/\",\"url\":\"https:\\\/\\\/www.versiegelung24.com\\\/wp-content\\\/uploads\\\/2020\\\/04\\\/versiegelung24.png\",\"contentUrl\":\"https:\\\/\\\/www.versiegelung24.com\\\/wp-content\\\/uploads\\\/2020\\\/04\\\/versiegelung24.png\",\"width\":470,\"height\":102,\"caption\":\"versiegelung24\"},\"image\":{\"@id\":\"https:\\\/\\\/www.versiegelung24.com\\\/es\\\/#\\\/schema\\\/logo\\\/image\\\/\"}}]}<\/script>\n<meta property=\"product:price:amount\" content=\"1.99\" \/>\n<meta property=\"product:price:currency\" content=\"EUR\" \/>\n<meta property=\"og:availability\" content=\"instock\" \/>\n<meta property=\"product:availability\" content=\"instock\" \/>\n<meta property=\"product:retailer_item_id\" content=\"V24-9010-1\" \/>\n<meta property=\"product:condition\" content=\"new\" \/>\n<!-- \/ Yoast SEO Premium plugin. -->","yoast_head_json":{"title":"Esponja de aplicaci\u00f3n 95x40x23mm - versiegelung24.com","description":"Esponja de aplicaci\u00f3n - Ideal para aplicar nuestros selladores. Un todoterreno en combinaci\u00f3n con nuestros pa\u00f1os de microfibra.","robots":{"index":"index","follow":"follow","max-snippet":"max-snippet:-1","max-image-preview":"max-image-preview:large","max-video-preview":"max-video-preview:-1"},"canonical":"https:\/\/www.versiegelung24.com\/es\/pano-de-microfibra-40x40cm-para-limpieza-previa-o-pulido-amarillo-kopie.html","og_locale":"es_ES","og_type":"article","og_title":"Esponja de aplicaci\u00f3n 95x40x23mm","og_description":"Esponja de aplicaci\u00f3n - Ideal para aplicar nuestros selladores. Un todoterreno en combinaci\u00f3n con nuestros pa\u00f1os de microfibra.","og_url":"https:\/\/www.versiegelung24.com\/es\/pano-de-microfibra-40x40cm-para-limpieza-previa-o-pulido-amarillo-kopie.html","og_site_name":"versiegelung24.com","article_modified_time":"2025-03-31T12:58:22+00:00","og_image":[{"width":1000,"height":1000,"url":"https:\/\/www.versiegelung24.com\/wp-content\/uploads\/2020\/04\/mikrofasertuch.png","type":"image\/png"}],"twitter_card":"summary_large_image","twitter_misc":{"Precio":"1,99&euro;","Disponibilidad":"Disponible"},"schema":{"@context":"https:\/\/schema.org","@graph":[{"@type":"WebPage","@id":"https:\/\/www.versiegelung24.com\/es\/pano-de-microfibra-40x40cm-para-limpieza-previa-o-pulido-amarillo-kopie.html","url":"https:\/\/www.versiegelung24.com\/es\/pano-de-microfibra-40x40cm-para-limpieza-previa-o-pulido-amarillo-kopie.html","name":"Esponja de aplicaci\u00f3n 95x40x23mm - versiegelung24.com","isPartOf":{"@id":"https:\/\/www.versiegelung24.com\/es\/#website"},"primaryImageOfPage":{"@id":"https:\/\/www.versiegelung24.com\/es\/pano-de-microfibra-40x40cm-para-limpieza-previa-o-pulido-amarillo-kopie.html#primaryimage"},"image":{"@id":"https:\/\/www.versiegelung24.com\/es\/pano-de-microfibra-40x40cm-para-limpieza-previa-o-pulido-amarillo-kopie.html#primaryimage"},"thumbnailUrl":"https:\/\/www.versiegelung24.com\/wp-content\/uploads\/2020\/04\/mikrofasertuch.png","datePublished":"2022-10-21T14:49:10+00:00","dateModified":"2025-03-31T12:58:22+00:00","description":"Esponja de aplicaci\u00f3n - Ideal para aplicar nuestros selladores. Un todoterreno en combinaci\u00f3n con nuestros pa\u00f1os de microfibra.","breadcrumb":{"@id":"https:\/\/www.versiegelung24.com\/es\/pano-de-microfibra-40x40cm-para-limpieza-previa-o-pulido-amarillo-kopie.html#breadcrumb"},"inLanguage":"es","potentialAction":[{"@type":"ReadAction","target":["https:\/\/www.versiegelung24.com\/es\/pano-de-microfibra-40x40cm-para-limpieza-previa-o-pulido-amarillo-kopie.html"]}]},{"@type":"ImageObject","inLanguage":"es","@id":"https:\/\/www.versiegelung24.com\/es\/pano-de-microfibra-40x40cm-para-limpieza-previa-o-pulido-amarillo-kopie.html#primaryimage","url":"https:\/\/www.versiegelung24.com\/wp-content\/uploads\/2020\/04\/mikrofasertuch.png","contentUrl":"https:\/\/www.versiegelung24.com\/wp-content\/uploads\/2020\/04\/mikrofasertuch.png","width":1000,"height":1000},{"@type":"BreadcrumbList","@id":"https:\/\/www.versiegelung24.com\/es\/pano-de-microfibra-40x40cm-para-limpieza-previa-o-pulido-amarillo-kopie.html#breadcrumb","itemListElement":[{"@type":"ListItem","position":1,"name":"P\u00e1gina web","item":"https:\/\/www.versiegelung24.com\/es\/frontal\/"},{"@type":"ListItem","position":2,"name":"Tienda","item":"https:\/\/www.versiegelung24.com\/es\/tienda\/"},{"@type":"ListItem","position":3,"name":"Esponja de aplicaci\u00f3n 95x40x23mm"}]},{"@type":"WebSite","@id":"https:\/\/www.versiegelung24.com\/es\/#website","url":"https:\/\/www.versiegelung24.com\/es\/","name":"versiegelung24.com","description":"Fl\u00fcssigglas-Versiegelung - Made in Germany","publisher":{"@id":"https:\/\/www.versiegelung24.com\/es\/#organization"},"potentialAction":[{"@type":"SearchAction","target":{"@type":"EntryPoint","urlTemplate":"https:\/\/www.versiegelung24.com\/es\/?s={search_term_string}"},"query-input":{"@type":"PropertyValueSpecification","valueRequired":true,"valueName":"search_term_string"}}],"inLanguage":"es"},{"@type":"Organization","@id":"https:\/\/www.versiegelung24.com\/es\/#organization","name":"versiegelung24","url":"https:\/\/www.versiegelung24.com\/es\/","logo":{"@type":"ImageObject","inLanguage":"es","@id":"https:\/\/www.versiegelung24.com\/es\/#\/schema\/logo\/image\/","url":"https:\/\/www.versiegelung24.com\/wp-content\/uploads\/2020\/04\/versiegelung24.png","contentUrl":"https:\/\/www.versiegelung24.com\/wp-content\/uploads\/2020\/04\/versiegelung24.png","width":470,"height":102,"caption":"versiegelung24"},"image":{"@id":"https:\/\/www.versiegelung24.com\/es\/#\/schema\/logo\/image\/"}}]},"product_price_amount":"1.99","product_price_currency":"EUR","og_availability":"instock","product_availability":"instock","product_retailer_item_id":"V24-9010-1","product_condition":"new"},"_links":{"self":[{"href":"https:\/\/www.versiegelung24.com\/es\/wp-json\/wp\/v2\/product\/93737","targetHints":{"allow":["GET"]}}],"collection":[{"href":"https:\/\/www.versiegelung24.com\/es\/wp-json\/wp\/v2\/product"}],"about":[{"href":"https:\/\/www.versiegelung24.com\/es\/wp-json\/wp\/v2\/types\/product"}],"version-history":[{"count":11,"href":"https:\/\/www.versiegelung24.com\/es\/wp-json\/wp\/v2\/product\/93737\/revisions"}],"predecessor-version":[{"id":180665,"href":"https:\/\/www.versiegelung24.com\/es\/wp-json\/wp\/v2\/product\/93737\/revisions\/180665"}],"wp:featuredmedia":[{"embeddable":true,"href":"https:\/\/www.versiegelung24.com\/es\/wp-json\/wp\/v2\/media\/13271"}],"wp:attachment":[{"href":"https:\/\/www.versiegelung24.com\/es\/wp-json\/wp\/v2\/media?parent=93737"}],"wp:term":[{"taxonomy":"product_brand","embeddable":true,"href":"https:\/\/www.versiegelung24.com\/es\/wp-json\/wp\/v2\/product_brand?post=93737"},{"taxonomy":"product_cat","embeddable":true,"href":"https:\/\/www.versiegelung24.com\/es\/wp-json\/wp\/v2\/product_cat?post=93737"},{"taxonomy":"product_tag","embeddable":true,"href":"https:\/\/www.versiegelung24.com\/es\/wp-json\/wp\/v2\/product_tag?post=93737"}],"curies":[{"name":"wp","href":"https:\/\/api.w.org\/{rel}","templated":true}]}}