{"id":95183,"date":"2022-12-01T15:45:36","date_gmt":"2022-12-01T14:45:38","guid":{"rendered":"https:\/\/www.versiegelung24.com\/?post_type=product&#038;p=95183"},"modified":"2023-06-19T16:33:06","modified_gmt":"2023-06-19T14:33:06","slug":"tiosept-sg-55-proteccion-de-superficies-a-largo-plazo-20-juegos-para-1m%c2%b2-cada-uno-kopie","status":"publish","type":"product","link":"https:\/\/www.versiegelung24.com\/es\/product\/tiosept-sg-55-proteccion-de-superficies-a-largo-plazo-20-juegos-para-1m%c2%b2-cada-uno-kopie\/","title":{"rendered":"TiOSEPT\u00ae SG-55 Protecci\u00f3n de superficies a largo plazo, 10 juegos para 2m\u00b2 cada uno"},"content":{"rendered":"\n<p><strong>Sellador de vidrio l\u00edquido antimicrobiano<\/strong> <strong>eficaz hasta 18 meses<\/strong> &#8211; 10 juegos de sobres listos para usar para una superficie de 2m\u00b2 cada uno.  <\/p>\n\n<p><strong>Protecci\u00f3n de superficies a largo plazo adecuada para superficies lisas<\/strong>: Vidrio, acero inoxidable, aluminio y madera tratada<\/p>\n\n<hr\/>\n<h4 class=\"wp-block-heading\" id=\"properties\">propiedades del producto<\/h4>\n\n<div class=\"wp-block-columns is-layout-flex wp-container-core-columns-is-layout-9d6595d7 wp-block-columns-is-layout-flex\">\n<div class=\"wp-block-column is-layout-flow wp-block-column-is-layout-flow\">\n<ul class=\"wp-block-list\"><li>Elimina las bacterias (E. coli, S. aureus) y los virus con envoltura (Corona, \u00c9bola, virus de Rota) hasta en un 99,99%.<\/li><li>Evita la colonizaci\u00f3n de hongos de levadura y moho<\/li><li>Probado dermatol\u00f3gicamente &#8220;muy bueno<\/li><li>Las superficies son m\u00e1s f\u00e1ciles y r\u00e1pidas de limpiar (&#8220;easy-to-clean&#8221;)<\/li><li>Para interior y exterior<\/li><li>Resistente a la abrasi\u00f3n (mayor resistencia a los ara\u00f1azos)<\/li><li>Aplicaci\u00f3n sencilla y r\u00e1pida<\/li><li>Dureza de la superficie del vidrio 9H (prueba T\u00dcV seg\u00fan MSZ EN ISO 15184:2013)<\/li><li>Dureza al rayado en vidrio 10N (prueba T\u00dcV seg\u00fan MSZ 9640\/41:1983)<\/li><li>\u00c1ngulo de contacto 95\u00b0 en vidrio y 91\u00b0 en acero inoxidable, despu\u00e9s de 10.000 ciclos de limpieza 92\u00b0 + 85\u00b0 (probado por T\u00dcV con agua)<\/li><\/ul><\/div>\n\n\n\n<div class=\"wp-block-column is-layout-flow wp-block-column-is-layout-flow\">\n<ul class=\"wp-block-list\"><li>Espesor de la capa aprox. 20 nm (nan\u00f3metros)<\/li><li>Rugosidad: 6 nm en la superficie<\/li><li>Sobres (toallitas h\u00famedas envasadas individualmente)<\/li><li>Bolsita 1: Pa\u00f1o de prelimpieza, empapado con IPA (isopropanol) al 99%.<\/li><li>Bolsita 2: Pa\u00f1o de sellado empapado con TiOSEPT\u00ae SG-55<\/li><li>Vell\u00f3n de viscosa, sin pl\u00e1stico, 60 g\/m\u00b2.<\/li><li>Tama\u00f1o de la tela 150 x 240 mm<\/li><li>Un pa\u00f1o es suficiente para aproximadamente 2 m\u00b2<\/li><li>BAUA-Reg.No. N-104947<\/li><\/ul><\/div>\n<\/div>\n\n<hr\/>\n<h4 class=\"wp-block-heading\" id=\"application\">utilizar<\/h4>\n\n<p>Juego de bolsitas <strong>TiOSEPT\u00ae SG-55 <\/strong>listas para usar para superficies lisas de vidrio, acero inoxidable, acero, pl\u00e1stico de aluminio y madera tratada<\/p>\n\n<h5 class=\"wp-block-heading\">Limpieza previa<\/h5>\n\n<p>Se recomienda utilizar guantes de protecci\u00f3n desechables. Temperatura de aplicaci\u00f3n 5 &#8211; 35\u00b0C.<\/p>\n\n<ol class=\"wp-block-list\"><li>Limpie la superficie con especial cuidado con limpiadores comerciales. Cuanto mejor sea la limpieza, m\u00e1s durar\u00e1 el sellado. A continuaci\u00f3n, secar la superficie.<\/li><li>Saque el pa\u00f1o de prelimpieza con alcohol de la bolsita y desengrase a fondo la superficie con \u00e9l.<\/li><li>Superficie min. Dejar secar durante 1 minuto.<\/li><\/ol>\n<h5 class=\"wp-block-heading\">Sellado<\/h5>\n\n<p>Se recomienda utilizar guantes de protecci\u00f3n desechables. Temperatura de aplicaci\u00f3n 5 &#8211; 35\u00b0C.<\/p>\n\n<ol class=\"wp-block-list\"><li>Saque el pa\u00f1o de sellado de la bolsita y limpie la superficie una vez en vertical y otra en horizontal. La tela es suficiente para unos 2m\u00b2. Es importante que trabajes r\u00e1pidamente porque el pa\u00f1o est\u00e1 seco despu\u00e9s de unos 90 segundos.<\/li><li>Dejar secar la superficie durante al menos 2 minutos (por debajo de 15\u00b0C = 10 minutos), no tocar durante 10 minutos. Curado completo despu\u00e9s de 10 horas. Repita la aplicaci\u00f3n si es necesario. Si hay un ligero deslizamiento gris, se puede pulir cuidadosamente con un pa\u00f1o de microfibra.<\/li><\/ol>\n<p>Las superficies de pl\u00e1stico se vuelven antimicrobianas y obtienen una mayor hidrofobicidad, la resistencia al rayado no se modifica. No se recomienda la aplicaci\u00f3n sobre policarbonato y Plexiglas\u00ae.<\/p>\n\n<h5 class=\"wp-block-heading\" id=\"gebrauch\">almacenamiento<\/h5>\n\n<p>TiOSEPT\u00ae SG-55 Almacenar entre +5 y +25\u00b0C. Proteger de las heladas y la luz solar directa.<\/p>\n","protected":false},"excerpt":{"rendered":"<p><strong>Protecci\u00f3n antimicrobiana de larga duraci\u00f3n hasta 18 meses<\/strong> <strong>para superficies lisas<\/strong><\/p>\n<p>\u2713 Transparente e invisible<\/p>\n<p>\u2713 Repelente al agua<\/p>\n<p>Probado por institutos de ensayo independientes<\/p>\n<p>\u2713 Juegos de bolsitas listas para usar para la limpieza y el sellado previos<\/p>\n","protected":false},"featured_media":94937,"template":"","meta":{"_acf_changed":false,"neve_meta_sidebar":"","neve_meta_container":"","neve_meta_enable_content_width":"","neve_meta_content_width":0,"neve_meta_title_alignment":"","neve_meta_author_avatar":"","neve_post_elements_order":"","neve_meta_disable_header":"","neve_meta_disable_footer":"","neve_meta_disable_title":"","neve_meta_reading_time":"","_surfaces":[],"_ver_product_tabs":[],"footnotes":""},"product_brand":[],"product_cat":[2239,2240,2379,2382,2486,3025],"product_tag":[],"class_list":{"0":"post-95183","1":"product","2":"type-product","3":"status-publish","4":"has-post-thumbnail","6":"product_cat-desinfectantes","7":"product_cat-desinfectantes-de-superficies","8":"product_cat-sellado-para-vidrio-y-ceramica","9":"product_cat-sellado-de-metal-y-plastico","10":"product_cat-sello-universal","11":"product_cat-desinfectante-para-celular","13":"first","14":"onbackorder","15":"taxable","16":"shipping-taxable","17":"purchasable","18":"product-type-simple"},"acf":[],"yoast_head":"<!-- This site is optimized with the Yoast SEO Premium plugin v22.8 (Yoast SEO v27.4) - https:\/\/yoast.com\/product\/yoast-seo-premium-wordpress\/ -->\n<title>TiOSEPT\u00ae SG-55 Protecci\u00f3n de superficies a largo plazo, 10 juegos para 2m\u00b2 cada uno - versiegelung24.com<\/title>\n<meta name=\"robots\" content=\"index, follow, max-snippet:-1, max-image-preview:large, max-video-preview:-1\" \/>\n<link rel=\"canonical\" href=\"https:\/\/www.versiegelung24.com\/es\/product\/tiosept-sg-55-proteccion-de-superficies-a-largo-plazo-20-juegos-para-1m%c2%b2-cada-uno-kopie\/\" \/>\n<meta property=\"og:locale\" content=\"es_ES\" \/>\n<meta property=\"og:type\" content=\"article\" \/>\n<meta property=\"og:title\" content=\"TiOSEPT\u00ae SG-55 Protecci\u00f3n de superficies a largo plazo, 10 juegos para 2m\u00b2 cada uno\" \/>\n<meta property=\"og:description\" content=\"Protecci\u00f3n antimicrobiana de larga duraci\u00f3n hasta 18 meses para superficies lisas \u2713 Transparente e invisible \u2713 Repelente al agua Probado por institutos de ensayo independientes \u2713 Juegos de bolsitas listas para usar para la limpieza y el sellado previos\" \/>\n<meta property=\"og:url\" content=\"https:\/\/www.versiegelung24.com\/es\/product\/tiosept-sg-55-proteccion-de-superficies-a-largo-plazo-20-juegos-para-1m%c2%b2-cada-uno-kopie\/\" \/>\n<meta property=\"og:site_name\" content=\"versiegelung24.com\" \/>\n<meta property=\"article:modified_time\" content=\"2023-06-19T14:33:06+00:00\" \/>\n<meta property=\"og:image\" content=\"https:\/\/www.versiegelung24.com\/wp-content\/uploads\/2020\/04\/produkt-BACTUE-bacoban-front.jpg\" \/>\n\t<meta property=\"og:image:width\" content=\"2000\" \/>\n\t<meta property=\"og:image:height\" content=\"2000\" \/>\n\t<meta property=\"og:image:type\" content=\"image\/jpeg\" \/>\n<meta name=\"twitter:card\" content=\"summary_large_image\" \/>\n<meta name=\"twitter:label1\" content=\"Precio\" \/>\n\t<meta name=\"twitter:data1\" content=\"78,99&euro;\" \/>\n\t<meta name=\"twitter:label2\" content=\"Disponibilidad\" \/>\n\t<meta name=\"twitter:data2\" content=\"Disponible para reservar\" \/>\n<script type=\"application\/ld+json\" class=\"yoast-schema-graph\">{\"@context\":\"https:\\\/\\\/schema.org\",\"@graph\":[{\"@type\":\"WebPage\",\"@id\":\"https:\\\/\\\/www.versiegelung24.com\\\/es\\\/product\\\/tiosept-sg-55-proteccion-de-superficies-a-largo-plazo-20-juegos-para-1m%c2%b2-cada-uno-kopie\\\/\",\"url\":\"https:\\\/\\\/www.versiegelung24.com\\\/es\\\/product\\\/tiosept-sg-55-proteccion-de-superficies-a-largo-plazo-20-juegos-para-1m%c2%b2-cada-uno-kopie\\\/\",\"name\":\"TiOSEPT\u00ae SG-55 Protecci\u00f3n de superficies a largo plazo, 10 juegos para 2m\u00b2 cada uno - versiegelung24.com\",\"isPartOf\":{\"@id\":\"https:\\\/\\\/www.versiegelung24.com\\\/es\\\/#website\"},\"primaryImageOfPage\":{\"@id\":\"https:\\\/\\\/www.versiegelung24.com\\\/es\\\/product\\\/tiosept-sg-55-proteccion-de-superficies-a-largo-plazo-20-juegos-para-1m%c2%b2-cada-uno-kopie\\\/#primaryimage\"},\"image\":{\"@id\":\"https:\\\/\\\/www.versiegelung24.com\\\/es\\\/product\\\/tiosept-sg-55-proteccion-de-superficies-a-largo-plazo-20-juegos-para-1m%c2%b2-cada-uno-kopie\\\/#primaryimage\"},\"thumbnailUrl\":\"https:\\\/\\\/www.versiegelung24.com\\\/wp-content\\\/uploads\\\/2022\\\/11\\\/Tiosept-Schachtel-rechts.jpg\",\"datePublished\":\"2022-12-01T14:45:38+00:00\",\"dateModified\":\"2023-06-19T14:33:06+00:00\",\"breadcrumb\":{\"@id\":\"https:\\\/\\\/www.versiegelung24.com\\\/es\\\/product\\\/tiosept-sg-55-proteccion-de-superficies-a-largo-plazo-20-juegos-para-1m%c2%b2-cada-uno-kopie\\\/#breadcrumb\"},\"inLanguage\":\"es\",\"potentialAction\":[{\"@type\":\"ReadAction\",\"target\":[\"https:\\\/\\\/www.versiegelung24.com\\\/es\\\/product\\\/tiosept-sg-55-proteccion-de-superficies-a-largo-plazo-20-juegos-para-1m%c2%b2-cada-uno-kopie\\\/\"]}]},{\"@type\":\"ImageObject\",\"inLanguage\":\"es\",\"@id\":\"https:\\\/\\\/www.versiegelung24.com\\\/es\\\/product\\\/tiosept-sg-55-proteccion-de-superficies-a-largo-plazo-20-juegos-para-1m%c2%b2-cada-uno-kopie\\\/#primaryimage\",\"url\":\"https:\\\/\\\/www.versiegelung24.com\\\/wp-content\\\/uploads\\\/2022\\\/11\\\/Tiosept-Schachtel-rechts.jpg\",\"contentUrl\":\"https:\\\/\\\/www.versiegelung24.com\\\/wp-content\\\/uploads\\\/2022\\\/11\\\/Tiosept-Schachtel-rechts.jpg\",\"width\":1668,\"height\":1568},{\"@type\":\"BreadcrumbList\",\"@id\":\"https:\\\/\\\/www.versiegelung24.com\\\/es\\\/product\\\/tiosept-sg-55-proteccion-de-superficies-a-largo-plazo-20-juegos-para-1m%c2%b2-cada-uno-kopie\\\/#breadcrumb\",\"itemListElement\":[{\"@type\":\"ListItem\",\"position\":1,\"name\":\"P\u00e1gina web\",\"item\":\"https:\\\/\\\/www.versiegelung24.com\\\/es\\\/frontal\\\/\"},{\"@type\":\"ListItem\",\"position\":2,\"name\":\"Tienda\",\"item\":\"https:\\\/\\\/www.versiegelung24.com\\\/es\\\/tienda\\\/\"},{\"@type\":\"ListItem\",\"position\":3,\"name\":\"TiOSEPT\u00ae SG-55 Protecci\u00f3n de superficies a largo plazo, 10 juegos para 2m\u00b2 cada uno\"}]},{\"@type\":\"WebSite\",\"@id\":\"https:\\\/\\\/www.versiegelung24.com\\\/es\\\/#website\",\"url\":\"https:\\\/\\\/www.versiegelung24.com\\\/es\\\/\",\"name\":\"versiegelung24.com\",\"description\":\"Fl\u00fcssigglas-Versiegelung - Made in Germany\",\"publisher\":{\"@id\":\"https:\\\/\\\/www.versiegelung24.com\\\/es\\\/#organization\"},\"potentialAction\":[{\"@type\":\"SearchAction\",\"target\":{\"@type\":\"EntryPoint\",\"urlTemplate\":\"https:\\\/\\\/www.versiegelung24.com\\\/es\\\/?s={search_term_string}\"},\"query-input\":{\"@type\":\"PropertyValueSpecification\",\"valueRequired\":true,\"valueName\":\"search_term_string\"}}],\"inLanguage\":\"es\"},{\"@type\":\"Organization\",\"@id\":\"https:\\\/\\\/www.versiegelung24.com\\\/es\\\/#organization\",\"name\":\"versiegelung24\",\"url\":\"https:\\\/\\\/www.versiegelung24.com\\\/es\\\/\",\"logo\":{\"@type\":\"ImageObject\",\"inLanguage\":\"es\",\"@id\":\"https:\\\/\\\/www.versiegelung24.com\\\/es\\\/#\\\/schema\\\/logo\\\/image\\\/\",\"url\":\"https:\\\/\\\/www.versiegelung24.com\\\/wp-content\\\/uploads\\\/2020\\\/04\\\/versiegelung24.png\",\"contentUrl\":\"https:\\\/\\\/www.versiegelung24.com\\\/wp-content\\\/uploads\\\/2020\\\/04\\\/versiegelung24.png\",\"width\":470,\"height\":102,\"caption\":\"versiegelung24\"},\"image\":{\"@id\":\"https:\\\/\\\/www.versiegelung24.com\\\/es\\\/#\\\/schema\\\/logo\\\/image\\\/\"}}]}<\/script>\n<meta property=\"product:price:amount\" content=\"78.99\" \/>\n<meta property=\"product:price:currency\" content=\"EUR\" \/>\n<meta property=\"og:availability\" content=\"backorder\" \/>\n<meta property=\"product:availability\" content=\"available for order\" \/>\n<meta property=\"product:retailer_item_id\" content=\"TiOS-SG55-SA2-10\" \/>\n<meta property=\"product:condition\" content=\"new\" \/>\n<!-- \/ Yoast SEO Premium plugin. -->","yoast_head_json":{"title":"TiOSEPT\u00ae SG-55 Protecci\u00f3n de superficies a largo plazo, 10 juegos para 2m\u00b2 cada uno - versiegelung24.com","robots":{"index":"index","follow":"follow","max-snippet":"max-snippet:-1","max-image-preview":"max-image-preview:large","max-video-preview":"max-video-preview:-1"},"canonical":"https:\/\/www.versiegelung24.com\/es\/product\/tiosept-sg-55-proteccion-de-superficies-a-largo-plazo-20-juegos-para-1m%c2%b2-cada-uno-kopie\/","og_locale":"es_ES","og_type":"article","og_title":"TiOSEPT\u00ae SG-55 Protecci\u00f3n de superficies a largo plazo, 10 juegos para 2m\u00b2 cada uno","og_description":"Protecci\u00f3n antimicrobiana de larga duraci\u00f3n hasta 18 meses para superficies lisas \u2713 Transparente e invisible \u2713 Repelente al agua Probado por institutos de ensayo independientes \u2713 Juegos de bolsitas listas para usar para la limpieza y el sellado previos","og_url":"https:\/\/www.versiegelung24.com\/es\/product\/tiosept-sg-55-proteccion-de-superficies-a-largo-plazo-20-juegos-para-1m%c2%b2-cada-uno-kopie\/","og_site_name":"versiegelung24.com","article_modified_time":"2023-06-19T14:33:06+00:00","og_image":[{"width":2000,"height":2000,"url":"https:\/\/www.versiegelung24.com\/wp-content\/uploads\/2020\/04\/produkt-BACTUE-bacoban-front.jpg","type":"image\/jpeg"}],"twitter_card":"summary_large_image","twitter_misc":{"Precio":"78,99&euro;","Disponibilidad":"Disponible para reservar"},"schema":{"@context":"https:\/\/schema.org","@graph":[{"@type":"WebPage","@id":"https:\/\/www.versiegelung24.com\/es\/product\/tiosept-sg-55-proteccion-de-superficies-a-largo-plazo-20-juegos-para-1m%c2%b2-cada-uno-kopie\/","url":"https:\/\/www.versiegelung24.com\/es\/product\/tiosept-sg-55-proteccion-de-superficies-a-largo-plazo-20-juegos-para-1m%c2%b2-cada-uno-kopie\/","name":"TiOSEPT\u00ae SG-55 Protecci\u00f3n de superficies a largo plazo, 10 juegos para 2m\u00b2 cada uno - versiegelung24.com","isPartOf":{"@id":"https:\/\/www.versiegelung24.com\/es\/#website"},"primaryImageOfPage":{"@id":"https:\/\/www.versiegelung24.com\/es\/product\/tiosept-sg-55-proteccion-de-superficies-a-largo-plazo-20-juegos-para-1m%c2%b2-cada-uno-kopie\/#primaryimage"},"image":{"@id":"https:\/\/www.versiegelung24.com\/es\/product\/tiosept-sg-55-proteccion-de-superficies-a-largo-plazo-20-juegos-para-1m%c2%b2-cada-uno-kopie\/#primaryimage"},"thumbnailUrl":"https:\/\/www.versiegelung24.com\/wp-content\/uploads\/2022\/11\/Tiosept-Schachtel-rechts.jpg","datePublished":"2022-12-01T14:45:38+00:00","dateModified":"2023-06-19T14:33:06+00:00","breadcrumb":{"@id":"https:\/\/www.versiegelung24.com\/es\/product\/tiosept-sg-55-proteccion-de-superficies-a-largo-plazo-20-juegos-para-1m%c2%b2-cada-uno-kopie\/#breadcrumb"},"inLanguage":"es","potentialAction":[{"@type":"ReadAction","target":["https:\/\/www.versiegelung24.com\/es\/product\/tiosept-sg-55-proteccion-de-superficies-a-largo-plazo-20-juegos-para-1m%c2%b2-cada-uno-kopie\/"]}]},{"@type":"ImageObject","inLanguage":"es","@id":"https:\/\/www.versiegelung24.com\/es\/product\/tiosept-sg-55-proteccion-de-superficies-a-largo-plazo-20-juegos-para-1m%c2%b2-cada-uno-kopie\/#primaryimage","url":"https:\/\/www.versiegelung24.com\/wp-content\/uploads\/2022\/11\/Tiosept-Schachtel-rechts.jpg","contentUrl":"https:\/\/www.versiegelung24.com\/wp-content\/uploads\/2022\/11\/Tiosept-Schachtel-rechts.jpg","width":1668,"height":1568},{"@type":"BreadcrumbList","@id":"https:\/\/www.versiegelung24.com\/es\/product\/tiosept-sg-55-proteccion-de-superficies-a-largo-plazo-20-juegos-para-1m%c2%b2-cada-uno-kopie\/#breadcrumb","itemListElement":[{"@type":"ListItem","position":1,"name":"P\u00e1gina web","item":"https:\/\/www.versiegelung24.com\/es\/frontal\/"},{"@type":"ListItem","position":2,"name":"Tienda","item":"https:\/\/www.versiegelung24.com\/es\/tienda\/"},{"@type":"ListItem","position":3,"name":"TiOSEPT\u00ae SG-55 Protecci\u00f3n de superficies a largo plazo, 10 juegos para 2m\u00b2 cada uno"}]},{"@type":"WebSite","@id":"https:\/\/www.versiegelung24.com\/es\/#website","url":"https:\/\/www.versiegelung24.com\/es\/","name":"versiegelung24.com","description":"Fl\u00fcssigglas-Versiegelung - Made in Germany","publisher":{"@id":"https:\/\/www.versiegelung24.com\/es\/#organization"},"potentialAction":[{"@type":"SearchAction","target":{"@type":"EntryPoint","urlTemplate":"https:\/\/www.versiegelung24.com\/es\/?s={search_term_string}"},"query-input":{"@type":"PropertyValueSpecification","valueRequired":true,"valueName":"search_term_string"}}],"inLanguage":"es"},{"@type":"Organization","@id":"https:\/\/www.versiegelung24.com\/es\/#organization","name":"versiegelung24","url":"https:\/\/www.versiegelung24.com\/es\/","logo":{"@type":"ImageObject","inLanguage":"es","@id":"https:\/\/www.versiegelung24.com\/es\/#\/schema\/logo\/image\/","url":"https:\/\/www.versiegelung24.com\/wp-content\/uploads\/2020\/04\/versiegelung24.png","contentUrl":"https:\/\/www.versiegelung24.com\/wp-content\/uploads\/2020\/04\/versiegelung24.png","width":470,"height":102,"caption":"versiegelung24"},"image":{"@id":"https:\/\/www.versiegelung24.com\/es\/#\/schema\/logo\/image\/"}}]},"product_price_amount":"78.99","product_price_currency":"EUR","og_availability":"backorder","product_availability":"available for order","product_retailer_item_id":"TiOS-SG55-SA2-10","product_condition":"new"},"_links":{"self":[{"href":"https:\/\/www.versiegelung24.com\/es\/wp-json\/wp\/v2\/product\/95183","targetHints":{"allow":["GET"]}}],"collection":[{"href":"https:\/\/www.versiegelung24.com\/es\/wp-json\/wp\/v2\/product"}],"about":[{"href":"https:\/\/www.versiegelung24.com\/es\/wp-json\/wp\/v2\/types\/product"}],"version-history":[{"count":7,"href":"https:\/\/www.versiegelung24.com\/es\/wp-json\/wp\/v2\/product\/95183\/revisions"}],"predecessor-version":[{"id":96492,"href":"https:\/\/www.versiegelung24.com\/es\/wp-json\/wp\/v2\/product\/95183\/revisions\/96492"}],"wp:featuredmedia":[{"embeddable":true,"href":"https:\/\/www.versiegelung24.com\/es\/wp-json\/wp\/v2\/media\/94937"}],"wp:attachment":[{"href":"https:\/\/www.versiegelung24.com\/es\/wp-json\/wp\/v2\/media?parent=95183"}],"wp:term":[{"taxonomy":"product_brand","embeddable":true,"href":"https:\/\/www.versiegelung24.com\/es\/wp-json\/wp\/v2\/product_brand?post=95183"},{"taxonomy":"product_cat","embeddable":true,"href":"https:\/\/www.versiegelung24.com\/es\/wp-json\/wp\/v2\/product_cat?post=95183"},{"taxonomy":"product_tag","embeddable":true,"href":"https:\/\/www.versiegelung24.com\/es\/wp-json\/wp\/v2\/product_tag?post=95183"}],"curies":[{"name":"wp","href":"https:\/\/api.w.org\/{rel}","templated":true}]}}