{"id":22078,"date":"2021-08-02T20:19:49","date_gmt":"2021-08-02T18:19:49","guid":{"rendered":"https:\/\/www.versiegelung24.com\/jaljend"},"modified":"2024-05-05T11:00:56","modified_gmt":"2024-05-05T09:00:56","slug":"jaljend","status":"publish","type":"page","link":"https:\/\/www.versiegelung24.com\/et\/jaljend\/","title":{"rendered":"j\u00e4ljend"},"content":{"rendered":"\n<p><strong>Tellimuste ja maksete t\u00f6\u00f6tlemine<\/strong><\/p>\n\n<p>Holger K\u00e4ding<br\/>Ellmenis 14<br\/>53773 Hennef<br\/>Saksamaa<\/p>\n\n<p>Telefon: 02242-9695650<br\/>E -post: info@versiegelung24.com<br\/>K\u00e4ibemaksu identifitseerimisnumber vastavalt m\u00fc\u00fcgimaksuseaduse \u00a7-le 27 a: DE213785156<\/p>\n\n<p><strong>konto \u00fcksikasjad<\/strong><\/p>\n\n<p>Saaja: Holger K\u00e4ding<br\/>IBAN: DE30370502990011006269<br\/>BIC \/ SWIFT: COKSDE33<br\/>Kreissparkasse K\u00f6ln<\/p>\n\n<p><strong>Omanik ja sisu eest vastutav vastavalt MDStV \u00a7-le 6:<\/strong><\/p>\n\n<p>Bastian Walger &#8211; digitaalturundus<br\/>Agrippina laevatehas 6<br\/>50678 K\u00f6ln<\/p>\n\n<p>M\u00fc\u00fcgimaksu identifitseerimisnumber vastavalt \u00a7 -le 27a ja m\u00fc\u00fcgiseadus:<br\/>DE241077366<\/p>\n\n<p>ELi Komisjoni veebip\u00f5hise vaidluste lahendamise platvorm: <a href=\"https:\/\/ec.europa.eu\/consumers\/odr\" target=\"_blank\" rel=\"noreferrer noopener\">www.ec.europa.eu\/consumers\/odr<\/a><\/p>\n\n<p>Meil ei ole kohustust ega soovi osaleda vaidluste lahendamise menetluses tarbijavahekohtu ees.<\/p>\n\n<p><strong>Fotokrediidid<\/strong><\/p>\n\n<p>Graffiti eemaldaja -&gt; istockphoto \/ schfer<br\/>Graffiti vastane kaitsekate -&gt; istockphoto \/ MachineHeadz<\/p>\n\n<p>Bykfa\/Depositphotos.com<br\/>iulal\/Depositphotos.com<br\/>hodim\/Depositphotos.com<br\/>sergiibaibak\/Depositphotos.com<br\/>HunterBliss\/Depositphotos.com<\/p>\n","protected":false},"excerpt":{"rendered":"<p>Tellimuste ja maksete t\u00f6\u00f6tlemine Holger K\u00e4dingEllmenis 1453773 HennefSaksamaa Telefon: 02242-9695650E -post: info@versiegelung24.comK\u00e4ibemaksu identifitseerimisnumber vastavalt m\u00fc\u00fcgimaksuseaduse \u00a7-le 27 a: DE213785156 konto \u00fcksikasjad Saaja: Holger K\u00e4dingIBAN: DE30370502990011006269BIC \/ SWIFT: COKSDE33Kreissparkasse K\u00f6ln Omanik ja sisu eest vastutav vastavalt MDStV \u00a7-le 6: Bastian Walger &#8211; digitaalturundusAgrippina laevatehas 650678 K\u00f6ln M\u00fc\u00fcgimaksu identifitseerimisnumber vastavalt \u00a7 -le 27a ja m\u00fc\u00fcgiseadus:DE241077366 ELi Komisjoni&hellip;&nbsp;<a href=\"https:\/\/www.versiegelung24.com\/et\/jaljend\/\" rel=\"bookmark\">Read More &raquo;<span class=\"screen-reader-text\">j\u00e4ljend<\/span><\/a><\/p>\n","protected":false},"author":932,"featured_media":70711,"parent":0,"menu_order":0,"comment_status":"closed","ping_status":"closed","template":"","meta":{"_acf_changed":false,"neve_meta_sidebar":"","neve_meta_container":"","neve_meta_enable_content_width":"","neve_meta_content_width":0,"neve_meta_title_alignment":"","neve_meta_author_avatar":"","neve_post_elements_order":"","neve_meta_disable_header":"","neve_meta_disable_footer":"","neve_meta_disable_title":"","neve_meta_reading_time":"","footnotes":""},"categories":[],"seiten_kategorie":[],"class_list":["post-22078","page","type-page","status-publish","has-post-thumbnail","hentry"],"acf":[],"yoast_head":"<!-- This site is optimized with the Yoast SEO Premium plugin v22.8 (Yoast SEO v27.5) - https:\/\/yoast.com\/product\/yoast-seo-premium-wordpress\/ -->\n<title>j\u00e4ljend - versiegelung24.com<\/title>\n<meta name=\"robots\" content=\"index, follow, max-snippet:-1, max-image-preview:large, max-video-preview:-1\" \/>\n<link rel=\"canonical\" href=\"https:\/\/www.versiegelung24.com\/et\/jaljend\/\" \/>\n<meta property=\"og:locale\" content=\"et_EE\" \/>\n<meta property=\"og:type\" content=\"article\" \/>\n<meta property=\"og:title\" content=\"j\u00e4ljend\" \/>\n<meta property=\"og:description\" content=\"Tellimuste ja maksete t\u00f6\u00f6tlemine Holger K\u00e4dingEllmenis 1453773 HennefSaksamaa Telefon: 02242-9695650E -post: info@versiegelung24.comK\u00e4ibemaksu identifitseerimisnumber vastavalt m\u00fc\u00fcgimaksuseaduse \u00a7-le 27 a: DE213785156 konto \u00fcksikasjad Saaja: Holger K\u00e4dingIBAN: DE30370502990011006269BIC \/ SWIFT: COKSDE33Kreissparkasse K\u00f6ln Omanik ja sisu eest vastutav vastavalt MDStV \u00a7-le 6: Bastian Walger &#8211; digitaalturundusAgrippina laevatehas 650678 K\u00f6ln M\u00fc\u00fcgimaksu identifitseerimisnumber vastavalt \u00a7 -le 27a ja m\u00fc\u00fcgiseadus:DE241077366 ELi Komisjoni&hellip;&nbsp;Read More &raquo;j\u00e4ljend\" \/>\n<meta property=\"og:url\" content=\"https:\/\/www.versiegelung24.com\/et\/jaljend\/\" \/>\n<meta property=\"og:site_name\" content=\"versiegelung24.com\" \/>\n<meta property=\"article:modified_time\" content=\"2024-05-05T09:00:56+00:00\" \/>\n<meta property=\"og:image\" content=\"https:\/\/www.versiegelung24.com\/wp-content\/uploads\/2022\/02\/Impressum.png\" \/>\n\t<meta property=\"og:image:width\" content=\"2000\" \/>\n\t<meta property=\"og:image:height\" content=\"2000\" \/>\n\t<meta property=\"og:image:type\" content=\"image\/png\" \/>\n<meta name=\"twitter:card\" content=\"summary_large_image\" \/>\n<meta name=\"twitter:label1\" content=\"Est. reading time\" \/>\n\t<meta name=\"twitter:data1\" content=\"1 minut\" \/>\n<script type=\"application\/ld+json\" class=\"yoast-schema-graph\">{\"@context\":\"https:\\\/\\\/schema.org\",\"@graph\":[{\"@type\":\"WebPage\",\"@id\":\"https:\\\/\\\/www.versiegelung24.com\\\/et\\\/jaljend\\\/\",\"url\":\"https:\\\/\\\/www.versiegelung24.com\\\/et\\\/jaljend\\\/\",\"name\":\"j\u00e4ljend - versiegelung24.com\",\"isPartOf\":{\"@id\":\"https:\\\/\\\/www.versiegelung24.com\\\/et\\\/#website\"},\"primaryImageOfPage\":{\"@id\":\"https:\\\/\\\/www.versiegelung24.com\\\/et\\\/jaljend\\\/#primaryimage\"},\"image\":{\"@id\":\"https:\\\/\\\/www.versiegelung24.com\\\/et\\\/jaljend\\\/#primaryimage\"},\"thumbnailUrl\":\"https:\\\/\\\/www.versiegelung24.com\\\/wp-content\\\/uploads\\\/2022\\\/02\\\/Impressum.png\",\"datePublished\":\"2021-08-02T18:19:49+00:00\",\"dateModified\":\"2024-05-05T09:00:56+00:00\",\"breadcrumb\":{\"@id\":\"https:\\\/\\\/www.versiegelung24.com\\\/et\\\/jaljend\\\/#breadcrumb\"},\"inLanguage\":\"et\",\"potentialAction\":[{\"@type\":\"ReadAction\",\"target\":[\"https:\\\/\\\/www.versiegelung24.com\\\/et\\\/jaljend\\\/\"]}]},{\"@type\":\"ImageObject\",\"inLanguage\":\"et\",\"@id\":\"https:\\\/\\\/www.versiegelung24.com\\\/et\\\/jaljend\\\/#primaryimage\",\"url\":\"https:\\\/\\\/www.versiegelung24.com\\\/wp-content\\\/uploads\\\/2022\\\/02\\\/Impressum.png\",\"contentUrl\":\"https:\\\/\\\/www.versiegelung24.com\\\/wp-content\\\/uploads\\\/2022\\\/02\\\/Impressum.png\",\"width\":2000,\"height\":2000},{\"@type\":\"BreadcrumbList\",\"@id\":\"https:\\\/\\\/www.versiegelung24.com\\\/et\\\/jaljend\\\/#breadcrumb\",\"itemListElement\":[{\"@type\":\"ListItem\",\"position\":1,\"name\":\"Koduleht\",\"item\":\"https:\\\/\\\/www.versiegelung24.com\\\/et\\\/ees\\\/\"},{\"@type\":\"ListItem\",\"position\":2,\"name\":\"j\u00e4ljend\"}]},{\"@type\":\"WebSite\",\"@id\":\"https:\\\/\\\/www.versiegelung24.com\\\/et\\\/#website\",\"url\":\"https:\\\/\\\/www.versiegelung24.com\\\/et\\\/\",\"name\":\"versiegelung24.com\",\"description\":\"Fl\u00fcssigglas-Versiegelung - Made in Germany\",\"publisher\":{\"@id\":\"https:\\\/\\\/www.versiegelung24.com\\\/et\\\/#organization\"},\"potentialAction\":[{\"@type\":\"SearchAction\",\"target\":{\"@type\":\"EntryPoint\",\"urlTemplate\":\"https:\\\/\\\/www.versiegelung24.com\\\/et\\\/?s={search_term_string}\"},\"query-input\":{\"@type\":\"PropertyValueSpecification\",\"valueRequired\":true,\"valueName\":\"search_term_string\"}}],\"inLanguage\":\"et\"},{\"@type\":\"Organization\",\"@id\":\"https:\\\/\\\/www.versiegelung24.com\\\/et\\\/#organization\",\"name\":\"versiegelung24\",\"url\":\"https:\\\/\\\/www.versiegelung24.com\\\/et\\\/\",\"logo\":{\"@type\":\"ImageObject\",\"inLanguage\":\"et\",\"@id\":\"https:\\\/\\\/www.versiegelung24.com\\\/et\\\/#\\\/schema\\\/logo\\\/image\\\/\",\"url\":\"https:\\\/\\\/www.versiegelung24.com\\\/wp-content\\\/uploads\\\/2020\\\/04\\\/versiegelung24.png\",\"contentUrl\":\"https:\\\/\\\/www.versiegelung24.com\\\/wp-content\\\/uploads\\\/2020\\\/04\\\/versiegelung24.png\",\"width\":470,\"height\":102,\"caption\":\"versiegelung24\"},\"image\":{\"@id\":\"https:\\\/\\\/www.versiegelung24.com\\\/et\\\/#\\\/schema\\\/logo\\\/image\\\/\"}}]}<\/script>\n<!-- \/ Yoast SEO Premium plugin. -->","yoast_head_json":{"title":"j\u00e4ljend - versiegelung24.com","robots":{"index":"index","follow":"follow","max-snippet":"max-snippet:-1","max-image-preview":"max-image-preview:large","max-video-preview":"max-video-preview:-1"},"canonical":"https:\/\/www.versiegelung24.com\/et\/jaljend\/","og_locale":"et_EE","og_type":"article","og_title":"j\u00e4ljend","og_description":"Tellimuste ja maksete t\u00f6\u00f6tlemine Holger K\u00e4dingEllmenis 1453773 HennefSaksamaa Telefon: 02242-9695650E -post: info@versiegelung24.comK\u00e4ibemaksu identifitseerimisnumber vastavalt m\u00fc\u00fcgimaksuseaduse \u00a7-le 27 a: DE213785156 konto \u00fcksikasjad Saaja: Holger K\u00e4dingIBAN: DE30370502990011006269BIC \/ SWIFT: COKSDE33Kreissparkasse K\u00f6ln Omanik ja sisu eest vastutav vastavalt MDStV \u00a7-le 6: Bastian Walger &#8211; digitaalturundusAgrippina laevatehas 650678 K\u00f6ln M\u00fc\u00fcgimaksu identifitseerimisnumber vastavalt \u00a7 -le 27a ja m\u00fc\u00fcgiseadus:DE241077366 ELi Komisjoni&hellip;&nbsp;Read More &raquo;j\u00e4ljend","og_url":"https:\/\/www.versiegelung24.com\/et\/jaljend\/","og_site_name":"versiegelung24.com","article_modified_time":"2024-05-05T09:00:56+00:00","og_image":[{"width":2000,"height":2000,"url":"https:\/\/www.versiegelung24.com\/wp-content\/uploads\/2022\/02\/Impressum.png","type":"image\/png"}],"twitter_card":"summary_large_image","twitter_misc":{"Est. reading time":"1 minut"},"schema":{"@context":"https:\/\/schema.org","@graph":[{"@type":"WebPage","@id":"https:\/\/www.versiegelung24.com\/et\/jaljend\/","url":"https:\/\/www.versiegelung24.com\/et\/jaljend\/","name":"j\u00e4ljend - versiegelung24.com","isPartOf":{"@id":"https:\/\/www.versiegelung24.com\/et\/#website"},"primaryImageOfPage":{"@id":"https:\/\/www.versiegelung24.com\/et\/jaljend\/#primaryimage"},"image":{"@id":"https:\/\/www.versiegelung24.com\/et\/jaljend\/#primaryimage"},"thumbnailUrl":"https:\/\/www.versiegelung24.com\/wp-content\/uploads\/2022\/02\/Impressum.png","datePublished":"2021-08-02T18:19:49+00:00","dateModified":"2024-05-05T09:00:56+00:00","breadcrumb":{"@id":"https:\/\/www.versiegelung24.com\/et\/jaljend\/#breadcrumb"},"inLanguage":"et","potentialAction":[{"@type":"ReadAction","target":["https:\/\/www.versiegelung24.com\/et\/jaljend\/"]}]},{"@type":"ImageObject","inLanguage":"et","@id":"https:\/\/www.versiegelung24.com\/et\/jaljend\/#primaryimage","url":"https:\/\/www.versiegelung24.com\/wp-content\/uploads\/2022\/02\/Impressum.png","contentUrl":"https:\/\/www.versiegelung24.com\/wp-content\/uploads\/2022\/02\/Impressum.png","width":2000,"height":2000},{"@type":"BreadcrumbList","@id":"https:\/\/www.versiegelung24.com\/et\/jaljend\/#breadcrumb","itemListElement":[{"@type":"ListItem","position":1,"name":"Koduleht","item":"https:\/\/www.versiegelung24.com\/et\/ees\/"},{"@type":"ListItem","position":2,"name":"j\u00e4ljend"}]},{"@type":"WebSite","@id":"https:\/\/www.versiegelung24.com\/et\/#website","url":"https:\/\/www.versiegelung24.com\/et\/","name":"versiegelung24.com","description":"Fl\u00fcssigglas-Versiegelung - Made in Germany","publisher":{"@id":"https:\/\/www.versiegelung24.com\/et\/#organization"},"potentialAction":[{"@type":"SearchAction","target":{"@type":"EntryPoint","urlTemplate":"https:\/\/www.versiegelung24.com\/et\/?s={search_term_string}"},"query-input":{"@type":"PropertyValueSpecification","valueRequired":true,"valueName":"search_term_string"}}],"inLanguage":"et"},{"@type":"Organization","@id":"https:\/\/www.versiegelung24.com\/et\/#organization","name":"versiegelung24","url":"https:\/\/www.versiegelung24.com\/et\/","logo":{"@type":"ImageObject","inLanguage":"et","@id":"https:\/\/www.versiegelung24.com\/et\/#\/schema\/logo\/image\/","url":"https:\/\/www.versiegelung24.com\/wp-content\/uploads\/2020\/04\/versiegelung24.png","contentUrl":"https:\/\/www.versiegelung24.com\/wp-content\/uploads\/2020\/04\/versiegelung24.png","width":470,"height":102,"caption":"versiegelung24"},"image":{"@id":"https:\/\/www.versiegelung24.com\/et\/#\/schema\/logo\/image\/"}}]}},"_links":{"self":[{"href":"https:\/\/www.versiegelung24.com\/et\/wp-json\/wp\/v2\/pages\/22078","targetHints":{"allow":["GET"]}}],"collection":[{"href":"https:\/\/www.versiegelung24.com\/et\/wp-json\/wp\/v2\/pages"}],"about":[{"href":"https:\/\/www.versiegelung24.com\/et\/wp-json\/wp\/v2\/types\/page"}],"author":[{"embeddable":true,"href":"https:\/\/www.versiegelung24.com\/et\/wp-json\/wp\/v2\/users\/932"}],"replies":[{"embeddable":true,"href":"https:\/\/www.versiegelung24.com\/et\/wp-json\/wp\/v2\/comments?post=22078"}],"version-history":[{"count":6,"href":"https:\/\/www.versiegelung24.com\/et\/wp-json\/wp\/v2\/pages\/22078\/revisions"}],"predecessor-version":[{"id":160699,"href":"https:\/\/www.versiegelung24.com\/et\/wp-json\/wp\/v2\/pages\/22078\/revisions\/160699"}],"wp:featuredmedia":[{"embeddable":true,"href":"https:\/\/www.versiegelung24.com\/et\/wp-json\/wp\/v2\/media\/70711"}],"wp:attachment":[{"href":"https:\/\/www.versiegelung24.com\/et\/wp-json\/wp\/v2\/media?parent=22078"}],"wp:term":[{"taxonomy":"category","embeddable":true,"href":"https:\/\/www.versiegelung24.com\/et\/wp-json\/wp\/v2\/categories?post=22078"},{"taxonomy":"seiten_kategorie","embeddable":true,"href":"https:\/\/www.versiegelung24.com\/et\/wp-json\/wp\/v2\/seiten_kategorie?post=22078"}],"curies":[{"name":"wp","href":"https:\/\/api.w.org\/{rel}","templated":true}]}}