{"id":25967,"date":"2021-08-03T12:06:02","date_gmt":"2021-08-03T10:06:02","guid":{"rendered":"https:\/\/www.versiegelung24.com\/tuhistamispoliitika-ja-tuhistamisvorm"},"modified":"2024-06-25T20:51:16","modified_gmt":"2024-06-25T18:51:16","slug":"tuhistamispoliitika","status":"publish","type":"page","link":"https:\/\/www.versiegelung24.com\/et\/tuhistamispoliitika\/","title":{"rendered":"T\u00fchistamispoliitika ja t\u00fchistamisvorm"},"content":{"rendered":"<div class=\"main-container col1-layout\">\n<div class=\"main container\">\n<div class=\"inner-container\">\n<div class=\"col-main\">\n<div class=\"std\">\n<p>Tarbijatel on \u00f5igus taganemis\u00f5igusele vastavalt j\u00e4rgmistele s\u00e4tetele, mille kohaselt tarbija on iga f\u00fc\u00fcsiline isik, kes s\u00f5lmib \u00f5igustehingu eesm\u00e4rkidel, mis ei ole peamiselt kaubanduslikud ega f\u00fc\u00fcsilisest isikust ettev\u00f5tjad:<\/p>\n<p><strong>A. T\u00fchistamispoliitika<\/strong><\/p>\n<p><strong>Taganemis\u00f5igus<br \/>\n<\/strong> Teil on \u00f5igus lepingust taganeda 14 p\u00e4eva jooksul ilma p\u00f5hjust m\u00e4rkimata.<\/p>\n<p>T\u00fchistamist\u00e4htaeg on 14 p\u00e4eva alates p\u00e4evast, mil teie v\u00f5i teie nimetatud kolmas isik, kes ei ole vedaja, on viimase kauba enda valdusesse v\u00f5tnud.<\/p>\n<p>Taganemis\u00f5iguse teostamiseks peate meid (Holger K\u00e4ding, An den Ellmen 14, 53773 Hennef, tel: 02242-9695650, e-post: info@versiegelung24.com) teavitama oma otsusest lepingust taganeda selge avaldusega (nt posti teel saadetud kiri v\u00f5i e-kiri). Selleks v\u00f5ite kasutada lisatud taganemisavalduse n\u00e4idisvormi, kuid see pole kohustuslik.<\/p>\n<p>T\u00fchistamist\u00e4htajast kinni pidamiseks piisab sellest, kui saadate oma teate \u00fcles\u00fctlemis\u00f5iguse kasutamise kohta enne t\u00fchistamisperioodi l\u00f5ppu.<\/p>\n<p><strong><br \/>\nT\u00fchistamise tagaj\u00e4rjed<\/strong>Kui te t\u00fchistate k\u00e4esoleva lepingu, tagastame teile k\u00f5ik teilt saadud maksed, sealhulgas tarnekulud (v\u00e4lja arvatud lisakulud, mis tulenevad sellest, et te valisite muu tarnet\u00fc\u00fcbi kui meie poolt pakutava k\u00f5ige odavama standardtarne t\u00fc\u00fcbi), ilma p\u00f5hjendamatu viivituseta ja igal juhul hiljemalt 14 p\u00e4eva jooksul alates p\u00e4evast, mil meid teavitatakse teie otsusest leping t\u00fchistada.<strong><\/strong> Selle tagasimakse tegemiseks kasutame samu makseviise, mida kasutasite esialgse tehingu tegemiseks, kui teiega pole selges\u00f5naliselt kokku lepitud midagi muud; Selle tagasimakse eest ei v\u00f5eta teilt mingil juhul tasu. V\u00f5ime tagasimaksmisest keelduda, kuni oleme kauba tagasi saanud v\u00f5i kuni olete esitanud t\u00f5endid selle kohta, et olete kauba tagasi saatnud, olenevalt sellest, kumb on varasem.<\/p>\n<p>Te peate kauba meile viivitamatult tagastama v\u00f5i \u00fcle andma, kuid mitte hiljem kui neliteist p\u00e4eva alates kuup\u00e4evast, mil te teavitasite meid selle lepingu \u00fcles\u00fctlemisest. T\u00e4htajast on kinni peetud, kui saadate kauba enne neljateistk\u00fcmnep\u00e4evase t\u00e4htaja m\u00f6\u00f6dumist.<\/p>\n<p>Teie kannate kauba tagastamisega seotud otsesed kulud.<\/p>\n<p>Kauba v\u00e4\u00e4rtuse v\u00e4henemise eest peate maksma ainult siis, kui selle v\u00e4\u00e4rtuse v\u00e4henemine on tingitud kauba k\u00e4itlemisest, mis ei ole vajalik kauba olemuse, omaduste ja funktsionaalsuse kontrollimiseks.<\/p>\n<p>Taganemis\u00f5iguse v\u00e4listamine v\u00f5i enneaegne aegumine<\/p>\n<p>Taganemis\u00f5igus aegub enne t\u00e4htaega, kui tegemist on heli- v\u00f5i videosalvestiste v\u00f5i arvutitarkvara tarnimise lepingutega suletud pakendis, kui pitser on p\u00e4rast kohaletoimetamist eemaldatud.<\/p>\n<p><strong>B. Taganemisavaldus<\/strong><\/p>\n<p>Kui soovite lepingu \u00fcles \u00f6elda, t\u00e4itke see vorm ja saatke see tagasi.<\/p>\n<p>Peal<\/p>\n<p>samstore.de<\/p>\n<p>Holger K\u00e4ding<br \/>\nEllmenis 14<br \/>\n53773 Hennef<br \/>\nSaksamaa<br \/>\nE -post: info@versiegelung24.com<\/p>\n<p>Mina \/ meie (*) t\u00fchistame k\u00e4esolevaga minu \/ meie s\u00f5lmitud lepingu (*) j\u00e4rgmiste kaupade ostmiseks (*) \/ j\u00e4rgmise teenuse osutamiseks (*)<\/p>\n<p>_______________________________________________________<\/p>\n<p>_______________________________________________________<\/p>\n<p>Tellitud (*) ____________ \/ k\u00e4tte saadud (*) __________________<\/p>\n<p>________________________________________________________<\/p>\n<p>Tarbija (te) nimi<\/p>\n<p>________________________________________________________<\/p>\n<p>Tarbija (te) aadress<\/p>\n<p>________________________________________________________<\/p>\n<p>Tarbija (te) allkiri (ainult juhul, kui see edastatakse paberkandjal)<\/p>\n<p>_________________________<\/p>\n<p>kuup\u00e4ev<\/p>\n<p>(*) Mittevajalik maha t\u00f5mmata<\/p>\n<\/div>\n<\/div>\n<div class=\"postscript\"><\/div>\n<\/div>\n<\/div>\n<div class=\"main-bottom-container\"><\/div>\n<\/div>\n<div class=\"footer-container\">\n<div class=\"footer-container2\">\n<div class=\"footer-container3\">\n<div class=\"footer-primary-container section-container\">\n<div class=\"footer-primary footer container\">\n<div class=\"inner-container\">\n<div class=\"clearer\">\n<div class=\"grid12-3\">\n<div class=\"std\">\n<div class=\"collapsible mobile-collapsible\"><\/div>\n<\/div>\n<\/div>\n<\/div>\n<\/div>\n<\/div>\n<\/div>\n<\/div>\n<\/div>\n<\/div>\n","protected":false},"excerpt":{"rendered":"<p>Tarbijatel on \u00f5igus taganemis\u00f5igusele vastavalt j\u00e4rgmistele s\u00e4tetele, mille kohaselt tarbija on iga f\u00fc\u00fcsiline isik, kes s\u00f5lmib \u00f5igustehingu eesm\u00e4rkidel, mis ei ole peamiselt kaubanduslikud ega f\u00fc\u00fcsilisest isikust ettev\u00f5tjad: A. T\u00fchistamispoliitika Taganemis\u00f5igus Teil on \u00f5igus lepingust taganeda 14 p\u00e4eva jooksul ilma p\u00f5hjust m\u00e4rkimata. T\u00fchistamist\u00e4htaeg on 14 p\u00e4eva alates p\u00e4evast, mil teie v\u00f5i teie nimetatud kolmas isik, kes&hellip;&nbsp;<a href=\"https:\/\/www.versiegelung24.com\/et\/tuhistamispoliitika\/\" rel=\"bookmark\">Read More &raquo;<span class=\"screen-reader-text\">T\u00fchistamispoliitika ja t\u00fchistamisvorm<\/span><\/a><\/p>\n","protected":false},"author":932,"featured_media":71021,"parent":0,"menu_order":0,"comment_status":"closed","ping_status":"closed","template":"","meta":{"_acf_changed":false,"neve_meta_sidebar":"","neve_meta_container":"","neve_meta_enable_content_width":"","neve_meta_content_width":0,"neve_meta_title_alignment":"","neve_meta_author_avatar":"","neve_post_elements_order":"","neve_meta_disable_header":"","neve_meta_disable_footer":"","neve_meta_disable_title":"","neve_meta_reading_time":"","footnotes":""},"categories":[],"seiten_kategorie":[],"class_list":["post-25967","page","type-page","status-publish","has-post-thumbnail","hentry"],"acf":[],"yoast_head":"<!-- This site is optimized with the Yoast SEO Premium plugin v22.8 (Yoast SEO v27.5) - https:\/\/yoast.com\/product\/yoast-seo-premium-wordpress\/ -->\n<title>T\u00fchistamispoliitika ja t\u00fchistamisvorm - versiegelung24.com<\/title>\n<meta name=\"robots\" content=\"index, follow, max-snippet:-1, max-image-preview:large, max-video-preview:-1\" \/>\n<link rel=\"canonical\" href=\"https:\/\/www.versiegelung24.com\/et\/tuhistamispoliitika\/\" \/>\n<meta property=\"og:locale\" content=\"et_EE\" \/>\n<meta property=\"og:type\" content=\"article\" \/>\n<meta property=\"og:title\" content=\"T\u00fchistamispoliitika ja t\u00fchistamisvorm\" \/>\n<meta property=\"og:description\" content=\"Tarbijatel on \u00f5igus taganemis\u00f5igusele vastavalt j\u00e4rgmistele s\u00e4tetele, mille kohaselt tarbija on iga f\u00fc\u00fcsiline isik, kes s\u00f5lmib \u00f5igustehingu eesm\u00e4rkidel, mis ei ole peamiselt kaubanduslikud ega f\u00fc\u00fcsilisest isikust ettev\u00f5tjad: A. T\u00fchistamispoliitika Taganemis\u00f5igus Teil on \u00f5igus lepingust taganeda 14 p\u00e4eva jooksul ilma p\u00f5hjust m\u00e4rkimata. T\u00fchistamist\u00e4htaeg on 14 p\u00e4eva alates p\u00e4evast, mil teie v\u00f5i teie nimetatud kolmas isik, kes&hellip;&nbsp;Read More &raquo;T\u00fchistamispoliitika ja t\u00fchistamisvorm\" \/>\n<meta property=\"og:url\" content=\"https:\/\/www.versiegelung24.com\/et\/tuhistamispoliitika\/\" \/>\n<meta property=\"og:site_name\" content=\"versiegelung24.com\" \/>\n<meta property=\"article:modified_time\" content=\"2024-06-25T18:51:16+00:00\" \/>\n<meta property=\"og:image\" content=\"https:\/\/www.versiegelung24.com\/wp-content\/uploads\/2022\/02\/Widerruf.png\" \/>\n\t<meta property=\"og:image:width\" content=\"2000\" \/>\n\t<meta property=\"og:image:height\" content=\"2000\" \/>\n\t<meta property=\"og:image:type\" content=\"image\/png\" \/>\n<meta name=\"twitter:card\" content=\"summary_large_image\" \/>\n<meta name=\"twitter:label1\" content=\"Est. reading time\" \/>\n\t<meta name=\"twitter:data1\" content=\"2 minutit\" \/>\n<script type=\"application\/ld+json\" class=\"yoast-schema-graph\">{\"@context\":\"https:\\\/\\\/schema.org\",\"@graph\":[{\"@type\":\"WebPage\",\"@id\":\"https:\\\/\\\/www.versiegelung24.com\\\/et\\\/tuhistamispoliitika\\\/\",\"url\":\"https:\\\/\\\/www.versiegelung24.com\\\/et\\\/tuhistamispoliitika\\\/\",\"name\":\"T\u00fchistamispoliitika ja t\u00fchistamisvorm - versiegelung24.com\",\"isPartOf\":{\"@id\":\"https:\\\/\\\/www.versiegelung24.com\\\/et\\\/#website\"},\"primaryImageOfPage\":{\"@id\":\"https:\\\/\\\/www.versiegelung24.com\\\/et\\\/tuhistamispoliitika\\\/#primaryimage\"},\"image\":{\"@id\":\"https:\\\/\\\/www.versiegelung24.com\\\/et\\\/tuhistamispoliitika\\\/#primaryimage\"},\"thumbnailUrl\":\"https:\\\/\\\/www.versiegelung24.com\\\/wp-content\\\/uploads\\\/2022\\\/02\\\/Widerruf.png\",\"datePublished\":\"2021-08-03T10:06:02+00:00\",\"dateModified\":\"2024-06-25T18:51:16+00:00\",\"breadcrumb\":{\"@id\":\"https:\\\/\\\/www.versiegelung24.com\\\/et\\\/tuhistamispoliitika\\\/#breadcrumb\"},\"inLanguage\":\"et\",\"potentialAction\":[{\"@type\":\"ReadAction\",\"target\":[\"https:\\\/\\\/www.versiegelung24.com\\\/et\\\/tuhistamispoliitika\\\/\"]}]},{\"@type\":\"ImageObject\",\"inLanguage\":\"et\",\"@id\":\"https:\\\/\\\/www.versiegelung24.com\\\/et\\\/tuhistamispoliitika\\\/#primaryimage\",\"url\":\"https:\\\/\\\/www.versiegelung24.com\\\/wp-content\\\/uploads\\\/2022\\\/02\\\/Widerruf.png\",\"contentUrl\":\"https:\\\/\\\/www.versiegelung24.com\\\/wp-content\\\/uploads\\\/2022\\\/02\\\/Widerruf.png\",\"width\":2000,\"height\":2000},{\"@type\":\"BreadcrumbList\",\"@id\":\"https:\\\/\\\/www.versiegelung24.com\\\/et\\\/tuhistamispoliitika\\\/#breadcrumb\",\"itemListElement\":[{\"@type\":\"ListItem\",\"position\":1,\"name\":\"Koduleht\",\"item\":\"https:\\\/\\\/www.versiegelung24.com\\\/et\\\/ees\\\/\"},{\"@type\":\"ListItem\",\"position\":2,\"name\":\"T\u00fchistamispoliitika ja t\u00fchistamisvorm\"}]},{\"@type\":\"WebSite\",\"@id\":\"https:\\\/\\\/www.versiegelung24.com\\\/et\\\/#website\",\"url\":\"https:\\\/\\\/www.versiegelung24.com\\\/et\\\/\",\"name\":\"versiegelung24.com\",\"description\":\"Fl\u00fcssigglas-Versiegelung - Made in Germany\",\"publisher\":{\"@id\":\"https:\\\/\\\/www.versiegelung24.com\\\/et\\\/#organization\"},\"potentialAction\":[{\"@type\":\"SearchAction\",\"target\":{\"@type\":\"EntryPoint\",\"urlTemplate\":\"https:\\\/\\\/www.versiegelung24.com\\\/et\\\/?s={search_term_string}\"},\"query-input\":{\"@type\":\"PropertyValueSpecification\",\"valueRequired\":true,\"valueName\":\"search_term_string\"}}],\"inLanguage\":\"et\"},{\"@type\":\"Organization\",\"@id\":\"https:\\\/\\\/www.versiegelung24.com\\\/et\\\/#organization\",\"name\":\"versiegelung24\",\"url\":\"https:\\\/\\\/www.versiegelung24.com\\\/et\\\/\",\"logo\":{\"@type\":\"ImageObject\",\"inLanguage\":\"et\",\"@id\":\"https:\\\/\\\/www.versiegelung24.com\\\/et\\\/#\\\/schema\\\/logo\\\/image\\\/\",\"url\":\"https:\\\/\\\/www.versiegelung24.com\\\/wp-content\\\/uploads\\\/2020\\\/04\\\/versiegelung24.png\",\"contentUrl\":\"https:\\\/\\\/www.versiegelung24.com\\\/wp-content\\\/uploads\\\/2020\\\/04\\\/versiegelung24.png\",\"width\":470,\"height\":102,\"caption\":\"versiegelung24\"},\"image\":{\"@id\":\"https:\\\/\\\/www.versiegelung24.com\\\/et\\\/#\\\/schema\\\/logo\\\/image\\\/\"}}]}<\/script>\n<!-- \/ Yoast SEO Premium plugin. -->","yoast_head_json":{"title":"T\u00fchistamispoliitika ja t\u00fchistamisvorm - versiegelung24.com","robots":{"index":"index","follow":"follow","max-snippet":"max-snippet:-1","max-image-preview":"max-image-preview:large","max-video-preview":"max-video-preview:-1"},"canonical":"https:\/\/www.versiegelung24.com\/et\/tuhistamispoliitika\/","og_locale":"et_EE","og_type":"article","og_title":"T\u00fchistamispoliitika ja t\u00fchistamisvorm","og_description":"Tarbijatel on \u00f5igus taganemis\u00f5igusele vastavalt j\u00e4rgmistele s\u00e4tetele, mille kohaselt tarbija on iga f\u00fc\u00fcsiline isik, kes s\u00f5lmib \u00f5igustehingu eesm\u00e4rkidel, mis ei ole peamiselt kaubanduslikud ega f\u00fc\u00fcsilisest isikust ettev\u00f5tjad: A. T\u00fchistamispoliitika Taganemis\u00f5igus Teil on \u00f5igus lepingust taganeda 14 p\u00e4eva jooksul ilma p\u00f5hjust m\u00e4rkimata. T\u00fchistamist\u00e4htaeg on 14 p\u00e4eva alates p\u00e4evast, mil teie v\u00f5i teie nimetatud kolmas isik, kes&hellip;&nbsp;Read More &raquo;T\u00fchistamispoliitika ja t\u00fchistamisvorm","og_url":"https:\/\/www.versiegelung24.com\/et\/tuhistamispoliitika\/","og_site_name":"versiegelung24.com","article_modified_time":"2024-06-25T18:51:16+00:00","og_image":[{"width":2000,"height":2000,"url":"https:\/\/www.versiegelung24.com\/wp-content\/uploads\/2022\/02\/Widerruf.png","type":"image\/png"}],"twitter_card":"summary_large_image","twitter_misc":{"Est. reading time":"2 minutit"},"schema":{"@context":"https:\/\/schema.org","@graph":[{"@type":"WebPage","@id":"https:\/\/www.versiegelung24.com\/et\/tuhistamispoliitika\/","url":"https:\/\/www.versiegelung24.com\/et\/tuhistamispoliitika\/","name":"T\u00fchistamispoliitika ja t\u00fchistamisvorm - versiegelung24.com","isPartOf":{"@id":"https:\/\/www.versiegelung24.com\/et\/#website"},"primaryImageOfPage":{"@id":"https:\/\/www.versiegelung24.com\/et\/tuhistamispoliitika\/#primaryimage"},"image":{"@id":"https:\/\/www.versiegelung24.com\/et\/tuhistamispoliitika\/#primaryimage"},"thumbnailUrl":"https:\/\/www.versiegelung24.com\/wp-content\/uploads\/2022\/02\/Widerruf.png","datePublished":"2021-08-03T10:06:02+00:00","dateModified":"2024-06-25T18:51:16+00:00","breadcrumb":{"@id":"https:\/\/www.versiegelung24.com\/et\/tuhistamispoliitika\/#breadcrumb"},"inLanguage":"et","potentialAction":[{"@type":"ReadAction","target":["https:\/\/www.versiegelung24.com\/et\/tuhistamispoliitika\/"]}]},{"@type":"ImageObject","inLanguage":"et","@id":"https:\/\/www.versiegelung24.com\/et\/tuhistamispoliitika\/#primaryimage","url":"https:\/\/www.versiegelung24.com\/wp-content\/uploads\/2022\/02\/Widerruf.png","contentUrl":"https:\/\/www.versiegelung24.com\/wp-content\/uploads\/2022\/02\/Widerruf.png","width":2000,"height":2000},{"@type":"BreadcrumbList","@id":"https:\/\/www.versiegelung24.com\/et\/tuhistamispoliitika\/#breadcrumb","itemListElement":[{"@type":"ListItem","position":1,"name":"Koduleht","item":"https:\/\/www.versiegelung24.com\/et\/ees\/"},{"@type":"ListItem","position":2,"name":"T\u00fchistamispoliitika ja t\u00fchistamisvorm"}]},{"@type":"WebSite","@id":"https:\/\/www.versiegelung24.com\/et\/#website","url":"https:\/\/www.versiegelung24.com\/et\/","name":"versiegelung24.com","description":"Fl\u00fcssigglas-Versiegelung - Made in Germany","publisher":{"@id":"https:\/\/www.versiegelung24.com\/et\/#organization"},"potentialAction":[{"@type":"SearchAction","target":{"@type":"EntryPoint","urlTemplate":"https:\/\/www.versiegelung24.com\/et\/?s={search_term_string}"},"query-input":{"@type":"PropertyValueSpecification","valueRequired":true,"valueName":"search_term_string"}}],"inLanguage":"et"},{"@type":"Organization","@id":"https:\/\/www.versiegelung24.com\/et\/#organization","name":"versiegelung24","url":"https:\/\/www.versiegelung24.com\/et\/","logo":{"@type":"ImageObject","inLanguage":"et","@id":"https:\/\/www.versiegelung24.com\/et\/#\/schema\/logo\/image\/","url":"https:\/\/www.versiegelung24.com\/wp-content\/uploads\/2020\/04\/versiegelung24.png","contentUrl":"https:\/\/www.versiegelung24.com\/wp-content\/uploads\/2020\/04\/versiegelung24.png","width":470,"height":102,"caption":"versiegelung24"},"image":{"@id":"https:\/\/www.versiegelung24.com\/et\/#\/schema\/logo\/image\/"}}]}},"_links":{"self":[{"href":"https:\/\/www.versiegelung24.com\/et\/wp-json\/wp\/v2\/pages\/25967","targetHints":{"allow":["GET"]}}],"collection":[{"href":"https:\/\/www.versiegelung24.com\/et\/wp-json\/wp\/v2\/pages"}],"about":[{"href":"https:\/\/www.versiegelung24.com\/et\/wp-json\/wp\/v2\/types\/page"}],"author":[{"embeddable":true,"href":"https:\/\/www.versiegelung24.com\/et\/wp-json\/wp\/v2\/users\/932"}],"replies":[{"embeddable":true,"href":"https:\/\/www.versiegelung24.com\/et\/wp-json\/wp\/v2\/comments?post=25967"}],"version-history":[{"count":3,"href":"https:\/\/www.versiegelung24.com\/et\/wp-json\/wp\/v2\/pages\/25967\/revisions"}],"predecessor-version":[{"id":167652,"href":"https:\/\/www.versiegelung24.com\/et\/wp-json\/wp\/v2\/pages\/25967\/revisions\/167652"}],"wp:featuredmedia":[{"embeddable":true,"href":"https:\/\/www.versiegelung24.com\/et\/wp-json\/wp\/v2\/media\/71021"}],"wp:attachment":[{"href":"https:\/\/www.versiegelung24.com\/et\/wp-json\/wp\/v2\/media?parent=25967"}],"wp:term":[{"taxonomy":"category","embeddable":true,"href":"https:\/\/www.versiegelung24.com\/et\/wp-json\/wp\/v2\/categories?post=25967"},{"taxonomy":"seiten_kategorie","embeddable":true,"href":"https:\/\/www.versiegelung24.com\/et\/wp-json\/wp\/v2\/seiten_kategorie?post=25967"}],"curies":[{"name":"wp","href":"https:\/\/api.w.org\/{rel}","templated":true}]}}