{"id":41008,"date":"2021-12-14T14:15:17","date_gmt":"2021-12-14T13:15:17","guid":{"rendered":"https:\/\/www.versiegelung24.com\/nouanded-versiegelung24-toodete-kohta\/tead-kuidas\/graffiti-kaitse"},"modified":"2024-09-01T18:17:17","modified_gmt":"2024-09-01T16:17:17","slug":"graffitikaitse-vedelikuklaasiga","status":"publish","type":"page","link":"https:\/\/www.versiegelung24.com\/et\/nouanded-versiegelung24-toodete-kohta\/tead-kuidas\/graffitikaitse-vedelikuklaasiga\/","title":{"rendered":"Fassaadi graffitikaitse"},"content":{"rendered":"\n<h1 class=\"wp-block-heading\" id=\"h-graffiti-schutz-mit-flussigglas\">Graffiti kaitse vedela klaasiga<\/h1>\n\n<p>See video peaks olema eriti huvitav linnadele ja omavalitsustele v\u00f5i kahjustatud kinnisvaraomanikele, kellel on juba olnud kogemusi grafiti pihustite saastamisega. &#8220;Kunstnike&#8221; v\u00e4rvid on p\u00fcsivad ja pritsimisel tungivad betooni v\u00f5i kivi sisse. Seet\u00f5ttu on grafiti eemaldamine v\u00e4ga kulukas ja aegan\u00f5udev asi, mida tavaliselt tuleb teha professionaalselt.<\/p>\n\n<figure class=\"wp-block-embed aligncenter is-type-video is-provider-youtube wp-block-embed-youtube wp-embed-aspect-16-9 wp-has-aspect-ratio\"><div class=\"wp-block-embed__wrapper\"> \n<div class=\"nv-iframe-embed\"><iframe title=\"Graffiti Protection Pro 626 - How does it work?\" width=\"1200\" height=\"675\" src=\"https:\/\/www.youtube.com\/embed\/dP9jGmUvoek?feature=oembed\" frameborder=\"0\" allow=\"accelerometer; autoplay; clipboard-write; encrypted-media; gyroscope; picture-in-picture\" allowfullscreen><\/iframe><\/div>\n <\/div><\/figure>\n\n<div class=\"wp-block-columns is-layout-flex wp-container-core-columns-is-layout-9d6595d7 wp-block-columns-is-layout-flex\">\n<div class=\"wp-block-column is-layout-flow wp-block-column-is-layout-flow\" style=\"flex-basis:66.66%\">\n<p>Video n\u00e4itab v\u00f5rdlust kahe betoonist tellisega:<\/p>\n\n\n\n<p><a href=\"https:\/\/www.versiegelung24.com\/et\/graffiti-vastane-kaitsekate-vaega-tohus-fassaaditihendus.html\">\u00dcks kivi on vedela klaasiga t\u00e4ielikult suletud<\/a> , teine mitte. N\u00fc\u00fcd v\u00e4rvipritsi vastandina v\u00e4rvitakse markerpliiatsiga rist vastavale kivile. Ka siin on kohe n\u00e4ha &#8211; t\u00f6\u00f6tlemata kivi puhul t\u00f5mmatakse must v\u00e4rv kohe sisse, rist on selgelt n\u00e4htav. Kui kivi on tihendatud, ei saa v\u00e4rv <a href=\"https:\/\/www.versiegelung24.com\/et\/graffiti-vastane-kaitsekate-vaega-tohus-fassaaditihendus.html\" target=\"_blank\" rel=\"noreferrer noopener\">vedelast<\/a> klaasist l\u00e4bi tungida, mis t\u00e4hendab, et puudub nakkumine. Rist on seet\u00f5ttu ainult n\u00f5rgalt n\u00e4htav ja seda saab eemaldada ainult veega ilma j\u00e4\u00e4ke j\u00e4tmata. P\u00fc\u00fcate asjata seda teha video t\u00f6\u00f6tlemata tellisega. Paljudel juhtudel saab puhastamist teha ainult veega, kuid selle t\u00f5husus v\u00f5ib s\u00f5ltuvalt graffiti t\u00fc\u00fcbist erineda.<\/p>\n\n\n\n<p>Pinna kaitsmiseks graffiti eest v\u00f5ib kasutada vedelat klaasikihti.\n\u00d5ige pealekandmise korral ja soodsates tingimustes v\u00f5ib kaitsev toime kesta kuni 20 aastat. <\/p>\n\n\n\n<p>Vaadake videot, et n\u00e4ha, kui lihtne on betooni tihendamine: Enne vedela klaaskatte pealekandmist tuleb pind p\u00f5hjalikult puhastada ja kuivatada, et tagada hermeetiku optimaalne haardumine ja \u00fchtlane jaotumine.<\/p>\n<\/div>\n\n\n\n<div class=\"wp-block-column is-layout-flow wp-block-column-is-layout-flow\" style=\"flex-basis:33.33%\"><div class=\"wp-block-image\">\n<figure class=\"alignright size-full is-resized\"><img fetchpriority=\"high\" decoding=\"async\" width=\"1000\" height=\"1000\" src=\"https:\/\/www.versiegelung24.com\/wp-content\/uploads\/2021\/12\/graf-1.jpg\" alt=\"\" class=\"wp-image-40868\" style=\"width:313px;height:313px\" srcset=\"https:\/\/www.versiegelung24.com\/wp-content\/uploads\/2021\/12\/graf-1.jpg 1000w, https:\/\/www.versiegelung24.com\/wp-content\/uploads\/2021\/12\/graf-1-400x400.jpg 400w, https:\/\/www.versiegelung24.com\/wp-content\/uploads\/2021\/12\/graf-1-100x100.jpg 100w, https:\/\/www.versiegelung24.com\/wp-content\/uploads\/2021\/12\/graf-1-600x600.jpg 600w, https:\/\/www.versiegelung24.com\/wp-content\/uploads\/2021\/12\/graf-1-300x300.jpg 300w, https:\/\/www.versiegelung24.com\/wp-content\/uploads\/2021\/12\/graf-1-80x80.jpg 80w, https:\/\/www.versiegelung24.com\/wp-content\/uploads\/2021\/12\/graf-1-768x768.jpg 768w\" sizes=\"(max-width: 1000px) 100vw, 1000px\" \/><\/figure>\n<\/div><\/div>\n<\/div>\n<div class=\"woocommerce columns-4 \"><ul class=\"products columns-4\">\n<li class=\"product type-product post-23923 status-publish first instock product_cat-kivi-ja-betooni-tihendamine has-post-thumbnail taxable shipping-taxable purchasable product-type-variable has-default-attributes\">\n\t<div class=\"nv-card-content-wrapper\"><a href=\"https:\/\/www.versiegelung24.com\/et\/graffiti-vastane-kaitsekate-vaega-tohus-fassaaditihendus.html\" class=\"woocommerce-LoopProduct-link woocommerce-loop-product__link\"><div class=\"sp-product-image \"><div class=\"img-wrap\"><img decoding=\"async\" width=\"400\" height=\"400\" src=\"https:\/\/www.versiegelung24.com\/wp-content\/uploads\/2020\/04\/7626-anti-graffiti-400x400.webp\" class=\"attachment-woocommerce_thumbnail size-woocommerce_thumbnail\" alt=\"Graffiti kaitsekate - Graffitivastane kate\" srcset=\"https:\/\/www.versiegelung24.com\/wp-content\/uploads\/2020\/04\/7626-anti-graffiti-400x400.webp 400w, https:\/\/www.versiegelung24.com\/wp-content\/uploads\/2020\/04\/7626-anti-graffiti-300x300.webp 300w, https:\/\/www.versiegelung24.com\/wp-content\/uploads\/2020\/04\/7626-anti-graffiti-1300x1300.webp 1300w, https:\/\/www.versiegelung24.com\/wp-content\/uploads\/2020\/04\/7626-anti-graffiti-80x80.webp 80w, https:\/\/www.versiegelung24.com\/wp-content\/uploads\/2020\/04\/7626-anti-graffiti-768x768.webp 768w, https:\/\/www.versiegelung24.com\/wp-content\/uploads\/2020\/04\/7626-anti-graffiti-1536x1536.webp 1536w, https:\/\/www.versiegelung24.com\/wp-content\/uploads\/2020\/04\/7626-anti-graffiti-2048x2048.webp 2048w, https:\/\/www.versiegelung24.com\/wp-content\/uploads\/2020\/04\/7626-anti-graffiti-70x70.webp 70w, https:\/\/www.versiegelung24.com\/wp-content\/uploads\/2020\/04\/7626-anti-graffiti-600x600.webp 600w, https:\/\/www.versiegelung24.com\/wp-content\/uploads\/2020\/04\/7626-anti-graffiti-100x100.webp 100w\" sizes=\"(max-width: 400px) 100vw, 400px\" \/><\/div><\/div><h2 class=\"woocommerce-loop-product__title\">Graffiti kaitsekate &#8211; Graffitivastane kate<\/h2>\n\t<span class=\"price\"><span class=\"woocommerce-Price-amount amount\"><bdi>359,00<span class=\"woocommerce-Price-currencySymbol\">&euro;<\/span><\/bdi><\/span><\/span>\n\n\n\t<p class=\"price price-unit smaller wc-gzd-additional-info wc-gzd-additional-info-loop\">(<span class=\"woocommerce-Price-amount amount\">71,80<span class=\"woocommerce-Price-currencySymbol\">&euro;<\/span><\/span> \/ <span class=\"unit\">l<\/span>)<\/p>\n\n<\/a>\t\t<p class=\"artikelnummer wc-gzd-additional-info\">\n\t\t\tTootekood: 9201-7626-5000\t\t<\/p>\n\t\t\n\t<p class=\"wc-gzd-additional-info wc-gzd-additional-info-loop product-units-wrapper product-units\">Sisu: 5 <span class=\"unit\">l<\/span><\/p>\n\t\t<p class=\"lagerbestand wc-gzd-additional-info\">\n\t\t\t<strong>\n\t\t\t\tLaohaldus\t\t\t\t:\n\t\t\t<\/strong>\n\t\t\tLaos\t\t<\/p>\n\t\t\n\t<p class=\"wc-gzd-additional-info delivery-time-info wc-gzd-additional-info-loop\"><span class=\"delivery-time-inner delivery-time-7-tpeva\">Tarneaeg:  <span class=\"delivery-time-data\">7 t\u00f6\u00f6p\u00e4eva<\/span><\/span><\/p>\n\n\t<p class=\"wc-gzd-additional-info wc-gzd-additional-info-loop tax-info\">incl. VAT<\/p>\n\n\t<p class=\"wc-gzd-additional-info wc-gzd-additional-info-loop shipping-costs-info\">pluss  <a href=\"https:\/\/www.versiegelung24.com\/et\/nouanded-versiegelung24-toodete-kohta\/kohaletoimetamine\/\" target=\"_blank\">Kohaletoimetamine<\/a><\/p>\n<a href=\"https:\/\/www.versiegelung24.com\/et\/graffiti-vastane-kaitsekate-vaega-tohus-fassaaditihendus.html\" aria-describedby=\"woocommerce_loop_add_to_cart_link_describedby_23923\" data-quantity=\"1\" class=\"button product_type_variable add_to_cart_button\" data-product_id=\"23923\" data-product_sku=\"9201-7626-5000\" aria-label=\"Vali tootele &ldquo;Graffiti kaitsekate - Graffitivastane kate&rdquo; omadused\" rel=\"nofollow\">Vali<\/a>\t<span id=\"woocommerce_loop_add_to_cart_link_describedby_23923\" class=\"screen-reader-text\">\n\t\tThis product has multiple variants. The options may be chosen on the product page\t<\/span>\n<\/div><\/li>\n<\/ul>\n<\/div>\n\n","protected":false},"excerpt":{"rendered":"<p>Kuulutage s\u00f5da graffitile &#8211; t\u00f5hus kaitse teie fassaadile vedela klaasiga.<\/p>\n","protected":false},"author":932,"featured_media":40877,"parent":34630,"menu_order":0,"comment_status":"closed","ping_status":"closed","template":"","meta":{"_acf_changed":false,"neve_meta_sidebar":"full-width","neve_meta_container":"","neve_meta_enable_content_width":"on","neve_meta_content_width":100,"neve_meta_title_alignment":"","neve_meta_author_avatar":"","neve_post_elements_order":"","neve_meta_disable_header":"","neve_meta_disable_footer":"","neve_meta_disable_title":"","neve_meta_reading_time":"","footnotes":""},"categories":[3559,3493],"seiten_kategorie":[3842],"class_list":["post-41008","page","type-page","status-publish","has-post-thumbnail","hentry","category-maja-ja-aed","category-nouandeartikli-ajakiri"],"acf":[],"yoast_head":"<!-- This site is optimized with the Yoast SEO Premium plugin v22.8 (Yoast SEO v27.5) - https:\/\/yoast.com\/product\/yoast-seo-premium-wordpress\/ -->\n<title>Vedel gals hermeetik versiegelung24.com Fassaadi graffitikaitse -<\/title>\n<meta name=\"description\" content=\"Vedel galssuler kaitseks grafiti eest. Uurige meilt, kuidas saate oma asju kaitsta.\" \/>\n<meta name=\"robots\" content=\"index, follow, max-snippet:-1, max-image-preview:large, max-video-preview:-1\" \/>\n<link rel=\"canonical\" href=\"https:\/\/www.versiegelung24.com\/et\/nouanded-versiegelung24-toodete-kohta\/tead-kuidas\/graffitikaitse-vedelikuklaasiga\/\" \/>\n<meta property=\"og:locale\" content=\"et_EE\" \/>\n<meta property=\"og:type\" content=\"article\" \/>\n<meta property=\"og:title\" content=\"Fassaadi graffitikaitse\" \/>\n<meta property=\"og:description\" content=\"Vedel galssuler kaitseks grafiti eest. Uurige meilt, kuidas saate oma asju kaitsta.\" \/>\n<meta property=\"og:url\" content=\"https:\/\/www.versiegelung24.com\/et\/nouanded-versiegelung24-toodete-kohta\/tead-kuidas\/graffitikaitse-vedelikuklaasiga\/\" \/>\n<meta property=\"og:site_name\" content=\"versiegelung24.com\" \/>\n<meta property=\"article:modified_time\" content=\"2024-09-01T16:17:17+00:00\" \/>\n<meta property=\"og:image\" content=\"https:\/\/www.versiegelung24.com\/wp-content\/uploads\/2021\/12\/graf-1.jpg\" \/>\n\t<meta property=\"og:image:width\" content=\"1000\" \/>\n\t<meta property=\"og:image:height\" content=\"1000\" \/>\n\t<meta property=\"og:image:type\" content=\"image\/jpeg\" \/>\n<meta name=\"twitter:card\" content=\"summary_large_image\" \/>\n<meta name=\"twitter:label1\" content=\"Est. reading time\" \/>\n\t<meta name=\"twitter:data1\" content=\"1 minut\" \/>\n<script type=\"application\/ld+json\" class=\"yoast-schema-graph\">{\"@context\":\"https:\\\/\\\/schema.org\",\"@graph\":[{\"@type\":\"WebPage\",\"@id\":\"https:\\\/\\\/www.versiegelung24.com\\\/et\\\/nouanded-versiegelung24-toodete-kohta\\\/tead-kuidas\\\/graffitikaitse-vedelikuklaasiga\\\/\",\"url\":\"https:\\\/\\\/www.versiegelung24.com\\\/et\\\/nouanded-versiegelung24-toodete-kohta\\\/tead-kuidas\\\/graffitikaitse-vedelikuklaasiga\\\/\",\"name\":\"Vedel gals hermeetik versiegelung24.com Fassaadi graffitikaitse -\",\"isPartOf\":{\"@id\":\"https:\\\/\\\/www.versiegelung24.com\\\/et\\\/#website\"},\"primaryImageOfPage\":{\"@id\":\"https:\\\/\\\/www.versiegelung24.com\\\/et\\\/nouanded-versiegelung24-toodete-kohta\\\/tead-kuidas\\\/graffitikaitse-vedelikuklaasiga\\\/#primaryimage\"},\"image\":{\"@id\":\"https:\\\/\\\/www.versiegelung24.com\\\/et\\\/nouanded-versiegelung24-toodete-kohta\\\/tead-kuidas\\\/graffitikaitse-vedelikuklaasiga\\\/#primaryimage\"},\"thumbnailUrl\":\"https:\\\/\\\/www.versiegelung24.com\\\/wp-content\\\/uploads\\\/2021\\\/12\\\/graf-1.jpg\",\"datePublished\":\"2021-12-14T13:15:17+00:00\",\"dateModified\":\"2024-09-01T16:17:17+00:00\",\"description\":\"Vedel galssuler kaitseks grafiti eest. Uurige meilt, kuidas saate oma asju kaitsta.\",\"breadcrumb\":{\"@id\":\"https:\\\/\\\/www.versiegelung24.com\\\/et\\\/nouanded-versiegelung24-toodete-kohta\\\/tead-kuidas\\\/graffitikaitse-vedelikuklaasiga\\\/#breadcrumb\"},\"inLanguage\":\"et\",\"potentialAction\":[{\"@type\":\"ReadAction\",\"target\":[\"https:\\\/\\\/www.versiegelung24.com\\\/et\\\/nouanded-versiegelung24-toodete-kohta\\\/tead-kuidas\\\/graffitikaitse-vedelikuklaasiga\\\/\"]}]},{\"@type\":\"ImageObject\",\"inLanguage\":\"et\",\"@id\":\"https:\\\/\\\/www.versiegelung24.com\\\/et\\\/nouanded-versiegelung24-toodete-kohta\\\/tead-kuidas\\\/graffitikaitse-vedelikuklaasiga\\\/#primaryimage\",\"url\":\"https:\\\/\\\/www.versiegelung24.com\\\/wp-content\\\/uploads\\\/2021\\\/12\\\/graf-1.jpg\",\"contentUrl\":\"https:\\\/\\\/www.versiegelung24.com\\\/wp-content\\\/uploads\\\/2021\\\/12\\\/graf-1.jpg\",\"width\":1000,\"height\":1000},{\"@type\":\"BreadcrumbList\",\"@id\":\"https:\\\/\\\/www.versiegelung24.com\\\/et\\\/nouanded-versiegelung24-toodete-kohta\\\/tead-kuidas\\\/graffitikaitse-vedelikuklaasiga\\\/#breadcrumb\",\"itemListElement\":[{\"@type\":\"ListItem\",\"position\":1,\"name\":\"Koduleht\",\"item\":\"https:\\\/\\\/www.versiegelung24.com\\\/et\\\/ees\\\/\"},{\"@type\":\"ListItem\",\"position\":2,\"name\":\"N\u00f5ustaja\",\"item\":\"https:\\\/\\\/www.versiegelung24.com\\\/et\\\/ratgeber\\\/\"},{\"@type\":\"ListItem\",\"position\":3,\"name\":\"ajakiri\",\"item\":\"https:\\\/\\\/www.versiegelung24.com\\\/et\\\/ratgeber\\\/magazin\\\/\"},{\"@type\":\"ListItem\",\"position\":4,\"name\":\"Fassaadi graffitikaitse\"}]},{\"@type\":\"WebSite\",\"@id\":\"https:\\\/\\\/www.versiegelung24.com\\\/et\\\/#website\",\"url\":\"https:\\\/\\\/www.versiegelung24.com\\\/et\\\/\",\"name\":\"versiegelung24.com\",\"description\":\"Fl\u00fcssigglas-Versiegelung - Made in Germany\",\"publisher\":{\"@id\":\"https:\\\/\\\/www.versiegelung24.com\\\/et\\\/#organization\"},\"potentialAction\":[{\"@type\":\"SearchAction\",\"target\":{\"@type\":\"EntryPoint\",\"urlTemplate\":\"https:\\\/\\\/www.versiegelung24.com\\\/et\\\/?s={search_term_string}\"},\"query-input\":{\"@type\":\"PropertyValueSpecification\",\"valueRequired\":true,\"valueName\":\"search_term_string\"}}],\"inLanguage\":\"et\"},{\"@type\":\"Organization\",\"@id\":\"https:\\\/\\\/www.versiegelung24.com\\\/et\\\/#organization\",\"name\":\"versiegelung24\",\"url\":\"https:\\\/\\\/www.versiegelung24.com\\\/et\\\/\",\"logo\":{\"@type\":\"ImageObject\",\"inLanguage\":\"et\",\"@id\":\"https:\\\/\\\/www.versiegelung24.com\\\/et\\\/#\\\/schema\\\/logo\\\/image\\\/\",\"url\":\"https:\\\/\\\/www.versiegelung24.com\\\/wp-content\\\/uploads\\\/2020\\\/04\\\/versiegelung24.png\",\"contentUrl\":\"https:\\\/\\\/www.versiegelung24.com\\\/wp-content\\\/uploads\\\/2020\\\/04\\\/versiegelung24.png\",\"width\":470,\"height\":102,\"caption\":\"versiegelung24\"},\"image\":{\"@id\":\"https:\\\/\\\/www.versiegelung24.com\\\/et\\\/#\\\/schema\\\/logo\\\/image\\\/\"}}]}<\/script>\n<!-- \/ Yoast SEO Premium plugin. -->","yoast_head_json":{"title":"Vedel gals hermeetik versiegelung24.com Fassaadi graffitikaitse -","description":"Vedel galssuler kaitseks grafiti eest. Uurige meilt, kuidas saate oma asju kaitsta.","robots":{"index":"index","follow":"follow","max-snippet":"max-snippet:-1","max-image-preview":"max-image-preview:large","max-video-preview":"max-video-preview:-1"},"canonical":"https:\/\/www.versiegelung24.com\/et\/nouanded-versiegelung24-toodete-kohta\/tead-kuidas\/graffitikaitse-vedelikuklaasiga\/","og_locale":"et_EE","og_type":"article","og_title":"Fassaadi graffitikaitse","og_description":"Vedel galssuler kaitseks grafiti eest. Uurige meilt, kuidas saate oma asju kaitsta.","og_url":"https:\/\/www.versiegelung24.com\/et\/nouanded-versiegelung24-toodete-kohta\/tead-kuidas\/graffitikaitse-vedelikuklaasiga\/","og_site_name":"versiegelung24.com","article_modified_time":"2024-09-01T16:17:17+00:00","og_image":[{"width":1000,"height":1000,"url":"https:\/\/www.versiegelung24.com\/wp-content\/uploads\/2021\/12\/graf-1.jpg","type":"image\/jpeg"}],"twitter_card":"summary_large_image","twitter_misc":{"Est. reading time":"1 minut"},"schema":{"@context":"https:\/\/schema.org","@graph":[{"@type":"WebPage","@id":"https:\/\/www.versiegelung24.com\/et\/nouanded-versiegelung24-toodete-kohta\/tead-kuidas\/graffitikaitse-vedelikuklaasiga\/","url":"https:\/\/www.versiegelung24.com\/et\/nouanded-versiegelung24-toodete-kohta\/tead-kuidas\/graffitikaitse-vedelikuklaasiga\/","name":"Vedel gals hermeetik versiegelung24.com Fassaadi graffitikaitse -","isPartOf":{"@id":"https:\/\/www.versiegelung24.com\/et\/#website"},"primaryImageOfPage":{"@id":"https:\/\/www.versiegelung24.com\/et\/nouanded-versiegelung24-toodete-kohta\/tead-kuidas\/graffitikaitse-vedelikuklaasiga\/#primaryimage"},"image":{"@id":"https:\/\/www.versiegelung24.com\/et\/nouanded-versiegelung24-toodete-kohta\/tead-kuidas\/graffitikaitse-vedelikuklaasiga\/#primaryimage"},"thumbnailUrl":"https:\/\/www.versiegelung24.com\/wp-content\/uploads\/2021\/12\/graf-1.jpg","datePublished":"2021-12-14T13:15:17+00:00","dateModified":"2024-09-01T16:17:17+00:00","description":"Vedel galssuler kaitseks grafiti eest. Uurige meilt, kuidas saate oma asju kaitsta.","breadcrumb":{"@id":"https:\/\/www.versiegelung24.com\/et\/nouanded-versiegelung24-toodete-kohta\/tead-kuidas\/graffitikaitse-vedelikuklaasiga\/#breadcrumb"},"inLanguage":"et","potentialAction":[{"@type":"ReadAction","target":["https:\/\/www.versiegelung24.com\/et\/nouanded-versiegelung24-toodete-kohta\/tead-kuidas\/graffitikaitse-vedelikuklaasiga\/"]}]},{"@type":"ImageObject","inLanguage":"et","@id":"https:\/\/www.versiegelung24.com\/et\/nouanded-versiegelung24-toodete-kohta\/tead-kuidas\/graffitikaitse-vedelikuklaasiga\/#primaryimage","url":"https:\/\/www.versiegelung24.com\/wp-content\/uploads\/2021\/12\/graf-1.jpg","contentUrl":"https:\/\/www.versiegelung24.com\/wp-content\/uploads\/2021\/12\/graf-1.jpg","width":1000,"height":1000},{"@type":"BreadcrumbList","@id":"https:\/\/www.versiegelung24.com\/et\/nouanded-versiegelung24-toodete-kohta\/tead-kuidas\/graffitikaitse-vedelikuklaasiga\/#breadcrumb","itemListElement":[{"@type":"ListItem","position":1,"name":"Koduleht","item":"https:\/\/www.versiegelung24.com\/et\/ees\/"},{"@type":"ListItem","position":2,"name":"N\u00f5ustaja","item":"https:\/\/www.versiegelung24.com\/et\/ratgeber\/"},{"@type":"ListItem","position":3,"name":"ajakiri","item":"https:\/\/www.versiegelung24.com\/et\/ratgeber\/magazin\/"},{"@type":"ListItem","position":4,"name":"Fassaadi graffitikaitse"}]},{"@type":"WebSite","@id":"https:\/\/www.versiegelung24.com\/et\/#website","url":"https:\/\/www.versiegelung24.com\/et\/","name":"versiegelung24.com","description":"Fl\u00fcssigglas-Versiegelung - Made in Germany","publisher":{"@id":"https:\/\/www.versiegelung24.com\/et\/#organization"},"potentialAction":[{"@type":"SearchAction","target":{"@type":"EntryPoint","urlTemplate":"https:\/\/www.versiegelung24.com\/et\/?s={search_term_string}"},"query-input":{"@type":"PropertyValueSpecification","valueRequired":true,"valueName":"search_term_string"}}],"inLanguage":"et"},{"@type":"Organization","@id":"https:\/\/www.versiegelung24.com\/et\/#organization","name":"versiegelung24","url":"https:\/\/www.versiegelung24.com\/et\/","logo":{"@type":"ImageObject","inLanguage":"et","@id":"https:\/\/www.versiegelung24.com\/et\/#\/schema\/logo\/image\/","url":"https:\/\/www.versiegelung24.com\/wp-content\/uploads\/2020\/04\/versiegelung24.png","contentUrl":"https:\/\/www.versiegelung24.com\/wp-content\/uploads\/2020\/04\/versiegelung24.png","width":470,"height":102,"caption":"versiegelung24"},"image":{"@id":"https:\/\/www.versiegelung24.com\/et\/#\/schema\/logo\/image\/"}}]}},"_links":{"self":[{"href":"https:\/\/www.versiegelung24.com\/et\/wp-json\/wp\/v2\/pages\/41008","targetHints":{"allow":["GET"]}}],"collection":[{"href":"https:\/\/www.versiegelung24.com\/et\/wp-json\/wp\/v2\/pages"}],"about":[{"href":"https:\/\/www.versiegelung24.com\/et\/wp-json\/wp\/v2\/types\/page"}],"author":[{"embeddable":true,"href":"https:\/\/www.versiegelung24.com\/et\/wp-json\/wp\/v2\/users\/932"}],"replies":[{"embeddable":true,"href":"https:\/\/www.versiegelung24.com\/et\/wp-json\/wp\/v2\/comments?post=41008"}],"version-history":[{"count":17,"href":"https:\/\/www.versiegelung24.com\/et\/wp-json\/wp\/v2\/pages\/41008\/revisions"}],"predecessor-version":[{"id":172665,"href":"https:\/\/www.versiegelung24.com\/et\/wp-json\/wp\/v2\/pages\/41008\/revisions\/172665"}],"up":[{"embeddable":true,"href":"https:\/\/www.versiegelung24.com\/et\/wp-json\/wp\/v2\/pages\/34630"}],"wp:featuredmedia":[{"embeddable":true,"href":"https:\/\/www.versiegelung24.com\/et\/wp-json\/wp\/v2\/media\/40877"}],"wp:attachment":[{"href":"https:\/\/www.versiegelung24.com\/et\/wp-json\/wp\/v2\/media?parent=41008"}],"wp:term":[{"taxonomy":"category","embeddable":true,"href":"https:\/\/www.versiegelung24.com\/et\/wp-json\/wp\/v2\/categories?post=41008"},{"taxonomy":"seiten_kategorie","embeddable":true,"href":"https:\/\/www.versiegelung24.com\/et\/wp-json\/wp\/v2\/seiten_kategorie?post=41008"}],"curies":[{"name":"wp","href":"https:\/\/api.w.org\/{rel}","templated":true}]}}