{"id":41046,"date":"2021-12-14T14:15:32","date_gmt":"2021-12-14T13:15:32","guid":{"rendered":"https:\/\/www.versiegelung24.com\/nouanded-versiegelung24-toodete-kohta\/tead-kuidas\/nutitelefon"},"modified":"2024-09-01T22:43:17","modified_gmt":"2024-09-01T20:43:17","slug":"nutiseadmete-vedel-klaasist-tihendamine","status":"publish","type":"page","link":"https:\/\/www.versiegelung24.com\/et\/nouanded-versiegelung24-toodete-kohta\/tead-kuidas\/nutitelefon\/","title":{"rendered":"Nutitelefonide ja tahvelarvutite vedel klaasimass &#8211; kaitseb ekraane ja pikendab nende kasutusiga"},"content":{"rendered":"\n<h1 class=\"wp-block-heading\" id=\"h-smartphone-flussigglas-versiegelung\">Nutitelefoni vedelklaasi tihend<\/h1>\n\n<p>T\u00e4nap\u00e4eval on peaaegu k\u00f5igil nutitelefonid. Kahjuks on need v\u00e4ikesed imemasinad v\u00e4ga \u00f5rnad. Igap\u00e4evasel kasutamisel ilmnevad kulumisj\u00e4ljed, nagu kriimud v\u00f5i s\u00f5rmej\u00e4ljed, mis j\u00e4\u00e4vad visalt ekraanile. J\u00e4rgmine video k\u00e4sitleb seda probleemi ja n\u00e4itab, kuidas saate neid kasutusm\u00e4rke v\u00e4ltida. <\/p>\n\n<figure class=\"wp-block-embed aligncenter is-type-video is-provider-youtube wp-block-embed-youtube wp-embed-aspect-16-9 wp-has-aspect-ratio\"><div class=\"wp-block-embed__wrapper\"> \n<div class=\"nv-iframe-embed\"><iframe title=\"901 LiquiGlas Mobile Phone Coating   Preparation + application process\" width=\"1200\" height=\"675\" src=\"https:\/\/www.youtube.com\/embed\/8JLSZ1KA-yU?feature=oembed\" frameborder=\"0\" allow=\"accelerometer; autoplay; clipboard-write; encrypted-media; gyroscope; picture-in-picture\" allowfullscreen><\/iframe><\/div>\n <\/div><\/figure>\n\n<br\/>\n<br\/>\n\n<div class=\"wp-block-columns is-layout-flex wp-container-core-columns-is-layout-9d6595d7 wp-block-columns-is-layout-flex\">\n<div class=\"wp-block-column is-layout-flow wp-block-column-is-layout-flow\" style=\"flex-basis:33.33%\">\n<h2 class=\"wp-block-heading\" id=\"h-anleitung-smartphone-display-einfach-versiegeln\">Juhised &#8211; Lihtsalt pitseerige nutitelefoni ekraan<\/h2>\n\n\n\n<ul class=\"wp-block-list\">\n<li>Kohe video alguses on n\u00e4ha, et k\u00f5ik <a href=\"https:\/\/www.versiegelung24.com\/et\/vedelklaasist-mobiiltelefoni-tihendusvedeliku-ekraani-kaitse.html\" target=\"_blank\" rel=\"noreferrer noopener\">mobiiltelefoni<\/a> pitseerimiseks vajalik on kokku pandud praktilisse komplekti. See sisaldab:<\/li>\n\n\n\n<li><strong>Kinnas<\/strong> s\u00f5rmej\u00e4lgede v\u00e4ltimiseks<\/li>\n\n\n\n<li><strong><a href=\"https:\/\/www.versiegelung24.com\/reinigung\/bioethanol\/\">Etanooliga immutatud<\/a> puhastuslapp<\/strong><\/li>\n\n\n\n<li><strong>Poleerimislapp<\/strong><\/li>\n\n\n\n<li>A <strong><a href=\"https:\/\/www.versiegelung24.com\/et\/mikrokiudlapp-10x10cm-professionaalsele-vedelklaasile.html\" target=\"_blank\" rel=\"noreferrer noopener\">vedel klaasriie<\/a><\/strong> tihendamiseks<\/li>\n<\/ul>\n\n\n\n<p><\/p>\n\n\n\n<p>Kasutamise ajal hoitakse nutitelefoni ainult k\u00e4est, millel kinnas asub, et v\u00e4ltida uusi s\u00f5rmej\u00e4lgi &#8211; need on paksemad kui vedel klaaskate ja hoiavad \u00e4ra \u00f5ige tihendamise.<\/p>\n<\/div>\n\n\n\n<div class=\"wp-block-column is-layout-flow wp-block-column-is-layout-flow\" style=\"flex-basis:66.66%\">\n<figure class=\"wp-block-image size-large\"><img fetchpriority=\"high\" decoding=\"async\" width=\"1300\" height=\"867\" src=\"https:\/\/www.versiegelung24.com\/wp-content\/uploads\/2021\/12\/smart_liq-1300x867.jpg\" alt=\"\" class=\"wp-image-40898\" srcset=\"https:\/\/www.versiegelung24.com\/wp-content\/uploads\/2021\/12\/smart_liq-1300x867.jpg 1300w, https:\/\/www.versiegelung24.com\/wp-content\/uploads\/2021\/12\/smart_liq-scaled-600x400.jpg 600w, https:\/\/www.versiegelung24.com\/wp-content\/uploads\/2021\/12\/smart_liq-300x200.jpg 300w, https:\/\/www.versiegelung24.com\/wp-content\/uploads\/2021\/12\/smart_liq-768x512.jpg 768w, https:\/\/www.versiegelung24.com\/wp-content\/uploads\/2021\/12\/smart_liq-1536x1024.jpg 1536w, https:\/\/www.versiegelung24.com\/wp-content\/uploads\/2021\/12\/smart_liq-2048x1366.jpg 2048w, https:\/\/www.versiegelung24.com\/wp-content\/uploads\/2021\/12\/smart_liq-930x620.jpg 930w\" sizes=\"(max-width: 1300px) 100vw, 1300px\" \/><\/figure>\n<\/div>\n<\/div>\n\n<p>P\u00e4rast eelpuhastust h\u00f5\u00f5rutakse ekraan kuivaks ja sel viisil eemaldatakse prindij\u00e4\u00e4gid ja rasvad. <strong>Siin tuleks kasutada ainult \u00fchte poolt mikrokiudlappist<\/strong> \u2013 <strong>teist poolt l\u00e4heb hiljem vaja<\/strong> hermeetiku poleerimiseks. J\u00e4rgmises etapis pakitakse vedelas klaasis immutatud lapp lahti ja \u2013 nagu eelpuhastuse puhul \u2013 h\u00f5\u00f5rutakse sellega kogu nutitelefon. Seda saab tihendada vedela klaasiga. Mobiiltelefonide tagak\u00fcljed on t\u00e4nap\u00e4eval sageli klaasist.<\/p>\n\n<p>V\u00e4hemalt p\u00e4rast Nutitelefoni pind on poleeritud 30 minutit &#8211; tihendus on tehtud. Videost n\u00e4ete n\u00f5uandeid, et kasulik on lasta vedelal klaasil \u00fcle\u00f6\u00f6 taheneda &#8211; j\u00e4rgige seda soovitust, sest mida vastupidavam on kaitsekiht p\u00e4rast seda. Kaitse s\u00e4ilitamiseks on soovitatav hermeetik korrap\u00e4raselt uuesti peale kanda.<\/p>\n\n","protected":false},"excerpt":{"rendered":"<p>Maksimaalne kaitse teie nutitelefonile t\u00e4nu uuenduslikule vedeliku klaasist tihendusele.<\/p>\n","protected":false},"author":932,"featured_media":41490,"parent":34630,"menu_order":0,"comment_status":"closed","ping_status":"closed","template":"","meta":{"_acf_changed":false,"neve_meta_sidebar":"full-width","neve_meta_container":"","neve_meta_enable_content_width":"on","neve_meta_content_width":100,"neve_meta_title_alignment":"","neve_meta_author_avatar":"","neve_post_elements_order":"","neve_meta_disable_header":"","neve_meta_disable_footer":"","neve_meta_disable_title":"","neve_meta_reading_time":"","footnotes":""},"categories":[3587,3493],"seiten_kategorie":[3842],"class_list":["post-41046","page","type-page","status-publish","has-post-thumbnail","hentry","category-elustiil","category-nouandeartikli-ajakiri"],"acf":[],"yoast_head":"<!-- This site is optimized with the Yoast SEO Premium plugin v22.8 (Yoast SEO v27.5) - https:\/\/yoast.com\/product\/yoast-seo-premium-wordpress\/ -->\n<title>Kaitske oma nutitelefoni ja tahvelarvutit vedela klaasimassiga!<\/title>\n<meta name=\"description\" content=\"Kaitske oma nutitelefoni ja tahvelarvutit meie hermeetikaga! Vedel klaasi tihendaja nutitelefoni ekraani optimaalseks kaitsmiseks!\" \/>\n<meta name=\"robots\" content=\"index, follow, max-snippet:-1, max-image-preview:large, max-video-preview:-1\" \/>\n<link rel=\"canonical\" href=\"https:\/\/www.versiegelung24.com\/et\/nouanded-versiegelung24-toodete-kohta\/tead-kuidas\/nutitelefon\/\" \/>\n<meta property=\"og:locale\" content=\"et_EE\" \/>\n<meta property=\"og:type\" content=\"article\" \/>\n<meta property=\"og:title\" content=\"Nutitelefonide ja tahvelarvutite vedel klaasimass - kaitseb ekraane ja pikendab nende kasutusiga\" \/>\n<meta property=\"og:description\" content=\"Kaitske oma nutitelefoni ja tahvelarvutit meie hermeetikaga! Vedel klaasi tihendaja nutitelefoni ekraani optimaalseks kaitsmiseks!\" \/>\n<meta property=\"og:url\" content=\"https:\/\/www.versiegelung24.com\/et\/nouanded-versiegelung24-toodete-kohta\/tead-kuidas\/nutitelefon\/\" \/>\n<meta property=\"og:site_name\" content=\"versiegelung24.com\" \/>\n<meta property=\"article:modified_time\" content=\"2024-09-01T20:43:17+00:00\" \/>\n<meta property=\"og:image\" content=\"https:\/\/www.versiegelung24.com\/wp-content\/uploads\/2021\/12\/smart_liq-1-scaled.jpg\" \/>\n\t<meta property=\"og:image:width\" content=\"2560\" \/>\n\t<meta property=\"og:image:height\" content=\"2560\" \/>\n\t<meta property=\"og:image:type\" content=\"image\/jpeg\" \/>\n<meta name=\"twitter:card\" content=\"summary_large_image\" \/>\n<meta name=\"twitter:label1\" content=\"Est. reading time\" \/>\n\t<meta name=\"twitter:data1\" content=\"1 minut\" \/>\n<script type=\"application\/ld+json\" class=\"yoast-schema-graph\">{\"@context\":\"https:\\\/\\\/schema.org\",\"@graph\":[{\"@type\":\"WebPage\",\"@id\":\"https:\\\/\\\/www.versiegelung24.com\\\/et\\\/nouanded-versiegelung24-toodete-kohta\\\/tead-kuidas\\\/nutitelefon\\\/\",\"url\":\"https:\\\/\\\/www.versiegelung24.com\\\/et\\\/nouanded-versiegelung24-toodete-kohta\\\/tead-kuidas\\\/nutitelefon\\\/\",\"name\":\"Kaitske oma nutitelefoni ja tahvelarvutit vedela klaasimassiga!\",\"isPartOf\":{\"@id\":\"https:\\\/\\\/www.versiegelung24.com\\\/et\\\/#website\"},\"primaryImageOfPage\":{\"@id\":\"https:\\\/\\\/www.versiegelung24.com\\\/et\\\/nouanded-versiegelung24-toodete-kohta\\\/tead-kuidas\\\/nutitelefon\\\/#primaryimage\"},\"image\":{\"@id\":\"https:\\\/\\\/www.versiegelung24.com\\\/et\\\/nouanded-versiegelung24-toodete-kohta\\\/tead-kuidas\\\/nutitelefon\\\/#primaryimage\"},\"thumbnailUrl\":\"https:\\\/\\\/www.versiegelung24.com\\\/wp-content\\\/uploads\\\/2021\\\/12\\\/smart_liq-1-scaled.jpg\",\"datePublished\":\"2021-12-14T13:15:32+00:00\",\"dateModified\":\"2024-09-01T20:43:17+00:00\",\"description\":\"Kaitske oma nutitelefoni ja tahvelarvutit meie hermeetikaga! Vedel klaasi tihendaja nutitelefoni ekraani optimaalseks kaitsmiseks!\",\"breadcrumb\":{\"@id\":\"https:\\\/\\\/www.versiegelung24.com\\\/et\\\/nouanded-versiegelung24-toodete-kohta\\\/tead-kuidas\\\/nutitelefon\\\/#breadcrumb\"},\"inLanguage\":\"et\",\"potentialAction\":[{\"@type\":\"ReadAction\",\"target\":[\"https:\\\/\\\/www.versiegelung24.com\\\/et\\\/nouanded-versiegelung24-toodete-kohta\\\/tead-kuidas\\\/nutitelefon\\\/\"]}]},{\"@type\":\"ImageObject\",\"inLanguage\":\"et\",\"@id\":\"https:\\\/\\\/www.versiegelung24.com\\\/et\\\/nouanded-versiegelung24-toodete-kohta\\\/tead-kuidas\\\/nutitelefon\\\/#primaryimage\",\"url\":\"https:\\\/\\\/www.versiegelung24.com\\\/wp-content\\\/uploads\\\/2021\\\/12\\\/smart_liq-1-scaled.jpg\",\"contentUrl\":\"https:\\\/\\\/www.versiegelung24.com\\\/wp-content\\\/uploads\\\/2021\\\/12\\\/smart_liq-1-scaled.jpg\",\"width\":2560,\"height\":2560},{\"@type\":\"BreadcrumbList\",\"@id\":\"https:\\\/\\\/www.versiegelung24.com\\\/et\\\/nouanded-versiegelung24-toodete-kohta\\\/tead-kuidas\\\/nutitelefon\\\/#breadcrumb\",\"itemListElement\":[{\"@type\":\"ListItem\",\"position\":1,\"name\":\"Koduleht\",\"item\":\"https:\\\/\\\/www.versiegelung24.com\\\/et\\\/ees\\\/\"},{\"@type\":\"ListItem\",\"position\":2,\"name\":\"N\u00f5ustaja\",\"item\":\"https:\\\/\\\/www.versiegelung24.com\\\/et\\\/ratgeber\\\/\"},{\"@type\":\"ListItem\",\"position\":3,\"name\":\"ajakiri\",\"item\":\"https:\\\/\\\/www.versiegelung24.com\\\/et\\\/ratgeber\\\/magazin\\\/\"},{\"@type\":\"ListItem\",\"position\":4,\"name\":\"Nutitelefonide ja tahvelarvutite vedel klaasimass &#8211; kaitseb ekraane ja pikendab nende kasutusiga\"}]},{\"@type\":\"WebSite\",\"@id\":\"https:\\\/\\\/www.versiegelung24.com\\\/et\\\/#website\",\"url\":\"https:\\\/\\\/www.versiegelung24.com\\\/et\\\/\",\"name\":\"versiegelung24.com\",\"description\":\"Fl\u00fcssigglas-Versiegelung - Made in Germany\",\"publisher\":{\"@id\":\"https:\\\/\\\/www.versiegelung24.com\\\/et\\\/#organization\"},\"potentialAction\":[{\"@type\":\"SearchAction\",\"target\":{\"@type\":\"EntryPoint\",\"urlTemplate\":\"https:\\\/\\\/www.versiegelung24.com\\\/et\\\/?s={search_term_string}\"},\"query-input\":{\"@type\":\"PropertyValueSpecification\",\"valueRequired\":true,\"valueName\":\"search_term_string\"}}],\"inLanguage\":\"et\"},{\"@type\":\"Organization\",\"@id\":\"https:\\\/\\\/www.versiegelung24.com\\\/et\\\/#organization\",\"name\":\"versiegelung24\",\"url\":\"https:\\\/\\\/www.versiegelung24.com\\\/et\\\/\",\"logo\":{\"@type\":\"ImageObject\",\"inLanguage\":\"et\",\"@id\":\"https:\\\/\\\/www.versiegelung24.com\\\/et\\\/#\\\/schema\\\/logo\\\/image\\\/\",\"url\":\"https:\\\/\\\/www.versiegelung24.com\\\/wp-content\\\/uploads\\\/2020\\\/04\\\/versiegelung24.png\",\"contentUrl\":\"https:\\\/\\\/www.versiegelung24.com\\\/wp-content\\\/uploads\\\/2020\\\/04\\\/versiegelung24.png\",\"width\":470,\"height\":102,\"caption\":\"versiegelung24\"},\"image\":{\"@id\":\"https:\\\/\\\/www.versiegelung24.com\\\/et\\\/#\\\/schema\\\/logo\\\/image\\\/\"}}]}<\/script>\n<!-- \/ Yoast SEO Premium plugin. -->","yoast_head_json":{"title":"Kaitske oma nutitelefoni ja tahvelarvutit vedela klaasimassiga!","description":"Kaitske oma nutitelefoni ja tahvelarvutit meie hermeetikaga! Vedel klaasi tihendaja nutitelefoni ekraani optimaalseks kaitsmiseks!","robots":{"index":"index","follow":"follow","max-snippet":"max-snippet:-1","max-image-preview":"max-image-preview:large","max-video-preview":"max-video-preview:-1"},"canonical":"https:\/\/www.versiegelung24.com\/et\/nouanded-versiegelung24-toodete-kohta\/tead-kuidas\/nutitelefon\/","og_locale":"et_EE","og_type":"article","og_title":"Nutitelefonide ja tahvelarvutite vedel klaasimass - kaitseb ekraane ja pikendab nende kasutusiga","og_description":"Kaitske oma nutitelefoni ja tahvelarvutit meie hermeetikaga! Vedel klaasi tihendaja nutitelefoni ekraani optimaalseks kaitsmiseks!","og_url":"https:\/\/www.versiegelung24.com\/et\/nouanded-versiegelung24-toodete-kohta\/tead-kuidas\/nutitelefon\/","og_site_name":"versiegelung24.com","article_modified_time":"2024-09-01T20:43:17+00:00","og_image":[{"width":2560,"height":2560,"url":"https:\/\/www.versiegelung24.com\/wp-content\/uploads\/2021\/12\/smart_liq-1-scaled.jpg","type":"image\/jpeg"}],"twitter_card":"summary_large_image","twitter_misc":{"Est. reading time":"1 minut"},"schema":{"@context":"https:\/\/schema.org","@graph":[{"@type":"WebPage","@id":"https:\/\/www.versiegelung24.com\/et\/nouanded-versiegelung24-toodete-kohta\/tead-kuidas\/nutitelefon\/","url":"https:\/\/www.versiegelung24.com\/et\/nouanded-versiegelung24-toodete-kohta\/tead-kuidas\/nutitelefon\/","name":"Kaitske oma nutitelefoni ja tahvelarvutit vedela klaasimassiga!","isPartOf":{"@id":"https:\/\/www.versiegelung24.com\/et\/#website"},"primaryImageOfPage":{"@id":"https:\/\/www.versiegelung24.com\/et\/nouanded-versiegelung24-toodete-kohta\/tead-kuidas\/nutitelefon\/#primaryimage"},"image":{"@id":"https:\/\/www.versiegelung24.com\/et\/nouanded-versiegelung24-toodete-kohta\/tead-kuidas\/nutitelefon\/#primaryimage"},"thumbnailUrl":"https:\/\/www.versiegelung24.com\/wp-content\/uploads\/2021\/12\/smart_liq-1-scaled.jpg","datePublished":"2021-12-14T13:15:32+00:00","dateModified":"2024-09-01T20:43:17+00:00","description":"Kaitske oma nutitelefoni ja tahvelarvutit meie hermeetikaga! Vedel klaasi tihendaja nutitelefoni ekraani optimaalseks kaitsmiseks!","breadcrumb":{"@id":"https:\/\/www.versiegelung24.com\/et\/nouanded-versiegelung24-toodete-kohta\/tead-kuidas\/nutitelefon\/#breadcrumb"},"inLanguage":"et","potentialAction":[{"@type":"ReadAction","target":["https:\/\/www.versiegelung24.com\/et\/nouanded-versiegelung24-toodete-kohta\/tead-kuidas\/nutitelefon\/"]}]},{"@type":"ImageObject","inLanguage":"et","@id":"https:\/\/www.versiegelung24.com\/et\/nouanded-versiegelung24-toodete-kohta\/tead-kuidas\/nutitelefon\/#primaryimage","url":"https:\/\/www.versiegelung24.com\/wp-content\/uploads\/2021\/12\/smart_liq-1-scaled.jpg","contentUrl":"https:\/\/www.versiegelung24.com\/wp-content\/uploads\/2021\/12\/smart_liq-1-scaled.jpg","width":2560,"height":2560},{"@type":"BreadcrumbList","@id":"https:\/\/www.versiegelung24.com\/et\/nouanded-versiegelung24-toodete-kohta\/tead-kuidas\/nutitelefon\/#breadcrumb","itemListElement":[{"@type":"ListItem","position":1,"name":"Koduleht","item":"https:\/\/www.versiegelung24.com\/et\/ees\/"},{"@type":"ListItem","position":2,"name":"N\u00f5ustaja","item":"https:\/\/www.versiegelung24.com\/et\/ratgeber\/"},{"@type":"ListItem","position":3,"name":"ajakiri","item":"https:\/\/www.versiegelung24.com\/et\/ratgeber\/magazin\/"},{"@type":"ListItem","position":4,"name":"Nutitelefonide ja tahvelarvutite vedel klaasimass &#8211; kaitseb ekraane ja pikendab nende kasutusiga"}]},{"@type":"WebSite","@id":"https:\/\/www.versiegelung24.com\/et\/#website","url":"https:\/\/www.versiegelung24.com\/et\/","name":"versiegelung24.com","description":"Fl\u00fcssigglas-Versiegelung - Made in Germany","publisher":{"@id":"https:\/\/www.versiegelung24.com\/et\/#organization"},"potentialAction":[{"@type":"SearchAction","target":{"@type":"EntryPoint","urlTemplate":"https:\/\/www.versiegelung24.com\/et\/?s={search_term_string}"},"query-input":{"@type":"PropertyValueSpecification","valueRequired":true,"valueName":"search_term_string"}}],"inLanguage":"et"},{"@type":"Organization","@id":"https:\/\/www.versiegelung24.com\/et\/#organization","name":"versiegelung24","url":"https:\/\/www.versiegelung24.com\/et\/","logo":{"@type":"ImageObject","inLanguage":"et","@id":"https:\/\/www.versiegelung24.com\/et\/#\/schema\/logo\/image\/","url":"https:\/\/www.versiegelung24.com\/wp-content\/uploads\/2020\/04\/versiegelung24.png","contentUrl":"https:\/\/www.versiegelung24.com\/wp-content\/uploads\/2020\/04\/versiegelung24.png","width":470,"height":102,"caption":"versiegelung24"},"image":{"@id":"https:\/\/www.versiegelung24.com\/et\/#\/schema\/logo\/image\/"}}]}},"_links":{"self":[{"href":"https:\/\/www.versiegelung24.com\/et\/wp-json\/wp\/v2\/pages\/41046","targetHints":{"allow":["GET"]}}],"collection":[{"href":"https:\/\/www.versiegelung24.com\/et\/wp-json\/wp\/v2\/pages"}],"about":[{"href":"https:\/\/www.versiegelung24.com\/et\/wp-json\/wp\/v2\/types\/page"}],"author":[{"embeddable":true,"href":"https:\/\/www.versiegelung24.com\/et\/wp-json\/wp\/v2\/users\/932"}],"replies":[{"embeddable":true,"href":"https:\/\/www.versiegelung24.com\/et\/wp-json\/wp\/v2\/comments?post=41046"}],"version-history":[{"count":15,"href":"https:\/\/www.versiegelung24.com\/et\/wp-json\/wp\/v2\/pages\/41046\/revisions"}],"predecessor-version":[{"id":173422,"href":"https:\/\/www.versiegelung24.com\/et\/wp-json\/wp\/v2\/pages\/41046\/revisions\/173422"}],"up":[{"embeddable":true,"href":"https:\/\/www.versiegelung24.com\/et\/wp-json\/wp\/v2\/pages\/34630"}],"wp:featuredmedia":[{"embeddable":true,"href":"https:\/\/www.versiegelung24.com\/et\/wp-json\/wp\/v2\/media\/41490"}],"wp:attachment":[{"href":"https:\/\/www.versiegelung24.com\/et\/wp-json\/wp\/v2\/media?parent=41046"}],"wp:term":[{"taxonomy":"category","embeddable":true,"href":"https:\/\/www.versiegelung24.com\/et\/wp-json\/wp\/v2\/categories?post=41046"},{"taxonomy":"seiten_kategorie","embeddable":true,"href":"https:\/\/www.versiegelung24.com\/et\/wp-json\/wp\/v2\/seiten_kategorie?post=41046"}],"curies":[{"name":"wp","href":"https:\/\/api.w.org\/{rel}","templated":true}]}}