{"id":126075,"date":"2023-09-01T15:04:03","date_gmt":"2023-09-01T13:04:39","guid":{"rendered":"https:\/\/www.versiegelung24.com\/product\/tuuleklaasi-tihendaja-406\/"},"modified":"2025-01-05T17:37:15","modified_gmt":"2025-01-05T16:37:15","slug":"tuuleklaasi-tihendaja-406","status":"publish","type":"product","link":"https:\/\/www.versiegelung24.com\/et\/tuuleklaasi-tihendaja-406.html","title":{"rendered":"Tuuleklaasi tihendamine"},"content":{"rendered":"\n<p><strong>Astuge meie T\u00dcV-hinnatud tuuleklaasi tihendajaga uude ajastusse, mis tagab s\u00f5iduohutuse ja -mugavuse<\/strong>. Meie t\u00e4iustatud valem ei ole mitte ainult uskumatult vastupidav, vaid ka mitmek\u00fclgne &#8211; alates autodest kuni veoautode, paatide ja haagissuvilateni. Kogege erinevust kuni 20 000 km muretut s\u00f5itu vaid \u00fche kasutuskorraga. Lihtsalt kasutage seda iga kuue kuu tagant uuesti ja te saate terve aasta nautida \u00fcletamatut n\u00e4gemist.<\/p>\n\n<p>Kuid see pole veel k\u00f5ik. Meie hermeetik tagab, et vesi lihtsalt valgub maha kiirusel \u00fcle 60 km\/h, nii et teie klaasipuhastid j\u00e4\u00e4vad s\u00e4\u00e4stma ja te s\u00e4ilitate selge vaate ka halva ilma korral. Kas te s\u00f5idate sageli \u00f6\u00f6sel? Meie hermeetik v\u00e4hendab pimestamist ja valguse moonutamist, et te oleksite teel turvaline ja kindel.<\/p>\n\n<h2 class=\"wp-block-heading\" id=\"video\">Video<\/h2>\n\n<figure class=\"wp-block-embed is-type-video is-provider-youtube wp-block-embed-youtube wp-embed-aspect-16-9 wp-has-aspect-ratio\"><div class=\"wp-block-embed__wrapper\">\n<div class=\"nv-iframe-embed\"><iframe title=\"Windschutzscheiben Versiegelung - Versiegelung24.com\" width=\"1200\" height=\"675\" src=\"https:\/\/www.youtube.com\/embed\/5cu8smLIMD0?feature=oembed\" frameborder=\"0\" allow=\"accelerometer; autoplay; clipboard-write; encrypted-media; gyroscope; picture-in-picture; web-share\" allowfullscreen><\/iframe><\/div>\n<\/div><\/figure>\n\n<hr class=\"wp-block-separator has-alpha-channel-opacity\"\/>\n\n<h2 class=\"wp-block-heading\" id=\"properties\">omadused<\/h2>\n\n<p><\/p>\n\n<p>Sisu: 2 eelpuhastuslappi, 2 tihenduslappi (kumbki 2m\u00b2), 1 mikrokiudlapp, 2 \u00fchekordset kinda.<\/p>\n\n<ul class=\"wp-block-list\">\n<li>Pikk vastupidavus &#8211; kuni 20 000 km<\/li>\n\n\n\n<li>V\u00e4hendab pimestust ja valguse moonutamist \u00f6\u00f6sel<\/li>\n\n\n\n<li>Vesi helmed maha (60+ km\/h), st selge n\u00e4htavus ka ilma klaasipuhastiteta<\/li>\n\n\n\n<li>Kaitseb klaasipuhastit<\/li>\n\n\n\n<li>Lihtne rakendus<\/li>\n\n\n\n<li>Tugevad antiadhesiivsed omadused ja v\u00e4hem putukate kleepumist<\/li>\n\n\n\n<li>V\u00e4hendab mikrokriimustusi<\/li>\n\n\n\n<li>Aken kergemini puhastatav ja j\u00e4\u00e4 kergemini eemaldatav<\/li>\n\n\n\n<li>N\u00e4htamatu kaitsekiht &#8211; 500 korda \u00f5hem kui inimkarvad.<\/li>\n\n\n\n<li>UV-stabiilne ja k\u00f5rge kulumiskindlusega<\/li>\n\n\n\n<li>Vastupidav temperatuurik\u00f5ikumistele<\/li>\n\n\n\n<li>Keemiliselt vastupidav (ph 2 kuni 13)<\/li>\n\n\n\n<li>Pesumasina ja k\u00f5rgsurvepuhastusvahendi vastupidavus<\/li>\n\n\n\n<li>S\u00f5iduautode, kaubikute, veoautode, paatide ja haagissuvilate esi- ja k\u00fclgakende jaoks.<\/li>\n\n\n\n<li>Kanda tuuleklaasile ja korrata 6 kuu p\u00e4rast = kestab kuni 1 aasta.<\/li>\n\n\n\n<li>T\u00dcV-kontrollitud<\/li>\n<\/ul>\n","protected":false},"excerpt":{"rendered":"<p>\u2713 Pikk vastupidavus &#8211; kuni 20 000 km<\/p>\n<p>\u2713 Vesi helmed maha (60+ km\/h), st selge vaade ka ilma klaasipuhastiteta<\/p>\n<p>\u2713 Tugevad antiadhesiivsed omadused ja v\u00e4hem putukate kleepumist<\/p>\n","protected":false},"featured_media":132064,"template":"","meta":{"_acf_changed":false,"neve_meta_sidebar":"","neve_meta_container":"","neve_meta_enable_content_width":"","neve_meta_content_width":0,"neve_meta_title_alignment":"","neve_meta_author_avatar":"","neve_post_elements_order":"","neve_meta_disable_header":"","neve_meta_disable_footer":"","neve_meta_disable_title":"","neve_meta_reading_time":"","_surfaces":[],"_ver_product_tabs":[],"footnotes":""},"product_brand":[],"product_cat":[2168,2200,2984],"product_tag":[],"class_list":{"0":"post-126075","1":"product","2":"type-product","3":"status-publish","4":"has-post-thumbnail","6":"product_cat-auto-tihendamine","7":"product_cat-tihend-klaasi-ja-keraamika-jaoks","8":"product_cat-vedelklaasi-tihendus","10":"first","11":"instock","12":"taxable","13":"shipping-taxable","14":"purchasable","15":"product-type-simple"},"acf":[],"yoast_head":"<!-- This site is optimized with the Yoast SEO Premium plugin v22.8 (Yoast SEO v27.5) - https:\/\/yoast.com\/product\/yoast-seo-premium-wordpress\/ -->\n<title>Tuuleklaasi tihendamine - versiegelung24.com<\/title>\n<meta name=\"robots\" content=\"index, follow, max-snippet:-1, max-image-preview:large, max-video-preview:-1\" \/>\n<link rel=\"canonical\" href=\"https:\/\/www.versiegelung24.com\/et\/tuuleklaasi-tihendaja-406.html\" \/>\n<meta property=\"og:locale\" content=\"et_EE\" \/>\n<meta property=\"og:type\" content=\"article\" \/>\n<meta property=\"og:title\" content=\"Tuuleklaasi tihendamine\" \/>\n<meta property=\"og:description\" content=\"\u2713 Pikk vastupidavus - kuni 20 000 km \u2713 Vesi helmed maha (60+ km\/h), st selge vaade ka ilma klaasipuhastiteta \u2713 Tugevad antiadhesiivsed omadused ja v\u00e4hem putukate kleepumist\" \/>\n<meta property=\"og:url\" content=\"https:\/\/www.versiegelung24.com\/et\/tuuleklaasi-tihendaja-406.html\" \/>\n<meta property=\"og:site_name\" content=\"versiegelung24.com\" \/>\n<meta property=\"article:modified_time\" content=\"2025-01-05T16:37:15+00:00\" \/>\n<meta property=\"og:image\" content=\"https:\/\/www.versiegelung24.com\/wp-content\/uploads\/2023\/09\/windschutz-1-1.webp\" \/>\n\t<meta property=\"og:image:width\" content=\"2560\" \/>\n\t<meta property=\"og:image:height\" content=\"2560\" \/>\n\t<meta property=\"og:image:type\" content=\"image\/webp\" \/>\n<meta name=\"twitter:card\" content=\"summary_large_image\" \/>\n<meta name=\"twitter:label1\" content=\"Price\" \/>\n\t<meta name=\"twitter:data1\" content=\"17,99&euro;\" \/>\n\t<meta name=\"twitter:label2\" content=\"Availability\" \/>\n\t<meta name=\"twitter:data2\" content=\"In stock\" \/>\n<script type=\"application\/ld+json\" class=\"yoast-schema-graph\">{\"@context\":\"https:\\\/\\\/schema.org\",\"@graph\":[{\"@type\":\"WebPage\",\"@id\":\"https:\\\/\\\/www.versiegelung24.com\\\/et\\\/tuuleklaasi-tihendaja-406.html\",\"url\":\"https:\\\/\\\/www.versiegelung24.com\\\/et\\\/tuuleklaasi-tihendaja-406.html\",\"name\":\"Tuuleklaasi tihendamine - versiegelung24.com\",\"isPartOf\":{\"@id\":\"https:\\\/\\\/www.versiegelung24.com\\\/et\\\/#website\"},\"primaryImageOfPage\":{\"@id\":\"https:\\\/\\\/www.versiegelung24.com\\\/et\\\/tuuleklaasi-tihendaja-406.html#primaryimage\"},\"image\":{\"@id\":\"https:\\\/\\\/www.versiegelung24.com\\\/et\\\/tuuleklaasi-tihendaja-406.html#primaryimage\"},\"thumbnailUrl\":\"https:\\\/\\\/www.versiegelung24.com\\\/wp-content\\\/uploads\\\/2023\\\/09\\\/windschutz-1-1.webp\",\"datePublished\":\"2023-09-01T13:04:39+00:00\",\"dateModified\":\"2025-01-05T16:37:15+00:00\",\"breadcrumb\":{\"@id\":\"https:\\\/\\\/www.versiegelung24.com\\\/et\\\/tuuleklaasi-tihendaja-406.html#breadcrumb\"},\"inLanguage\":\"et\",\"potentialAction\":[{\"@type\":\"ReadAction\",\"target\":[\"https:\\\/\\\/www.versiegelung24.com\\\/et\\\/tuuleklaasi-tihendaja-406.html\"]}]},{\"@type\":\"ImageObject\",\"inLanguage\":\"et\",\"@id\":\"https:\\\/\\\/www.versiegelung24.com\\\/et\\\/tuuleklaasi-tihendaja-406.html#primaryimage\",\"url\":\"https:\\\/\\\/www.versiegelung24.com\\\/wp-content\\\/uploads\\\/2023\\\/09\\\/windschutz-1-1.webp\",\"contentUrl\":\"https:\\\/\\\/www.versiegelung24.com\\\/wp-content\\\/uploads\\\/2023\\\/09\\\/windschutz-1-1.webp\",\"width\":2560,\"height\":2560},{\"@type\":\"BreadcrumbList\",\"@id\":\"https:\\\/\\\/www.versiegelung24.com\\\/et\\\/tuuleklaasi-tihendaja-406.html#breadcrumb\",\"itemListElement\":[{\"@type\":\"ListItem\",\"position\":1,\"name\":\"Koduleht\",\"item\":\"https:\\\/\\\/www.versiegelung24.com\\\/et\\\/ees\\\/\"},{\"@type\":\"ListItem\",\"position\":2,\"name\":\"Pood\",\"item\":\"https:\\\/\\\/www.versiegelung24.com\\\/et\\\/pood\\\/\"},{\"@type\":\"ListItem\",\"position\":3,\"name\":\"Tuuleklaasi tihendamine\"}]},{\"@type\":\"WebSite\",\"@id\":\"https:\\\/\\\/www.versiegelung24.com\\\/et\\\/#website\",\"url\":\"https:\\\/\\\/www.versiegelung24.com\\\/et\\\/\",\"name\":\"versiegelung24.com\",\"description\":\"Fl\u00fcssigglas-Versiegelung - Made in Germany\",\"publisher\":{\"@id\":\"https:\\\/\\\/www.versiegelung24.com\\\/et\\\/#organization\"},\"potentialAction\":[{\"@type\":\"SearchAction\",\"target\":{\"@type\":\"EntryPoint\",\"urlTemplate\":\"https:\\\/\\\/www.versiegelung24.com\\\/et\\\/?s={search_term_string}\"},\"query-input\":{\"@type\":\"PropertyValueSpecification\",\"valueRequired\":true,\"valueName\":\"search_term_string\"}}],\"inLanguage\":\"et\"},{\"@type\":\"Organization\",\"@id\":\"https:\\\/\\\/www.versiegelung24.com\\\/et\\\/#organization\",\"name\":\"versiegelung24\",\"url\":\"https:\\\/\\\/www.versiegelung24.com\\\/et\\\/\",\"logo\":{\"@type\":\"ImageObject\",\"inLanguage\":\"et\",\"@id\":\"https:\\\/\\\/www.versiegelung24.com\\\/et\\\/#\\\/schema\\\/logo\\\/image\\\/\",\"url\":\"https:\\\/\\\/www.versiegelung24.com\\\/wp-content\\\/uploads\\\/2020\\\/04\\\/versiegelung24.png\",\"contentUrl\":\"https:\\\/\\\/www.versiegelung24.com\\\/wp-content\\\/uploads\\\/2020\\\/04\\\/versiegelung24.png\",\"width\":470,\"height\":102,\"caption\":\"versiegelung24\"},\"image\":{\"@id\":\"https:\\\/\\\/www.versiegelung24.com\\\/et\\\/#\\\/schema\\\/logo\\\/image\\\/\"}}]}<\/script>\n<meta property=\"product:price:amount\" content=\"17.99\" \/>\n<meta property=\"product:price:currency\" content=\"EUR\" \/>\n<meta property=\"og:availability\" content=\"instock\" \/>\n<meta property=\"product:availability\" content=\"instock\" \/>\n<meta property=\"product:retailer_item_id\" content=\"4040-406\" \/>\n<meta property=\"product:condition\" content=\"new\" \/>\n<!-- \/ Yoast SEO Premium plugin. -->","yoast_head_json":{"title":"Tuuleklaasi tihendamine - versiegelung24.com","robots":{"index":"index","follow":"follow","max-snippet":"max-snippet:-1","max-image-preview":"max-image-preview:large","max-video-preview":"max-video-preview:-1"},"canonical":"https:\/\/www.versiegelung24.com\/et\/tuuleklaasi-tihendaja-406.html","og_locale":"et_EE","og_type":"article","og_title":"Tuuleklaasi tihendamine","og_description":"\u2713 Pikk vastupidavus - kuni 20 000 km \u2713 Vesi helmed maha (60+ km\/h), st selge vaade ka ilma klaasipuhastiteta \u2713 Tugevad antiadhesiivsed omadused ja v\u00e4hem putukate kleepumist","og_url":"https:\/\/www.versiegelung24.com\/et\/tuuleklaasi-tihendaja-406.html","og_site_name":"versiegelung24.com","article_modified_time":"2025-01-05T16:37:15+00:00","og_image":[{"width":2560,"height":2560,"url":"https:\/\/www.versiegelung24.com\/wp-content\/uploads\/2023\/09\/windschutz-1-1.webp","type":"image\/webp"}],"twitter_card":"summary_large_image","twitter_misc":{"Price":"17,99&euro;","Availability":"In stock"},"schema":{"@context":"https:\/\/schema.org","@graph":[{"@type":"WebPage","@id":"https:\/\/www.versiegelung24.com\/et\/tuuleklaasi-tihendaja-406.html","url":"https:\/\/www.versiegelung24.com\/et\/tuuleklaasi-tihendaja-406.html","name":"Tuuleklaasi tihendamine - versiegelung24.com","isPartOf":{"@id":"https:\/\/www.versiegelung24.com\/et\/#website"},"primaryImageOfPage":{"@id":"https:\/\/www.versiegelung24.com\/et\/tuuleklaasi-tihendaja-406.html#primaryimage"},"image":{"@id":"https:\/\/www.versiegelung24.com\/et\/tuuleklaasi-tihendaja-406.html#primaryimage"},"thumbnailUrl":"https:\/\/www.versiegelung24.com\/wp-content\/uploads\/2023\/09\/windschutz-1-1.webp","datePublished":"2023-09-01T13:04:39+00:00","dateModified":"2025-01-05T16:37:15+00:00","breadcrumb":{"@id":"https:\/\/www.versiegelung24.com\/et\/tuuleklaasi-tihendaja-406.html#breadcrumb"},"inLanguage":"et","potentialAction":[{"@type":"ReadAction","target":["https:\/\/www.versiegelung24.com\/et\/tuuleklaasi-tihendaja-406.html"]}]},{"@type":"ImageObject","inLanguage":"et","@id":"https:\/\/www.versiegelung24.com\/et\/tuuleklaasi-tihendaja-406.html#primaryimage","url":"https:\/\/www.versiegelung24.com\/wp-content\/uploads\/2023\/09\/windschutz-1-1.webp","contentUrl":"https:\/\/www.versiegelung24.com\/wp-content\/uploads\/2023\/09\/windschutz-1-1.webp","width":2560,"height":2560},{"@type":"BreadcrumbList","@id":"https:\/\/www.versiegelung24.com\/et\/tuuleklaasi-tihendaja-406.html#breadcrumb","itemListElement":[{"@type":"ListItem","position":1,"name":"Koduleht","item":"https:\/\/www.versiegelung24.com\/et\/ees\/"},{"@type":"ListItem","position":2,"name":"Pood","item":"https:\/\/www.versiegelung24.com\/et\/pood\/"},{"@type":"ListItem","position":3,"name":"Tuuleklaasi tihendamine"}]},{"@type":"WebSite","@id":"https:\/\/www.versiegelung24.com\/et\/#website","url":"https:\/\/www.versiegelung24.com\/et\/","name":"versiegelung24.com","description":"Fl\u00fcssigglas-Versiegelung - Made in Germany","publisher":{"@id":"https:\/\/www.versiegelung24.com\/et\/#organization"},"potentialAction":[{"@type":"SearchAction","target":{"@type":"EntryPoint","urlTemplate":"https:\/\/www.versiegelung24.com\/et\/?s={search_term_string}"},"query-input":{"@type":"PropertyValueSpecification","valueRequired":true,"valueName":"search_term_string"}}],"inLanguage":"et"},{"@type":"Organization","@id":"https:\/\/www.versiegelung24.com\/et\/#organization","name":"versiegelung24","url":"https:\/\/www.versiegelung24.com\/et\/","logo":{"@type":"ImageObject","inLanguage":"et","@id":"https:\/\/www.versiegelung24.com\/et\/#\/schema\/logo\/image\/","url":"https:\/\/www.versiegelung24.com\/wp-content\/uploads\/2020\/04\/versiegelung24.png","contentUrl":"https:\/\/www.versiegelung24.com\/wp-content\/uploads\/2020\/04\/versiegelung24.png","width":470,"height":102,"caption":"versiegelung24"},"image":{"@id":"https:\/\/www.versiegelung24.com\/et\/#\/schema\/logo\/image\/"}}]},"product_price_amount":"17.99","product_price_currency":"EUR","og_availability":"instock","product_availability":"instock","product_retailer_item_id":"4040-406","product_condition":"new"},"_links":{"self":[{"href":"https:\/\/www.versiegelung24.com\/et\/wp-json\/wp\/v2\/product\/126075","targetHints":{"allow":["GET"]}}],"collection":[{"href":"https:\/\/www.versiegelung24.com\/et\/wp-json\/wp\/v2\/product"}],"about":[{"href":"https:\/\/www.versiegelung24.com\/et\/wp-json\/wp\/v2\/types\/product"}],"version-history":[{"count":8,"href":"https:\/\/www.versiegelung24.com\/et\/wp-json\/wp\/v2\/product\/126075\/revisions"}],"predecessor-version":[{"id":178343,"href":"https:\/\/www.versiegelung24.com\/et\/wp-json\/wp\/v2\/product\/126075\/revisions\/178343"}],"wp:featuredmedia":[{"embeddable":true,"href":"https:\/\/www.versiegelung24.com\/et\/wp-json\/wp\/v2\/media\/132064"}],"wp:attachment":[{"href":"https:\/\/www.versiegelung24.com\/et\/wp-json\/wp\/v2\/media?parent=126075"}],"wp:term":[{"taxonomy":"product_brand","embeddable":true,"href":"https:\/\/www.versiegelung24.com\/et\/wp-json\/wp\/v2\/product_brand?post=126075"},{"taxonomy":"product_cat","embeddable":true,"href":"https:\/\/www.versiegelung24.com\/et\/wp-json\/wp\/v2\/product_cat?post=126075"},{"taxonomy":"product_tag","embeddable":true,"href":"https:\/\/www.versiegelung24.com\/et\/wp-json\/wp\/v2\/product_tag?post=126075"}],"curies":[{"name":"wp","href":"https:\/\/api.w.org\/{rel}","templated":true}]}}