{"id":149460,"date":"2022-02-11T08:49:15","date_gmt":"2024-01-29T19:42:09","guid":{"rendered":"https:\/\/www.versiegelung24.com\/product\/mikrokiudlapp-40x40cm-eelpuhastamiseks-voi-poleerimiseks-kollane\/"},"modified":"2025-01-05T15:33:56","modified_gmt":"2025-01-05T14:33:56","slug":"mikrokiudlapp-40x40cm-eelpuhastuseks-voi-poleerimiseks-kollane","status":"publish","type":"product","link":"https:\/\/www.versiegelung24.com\/et\/mikrokiudlapp-40x40cm-eelpuhastuseks-voi-poleerimiseks-kollane.html","title":{"rendered":"Mikrokiudlapp 40x40cm eelpuhastamiseks v\u00f5i poleerimiseks kollane"},"content":{"rendered":"\n<p>Mikrokiudlapp eelpuhastuseks v\u00f5i l\u00f5plikuks poleerimiseks.<\/p>\n\n<p>T\u00e4nu suurele imavusele soovitame <a href=\"https:\/\/www.versiegelung24.com\/applikationstuch-20x20cm.html\">mikrokiudlappi ka meie vedelate klaasihermeetikute pealekandmiseks<\/a><\/p>\n\n<p>Soovitame kasutada eraldi mikrokiudlappi meie pinnatihendite ja impregneeringute pealekandmise igaks etapiks.<\/p>\n\n<p>Kui p\u00e4rast puhastamist j\u00e4\u00e4b lapile mustus, ei ole pind veel t\u00e4ielikult ja optimaalselt puhastatud. Hea hermeetiline efekt saavutatakse ainult siis, kui pinnal ei ole enam mustust.<\/p>\n\n<hr\/>\n\n<h4 class=\"wp-block-heading\" id=\"properties\">Toote omadused<\/h4>\n\n<div class=\"wp-block-columns is-layout-flex wp-container-core-columns-is-layout-9d6595d7 wp-block-columns-is-layout-flex\">\n<div class=\"wp-block-column is-layout-flow wp-block-column-is-layout-flow\">\n<p><br\/>Koostis: 80% pol\u00fcester, 20% pol\u00fcamiid Suurus: 40x40cm<\/p>\n<\/div>\n\n\n\n<div class=\"wp-block-column is-layout-flow wp-block-column-is-layout-flow\">\n<p>K\u00f5rge kvaliteet, kuivmass 280 g\/m2 .<\/p>\n<\/div>\n<\/div>\n\n<hr\/>\n\n<h4 class=\"wp-block-heading\" id=\"application\">Taotlus<\/h4>\n\n<p>Saab kasutada universaalselt nii sise- kui ka v\u00e4listingimustes. Ideaalne suurus klaasi, keraamika, paatide, autode ja matkaautode puhastamiseks.<\/p>\n\n<p>Mittev\u00e4rskendav, kriimustusvaba ja kiiresti kuivav puhastus. Mustus ja tolmuosakesed imenduvad praktiliselt ilma j\u00e4\u00e4kideta.<\/p>\n\n<p>Materjal on korduvkasutatav ja seega v\u00e4ga keskkonnas\u00f5bralik. Lihtne pesta pesumasinas ilma pesuvahendita.<\/p>\n","protected":false},"excerpt":{"rendered":"<p><strong>Mikrokiudlapp eelpuhastuseks v\u00f5i l\u00f5plikuks poleerimiseks:<\/strong><\/p>\n<p>\u2713 Korduvkasutatav<\/p>\n<p>\u2713 Keskkonnas\u00f5bralik<\/p>\n<p>\u2713 \u00c4\u00e4rmiselt imav<\/p>\n<p>\u2713 Kiiresti kuivav<\/p>\n<p>\u2713 Linavabalt<\/p>\n<p>\u2713 kriimustusteta<\/p>\n<p>\u2713 80% pol\u00fcester \/ 20% pol\u00fcamiid<\/p>\n<p>\u2713 Kuivkaal 280g\/ruutmeeter<\/p>\n","protected":false},"featured_media":64791,"template":"","meta":{"_acf_changed":false,"neve_meta_sidebar":"","neve_meta_container":"","neve_meta_enable_content_width":"","neve_meta_content_width":0,"neve_meta_title_alignment":"","neve_meta_author_avatar":"","neve_post_elements_order":"","neve_meta_disable_header":"","neve_meta_disable_footer":"","neve_meta_disable_title":"","neve_meta_reading_time":"","_surfaces":[],"_ver_product_tabs":[],"footnotes":""},"product_brand":[],"product_cat":[2706,2168,3071,2200,2254,2332,2337,2363,2364,2493],"product_tag":[],"class_list":{"0":"post-149460","1":"product","2":"type-product","3":"status-publish","4":"has-post-thumbnail","6":"product_cat-kaesihuuhde","7":"product_cat-auto-tihendamine","8":"product_cat-varustus","9":"product_cat-tihend-klaasi-ja-keraamika-jaoks","10":"product_cat-desinfektsioonivahendid","11":"product_cat-metallist-ja-plastist-tihendus","12":"product_cat-puhastusvahendid","13":"product_cat-pindade-desinfitseerimisvahendid","14":"product_cat-desinfitseerivad-kontsentraadid","15":"product_cat-universaalne-tihend","16":"pa_farbe-valge","17":"pa_farbe-sinine","19":"first","20":"instock","21":"taxable","22":"shipping-taxable","23":"purchasable","24":"product-type-simple"},"acf":[],"yoast_head":"<!-- This site is optimized with the Yoast SEO Premium plugin v22.8 (Yoast SEO v27.5) - https:\/\/yoast.com\/product\/yoast-seo-premium-wordpress\/ -->\n<title>Mikrokiudlapp 40x40cm eelpuhastamiseks v\u00f5i poleerimiseks kollane - versiegelung24.com<\/title>\n<meta name=\"description\" content=\"Mikrokiudriie &quot; V\u00e4ga imav &quot; Kiiresti kuivav &quot; Linavabalt &quot; Kriimustusvaba &quot; 80% pol\u00fcester \/ 20% pol\u00fcamiid &quot; Kuivmass 280g\/qm.\" \/>\n<meta name=\"robots\" content=\"index, follow, max-snippet:-1, max-image-preview:large, max-video-preview:-1\" \/>\n<link rel=\"canonical\" href=\"https:\/\/www.versiegelung24.com\/et\/mikrokiudlapp-40x40cm-eelpuhastuseks-voi-poleerimiseks-kollane.html\" \/>\n<meta property=\"og:locale\" content=\"et_EE\" \/>\n<meta property=\"og:type\" content=\"article\" \/>\n<meta property=\"og:title\" content=\"Mikrokiudlapp 40x40cm eelpuhastamiseks v\u00f5i poleerimiseks kollane\" \/>\n<meta property=\"og:description\" content=\"Mikrokiudriie &quot; V\u00e4ga imav &quot; Kiiresti kuivav &quot; Linavabalt &quot; Kriimustusvaba &quot; 80% pol\u00fcester \/ 20% pol\u00fcamiid &quot; Kuivmass 280g\/qm.\" \/>\n<meta property=\"og:url\" content=\"https:\/\/www.versiegelung24.com\/et\/mikrokiudlapp-40x40cm-eelpuhastuseks-voi-poleerimiseks-kollane.html\" \/>\n<meta property=\"og:site_name\" content=\"versiegelung24.com\" \/>\n<meta property=\"article:modified_time\" content=\"2025-01-05T14:33:56+00:00\" \/>\n<meta property=\"og:image\" content=\"https:\/\/www.versiegelung24.com\/wp-content\/uploads\/2022\/02\/V24-9004-1-Mikrofaser-gelb-40x40cm-Custom.jpg\" \/>\n\t<meta property=\"og:image:width\" content=\"1024\" \/>\n\t<meta property=\"og:image:height\" content=\"1024\" \/>\n\t<meta property=\"og:image:type\" content=\"image\/jpeg\" \/>\n<meta name=\"twitter:card\" content=\"summary_large_image\" \/>\n<meta name=\"twitter:label1\" content=\"Price\" \/>\n\t<meta name=\"twitter:data1\" content=\"1,25&euro;\" \/>\n\t<meta name=\"twitter:label2\" content=\"Availability\" \/>\n\t<meta name=\"twitter:data2\" content=\"In stock\" \/>\n<script type=\"application\/ld+json\" class=\"yoast-schema-graph\">{\"@context\":\"https:\\\/\\\/schema.org\",\"@graph\":[{\"@type\":\"WebPage\",\"@id\":\"https:\\\/\\\/www.versiegelung24.com\\\/et\\\/mikrokiudlapp-40x40cm-eelpuhastuseks-voi-poleerimiseks-kollane.html\",\"url\":\"https:\\\/\\\/www.versiegelung24.com\\\/et\\\/mikrokiudlapp-40x40cm-eelpuhastuseks-voi-poleerimiseks-kollane.html\",\"name\":\"Mikrokiudlapp 40x40cm eelpuhastamiseks v\u00f5i poleerimiseks kollane - versiegelung24.com\",\"isPartOf\":{\"@id\":\"https:\\\/\\\/www.versiegelung24.com\\\/et\\\/#website\"},\"primaryImageOfPage\":{\"@id\":\"https:\\\/\\\/www.versiegelung24.com\\\/et\\\/mikrokiudlapp-40x40cm-eelpuhastuseks-voi-poleerimiseks-kollane.html#primaryimage\"},\"image\":{\"@id\":\"https:\\\/\\\/www.versiegelung24.com\\\/et\\\/mikrokiudlapp-40x40cm-eelpuhastuseks-voi-poleerimiseks-kollane.html#primaryimage\"},\"thumbnailUrl\":\"https:\\\/\\\/www.versiegelung24.com\\\/wp-content\\\/uploads\\\/2022\\\/02\\\/V24-9004-1-Mikrofaser-gelb-40x40cm-Custom.jpg\",\"datePublished\":\"2024-01-29T19:42:09+00:00\",\"dateModified\":\"2025-01-05T14:33:56+00:00\",\"description\":\"Mikrokiudriie \\\" V\u00e4ga imav \\\" Kiiresti kuivav \\\" Linavabalt \\\" Kriimustusvaba \\\" 80% pol\u00fcester \\\/ 20% pol\u00fcamiid \\\" Kuivmass 280g\\\/qm.\",\"breadcrumb\":{\"@id\":\"https:\\\/\\\/www.versiegelung24.com\\\/et\\\/mikrokiudlapp-40x40cm-eelpuhastuseks-voi-poleerimiseks-kollane.html#breadcrumb\"},\"inLanguage\":\"et\",\"potentialAction\":[{\"@type\":\"ReadAction\",\"target\":[\"https:\\\/\\\/www.versiegelung24.com\\\/et\\\/mikrokiudlapp-40x40cm-eelpuhastuseks-voi-poleerimiseks-kollane.html\"]}]},{\"@type\":\"ImageObject\",\"inLanguage\":\"et\",\"@id\":\"https:\\\/\\\/www.versiegelung24.com\\\/et\\\/mikrokiudlapp-40x40cm-eelpuhastuseks-voi-poleerimiseks-kollane.html#primaryimage\",\"url\":\"https:\\\/\\\/www.versiegelung24.com\\\/wp-content\\\/uploads\\\/2022\\\/02\\\/V24-9004-1-Mikrofaser-gelb-40x40cm-Custom.jpg\",\"contentUrl\":\"https:\\\/\\\/www.versiegelung24.com\\\/wp-content\\\/uploads\\\/2022\\\/02\\\/V24-9004-1-Mikrofaser-gelb-40x40cm-Custom.jpg\",\"width\":1024,\"height\":1024},{\"@type\":\"BreadcrumbList\",\"@id\":\"https:\\\/\\\/www.versiegelung24.com\\\/et\\\/mikrokiudlapp-40x40cm-eelpuhastuseks-voi-poleerimiseks-kollane.html#breadcrumb\",\"itemListElement\":[{\"@type\":\"ListItem\",\"position\":1,\"name\":\"Koduleht\",\"item\":\"https:\\\/\\\/www.versiegelung24.com\\\/et\\\/ees\\\/\"},{\"@type\":\"ListItem\",\"position\":2,\"name\":\"Pood\",\"item\":\"https:\\\/\\\/www.versiegelung24.com\\\/et\\\/pood\\\/\"},{\"@type\":\"ListItem\",\"position\":3,\"name\":\"Mikrokiudlapp 40x40cm eelpuhastamiseks v\u00f5i poleerimiseks kollane\"}]},{\"@type\":\"WebSite\",\"@id\":\"https:\\\/\\\/www.versiegelung24.com\\\/et\\\/#website\",\"url\":\"https:\\\/\\\/www.versiegelung24.com\\\/et\\\/\",\"name\":\"versiegelung24.com\",\"description\":\"Fl\u00fcssigglas-Versiegelung - Made in Germany\",\"publisher\":{\"@id\":\"https:\\\/\\\/www.versiegelung24.com\\\/et\\\/#organization\"},\"potentialAction\":[{\"@type\":\"SearchAction\",\"target\":{\"@type\":\"EntryPoint\",\"urlTemplate\":\"https:\\\/\\\/www.versiegelung24.com\\\/et\\\/?s={search_term_string}\"},\"query-input\":{\"@type\":\"PropertyValueSpecification\",\"valueRequired\":true,\"valueName\":\"search_term_string\"}}],\"inLanguage\":\"et\"},{\"@type\":\"Organization\",\"@id\":\"https:\\\/\\\/www.versiegelung24.com\\\/et\\\/#organization\",\"name\":\"versiegelung24\",\"url\":\"https:\\\/\\\/www.versiegelung24.com\\\/et\\\/\",\"logo\":{\"@type\":\"ImageObject\",\"inLanguage\":\"et\",\"@id\":\"https:\\\/\\\/www.versiegelung24.com\\\/et\\\/#\\\/schema\\\/logo\\\/image\\\/\",\"url\":\"https:\\\/\\\/www.versiegelung24.com\\\/wp-content\\\/uploads\\\/2020\\\/04\\\/versiegelung24.png\",\"contentUrl\":\"https:\\\/\\\/www.versiegelung24.com\\\/wp-content\\\/uploads\\\/2020\\\/04\\\/versiegelung24.png\",\"width\":470,\"height\":102,\"caption\":\"versiegelung24\"},\"image\":{\"@id\":\"https:\\\/\\\/www.versiegelung24.com\\\/et\\\/#\\\/schema\\\/logo\\\/image\\\/\"}}]}<\/script>\n<meta property=\"product:price:amount\" content=\"1.25\" \/>\n<meta property=\"product:price:currency\" content=\"EUR\" \/>\n<meta property=\"og:availability\" content=\"instock\" \/>\n<meta property=\"product:availability\" content=\"instock\" \/>\n<meta property=\"product:retailer_item_id\" content=\"V24-9004\" \/>\n<meta property=\"product:condition\" content=\"new\" \/>\n<!-- \/ Yoast SEO Premium plugin. -->","yoast_head_json":{"title":"Mikrokiudlapp 40x40cm eelpuhastamiseks v\u00f5i poleerimiseks kollane - versiegelung24.com","description":"Mikrokiudriie \" V\u00e4ga imav \" Kiiresti kuivav \" Linavabalt \" Kriimustusvaba \" 80% pol\u00fcester \/ 20% pol\u00fcamiid \" Kuivmass 280g\/qm.","robots":{"index":"index","follow":"follow","max-snippet":"max-snippet:-1","max-image-preview":"max-image-preview:large","max-video-preview":"max-video-preview:-1"},"canonical":"https:\/\/www.versiegelung24.com\/et\/mikrokiudlapp-40x40cm-eelpuhastuseks-voi-poleerimiseks-kollane.html","og_locale":"et_EE","og_type":"article","og_title":"Mikrokiudlapp 40x40cm eelpuhastamiseks v\u00f5i poleerimiseks kollane","og_description":"Mikrokiudriie \" V\u00e4ga imav \" Kiiresti kuivav \" Linavabalt \" Kriimustusvaba \" 80% pol\u00fcester \/ 20% pol\u00fcamiid \" Kuivmass 280g\/qm.","og_url":"https:\/\/www.versiegelung24.com\/et\/mikrokiudlapp-40x40cm-eelpuhastuseks-voi-poleerimiseks-kollane.html","og_site_name":"versiegelung24.com","article_modified_time":"2025-01-05T14:33:56+00:00","og_image":[{"width":1024,"height":1024,"url":"https:\/\/www.versiegelung24.com\/wp-content\/uploads\/2022\/02\/V24-9004-1-Mikrofaser-gelb-40x40cm-Custom.jpg","type":"image\/jpeg"}],"twitter_card":"summary_large_image","twitter_misc":{"Price":"1,25&euro;","Availability":"In stock"},"schema":{"@context":"https:\/\/schema.org","@graph":[{"@type":"WebPage","@id":"https:\/\/www.versiegelung24.com\/et\/mikrokiudlapp-40x40cm-eelpuhastuseks-voi-poleerimiseks-kollane.html","url":"https:\/\/www.versiegelung24.com\/et\/mikrokiudlapp-40x40cm-eelpuhastuseks-voi-poleerimiseks-kollane.html","name":"Mikrokiudlapp 40x40cm eelpuhastamiseks v\u00f5i poleerimiseks kollane - versiegelung24.com","isPartOf":{"@id":"https:\/\/www.versiegelung24.com\/et\/#website"},"primaryImageOfPage":{"@id":"https:\/\/www.versiegelung24.com\/et\/mikrokiudlapp-40x40cm-eelpuhastuseks-voi-poleerimiseks-kollane.html#primaryimage"},"image":{"@id":"https:\/\/www.versiegelung24.com\/et\/mikrokiudlapp-40x40cm-eelpuhastuseks-voi-poleerimiseks-kollane.html#primaryimage"},"thumbnailUrl":"https:\/\/www.versiegelung24.com\/wp-content\/uploads\/2022\/02\/V24-9004-1-Mikrofaser-gelb-40x40cm-Custom.jpg","datePublished":"2024-01-29T19:42:09+00:00","dateModified":"2025-01-05T14:33:56+00:00","description":"Mikrokiudriie \" V\u00e4ga imav \" Kiiresti kuivav \" Linavabalt \" Kriimustusvaba \" 80% pol\u00fcester \/ 20% pol\u00fcamiid \" Kuivmass 280g\/qm.","breadcrumb":{"@id":"https:\/\/www.versiegelung24.com\/et\/mikrokiudlapp-40x40cm-eelpuhastuseks-voi-poleerimiseks-kollane.html#breadcrumb"},"inLanguage":"et","potentialAction":[{"@type":"ReadAction","target":["https:\/\/www.versiegelung24.com\/et\/mikrokiudlapp-40x40cm-eelpuhastuseks-voi-poleerimiseks-kollane.html"]}]},{"@type":"ImageObject","inLanguage":"et","@id":"https:\/\/www.versiegelung24.com\/et\/mikrokiudlapp-40x40cm-eelpuhastuseks-voi-poleerimiseks-kollane.html#primaryimage","url":"https:\/\/www.versiegelung24.com\/wp-content\/uploads\/2022\/02\/V24-9004-1-Mikrofaser-gelb-40x40cm-Custom.jpg","contentUrl":"https:\/\/www.versiegelung24.com\/wp-content\/uploads\/2022\/02\/V24-9004-1-Mikrofaser-gelb-40x40cm-Custom.jpg","width":1024,"height":1024},{"@type":"BreadcrumbList","@id":"https:\/\/www.versiegelung24.com\/et\/mikrokiudlapp-40x40cm-eelpuhastuseks-voi-poleerimiseks-kollane.html#breadcrumb","itemListElement":[{"@type":"ListItem","position":1,"name":"Koduleht","item":"https:\/\/www.versiegelung24.com\/et\/ees\/"},{"@type":"ListItem","position":2,"name":"Pood","item":"https:\/\/www.versiegelung24.com\/et\/pood\/"},{"@type":"ListItem","position":3,"name":"Mikrokiudlapp 40x40cm eelpuhastamiseks v\u00f5i poleerimiseks kollane"}]},{"@type":"WebSite","@id":"https:\/\/www.versiegelung24.com\/et\/#website","url":"https:\/\/www.versiegelung24.com\/et\/","name":"versiegelung24.com","description":"Fl\u00fcssigglas-Versiegelung - Made in Germany","publisher":{"@id":"https:\/\/www.versiegelung24.com\/et\/#organization"},"potentialAction":[{"@type":"SearchAction","target":{"@type":"EntryPoint","urlTemplate":"https:\/\/www.versiegelung24.com\/et\/?s={search_term_string}"},"query-input":{"@type":"PropertyValueSpecification","valueRequired":true,"valueName":"search_term_string"}}],"inLanguage":"et"},{"@type":"Organization","@id":"https:\/\/www.versiegelung24.com\/et\/#organization","name":"versiegelung24","url":"https:\/\/www.versiegelung24.com\/et\/","logo":{"@type":"ImageObject","inLanguage":"et","@id":"https:\/\/www.versiegelung24.com\/et\/#\/schema\/logo\/image\/","url":"https:\/\/www.versiegelung24.com\/wp-content\/uploads\/2020\/04\/versiegelung24.png","contentUrl":"https:\/\/www.versiegelung24.com\/wp-content\/uploads\/2020\/04\/versiegelung24.png","width":470,"height":102,"caption":"versiegelung24"},"image":{"@id":"https:\/\/www.versiegelung24.com\/et\/#\/schema\/logo\/image\/"}}]},"product_price_amount":"1.25","product_price_currency":"EUR","og_availability":"instock","product_availability":"instock","product_retailer_item_id":"V24-9004","product_condition":"new"},"_links":{"self":[{"href":"https:\/\/www.versiegelung24.com\/et\/wp-json\/wp\/v2\/product\/149460","targetHints":{"allow":["GET"]}}],"collection":[{"href":"https:\/\/www.versiegelung24.com\/et\/wp-json\/wp\/v2\/product"}],"about":[{"href":"https:\/\/www.versiegelung24.com\/et\/wp-json\/wp\/v2\/types\/product"}],"version-history":[{"count":10,"href":"https:\/\/www.versiegelung24.com\/et\/wp-json\/wp\/v2\/product\/149460\/revisions"}],"predecessor-version":[{"id":178234,"href":"https:\/\/www.versiegelung24.com\/et\/wp-json\/wp\/v2\/product\/149460\/revisions\/178234"}],"wp:featuredmedia":[{"embeddable":true,"href":"https:\/\/www.versiegelung24.com\/et\/wp-json\/wp\/v2\/media\/64791"}],"wp:attachment":[{"href":"https:\/\/www.versiegelung24.com\/et\/wp-json\/wp\/v2\/media?parent=149460"}],"wp:term":[{"taxonomy":"product_brand","embeddable":true,"href":"https:\/\/www.versiegelung24.com\/et\/wp-json\/wp\/v2\/product_brand?post=149460"},{"taxonomy":"product_cat","embeddable":true,"href":"https:\/\/www.versiegelung24.com\/et\/wp-json\/wp\/v2\/product_cat?post=149460"},{"taxonomy":"product_tag","embeddable":true,"href":"https:\/\/www.versiegelung24.com\/et\/wp-json\/wp\/v2\/product_tag?post=149460"}],"curies":[{"name":"wp","href":"https:\/\/api.w.org\/{rel}","templated":true}]}}