{"id":157665,"date":"2024-04-04T12:30:43","date_gmt":"2024-04-04T10:30:43","guid":{"rendered":"https:\/\/www.versiegelung24.com\/?post_type=product&#038;p=157665"},"modified":"2025-01-05T18:03:29","modified_gmt":"2025-01-05T17:03:29","slug":"isopropanol","status":"publish","type":"product","link":"https:\/\/www.versiegelung24.com\/et\/100-korge-puhtusastmega-bioetanool-professionaalseks-eelpuhastuseks-kopie.html","title":{"rendered":"Isopropanool 99,9% k\u00f5rge puhtusastmega eelpuhastamiseks"},"content":{"rendered":"\n<h4 class=\"wp-block-heading\" id=\"h-beschreibung\">Kirjeldus  <\/h4>\n\n<p>Isopropanool, tuntud ka kui IPA, 2-propanool v\u00f5i isoprop\u00fc\u00fclalkohol, on v\u00e4rvitu, selge ja iseloomuliku l\u00f5hnaga vedelik, mida iseloomustab lai kasutusala kodumajapidamises, hobit\u00f6\u00f6stuses ja t\u00f6\u00f6stuses. K\u00f5rge puhtusaste 99,9% teeb meie isopropanooli ideaalseks eelpuhastusvahendiks erinevate pindade puhastamiseks ja edasiste t\u00f6\u00f6tlemisetappide ettevalmistamiseks.<\/p>\n\n<p>Saab v\u00e4ga h\u00e4sti kasutada koos meie bioloogilise j\u00e4\u00e4givaba eelpuhastusvahendiga. <strong><a href=\"https:\/\/www.versiegelung24.com\/et\/biosativa-bioloogiline-eelpuhasti.html\">BIOSATIVA\u00ae<\/a><\/strong><br\/>nt <a href=\"https:\/\/www.versiegelung24.com\/versiegelung-glas-keramik\/\">klaasi<\/a>, <a href=\"https:\/\/www.versiegelung24.com\/versiegelung-glas-keramik\/\">keraamika<\/a>, v\u00e4rvitud <a href=\"https:\/\/www.versiegelung24.com\/oberflaechen\/\">pindade<\/a> ettevalmistamiseks meie pinnatihendajate pealekandmiseks.<\/p>\n\n<hr\/>\n\n<h4 class=\"wp-block-heading\" id=\"properties\">Toote omadused<\/h4>\n\n<p>\u2713 <strong>Rasvade eemaldamise omadused<\/strong>: T\u00f5hus rasvade, \u00f5lide ja m\u00f5nede liimide eemaldamisel.<\/p>\n\n<p>\u2713 <strong>Desinfitseerimispotentsiaal<\/strong>: aitab v\u00e4hendada baktereid ja k\u00f5rvaldada l\u00f5hnu t\u00e4nu alkoholi baasile.<\/p>\n\n<p>\u2713 <strong>Kiire aurustumine<\/strong>: aurustub kiiresti ilma j\u00e4\u00e4ke j\u00e4tmata, ideaalne puhastusprotsesside jaoks.<\/p>\n\n<p><strong>\u2713 Lahustuvus<\/strong>: Suurep\u00e4rane lahustuvus vees, mis muudab selle sobivaks erinevateks lahjendusteks ja rakendusteks.<\/p>\n\n<p>\u2713 <strong>Puhtus<\/strong>: 99,9% isopropanoolisisaldus tagab k\u00f5rgeima puhtuse ja t\u00f5hususe.\u2713 Piirkondlik tootmine Euroopast p\u00e4rit koostisosadega.<\/p>\n\n<p>\u2713 <strong>F\u00fc\u00fcsikaline olek<\/strong>: Selge, v\u00e4rvitu vedelik, millel on iseloomulik terav l\u00f5hn.<\/p>\n\n<p><strong>V\u00e4ga tuleohtlik<\/strong>: tuleb k\u00e4idelda ja ladustada ettevaatlikult, eemal s\u00fcttimisallikatest.<\/p>\n\n<p>\u2713 <strong>Mittekorrodeeriv<\/strong>: n\u00f5uetekohase lahjendamise korral ohutu enamiku metallide ja plastide puhul.<\/p>\n\n<p>\u2713 <strong>Mitmek\u00fclgne kasutatavus<\/strong>: sobib tehnilise, kosmeetilise ja laboratoorse kasutuse jaoks t\u00e4nu k\u00f5rgele puhtusele.<\/p>\n\n<p>\u2713 <strong>Ohutusprofiil<\/strong>: N\u00f5uab kaitsemeetmeid kasutamise ajal, et v\u00e4ltida sissehingamist v\u00f5i nahakontakti.<\/p>\n\n<hr\/>\n\n<h4 class=\"wp-block-heading\" id=\"application\">Taotlus<\/h4>\n\n<ul class=\"wp-block-list\">\n<li><strong>Klaasi puhastamine<\/strong>: Ideaalne klaaspindade triibuvabaks puhastamiseks. Optimaalse tulemuse saavutamiseks soovitame lahjendada 30% destilleeritud veega.<\/li>\n\n\n\n<li><strong>Rasvatustamine<\/strong>: Rasva, v\u00e4rvi, tindi ja liimij\u00e4\u00e4kide t\u00f5hus eemaldamine erinevatelt pindadelt.<\/li>\n\n\n\n<li><strong>Autot\u00f6\u00f6stus<\/strong>: h\u00e4davajalik mustuse ja liimij\u00e4\u00e4kide eemaldamiseks enne v\u00e4rvi poleerimist.<\/li>\n\n\n\n<li><strong>3D-printimine<\/strong>: sobib suurep\u00e4raselt 3D-printerite printimisaluste ja muude komponentide j\u00e4\u00e4givabaks puhastamiseks.<\/li>\n\n\n\n<li><strong>Auruti puhastamine<\/strong>: E-sigarettide ja torude puhastamiseks, et v\u00e4ltida bakterite teket.<\/li>\n\n\n\n<li><strong>Plaadihooldus<\/strong>: Muusikas\u00f5brad hindavad \u00f5rna puhastusefekti oma vin\u00fc\u00fcli aaretele.<\/li>\n\n\n\n<li><strong>L\u00f5hna eemaldamine<\/strong>: Eemaldab ebameeldivad l\u00f5hnad kingadest v\u00f5i muudest tekstiilidest.<\/li>\n\n\n\n<li><strong>Kahjurit\u00f5rje<\/strong>: abiks v\u00f5itluses lutikate ja puumadude vastu.<\/li>\n<\/ul>\n\n<p>Lisaks peamistele kasutusaladele sobib isopropanool ka ukselukkude j\u00e4\u00e4t\u00f5rjeks, kaablite puhastamiseks ja paljudeks muudeks rakendusteks, mis n\u00f5uavad p\u00f5hjalikku eelpuhastust.<\/p>\n\n<hr\/>\n\n<h4 class=\"wp-block-heading\" id=\"faq\">KKK<\/h4>\n\n<div class=\"schema-faq wp-block-yoast-faq-block\"><div class=\"schema-faq-section\" id=\"faq-question-1645793617330\"><strong class=\"schema-faq-question\"><strong>Kas isopropanooli 99,9% v\u00f5ib kasutada meditsiinilistel v\u00f5i desinfitseerimise eesm\u00e4rkidel<\/strong>?<\/strong> <p class=\"schema-faq-answer\">Isopropanooli 99,9% v\u00f5ib kasutada pindade desinfitseerimiseks, kuna sellel on k\u00f5rge alkoholisisalduse t\u00f5ttu bakteritsiidne toime. Otseseks nahale kandmiseks v\u00f5i meditsiinilistel eesm\u00e4rkidel tuleb seda siiski vastavalt lahjendada.  <strong>Me ei soovita kasutada meditsiinilistel v\u00f5i desinfitseerimise eesm\u00e4rkidel!<\/strong><\/p> <\/div> <div class=\"schema-faq-section\" id=\"faq-question-1645793819353\"><strong class=\"schema-faq-question\"><strong>Kas isopropanool 99,9% on elektroonikaseadmete puhastamiseks ohutu?<\/strong><\/strong> <p class=\"schema-faq-answer\">Jah, isopropanool 99,9% on ideaalne elektroonikaseadmete puhastamiseks, kuna see aurustub kiiresti ja ei j\u00e4ta j\u00e4\u00e4ke. Oluline on enne kasutamist elektroonilised seadmed v\u00e4lja l\u00fclitada ja lahti \u00fchendada ning mitte pihustada alkoholi otse seadmetele, vaid kasutada isopropanooliga immutatud lappi.<br><\/p> <\/div> <div class=\"schema-faq-section\" id=\"faq-question-1645794918526\"><strong class=\"schema-faq-question\"><strong>Kuidas tuleks 99,9% isopropanooli ladustada?<\/strong><\/strong> <p class=\"schema-faq-answer\">Isopropanool 99,9% tuleb hoida tihedalt suletud mahutis jahedas, h\u00e4sti ventileeritud kohas. See on v\u00e4ga kergesti s\u00fcttiv, seega tuleb seda hoida eemal soojusallikatest, s\u00e4demetest, lahtisest tulest ja muudest s\u00fcttimisallikatest. Lisaks sellele tuleks ladustamiskoht valida nii, et see oleks lastele ja lemmikloomadele k\u00e4ttesaamatu, et v\u00e4ltida juhuslikku kokkupuudet.<\/p> <\/div> <\/div>\n","protected":false},"excerpt":{"rendered":"<p>\u2713 <strong>K\u00f5rge puhastusv\u00f5imsus<\/strong>: liimij\u00e4\u00e4kide eemaldamine<\/p>\n<p>\u2713 <strong>Rasvatustamine<\/strong>: rasva ja \u00f5li triibuvaba eemaldamine<\/p>\n<p><strong>\u2713 Lahustuvus<\/strong>: Suurep\u00e4rane lahustuvus vees<\/p>\n<p>\u2713 <strong>Kiire aurustumine<\/strong>: aurustub kiiresti ilma j\u00e4\u00e4ke j\u00e4tmata.<\/p>\n","protected":false},"featured_media":157715,"template":"","meta":{"_acf_changed":false,"neve_meta_sidebar":"","neve_meta_container":"","neve_meta_enable_content_width":"","neve_meta_content_width":0,"neve_meta_title_alignment":"","neve_meta_author_avatar":"","neve_post_elements_order":"","neve_meta_disable_header":"","neve_meta_disable_footer":"","neve_meta_disable_title":"","neve_meta_reading_time":"","_surfaces":[],"_ver_product_tabs":[],"footnotes":""},"product_brand":[],"product_cat":[2168,2200,2332,2337,2609],"product_tag":[],"class_list":{"0":"post-157665","1":"product","2":"type-product","3":"status-publish","4":"has-post-thumbnail","6":"product_cat-auto-tihendamine","7":"product_cat-tihend-klaasi-ja-keraamika-jaoks","8":"product_cat-metallist-ja-plastist-tihendus","9":"product_cat-puhastusvahendid","10":"product_cat-bioetanool","12":"first","13":"instock","14":"taxable","15":"shipping-taxable","16":"purchasable","17":"product-type-simple"},"acf":[],"yoast_head":"<!-- This site is optimized with the Yoast SEO Premium plugin v22.8 (Yoast SEO v27.5) - https:\/\/yoast.com\/product\/yoast-seo-premium-wordpress\/ -->\n<title>Isopropanool 99,9% k\u00f5rge puhtusastmega eelpuhastamiseks - versiegelung24.com<\/title>\n<meta name=\"robots\" content=\"index, follow, max-snippet:-1, max-image-preview:large, max-video-preview:-1\" \/>\n<link rel=\"canonical\" href=\"https:\/\/www.versiegelung24.com\/et\/100-korge-puhtusastmega-bioetanool-professionaalseks-eelpuhastuseks-kopie.html\" \/>\n<meta property=\"og:locale\" content=\"et_EE\" \/>\n<meta property=\"og:type\" content=\"article\" \/>\n<meta property=\"og:title\" content=\"Isopropanool 99,9% k\u00f5rge puhtusastmega eelpuhastamiseks\" \/>\n<meta property=\"og:description\" content=\"\u2713 K\u00f5rge puhastusv\u00f5imsus: liimij\u00e4\u00e4kide eemaldamine \u2713 Rasvatustamine: rasva ja \u00f5li triibuvaba eemaldamine \u2713 Lahustuvus: Suurep\u00e4rane lahustuvus vees \u2713 Kiire aurustumine: aurustub kiiresti ilma j\u00e4\u00e4ke j\u00e4tmata.\" \/>\n<meta property=\"og:url\" content=\"https:\/\/www.versiegelung24.com\/et\/100-korge-puhtusastmega-bioetanool-professionaalseks-eelpuhastuseks-kopie.html\" \/>\n<meta property=\"og:site_name\" content=\"versiegelung24.com\" \/>\n<meta property=\"article:modified_time\" content=\"2025-01-05T17:03:29+00:00\" \/>\n<meta property=\"og:image\" content=\"https:\/\/www.versiegelung24.com\/wp-content\/uploads\/2024\/04\/isopropanol-999.webp\" \/>\n\t<meta property=\"og:image:width\" content=\"2560\" \/>\n\t<meta property=\"og:image:height\" content=\"2560\" \/>\n\t<meta property=\"og:image:type\" content=\"image\/webp\" \/>\n<meta name=\"twitter:card\" content=\"summary_large_image\" \/>\n<meta name=\"twitter:label1\" content=\"Price\" \/>\n\t<meta name=\"twitter:data1\" content=\"11,99&euro;\" \/>\n\t<meta name=\"twitter:label2\" content=\"Availability\" \/>\n\t<meta name=\"twitter:data2\" content=\"In stock\" \/>\n<script type=\"application\/ld+json\" class=\"yoast-schema-graph\">{\"@context\":\"https:\\\/\\\/schema.org\",\"@graph\":[{\"@type\":[\"WebPage\",\"FAQPage\"],\"@id\":\"https:\\\/\\\/www.versiegelung24.com\\\/et\\\/100-korge-puhtusastmega-bioetanool-professionaalseks-eelpuhastuseks-kopie.html\",\"url\":\"https:\\\/\\\/www.versiegelung24.com\\\/et\\\/100-korge-puhtusastmega-bioetanool-professionaalseks-eelpuhastuseks-kopie.html\",\"name\":\"Isopropanool 99,9% k\u00f5rge puhtusastmega eelpuhastamiseks - versiegelung24.com\",\"isPartOf\":{\"@id\":\"https:\\\/\\\/www.versiegelung24.com\\\/et\\\/#website\"},\"primaryImageOfPage\":{\"@id\":\"https:\\\/\\\/www.versiegelung24.com\\\/et\\\/100-korge-puhtusastmega-bioetanool-professionaalseks-eelpuhastuseks-kopie.html#primaryimage\"},\"image\":{\"@id\":\"https:\\\/\\\/www.versiegelung24.com\\\/et\\\/100-korge-puhtusastmega-bioetanool-professionaalseks-eelpuhastuseks-kopie.html#primaryimage\"},\"thumbnailUrl\":\"https:\\\/\\\/www.versiegelung24.com\\\/wp-content\\\/uploads\\\/2024\\\/04\\\/isopropanol-999.webp\",\"datePublished\":\"2024-04-04T10:30:43+00:00\",\"dateModified\":\"2025-01-05T17:03:29+00:00\",\"breadcrumb\":{\"@id\":\"https:\\\/\\\/www.versiegelung24.com\\\/et\\\/100-korge-puhtusastmega-bioetanool-professionaalseks-eelpuhastuseks-kopie.html#breadcrumb\"},\"mainEntity\":[{\"@id\":\"https:\\\/\\\/www.versiegelung24.com\\\/et\\\/100-korge-puhtusastmega-bioetanool-professionaalseks-eelpuhastuseks-kopie.html#faq-question-1645793617330\"},{\"@id\":\"https:\\\/\\\/www.versiegelung24.com\\\/et\\\/100-korge-puhtusastmega-bioetanool-professionaalseks-eelpuhastuseks-kopie.html#faq-question-1645793819353\"},{\"@id\":\"https:\\\/\\\/www.versiegelung24.com\\\/et\\\/100-korge-puhtusastmega-bioetanool-professionaalseks-eelpuhastuseks-kopie.html#faq-question-1645794918526\"}],\"inLanguage\":\"et\",\"potentialAction\":[{\"@type\":\"ReadAction\",\"target\":[\"https:\\\/\\\/www.versiegelung24.com\\\/et\\\/100-korge-puhtusastmega-bioetanool-professionaalseks-eelpuhastuseks-kopie.html\"]}]},{\"@type\":\"ImageObject\",\"inLanguage\":\"et\",\"@id\":\"https:\\\/\\\/www.versiegelung24.com\\\/et\\\/100-korge-puhtusastmega-bioetanool-professionaalseks-eelpuhastuseks-kopie.html#primaryimage\",\"url\":\"https:\\\/\\\/www.versiegelung24.com\\\/wp-content\\\/uploads\\\/2024\\\/04\\\/isopropanol-999.webp\",\"contentUrl\":\"https:\\\/\\\/www.versiegelung24.com\\\/wp-content\\\/uploads\\\/2024\\\/04\\\/isopropanol-999.webp\",\"width\":2560,\"height\":2560},{\"@type\":\"BreadcrumbList\",\"@id\":\"https:\\\/\\\/www.versiegelung24.com\\\/et\\\/100-korge-puhtusastmega-bioetanool-professionaalseks-eelpuhastuseks-kopie.html#breadcrumb\",\"itemListElement\":[{\"@type\":\"ListItem\",\"position\":1,\"name\":\"Koduleht\",\"item\":\"https:\\\/\\\/www.versiegelung24.com\\\/et\\\/ees\\\/\"},{\"@type\":\"ListItem\",\"position\":2,\"name\":\"Pood\",\"item\":\"https:\\\/\\\/www.versiegelung24.com\\\/et\\\/pood\\\/\"},{\"@type\":\"ListItem\",\"position\":3,\"name\":\"Isopropanool 99,9% k\u00f5rge puhtusastmega eelpuhastamiseks\"}]},{\"@type\":\"WebSite\",\"@id\":\"https:\\\/\\\/www.versiegelung24.com\\\/et\\\/#website\",\"url\":\"https:\\\/\\\/www.versiegelung24.com\\\/et\\\/\",\"name\":\"versiegelung24.com\",\"description\":\"Fl\u00fcssigglas-Versiegelung - Made in Germany\",\"publisher\":{\"@id\":\"https:\\\/\\\/www.versiegelung24.com\\\/et\\\/#organization\"},\"potentialAction\":[{\"@type\":\"SearchAction\",\"target\":{\"@type\":\"EntryPoint\",\"urlTemplate\":\"https:\\\/\\\/www.versiegelung24.com\\\/et\\\/?s={search_term_string}\"},\"query-input\":{\"@type\":\"PropertyValueSpecification\",\"valueRequired\":true,\"valueName\":\"search_term_string\"}}],\"inLanguage\":\"et\"},{\"@type\":\"Organization\",\"@id\":\"https:\\\/\\\/www.versiegelung24.com\\\/et\\\/#organization\",\"name\":\"versiegelung24\",\"url\":\"https:\\\/\\\/www.versiegelung24.com\\\/et\\\/\",\"logo\":{\"@type\":\"ImageObject\",\"inLanguage\":\"et\",\"@id\":\"https:\\\/\\\/www.versiegelung24.com\\\/et\\\/#\\\/schema\\\/logo\\\/image\\\/\",\"url\":\"https:\\\/\\\/www.versiegelung24.com\\\/wp-content\\\/uploads\\\/2020\\\/04\\\/versiegelung24.png\",\"contentUrl\":\"https:\\\/\\\/www.versiegelung24.com\\\/wp-content\\\/uploads\\\/2020\\\/04\\\/versiegelung24.png\",\"width\":470,\"height\":102,\"caption\":\"versiegelung24\"},\"image\":{\"@id\":\"https:\\\/\\\/www.versiegelung24.com\\\/et\\\/#\\\/schema\\\/logo\\\/image\\\/\"}},{\"@type\":\"Question\",\"@id\":\"https:\\\/\\\/www.versiegelung24.com\\\/et\\\/100-korge-puhtusastmega-bioetanool-professionaalseks-eelpuhastuseks-kopie.html#faq-question-1645793617330\",\"position\":1,\"url\":\"https:\\\/\\\/www.versiegelung24.com\\\/et\\\/100-korge-puhtusastmega-bioetanool-professionaalseks-eelpuhastuseks-kopie.html#faq-question-1645793617330\",\"name\":\"Kann Isopropanol 99,9% f\u00fcr medizinische oder desinfizierende Zwecke verwendet werden?\",\"answerCount\":1,\"acceptedAnswer\":{\"@type\":\"Answer\",\"text\":\"Isopropanol 99,9% kann f\u00fcr die Desinfektion von Oberfl\u00e4chen verwendet werden, da es aufgrund seiner hohen Alkoholkonzentration bakterizide Eigenschaften besitzt. F\u00fcr die direkte Anwendung auf der Haut oder f\u00fcr medizinische Zwecke sollte es jedoch entsprechend verd\u00fcnnt werden. <strong>Wir empfehlen die Verwendung f\u00fcr medizinische oder desinfizierende Zwecke nicht!<\\\/strong>\",\"inLanguage\":\"et\"},\"inLanguage\":\"et\"},{\"@type\":\"Question\",\"@id\":\"https:\\\/\\\/www.versiegelung24.com\\\/et\\\/100-korge-puhtusastmega-bioetanool-professionaalseks-eelpuhastuseks-kopie.html#faq-question-1645793819353\",\"position\":2,\"url\":\"https:\\\/\\\/www.versiegelung24.com\\\/et\\\/100-korge-puhtusastmega-bioetanool-professionaalseks-eelpuhastuseks-kopie.html#faq-question-1645793819353\",\"name\":\"Ist Isopropanol 99,9% sicher f\u00fcr die Reinigung von elektronischen Ger\u00e4ten?\",\"answerCount\":1,\"acceptedAnswer\":{\"@type\":\"Answer\",\"text\":\"Ja, Isopropanol 99,9% eignet sich hervorragend f\u00fcr die Reinigung von elektronischen Ger\u00e4ten, da es schnell verdunstet und keine R\u00fcckst\u00e4nde hinterl\u00e4sst. Es ist wichtig, elektronische Ger\u00e4te vor der Anwendung auszuschalten und zu entkoppeln und den Alkohol nicht direkt auf die Ger\u00e4te zu spr\u00fchen, sondern ein mit Isopropanol getr\u00e4nktes Tuch zu verwenden.<br\\\/>\",\"inLanguage\":\"et\"},\"inLanguage\":\"et\"},{\"@type\":\"Question\",\"@id\":\"https:\\\/\\\/www.versiegelung24.com\\\/et\\\/100-korge-puhtusastmega-bioetanool-professionaalseks-eelpuhastuseks-kopie.html#faq-question-1645794918526\",\"position\":3,\"url\":\"https:\\\/\\\/www.versiegelung24.com\\\/et\\\/100-korge-puhtusastmega-bioetanool-professionaalseks-eelpuhastuseks-kopie.html#faq-question-1645794918526\",\"name\":\"Wie sollte Isopropanol 99,9% gelagert werden?\",\"answerCount\":1,\"acceptedAnswer\":{\"@type\":\"Answer\",\"text\":\"Isopropanol 99,9% sollte in einem gut verschlossenen Beh\u00e4lter an einem k\u00fchlen, gut bel\u00fcfteten Ort gelagert werden. Es ist leicht entz\u00fcndlich, daher sollte es fern von Hitzequellen, Funken, offenen Flammen und anderen Z\u00fcndquellen aufbewahrt werden. Zudem sollte der Lagerbereich so gew\u00e4hlt werden, dass er f\u00fcr Kinder und Haustiere unzug\u00e4nglich ist, um unbeabsichtigte Exposition zu vermeiden.\",\"inLanguage\":\"et\"},\"inLanguage\":\"et\"}]}<\/script>\n<meta property=\"product:price:amount\" content=\"11.99\" \/>\n<meta property=\"product:price:currency\" content=\"EUR\" \/>\n<meta property=\"og:availability\" content=\"instock\" \/>\n<meta property=\"product:availability\" content=\"instock\" \/>\n<meta property=\"product:retailer_item_id\" content=\"9110-ISO99\" \/>\n<meta property=\"product:condition\" content=\"new\" \/>\n<!-- \/ Yoast SEO Premium plugin. -->","yoast_head_json":{"title":"Isopropanool 99,9% k\u00f5rge puhtusastmega eelpuhastamiseks - versiegelung24.com","robots":{"index":"index","follow":"follow","max-snippet":"max-snippet:-1","max-image-preview":"max-image-preview:large","max-video-preview":"max-video-preview:-1"},"canonical":"https:\/\/www.versiegelung24.com\/et\/100-korge-puhtusastmega-bioetanool-professionaalseks-eelpuhastuseks-kopie.html","og_locale":"et_EE","og_type":"article","og_title":"Isopropanool 99,9% k\u00f5rge puhtusastmega eelpuhastamiseks","og_description":"\u2713 K\u00f5rge puhastusv\u00f5imsus: liimij\u00e4\u00e4kide eemaldamine \u2713 Rasvatustamine: rasva ja \u00f5li triibuvaba eemaldamine \u2713 Lahustuvus: Suurep\u00e4rane lahustuvus vees \u2713 Kiire aurustumine: aurustub kiiresti ilma j\u00e4\u00e4ke j\u00e4tmata.","og_url":"https:\/\/www.versiegelung24.com\/et\/100-korge-puhtusastmega-bioetanool-professionaalseks-eelpuhastuseks-kopie.html","og_site_name":"versiegelung24.com","article_modified_time":"2025-01-05T17:03:29+00:00","og_image":[{"width":2560,"height":2560,"url":"https:\/\/www.versiegelung24.com\/wp-content\/uploads\/2024\/04\/isopropanol-999.webp","type":"image\/webp"}],"twitter_card":"summary_large_image","twitter_misc":{"Price":"11,99&euro;","Availability":"In stock"},"schema":{"@context":"https:\/\/schema.org","@graph":[{"@type":["WebPage","FAQPage"],"@id":"https:\/\/www.versiegelung24.com\/et\/100-korge-puhtusastmega-bioetanool-professionaalseks-eelpuhastuseks-kopie.html","url":"https:\/\/www.versiegelung24.com\/et\/100-korge-puhtusastmega-bioetanool-professionaalseks-eelpuhastuseks-kopie.html","name":"Isopropanool 99,9% k\u00f5rge puhtusastmega eelpuhastamiseks - versiegelung24.com","isPartOf":{"@id":"https:\/\/www.versiegelung24.com\/et\/#website"},"primaryImageOfPage":{"@id":"https:\/\/www.versiegelung24.com\/et\/100-korge-puhtusastmega-bioetanool-professionaalseks-eelpuhastuseks-kopie.html#primaryimage"},"image":{"@id":"https:\/\/www.versiegelung24.com\/et\/100-korge-puhtusastmega-bioetanool-professionaalseks-eelpuhastuseks-kopie.html#primaryimage"},"thumbnailUrl":"https:\/\/www.versiegelung24.com\/wp-content\/uploads\/2024\/04\/isopropanol-999.webp","datePublished":"2024-04-04T10:30:43+00:00","dateModified":"2025-01-05T17:03:29+00:00","breadcrumb":{"@id":"https:\/\/www.versiegelung24.com\/et\/100-korge-puhtusastmega-bioetanool-professionaalseks-eelpuhastuseks-kopie.html#breadcrumb"},"mainEntity":[{"@id":"https:\/\/www.versiegelung24.com\/et\/100-korge-puhtusastmega-bioetanool-professionaalseks-eelpuhastuseks-kopie.html#faq-question-1645793617330"},{"@id":"https:\/\/www.versiegelung24.com\/et\/100-korge-puhtusastmega-bioetanool-professionaalseks-eelpuhastuseks-kopie.html#faq-question-1645793819353"},{"@id":"https:\/\/www.versiegelung24.com\/et\/100-korge-puhtusastmega-bioetanool-professionaalseks-eelpuhastuseks-kopie.html#faq-question-1645794918526"}],"inLanguage":"et","potentialAction":[{"@type":"ReadAction","target":["https:\/\/www.versiegelung24.com\/et\/100-korge-puhtusastmega-bioetanool-professionaalseks-eelpuhastuseks-kopie.html"]}]},{"@type":"ImageObject","inLanguage":"et","@id":"https:\/\/www.versiegelung24.com\/et\/100-korge-puhtusastmega-bioetanool-professionaalseks-eelpuhastuseks-kopie.html#primaryimage","url":"https:\/\/www.versiegelung24.com\/wp-content\/uploads\/2024\/04\/isopropanol-999.webp","contentUrl":"https:\/\/www.versiegelung24.com\/wp-content\/uploads\/2024\/04\/isopropanol-999.webp","width":2560,"height":2560},{"@type":"BreadcrumbList","@id":"https:\/\/www.versiegelung24.com\/et\/100-korge-puhtusastmega-bioetanool-professionaalseks-eelpuhastuseks-kopie.html#breadcrumb","itemListElement":[{"@type":"ListItem","position":1,"name":"Koduleht","item":"https:\/\/www.versiegelung24.com\/et\/ees\/"},{"@type":"ListItem","position":2,"name":"Pood","item":"https:\/\/www.versiegelung24.com\/et\/pood\/"},{"@type":"ListItem","position":3,"name":"Isopropanool 99,9% k\u00f5rge puhtusastmega eelpuhastamiseks"}]},{"@type":"WebSite","@id":"https:\/\/www.versiegelung24.com\/et\/#website","url":"https:\/\/www.versiegelung24.com\/et\/","name":"versiegelung24.com","description":"Fl\u00fcssigglas-Versiegelung - Made in Germany","publisher":{"@id":"https:\/\/www.versiegelung24.com\/et\/#organization"},"potentialAction":[{"@type":"SearchAction","target":{"@type":"EntryPoint","urlTemplate":"https:\/\/www.versiegelung24.com\/et\/?s={search_term_string}"},"query-input":{"@type":"PropertyValueSpecification","valueRequired":true,"valueName":"search_term_string"}}],"inLanguage":"et"},{"@type":"Organization","@id":"https:\/\/www.versiegelung24.com\/et\/#organization","name":"versiegelung24","url":"https:\/\/www.versiegelung24.com\/et\/","logo":{"@type":"ImageObject","inLanguage":"et","@id":"https:\/\/www.versiegelung24.com\/et\/#\/schema\/logo\/image\/","url":"https:\/\/www.versiegelung24.com\/wp-content\/uploads\/2020\/04\/versiegelung24.png","contentUrl":"https:\/\/www.versiegelung24.com\/wp-content\/uploads\/2020\/04\/versiegelung24.png","width":470,"height":102,"caption":"versiegelung24"},"image":{"@id":"https:\/\/www.versiegelung24.com\/et\/#\/schema\/logo\/image\/"}},{"@type":"Question","@id":"https:\/\/www.versiegelung24.com\/et\/100-korge-puhtusastmega-bioetanool-professionaalseks-eelpuhastuseks-kopie.html#faq-question-1645793617330","position":1,"url":"https:\/\/www.versiegelung24.com\/et\/100-korge-puhtusastmega-bioetanool-professionaalseks-eelpuhastuseks-kopie.html#faq-question-1645793617330","name":"Kann Isopropanol 99,9% f\u00fcr medizinische oder desinfizierende Zwecke verwendet werden?","answerCount":1,"acceptedAnswer":{"@type":"Answer","text":"Isopropanol 99,9% kann f\u00fcr die Desinfektion von Oberfl\u00e4chen verwendet werden, da es aufgrund seiner hohen Alkoholkonzentration bakterizide Eigenschaften besitzt. F\u00fcr die direkte Anwendung auf der Haut oder f\u00fcr medizinische Zwecke sollte es jedoch entsprechend verd\u00fcnnt werden. <strong>Wir empfehlen die Verwendung f\u00fcr medizinische oder desinfizierende Zwecke nicht!<\/strong>","inLanguage":"et"},"inLanguage":"et"},{"@type":"Question","@id":"https:\/\/www.versiegelung24.com\/et\/100-korge-puhtusastmega-bioetanool-professionaalseks-eelpuhastuseks-kopie.html#faq-question-1645793819353","position":2,"url":"https:\/\/www.versiegelung24.com\/et\/100-korge-puhtusastmega-bioetanool-professionaalseks-eelpuhastuseks-kopie.html#faq-question-1645793819353","name":"Ist Isopropanol 99,9% sicher f\u00fcr die Reinigung von elektronischen Ger\u00e4ten?","answerCount":1,"acceptedAnswer":{"@type":"Answer","text":"Ja, Isopropanol 99,9% eignet sich hervorragend f\u00fcr die Reinigung von elektronischen Ger\u00e4ten, da es schnell verdunstet und keine R\u00fcckst\u00e4nde hinterl\u00e4sst. Es ist wichtig, elektronische Ger\u00e4te vor der Anwendung auszuschalten und zu entkoppeln und den Alkohol nicht direkt auf die Ger\u00e4te zu spr\u00fchen, sondern ein mit Isopropanol getr\u00e4nktes Tuch zu verwenden.<br\/>","inLanguage":"et"},"inLanguage":"et"},{"@type":"Question","@id":"https:\/\/www.versiegelung24.com\/et\/100-korge-puhtusastmega-bioetanool-professionaalseks-eelpuhastuseks-kopie.html#faq-question-1645794918526","position":3,"url":"https:\/\/www.versiegelung24.com\/et\/100-korge-puhtusastmega-bioetanool-professionaalseks-eelpuhastuseks-kopie.html#faq-question-1645794918526","name":"Wie sollte Isopropanol 99,9% gelagert werden?","answerCount":1,"acceptedAnswer":{"@type":"Answer","text":"Isopropanol 99,9% sollte in einem gut verschlossenen Beh\u00e4lter an einem k\u00fchlen, gut bel\u00fcfteten Ort gelagert werden. Es ist leicht entz\u00fcndlich, daher sollte es fern von Hitzequellen, Funken, offenen Flammen und anderen Z\u00fcndquellen aufbewahrt werden. Zudem sollte der Lagerbereich so gew\u00e4hlt werden, dass er f\u00fcr Kinder und Haustiere unzug\u00e4nglich ist, um unbeabsichtigte Exposition zu vermeiden.","inLanguage":"et"},"inLanguage":"et"}]},"product_price_amount":"11.99","product_price_currency":"EUR","og_availability":"instock","product_availability":"instock","product_retailer_item_id":"9110-ISO99","product_condition":"new"},"_links":{"self":[{"href":"https:\/\/www.versiegelung24.com\/et\/wp-json\/wp\/v2\/product\/157665","targetHints":{"allow":["GET"]}}],"collection":[{"href":"https:\/\/www.versiegelung24.com\/et\/wp-json\/wp\/v2\/product"}],"about":[{"href":"https:\/\/www.versiegelung24.com\/et\/wp-json\/wp\/v2\/types\/product"}],"version-history":[{"count":8,"href":"https:\/\/www.versiegelung24.com\/et\/wp-json\/wp\/v2\/product\/157665\/revisions"}],"predecessor-version":[{"id":178483,"href":"https:\/\/www.versiegelung24.com\/et\/wp-json\/wp\/v2\/product\/157665\/revisions\/178483"}],"wp:featuredmedia":[{"embeddable":true,"href":"https:\/\/www.versiegelung24.com\/et\/wp-json\/wp\/v2\/media\/157715"}],"wp:attachment":[{"href":"https:\/\/www.versiegelung24.com\/et\/wp-json\/wp\/v2\/media?parent=157665"}],"wp:term":[{"taxonomy":"product_brand","embeddable":true,"href":"https:\/\/www.versiegelung24.com\/et\/wp-json\/wp\/v2\/product_brand?post=157665"},{"taxonomy":"product_cat","embeddable":true,"href":"https:\/\/www.versiegelung24.com\/et\/wp-json\/wp\/v2\/product_cat?post=157665"},{"taxonomy":"product_tag","embeddable":true,"href":"https:\/\/www.versiegelung24.com\/et\/wp-json\/wp\/v2\/product_tag?post=157665"}],"curies":[{"name":"wp","href":"https:\/\/api.w.org\/{rel}","templated":true}]}}