{"id":160921,"date":"2024-05-06T17:28:31","date_gmt":"2024-05-06T15:28:32","guid":{"rendered":"https:\/\/www.versiegelung24.com\/?post_type=product&#038;p=160921"},"modified":"2025-01-13T17:08:30","modified_gmt":"2025-01-13T16:08:30","slug":"arbeitshandschuhe-nylon-schwarz-groesse-9","status":"publish","type":"product","link":"https:\/\/www.versiegelung24.com\/et\/arbeitshandschuhe-nylon-schwarz-groesse-9.html","title":{"rendered":"T\u00f6\u00f6kindad nailonist mustad suurus 9"},"content":{"rendered":"\n<h4 class=\"wp-block-heading\" id=\"h-beschreibung\">Kirjeldus<\/h4>\n\n<p>Universaalseks kasutamiseks m\u00f5eldud nailonkindad, millel on eriline libisemiskindlus ja kulumiskindlus. Nailonkindad on sujuvalt kootud ilma \u00e4rritavate \u00f5mblusteta ja hoiavad seega \u00e4ra naha\u00e4rrituse. T\u00e4nu t\u00e4iuslikule sobivusele pakuvad need eriti suurt mugavust. Kindad on pestavad ja korduvkasutatavad ning sobivad eriti h\u00e4sti n\u00e4iteks autot\u00f6\u00f6stuses, aianduses, kodumajapidamistes jne.<\/p>\n\n<hr \/>\n\n<h4 class=\"wp-block-heading\" id=\"properties\">Toote omadused<\/h4>\n\n<div class=\"wp-block-columns is-layout-flex wp-container-core-columns-is-layout-9d6595d7 wp-block-columns-is-layout-flex\">\n<div class=\"wp-block-column is-layout-flow wp-block-column-is-layout-flow\">\n<p>\u2713 Esmaklassiline, \u00f5huke pol\u00fcuretaankate peopesal ja s\u00f5rmedel<\/p>\n\n\n\n<p>\u2713 \u00d5mblusteta kootud ilma \u00e4rritavate \u00f5mblusteta, et v\u00e4ltida naha\u00e4rritust<\/p>\n\n\n\n<p>\u2713 T\u00e4nu t\u00e4iuslikule istuvusele \u00fclimugav<\/p>\n\n\n\n<p>\u2713 Valmistatud vastavalt standardile EN 388<\/p>\n\n\n\n<p>\u2713 Ideaalne peaaegu k\u00f5ikideks montaa\u017eit\u00f6\u00f6deks t\u00e4ppismehaanikas ja k\u00f5ikjal, kus on vaja t\u00e4psust.<\/p>\n\n\n\n<p>\u2713 Kindade kandmisest tingitud k\u00e4te v\u00e4simus puudub<\/p>\n\n\n\n<p>\u2713 K\u00e4eselg on katmata ja v\u00e4ga hingav<\/p>\n\n\n\n<p>\u2713 pestav<\/p>\n\n\n\n<p>\u2713 Suurus: 9<\/p>\n<\/div>\n<\/div>\n","protected":false},"excerpt":{"rendered":"<div class=\"product_text_extra\">\n<p>\u2713 Eriti libisemiskindel ja kulumiskindel<\/p>\n<p>\u2713 K\u00e4eselg on katmata ja v\u00e4ga hingav<\/p>\n<p>\u2713 T\u00e4nu t\u00e4iuslikule istuvusele \u00fclimugav<\/p>\n<p>\u2713 pestav ja korduvkasutatav<\/p>\n<p>\u2713 Valmistatud vastavalt standardile EN388<\/p>\n<\/div>\n","protected":false},"featured_media":161005,"template":"","meta":{"_acf_changed":false,"neve_meta_sidebar":"","neve_meta_container":"","neve_meta_enable_content_width":"","neve_meta_content_width":0,"neve_meta_title_alignment":"","neve_meta_author_avatar":"","neve_post_elements_order":"","neve_meta_disable_header":"","neve_meta_disable_footer":"","neve_meta_disable_title":"","neve_meta_reading_time":"","_surfaces":[],"_ver_product_tabs":[],"footnotes":""},"product_brand":[],"product_cat":[3071],"product_tag":[],"class_list":{"0":"post-160921","1":"product","2":"type-product","3":"status-publish","4":"has-post-thumbnail","6":"product_cat-varustus","8":"first","9":"instock","10":"taxable","11":"shipping-taxable","12":"purchasable","13":"product-type-simple"},"acf":[],"yoast_head":"<!-- This site is optimized with the Yoast SEO Premium plugin v22.8 (Yoast SEO v27.5) - https:\/\/yoast.com\/product\/yoast-seo-premium-wordpress\/ -->\n<title>T\u00f6\u00f6kindad nailonist mustad suurus 9 - versiegelung24.com<\/title>\n<meta name=\"robots\" content=\"index, follow, max-snippet:-1, max-image-preview:large, max-video-preview:-1\" \/>\n<link rel=\"canonical\" href=\"https:\/\/www.versiegelung24.com\/et\/arbeitshandschuhe-nylon-schwarz-groesse-9.html\" \/>\n<meta property=\"og:locale\" content=\"et_EE\" \/>\n<meta property=\"og:type\" content=\"article\" \/>\n<meta property=\"og:title\" content=\"T\u00f6\u00f6kindad nailonist mustad suurus 9\" \/>\n<meta property=\"og:description\" content=\"\u2713 Eriti libisemiskindel ja kulumiskindel \u2713 K\u00e4eselg on katmata ja v\u00e4ga hingav \u2713 T\u00e4nu t\u00e4iuslikule istuvusele \u00fclimugav \u2713 pestav ja korduvkasutatav \u2713 Valmistatud vastavalt standardile EN388\" \/>\n<meta property=\"og:url\" content=\"https:\/\/www.versiegelung24.com\/et\/arbeitshandschuhe-nylon-schwarz-groesse-9.html\" \/>\n<meta property=\"og:site_name\" content=\"versiegelung24.com\" \/>\n<meta property=\"article:modified_time\" content=\"2025-01-13T16:08:30+00:00\" \/>\n<meta name=\"twitter:card\" content=\"summary_large_image\" \/>\n<meta name=\"twitter:label1\" content=\"Price\" \/>\n\t<meta name=\"twitter:data1\" content=\"2,49&euro;\" \/>\n\t<meta name=\"twitter:label2\" content=\"Availability\" \/>\n\t<meta name=\"twitter:data2\" content=\"In stock\" \/>\n<script type=\"application\/ld+json\" class=\"yoast-schema-graph\">{\"@context\":\"https:\\\/\\\/schema.org\",\"@graph\":[{\"@type\":\"WebPage\",\"@id\":\"https:\\\/\\\/www.versiegelung24.com\\\/et\\\/arbeitshandschuhe-nylon-schwarz-groesse-9.html\",\"url\":\"https:\\\/\\\/www.versiegelung24.com\\\/et\\\/arbeitshandschuhe-nylon-schwarz-groesse-9.html\",\"name\":\"T\u00f6\u00f6kindad nailonist mustad suurus 9 - versiegelung24.com\",\"isPartOf\":{\"@id\":\"https:\\\/\\\/www.versiegelung24.com\\\/et\\\/#website\"},\"primaryImageOfPage\":{\"@id\":\"https:\\\/\\\/www.versiegelung24.com\\\/et\\\/arbeitshandschuhe-nylon-schwarz-groesse-9.html#primaryimage\"},\"image\":{\"@id\":\"https:\\\/\\\/www.versiegelung24.com\\\/et\\\/arbeitshandschuhe-nylon-schwarz-groesse-9.html#primaryimage\"},\"thumbnailUrl\":\"https:\\\/\\\/www.versiegelung24.com\\\/wp-content\\\/uploads\\\/2024\\\/05\\\/nitril-oben.webp\",\"datePublished\":\"2024-05-06T15:28:32+00:00\",\"dateModified\":\"2025-01-13T16:08:30+00:00\",\"breadcrumb\":{\"@id\":\"https:\\\/\\\/www.versiegelung24.com\\\/et\\\/arbeitshandschuhe-nylon-schwarz-groesse-9.html#breadcrumb\"},\"inLanguage\":\"et\",\"potentialAction\":[{\"@type\":\"ReadAction\",\"target\":[\"https:\\\/\\\/www.versiegelung24.com\\\/et\\\/arbeitshandschuhe-nylon-schwarz-groesse-9.html\"]}]},{\"@type\":\"ImageObject\",\"inLanguage\":\"et\",\"@id\":\"https:\\\/\\\/www.versiegelung24.com\\\/et\\\/arbeitshandschuhe-nylon-schwarz-groesse-9.html#primaryimage\",\"url\":\"https:\\\/\\\/www.versiegelung24.com\\\/wp-content\\\/uploads\\\/2024\\\/05\\\/nitril-oben.webp\",\"contentUrl\":\"https:\\\/\\\/www.versiegelung24.com\\\/wp-content\\\/uploads\\\/2024\\\/05\\\/nitril-oben.webp\",\"width\":2000,\"height\":2000},{\"@type\":\"BreadcrumbList\",\"@id\":\"https:\\\/\\\/www.versiegelung24.com\\\/et\\\/arbeitshandschuhe-nylon-schwarz-groesse-9.html#breadcrumb\",\"itemListElement\":[{\"@type\":\"ListItem\",\"position\":1,\"name\":\"Koduleht\",\"item\":\"https:\\\/\\\/www.versiegelung24.com\\\/et\\\/ees\\\/\"},{\"@type\":\"ListItem\",\"position\":2,\"name\":\"Pood\",\"item\":\"https:\\\/\\\/www.versiegelung24.com\\\/et\\\/pood\\\/\"},{\"@type\":\"ListItem\",\"position\":3,\"name\":\"T\u00f6\u00f6kindad nailonist mustad suurus 9\"}]},{\"@type\":\"WebSite\",\"@id\":\"https:\\\/\\\/www.versiegelung24.com\\\/et\\\/#website\",\"url\":\"https:\\\/\\\/www.versiegelung24.com\\\/et\\\/\",\"name\":\"versiegelung24.com\",\"description\":\"Fl\u00fcssigglas-Versiegelung - Made in Germany\",\"publisher\":{\"@id\":\"https:\\\/\\\/www.versiegelung24.com\\\/et\\\/#organization\"},\"potentialAction\":[{\"@type\":\"SearchAction\",\"target\":{\"@type\":\"EntryPoint\",\"urlTemplate\":\"https:\\\/\\\/www.versiegelung24.com\\\/et\\\/?s={search_term_string}\"},\"query-input\":{\"@type\":\"PropertyValueSpecification\",\"valueRequired\":true,\"valueName\":\"search_term_string\"}}],\"inLanguage\":\"et\"},{\"@type\":\"Organization\",\"@id\":\"https:\\\/\\\/www.versiegelung24.com\\\/et\\\/#organization\",\"name\":\"versiegelung24\",\"url\":\"https:\\\/\\\/www.versiegelung24.com\\\/et\\\/\",\"logo\":{\"@type\":\"ImageObject\",\"inLanguage\":\"et\",\"@id\":\"https:\\\/\\\/www.versiegelung24.com\\\/et\\\/#\\\/schema\\\/logo\\\/image\\\/\",\"url\":\"https:\\\/\\\/www.versiegelung24.com\\\/wp-content\\\/uploads\\\/2020\\\/04\\\/versiegelung24.png\",\"contentUrl\":\"https:\\\/\\\/www.versiegelung24.com\\\/wp-content\\\/uploads\\\/2020\\\/04\\\/versiegelung24.png\",\"width\":470,\"height\":102,\"caption\":\"versiegelung24\"},\"image\":{\"@id\":\"https:\\\/\\\/www.versiegelung24.com\\\/et\\\/#\\\/schema\\\/logo\\\/image\\\/\"}}]}<\/script>\n<meta property=\"product:price:amount\" content=\"2.49\" \/>\n<meta property=\"product:price:currency\" content=\"EUR\" \/>\n<meta property=\"og:availability\" content=\"instock\" \/>\n<meta property=\"product:availability\" content=\"instock\" \/>\n<meta property=\"product:retailer_item_id\" content=\"V24-SB340-9\" \/>\n<meta property=\"product:condition\" content=\"new\" \/>\n<!-- \/ Yoast SEO Premium plugin. -->","yoast_head_json":{"title":"T\u00f6\u00f6kindad nailonist mustad suurus 9 - versiegelung24.com","robots":{"index":"index","follow":"follow","max-snippet":"max-snippet:-1","max-image-preview":"max-image-preview:large","max-video-preview":"max-video-preview:-1"},"canonical":"https:\/\/www.versiegelung24.com\/et\/arbeitshandschuhe-nylon-schwarz-groesse-9.html","og_locale":"et_EE","og_type":"article","og_title":"T\u00f6\u00f6kindad nailonist mustad suurus 9","og_description":"\u2713 Eriti libisemiskindel ja kulumiskindel \u2713 K\u00e4eselg on katmata ja v\u00e4ga hingav \u2713 T\u00e4nu t\u00e4iuslikule istuvusele \u00fclimugav \u2713 pestav ja korduvkasutatav \u2713 Valmistatud vastavalt standardile EN388","og_url":"https:\/\/www.versiegelung24.com\/et\/arbeitshandschuhe-nylon-schwarz-groesse-9.html","og_site_name":"versiegelung24.com","article_modified_time":"2025-01-13T16:08:30+00:00","twitter_card":"summary_large_image","twitter_misc":{"Price":"2,49&euro;","Availability":"In stock"},"schema":{"@context":"https:\/\/schema.org","@graph":[{"@type":"WebPage","@id":"https:\/\/www.versiegelung24.com\/et\/arbeitshandschuhe-nylon-schwarz-groesse-9.html","url":"https:\/\/www.versiegelung24.com\/et\/arbeitshandschuhe-nylon-schwarz-groesse-9.html","name":"T\u00f6\u00f6kindad nailonist mustad suurus 9 - versiegelung24.com","isPartOf":{"@id":"https:\/\/www.versiegelung24.com\/et\/#website"},"primaryImageOfPage":{"@id":"https:\/\/www.versiegelung24.com\/et\/arbeitshandschuhe-nylon-schwarz-groesse-9.html#primaryimage"},"image":{"@id":"https:\/\/www.versiegelung24.com\/et\/arbeitshandschuhe-nylon-schwarz-groesse-9.html#primaryimage"},"thumbnailUrl":"https:\/\/www.versiegelung24.com\/wp-content\/uploads\/2024\/05\/nitril-oben.webp","datePublished":"2024-05-06T15:28:32+00:00","dateModified":"2025-01-13T16:08:30+00:00","breadcrumb":{"@id":"https:\/\/www.versiegelung24.com\/et\/arbeitshandschuhe-nylon-schwarz-groesse-9.html#breadcrumb"},"inLanguage":"et","potentialAction":[{"@type":"ReadAction","target":["https:\/\/www.versiegelung24.com\/et\/arbeitshandschuhe-nylon-schwarz-groesse-9.html"]}]},{"@type":"ImageObject","inLanguage":"et","@id":"https:\/\/www.versiegelung24.com\/et\/arbeitshandschuhe-nylon-schwarz-groesse-9.html#primaryimage","url":"https:\/\/www.versiegelung24.com\/wp-content\/uploads\/2024\/05\/nitril-oben.webp","contentUrl":"https:\/\/www.versiegelung24.com\/wp-content\/uploads\/2024\/05\/nitril-oben.webp","width":2000,"height":2000},{"@type":"BreadcrumbList","@id":"https:\/\/www.versiegelung24.com\/et\/arbeitshandschuhe-nylon-schwarz-groesse-9.html#breadcrumb","itemListElement":[{"@type":"ListItem","position":1,"name":"Koduleht","item":"https:\/\/www.versiegelung24.com\/et\/ees\/"},{"@type":"ListItem","position":2,"name":"Pood","item":"https:\/\/www.versiegelung24.com\/et\/pood\/"},{"@type":"ListItem","position":3,"name":"T\u00f6\u00f6kindad nailonist mustad suurus 9"}]},{"@type":"WebSite","@id":"https:\/\/www.versiegelung24.com\/et\/#website","url":"https:\/\/www.versiegelung24.com\/et\/","name":"versiegelung24.com","description":"Fl\u00fcssigglas-Versiegelung - Made in Germany","publisher":{"@id":"https:\/\/www.versiegelung24.com\/et\/#organization"},"potentialAction":[{"@type":"SearchAction","target":{"@type":"EntryPoint","urlTemplate":"https:\/\/www.versiegelung24.com\/et\/?s={search_term_string}"},"query-input":{"@type":"PropertyValueSpecification","valueRequired":true,"valueName":"search_term_string"}}],"inLanguage":"et"},{"@type":"Organization","@id":"https:\/\/www.versiegelung24.com\/et\/#organization","name":"versiegelung24","url":"https:\/\/www.versiegelung24.com\/et\/","logo":{"@type":"ImageObject","inLanguage":"et","@id":"https:\/\/www.versiegelung24.com\/et\/#\/schema\/logo\/image\/","url":"https:\/\/www.versiegelung24.com\/wp-content\/uploads\/2020\/04\/versiegelung24.png","contentUrl":"https:\/\/www.versiegelung24.com\/wp-content\/uploads\/2020\/04\/versiegelung24.png","width":470,"height":102,"caption":"versiegelung24"},"image":{"@id":"https:\/\/www.versiegelung24.com\/et\/#\/schema\/logo\/image\/"}}]},"product_price_amount":"2.49","product_price_currency":"EUR","og_availability":"instock","product_availability":"instock","product_retailer_item_id":"V24-SB340-9","product_condition":"new"},"_links":{"self":[{"href":"https:\/\/www.versiegelung24.com\/et\/wp-json\/wp\/v2\/product\/160921","targetHints":{"allow":["GET"]}}],"collection":[{"href":"https:\/\/www.versiegelung24.com\/et\/wp-json\/wp\/v2\/product"}],"about":[{"href":"https:\/\/www.versiegelung24.com\/et\/wp-json\/wp\/v2\/types\/product"}],"version-history":[{"count":4,"href":"https:\/\/www.versiegelung24.com\/et\/wp-json\/wp\/v2\/product\/160921\/revisions"}],"predecessor-version":[{"id":180721,"href":"https:\/\/www.versiegelung24.com\/et\/wp-json\/wp\/v2\/product\/160921\/revisions\/180721"}],"wp:featuredmedia":[{"embeddable":true,"href":"https:\/\/www.versiegelung24.com\/et\/wp-json\/wp\/v2\/media\/161005"}],"wp:attachment":[{"href":"https:\/\/www.versiegelung24.com\/et\/wp-json\/wp\/v2\/media?parent=160921"}],"wp:term":[{"taxonomy":"product_brand","embeddable":true,"href":"https:\/\/www.versiegelung24.com\/et\/wp-json\/wp\/v2\/product_brand?post=160921"},{"taxonomy":"product_cat","embeddable":true,"href":"https:\/\/www.versiegelung24.com\/et\/wp-json\/wp\/v2\/product_cat?post=160921"},{"taxonomy":"product_tag","embeddable":true,"href":"https:\/\/www.versiegelung24.com\/et\/wp-json\/wp\/v2\/product_tag?post=160921"}],"curies":[{"name":"wp","href":"https:\/\/api.w.org\/{rel}","templated":true}]}}