{"id":181830,"date":"2025-07-31T12:51:03","date_gmt":"2025-07-31T10:51:08","guid":{"rendered":"https:\/\/www.versiegelung24.com\/?post_type=product&#038;p=181830"},"modified":"2025-09-05T13:33:23","modified_gmt":"2025-09-05T11:33:23","slug":"holzimpragnierung-silanbasis","status":"publish","type":"product","link":"https:\/\/www.versiegelung24.com\/et\/holzimpragnierung-silanbasis.html","title":{"rendered":"Puidu immutamine &#8211; looduslik puidukaitse silaani baasil"},"content":{"rendered":"\n<h2 class=\"wp-block-heading\" id=\"h-holzschutz-naturimpragnierung-auf-silanbasis-wasserbasierend\"><strong>Puidukaitse: Silaanip\u00f5hine looduslik impregneerimine (veep\u00f5hine)<\/strong><\/h2>\n\n<p>K\u00f5rge kvaliteet Valmistatud Saksamaal.<\/p>\n\n<hr\/>\n\n<div class=\"wp-block-columns is-layout-flex wp-container-core-columns-is-layout-9d6595d7 wp-block-columns-is-layout-flex\">\n<div class=\"wp-block-column is-layout-flow wp-block-column-is-layout-flow\">\n<p>Meie puiduimmutus on kasutusvalmis silaanip\u00f5hine immutuss\u00fcsteem. See stabiliseerib ligniini ja kaitseb seega puitu m\u00e4rkimisv\u00e4\u00e4rselt haljastumise eest. Selle h\u00fcdrofoobsed omadused takistavad soovimatu niiskuse ja mustuse tungimist puidu sisse.  <\/p>\n\n\n\n<p><strong>Sobib:<\/strong> Puit, k\u00f5nniteed, autovarjualused, aknalaudad, aiamajad, aiam\u00f6\u00f6bel, ehituspuit, fassaadid, istutuskastid, terrassid, aiad ja palju muud.<\/p>\n<\/div>\n\n\n\n<div class=\"wp-block-column is-layout-flow wp-block-column-is-layout-flow\">\n<figure class=\"wp-block-image size-large\"><img fetchpriority=\"high\" decoding=\"async\" width=\"1300\" height=\"851\" src=\"https:\/\/www.versiegelung24.com\/wp-content\/uploads\/2025\/07\/image-1300x851.png\" alt=\"\" class=\"wp-image-181965\" srcset=\"https:\/\/www.versiegelung24.com\/wp-content\/uploads\/2025\/07\/image-1300x851.png 1300w, https:\/\/www.versiegelung24.com\/wp-content\/uploads\/2025\/07\/image-300x196.png 300w, https:\/\/www.versiegelung24.com\/wp-content\/uploads\/2025\/07\/image-768x503.png 768w, https:\/\/www.versiegelung24.com\/wp-content\/uploads\/2025\/07\/image-1536x1006.png 1536w, https:\/\/www.versiegelung24.com\/wp-content\/uploads\/2025\/07\/image-600x393.png 600w, https:\/\/www.versiegelung24.com\/wp-content\/uploads\/2025\/07\/image.png 1784w\" sizes=\"(max-width: 1300px) 100vw, 1300px\" \/><\/figure>\n<\/div>\n<\/div>\n\n<h4 class=\"wp-block-heading\" id=\"properties\">Toote omadused<\/h4>\n\n<div class=\"wp-block-columns is-layout-flex wp-container-core-columns-is-layout-9d6595d7 wp-block-columns-is-layout-flex\">\n<div class=\"wp-block-column is-layout-flow wp-block-column-is-layout-flow\">\n<ul class=\"wp-block-list\">\n<li><strong>V\u00e4rvikindel<\/strong> &#8211; l\u00e4bipaistev kaitse puidu v\u00e4rvi s\u00e4ilitamiseks.  <\/li>\n\n\n\n<li><strong>Ei sisalda naftasaadusi<\/strong> &#8211; Keskkonnas\u00f5bralik koostis.  <\/li>\n\n\n\n<li><strong>Primer ja kaitsefunktsioon \u00fches etapis<\/strong> &#8211; Lihtne pealekandmine  <\/li>\n\n\n\n<li><strong>V\u00e4ga kiire kuivatamine<\/strong> &#8211; aja kokkuhoidev t\u00f6\u00f6tlemine  <\/li>\n\n\n\n<li><strong>Vastupidavus<\/strong> &#8211; 2-5 aastat (siseruumides kasutamisel oluliselt kauem).<\/li>\n\n\n\n<li><strong>Ligniinikaitse<\/strong> <strong>aeglustab<\/strong> oluliselt <strong>haljastumisprotsessi<\/strong> <strong>mitme kuu<\/strong> v\u00f5rra.<\/li>\n<\/ul>\n<\/div>\n\n\n\n<div class=\"wp-block-column is-layout-flow wp-block-column-is-layout-flow\">\n<ul class=\"wp-block-list\">\n<li><strong>PFAS-, PFOA ja PFOS-vaba<\/strong><\/li>\n\n\n\n<li><strong>Kaitseb p\u00e4ikesevalgusest tingitud halvenemise eest<\/strong> &#8211; UV-kaitse  <\/li>\n\n\n\n<li><strong>Vett ja mustust h\u00fclgav<\/strong> &#8211; H\u00fcdrofoobsed omadused  <\/li>\n\n\n\n<li><strong>Takistab vetikate, sambla ja sambla kasvu<\/strong> &#8211; Pikaajaline kaitse  <\/li>\n\n\n\n<li><strong>Tarbimine: 1 liitrist piisab umbes 30-40 m\u00b2 jaoks<\/strong> (s\u00f5ltuvalt aluspinnasest).<\/li>\n\n\n\n<li><strong>Eelistatud on vertikaalsete<\/strong> puitpindade peal (puitaed, &#8230; ) ja all (puitpostid).<\/li>\n<\/ul>\n<\/div>\n<\/div>\n\n<p>Tarnekomplekt: 1 x liitrine pudel, 1 x pumba pihustuspea<br\/><\/p>\n\n<hr\/>\n\n<h4 class=\"wp-block-heading\" id=\"application\">Taotlus<\/h4>\n\n<div class=\"wp-block-columns is-layout-flex wp-container-core-columns-is-layout-9d6595d7 wp-block-columns-is-layout-flex\">\n<div class=\"wp-block-column is-layout-flow wp-block-column-is-layout-flow\">\n<p><strong>Ettevalmistus:<\/strong><\/p>\n\n\n\n<ul class=\"wp-block-list\">\n<li>Enne kasutamist loksutage tugevalt 1 minut.<\/li>\n\n\n\n<li>T\u00f6\u00f6deldavad pinnad peavad olema puhtad, t\u00e4iesti kuivad ja tolmuvabad ning neid ei tohi eelnevalt teiste pinnakatetega t\u00f6\u00f6delda.<\/li>\n\n\n\n<li>V\u00e4rvi, rasva, \u00f5li v\u00f5i orgaanilise kasvu (vetikad, samblik, sammal) p\u00f5hjustatud saaste tuleb eelnevalt eemaldada.<\/li>\n<\/ul>\n\n\n\n<p><strong>Taotlus:<\/strong><\/p>\n\n\n\n<ul class=\"wp-block-list\">\n<li><strong>Soovitatav meetod:<\/strong> Toode tuleks eelistatavalt pihustada pihustiga\/madalapump-pihustiga.<\/li>\n\n\n\n<li>Reguleerige pinna kaugus vastavalt oma pihusti tugevusele.<\/li>\n\n\n\n<li>Pind peaks j\u00e4tma \u00fchtlase, niiske mulje.<\/li>\n\n\n\n<li><strong>Alternatiiv:<\/strong> Pintsli\/rulliga pealekandmine on v\u00f5imalik, kuid seda tuleks eelnevalt v\u00e4ikesel alal katsetada. V\u00e4ltida l\u00f6rtside tekkimist! <\/li>\n<\/ul>\n\n\n\n<p><strong>T\u00f6\u00f6tlemine:<\/strong><\/p>\n\n\n\n<ul class=\"wp-block-list\">\n<li>Pihustage v\u00e4hemalt kaks korda t\u00f6\u00f6deldavale pinnale, et saavutada optimaalne katvus.<\/li>\n\n\n\n<li>S\u00f5ltuvalt aluspinna imavusest ja n\u00f5uetest v\u00f5ib seda protsessi korrata p\u00e4rast esimese kihi kuivamist.<\/li>\n\n\n\n<li>Kui pinnale on kantud liiga palju toodet, saab seda niiske lapiga eemaldada, kui see on veel m\u00e4rg.<\/li>\n\n\n\n<li>Kasutatud t\u00f6\u00f6riistu tuleb p\u00e4rast kasutamist rohke veega puhastada.<\/li>\n<\/ul>\n\n\n\n<p><strong>Kuivamisaeg:<\/strong><\/p>\n\n\n\n<ul class=\"wp-block-list\">\n<li>J\u00e4tke toode v\u00e4hemalt 30 minutiks.<\/li>\n\n\n\n<li>T\u00e4ielik k\u00f5venemise aeg on umbes 6-12 tundi.<\/li>\n\n\n\n<li>Selle aja jooksul peab pind j\u00e4\u00e4ma kuivaks ja mitte olema koormatud.<\/li>\n<\/ul>\n\n\n\n<p><strong>Impregneeritud pinna hooldamine ja puhastamine:<\/strong><\/p>\n\n\n\n<ul class=\"wp-block-list\">\n<li>Puhastage pindu ainult vee v\u00f5i kerge orgaanilise puhastusvahendiga, nt meie <a href=\"https:\/\/www.versiegelung24.com\/et\/biosativa-bioloogiline-eelpuhasti.html\">BIOSATIVA\u00ae orgaanilise puhastusvahendiga &#8211; 100% looduslik &#8211; 100% orgaaniline.<\/a> <\/li>\n\n\n\n<li>Agressiivsed puhastusvahendid (keemilised puhastusvahendid, puhastusvahendid jne) ei ole vajalikud ja kahjustaksid kaitsefunktsiooni.<\/li>\n\n\n\n<li>Regulaarne \u00f5rn puhastamine ja hooldamine tagab pikema vastupidavuse ja kauakestva ilusa v\u00e4limuse.<\/li>\n<\/ul>\n\n\n\n<p><strong>Ladustamine:<\/strong><\/p>\n\n\n\n<ul class=\"wp-block-list\">\n<li>S\u00e4ilitada kuivas ja k\u00fclmakraadivabas kohas temperatuuril 5-25 \u00b0C.<\/li>\n\n\n\n<li>S\u00e4ilib avamata originaalpakendis v\u00e4hemalt 24 kuud, kui seda s\u00e4ilitatakse n\u00f5uetekohaselt.<\/li>\n<\/ul>\n<\/div>\n<\/div>\n\n<h2 class=\"wp-block-heading\" id=\"h-galerie\">Galerii<\/h2>\n\n<div class=\"wp-block-getwid-images-slider gallery-wood has-arrows-inside has-dots-inside has-images-center has-fitted-images has-fixed-height\"><div class=\"wp-block-getwid-images-slider__wrapper\" data-effect=\"slide\" data-slides-show=\"1\" data-slides-show-laptop=\"1\" data-slides-show-tablet=\"1\" data-slides-show-mobile=\"1\" data-slides-scroll=\"1\" data-autoplay=\"true\" data-pause-hover=\"true\" data-autoplay-speed=\"3000\" data-infinite=\"true\" data-animation-speed=\"800\" data-center-mode=\"false\" data-variable-width=\"false\" data-arrows=\"inside\" data-dots=\"inside\" data-spacing=\"none\"><div class=\"wp-block-getwid-images-slider__item\" style=\"height:500px\"><figure><img decoding=\"async\" width=\"1634\" height=\"1620\" src=\"https:\/\/www.versiegelung24.com\/wp-content\/uploads\/2025\/07\/Holzimpraegnierung-pfloecke.png\" data-id=\"181994\" data-link=\"https:\/\/www.versiegelung24.com\/holzversiegelung-in-profi-qualitaet-kopie.html\/attachment\/holzimpraegnierung-pfloecke\/\" data-original-link=\"https:\/\/www.versiegelung24.com\/wp-content\/uploads\/2025\/07\/Holzimpraegnierung-pfloecke.png\" class=\"wp-block-getwid-images-slider__image wp-image-181994\" srcset=\"https:\/\/www.versiegelung24.com\/wp-content\/uploads\/2025\/07\/Holzimpraegnierung-pfloecke.png 1634w, https:\/\/www.versiegelung24.com\/wp-content\/uploads\/2025\/07\/Holzimpraegnierung-pfloecke-300x297.png 300w, https:\/\/www.versiegelung24.com\/wp-content\/uploads\/2025\/07\/Holzimpraegnierung-pfloecke-1300x1289.png 1300w, https:\/\/www.versiegelung24.com\/wp-content\/uploads\/2025\/07\/Holzimpraegnierung-pfloecke-80x80.png 80w, https:\/\/www.versiegelung24.com\/wp-content\/uploads\/2025\/07\/Holzimpraegnierung-pfloecke-768x761.png 768w, https:\/\/www.versiegelung24.com\/wp-content\/uploads\/2025\/07\/Holzimpraegnierung-pfloecke-1536x1523.png 1536w, https:\/\/www.versiegelung24.com\/wp-content\/uploads\/2025\/07\/Holzimpraegnierung-pfloecke-70x70.png 70w, https:\/\/www.versiegelung24.com\/wp-content\/uploads\/2025\/07\/Holzimpraegnierung-pfloecke-600x595.png 600w, https:\/\/www.versiegelung24.com\/wp-content\/uploads\/2025\/07\/Holzimpraegnierung-pfloecke-100x100.png 100w\" sizes=\"(max-width: 1634px) 100vw, 1634px\" \/><\/figure><\/div><div class=\"wp-block-getwid-images-slider__item\" style=\"height:500px\"><figure><img decoding=\"async\" width=\"1726\" height=\"1252\" src=\"https:\/\/www.versiegelung24.com\/wp-content\/uploads\/2025\/07\/Holzimpraegnierung-bank.png\" data-id=\"182022\" data-link=\"https:\/\/www.versiegelung24.com\/holzversiegelung-in-profi-qualitaet-kopie.html\/attachment\/holzimpraegnierung-bank\/\" data-original-link=\"https:\/\/www.versiegelung24.com\/wp-content\/uploads\/2025\/07\/Holzimpraegnierung-bank.png\" class=\"wp-block-getwid-images-slider__image wp-image-182022\" srcset=\"https:\/\/www.versiegelung24.com\/wp-content\/uploads\/2025\/07\/Holzimpraegnierung-bank.png 1726w, https:\/\/www.versiegelung24.com\/wp-content\/uploads\/2025\/07\/Holzimpraegnierung-bank-300x218.png 300w, https:\/\/www.versiegelung24.com\/wp-content\/uploads\/2025\/07\/Holzimpraegnierung-bank-1300x943.png 1300w, https:\/\/www.versiegelung24.com\/wp-content\/uploads\/2025\/07\/Holzimpraegnierung-bank-768x557.png 768w, https:\/\/www.versiegelung24.com\/wp-content\/uploads\/2025\/07\/Holzimpraegnierung-bank-1536x1114.png 1536w, https:\/\/www.versiegelung24.com\/wp-content\/uploads\/2025\/07\/Holzimpraegnierung-bank-600x435.png 600w\" sizes=\"(max-width: 1726px) 100vw, 1726px\" \/><\/figure><\/div><div class=\"wp-block-getwid-images-slider__item\" style=\"height:500px\"><figure><img loading=\"lazy\" decoding=\"async\" width=\"1982\" height=\"1274\" src=\"https:\/\/www.versiegelung24.com\/wp-content\/uploads\/2025\/07\/Holzimpraegnierung-eigenschaften.png\" data-id=\"182050\" data-link=\"https:\/\/www.versiegelung24.com\/holzversiegelung-in-profi-qualitaet-kopie.html\/attachment\/holzimpraegnierung-eigenschaften\/\" data-original-link=\"https:\/\/www.versiegelung24.com\/wp-content\/uploads\/2025\/07\/Holzimpraegnierung-eigenschaften.png\" class=\"wp-block-getwid-images-slider__image wp-image-182050\" srcset=\"https:\/\/www.versiegelung24.com\/wp-content\/uploads\/2025\/07\/Holzimpraegnierung-eigenschaften.png 1982w, https:\/\/www.versiegelung24.com\/wp-content\/uploads\/2025\/07\/Holzimpraegnierung-eigenschaften-300x193.png 300w, https:\/\/www.versiegelung24.com\/wp-content\/uploads\/2025\/07\/Holzimpraegnierung-eigenschaften-1300x836.png 1300w, https:\/\/www.versiegelung24.com\/wp-content\/uploads\/2025\/07\/Holzimpraegnierung-eigenschaften-768x494.png 768w, https:\/\/www.versiegelung24.com\/wp-content\/uploads\/2025\/07\/Holzimpraegnierung-eigenschaften-1536x987.png 1536w, https:\/\/www.versiegelung24.com\/wp-content\/uploads\/2025\/07\/Holzimpraegnierung-eigenschaften-600x386.png 600w\" sizes=\"(max-width: 1982px) 100vw, 1982px\" \/><\/figure><\/div><\/div><\/div>\n\n<p><\/p>\n","protected":false},"excerpt":{"rendered":"<p><strong>V\u00e4ga t\u00f5hus tihendaja puidust sise- ja v\u00e4lispindadele<\/strong><\/p>\n<p>\u2713 V\u00e4rvikindlus ja kaitse halvenemise eest<\/p>\n<p>\u2713 Vett ja mustust h\u00fclgav<\/p>\n<p>\u2713 Alustamine ja kaitse \u00fches etapis<\/p>\n<p>\u2713 PFAS-, PFOA ja PFOS-vaba<\/p>\n<p>&nbsp;<\/p>\n","protected":false},"featured_media":183263,"template":"","meta":{"_acf_changed":false,"neve_meta_sidebar":"","neve_meta_container":"","neve_meta_enable_content_width":"","neve_meta_content_width":0,"neve_meta_title_alignment":"","neve_meta_author_avatar":"","neve_post_elements_order":"","neve_meta_disable_header":"","neve_meta_disable_footer":"","neve_meta_disable_title":"","neve_meta_reading_time":"","_surfaces":[],"_ver_product_tabs":null,"footnotes":""},"product_brand":[],"product_cat":[2333],"product_tag":[],"class_list":{"0":"post-181830","1":"product","2":"type-product","3":"status-publish","4":"has-post-thumbnail","6":"product_cat-puidu-tihendamine","7":"pa_gebinde-1000-ml-pudel","8":"pa_gebinde-5l-kanister-et","9":"pa_gebinde-10-ml-pudel","10":"pa_gebinde-5-ml-pudel","11":"pa_gebinde-125-ml-pihustuspudel","12":"pa_gebinde-1000-ml-taeitmispudel","13":"pa_gebinde-20l-kanister-et","14":"pa_gebinde-10l-kanister-et","15":"pa_gebinde-tegevuskomplekt-koos-100ml-pudeliga","16":"pa_gebinde-50-ml-pudel","17":"pa_gebinde-action-komplekt-50ml-pudeliga","18":"pa_gebinde-100-ml-pudel","19":"pa_gebinde-150ml-pudel","20":"pa_gebinde-500-ml-pudel","21":"pa_gebinde-200ml-pudel","23":"first","24":"instock","25":"taxable","26":"shipping-taxable","27":"purchasable","28":"product-type-variable","29":"has-default-attributes"},"acf":[],"yoast_head":"<!-- This site is optimized with the Yoast SEO Premium plugin v22.8 (Yoast SEO v27.5) - https:\/\/yoast.com\/product\/yoast-seo-premium-wordpress\/ -->\n<title>Puidu immutamine - looduslik puidukaitse silaani baasil - versiegelung24.com<\/title>\n<meta name=\"robots\" content=\"index, follow, max-snippet:-1, max-image-preview:large, max-video-preview:-1\" \/>\n<link rel=\"canonical\" href=\"https:\/\/www.versiegelung24.com\/et\/holzimpragnierung-silanbasis.html\" \/>\n<meta property=\"og:locale\" content=\"et_EE\" \/>\n<meta property=\"og:type\" content=\"article\" \/>\n<meta property=\"og:title\" content=\"Puidu immutamine - looduslik puidukaitse silaani baasil\" \/>\n<meta property=\"og:description\" content=\"V\u00e4ga t\u00f5hus tihendaja puidust sise- ja v\u00e4lispindadele \u2713 V\u00e4rvikindlus ja kaitse halvenemise eest \u2713 Vett ja mustust h\u00fclgav \u2713 Alustamine ja kaitse \u00fches etapis \u2713 PFAS-, PFOA ja PFOS-vaba &nbsp;\" \/>\n<meta property=\"og:url\" content=\"https:\/\/www.versiegelung24.com\/et\/holzimpragnierung-silanbasis.html\" \/>\n<meta property=\"og:site_name\" content=\"versiegelung24.com\" \/>\n<meta property=\"article:modified_time\" content=\"2025-09-05T11:33:23+00:00\" \/>\n<meta property=\"og:image\" content=\"https:\/\/www.versiegelung24.com\/wp-content\/uploads\/2025\/07\/V24-Holzimpraegnierung-4008-693.jpg\" \/>\n\t<meta property=\"og:image:width\" content=\"2560\" \/>\n\t<meta property=\"og:image:height\" content=\"2560\" \/>\n\t<meta property=\"og:image:type\" content=\"image\/jpeg\" \/>\n<meta name=\"twitter:card\" content=\"summary_large_image\" \/>\n<meta name=\"twitter:label1\" content=\"Availability\" \/>\n\t<meta name=\"twitter:data1\" content=\"In stock\" \/>\n<script type=\"application\/ld+json\" class=\"yoast-schema-graph\">{\"@context\":\"https:\\\/\\\/schema.org\",\"@graph\":[{\"@type\":\"WebPage\",\"@id\":\"https:\\\/\\\/www.versiegelung24.com\\\/et\\\/holzimpragnierung-silanbasis.html\",\"url\":\"https:\\\/\\\/www.versiegelung24.com\\\/et\\\/holzimpragnierung-silanbasis.html\",\"name\":\"Puidu immutamine - looduslik puidukaitse silaani baasil - versiegelung24.com\",\"isPartOf\":{\"@id\":\"https:\\\/\\\/www.versiegelung24.com\\\/et\\\/#website\"},\"primaryImageOfPage\":{\"@id\":\"https:\\\/\\\/www.versiegelung24.com\\\/et\\\/holzimpragnierung-silanbasis.html#primaryimage\"},\"image\":{\"@id\":\"https:\\\/\\\/www.versiegelung24.com\\\/et\\\/holzimpragnierung-silanbasis.html#primaryimage\"},\"thumbnailUrl\":\"https:\\\/\\\/www.versiegelung24.com\\\/wp-content\\\/uploads\\\/2025\\\/07\\\/V24-Holzimpraegnierung-4008-693.jpg\",\"datePublished\":\"2025-07-31T10:51:08+00:00\",\"dateModified\":\"2025-09-05T11:33:23+00:00\",\"breadcrumb\":{\"@id\":\"https:\\\/\\\/www.versiegelung24.com\\\/et\\\/holzimpragnierung-silanbasis.html#breadcrumb\"},\"inLanguage\":\"et\",\"potentialAction\":[{\"@type\":\"ReadAction\",\"target\":[\"https:\\\/\\\/www.versiegelung24.com\\\/et\\\/holzimpragnierung-silanbasis.html\"]}]},{\"@type\":\"ImageObject\",\"inLanguage\":\"et\",\"@id\":\"https:\\\/\\\/www.versiegelung24.com\\\/et\\\/holzimpragnierung-silanbasis.html#primaryimage\",\"url\":\"https:\\\/\\\/www.versiegelung24.com\\\/wp-content\\\/uploads\\\/2025\\\/07\\\/V24-Holzimpraegnierung-4008-693.jpg\",\"contentUrl\":\"https:\\\/\\\/www.versiegelung24.com\\\/wp-content\\\/uploads\\\/2025\\\/07\\\/V24-Holzimpraegnierung-4008-693.jpg\",\"width\":2560,\"height\":2560},{\"@type\":\"BreadcrumbList\",\"@id\":\"https:\\\/\\\/www.versiegelung24.com\\\/et\\\/holzimpragnierung-silanbasis.html#breadcrumb\",\"itemListElement\":[{\"@type\":\"ListItem\",\"position\":1,\"name\":\"Koduleht\",\"item\":\"https:\\\/\\\/www.versiegelung24.com\\\/et\\\/ees\\\/\"},{\"@type\":\"ListItem\",\"position\":2,\"name\":\"Pood\",\"item\":\"https:\\\/\\\/www.versiegelung24.com\\\/et\\\/pood\\\/\"},{\"@type\":\"ListItem\",\"position\":3,\"name\":\"Puidu immutamine &#8211; looduslik puidukaitse silaani baasil\"}]},{\"@type\":\"WebSite\",\"@id\":\"https:\\\/\\\/www.versiegelung24.com\\\/et\\\/#website\",\"url\":\"https:\\\/\\\/www.versiegelung24.com\\\/et\\\/\",\"name\":\"versiegelung24.com\",\"description\":\"Fl\u00fcssigglas-Versiegelung - Made in Germany\",\"publisher\":{\"@id\":\"https:\\\/\\\/www.versiegelung24.com\\\/et\\\/#organization\"},\"potentialAction\":[{\"@type\":\"SearchAction\",\"target\":{\"@type\":\"EntryPoint\",\"urlTemplate\":\"https:\\\/\\\/www.versiegelung24.com\\\/et\\\/?s={search_term_string}\"},\"query-input\":{\"@type\":\"PropertyValueSpecification\",\"valueRequired\":true,\"valueName\":\"search_term_string\"}}],\"inLanguage\":\"et\"},{\"@type\":\"Organization\",\"@id\":\"https:\\\/\\\/www.versiegelung24.com\\\/et\\\/#organization\",\"name\":\"versiegelung24\",\"url\":\"https:\\\/\\\/www.versiegelung24.com\\\/et\\\/\",\"logo\":{\"@type\":\"ImageObject\",\"inLanguage\":\"et\",\"@id\":\"https:\\\/\\\/www.versiegelung24.com\\\/et\\\/#\\\/schema\\\/logo\\\/image\\\/\",\"url\":\"https:\\\/\\\/www.versiegelung24.com\\\/wp-content\\\/uploads\\\/2020\\\/04\\\/versiegelung24.png\",\"contentUrl\":\"https:\\\/\\\/www.versiegelung24.com\\\/wp-content\\\/uploads\\\/2020\\\/04\\\/versiegelung24.png\",\"width\":470,\"height\":102,\"caption\":\"versiegelung24\"},\"image\":{\"@id\":\"https:\\\/\\\/www.versiegelung24.com\\\/et\\\/#\\\/schema\\\/logo\\\/image\\\/\"}}]}<\/script>\n<meta property=\"og:availability\" content=\"instock\" \/>\n<meta property=\"product:availability\" content=\"instock\" \/>\n<meta property=\"product:retailer_item_id\" content=\"4008-693\" \/>\n<meta property=\"product:condition\" content=\"new\" \/>\n<!-- \/ Yoast SEO Premium plugin. -->","yoast_head_json":{"title":"Puidu immutamine - looduslik puidukaitse silaani baasil - versiegelung24.com","robots":{"index":"index","follow":"follow","max-snippet":"max-snippet:-1","max-image-preview":"max-image-preview:large","max-video-preview":"max-video-preview:-1"},"canonical":"https:\/\/www.versiegelung24.com\/et\/holzimpragnierung-silanbasis.html","og_locale":"et_EE","og_type":"article","og_title":"Puidu immutamine - looduslik puidukaitse silaani baasil","og_description":"V\u00e4ga t\u00f5hus tihendaja puidust sise- ja v\u00e4lispindadele \u2713 V\u00e4rvikindlus ja kaitse halvenemise eest \u2713 Vett ja mustust h\u00fclgav \u2713 Alustamine ja kaitse \u00fches etapis \u2713 PFAS-, PFOA ja PFOS-vaba &nbsp;","og_url":"https:\/\/www.versiegelung24.com\/et\/holzimpragnierung-silanbasis.html","og_site_name":"versiegelung24.com","article_modified_time":"2025-09-05T11:33:23+00:00","og_image":[{"width":2560,"height":2560,"url":"https:\/\/www.versiegelung24.com\/wp-content\/uploads\/2025\/07\/V24-Holzimpraegnierung-4008-693.jpg","type":"image\/jpeg"}],"twitter_card":"summary_large_image","twitter_misc":{"Availability":"In stock"},"schema":{"@context":"https:\/\/schema.org","@graph":[{"@type":"WebPage","@id":"https:\/\/www.versiegelung24.com\/et\/holzimpragnierung-silanbasis.html","url":"https:\/\/www.versiegelung24.com\/et\/holzimpragnierung-silanbasis.html","name":"Puidu immutamine - looduslik puidukaitse silaani baasil - versiegelung24.com","isPartOf":{"@id":"https:\/\/www.versiegelung24.com\/et\/#website"},"primaryImageOfPage":{"@id":"https:\/\/www.versiegelung24.com\/et\/holzimpragnierung-silanbasis.html#primaryimage"},"image":{"@id":"https:\/\/www.versiegelung24.com\/et\/holzimpragnierung-silanbasis.html#primaryimage"},"thumbnailUrl":"https:\/\/www.versiegelung24.com\/wp-content\/uploads\/2025\/07\/V24-Holzimpraegnierung-4008-693.jpg","datePublished":"2025-07-31T10:51:08+00:00","dateModified":"2025-09-05T11:33:23+00:00","breadcrumb":{"@id":"https:\/\/www.versiegelung24.com\/et\/holzimpragnierung-silanbasis.html#breadcrumb"},"inLanguage":"et","potentialAction":[{"@type":"ReadAction","target":["https:\/\/www.versiegelung24.com\/et\/holzimpragnierung-silanbasis.html"]}]},{"@type":"ImageObject","inLanguage":"et","@id":"https:\/\/www.versiegelung24.com\/et\/holzimpragnierung-silanbasis.html#primaryimage","url":"https:\/\/www.versiegelung24.com\/wp-content\/uploads\/2025\/07\/V24-Holzimpraegnierung-4008-693.jpg","contentUrl":"https:\/\/www.versiegelung24.com\/wp-content\/uploads\/2025\/07\/V24-Holzimpraegnierung-4008-693.jpg","width":2560,"height":2560},{"@type":"BreadcrumbList","@id":"https:\/\/www.versiegelung24.com\/et\/holzimpragnierung-silanbasis.html#breadcrumb","itemListElement":[{"@type":"ListItem","position":1,"name":"Koduleht","item":"https:\/\/www.versiegelung24.com\/et\/ees\/"},{"@type":"ListItem","position":2,"name":"Pood","item":"https:\/\/www.versiegelung24.com\/et\/pood\/"},{"@type":"ListItem","position":3,"name":"Puidu immutamine &#8211; looduslik puidukaitse silaani baasil"}]},{"@type":"WebSite","@id":"https:\/\/www.versiegelung24.com\/et\/#website","url":"https:\/\/www.versiegelung24.com\/et\/","name":"versiegelung24.com","description":"Fl\u00fcssigglas-Versiegelung - Made in Germany","publisher":{"@id":"https:\/\/www.versiegelung24.com\/et\/#organization"},"potentialAction":[{"@type":"SearchAction","target":{"@type":"EntryPoint","urlTemplate":"https:\/\/www.versiegelung24.com\/et\/?s={search_term_string}"},"query-input":{"@type":"PropertyValueSpecification","valueRequired":true,"valueName":"search_term_string"}}],"inLanguage":"et"},{"@type":"Organization","@id":"https:\/\/www.versiegelung24.com\/et\/#organization","name":"versiegelung24","url":"https:\/\/www.versiegelung24.com\/et\/","logo":{"@type":"ImageObject","inLanguage":"et","@id":"https:\/\/www.versiegelung24.com\/et\/#\/schema\/logo\/image\/","url":"https:\/\/www.versiegelung24.com\/wp-content\/uploads\/2020\/04\/versiegelung24.png","contentUrl":"https:\/\/www.versiegelung24.com\/wp-content\/uploads\/2020\/04\/versiegelung24.png","width":470,"height":102,"caption":"versiegelung24"},"image":{"@id":"https:\/\/www.versiegelung24.com\/et\/#\/schema\/logo\/image\/"}}]},"og_availability":"instock","product_availability":"instock","product_retailer_item_id":"4008-693","product_condition":"new"},"_links":{"self":[{"href":"https:\/\/www.versiegelung24.com\/et\/wp-json\/wp\/v2\/product\/181830","targetHints":{"allow":["GET"]}}],"collection":[{"href":"https:\/\/www.versiegelung24.com\/et\/wp-json\/wp\/v2\/product"}],"about":[{"href":"https:\/\/www.versiegelung24.com\/et\/wp-json\/wp\/v2\/types\/product"}],"version-history":[{"count":4,"href":"https:\/\/www.versiegelung24.com\/et\/wp-json\/wp\/v2\/product\/181830\/revisions"}],"predecessor-version":[{"id":182842,"href":"https:\/\/www.versiegelung24.com\/et\/wp-json\/wp\/v2\/product\/181830\/revisions\/182842"}],"wp:featuredmedia":[{"embeddable":true,"href":"https:\/\/www.versiegelung24.com\/et\/wp-json\/wp\/v2\/media\/183263"}],"wp:attachment":[{"href":"https:\/\/www.versiegelung24.com\/et\/wp-json\/wp\/v2\/media?parent=181830"}],"wp:term":[{"taxonomy":"product_brand","embeddable":true,"href":"https:\/\/www.versiegelung24.com\/et\/wp-json\/wp\/v2\/product_brand?post=181830"},{"taxonomy":"product_cat","embeddable":true,"href":"https:\/\/www.versiegelung24.com\/et\/wp-json\/wp\/v2\/product_cat?post=181830"},{"taxonomy":"product_tag","embeddable":true,"href":"https:\/\/www.versiegelung24.com\/et\/wp-json\/wp\/v2\/product_tag?post=181830"}],"curies":[{"name":"wp","href":"https:\/\/api.w.org\/{rel}","templated":true}]}}