{"id":182948,"date":"2025-08-28T14:07:51","date_gmt":"2025-08-28T12:07:51","guid":{"rendered":"https:\/\/www.versiegelung24.com\/?post_type=product&#038;p=182948"},"modified":"2025-09-08T16:04:06","modified_gmt":"2025-09-08T14:04:06","slug":"permanent-protector-646","status":"publish","type":"product","link":"https:\/\/www.versiegelung24.com\/et\/permanent-protector-646.html","title":{"rendered":"Permanent Protect 646 5M"},"content":{"rendered":"\n<p>Permanent Protect 646 Ultra Thin on kvaliteetne keraamiline hermeetik siledate pindade, n\u00e4iteks metalli, klaasi, plasti v\u00f5i v\u00e4rvitud materjalide p\u00fcsivaks katmiseks. \u00dcli\u00f5huke l\u00e4bipaistev kaitsekiht tagab erakordse vastupidavuse mustuse, kemikaalide, UV-kiirguse ja mehaaniliste m\u00f5jutuste suhtes. T\u00e4nu oma h\u00fcdrofoobsetele ja oleofoobsetele omadustele pakub hermeetik pikaajalist kergesti puhastatavat efekti.  <\/p>\n\n<p>Sobib ideaalselt auto- ja merendusseadmetes kasutamiseks, graffitivastaseks katteks v\u00f5i kvaliteetsete v\u00e4rvitud pindade viimistlemiseks &#8211; Permanent Protect 646 Ultra Thin seab uued standardid pinna kaitse ja vastupidavuse osas.<\/p>\n\n<hr class=\"wp-block-separator has-text-color has-css-opacity has-background is-style-wide\" style=\"background-color:#e1e1e1;color:#e1e1e1\"\/>\n\n<h2 class=\"wp-block-heading\" id=\"properties\">Toote omadused<\/h2>\n\n<div class=\"wp-block-columns is-layout-flex wp-container-core-columns-is-layout-9d6595d7 wp-block-columns-is-layout-flex\">\n<div class=\"wp-block-column is-layout-flow wp-block-column-is-layout-flow\">\n<ul id=\"block-5ec6b591-a82a-45bd-aa1b-599082db3ae8\" class=\"wp-block-list\">\n<li><strong>V\u00e4ljundatud h\u00fcdrofoobne ja oleofoobne toime<\/strong> &#8211; vett ja \u00f5li t\u00f5rjuv toime<\/li>\n\n\n\n<li><strong>Lihtsalt puhastatav efekt<\/strong> &#8211; mustust saab h\u00f5lpsasti eemaldada<\/li>\n\n\n\n<li><strong>K\u00f5rge kulumiskindlus<\/strong> &#8211; p\u00fcsiv keemiline side aluspinnaga<\/li>\n\n\n\n<li><strong>Temperatuuri- ja UV-kindel<\/strong> &#8211; sobib v\u00e4litingimustes kasutamiseks<\/li>\n\n\n\n<li><strong>Hingav<\/strong> &#8211; avatud difusioonile<\/li>\n\n\n\n<li><strong>Vastupidavus <\/strong>&#8211; 2-5 aastat v\u00e4litingimustes, siseruumides oluliselt kauem.  <\/li>\n\n\n\n<li><strong>Tarbimine <\/strong>&#8211; 5-10ml\/m\u00b2 (=&gt; kuni 200 m\u00b2 liitri kohta)<\/li>\n\n\n\n<li><strong>Vastupidav paljudele tavalistele kodumajapidamises kasutatavatele puhastusvahenditele<\/strong> (v.a. kontsentreeritud leeliselised lahused).<\/li>\n\n\n\n<li><strong>Lahustip\u00f5hine<\/strong> (umbes 60 % toimeaine sisaldus)<\/li>\n<\/ul>\n<\/div>\n\n\n\n<div class=\"wp-block-column is-layout-flow wp-block-column-is-layout-flow\">\n<ul id=\"block-6091e271-3752-4132-9f5b-206019bd2d6b\" class=\"wp-block-list\">\n<li><strong>V\u00e4ga head anti-graffiti omadused<\/strong> mittepoorsetel pindadel<\/li>\n\n\n\n<li><strong>Keraamilise kihi struktuur<\/strong> &#8211; kuumakindlus kuni 600 \u00b0C (kile terviklikkus), 300 \u00b0C ilma v\u00e4rvimuutuseta<\/li>\n\n\n\n<li><strong>\u00d5hukese kihi paksus<\/strong>: umbes 0,5-2 \u03bcm.<\/li>\n\n\n\n<li><strong>Sisaldab LO\u00dc-d<\/strong> (but\u00fc\u00fclpropionaat)<\/li>\n\n\n\n<li><strong>Biostaatiline toime<\/strong> &#8211; p\u00e4rsib mikroorganismide kasvu \u00e4\u00e4rmiselt tugevalt  <\/li>\n\n\n\n<li><strong>V\u00e4rvus<\/strong> &#8211; V\u00e4rvitu kuni kergelt kollakas<\/li>\n\n\n\n<li><strong>PFASi m\u00e4rkus <\/strong>&#8211; PFOA- ja PFOS-vaba. Fluori sisaldus on alla ELi m\u00e4\u00e4ruse 2024\/2462 kohaste seaduslike piirv\u00e4\u00e4rtuste. Kasutatud fluoritud lisandid on m\u00f5eldud ainult mustuse t\u00f5rjumise optimeerimiseks.  <\/li>\n<\/ul>\n<\/div>\n<\/div>\n\n<hr class=\"wp-block-separator has-text-color has-background is-style-wide\" style=\"background-color:#e1e1e1;color:#e1e1e1\"\/>\n\n<h2 class=\"wp-block-heading\" id=\"application\">Kasutusalad<\/h2>\n\n<div class=\"wp-block-columns is-layout-flex wp-container-core-columns-is-layout-9d6595d7 wp-block-columns-is-layout-flex\">\n<div class=\"wp-block-column is-layout-flow wp-block-column-is-layout-flow\">\n<ul id=\"block-6091e271-3752-4132-9f5b-206019bd2d6b\" class=\"wp-block-list\">\n<li>S\u00f5iduki pinnakate (nt autode kere, veljeveljed)<\/li>\n\n\n\n<li>Lihtsalt puhastatavad pinnakatted sise- ja v\u00e4lispindadele<\/li>\n\n\n\n<li>Vastupidavad kaitsekatted merendussektoris<\/li>\n<\/ul>\n<\/div>\n\n\n\n<div class=\"wp-block-column is-layout-flow wp-block-column-is-layout-flow\">\n<ul class=\"wp-block-list\">\n<li>Jahtide ja paatide v\u00e4rvide t\u00e4iustamine<\/li>\n\n\n\n<li>Autode j\u00e4relt\u00f6\u00f6tlus (keraamiline tihendus)n<\/li>\n\n\n\n<li>Graffitivastased pinnakatted mittepoorsetel pindadel<\/li>\n<\/ul>\n<\/div>\n<\/div>\n\n<h2 class=\"wp-block-heading\" id=\"h-anwendung\">Taotlus<\/h2>\n\n<p><strong>\u00dcldine  <\/strong><\/p>\n\n<ol class=\"wp-block-list\">\n<li><a href=\"https:\/\/www.versiegelung24.com\/et\/biosativa-bioloogiline-eelpuhasti.html\">Puhastage<\/a> pind p\u00f5hjalikult ja m\u00e4\u00e4rige see rasva (nt <a href=\"https:\/\/www.versiegelung24.com\/et\/100-korge-puhtusastmega-bioetanool-professionaalseks-eelpuhastuseks-kopie.html\">isopropanooli<\/a>, et\u00fc\u00fclatsetaadi v\u00f5i lakibensiiniga). <\/li>\n\n\n\n<li>Pind peab olema t\u00e4iesti kuiv ja rasvavaba.<\/li>\n\n\n\n<li>T\u00f6\u00f6tlemistemperatuur: 15-30 \u00b0C, suhteline \u00f5huniiskus: 50-80 %. <\/li>\n\n\n\n<li>V\u00e4ltige otsest p\u00e4ikesevalgust.<\/li>\n<\/ol>\n\n<p><strong>Taotlus p\u00fchkimise teel  <\/strong><\/p>\n\n<ol class=\"wp-block-list\">\n<li>Kandke m\u00f5ned tilgad (5-10\/ml m\u00b2) mikrokiudlapile.<\/li>\n\n\n\n<li>Kandke \u00fchtlaselt ja kerge survega lineaarsete liigutustega.<\/li>\n\n\n\n<li>Poleerige pehme lapiga maksimaalselt 30 minuti p\u00e4rast. <\/li>\n\n\n\n<li>Vajaduse korral korrake protsessi.<\/li>\n<\/ol>\n\n<p><strong>Kasutamine pihustamise teel  <\/strong><\/p>\n\n<ol class=\"wp-block-list\">\n<li>D\u00fc\u00fcsi suurus: 0,8-1,0 mm \/ r\u00f5hk: 0,6-1,0 bar \/ kaugus: umbes 20 cm.<\/li>\n\n\n\n<li>Kihi paksus (kuiv): 2,5-25 \u03bcm (s\u00f5ltuvalt l\u00e4bip\u00e4\u00e4sudest): paksus: 2,5-25 \u03bcm (s\u00f5ltuvalt l\u00e4bip\u00e4\u00e4sudest)<\/li>\n\n\n\n<li>Alternatiiv: P\u00f6\u00f6rlev k\u00e4rgpurk (30 000 rpm, 2 baari, 0,2-0,4 m\/s, 50-150 ml\/min)  <\/li>\n<\/ol>\n\n<h2 class=\"wp-block-heading\" id=\"h-reinigung-amp-pflege\">Puhastamine ja hooldus<\/h2>\n\n<p>Pinna puhastamiseks piisab mahedast puhastusvahendist, n\u00e4iteks meie puhastusvahendist <a href=\"https:\/\/www.versiegelung24.com\/et\/biosativa-bioloogiline-eelpuhasti.html\">V24 Biosativa\u00ae<\/a>. Agressiivseid puhastusvahendeid ei ole vaja ega soovitatav kasutada. <\/p>\n\n<hr class=\"wp-block-separator has-text-color has-css-opacity has-background is-style-wide\" style=\"background-color:#e1e1e1;color:#e1e1e1\"\/>\n\n<h2 class=\"wp-block-heading\" id=\"h-produktsicherheit-amp-lagerung\">Toote ohutus ja ladustamine<\/h2>\n\n<p>Teavet toote klassifitseerimise kohta ohtlike ainete m\u00e4\u00e4ruse raames, ohutusandmeid ning andmeid toksikoloogia ja ladustamise kohta leiate <a href=\"https:\/\/www.versiegelung24.com\/et\/kontakt\/\">n\u00f5udmisel<\/a> meie ohutuskaardilt.<\/p>\n\n<ul class=\"wp-block-list\">\n<li>Permanent Protect 646 ei tohi kokku puutuda niiskusega.<\/li>\n\n\n\n<li>Materjali s\u00e4ilitustemperatuur: +5\u00b0C kuni +20\u00b0C.<\/li>\n\n\n\n<li>Isikukaitsevahendid: kindad, kaitseprillid, sobiv kaitseriietus.<\/li>\n\n\n\n<li>Esmaabi: Silmade v\u00f5i nahaga kokkupuute korral loputada kohe veega ja p\u00f6\u00f6rduda arsti poole.<\/li>\n\n\n\n<li>S\u00e4ilitamine: jahedas, kuivas ja h\u00e4sti ventileeritud kohas. Avage konteiner kord kuus ja ventileerige, et r\u00f5hku leevendada. <\/li>\n\n\n\n<li>T\u00e4itmiseks soovitatakse l\u00e4mmastiku eelpuhastust.<\/li>\n<\/ul>\n\n<p><strong>Permanent Protect 646 <\/strong>s\u00e4ilivusaeg on 12 kuud, kui seda s\u00e4ilitatakse avamata ja suletud originaalpakendis.<\/p>\n\n<hr class=\"wp-block-separator has-text-color has-css-opacity has-background is-style-wide\" style=\"background-color:#e1e1e1;color:#e1e1e1\"\/>\n\n<h2 class=\"wp-block-heading\">Ilmastikukatsetus<\/h2>\n\n<figure class=\"wp-block-table aligncenter\"><table class=\"has-fixed-layout\"><thead><tr><th class=\"has-text-align-left\" data-align=\"left\">\u00a0<\/th><th class=\"has-text-align-left\" data-align=\"left\">Soolapihustuskatse NSS<\/th><th>Kondenseeruv atmosf\u00e4\u00e4r,<br\/>pidev niiskus<\/th><th>Kunstlik ilmastikumuutus<br\/>ksenoonkaarega<\/th><\/tr><\/thead><tbody><tr><td class=\"has-text-align-left\" data-align=\"left\">DIN<\/td><td class=\"has-text-align-left\" data-align=\"left\">EN ISO 9227<\/td><td>EN ISO 6270-2<\/td><td>EN ISO 16474-2<\/td><\/tr><tr><td class=\"has-text-align-left\" data-align=\"left\">\u00a0<\/td><td class=\"has-text-align-left\" data-align=\"left\" colspan=\"3\"><strong>Soolaprits-katse roostevaba teras 2,5 \u03bcm, kaetud<\/strong><\/td><\/tr><tr><td class=\"has-text-align-left\" data-align=\"left\">Kestus<\/td><td class=\"has-text-align-left\" data-align=\"left\">1.500 h<\/td><td>1.400 h<\/td><td>1.400 h<\/td><\/tr><tr><td class=\"has-text-align-left\" data-align=\"left\">Tulemus<\/td><td class=\"has-text-align-left\" data-align=\"left\">R\u00f5hkumine: ei<br\/>Rooste: ei<br\/>Korrosioon kriipsis &lt; 0,5 mm<\/td><td>P\u00f5letus: ei<br\/>Rooste: ei<\/td><td>L\u00e4ikekadu: 5%<br\/>Pragunemine: ei ole<br\/>V\u00e4rvi erinevus \u0394E* = 0,40<\/td><\/tr><tr><td class=\"has-text-align-left\" data-align=\"left\">\u00a0<\/td><td class=\"has-text-align-left\" data-align=\"left\" colspan=\"3\"><strong>Soolaprits-katse alumiinium 2,5 \u03bcm, kaetud<\/strong><\/td><\/tr><tr><td class=\"has-text-align-left\" data-align=\"left\">Kestus<\/td><td class=\"has-text-align-left\" data-align=\"left\">1.500 h<\/td><td>1.400 h<\/td><td>1.400 h<\/td><\/tr><tr><td class=\"has-text-align-left\" data-align=\"left\">Tulemus<\/td><td class=\"has-text-align-left\" data-align=\"left\">R\u00f5hkumine: ei<br\/>Rooste: ei<br\/>Korrosioon kriipsis &lt; 0,5 mm<\/td><td>P\u00f5letus: ei<br\/>Rooste: ei<\/td><td>L\u00e4ikekadu: 5%<br\/>Pragunemine: ei ole<br\/>V\u00e4rvi erinevus \u0394E* = 0,17<\/td><\/tr><tr><td class=\"has-text-align-left\" data-align=\"left\">\u00a0<\/td><td class=\"has-text-align-left\" data-align=\"left\" colspan=\"3\"><strong>Liivapritsitud teras 2,5 \u03bcm, kaetud<\/strong><\/td><\/tr><tr><td class=\"has-text-align-left\" data-align=\"left\">Kestus<\/td><td class=\"has-text-align-left\" data-align=\"left\">1.000 h<\/td><td>1.000 h<\/td><td>1.400 h<\/td><\/tr><tr><td class=\"has-text-align-left\" data-align=\"left\">Tulemus<\/td><td class=\"has-text-align-left\" data-align=\"left\">R\u00f5hkumine: ei<br\/>Rooste: ei<br\/>Korrosioon kriipsis &lt; 0,5 mm<\/td><td>P\u00f5letus: ei<br\/>Rooste: ei<\/td><td>L\u00e4ikekadu: 12%<br\/>Pragunemine: ei ole<br\/>V\u00e4rvi erinevus \u0394E* = 0,51<\/td><\/tr><\/tbody><\/table><\/figure>\n\n<hr class=\"wp-block-separator has-text-color has-css-opacity has-background is-style-wide\" style=\"background-color:#e1e1e1;color:#e1e1e1\"\/>\n","protected":false},"excerpt":{"rendered":"<p><strong>Kvaliteetne vastupidav keraamiline kate siledate pindade jaoks<\/strong><\/p>\n<p>\u2713 V\u00e4ga \u00f5huke kihi paksus<\/p>\n<p>\u2713 S\u00e4ilivusaeg 2-5 aastat<\/p>\n<p>\u2713 K\u00f5rge kulumiskindlus<\/p>\n<p>\u2713 Biostaatiline m\u00f5ju<\/p>\n","protected":false},"featured_media":183057,"template":"","meta":{"_acf_changed":false,"neve_meta_sidebar":"","neve_meta_container":"","neve_meta_enable_content_width":"","neve_meta_content_width":0,"neve_meta_title_alignment":"","neve_meta_author_avatar":"","neve_post_elements_order":"","neve_meta_disable_header":"","neve_meta_disable_footer":"","neve_meta_disable_title":"","neve_meta_reading_time":"","_surfaces":[],"_ver_product_tabs":[],"footnotes":""},"product_brand":[],"product_cat":[2168,2332,2493,2984],"product_tag":[],"class_list":{"0":"post-182948","1":"product","2":"type-product","3":"status-publish","4":"has-post-thumbnail","6":"product_cat-auto-tihendamine","7":"product_cat-metallist-ja-plastist-tihendus","8":"product_cat-universaalne-tihend","9":"product_cat-vedelklaasi-tihendus","10":"pa_gebinde-100-ml-pudel","11":"pa_gebinde-1000-ml-pudel","13":"first","14":"instock","15":"taxable","16":"shipping-taxable","17":"purchasable","18":"product-type-variable","19":"has-default-attributes"},"acf":[],"yoast_head":"<!-- This site is optimized with the Yoast SEO Premium plugin v22.8 (Yoast SEO v27.5) - https:\/\/yoast.com\/product\/yoast-seo-premium-wordpress\/ -->\n<title>Permanent Protector 646 Ultra Thin - 9H keraamiline tihendaja<\/title>\n<meta name=\"description\" content=\"Lihtne kasutada, tugev kaitse. Uus Permanent Protector 646 Ultra Thin - 9H keraamiline hermeetik pakub usaldusv\u00e4\u00e4rset kaitset v\u00e4lism\u00f5jude eest.\" \/>\n<meta name=\"robots\" content=\"index, follow, max-snippet:-1, max-image-preview:large, max-video-preview:-1\" \/>\n<link rel=\"canonical\" href=\"https:\/\/www.versiegelung24.com\/et\/permanent-protector-646.html\" \/>\n<meta property=\"og:locale\" content=\"et_EE\" \/>\n<meta property=\"og:type\" content=\"article\" \/>\n<meta property=\"og:title\" content=\"Permanent Protect 646 5M\" \/>\n<meta property=\"og:description\" content=\"Lihtne kasutada, tugev kaitse. Uus Permanent Protector 646 Ultra Thin - 9H keraamiline hermeetik pakub usaldusv\u00e4\u00e4rset kaitset v\u00e4lism\u00f5jude eest.\" \/>\n<meta property=\"og:url\" content=\"https:\/\/www.versiegelung24.com\/et\/permanent-protector-646.html\" \/>\n<meta property=\"og:site_name\" content=\"versiegelung24.com\" \/>\n<meta property=\"article:modified_time\" content=\"2025-09-08T14:04:06+00:00\" \/>\n<meta property=\"og:image\" content=\"https:\/\/www.versiegelung24.com\/wp-content\/uploads\/2025\/08\/V24-Permanent-Protector-646-Keramikversiegelung-scaled-1.jpg\" \/>\n\t<meta property=\"og:image:width\" content=\"2560\" \/>\n\t<meta property=\"og:image:height\" content=\"2560\" \/>\n\t<meta property=\"og:image:type\" content=\"image\/jpeg\" \/>\n<meta name=\"twitter:card\" content=\"summary_large_image\" \/>\n<meta name=\"twitter:label1\" content=\"Availability\" \/>\n\t<meta name=\"twitter:data1\" content=\"In stock\" \/>\n<script type=\"application\/ld+json\" class=\"yoast-schema-graph\">{\"@context\":\"https:\\\/\\\/schema.org\",\"@graph\":[{\"@type\":\"WebPage\",\"@id\":\"https:\\\/\\\/www.versiegelung24.com\\\/et\\\/permanent-protector-646.html\",\"url\":\"https:\\\/\\\/www.versiegelung24.com\\\/et\\\/permanent-protector-646.html\",\"name\":\"Permanent Protector 646 Ultra Thin - 9H keraamiline tihendaja\",\"isPartOf\":{\"@id\":\"https:\\\/\\\/www.versiegelung24.com\\\/et\\\/#website\"},\"primaryImageOfPage\":{\"@id\":\"https:\\\/\\\/www.versiegelung24.com\\\/et\\\/permanent-protector-646.html#primaryimage\"},\"image\":{\"@id\":\"https:\\\/\\\/www.versiegelung24.com\\\/et\\\/permanent-protector-646.html#primaryimage\"},\"thumbnailUrl\":\"https:\\\/\\\/www.versiegelung24.com\\\/wp-content\\\/uploads\\\/2025\\\/08\\\/V24-Permanent-Protector-646-Keramikversiegelung-scaled-1.jpg\",\"datePublished\":\"2025-08-28T12:07:51+00:00\",\"dateModified\":\"2025-09-08T14:04:06+00:00\",\"description\":\"Lihtne kasutada, tugev kaitse. Uus Permanent Protector 646 Ultra Thin - 9H keraamiline hermeetik pakub usaldusv\u00e4\u00e4rset kaitset v\u00e4lism\u00f5jude eest.\",\"breadcrumb\":{\"@id\":\"https:\\\/\\\/www.versiegelung24.com\\\/et\\\/permanent-protector-646.html#breadcrumb\"},\"inLanguage\":\"et\",\"potentialAction\":[{\"@type\":\"ReadAction\",\"target\":[\"https:\\\/\\\/www.versiegelung24.com\\\/et\\\/permanent-protector-646.html\"]}]},{\"@type\":\"ImageObject\",\"inLanguage\":\"et\",\"@id\":\"https:\\\/\\\/www.versiegelung24.com\\\/et\\\/permanent-protector-646.html#primaryimage\",\"url\":\"https:\\\/\\\/www.versiegelung24.com\\\/wp-content\\\/uploads\\\/2025\\\/08\\\/V24-Permanent-Protector-646-Keramikversiegelung-scaled-1.jpg\",\"contentUrl\":\"https:\\\/\\\/www.versiegelung24.com\\\/wp-content\\\/uploads\\\/2025\\\/08\\\/V24-Permanent-Protector-646-Keramikversiegelung-scaled-1.jpg\",\"width\":2560,\"height\":2560},{\"@type\":\"BreadcrumbList\",\"@id\":\"https:\\\/\\\/www.versiegelung24.com\\\/et\\\/permanent-protector-646.html#breadcrumb\",\"itemListElement\":[{\"@type\":\"ListItem\",\"position\":1,\"name\":\"Koduleht\",\"item\":\"https:\\\/\\\/www.versiegelung24.com\\\/et\\\/ees\\\/\"},{\"@type\":\"ListItem\",\"position\":2,\"name\":\"Pood\",\"item\":\"https:\\\/\\\/www.versiegelung24.com\\\/et\\\/pood\\\/\"},{\"@type\":\"ListItem\",\"position\":3,\"name\":\"Permanent Protect 646 5M\"}]},{\"@type\":\"WebSite\",\"@id\":\"https:\\\/\\\/www.versiegelung24.com\\\/et\\\/#website\",\"url\":\"https:\\\/\\\/www.versiegelung24.com\\\/et\\\/\",\"name\":\"versiegelung24.com\",\"description\":\"Fl\u00fcssigglas-Versiegelung - Made in Germany\",\"publisher\":{\"@id\":\"https:\\\/\\\/www.versiegelung24.com\\\/et\\\/#organization\"},\"potentialAction\":[{\"@type\":\"SearchAction\",\"target\":{\"@type\":\"EntryPoint\",\"urlTemplate\":\"https:\\\/\\\/www.versiegelung24.com\\\/et\\\/?s={search_term_string}\"},\"query-input\":{\"@type\":\"PropertyValueSpecification\",\"valueRequired\":true,\"valueName\":\"search_term_string\"}}],\"inLanguage\":\"et\"},{\"@type\":\"Organization\",\"@id\":\"https:\\\/\\\/www.versiegelung24.com\\\/et\\\/#organization\",\"name\":\"versiegelung24\",\"url\":\"https:\\\/\\\/www.versiegelung24.com\\\/et\\\/\",\"logo\":{\"@type\":\"ImageObject\",\"inLanguage\":\"et\",\"@id\":\"https:\\\/\\\/www.versiegelung24.com\\\/et\\\/#\\\/schema\\\/logo\\\/image\\\/\",\"url\":\"https:\\\/\\\/www.versiegelung24.com\\\/wp-content\\\/uploads\\\/2020\\\/04\\\/versiegelung24.png\",\"contentUrl\":\"https:\\\/\\\/www.versiegelung24.com\\\/wp-content\\\/uploads\\\/2020\\\/04\\\/versiegelung24.png\",\"width\":470,\"height\":102,\"caption\":\"versiegelung24\"},\"image\":{\"@id\":\"https:\\\/\\\/www.versiegelung24.com\\\/et\\\/#\\\/schema\\\/logo\\\/image\\\/\"}}]}<\/script>\n<meta property=\"og:availability\" content=\"instock\" \/>\n<meta property=\"product:availability\" content=\"instock\" \/>\n<meta property=\"product:retailer_item_id\" content=\"8056-646\" \/>\n<meta property=\"product:condition\" content=\"new\" \/>\n<!-- \/ Yoast SEO Premium plugin. -->","yoast_head_json":{"title":"Permanent Protector 646 Ultra Thin - 9H keraamiline tihendaja","description":"Lihtne kasutada, tugev kaitse. Uus Permanent Protector 646 Ultra Thin - 9H keraamiline hermeetik pakub usaldusv\u00e4\u00e4rset kaitset v\u00e4lism\u00f5jude eest.","robots":{"index":"index","follow":"follow","max-snippet":"max-snippet:-1","max-image-preview":"max-image-preview:large","max-video-preview":"max-video-preview:-1"},"canonical":"https:\/\/www.versiegelung24.com\/et\/permanent-protector-646.html","og_locale":"et_EE","og_type":"article","og_title":"Permanent Protect 646 5M","og_description":"Lihtne kasutada, tugev kaitse. Uus Permanent Protector 646 Ultra Thin - 9H keraamiline hermeetik pakub usaldusv\u00e4\u00e4rset kaitset v\u00e4lism\u00f5jude eest.","og_url":"https:\/\/www.versiegelung24.com\/et\/permanent-protector-646.html","og_site_name":"versiegelung24.com","article_modified_time":"2025-09-08T14:04:06+00:00","og_image":[{"width":2560,"height":2560,"url":"https:\/\/www.versiegelung24.com\/wp-content\/uploads\/2025\/08\/V24-Permanent-Protector-646-Keramikversiegelung-scaled-1.jpg","type":"image\/jpeg"}],"twitter_card":"summary_large_image","twitter_misc":{"Availability":"In stock"},"schema":{"@context":"https:\/\/schema.org","@graph":[{"@type":"WebPage","@id":"https:\/\/www.versiegelung24.com\/et\/permanent-protector-646.html","url":"https:\/\/www.versiegelung24.com\/et\/permanent-protector-646.html","name":"Permanent Protector 646 Ultra Thin - 9H keraamiline tihendaja","isPartOf":{"@id":"https:\/\/www.versiegelung24.com\/et\/#website"},"primaryImageOfPage":{"@id":"https:\/\/www.versiegelung24.com\/et\/permanent-protector-646.html#primaryimage"},"image":{"@id":"https:\/\/www.versiegelung24.com\/et\/permanent-protector-646.html#primaryimage"},"thumbnailUrl":"https:\/\/www.versiegelung24.com\/wp-content\/uploads\/2025\/08\/V24-Permanent-Protector-646-Keramikversiegelung-scaled-1.jpg","datePublished":"2025-08-28T12:07:51+00:00","dateModified":"2025-09-08T14:04:06+00:00","description":"Lihtne kasutada, tugev kaitse. Uus Permanent Protector 646 Ultra Thin - 9H keraamiline hermeetik pakub usaldusv\u00e4\u00e4rset kaitset v\u00e4lism\u00f5jude eest.","breadcrumb":{"@id":"https:\/\/www.versiegelung24.com\/et\/permanent-protector-646.html#breadcrumb"},"inLanguage":"et","potentialAction":[{"@type":"ReadAction","target":["https:\/\/www.versiegelung24.com\/et\/permanent-protector-646.html"]}]},{"@type":"ImageObject","inLanguage":"et","@id":"https:\/\/www.versiegelung24.com\/et\/permanent-protector-646.html#primaryimage","url":"https:\/\/www.versiegelung24.com\/wp-content\/uploads\/2025\/08\/V24-Permanent-Protector-646-Keramikversiegelung-scaled-1.jpg","contentUrl":"https:\/\/www.versiegelung24.com\/wp-content\/uploads\/2025\/08\/V24-Permanent-Protector-646-Keramikversiegelung-scaled-1.jpg","width":2560,"height":2560},{"@type":"BreadcrumbList","@id":"https:\/\/www.versiegelung24.com\/et\/permanent-protector-646.html#breadcrumb","itemListElement":[{"@type":"ListItem","position":1,"name":"Koduleht","item":"https:\/\/www.versiegelung24.com\/et\/ees\/"},{"@type":"ListItem","position":2,"name":"Pood","item":"https:\/\/www.versiegelung24.com\/et\/pood\/"},{"@type":"ListItem","position":3,"name":"Permanent Protect 646 5M"}]},{"@type":"WebSite","@id":"https:\/\/www.versiegelung24.com\/et\/#website","url":"https:\/\/www.versiegelung24.com\/et\/","name":"versiegelung24.com","description":"Fl\u00fcssigglas-Versiegelung - Made in Germany","publisher":{"@id":"https:\/\/www.versiegelung24.com\/et\/#organization"},"potentialAction":[{"@type":"SearchAction","target":{"@type":"EntryPoint","urlTemplate":"https:\/\/www.versiegelung24.com\/et\/?s={search_term_string}"},"query-input":{"@type":"PropertyValueSpecification","valueRequired":true,"valueName":"search_term_string"}}],"inLanguage":"et"},{"@type":"Organization","@id":"https:\/\/www.versiegelung24.com\/et\/#organization","name":"versiegelung24","url":"https:\/\/www.versiegelung24.com\/et\/","logo":{"@type":"ImageObject","inLanguage":"et","@id":"https:\/\/www.versiegelung24.com\/et\/#\/schema\/logo\/image\/","url":"https:\/\/www.versiegelung24.com\/wp-content\/uploads\/2020\/04\/versiegelung24.png","contentUrl":"https:\/\/www.versiegelung24.com\/wp-content\/uploads\/2020\/04\/versiegelung24.png","width":470,"height":102,"caption":"versiegelung24"},"image":{"@id":"https:\/\/www.versiegelung24.com\/et\/#\/schema\/logo\/image\/"}}]},"og_availability":"instock","product_availability":"instock","product_retailer_item_id":"8056-646","product_condition":"new"},"_links":{"self":[{"href":"https:\/\/www.versiegelung24.com\/et\/wp-json\/wp\/v2\/product\/182948","targetHints":{"allow":["GET"]}}],"collection":[{"href":"https:\/\/www.versiegelung24.com\/et\/wp-json\/wp\/v2\/product"}],"about":[{"href":"https:\/\/www.versiegelung24.com\/et\/wp-json\/wp\/v2\/types\/product"}],"version-history":[{"count":3,"href":"https:\/\/www.versiegelung24.com\/et\/wp-json\/wp\/v2\/product\/182948\/revisions"}],"predecessor-version":[{"id":183575,"href":"https:\/\/www.versiegelung24.com\/et\/wp-json\/wp\/v2\/product\/182948\/revisions\/183575"}],"wp:featuredmedia":[{"embeddable":true,"href":"https:\/\/www.versiegelung24.com\/et\/wp-json\/wp\/v2\/media\/183057"}],"wp:attachment":[{"href":"https:\/\/www.versiegelung24.com\/et\/wp-json\/wp\/v2\/media?parent=182948"}],"wp:term":[{"taxonomy":"product_brand","embeddable":true,"href":"https:\/\/www.versiegelung24.com\/et\/wp-json\/wp\/v2\/product_brand?post=182948"},{"taxonomy":"product_cat","embeddable":true,"href":"https:\/\/www.versiegelung24.com\/et\/wp-json\/wp\/v2\/product_cat?post=182948"},{"taxonomy":"product_tag","embeddable":true,"href":"https:\/\/www.versiegelung24.com\/et\/wp-json\/wp\/v2\/product_tag?post=182948"}],"curies":[{"name":"wp","href":"https:\/\/api.w.org\/{rel}","templated":true}]}}