{"id":22810,"date":"2020-04-04T18:53:13","date_gmt":"2021-08-02T19:02:00","guid":{"rendered":"https:\/\/www.versiegelung24.com\/produkt\/professionaalse-kvaliteediga-klaaside-tihendus"},"modified":"2025-01-03T23:37:30","modified_gmt":"2025-01-03T22:37:30","slug":"klaasi-tihendamine-professionaalse-kvaliteediga","status":"publish","type":"product","link":"https:\/\/www.versiegelung24.com\/et\/klaasi-tihendamine-professionaalse-kvaliteediga.html","title":{"rendered":"Professionaalse kvaliteediga klaasitihend &#8211; lihtne hooldus"},"content":{"rendered":"\n<p><strong>V\u00e4ga t\u00f5hus klaasitihend aknaklaaside, klaasfassaadide, v\u00e4lisuste jms jaoks, lootosefektiga (vetth\u00fclgav), seest ja v\u00e4ljast, UUS<\/strong><\/p>\n\n<p>K\u00f5rge kvaliteet Valmistatud Saksamaal.<\/p>\n\n<div class=\"wp-block-columns is-layout-flex wp-container-core-columns-is-layout-9d6595d7 wp-block-columns-is-layout-flex\">\n<div class=\"wp-block-column is-layout-flow wp-block-column-is-layout-flow\">\n<figure class=\"wp-block-embed is-type-video is-provider-youtube wp-block-embed-youtube wp-embed-aspect-16-9 wp-has-aspect-ratio\"><div class=\"wp-block-embed__wrapper\"> \n<div class=\"nv-iframe-embed\"><iframe title=\"(Nano-)Versiegelungen f\u00fcrs Badezimmer, die wirklich halten! Versiegelung24.com\" width=\"1200\" height=\"675\" src=\"https:\/\/www.youtube.com\/embed\/l6YldCwuye0?feature=oembed\" frameborder=\"0\" allow=\"accelerometer; autoplay; clipboard-write; encrypted-media; gyroscope; picture-in-picture; web-share\" referrerpolicy=\"strict-origin-when-cross-origin\" allowfullscreen><\/iframe><\/div>\n <\/div><\/figure>\n<\/div>\n\n\n\n<div class=\"wp-block-column is-layout-flow wp-block-column-is-layout-flow\">\n<figure class=\"wp-block-embed is-type-video is-provider-youtube wp-block-embed-youtube wp-embed-aspect-16-9 wp-has-aspect-ratio\"><div class=\"wp-block-embed__wrapper\"> \n<div class=\"nv-iframe-embed\"><iframe title=\"Kalk in der Dusche entfernen und mit einer Glasversiegelung vorbeugen!\" width=\"1200\" height=\"675\" src=\"https:\/\/www.youtube.com\/embed\/vnJHIGeb_7I?feature=oembed\" frameborder=\"0\" allow=\"accelerometer; autoplay; clipboard-write; encrypted-media; gyroscope; picture-in-picture; web-share\" referrerpolicy=\"strict-origin-when-cross-origin\" allowfullscreen><\/iframe><\/div>\n <\/div><\/figure>\n<\/div>\n<\/div>\n\n<h3 class=\"wp-block-heading\" id=\"eine-versiegelung-ihrer-fenster-spart-frust-und-zeit-wer-putzt-schon-gerne-fenster\">Akende sulgemine s\u00e4\u00e4stab aega ja pettumust &#8211; kellele meeldib aknaid puhastada?<\/h3>\n\n<p>P\u00e4rast vihma ja r\u00e4\u00e4mas talve on esimesed intensiivsed p\u00e4ikesekiired kevadel sageli m\u00e4rku andvad. Vaatate aknast v\u00e4lja ja m\u00f5istate \u00e4kki, et peate selle kiiresti puhastama, sest see on t\u00e4is veeplekke, mustust ja triipe. Aga kellele t\u00f5esti meeldib aknaid puhastada? <br\/>T\u00f6\u00f6 on aegan\u00f5udev ja sageli v\u00e4ga frustreeriv, sest triibuvaba klaas tundub t\u00f5esti olevat saavutus. Mida te sellep\u00e4rast ei ole proovinud. Ajalehega h\u00f5\u00f5rumine, aurupuhasti, kallid aknapesuvahendid &#8211; tagantj\u00e4rele pole paan sageli nii selge, kui soovite.<\/p>\n<div class=\"wp-block-image\">\n<figure class=\"aligncenter size-large is-resized\"><img fetchpriority=\"high\" decoding=\"async\" width=\"1300\" height=\"260\" src=\"https:\/\/www.versiegelung24.com\/wp-content\/uploads\/2022\/01\/Glas_Himmel-1300x260.jpg\" alt=\"\" class=\"wp-image-59446\" style=\"width:1500px\" srcset=\"https:\/\/www.versiegelung24.com\/wp-content\/uploads\/2022\/01\/Glas_Himmel-1300x260.jpg 1300w, https:\/\/www.versiegelung24.com\/wp-content\/uploads\/2022\/01\/Glas_Himmel-300x60.jpg 300w, https:\/\/www.versiegelung24.com\/wp-content\/uploads\/2022\/01\/Glas_Himmel-768x154.jpg 768w, https:\/\/www.versiegelung24.com\/wp-content\/uploads\/2022\/01\/Glas_Himmel-600x120.jpg 600w, https:\/\/www.versiegelung24.com\/wp-content\/uploads\/2022\/01\/Glas_Himmel.jpg 1500w\" sizes=\"(max-width: 1300px) 100vw, 1300px\" \/><\/figure>\n<\/div>\n<hr\/>\n\n<h4 class=\"wp-block-heading\" id=\"properties\">Toote omadused<\/h4>\n\n<div class=\"wp-block-columns is-layout-flex wp-container-core-columns-is-layout-9d6595d7 wp-block-columns-is-layout-flex\">\n<div class=\"wp-block-column is-layout-flow wp-block-column-is-layout-flow\">\n<ul class=\"wp-block-list\" id=\"block-1ae73cec-dd86-455b-95e1-db08f69d1f05\">\n<li>Lihtsalt puhastatav efekt mustuse ja katlakivi eemaldamiseks<\/li>\n\n\n\n<li>Suur kulumiskindlus t\u00e4nu SiO\u00b2 nanotehnoloogiale<\/li>\n\n\n\n<li>Kemikaalikindel puhastusvahendite suhtes (kuni pH v\u00e4\u00e4rtus 12)<\/li>\n\n\n\n<li>Tugev h\u00fcdrofoobne ja oleofoobne toime (vett ja \u00f5li h\u00fclgav)<\/li>\n\n\n\n<li>Kulude, aja ja energia kokkuhoid t\u00e4nu pikendatud puhastusts\u00fcklitele<\/li>\n<\/ul>\n<\/div>\n\n\n\n<div class=\"wp-block-column is-layout-flow wp-block-column-is-layout-flow\">\n<ul class=\"wp-block-list\" id=\"block-1ae73cec-dd86-455b-95e1-db08f69d1f05\">\n<li>V\u00e4hendab mikroorganismide ja bakterite kasvu ning parandab seel\u00e4bi h\u00fcgieeni<\/li>\n\n\n\n<li>UV-kindel \/ k\u00fclmakindel \/ soolane veekindel \/ n\u00e4htamatu<\/li>\n\n\n\n<li>Isepuhastuv efekt vertikaalsetel klaaspindadel vihma k\u00e4es<\/li>\n\n\n\n<li>Lihtne pealekandmine (uuesti katmine v\u00f5imalik igal ajal)<\/li>\n\n\n\n<li>K\u00f5lblikkusaeg: kuni 3-5 aastat (s\u00f5ltuvalt kasutusest)<\/li>\n<\/ul>\n<\/div>\n<\/div>\n\n<p><br\/>Tarnekomplekt: 1 x liitrine pudel, 1 x pumba pihustuspea, 1 x tootekirjeldus.<\/p>\n<div class=\"wp-block-image\">\n<figure class=\"aligncenter size-large is-resized\"><img decoding=\"async\" width=\"1300\" height=\"260\" src=\"https:\/\/www.versiegelung24.com\/wp-content\/uploads\/2022\/01\/bad_glas-1300x260.jpg\" alt=\"\" class=\"wp-image-59538\" style=\"width:1500px\" srcset=\"https:\/\/www.versiegelung24.com\/wp-content\/uploads\/2022\/01\/bad_glas-1300x260.jpg 1300w, https:\/\/www.versiegelung24.com\/wp-content\/uploads\/2022\/01\/bad_glas-300x60.jpg 300w, https:\/\/www.versiegelung24.com\/wp-content\/uploads\/2022\/01\/bad_glas-768x154.jpg 768w, https:\/\/www.versiegelung24.com\/wp-content\/uploads\/2022\/01\/bad_glas-600x120.jpg 600w, https:\/\/www.versiegelung24.com\/wp-content\/uploads\/2022\/01\/bad_glas.jpg 1500w\" sizes=\"(max-width: 1300px) 100vw, 1300px\" \/><figcaption class=\"wp-element-caption\">Rakenduse n\u00e4ide vannituba<\/figcaption><\/figure>\n<\/div>\n<h4 class=\"wp-block-heading\" id=\"application\">Taotlus<\/h4>\n\n<div class=\"wp-block-columns is-layout-flex wp-container-core-columns-is-layout-9d6595d7 wp-block-columns-is-layout-flex\">\n<div class=\"wp-block-column is-layout-flow wp-block-column-is-layout-flow\">\n<ul class=\"wp-block-list\" id=\"block-d9c56046-ec66-4f80-bc70-c000e96a1e51\">\n<li>Aknaklaas (seest ja v\u00e4ljast)<\/li>\n\n\n\n<li>Klaaspinnad sanitaarruumis (peeglid, du\u0161ikabiinid)<\/li>\n\n\n\n<li>Ehitusklaas (talveaiad, kasvuhooned, varikatused, seinaklaasid)<\/li>\n\n\n\n<li><a href=\"https:\/\/www.versiegelung24.com\/et\/autoklaasi-tihendamine-professionaalses-kvaliteedis.html\">Autoklaasid<\/a> (k\u00fclje- ja siseaknad &#8211; esiaken vaata eritoodet)<\/li>\n<\/ul>\n<\/div>\n\n\n\n<div class=\"wp-block-column is-layout-flow wp-block-column-is-layout-flow\">\n<p>Tarbimine s\u00f5ltub pinna struktuurist: umbes 50-200m\u00b2 \/ liiter.<\/p>\n\n\n\n<p><br\/><br\/><br\/>Lihtne pealekandmine: 1. Puhastage pind eelnevalt v\u00e4ga h\u00e4sti (mida puhtam on, seda kauem kestab hermeetik) 2. Pihustage hermeetik peale ja h\u00f5\u00f5ruge sisse 3. H\u00f5\u00f5ruge sisse. Laske 12 tundi k\u00f5veneda &#8211; valmis<\/p>\n<\/div>\n<\/div>\n\n<h4 class=\"wp-block-heading\" id=\"advisor\">N\u00f5ustaja<\/h4>\n\n<div class=\"wp-block-columns is-layout-flex wp-container-core-columns-is-layout-9d6595d7 wp-block-columns-is-layout-flex\">\n<div class=\"wp-block-column is-layout-flow wp-block-column-is-layout-flow\">\n<figure class=\"wp-block-image size-full\"><img decoding=\"async\" width=\"500\" height=\"500\" src=\"https:\/\/www.versiegelung24.com\/wp-content\/uploads\/2022\/01\/dachfenster_content_500-1.jpg\" alt=\"\" class=\"wp-image-59686\" srcset=\"https:\/\/www.versiegelung24.com\/wp-content\/uploads\/2022\/01\/dachfenster_content_500-1.jpg 500w, https:\/\/www.versiegelung24.com\/wp-content\/uploads\/2022\/01\/dachfenster_content_500-1-300x300.jpg 300w, https:\/\/www.versiegelung24.com\/wp-content\/uploads\/2022\/01\/dachfenster_content_500-1-80x80.jpg 80w, https:\/\/www.versiegelung24.com\/wp-content\/uploads\/2022\/01\/dachfenster_content_500-1-400x400.jpg 400w, https:\/\/www.versiegelung24.com\/wp-content\/uploads\/2022\/01\/dachfenster_content_500-1-100x100.jpg 100w\" sizes=\"(max-width: 500px) 100vw, 500px\" \/><\/figure>\n<\/div>\n\n\n\n<div class=\"wp-block-column is-layout-flow wp-block-column-is-layout-flow\">\n<h3 class=\"wp-block-heading\" id=\"h-welche-vorteile-bringt-ihnen-die-fensterversiegelung\">Millised on akende tihendamise eelised?<\/h3>\n\n\n\n<p>Me \u00fctleme teile, kuidas saate oma aknad j\u00e4rgmise 2-3 aasta jooksul kontrolli alla saada ja v\u00e4hendada puhastamisega seotud j\u00f5upingutusi miinimumini:<\/p>\n\n\n\n<p>Meie \u00fclaltoodud toode on niinimetatud nano-tihendus. <br\/>Sisaldatavad r\u00e4nidioksiidi osakesed (vedel klaas) \u00fchenduvad pealekandmisel ja moodustavad klaasi peale umbes 100-150 nanomeetri suuruse \u00f5hukese kihi, mis on t\u00e4iesti l\u00e4bipaistev ja ei tekita h\u00e4gustumist. See n\u00e4htamatu kile pinnal kaitseb teie aknaid tuntud lootosefektiga. Vesi voolab t\u00e4ielikult \u00e4ra, t\u00fc\u00fctud veeplekid &#8211; eriti p\u00e4rast vihmasabinat &#8211; on minevik. Mustus, tolm, lindude v\u00e4ljaheited jms ei kleepu enam kinni ja neid on lihtne eemaldada.<\/p>\n\n\n\n<p>Selle tulemusena peate maja aknaid puhastama palju harvemini kui enne tihendamist. See on eriti m\u00e4rgatav katuseakende puhul, kuna nende kaldus asend muudab need mustuse suhtes veelgi vastuv\u00f5tlikumaks kui vertikaalselt paigaldatud aknad.<\/p>\n<\/div>\n<\/div>\n\n<h3 class=\"wp-block-heading\" id=\"h-wie-gross-ist-der-arbeitsaufwand-fur-das-versiegeln-der-fensterscheiben\">Kui palju t\u00f6\u00f6d v\u00f5tab aknaklaaside tihendamine?<\/h3>\n\n<p>Hermeetiku pealekandmiseks kuluv aeg on v\u00e4ga l\u00fchike ja t\u00f5en\u00e4oliselt isegi kiirem kui akende puhastamine ise.<\/p>\n\n<p>K\u00f5igepealt tuleb aknaklaasi intensiivselt eelnevalt puhastada. Koos meie<a href=\"https:\/\/www.versiegelung24.com\/biosativa-biologischer-vorreiniger\/\"> BIOSATIVA eelpuhasti<\/a> ja<a href=\"https:\/\/www.versiegelung24.com\/bioethanol\/\"> Bioetanool 96,6%<\/a> see on probleemivaba protsess. Need meie poe tooted eemaldavad t\u00f5husalt ja kiiresti k\u00f5ik klaasij\u00e4\u00e4gid. <br\/>See on v\u00e4ga oluline hermeetiku hilisema kvaliteedi ja vastupidavuse seisukohast. Kui ettevalmistust\u00f6\u00f6d on l\u00f5petatud, algab tegelik hermeetika. Vedel klaas pihustatakse riidele ja kantakse seej\u00e4rel klaasile. Umbes 5 min p\u00e4rast. poleeri pehme mikrokiudlapiga.<\/p>\n\n<p>P\u00e4rast 12 -tunnist k\u00f5venemisaega on pind t\u00e4ielikult suletud. Vihmavaba p\u00e4ev on seega ideaalne v\u00e4ljas, nii et kate v\u00f5ib h\u00e4irimatult \u00e4ra kuivada ja vedela klaasi nanoosakesed t\u00e4ielikult \u00fchilduda.<\/p>\n\n<h3 class=\"wp-block-heading\" id=\"h-ist-eine-versiegelung-der-fenster-aussen-und-innen-sinnvoll\">Kas akende tihendamine v\u00e4ljaspool ja sees on m\u00f5ttekas?<\/h3>\n\n<p>Igal juhul soovitame tihendada akna m\u00f5lemad pooled. Kindlasti on mustuse koormus seest oluliselt v\u00e4iksem kui v\u00e4ljast. Kuid ka siin moodustavad tolm ja rasv klaasile kile, mida tuleks aeg -ajalt eemaldada. Iga\u00fcks, kellel on n\u00e4iteks lapsed, on tuttav ka toredate pisikeste nina- ja k\u00e4ej\u00e4lgedega esiklaasil, mis tehakse siis, kui noored on v\u00e4ljas midagi p\u00f5nevat avastanud. Meie aknatihendiga saab need j\u00e4\u00e4gid kiiresti ja lihtsalt eemaldada. S\u00e4\u00e4state aega ja n\u00e4rve t\u00e4htsamate asjade jaoks.<\/p>\n\n<div class=\"wp-block-columns is-layout-flex wp-container-core-columns-is-layout-9d6595d7 wp-block-columns-is-layout-flex\">\n<div class=\"wp-block-column is-layout-flow wp-block-column-is-layout-flow\">\n<h3 class=\"wp-block-heading\" id=\"h-schutzen-sie-ihre-fenster-vor-kratzern\">Kaitske oma aknaid kriimustuste eest<\/h3>\n\n\n\n<p>Aastate jooksul v\u00f5ib akende puhastamisel maha h\u00f5\u00f5rutud mustus p\u00f5hjustada klaasile k\u00f5ige peenemaid kriimustusi. Ka siin on klaasi tihendamisel \u00e4\u00e4rmiselt positiivne m\u00f5ju. See moodustab pinnale kaitsekihi, mis \u00fchelt poolt v\u00e4ldib oma tugevuse t\u00f5ttu kriimustusi ja teiselt poolt takistab tolmu kleepumist algusest peale.<\/p>\n\n\n\n<h3 class=\"wp-block-heading\" id=\"h-nutzen-sie-die-zeit-fur-die-wirklich-wichtigen-dinge-im-leben\">Kasutage aega elus t\u00f5esti oluliste asjade jaoks<\/h3>\n\n\n\n<p>Nautige kevadet selle asemel, et veeta aega akende puhastusmaratoniga. T\u00e4nu meie professionaalsele klaastihendile s\u00e4\u00e4state kuni 3 aastat palju t\u00f6\u00f6d. Sa peaksid seda v\u00e4\u00e4rt olema!<\/p>\n<\/div>\n\n\n\n<div class=\"wp-block-column is-layout-flow wp-block-column-is-layout-flow\"><div class=\"wp-block-image\">\n<figure class=\"alignright size-full\"><img loading=\"lazy\" decoding=\"async\" width=\"500\" height=\"500\" src=\"https:\/\/www.versiegelung24.com\/wp-content\/uploads\/2022\/01\/fenster_content_500.jpg\" alt=\"\" class=\"wp-image-59505\" srcset=\"https:\/\/www.versiegelung24.com\/wp-content\/uploads\/2022\/01\/fenster_content_500.jpg 500w, https:\/\/www.versiegelung24.com\/wp-content\/uploads\/2022\/01\/fenster_content_500-300x300.jpg 300w, https:\/\/www.versiegelung24.com\/wp-content\/uploads\/2022\/01\/fenster_content_500-80x80.jpg 80w, https:\/\/www.versiegelung24.com\/wp-content\/uploads\/2022\/01\/fenster_content_500-400x400.jpg 400w, https:\/\/www.versiegelung24.com\/wp-content\/uploads\/2022\/01\/fenster_content_500-100x100.jpg 100w\" sizes=\"(max-width: 500px) 100vw, 500px\" \/><\/figure>\n<\/div><\/div>\n<\/div>\n","protected":false},"excerpt":{"rendered":"<p><strong>**UUS** V\u00e4ga t\u00f5hus klaasitihendusvahend:<\/strong><\/p>\n<p>\u2713 Aknapaneelid<\/p>\n<p>\u2713 Klaasfassaadid<\/p>\n<p>\u2713 v\u00e4lisuksed jne,<\/p>\n<p>\u2713 Lootoseefektiga (vett h\u00fclgav)<\/p>\n<p>\u2713 Sise- ja v\u00e4listingimustes kasutamiseks<\/p>\n<p>&nbsp;<\/p>\n","protected":false},"featured_media":17715,"template":"","meta":{"_acf_changed":false,"neve_meta_sidebar":"","neve_meta_container":"","neve_meta_enable_content_width":"","neve_meta_content_width":0,"neve_meta_title_alignment":"","neve_meta_author_avatar":"","neve_post_elements_order":"","neve_meta_disable_header":"","neve_meta_disable_footer":"","neve_meta_disable_title":"","neve_meta_reading_time":"","_surfaces":[],"_ver_product_tabs":[],"footnotes":""},"product_brand":[],"product_cat":[2200],"product_tag":[],"class_list":{"0":"post-22810","1":"product","2":"type-product","3":"status-publish","4":"has-post-thumbnail","6":"product_cat-tihend-klaasi-ja-keraamika-jaoks","7":"pa_gebinde-1000-ml-pudel","8":"pa_gebinde-20l-kanister-et","10":"first","11":"instock","12":"taxable","13":"shipping-taxable","14":"purchasable","15":"product-type-variable","16":"has-default-attributes"},"acf":[],"yoast_head":"<!-- This site is optimized with the Yoast SEO Premium plugin v22.8 (Yoast SEO v27.5) - https:\/\/yoast.com\/product\/yoast-seo-premium-wordpress\/ -->\n<title>Professionaalse kvaliteediga klaasitihend - lihtne hooldus - versiegelung24.com<\/title>\n<meta name=\"robots\" content=\"index, follow, max-snippet:-1, max-image-preview:large, max-video-preview:-1\" \/>\n<link rel=\"canonical\" href=\"https:\/\/www.versiegelung24.com\/et\/klaasi-tihendamine-professionaalse-kvaliteediga.html\" \/>\n<meta property=\"og:locale\" content=\"et_EE\" \/>\n<meta property=\"og:type\" content=\"article\" \/>\n<meta property=\"og:title\" content=\"Professionaalse kvaliteediga klaasitihend - lihtne hooldus\" \/>\n<meta property=\"og:description\" content=\"**UUS** V\u00e4ga t\u00f5hus klaasitihendusvahend: \u2713 Aknapaneelid \u2713 Klaasfassaadid \u2713 v\u00e4lisuksed jne, \u2713 Lootoseefektiga (vett h\u00fclgav) \u2713 Sise- ja v\u00e4listingimustes kasutamiseks &nbsp;\" \/>\n<meta property=\"og:url\" content=\"https:\/\/www.versiegelung24.com\/et\/klaasi-tihendamine-professionaalse-kvaliteediga.html\" \/>\n<meta property=\"og:site_name\" content=\"versiegelung24.com\" \/>\n<meta property=\"article:modified_time\" content=\"2025-01-03T22:37:30+00:00\" \/>\n<meta property=\"og:image\" content=\"https:\/\/www.versiegelung24.com\/wp-content\/uploads\/2020\/06\/produkt-1000-601-1000-Glasversiegelung-scaled.jpg\" \/>\n\t<meta property=\"og:image:width\" content=\"2560\" \/>\n\t<meta property=\"og:image:height\" content=\"2560\" \/>\n\t<meta property=\"og:image:type\" content=\"image\/jpeg\" \/>\n<meta name=\"twitter:card\" content=\"summary_large_image\" \/>\n<meta name=\"twitter:label1\" content=\"Availability\" \/>\n\t<meta name=\"twitter:data1\" content=\"In stock\" \/>\n<script type=\"application\/ld+json\" class=\"yoast-schema-graph\">{\"@context\":\"https:\\\/\\\/schema.org\",\"@graph\":[{\"@type\":\"WebPage\",\"@id\":\"https:\\\/\\\/www.versiegelung24.com\\\/et\\\/klaasi-tihendamine-professionaalse-kvaliteediga.html\",\"url\":\"https:\\\/\\\/www.versiegelung24.com\\\/et\\\/klaasi-tihendamine-professionaalse-kvaliteediga.html\",\"name\":\"Professionaalse kvaliteediga klaasitihend - lihtne hooldus - versiegelung24.com\",\"isPartOf\":{\"@id\":\"https:\\\/\\\/www.versiegelung24.com\\\/et\\\/#website\"},\"primaryImageOfPage\":{\"@id\":\"https:\\\/\\\/www.versiegelung24.com\\\/et\\\/klaasi-tihendamine-professionaalse-kvaliteediga.html#primaryimage\"},\"image\":{\"@id\":\"https:\\\/\\\/www.versiegelung24.com\\\/et\\\/klaasi-tihendamine-professionaalse-kvaliteediga.html#primaryimage\"},\"thumbnailUrl\":\"https:\\\/\\\/www.versiegelung24.com\\\/wp-content\\\/uploads\\\/2020\\\/06\\\/produkt-1000-601-1000-Glasversiegelung-scaled.jpg\",\"datePublished\":\"2021-08-02T19:02:00+00:00\",\"dateModified\":\"2025-01-03T22:37:30+00:00\",\"breadcrumb\":{\"@id\":\"https:\\\/\\\/www.versiegelung24.com\\\/et\\\/klaasi-tihendamine-professionaalse-kvaliteediga.html#breadcrumb\"},\"inLanguage\":\"et\",\"potentialAction\":[{\"@type\":\"ReadAction\",\"target\":[\"https:\\\/\\\/www.versiegelung24.com\\\/et\\\/klaasi-tihendamine-professionaalse-kvaliteediga.html\"]}]},{\"@type\":\"ImageObject\",\"inLanguage\":\"et\",\"@id\":\"https:\\\/\\\/www.versiegelung24.com\\\/et\\\/klaasi-tihendamine-professionaalse-kvaliteediga.html#primaryimage\",\"url\":\"https:\\\/\\\/www.versiegelung24.com\\\/wp-content\\\/uploads\\\/2020\\\/06\\\/produkt-1000-601-1000-Glasversiegelung-scaled.jpg\",\"contentUrl\":\"https:\\\/\\\/www.versiegelung24.com\\\/wp-content\\\/uploads\\\/2020\\\/06\\\/produkt-1000-601-1000-Glasversiegelung-scaled.jpg\",\"width\":2560,\"height\":2560},{\"@type\":\"BreadcrumbList\",\"@id\":\"https:\\\/\\\/www.versiegelung24.com\\\/et\\\/klaasi-tihendamine-professionaalse-kvaliteediga.html#breadcrumb\",\"itemListElement\":[{\"@type\":\"ListItem\",\"position\":1,\"name\":\"Koduleht\",\"item\":\"https:\\\/\\\/www.versiegelung24.com\\\/et\\\/ees\\\/\"},{\"@type\":\"ListItem\",\"position\":2,\"name\":\"Pood\",\"item\":\"https:\\\/\\\/www.versiegelung24.com\\\/et\\\/pood\\\/\"},{\"@type\":\"ListItem\",\"position\":3,\"name\":\"Professionaalse kvaliteediga klaasitihend &#8211; lihtne hooldus\"}]},{\"@type\":\"WebSite\",\"@id\":\"https:\\\/\\\/www.versiegelung24.com\\\/et\\\/#website\",\"url\":\"https:\\\/\\\/www.versiegelung24.com\\\/et\\\/\",\"name\":\"versiegelung24.com\",\"description\":\"Fl\u00fcssigglas-Versiegelung - Made in Germany\",\"publisher\":{\"@id\":\"https:\\\/\\\/www.versiegelung24.com\\\/et\\\/#organization\"},\"potentialAction\":[{\"@type\":\"SearchAction\",\"target\":{\"@type\":\"EntryPoint\",\"urlTemplate\":\"https:\\\/\\\/www.versiegelung24.com\\\/et\\\/?s={search_term_string}\"},\"query-input\":{\"@type\":\"PropertyValueSpecification\",\"valueRequired\":true,\"valueName\":\"search_term_string\"}}],\"inLanguage\":\"et\"},{\"@type\":\"Organization\",\"@id\":\"https:\\\/\\\/www.versiegelung24.com\\\/et\\\/#organization\",\"name\":\"versiegelung24\",\"url\":\"https:\\\/\\\/www.versiegelung24.com\\\/et\\\/\",\"logo\":{\"@type\":\"ImageObject\",\"inLanguage\":\"et\",\"@id\":\"https:\\\/\\\/www.versiegelung24.com\\\/et\\\/#\\\/schema\\\/logo\\\/image\\\/\",\"url\":\"https:\\\/\\\/www.versiegelung24.com\\\/wp-content\\\/uploads\\\/2020\\\/04\\\/versiegelung24.png\",\"contentUrl\":\"https:\\\/\\\/www.versiegelung24.com\\\/wp-content\\\/uploads\\\/2020\\\/04\\\/versiegelung24.png\",\"width\":470,\"height\":102,\"caption\":\"versiegelung24\"},\"image\":{\"@id\":\"https:\\\/\\\/www.versiegelung24.com\\\/et\\\/#\\\/schema\\\/logo\\\/image\\\/\"}}]}<\/script>\n<meta property=\"og:availability\" content=\"instock\" \/>\n<meta property=\"product:availability\" content=\"instock\" \/>\n<meta property=\"product:retailer_item_id\" content=\"1000-6601\" \/>\n<meta property=\"product:condition\" content=\"new\" \/>\n<!-- \/ Yoast SEO Premium plugin. -->","yoast_head_json":{"title":"Professionaalse kvaliteediga klaasitihend - lihtne hooldus - versiegelung24.com","robots":{"index":"index","follow":"follow","max-snippet":"max-snippet:-1","max-image-preview":"max-image-preview:large","max-video-preview":"max-video-preview:-1"},"canonical":"https:\/\/www.versiegelung24.com\/et\/klaasi-tihendamine-professionaalse-kvaliteediga.html","og_locale":"et_EE","og_type":"article","og_title":"Professionaalse kvaliteediga klaasitihend - lihtne hooldus","og_description":"**UUS** V\u00e4ga t\u00f5hus klaasitihendusvahend: \u2713 Aknapaneelid \u2713 Klaasfassaadid \u2713 v\u00e4lisuksed jne, \u2713 Lootoseefektiga (vett h\u00fclgav) \u2713 Sise- ja v\u00e4listingimustes kasutamiseks &nbsp;","og_url":"https:\/\/www.versiegelung24.com\/et\/klaasi-tihendamine-professionaalse-kvaliteediga.html","og_site_name":"versiegelung24.com","article_modified_time":"2025-01-03T22:37:30+00:00","og_image":[{"width":2560,"height":2560,"url":"https:\/\/www.versiegelung24.com\/wp-content\/uploads\/2020\/06\/produkt-1000-601-1000-Glasversiegelung-scaled.jpg","type":"image\/jpeg"}],"twitter_card":"summary_large_image","twitter_misc":{"Availability":"In stock"},"schema":{"@context":"https:\/\/schema.org","@graph":[{"@type":"WebPage","@id":"https:\/\/www.versiegelung24.com\/et\/klaasi-tihendamine-professionaalse-kvaliteediga.html","url":"https:\/\/www.versiegelung24.com\/et\/klaasi-tihendamine-professionaalse-kvaliteediga.html","name":"Professionaalse kvaliteediga klaasitihend - lihtne hooldus - versiegelung24.com","isPartOf":{"@id":"https:\/\/www.versiegelung24.com\/et\/#website"},"primaryImageOfPage":{"@id":"https:\/\/www.versiegelung24.com\/et\/klaasi-tihendamine-professionaalse-kvaliteediga.html#primaryimage"},"image":{"@id":"https:\/\/www.versiegelung24.com\/et\/klaasi-tihendamine-professionaalse-kvaliteediga.html#primaryimage"},"thumbnailUrl":"https:\/\/www.versiegelung24.com\/wp-content\/uploads\/2020\/06\/produkt-1000-601-1000-Glasversiegelung-scaled.jpg","datePublished":"2021-08-02T19:02:00+00:00","dateModified":"2025-01-03T22:37:30+00:00","breadcrumb":{"@id":"https:\/\/www.versiegelung24.com\/et\/klaasi-tihendamine-professionaalse-kvaliteediga.html#breadcrumb"},"inLanguage":"et","potentialAction":[{"@type":"ReadAction","target":["https:\/\/www.versiegelung24.com\/et\/klaasi-tihendamine-professionaalse-kvaliteediga.html"]}]},{"@type":"ImageObject","inLanguage":"et","@id":"https:\/\/www.versiegelung24.com\/et\/klaasi-tihendamine-professionaalse-kvaliteediga.html#primaryimage","url":"https:\/\/www.versiegelung24.com\/wp-content\/uploads\/2020\/06\/produkt-1000-601-1000-Glasversiegelung-scaled.jpg","contentUrl":"https:\/\/www.versiegelung24.com\/wp-content\/uploads\/2020\/06\/produkt-1000-601-1000-Glasversiegelung-scaled.jpg","width":2560,"height":2560},{"@type":"BreadcrumbList","@id":"https:\/\/www.versiegelung24.com\/et\/klaasi-tihendamine-professionaalse-kvaliteediga.html#breadcrumb","itemListElement":[{"@type":"ListItem","position":1,"name":"Koduleht","item":"https:\/\/www.versiegelung24.com\/et\/ees\/"},{"@type":"ListItem","position":2,"name":"Pood","item":"https:\/\/www.versiegelung24.com\/et\/pood\/"},{"@type":"ListItem","position":3,"name":"Professionaalse kvaliteediga klaasitihend &#8211; lihtne hooldus"}]},{"@type":"WebSite","@id":"https:\/\/www.versiegelung24.com\/et\/#website","url":"https:\/\/www.versiegelung24.com\/et\/","name":"versiegelung24.com","description":"Fl\u00fcssigglas-Versiegelung - Made in Germany","publisher":{"@id":"https:\/\/www.versiegelung24.com\/et\/#organization"},"potentialAction":[{"@type":"SearchAction","target":{"@type":"EntryPoint","urlTemplate":"https:\/\/www.versiegelung24.com\/et\/?s={search_term_string}"},"query-input":{"@type":"PropertyValueSpecification","valueRequired":true,"valueName":"search_term_string"}}],"inLanguage":"et"},{"@type":"Organization","@id":"https:\/\/www.versiegelung24.com\/et\/#organization","name":"versiegelung24","url":"https:\/\/www.versiegelung24.com\/et\/","logo":{"@type":"ImageObject","inLanguage":"et","@id":"https:\/\/www.versiegelung24.com\/et\/#\/schema\/logo\/image\/","url":"https:\/\/www.versiegelung24.com\/wp-content\/uploads\/2020\/04\/versiegelung24.png","contentUrl":"https:\/\/www.versiegelung24.com\/wp-content\/uploads\/2020\/04\/versiegelung24.png","width":470,"height":102,"caption":"versiegelung24"},"image":{"@id":"https:\/\/www.versiegelung24.com\/et\/#\/schema\/logo\/image\/"}}]},"og_availability":"instock","product_availability":"instock","product_retailer_item_id":"1000-6601","product_condition":"new"},"_links":{"self":[{"href":"https:\/\/www.versiegelung24.com\/et\/wp-json\/wp\/v2\/product\/22810","targetHints":{"allow":["GET"]}}],"collection":[{"href":"https:\/\/www.versiegelung24.com\/et\/wp-json\/wp\/v2\/product"}],"about":[{"href":"https:\/\/www.versiegelung24.com\/et\/wp-json\/wp\/v2\/types\/product"}],"version-history":[{"count":32,"href":"https:\/\/www.versiegelung24.com\/et\/wp-json\/wp\/v2\/product\/22810\/revisions"}],"predecessor-version":[{"id":177497,"href":"https:\/\/www.versiegelung24.com\/et\/wp-json\/wp\/v2\/product\/22810\/revisions\/177497"}],"wp:featuredmedia":[{"embeddable":true,"href":"https:\/\/www.versiegelung24.com\/et\/wp-json\/wp\/v2\/media\/17715"}],"wp:attachment":[{"href":"https:\/\/www.versiegelung24.com\/et\/wp-json\/wp\/v2\/media?parent=22810"}],"wp:term":[{"taxonomy":"product_brand","embeddable":true,"href":"https:\/\/www.versiegelung24.com\/et\/wp-json\/wp\/v2\/product_brand?post=22810"},{"taxonomy":"product_cat","embeddable":true,"href":"https:\/\/www.versiegelung24.com\/et\/wp-json\/wp\/v2\/product_cat?post=22810"},{"taxonomy":"product_tag","embeddable":true,"href":"https:\/\/www.versiegelung24.com\/et\/wp-json\/wp\/v2\/product_tag?post=22810"}],"curies":[{"name":"wp","href":"https:\/\/api.w.org\/{rel}","templated":true}]}}