{"id":22818,"date":"2020-04-04T18:53:18","date_gmt":"2021-08-02T19:03:03","guid":{"rendered":"https:\/\/www.versiegelung24.com\/produkt\/bacoban-pikaajalised-pindade-desinfitseerivad-salvratikud-50-tukki-lamedas-pakendis"},"modified":"2025-01-13T16:37:51","modified_gmt":"2025-01-13T15:37:51","slug":"bacoban-pikaajalise-pinna-desinfitseerimislapid-50-tukid-lamedas-pakendis-lapi-formaadis-180-x-200mm","status":"publish","type":"product","link":"https:\/\/www.versiegelung24.com\/et\/bacoban-pikaajalise-pinna-desinfitseerimislapid-50-tuekid-lamedas-pakendis-lapi-formaadis-180-x-200mm.html","title":{"rendered":"BACOBAN\u00ae pikaajalised pindade desinfitseerivad salvr\u00e4tikud, 50 t\u00fckki lamedas pakendis"},"content":{"rendered":"\n<p>Kasutusvalmis niisked salvr\u00e4tikud alkoholikindlate pindade desinfitseerimiseks<\/p>\n\n<hr \/>\n\n<h4 class=\"wp-block-heading\" id=\"properties\">Toote omadused<\/h4>\n\n<div class=\"wp-block-columns is-layout-flex wp-container-core-columns-is-layout-9d6595d7 wp-block-columns-is-layout-flex\">\n<div class=\"wp-block-column is-layout-flow wp-block-column-is-layout-flow\">\n<ul class=\"wp-block-list\">\n<li><br \/>Kuni 10 p\u00e4eva kestev antimikroobne toime (remanentsuse toime).<\/li>\n\n\n\n<li>t\u00f5hus koronaviiruse vastu<\/li>\n\n\n\n<li>v\u00e4ga hea naha taluvus<\/li>\n\n\n\n<li>k\u00f5rge puhastav toime<\/li>\n\n\n\n<li>Praktilist rakendust testiti 4-v\u00e4lja testis<\/li>\n<\/ul>\n<\/div>\n\n\n\n<div class=\"wp-block-column is-layout-flow wp-block-column-is-layout-flow\">\n<h3 class=\"wp-block-heading\" id=\"zusammensetzung\">koostis<\/h3>\n\n\n\n<p>100 g lahust sisaldab:<br \/><br \/>Bensalkooniumkloriid 0,26 g, naatriump\u00fcritioon 0,025 g, pol\u00fckondensaadid, l\u00f5hnaained, puhastatud vesi. Koostisosad vastavalt m\u00e4\u00e4rusele (E\u00dc) nr 648\/2004: v\u00e4hem kui 5% kationilisi pindaktiivseid aineid, desinfitseerimisvahendid, l\u00f5hnaained. Formaldeh\u00fc\u00fcdivaba, fenoolivaba.<\/p>\n<\/div>\n<\/div>\n\n<hr \/>\n\n<h4 class=\"wp-block-heading\" id=\"application\">Taotlus<\/h4>\n\n<p><strong>Bacoban<\/strong><sup> \u00ae<\/sup><strong> DL<\/strong> on kasutusvalmis, veep\u00f5hine lahus pindade desinfitseerimiseks ja puhastamiseks, millel on p\u00fcsiv, antimikroobne toime (remanentsusefekt).<\/p>\n\n<h3 class=\"wp-block-heading\" id=\"gebrauch\">kasutada<\/h3>\n\n<p><strong>Bacoban<\/strong><sup> \u00ae<\/sup><strong> DL<\/strong> Eemaldage kasutusvalmis lapp ja jagage vedelik pinnale \u00fchtlaselt. Seej\u00e4rel laske sellel kuivada. \u00c4rge loputage ega h\u00f5\u00f5ruge kuivaks.<\/p>\n\n<figure class=\"wp-block-table\"><table><tbody><tr><td>t\u00f5husust<\/td><\/tr><tr><td>Testimine vastavalt DVV \/ RKI juhistele<\/td><td>Kokkupuute aeg<\/td><\/tr><tr><td><br \/>Piiratud viirust\u00f5rje (\u00fcmbritsetud viirused, sh <strong>koronaviirused<\/strong>, HIV, HBV, HCV, gripp, herpes, Ebola viirus&#8230;.).<\/td><td>5 min<\/td><\/tr><tr><td>Rotaviirus<\/td><td>5 min<\/td><\/tr><tr><td>Noroviirus<\/td><td>30 min<\/td><\/tr><tr><td>Papilloomiviirus (HPV)<\/td><td>60 min<\/td><\/tr><tr><td>Testimine vastavalt DGHM juhistele (mehaanikaga, suure koormusega)<\/td><\/tr><tr><td>bakteritsiidne ja p\u00e4rmidevastane<\/td><td>5 min<\/td><\/tr><tr><td>EN standarditele<\/td><\/tr><tr><td>EN 1040 (bakteritsiidne)<\/td><td>5 min<\/td><\/tr><tr><td>EN 1275 (p\u00e4rmit\u00f5rjevahend)<\/td><td>5 min<\/td><\/tr><tr><td>EN 1276 (bakteritsiidne)<\/td><td>5 min<\/td><\/tr><tr><td>EN 13727 (bakteritsiidne)<\/td><td>5 min<\/td><\/tr><tr><td>EN 13624 (p\u00e4rmi-, fungitsiidne)<\/td><td>5 min<\/td><\/tr><tr><td>EN 1650 (p\u00e4rmit\u00f5rjevahend)<\/td><td>5 min<\/td><\/tr><tr><td>EN 13697 (bakteritsiidne)<\/td><td>5 min<\/td><\/tr><tr><td>EN 14561 (bakteritsiidne)<\/td><td>60 min<\/td><\/tr><tr><td>EN 14562 (p\u00e4rmit\u00f5rjevahend)<\/td><td>60 min<\/td><\/tr><tr><td>EN 16615 (bakteritsiidne, p\u00e4rmit\u00f5rjevahend) (nelja v\u00e4lja katse)<\/td><td>5 min<\/td><\/tr><\/tbody><\/table><\/figure>\n\n<hr \/>\n\n<h4 class=\"wp-block-heading\" id=\"advisor\">N\u00f5ustaja<\/h4>\n\n<h3 class=\"wp-block-heading\" id=\"lagerung\">ladustamine<\/h3>\n\n<p><strong>Bacoban<\/strong><sup> \u00ae<\/sup><strong> DL<\/strong> Hoida temperatuuril +5 kuni + 25 \u00b0 C. Kaitsta k\u00fclma ja otsese p\u00e4ikesevalguse eest.<\/p>\n\n<h3 class=\"wp-block-heading\" id=\"gutachten\">Hinnang<\/h3>\n\n<p>Meie tooteid on p\u00f5hjalikult testitud. Soovi korral anname teile hea meelega oma mikrobioloogilised ja dermatoloogilised aruanded.<\/p>\n\n<h3 class=\"wp-block-heading\" id=\"sicherheitshinweis\">Ohutuse m\u00e4rkus<\/h3>\n\n<p>Ohutuskaart saadaval n\u00f5udmisel.<\/p>\n\n<p><br \/>P\u00fcsiv antimikroobne toime <strong>(remanentsuse toime)<\/strong> kuni <strong>10 p\u00e4eva<\/strong> (testitud vastavalt ASTM E 2180 standardile). Dermatoloogiliselt testitud (epikutaanne test 30 katsealusega): v\u00e4ga hea nahasobivus.<\/p>\n\n<p><strong>Oluline<\/strong> ! Antimikroobse toime p\u00fcsiv toime<strong> Bacoban<\/strong><sup> \u00ae<\/sup><strong> DL<\/strong> ei tohi n\u00e4htava ja \/ v\u00f5i k\u00fcsitava saastumise korral kaasa tuua vajalike desinfitseerimismeetmete puudumist!<\/p>\n\n<p><strong>Kasutage hoolikalt desinfektsioonivahendeid. Enne kasutamist lugege alati etiketti ja tooteteavet.<\/strong><\/p>\n\n<p>Biotsiidi reg.nr .: N-34071 (D), 262\/17 \/ L (Lu), PT2<\/p>\n","protected":false},"excerpt":{"rendered":"<p><strong>Kasutusvalmis niisked salvr\u00e4tikud pindade desinfitseerimiseks<\/strong><\/p>\n","protected":false},"featured_media":176461,"template":"","meta":{"_acf_changed":false,"neve_meta_sidebar":"","neve_meta_container":"","neve_meta_enable_content_width":"","neve_meta_content_width":0,"neve_meta_title_alignment":"","neve_meta_author_avatar":"","neve_post_elements_order":"","neve_meta_disable_header":"","neve_meta_disable_footer":"","neve_meta_disable_title":"","neve_meta_reading_time":"","_surfaces":[],"_ver_product_tabs":[],"footnotes":""},"product_brand":[],"product_cat":[2363,2254],"product_tag":[],"class_list":{"0":"post-22818","1":"product","2":"type-product","3":"status-publish","4":"has-post-thumbnail","6":"product_cat-pindade-desinfitseerimisvahendid","7":"product_cat-desinfektsioonivahendid","9":"first","10":"onbackorder","11":"taxable","12":"shipping-taxable","13":"purchasable","14":"product-type-simple"},"acf":[],"yoast_head":"<!-- This site is optimized with the Yoast SEO Premium plugin v22.8 (Yoast SEO v27.5) - https:\/\/yoast.com\/product\/yoast-seo-premium-wordpress\/ -->\n<title>BACOBAN\u00ae pikaajalised pindade desinfitseerivad salvr\u00e4tikud, 50 t\u00fckki lamedas pakendis - versiegelung24.com<\/title>\n<meta name=\"robots\" content=\"index, follow, max-snippet:-1, max-image-preview:large, max-video-preview:-1\" \/>\n<link rel=\"canonical\" href=\"https:\/\/www.versiegelung24.com\/et\/bacoban-pikaajalise-pinna-desinfitseerimislapid-50-tuekid-lamedas-pakendis-lapi-formaadis-180-x-200mm.html\" \/>\n<meta property=\"og:locale\" content=\"et_EE\" \/>\n<meta property=\"og:type\" content=\"article\" \/>\n<meta property=\"og:title\" content=\"BACOBAN\u00ae pikaajalised pindade desinfitseerivad salvr\u00e4tikud, 50 t\u00fckki lamedas pakendis\" \/>\n<meta property=\"og:description\" content=\"Kasutusvalmis niisked salvr\u00e4tikud pindade desinfitseerimiseks\" \/>\n<meta property=\"og:url\" content=\"https:\/\/www.versiegelung24.com\/et\/bacoban-pikaajalise-pinna-desinfitseerimislapid-50-tuekid-lamedas-pakendis-lapi-formaadis-180-x-200mm.html\" \/>\n<meta property=\"og:site_name\" content=\"versiegelung24.com\" \/>\n<meta property=\"article:modified_time\" content=\"2025-01-13T15:37:51+00:00\" \/>\n<meta property=\"og:image\" content=\"https:\/\/www.versiegelung24.com\/wp-content\/uploads\/2020\/04\/bacotue-produktbild-schraeg.webp\" \/>\n\t<meta property=\"og:image:width\" content=\"2000\" \/>\n\t<meta property=\"og:image:height\" content=\"2000\" \/>\n\t<meta property=\"og:image:type\" content=\"image\/webp\" \/>\n<meta name=\"twitter:card\" content=\"summary_large_image\" \/>\n<meta name=\"twitter:label1\" content=\"Price\" \/>\n\t<meta name=\"twitter:data1\" content=\"7,79&euro;\" \/>\n\t<meta name=\"twitter:label2\" content=\"Availability\" \/>\n\t<meta name=\"twitter:data2\" content=\"On backorder\" \/>\n<script type=\"application\/ld+json\" class=\"yoast-schema-graph\">{\"@context\":\"https:\\\/\\\/schema.org\",\"@graph\":[{\"@type\":\"WebPage\",\"@id\":\"https:\\\/\\\/www.versiegelung24.com\\\/et\\\/bacoban-pikaajalise-pinna-desinfitseerimislapid-50-tuekid-lamedas-pakendis-lapi-formaadis-180-x-200mm.html\",\"url\":\"https:\\\/\\\/www.versiegelung24.com\\\/et\\\/bacoban-pikaajalise-pinna-desinfitseerimislapid-50-tuekid-lamedas-pakendis-lapi-formaadis-180-x-200mm.html\",\"name\":\"BACOBAN\u00ae pikaajalised pindade desinfitseerivad salvr\u00e4tikud, 50 t\u00fckki lamedas pakendis - versiegelung24.com\",\"isPartOf\":{\"@id\":\"https:\\\/\\\/www.versiegelung24.com\\\/et\\\/#website\"},\"primaryImageOfPage\":{\"@id\":\"https:\\\/\\\/www.versiegelung24.com\\\/et\\\/bacoban-pikaajalise-pinna-desinfitseerimislapid-50-tuekid-lamedas-pakendis-lapi-formaadis-180-x-200mm.html#primaryimage\"},\"image\":{\"@id\":\"https:\\\/\\\/www.versiegelung24.com\\\/et\\\/bacoban-pikaajalise-pinna-desinfitseerimislapid-50-tuekid-lamedas-pakendis-lapi-formaadis-180-x-200mm.html#primaryimage\"},\"thumbnailUrl\":\"https:\\\/\\\/www.versiegelung24.com\\\/wp-content\\\/uploads\\\/2020\\\/04\\\/bacotue-produktbild-schraeg.webp\",\"datePublished\":\"2021-08-02T19:03:03+00:00\",\"dateModified\":\"2025-01-13T15:37:51+00:00\",\"breadcrumb\":{\"@id\":\"https:\\\/\\\/www.versiegelung24.com\\\/et\\\/bacoban-pikaajalise-pinna-desinfitseerimislapid-50-tuekid-lamedas-pakendis-lapi-formaadis-180-x-200mm.html#breadcrumb\"},\"inLanguage\":\"et\",\"potentialAction\":[{\"@type\":\"ReadAction\",\"target\":[\"https:\\\/\\\/www.versiegelung24.com\\\/et\\\/bacoban-pikaajalise-pinna-desinfitseerimislapid-50-tuekid-lamedas-pakendis-lapi-formaadis-180-x-200mm.html\"]}]},{\"@type\":\"ImageObject\",\"inLanguage\":\"et\",\"@id\":\"https:\\\/\\\/www.versiegelung24.com\\\/et\\\/bacoban-pikaajalise-pinna-desinfitseerimislapid-50-tuekid-lamedas-pakendis-lapi-formaadis-180-x-200mm.html#primaryimage\",\"url\":\"https:\\\/\\\/www.versiegelung24.com\\\/wp-content\\\/uploads\\\/2020\\\/04\\\/bacotue-produktbild-schraeg.webp\",\"contentUrl\":\"https:\\\/\\\/www.versiegelung24.com\\\/wp-content\\\/uploads\\\/2020\\\/04\\\/bacotue-produktbild-schraeg.webp\",\"width\":2000,\"height\":2000},{\"@type\":\"BreadcrumbList\",\"@id\":\"https:\\\/\\\/www.versiegelung24.com\\\/et\\\/bacoban-pikaajalise-pinna-desinfitseerimislapid-50-tuekid-lamedas-pakendis-lapi-formaadis-180-x-200mm.html#breadcrumb\",\"itemListElement\":[{\"@type\":\"ListItem\",\"position\":1,\"name\":\"Koduleht\",\"item\":\"https:\\\/\\\/www.versiegelung24.com\\\/et\\\/ees\\\/\"},{\"@type\":\"ListItem\",\"position\":2,\"name\":\"Pood\",\"item\":\"https:\\\/\\\/www.versiegelung24.com\\\/et\\\/pood\\\/\"},{\"@type\":\"ListItem\",\"position\":3,\"name\":\"BACOBAN\u00ae pikaajalised pindade desinfitseerivad salvr\u00e4tikud, 50 t\u00fckki lamedas pakendis\"}]},{\"@type\":\"WebSite\",\"@id\":\"https:\\\/\\\/www.versiegelung24.com\\\/et\\\/#website\",\"url\":\"https:\\\/\\\/www.versiegelung24.com\\\/et\\\/\",\"name\":\"versiegelung24.com\",\"description\":\"Fl\u00fcssigglas-Versiegelung - Made in Germany\",\"publisher\":{\"@id\":\"https:\\\/\\\/www.versiegelung24.com\\\/et\\\/#organization\"},\"potentialAction\":[{\"@type\":\"SearchAction\",\"target\":{\"@type\":\"EntryPoint\",\"urlTemplate\":\"https:\\\/\\\/www.versiegelung24.com\\\/et\\\/?s={search_term_string}\"},\"query-input\":{\"@type\":\"PropertyValueSpecification\",\"valueRequired\":true,\"valueName\":\"search_term_string\"}}],\"inLanguage\":\"et\"},{\"@type\":\"Organization\",\"@id\":\"https:\\\/\\\/www.versiegelung24.com\\\/et\\\/#organization\",\"name\":\"versiegelung24\",\"url\":\"https:\\\/\\\/www.versiegelung24.com\\\/et\\\/\",\"logo\":{\"@type\":\"ImageObject\",\"inLanguage\":\"et\",\"@id\":\"https:\\\/\\\/www.versiegelung24.com\\\/et\\\/#\\\/schema\\\/logo\\\/image\\\/\",\"url\":\"https:\\\/\\\/www.versiegelung24.com\\\/wp-content\\\/uploads\\\/2020\\\/04\\\/versiegelung24.png\",\"contentUrl\":\"https:\\\/\\\/www.versiegelung24.com\\\/wp-content\\\/uploads\\\/2020\\\/04\\\/versiegelung24.png\",\"width\":470,\"height\":102,\"caption\":\"versiegelung24\"},\"image\":{\"@id\":\"https:\\\/\\\/www.versiegelung24.com\\\/et\\\/#\\\/schema\\\/logo\\\/image\\\/\"}}]}<\/script>\n<meta property=\"product:price:amount\" content=\"7.79\" \/>\n<meta property=\"product:price:currency\" content=\"EUR\" \/>\n<meta property=\"og:availability\" content=\"backorder\" \/>\n<meta property=\"product:availability\" content=\"available for order\" \/>\n<meta property=\"product:retailer_item_id\" content=\"BACTUE\" \/>\n<meta property=\"product:condition\" content=\"new\" \/>\n<!-- \/ Yoast SEO Premium plugin. -->","yoast_head_json":{"title":"BACOBAN\u00ae pikaajalised pindade desinfitseerivad salvr\u00e4tikud, 50 t\u00fckki lamedas pakendis - versiegelung24.com","robots":{"index":"index","follow":"follow","max-snippet":"max-snippet:-1","max-image-preview":"max-image-preview:large","max-video-preview":"max-video-preview:-1"},"canonical":"https:\/\/www.versiegelung24.com\/et\/bacoban-pikaajalise-pinna-desinfitseerimislapid-50-tuekid-lamedas-pakendis-lapi-formaadis-180-x-200mm.html","og_locale":"et_EE","og_type":"article","og_title":"BACOBAN\u00ae pikaajalised pindade desinfitseerivad salvr\u00e4tikud, 50 t\u00fckki lamedas pakendis","og_description":"Kasutusvalmis niisked salvr\u00e4tikud pindade desinfitseerimiseks","og_url":"https:\/\/www.versiegelung24.com\/et\/bacoban-pikaajalise-pinna-desinfitseerimislapid-50-tuekid-lamedas-pakendis-lapi-formaadis-180-x-200mm.html","og_site_name":"versiegelung24.com","article_modified_time":"2025-01-13T15:37:51+00:00","og_image":[{"width":2000,"height":2000,"url":"https:\/\/www.versiegelung24.com\/wp-content\/uploads\/2020\/04\/bacotue-produktbild-schraeg.webp","type":"image\/webp"}],"twitter_card":"summary_large_image","twitter_misc":{"Price":"7,79&euro;","Availability":"On backorder"},"schema":{"@context":"https:\/\/schema.org","@graph":[{"@type":"WebPage","@id":"https:\/\/www.versiegelung24.com\/et\/bacoban-pikaajalise-pinna-desinfitseerimislapid-50-tuekid-lamedas-pakendis-lapi-formaadis-180-x-200mm.html","url":"https:\/\/www.versiegelung24.com\/et\/bacoban-pikaajalise-pinna-desinfitseerimislapid-50-tuekid-lamedas-pakendis-lapi-formaadis-180-x-200mm.html","name":"BACOBAN\u00ae pikaajalised pindade desinfitseerivad salvr\u00e4tikud, 50 t\u00fckki lamedas pakendis - versiegelung24.com","isPartOf":{"@id":"https:\/\/www.versiegelung24.com\/et\/#website"},"primaryImageOfPage":{"@id":"https:\/\/www.versiegelung24.com\/et\/bacoban-pikaajalise-pinna-desinfitseerimislapid-50-tuekid-lamedas-pakendis-lapi-formaadis-180-x-200mm.html#primaryimage"},"image":{"@id":"https:\/\/www.versiegelung24.com\/et\/bacoban-pikaajalise-pinna-desinfitseerimislapid-50-tuekid-lamedas-pakendis-lapi-formaadis-180-x-200mm.html#primaryimage"},"thumbnailUrl":"https:\/\/www.versiegelung24.com\/wp-content\/uploads\/2020\/04\/bacotue-produktbild-schraeg.webp","datePublished":"2021-08-02T19:03:03+00:00","dateModified":"2025-01-13T15:37:51+00:00","breadcrumb":{"@id":"https:\/\/www.versiegelung24.com\/et\/bacoban-pikaajalise-pinna-desinfitseerimislapid-50-tuekid-lamedas-pakendis-lapi-formaadis-180-x-200mm.html#breadcrumb"},"inLanguage":"et","potentialAction":[{"@type":"ReadAction","target":["https:\/\/www.versiegelung24.com\/et\/bacoban-pikaajalise-pinna-desinfitseerimislapid-50-tuekid-lamedas-pakendis-lapi-formaadis-180-x-200mm.html"]}]},{"@type":"ImageObject","inLanguage":"et","@id":"https:\/\/www.versiegelung24.com\/et\/bacoban-pikaajalise-pinna-desinfitseerimislapid-50-tuekid-lamedas-pakendis-lapi-formaadis-180-x-200mm.html#primaryimage","url":"https:\/\/www.versiegelung24.com\/wp-content\/uploads\/2020\/04\/bacotue-produktbild-schraeg.webp","contentUrl":"https:\/\/www.versiegelung24.com\/wp-content\/uploads\/2020\/04\/bacotue-produktbild-schraeg.webp","width":2000,"height":2000},{"@type":"BreadcrumbList","@id":"https:\/\/www.versiegelung24.com\/et\/bacoban-pikaajalise-pinna-desinfitseerimislapid-50-tuekid-lamedas-pakendis-lapi-formaadis-180-x-200mm.html#breadcrumb","itemListElement":[{"@type":"ListItem","position":1,"name":"Koduleht","item":"https:\/\/www.versiegelung24.com\/et\/ees\/"},{"@type":"ListItem","position":2,"name":"Pood","item":"https:\/\/www.versiegelung24.com\/et\/pood\/"},{"@type":"ListItem","position":3,"name":"BACOBAN\u00ae pikaajalised pindade desinfitseerivad salvr\u00e4tikud, 50 t\u00fckki lamedas pakendis"}]},{"@type":"WebSite","@id":"https:\/\/www.versiegelung24.com\/et\/#website","url":"https:\/\/www.versiegelung24.com\/et\/","name":"versiegelung24.com","description":"Fl\u00fcssigglas-Versiegelung - Made in Germany","publisher":{"@id":"https:\/\/www.versiegelung24.com\/et\/#organization"},"potentialAction":[{"@type":"SearchAction","target":{"@type":"EntryPoint","urlTemplate":"https:\/\/www.versiegelung24.com\/et\/?s={search_term_string}"},"query-input":{"@type":"PropertyValueSpecification","valueRequired":true,"valueName":"search_term_string"}}],"inLanguage":"et"},{"@type":"Organization","@id":"https:\/\/www.versiegelung24.com\/et\/#organization","name":"versiegelung24","url":"https:\/\/www.versiegelung24.com\/et\/","logo":{"@type":"ImageObject","inLanguage":"et","@id":"https:\/\/www.versiegelung24.com\/et\/#\/schema\/logo\/image\/","url":"https:\/\/www.versiegelung24.com\/wp-content\/uploads\/2020\/04\/versiegelung24.png","contentUrl":"https:\/\/www.versiegelung24.com\/wp-content\/uploads\/2020\/04\/versiegelung24.png","width":470,"height":102,"caption":"versiegelung24"},"image":{"@id":"https:\/\/www.versiegelung24.com\/et\/#\/schema\/logo\/image\/"}}]},"product_price_amount":"7.79","product_price_currency":"EUR","og_availability":"backorder","product_availability":"available for order","product_retailer_item_id":"BACTUE","product_condition":"new"},"_links":{"self":[{"href":"https:\/\/www.versiegelung24.com\/et\/wp-json\/wp\/v2\/product\/22818","targetHints":{"allow":["GET"]}}],"collection":[{"href":"https:\/\/www.versiegelung24.com\/et\/wp-json\/wp\/v2\/product"}],"about":[{"href":"https:\/\/www.versiegelung24.com\/et\/wp-json\/wp\/v2\/types\/product"}],"version-history":[{"count":15,"href":"https:\/\/www.versiegelung24.com\/et\/wp-json\/wp\/v2\/product\/22818\/revisions"}],"predecessor-version":[{"id":180557,"href":"https:\/\/www.versiegelung24.com\/et\/wp-json\/wp\/v2\/product\/22818\/revisions\/180557"}],"wp:featuredmedia":[{"embeddable":true,"href":"https:\/\/www.versiegelung24.com\/et\/wp-json\/wp\/v2\/media\/176461"}],"wp:attachment":[{"href":"https:\/\/www.versiegelung24.com\/et\/wp-json\/wp\/v2\/media?parent=22818"}],"wp:term":[{"taxonomy":"product_brand","embeddable":true,"href":"https:\/\/www.versiegelung24.com\/et\/wp-json\/wp\/v2\/product_brand?post=22818"},{"taxonomy":"product_cat","embeddable":true,"href":"https:\/\/www.versiegelung24.com\/et\/wp-json\/wp\/v2\/product_cat?post=22818"},{"taxonomy":"product_tag","embeddable":true,"href":"https:\/\/www.versiegelung24.com\/et\/wp-json\/wp\/v2\/product_tag?post=22818"}],"curies":[{"name":"wp","href":"https:\/\/api.w.org\/{rel}","templated":true}]}}