{"id":22886,"date":"2020-04-04T18:53:16","date_gmt":"2021-08-02T19:06:35","guid":{"rendered":"https:\/\/www.versiegelung24.com\/produkt\/1-liiter-bacoban-kontsentraati-100-liitri-pikaajaliseks-pindade-desinfitseerimiseks"},"modified":"2025-01-13T16:35:53","modified_gmt":"2025-01-13T15:35:53","slug":"bacoban-pikaajaline-pindade-desinfitseerimise-kontsentraat","status":"publish","type":"product","link":"https:\/\/www.versiegelung24.com\/et\/bacoban-pikaajaline-pindade-desinfitseerimise-kontsentraat.html","title":{"rendered":"1 liiter BACOBAN\u00ae kontsentraati 100 liitri pikaajaliseks pindade desinfitseerimiseks"},"content":{"rendered":"\n<h2 class=\"wp-block-heading\" id=\"1-liter-flasche-bacoban-langzeit-flachendesinfektion-konzentrat\">1-liitrine pudel BACOBAN\u00ae pikaajalist pinna desinfitseerimise kontsentraati<\/h2>\n\n<p><strong>Piisab 100 liitrist desinfitseerimisvahendist (lahjendatakse veega 1: 100)<\/strong><\/p>\n\n<p><strong>Kasutage hoolikalt desinfektsioonivahendeid. Enne kasutamist lugege alati etiketti ja tooteteavet.<\/strong><\/p>\n\n<hr \/>\n\n<h4 class=\"wp-block-heading\" id=\"properties\">Toote omadused<\/h4>\n\n<ul class=\"wp-block-list\"><li><br \/>Kuni 10 p\u00e4eva kestev antimikroobne toime (remanentsuse toime).<\/li><li>Loetletud VAH<\/li><li>t\u00f5hus koronaviiruse vastu<\/li><li>v\u00e4ga hea naha taluvus<\/li><li>k\u00f5rge puhastav toime<\/li><li>Praktilist rakendust testiti 4-v\u00e4lja testis<\/li><\/ul>\n\n<p><strong>Bacoban<\/strong><sup> \u00ae<\/sup><strong> WB<\/strong> on veep\u00f5hine kontsentraat inventari ja p\u00f5randate kombineeritud desinfitseerimiseks ja puhastamiseks, millel on p\u00fcsiv, antimikroobne toime (remanentsusefekt).<\/p>\n\n<hr \/>\n\n<h4 class=\"wp-block-heading\" id=\"application\">Taotlus<\/h4>\n\n<h3 class=\"wp-block-heading\" id=\"gebrauch\">kasutada<\/h3>\n\n<p>V\u00e4lja<strong> Bacoban<\/strong><sup> \u00ae<\/sup><strong> WB<\/strong> Valmistage kasutusvalmis lahus vastavalt segamistabelile ja m\u00e4rkige pinnad piisavalt. \u00c4rge loputage ega h\u00f5\u00f5ruge kuivaks. V\u00e4rskelt valmistatud t\u00f6\u00f6lahuse ooteaeg: 8 tundi<\/p>\n\n<figure class=\"wp-block-table\"><table><tbody><tr><td>Segamislaud<\/td><\/tr><tr><td>L\u00f5plik maht<\/td><td>0,5 %<\/td><td>1 %<\/td><td>2 %<\/td><td>3 %<\/td><\/tr><tr><td>1 liiter<\/td><td>5 ml<\/td><td>10 ml<\/td><td>20 ml<\/td><td>30 ml<\/td><\/tr><tr><td>2 liitrit<\/td><td>10 ml<\/td><td>20 ml<\/td><td>40 ml<\/td><td>60 ml<\/td><\/tr><tr><td>4 liitrit<\/td><td>20 ml<\/td><td>40 ml<\/td><td>80 ml<\/td><td>120 ml<\/td><\/tr><tr><td>8 liitrit<\/td><td>40 ml<\/td><td>80 ml<\/td><td>160 ml<\/td><td>240 ml<\/td><\/tr><tr><td>10 liitrit<\/td><td>50 ml<\/td><td>100 ml<\/td><td>200 ml<\/td><td>300 ml<\/td><\/tr><\/tbody><\/table><\/figure>\n\n<p><br \/>P\u00fcsiv antimikroobne toime <strong>(remanentsuse efekt)<\/strong> kuni <strong>10 p\u00e4eva<\/strong> (testitud vastavalt ASTM E 2180). Dermatoloogiliselt testitud (* 1% juures): v\u00e4ga hea nahasobivus.<\/p>\n\n<h3 class=\"wp-block-heading\" id=\"lagerung\">ladustamine<\/h3>\n\n<p><strong>Bacoban<\/strong><sup> \u00ae<\/sup><strong> WB<\/strong> Hoida temperatuuril +5 kuni + 25 \u00b0 C. Kaitsta k\u00fclma ja otsese p\u00e4ikesevalguse eest.<\/p>\n\n<hr \/>\n\n<h4 class=\"wp-block-heading\" id=\"advisor\">N\u00f5ustaja<\/h4>\n\n<h3 class=\"wp-block-heading\" id=\"gutachten\">Hinnang<\/h3>\n\n<p>Meie tooteid on p\u00f5hjalikult testitud. Soovi korral anname teile hea meelega oma mikrobioloogilised ja dermatoloogilised aruanded.<\/p>\n\n<h3 class=\"wp-block-heading\" id=\"sicherheitshinweis\">Ohutuse m\u00e4rkus<\/h3>\n\n<p>Ohutuskaart saadaval n\u00f5udmisel.<\/p>\n\n<p><strong>Oluline<\/strong> ! Antimikroobse toime p\u00fcsiv toime<strong> Bacoban<\/strong><sup> \u00ae<\/sup><strong> WB<\/strong> ei tohi n\u00e4htava ja \/ v\u00f5i k\u00fcsitava saastumise korral kaasa tuua vajalike desinfitseerimismeetmete puudumist!<\/p>\n\n<p>T\u00f6\u00f6andjate vastutuskindlustusliit n\u00e4eb ette, et desinfitseerimisvahendite k\u00e4itlemisel tuleb kanda kindaid. Allaneelamisel kahjulik. P\u00f5hjustab t\u00f5siseid nahap\u00f5letusi ja silmakahjustusi. V\u00e4ga m\u00fcrgine veeorganismidele. M\u00fcrgine veeorganismidele, pikaajalise m\u00f5juga. \u00c4rge s\u00f6\u00f6ge, jooge ega suitsetage toote kasutamise ajal. KUI N\u00c4\u00c4LITUD: loputage suu v\u00e4lja. \u00c4RGE kutsuge esile oksendamist. KOKKUV\u00d5IMETUSE KORRALDAMINE NAHA (v\u00f5i juustega): Eemaldage kohe k\u00f5ik saastunud riided. Loputage nahka veega\/du\u0161iga. Silmadesse sattumisel: loputada ettevaatlikult veega mitu minutit. V\u00f5imaluse korral eemaldage olemasolevad kontaktl\u00e4\u00e4tsed. J\u00e4tkake loputamist. Helistage viivitamatult M\u00dcRGISTUSKESKUSSE v\u00f5i arsti juurde. Kui on vaja meditsiinilist n\u00f5uannet, hoidke pakend v\u00f5i etikett valmis. <br \/>Hoida lastele k\u00e4ttesaamatus kohas. Kasutada ainult koos veega ja vastavalt segamistabelile. Mitte kasutada koos teiste puhastus- v\u00f5i desinfitseerimisvahenditega.<\/p>\n\n<p>V\u00f5ib kasutada k\u00f5ikidel pindadel. Kahtlaselt tundlike pindade puhul soovitame teha vastupanukatse ebat\u00e4pselikul alal. S\u00e4ilitada ainult suletud mahutis. Hoida jahedas ja kuivas kohas.<\/p>\n\n<p>Konteinerit saab taaskasutada ainult siis, kui see on t\u00e4iesti t\u00fchi. \u00c4rge kasutage p\u00e4rast k\u00f5lblikkusaega. H\u00e4vitage vastavalt kohalikele ja ametlikele eeskirjadele.<\/p>\n\n<p>Biotsiidi reg nr: N-28795 (D). 263\/17\/L (Lu)<\/p>\n\n<p>Segamistabelile vastav <strong>kasutusvalmis<\/strong> lahus ei vaja ohus\u00fcmbolit.<\/p>\n\n<h3 class=\"wp-block-heading\" id=\"zusammensetzung\">koostis<\/h3>\n\n<p>100 g lahust sisaldab: bensalkooniumkloriidi 26 g, naatriump\u00fcritiooni 2,5 g, pol\u00fckondensaate, l\u00f5hnaaineid, puhastatud vett. Koostisosad vastavalt m\u00e4\u00e4rusele (E\u00dc) nr 648\/2004: 15% ja rohkem, kuid alla 30% katioonsed pindaktiivsed ained, desinfektsioonivahendid, l\u00f5hnaained (linalool, limoneen, tsitraal, geraniool, tsitronellool).<br \/>Formaldeh\u00fc\u00fcdivaba, fenoolivaba.<\/p>\n\n<figure class=\"wp-block-table\"><table><tbody><tr><td>t\u00f5husust<\/td><\/tr><tr><td>Testimine vastavalt DVV \/ RKI juhistele<\/td><td>lahjendamine<\/td><td>Kokkupuute aeg<\/td><\/tr><tr><td><br \/>Piiratud viirust\u00f5rje (\u00fcmbritsetud viirused, sh <strong>koronaviirused<\/strong>, HIV, HBV, HCV, gripp, herpes, Ebola viirus&#8230;.).<\/td><td>1,00 %<\/td><td>5 min<\/td><\/tr><tr><td>Adenoviirus<\/td><td>2,00 %<\/td><td>240 min<\/td><\/tr><tr><td>Inimese papilloomiviirus (HPV)<\/td><td>1,00 %<\/td><td>60 min<\/td><\/tr><tr><td>Noroviirus<\/td><td>1,00 %<\/td><td>30 min<\/td><\/tr><tr><td>Testimine vastavalt DGHM juhistele (mehaanikaga, suure koormusega)<\/td><\/tr><tr><td>bakteritsiidne ja p\u00e4rmidevastane<\/td><td>1,00 %<\/td><td>5 min<\/td><\/tr><tr><td>EN standarditele<\/td><\/tr><tr><td>EN 1040 (bakteritsiidne)<\/td><td>0,25 %<\/td><td>5 min<\/td><\/tr><tr><td>EN 1275 (p\u00e4rmit\u00f5rjevahend)<\/td><td>0,25 %<\/td><td>5 min<\/td><\/tr><tr><td>EN 1276 (bakteritsiidne)<\/td><td>0,75 %<\/td><td>5 min<\/td><\/tr><tr><td>\u00a0<\/td><td>0,50 %<\/td><td>15 minutit<\/td><\/tr><tr><td>EN 13727 (bakteritsiidne)<\/td><td>1,00 %<\/td><td>5 min<\/td><\/tr><tr><td>EN 13624 (p\u00e4rmi-, fungitsiidne)<\/td><td>1,00 %<\/td><td>5 min<\/td><\/tr><tr><td>EN 1650 (p\u00e4rmit\u00f5rjevahend)<\/td><td>0,50 %<\/td><td>5 min<\/td><\/tr><tr><td>\u00a0<\/td><td>0,25 %<\/td><td>15 minutit<\/td><\/tr><tr><td>EN 13697 (bakteritsiidne)<\/td><td>0,50 %<\/td><td>15 minutit<\/td><\/tr><tr><td>EN 14561 (bakteritsiidne)<\/td><td>0,50 %<\/td><td>15 minutit<\/td><\/tr><tr><td>\u00a0<\/td><td>0,50 %<\/td><td>60 min<\/td><\/tr><tr><td>EN 14562 (p\u00e4rmit\u00f5rjevahend)<\/td><td>0,50 %<\/td><td>60 min<\/td><\/tr><tr><td>EN 16615 (bakteritsiidne, p\u00e4rmit\u00f5rjevahend) (nelja v\u00e4lja katse)<\/td><td>1,00 %<\/td><td>5 min<\/td><\/tr><\/tbody><\/table><\/figure>\n\n<p><strong>Kasutage hoolikalt desinfektsioonivahendeid. Enne kasutamist lugege alati etiketti ja tooteteavet.<\/strong><\/p>\n","protected":false},"excerpt":{"rendered":"<p style=\"color: #545454;font-family: Verdana, sans-serif;font-size: 11px;line-height: 15.666666984558105px\"><strong>Alkoholivaba pindade desinfitseerimine ja puhastamine<\/strong><\/p>\n","protected":false},"featured_media":21951,"template":"","meta":{"_acf_changed":false,"neve_meta_sidebar":"","neve_meta_container":"","neve_meta_enable_content_width":"","neve_meta_content_width":0,"neve_meta_title_alignment":"","neve_meta_author_avatar":"","neve_post_elements_order":"","neve_meta_disable_header":"","neve_meta_disable_footer":"","neve_meta_disable_title":"","neve_meta_reading_time":"","_surfaces":[],"_ver_product_tabs":[],"footnotes":""},"product_brand":[],"product_cat":[2254,2363,2364],"product_tag":[],"class_list":{"0":"post-22886","1":"product","2":"type-product","3":"status-publish","4":"has-post-thumbnail","6":"product_cat-desinfektsioonivahendid","7":"product_cat-pindade-desinfitseerimisvahendid","8":"product_cat-desinfitseerivad-kontsentraadid","10":"first","11":"instock","12":"taxable","13":"shipping-taxable","14":"purchasable","15":"product-type-simple"},"acf":[],"yoast_head":"<!-- This site is optimized with the Yoast SEO Premium plugin v22.8 (Yoast SEO v27.5) - https:\/\/yoast.com\/product\/yoast-seo-premium-wordpress\/ -->\n<title>1 liiter BACOBAN\u00ae kontsentraati 100 liitri pikaajaliseks pindade desinfitseerimiseks - versiegelung24.com<\/title>\n<meta name=\"robots\" content=\"index, follow, max-snippet:-1, max-image-preview:large, max-video-preview:-1\" \/>\n<link rel=\"canonical\" href=\"https:\/\/www.versiegelung24.com\/et\/bacoban-pikaajaline-pindade-desinfitseerimise-kontsentraat.html\" \/>\n<meta property=\"og:locale\" content=\"et_EE\" \/>\n<meta property=\"og:type\" content=\"article\" \/>\n<meta property=\"og:title\" content=\"1 liiter BACOBAN\u00ae kontsentraati 100 liitri pikaajaliseks pindade desinfitseerimiseks\" \/>\n<meta property=\"og:description\" content=\"Alkoholivaba pindade desinfitseerimine ja puhastamine\" \/>\n<meta property=\"og:url\" content=\"https:\/\/www.versiegelung24.com\/et\/bacoban-pikaajaline-pindade-desinfitseerimise-kontsentraat.html\" \/>\n<meta property=\"og:site_name\" content=\"versiegelung24.com\" \/>\n<meta property=\"article:modified_time\" content=\"2025-01-13T15:35:53+00:00\" \/>\n<meta property=\"og:image\" content=\"https:\/\/www.versiegelung24.com\/wp-content\/uploads\/2020\/04\/bacwb1-bacoban-langzeitdesinfektion-konzentrat-1-liter.png\" \/>\n\t<meta property=\"og:image:width\" content=\"1000\" \/>\n\t<meta property=\"og:image:height\" content=\"1000\" \/>\n\t<meta property=\"og:image:type\" content=\"image\/png\" \/>\n<meta name=\"twitter:card\" content=\"summary_large_image\" \/>\n<meta name=\"twitter:label1\" content=\"Price\" \/>\n\t<meta name=\"twitter:data1\" content=\"89,90&euro;\" \/>\n\t<meta name=\"twitter:label2\" content=\"Availability\" \/>\n\t<meta name=\"twitter:data2\" content=\"In stock\" \/>\n<script type=\"application\/ld+json\" class=\"yoast-schema-graph\">{\"@context\":\"https:\\\/\\\/schema.org\",\"@graph\":[{\"@type\":\"WebPage\",\"@id\":\"https:\\\/\\\/www.versiegelung24.com\\\/et\\\/bacoban-pikaajaline-pindade-desinfitseerimise-kontsentraat.html\",\"url\":\"https:\\\/\\\/www.versiegelung24.com\\\/et\\\/bacoban-pikaajaline-pindade-desinfitseerimise-kontsentraat.html\",\"name\":\"1 liiter BACOBAN\u00ae kontsentraati 100 liitri pikaajaliseks pindade desinfitseerimiseks - versiegelung24.com\",\"isPartOf\":{\"@id\":\"https:\\\/\\\/www.versiegelung24.com\\\/et\\\/#website\"},\"primaryImageOfPage\":{\"@id\":\"https:\\\/\\\/www.versiegelung24.com\\\/et\\\/bacoban-pikaajaline-pindade-desinfitseerimise-kontsentraat.html#primaryimage\"},\"image\":{\"@id\":\"https:\\\/\\\/www.versiegelung24.com\\\/et\\\/bacoban-pikaajaline-pindade-desinfitseerimise-kontsentraat.html#primaryimage\"},\"thumbnailUrl\":\"https:\\\/\\\/www.versiegelung24.com\\\/wp-content\\\/uploads\\\/2020\\\/04\\\/bacwb1-bacoban-langzeitdesinfektion-konzentrat-1-liter.png\",\"datePublished\":\"2021-08-02T19:06:35+00:00\",\"dateModified\":\"2025-01-13T15:35:53+00:00\",\"breadcrumb\":{\"@id\":\"https:\\\/\\\/www.versiegelung24.com\\\/et\\\/bacoban-pikaajaline-pindade-desinfitseerimise-kontsentraat.html#breadcrumb\"},\"inLanguage\":\"et\",\"potentialAction\":[{\"@type\":\"ReadAction\",\"target\":[\"https:\\\/\\\/www.versiegelung24.com\\\/et\\\/bacoban-pikaajaline-pindade-desinfitseerimise-kontsentraat.html\"]}]},{\"@type\":\"ImageObject\",\"inLanguage\":\"et\",\"@id\":\"https:\\\/\\\/www.versiegelung24.com\\\/et\\\/bacoban-pikaajaline-pindade-desinfitseerimise-kontsentraat.html#primaryimage\",\"url\":\"https:\\\/\\\/www.versiegelung24.com\\\/wp-content\\\/uploads\\\/2020\\\/04\\\/bacwb1-bacoban-langzeitdesinfektion-konzentrat-1-liter.png\",\"contentUrl\":\"https:\\\/\\\/www.versiegelung24.com\\\/wp-content\\\/uploads\\\/2020\\\/04\\\/bacwb1-bacoban-langzeitdesinfektion-konzentrat-1-liter.png\",\"width\":1000,\"height\":1000},{\"@type\":\"BreadcrumbList\",\"@id\":\"https:\\\/\\\/www.versiegelung24.com\\\/et\\\/bacoban-pikaajaline-pindade-desinfitseerimise-kontsentraat.html#breadcrumb\",\"itemListElement\":[{\"@type\":\"ListItem\",\"position\":1,\"name\":\"Koduleht\",\"item\":\"https:\\\/\\\/www.versiegelung24.com\\\/et\\\/ees\\\/\"},{\"@type\":\"ListItem\",\"position\":2,\"name\":\"Pood\",\"item\":\"https:\\\/\\\/www.versiegelung24.com\\\/et\\\/pood\\\/\"},{\"@type\":\"ListItem\",\"position\":3,\"name\":\"1 liiter BACOBAN\u00ae kontsentraati 100 liitri pikaajaliseks pindade desinfitseerimiseks\"}]},{\"@type\":\"WebSite\",\"@id\":\"https:\\\/\\\/www.versiegelung24.com\\\/et\\\/#website\",\"url\":\"https:\\\/\\\/www.versiegelung24.com\\\/et\\\/\",\"name\":\"versiegelung24.com\",\"description\":\"Fl\u00fcssigglas-Versiegelung - Made in Germany\",\"publisher\":{\"@id\":\"https:\\\/\\\/www.versiegelung24.com\\\/et\\\/#organization\"},\"potentialAction\":[{\"@type\":\"SearchAction\",\"target\":{\"@type\":\"EntryPoint\",\"urlTemplate\":\"https:\\\/\\\/www.versiegelung24.com\\\/et\\\/?s={search_term_string}\"},\"query-input\":{\"@type\":\"PropertyValueSpecification\",\"valueRequired\":true,\"valueName\":\"search_term_string\"}}],\"inLanguage\":\"et\"},{\"@type\":\"Organization\",\"@id\":\"https:\\\/\\\/www.versiegelung24.com\\\/et\\\/#organization\",\"name\":\"versiegelung24\",\"url\":\"https:\\\/\\\/www.versiegelung24.com\\\/et\\\/\",\"logo\":{\"@type\":\"ImageObject\",\"inLanguage\":\"et\",\"@id\":\"https:\\\/\\\/www.versiegelung24.com\\\/et\\\/#\\\/schema\\\/logo\\\/image\\\/\",\"url\":\"https:\\\/\\\/www.versiegelung24.com\\\/wp-content\\\/uploads\\\/2020\\\/04\\\/versiegelung24.png\",\"contentUrl\":\"https:\\\/\\\/www.versiegelung24.com\\\/wp-content\\\/uploads\\\/2020\\\/04\\\/versiegelung24.png\",\"width\":470,\"height\":102,\"caption\":\"versiegelung24\"},\"image\":{\"@id\":\"https:\\\/\\\/www.versiegelung24.com\\\/et\\\/#\\\/schema\\\/logo\\\/image\\\/\"}}]}<\/script>\n<meta property=\"product:price:amount\" content=\"89.90\" \/>\n<meta property=\"product:price:currency\" content=\"EUR\" \/>\n<meta property=\"og:availability\" content=\"instock\" \/>\n<meta property=\"product:availability\" content=\"instock\" \/>\n<meta property=\"product:retailer_item_id\" content=\"BACWB1D\" \/>\n<meta property=\"product:condition\" content=\"new\" \/>\n<!-- \/ Yoast SEO Premium plugin. -->","yoast_head_json":{"title":"1 liiter BACOBAN\u00ae kontsentraati 100 liitri pikaajaliseks pindade desinfitseerimiseks - versiegelung24.com","robots":{"index":"index","follow":"follow","max-snippet":"max-snippet:-1","max-image-preview":"max-image-preview:large","max-video-preview":"max-video-preview:-1"},"canonical":"https:\/\/www.versiegelung24.com\/et\/bacoban-pikaajaline-pindade-desinfitseerimise-kontsentraat.html","og_locale":"et_EE","og_type":"article","og_title":"1 liiter BACOBAN\u00ae kontsentraati 100 liitri pikaajaliseks pindade desinfitseerimiseks","og_description":"Alkoholivaba pindade desinfitseerimine ja puhastamine","og_url":"https:\/\/www.versiegelung24.com\/et\/bacoban-pikaajaline-pindade-desinfitseerimise-kontsentraat.html","og_site_name":"versiegelung24.com","article_modified_time":"2025-01-13T15:35:53+00:00","og_image":[{"width":1000,"height":1000,"url":"https:\/\/www.versiegelung24.com\/wp-content\/uploads\/2020\/04\/bacwb1-bacoban-langzeitdesinfektion-konzentrat-1-liter.png","type":"image\/png"}],"twitter_card":"summary_large_image","twitter_misc":{"Price":"89,90&euro;","Availability":"In stock"},"schema":{"@context":"https:\/\/schema.org","@graph":[{"@type":"WebPage","@id":"https:\/\/www.versiegelung24.com\/et\/bacoban-pikaajaline-pindade-desinfitseerimise-kontsentraat.html","url":"https:\/\/www.versiegelung24.com\/et\/bacoban-pikaajaline-pindade-desinfitseerimise-kontsentraat.html","name":"1 liiter BACOBAN\u00ae kontsentraati 100 liitri pikaajaliseks pindade desinfitseerimiseks - versiegelung24.com","isPartOf":{"@id":"https:\/\/www.versiegelung24.com\/et\/#website"},"primaryImageOfPage":{"@id":"https:\/\/www.versiegelung24.com\/et\/bacoban-pikaajaline-pindade-desinfitseerimise-kontsentraat.html#primaryimage"},"image":{"@id":"https:\/\/www.versiegelung24.com\/et\/bacoban-pikaajaline-pindade-desinfitseerimise-kontsentraat.html#primaryimage"},"thumbnailUrl":"https:\/\/www.versiegelung24.com\/wp-content\/uploads\/2020\/04\/bacwb1-bacoban-langzeitdesinfektion-konzentrat-1-liter.png","datePublished":"2021-08-02T19:06:35+00:00","dateModified":"2025-01-13T15:35:53+00:00","breadcrumb":{"@id":"https:\/\/www.versiegelung24.com\/et\/bacoban-pikaajaline-pindade-desinfitseerimise-kontsentraat.html#breadcrumb"},"inLanguage":"et","potentialAction":[{"@type":"ReadAction","target":["https:\/\/www.versiegelung24.com\/et\/bacoban-pikaajaline-pindade-desinfitseerimise-kontsentraat.html"]}]},{"@type":"ImageObject","inLanguage":"et","@id":"https:\/\/www.versiegelung24.com\/et\/bacoban-pikaajaline-pindade-desinfitseerimise-kontsentraat.html#primaryimage","url":"https:\/\/www.versiegelung24.com\/wp-content\/uploads\/2020\/04\/bacwb1-bacoban-langzeitdesinfektion-konzentrat-1-liter.png","contentUrl":"https:\/\/www.versiegelung24.com\/wp-content\/uploads\/2020\/04\/bacwb1-bacoban-langzeitdesinfektion-konzentrat-1-liter.png","width":1000,"height":1000},{"@type":"BreadcrumbList","@id":"https:\/\/www.versiegelung24.com\/et\/bacoban-pikaajaline-pindade-desinfitseerimise-kontsentraat.html#breadcrumb","itemListElement":[{"@type":"ListItem","position":1,"name":"Koduleht","item":"https:\/\/www.versiegelung24.com\/et\/ees\/"},{"@type":"ListItem","position":2,"name":"Pood","item":"https:\/\/www.versiegelung24.com\/et\/pood\/"},{"@type":"ListItem","position":3,"name":"1 liiter BACOBAN\u00ae kontsentraati 100 liitri pikaajaliseks pindade desinfitseerimiseks"}]},{"@type":"WebSite","@id":"https:\/\/www.versiegelung24.com\/et\/#website","url":"https:\/\/www.versiegelung24.com\/et\/","name":"versiegelung24.com","description":"Fl\u00fcssigglas-Versiegelung - Made in Germany","publisher":{"@id":"https:\/\/www.versiegelung24.com\/et\/#organization"},"potentialAction":[{"@type":"SearchAction","target":{"@type":"EntryPoint","urlTemplate":"https:\/\/www.versiegelung24.com\/et\/?s={search_term_string}"},"query-input":{"@type":"PropertyValueSpecification","valueRequired":true,"valueName":"search_term_string"}}],"inLanguage":"et"},{"@type":"Organization","@id":"https:\/\/www.versiegelung24.com\/et\/#organization","name":"versiegelung24","url":"https:\/\/www.versiegelung24.com\/et\/","logo":{"@type":"ImageObject","inLanguage":"et","@id":"https:\/\/www.versiegelung24.com\/et\/#\/schema\/logo\/image\/","url":"https:\/\/www.versiegelung24.com\/wp-content\/uploads\/2020\/04\/versiegelung24.png","contentUrl":"https:\/\/www.versiegelung24.com\/wp-content\/uploads\/2020\/04\/versiegelung24.png","width":470,"height":102,"caption":"versiegelung24"},"image":{"@id":"https:\/\/www.versiegelung24.com\/et\/#\/schema\/logo\/image\/"}}]},"product_price_amount":"89.90","product_price_currency":"EUR","og_availability":"instock","product_availability":"instock","product_retailer_item_id":"BACWB1D","product_condition":"new"},"_links":{"self":[{"href":"https:\/\/www.versiegelung24.com\/et\/wp-json\/wp\/v2\/product\/22886","targetHints":{"allow":["GET"]}}],"collection":[{"href":"https:\/\/www.versiegelung24.com\/et\/wp-json\/wp\/v2\/product"}],"about":[{"href":"https:\/\/www.versiegelung24.com\/et\/wp-json\/wp\/v2\/types\/product"}],"version-history":[{"count":17,"href":"https:\/\/www.versiegelung24.com\/et\/wp-json\/wp\/v2\/product\/22886\/revisions"}],"predecessor-version":[{"id":180476,"href":"https:\/\/www.versiegelung24.com\/et\/wp-json\/wp\/v2\/product\/22886\/revisions\/180476"}],"wp:featuredmedia":[{"embeddable":true,"href":"https:\/\/www.versiegelung24.com\/et\/wp-json\/wp\/v2\/media\/21951"}],"wp:attachment":[{"href":"https:\/\/www.versiegelung24.com\/et\/wp-json\/wp\/v2\/media?parent=22886"}],"wp:term":[{"taxonomy":"product_brand","embeddable":true,"href":"https:\/\/www.versiegelung24.com\/et\/wp-json\/wp\/v2\/product_brand?post=22886"},{"taxonomy":"product_cat","embeddable":true,"href":"https:\/\/www.versiegelung24.com\/et\/wp-json\/wp\/v2\/product_cat?post=22886"},{"taxonomy":"product_tag","embeddable":true,"href":"https:\/\/www.versiegelung24.com\/et\/wp-json\/wp\/v2\/product_tag?post=22886"}],"curies":[{"name":"wp","href":"https:\/\/api.w.org\/{rel}","templated":true}]}}