{"id":22913,"date":"2020-04-04T18:53:11","date_gmt":"2021-08-02T19:07:38","guid":{"rendered":"https:\/\/www.versiegelung24.com\/produkt\/tekstiili-tihendus-professionaalses-kvaliteedis"},"modified":"2025-01-03T23:26:50","modified_gmt":"2025-01-03T22:26:50","slug":"tekstiil-tihendus-professionaalse-kvaliteediga","status":"publish","type":"product","link":"https:\/\/www.versiegelung24.com\/et\/tekstiil-tihendus-professionaalse-kvaliteediga.html","title":{"rendered":"Rapid Tex \u2013 professionaalse kvaliteediga tekstiilitihendus"},"content":{"rendered":"\n<p><strong>Professionaalne lootoseefektiga tekstiilist tihend (vetth\u00fclgav) sise- ja v\u00e4listingimustes kasutamiseks<\/strong><\/p>\n\n<p>K\u00f5rge kvaliteet Valmistatud Saksamaal.<\/p>\n\n<hr\/>\n\n<h4 class=\"wp-block-heading\" id=\"properties\">Toote omadused<\/h4>\n\n<div class=\"wp-block-columns is-layout-flex wp-container-core-columns-is-layout-9d6595d7 wp-block-columns-is-layout-flex\">\n<div class=\"wp-block-column is-layout-flow wp-block-column-is-layout-flow\">\n<ul class=\"wp-block-list\">\n<li>Tugev h\u00fcdrofoobne ja oleofoobne toime (vett ja \u00f5li h\u00fclgav)<\/li>\n\n\n\n<li>Suurep\u00e4rane kergesti puhastatav efekt<\/li>\n\n\n\n<li>Lisandid saab kergesti eemaldada niiske lapiga<\/li>\n\n\n\n<li>Hingav<\/li>\n\n\n\n<li>N\u00e4htamatu (v\u00e4limus ja tunne ei muutu)<\/li>\n\n\n\n<li>Tugevad mittenakkuvad omadused<\/li>\n\n\n\n<li>Kaitse plekkide eest<\/li>\n\n\n\n<li>V\u00e4hendab keemiliste puhastusvahendite kasutamist<\/li>\n<\/ul>\n<\/div>\n\n\n\n<div class=\"wp-block-column is-layout-flow wp-block-column-is-layout-flow\">\n<ul id=\"block-f0be9b0c-a029-4c3c-a6e1-740fba50b471\" class=\"wp-block-list\">\n<li>Suurendab kulumiskindlust<\/li>\n\n\n\n<li>V\u00e4limus ei halvene<\/li>\n\n\n\n<li>SiO\u00b2 nanotehnoloogia<\/li>\n\n\n\n<li>Kiudude kaitse mustuseosakeste tungimise eest<\/li>\n\n\n\n<li>Lihtne rakendus<\/li>\n\n\n\n<li>Pikk s\u00e4ilivusaeg s\u00f5ltuvalt mehaanilisest pingest<\/li>\n<\/ul>\n\n\n\n<p><br\/><br\/>Tarnekomplekt: 1 x liitrine pudel 1 x pumba pihustuspea<br\/><\/p>\n<\/div>\n<\/div>\n\n<hr\/>\n\n<h4 class=\"wp-block-heading\" id=\"application\">Taotlus<\/h4>\n\n<div class=\"wp-block-columns is-layout-flex wp-container-core-columns-is-layout-9d6595d7 wp-block-columns-is-layout-flex\">\n<div class=\"wp-block-column is-layout-flow wp-block-column-is-layout-flow\">\n<ul class=\"wp-block-list\">\n<li>Riietus<\/li>\n\n\n\n<li>Kodutekstiil (polster, m\u00f6\u00f6bel, vaibad)<\/li>\n\n\n\n<li>Seemisnahk<\/li>\n\n\n\n<li>Paberkarp<\/li>\n<\/ul>\n\n\n\n<p>Tarbimine s\u00f5ltub v\u00e4ga palju pinnatava materjali struktuurist, imavusest ja paksusest, umbes 10-50 m\u00b2 \/ liiter (s\u00f5ltuvalt imavusest umbes 10 ml \/ m\u00b2 paksuse mm kohta).<\/p>\n<\/div>\n\n\n\n<div class=\"wp-block-column is-layout-flow wp-block-column-is-layout-flow\">\n<p><em>T\u00e4helepanu: tihend t\u00f6\u00f6tati v\u00e4lja tekstiilide jaoks, mida ei pesta kunagi v\u00f5i harva. Regulaarselt pestavate riiete tihendi vastupidavus on kuni 5 pesukorda, max. 30 \u00b0 C ja pesemine ainult veega, ilma pesuvahendita.<\/em><\/p>\n\n\n\n<p><br\/><br\/>Lihtne pealekandmine: 1. Pihustage puhtale pinnale. 3. Laske kuivada ja imenduda 12 tundi &#8211; valmis<\/p>\n\n\n\n<p>Vastupidavus: kuni 1-5 aastat (s\u00f5ltuvalt tekstiilist).<\/p>\n<\/div>\n<\/div>\n\n<p><strong>Sobib:<\/strong><br\/>Pehmem\u00f6\u00f6bel, madratsid, kangakatted, autoistmed, telgid, vaba aja- ja t\u00f6\u00f6r\u00f5ivad, \u00fclikonnad, s\u00e4rgid\/pluusid, lipsud, markiisid, kodutekstiilid, jakid, mokkamaterjal (ainult juhul, kui need ei ole eelnevalt kaetud), seiklusriided, kohvrid, anorakid, \u00fclikond, autokate, puuvill, kardinad, riidest kindad, tekstiilkatted, lasteistmed, lapsevankrid, padjad, riidekost\u00fc\u00fcmid, riideliistud, nappanahk, mantlid, m\u00fctsid, pehmed m\u00e4nguasjad, seljakotid, jakid, siid, p\u00e4ikesevarjud, riidest m\u00e4nguasjad, laudlinad ja palju muud.<\/p>\n","protected":false},"excerpt":{"rendered":"<p><strong>Professionaalne tekstiili tihendamine:<\/strong><\/p>\n<p>\u2713 Lootoseefektiga (vett h\u00fclgav)<\/p>\n<p>\u2713 Sise- ja v\u00e4listingimustes kasutamiseks<\/p>\n","protected":false},"featured_media":125348,"template":"","meta":{"_acf_changed":false,"neve_meta_sidebar":"","neve_meta_container":"","neve_meta_enable_content_width":"","neve_meta_content_width":0,"neve_meta_title_alignment":"","neve_meta_author_avatar":"","neve_post_elements_order":"","neve_meta_disable_header":"","neve_meta_disable_footer":"","neve_meta_disable_title":"","neve_meta_reading_time":"","_surfaces":[],"_ver_product_tabs":[],"footnotes":""},"product_brand":[],"product_cat":[2330],"product_tag":[],"class_list":{"0":"post-22913","1":"product","2":"type-product","3":"status-publish","4":"has-post-thumbnail","6":"product_cat-nahast-ja-tekstiilist-tihendus","8":"first","9":"instock","10":"taxable","11":"shipping-taxable","12":"purchasable","13":"product-type-simple"},"acf":[],"yoast_head":"<!-- This site is optimized with the Yoast SEO Premium plugin v22.8 (Yoast SEO v27.5) - https:\/\/yoast.com\/product\/yoast-seo-premium-wordpress\/ -->\n<title>Rapid Tex \u2013 professionaalse kvaliteediga tekstiilitihendus - versiegelung24.com<\/title>\n<meta name=\"robots\" content=\"index, follow, max-snippet:-1, max-image-preview:large, max-video-preview:-1\" \/>\n<link rel=\"canonical\" href=\"https:\/\/www.versiegelung24.com\/et\/tekstiil-tihendus-professionaalse-kvaliteediga.html\" \/>\n<meta property=\"og:locale\" content=\"et_EE\" \/>\n<meta property=\"og:type\" content=\"article\" \/>\n<meta property=\"og:title\" content=\"Rapid Tex \u2013 professionaalse kvaliteediga tekstiilitihendus\" \/>\n<meta property=\"og:description\" content=\"Professionaalne tekstiili tihendamine: \u2713 Lootoseefektiga (vett h\u00fclgav) \u2713 Sise- ja v\u00e4listingimustes kasutamiseks\" \/>\n<meta property=\"og:url\" content=\"https:\/\/www.versiegelung24.com\/et\/tekstiil-tihendus-professionaalse-kvaliteediga.html\" \/>\n<meta property=\"og:site_name\" content=\"versiegelung24.com\" \/>\n<meta property=\"article:modified_time\" content=\"2025-01-03T22:26:50+00:00\" \/>\n<meta property=\"og:image\" content=\"https:\/\/www.versiegelung24.com\/wp-content\/uploads\/2020\/04\/produkt-6000-689-1000-rapid-tex-Textilversiegelung-scaled.webp\" \/>\n\t<meta property=\"og:image:width\" content=\"2560\" \/>\n\t<meta property=\"og:image:height\" content=\"2560\" \/>\n\t<meta property=\"og:image:type\" content=\"image\/webp\" \/>\n<meta name=\"twitter:card\" content=\"summary_large_image\" \/>\n<meta name=\"twitter:label1\" content=\"Price\" \/>\n\t<meta name=\"twitter:data1\" content=\"49,00&euro;\" \/>\n\t<meta name=\"twitter:label2\" content=\"Availability\" \/>\n\t<meta name=\"twitter:data2\" content=\"In stock\" \/>\n<script type=\"application\/ld+json\" class=\"yoast-schema-graph\">{\"@context\":\"https:\\\/\\\/schema.org\",\"@graph\":[{\"@type\":\"WebPage\",\"@id\":\"https:\\\/\\\/www.versiegelung24.com\\\/et\\\/tekstiil-tihendus-professionaalse-kvaliteediga.html\",\"url\":\"https:\\\/\\\/www.versiegelung24.com\\\/et\\\/tekstiil-tihendus-professionaalse-kvaliteediga.html\",\"name\":\"Rapid Tex \u2013 professionaalse kvaliteediga tekstiilitihendus - versiegelung24.com\",\"isPartOf\":{\"@id\":\"https:\\\/\\\/www.versiegelung24.com\\\/et\\\/#website\"},\"primaryImageOfPage\":{\"@id\":\"https:\\\/\\\/www.versiegelung24.com\\\/et\\\/tekstiil-tihendus-professionaalse-kvaliteediga.html#primaryimage\"},\"image\":{\"@id\":\"https:\\\/\\\/www.versiegelung24.com\\\/et\\\/tekstiil-tihendus-professionaalse-kvaliteediga.html#primaryimage\"},\"thumbnailUrl\":\"https:\\\/\\\/www.versiegelung24.com\\\/wp-content\\\/uploads\\\/2020\\\/04\\\/produkt-6000-689-1000-rapid-tex-Textilversiegelung-scaled.webp\",\"datePublished\":\"2021-08-02T19:07:38+00:00\",\"dateModified\":\"2025-01-03T22:26:50+00:00\",\"breadcrumb\":{\"@id\":\"https:\\\/\\\/www.versiegelung24.com\\\/et\\\/tekstiil-tihendus-professionaalse-kvaliteediga.html#breadcrumb\"},\"inLanguage\":\"et\",\"potentialAction\":[{\"@type\":\"ReadAction\",\"target\":[\"https:\\\/\\\/www.versiegelung24.com\\\/et\\\/tekstiil-tihendus-professionaalse-kvaliteediga.html\"]}]},{\"@type\":\"ImageObject\",\"inLanguage\":\"et\",\"@id\":\"https:\\\/\\\/www.versiegelung24.com\\\/et\\\/tekstiil-tihendus-professionaalse-kvaliteediga.html#primaryimage\",\"url\":\"https:\\\/\\\/www.versiegelung24.com\\\/wp-content\\\/uploads\\\/2020\\\/04\\\/produkt-6000-689-1000-rapid-tex-Textilversiegelung-scaled.webp\",\"contentUrl\":\"https:\\\/\\\/www.versiegelung24.com\\\/wp-content\\\/uploads\\\/2020\\\/04\\\/produkt-6000-689-1000-rapid-tex-Textilversiegelung-scaled.webp\",\"width\":2560,\"height\":2560},{\"@type\":\"BreadcrumbList\",\"@id\":\"https:\\\/\\\/www.versiegelung24.com\\\/et\\\/tekstiil-tihendus-professionaalse-kvaliteediga.html#breadcrumb\",\"itemListElement\":[{\"@type\":\"ListItem\",\"position\":1,\"name\":\"Koduleht\",\"item\":\"https:\\\/\\\/www.versiegelung24.com\\\/et\\\/ees\\\/\"},{\"@type\":\"ListItem\",\"position\":2,\"name\":\"Pood\",\"item\":\"https:\\\/\\\/www.versiegelung24.com\\\/et\\\/pood\\\/\"},{\"@type\":\"ListItem\",\"position\":3,\"name\":\"Rapid Tex \u2013 professionaalse kvaliteediga tekstiilitihendus\"}]},{\"@type\":\"WebSite\",\"@id\":\"https:\\\/\\\/www.versiegelung24.com\\\/et\\\/#website\",\"url\":\"https:\\\/\\\/www.versiegelung24.com\\\/et\\\/\",\"name\":\"versiegelung24.com\",\"description\":\"Fl\u00fcssigglas-Versiegelung - Made in Germany\",\"publisher\":{\"@id\":\"https:\\\/\\\/www.versiegelung24.com\\\/et\\\/#organization\"},\"potentialAction\":[{\"@type\":\"SearchAction\",\"target\":{\"@type\":\"EntryPoint\",\"urlTemplate\":\"https:\\\/\\\/www.versiegelung24.com\\\/et\\\/?s={search_term_string}\"},\"query-input\":{\"@type\":\"PropertyValueSpecification\",\"valueRequired\":true,\"valueName\":\"search_term_string\"}}],\"inLanguage\":\"et\"},{\"@type\":\"Organization\",\"@id\":\"https:\\\/\\\/www.versiegelung24.com\\\/et\\\/#organization\",\"name\":\"versiegelung24\",\"url\":\"https:\\\/\\\/www.versiegelung24.com\\\/et\\\/\",\"logo\":{\"@type\":\"ImageObject\",\"inLanguage\":\"et\",\"@id\":\"https:\\\/\\\/www.versiegelung24.com\\\/et\\\/#\\\/schema\\\/logo\\\/image\\\/\",\"url\":\"https:\\\/\\\/www.versiegelung24.com\\\/wp-content\\\/uploads\\\/2020\\\/04\\\/versiegelung24.png\",\"contentUrl\":\"https:\\\/\\\/www.versiegelung24.com\\\/wp-content\\\/uploads\\\/2020\\\/04\\\/versiegelung24.png\",\"width\":470,\"height\":102,\"caption\":\"versiegelung24\"},\"image\":{\"@id\":\"https:\\\/\\\/www.versiegelung24.com\\\/et\\\/#\\\/schema\\\/logo\\\/image\\\/\"}}]}<\/script>\n<meta property=\"product:price:amount\" content=\"49.00\" \/>\n<meta property=\"product:price:currency\" content=\"EUR\" \/>\n<meta property=\"og:availability\" content=\"instock\" \/>\n<meta property=\"product:availability\" content=\"instock\" \/>\n<meta property=\"product:retailer_item_id\" content=\"6000-689-1000\" \/>\n<meta property=\"product:condition\" content=\"new\" \/>\n<!-- \/ Yoast SEO Premium plugin. -->","yoast_head_json":{"title":"Rapid Tex \u2013 professionaalse kvaliteediga tekstiilitihendus - versiegelung24.com","robots":{"index":"index","follow":"follow","max-snippet":"max-snippet:-1","max-image-preview":"max-image-preview:large","max-video-preview":"max-video-preview:-1"},"canonical":"https:\/\/www.versiegelung24.com\/et\/tekstiil-tihendus-professionaalse-kvaliteediga.html","og_locale":"et_EE","og_type":"article","og_title":"Rapid Tex \u2013 professionaalse kvaliteediga tekstiilitihendus","og_description":"Professionaalne tekstiili tihendamine: \u2713 Lootoseefektiga (vett h\u00fclgav) \u2713 Sise- ja v\u00e4listingimustes kasutamiseks","og_url":"https:\/\/www.versiegelung24.com\/et\/tekstiil-tihendus-professionaalse-kvaliteediga.html","og_site_name":"versiegelung24.com","article_modified_time":"2025-01-03T22:26:50+00:00","og_image":[{"width":2560,"height":2560,"url":"https:\/\/www.versiegelung24.com\/wp-content\/uploads\/2020\/04\/produkt-6000-689-1000-rapid-tex-Textilversiegelung-scaled.webp","type":"image\/webp"}],"twitter_card":"summary_large_image","twitter_misc":{"Price":"49,00&euro;","Availability":"In stock"},"schema":{"@context":"https:\/\/schema.org","@graph":[{"@type":"WebPage","@id":"https:\/\/www.versiegelung24.com\/et\/tekstiil-tihendus-professionaalse-kvaliteediga.html","url":"https:\/\/www.versiegelung24.com\/et\/tekstiil-tihendus-professionaalse-kvaliteediga.html","name":"Rapid Tex \u2013 professionaalse kvaliteediga tekstiilitihendus - versiegelung24.com","isPartOf":{"@id":"https:\/\/www.versiegelung24.com\/et\/#website"},"primaryImageOfPage":{"@id":"https:\/\/www.versiegelung24.com\/et\/tekstiil-tihendus-professionaalse-kvaliteediga.html#primaryimage"},"image":{"@id":"https:\/\/www.versiegelung24.com\/et\/tekstiil-tihendus-professionaalse-kvaliteediga.html#primaryimage"},"thumbnailUrl":"https:\/\/www.versiegelung24.com\/wp-content\/uploads\/2020\/04\/produkt-6000-689-1000-rapid-tex-Textilversiegelung-scaled.webp","datePublished":"2021-08-02T19:07:38+00:00","dateModified":"2025-01-03T22:26:50+00:00","breadcrumb":{"@id":"https:\/\/www.versiegelung24.com\/et\/tekstiil-tihendus-professionaalse-kvaliteediga.html#breadcrumb"},"inLanguage":"et","potentialAction":[{"@type":"ReadAction","target":["https:\/\/www.versiegelung24.com\/et\/tekstiil-tihendus-professionaalse-kvaliteediga.html"]}]},{"@type":"ImageObject","inLanguage":"et","@id":"https:\/\/www.versiegelung24.com\/et\/tekstiil-tihendus-professionaalse-kvaliteediga.html#primaryimage","url":"https:\/\/www.versiegelung24.com\/wp-content\/uploads\/2020\/04\/produkt-6000-689-1000-rapid-tex-Textilversiegelung-scaled.webp","contentUrl":"https:\/\/www.versiegelung24.com\/wp-content\/uploads\/2020\/04\/produkt-6000-689-1000-rapid-tex-Textilversiegelung-scaled.webp","width":2560,"height":2560},{"@type":"BreadcrumbList","@id":"https:\/\/www.versiegelung24.com\/et\/tekstiil-tihendus-professionaalse-kvaliteediga.html#breadcrumb","itemListElement":[{"@type":"ListItem","position":1,"name":"Koduleht","item":"https:\/\/www.versiegelung24.com\/et\/ees\/"},{"@type":"ListItem","position":2,"name":"Pood","item":"https:\/\/www.versiegelung24.com\/et\/pood\/"},{"@type":"ListItem","position":3,"name":"Rapid Tex \u2013 professionaalse kvaliteediga tekstiilitihendus"}]},{"@type":"WebSite","@id":"https:\/\/www.versiegelung24.com\/et\/#website","url":"https:\/\/www.versiegelung24.com\/et\/","name":"versiegelung24.com","description":"Fl\u00fcssigglas-Versiegelung - Made in Germany","publisher":{"@id":"https:\/\/www.versiegelung24.com\/et\/#organization"},"potentialAction":[{"@type":"SearchAction","target":{"@type":"EntryPoint","urlTemplate":"https:\/\/www.versiegelung24.com\/et\/?s={search_term_string}"},"query-input":{"@type":"PropertyValueSpecification","valueRequired":true,"valueName":"search_term_string"}}],"inLanguage":"et"},{"@type":"Organization","@id":"https:\/\/www.versiegelung24.com\/et\/#organization","name":"versiegelung24","url":"https:\/\/www.versiegelung24.com\/et\/","logo":{"@type":"ImageObject","inLanguage":"et","@id":"https:\/\/www.versiegelung24.com\/et\/#\/schema\/logo\/image\/","url":"https:\/\/www.versiegelung24.com\/wp-content\/uploads\/2020\/04\/versiegelung24.png","contentUrl":"https:\/\/www.versiegelung24.com\/wp-content\/uploads\/2020\/04\/versiegelung24.png","width":470,"height":102,"caption":"versiegelung24"},"image":{"@id":"https:\/\/www.versiegelung24.com\/et\/#\/schema\/logo\/image\/"}}]},"product_price_amount":"49.00","product_price_currency":"EUR","og_availability":"instock","product_availability":"instock","product_retailer_item_id":"6000-689-1000","product_condition":"new"},"_links":{"self":[{"href":"https:\/\/www.versiegelung24.com\/et\/wp-json\/wp\/v2\/product\/22913","targetHints":{"allow":["GET"]}}],"collection":[{"href":"https:\/\/www.versiegelung24.com\/et\/wp-json\/wp\/v2\/product"}],"about":[{"href":"https:\/\/www.versiegelung24.com\/et\/wp-json\/wp\/v2\/types\/product"}],"version-history":[{"count":13,"href":"https:\/\/www.versiegelung24.com\/et\/wp-json\/wp\/v2\/product\/22913\/revisions"}],"predecessor-version":[{"id":174345,"href":"https:\/\/www.versiegelung24.com\/et\/wp-json\/wp\/v2\/product\/22913\/revisions\/174345"}],"wp:featuredmedia":[{"embeddable":true,"href":"https:\/\/www.versiegelung24.com\/et\/wp-json\/wp\/v2\/media\/125348"}],"wp:attachment":[{"href":"https:\/\/www.versiegelung24.com\/et\/wp-json\/wp\/v2\/media?parent=22913"}],"wp:term":[{"taxonomy":"product_brand","embeddable":true,"href":"https:\/\/www.versiegelung24.com\/et\/wp-json\/wp\/v2\/product_brand?post=22913"},{"taxonomy":"product_cat","embeddable":true,"href":"https:\/\/www.versiegelung24.com\/et\/wp-json\/wp\/v2\/product_cat?post=22913"},{"taxonomy":"product_tag","embeddable":true,"href":"https:\/\/www.versiegelung24.com\/et\/wp-json\/wp\/v2\/product_tag?post=22913"}],"curies":[{"name":"wp","href":"https:\/\/api.w.org\/{rel}","templated":true}]}}