{"id":22969,"date":"2020-04-04T18:53:16","date_gmt":"2021-08-02T19:09:38","guid":{"rendered":"https:\/\/www.versiegelung24.com\/produkt\/saapa-eriline-poleerimine-ja-tihendamine-professionaalses-kvaliteedis"},"modified":"2025-04-10T10:57:00","modified_gmt":"2025-04-10T08:57:00","slug":"boot-spetsiaalne-poleerimine-ja-pitseerimine-professionaalse-kvaliteediga","status":"publish","type":"product","link":"https:\/\/www.versiegelung24.com\/et\/saapa-eriline-poleerimine-ja-tihendamine-professionaalses-kvaliteedis.html","title":{"rendered":"Laeva \/ jahi \/ paadi spetsiaalne poleerimine ja tihendamine professionaalse kvaliteediga"},"content":{"rendered":"\n<p><strong>V\u00e4ga t\u00f5hus emulsioon veepiiri kohal olevate pindade poleerimiseks ja tihendamiseks,<\/strong><strong> lootosefektiga (vetth\u00fclgav), s\u00e4ilivusaeg kuni 3 kuud<\/strong><\/p>\n\n<p>K\u00f5rge kvaliteet Valmistatud Saksamaal.<\/p>\n\n<hr \/>\n\n<h4 class=\"wp-block-heading\" id=\"properties\">Toote omadused<\/h4>\n\n<div class=\"wp-block-columns is-layout-flex wp-container-core-columns-is-layout-9d6595d7 wp-block-columns-is-layout-flex\">\n<div class=\"wp-block-column is-layout-flow wp-block-column-is-layout-flow\">\n<ul class=\"wp-block-list\"><li>Kvaliteetne lakk ilma abrasiivsete komponentideta, v\u00e4rvikihte ei r\u00fcnnata<\/li><li>Emulsioon, v\u00e4ga lihtne kasutada<\/li><li>S\u00e4ra ja v\u00e4rvi v\u00e4rskendav efekt<\/li><li>Puhastab, poleerib ja tihendab \u00fche sammuga (eemaldab t\u00f5rva, vaigu ja putukate j\u00e4\u00e4gid)<\/li><li>Vett ja mustust h\u00fclgav mittekleepuv kate, l\u00e4ikiv<\/li><li>V\u00e4ldib t\u00f5rva ja putukaj\u00e4\u00e4tmete pinnale kleepumist<\/li><li>L\u00e4bipaistev \/ n\u00e4htamatu, pinna v\u00e4limus j\u00e4\u00e4b muutumatuks<\/li><li>V\u00e4hendab kriimustusi<\/li><\/ul>\n<\/div>\n\n\n\n<div class=\"wp-block-column is-layout-flow wp-block-column-is-layout-flow\">\n<ul class=\"wp-block-list\" id=\"block-f9534f4e-e312-4dfa-9828-0a3b34fc908e\"><li>Vastupidav k\u00fclmale, puhastamisele (sh autopesu), UV -kiirgusele (v\u00e4ldib v\u00e4rvkatte tuhmumist), leelistele \/ leelistele, mereveele, soolasele \u00f5hule, putukate v\u00e4ljaheidetele ja muule tugevale m\u00e4\u00e4rdumisele<\/li><li>V\u00e4hendab oluliselt \u00f5hutakistust ja pakub seega paatidele suuremat efektiivsust<\/li><li>&#8220;Kergesti puhastatav&#8221; efekt, kaetud pinnad p\u00fcsivad kauem puhtad ja neid on lihtsam puhastada.<\/li><li>Sise- ja v\u00e4listingimustes<\/li><\/ul>\n\n\n\n<p><br \/>Tarnekogus: 1 x liitrine pudel<br \/><\/p>\n<\/div>\n<\/div>\n\n<hr \/>\n\n<h4 class=\"wp-block-heading\" id=\"application\">Taotlus<\/h4>\n\n<div class=\"wp-block-columns is-layout-flex wp-container-core-columns-is-layout-9d6595d7 wp-block-columns-is-layout-flex\">\n<div class=\"wp-block-column is-layout-flow wp-block-column-is-layout-flow\">\n<ul class=\"wp-block-list\"><li>Ideaalne veepiiri kohal asuvate paatide pindade t\u00f6\u00f6tlemiseks (v\u00e4rvid, ploymer \/ plastid)<\/li><\/ul>\n\n\n\n<p>Vajalik kogus s\u00f5ltub kaetavast pinnast (kulumis- ja m\u00e4\u00e4rdumisaste) ning kasutatavast riidest. Laotamiskiirus on umbes 20-40 ml \/ m\u00b2.<\/p>\n<\/div>\n\n\n\n<div class=\"wp-block-column is-layout-flow wp-block-column-is-layout-flow\">\n<p><br \/><br \/>Lihtne kasutada: 1. P\u00fchkige ja lihvige tihendaja \u00e4ra 2. Laske k\u00f5veneda 12 tundi &#8211; valmis<\/p>\n\n\n\n<p>K\u00f5lblikkusaeg: kuni 3 kuud<\/p>\n<\/div>\n<\/div>\n","protected":false},"excerpt":{"rendered":"<p><strong>V\u00e4ga t\u00f5hus professionaalne tihend:<\/strong><\/p>\n<p>\u2713 Paadid<\/p>\n<p>\u2713 Lootoseefektiga (vett h\u00fclgav)<\/p>\n<p>\u2713 S\u00e4ilivusaeg kuni 3 kuud<\/p>\n","protected":false},"featured_media":17816,"template":"","meta":{"_acf_changed":false,"neve_meta_sidebar":"","neve_meta_container":"","neve_meta_enable_content_width":"","neve_meta_content_width":0,"neve_meta_title_alignment":"","neve_meta_author_avatar":"","neve_post_elements_order":"","neve_meta_disable_header":"","neve_meta_disable_footer":"","neve_meta_disable_title":"","neve_meta_reading_time":"","_surfaces":[],"_ver_product_tabs":[],"footnotes":""},"product_brand":[],"product_cat":[2168],"product_tag":[],"class_list":{"0":"post-22969","1":"product","2":"type-product","3":"status-publish","4":"has-post-thumbnail","6":"product_cat-auto-tihendamine","8":"first","9":"instock","10":"taxable","11":"shipping-taxable","12":"purchasable","13":"product-type-simple"},"acf":[],"yoast_head":"<!-- This site is optimized with the Yoast SEO Premium plugin v22.8 (Yoast SEO v27.5) - https:\/\/yoast.com\/product\/yoast-seo-premium-wordpress\/ -->\n<title>Laeva \/ jahi \/ paadi spetsiaalne poleerimine ja tihendamine professionaalse kvaliteediga - versiegelung24.com<\/title>\n<meta name=\"robots\" content=\"index, follow, max-snippet:-1, max-image-preview:large, max-video-preview:-1\" \/>\n<link rel=\"canonical\" href=\"https:\/\/www.versiegelung24.com\/et\/saapa-eriline-poleerimine-ja-tihendamine-professionaalses-kvaliteedis.html\" \/>\n<meta property=\"og:locale\" content=\"et_EE\" \/>\n<meta property=\"og:type\" content=\"article\" \/>\n<meta property=\"og:title\" content=\"Laeva \/ jahi \/ paadi spetsiaalne poleerimine ja tihendamine professionaalse kvaliteediga\" \/>\n<meta property=\"og:description\" content=\"V\u00e4ga t\u00f5hus professionaalne tihend: \u2713 Paadid \u2713 Lootoseefektiga (vett h\u00fclgav) \u2713 S\u00e4ilivusaeg kuni 3 kuud\" \/>\n<meta property=\"og:url\" content=\"https:\/\/www.versiegelung24.com\/et\/saapa-eriline-poleerimine-ja-tihendamine-professionaalses-kvaliteedis.html\" \/>\n<meta property=\"og:site_name\" content=\"versiegelung24.com\" \/>\n<meta property=\"article:modified_time\" content=\"2025-04-10T08:57:00+00:00\" \/>\n<meta property=\"og:image\" content=\"https:\/\/www.versiegelung24.com\/wp-content\/uploads\/2020\/06\/produkt-2002-7660-1000-Boot-Spezial-Politur-Versiegelung-scaled.jpg\" \/>\n\t<meta property=\"og:image:width\" content=\"2560\" \/>\n\t<meta property=\"og:image:height\" content=\"2560\" \/>\n\t<meta property=\"og:image:type\" content=\"image\/jpeg\" \/>\n<meta name=\"twitter:card\" content=\"summary_large_image\" \/>\n<meta name=\"twitter:label1\" content=\"Price\" \/>\n\t<meta name=\"twitter:data1\" content=\"99,00&euro;\" \/>\n\t<meta name=\"twitter:label2\" content=\"Availability\" \/>\n\t<meta name=\"twitter:data2\" content=\"In stock\" \/>\n<script type=\"application\/ld+json\" class=\"yoast-schema-graph\">{\"@context\":\"https:\\\/\\\/schema.org\",\"@graph\":[{\"@type\":\"WebPage\",\"@id\":\"https:\\\/\\\/www.versiegelung24.com\\\/et\\\/saapa-eriline-poleerimine-ja-tihendamine-professionaalses-kvaliteedis.html\",\"url\":\"https:\\\/\\\/www.versiegelung24.com\\\/et\\\/saapa-eriline-poleerimine-ja-tihendamine-professionaalses-kvaliteedis.html\",\"name\":\"Laeva \\\/ jahi \\\/ paadi spetsiaalne poleerimine ja tihendamine professionaalse kvaliteediga - versiegelung24.com\",\"isPartOf\":{\"@id\":\"https:\\\/\\\/www.versiegelung24.com\\\/et\\\/#website\"},\"primaryImageOfPage\":{\"@id\":\"https:\\\/\\\/www.versiegelung24.com\\\/et\\\/saapa-eriline-poleerimine-ja-tihendamine-professionaalses-kvaliteedis.html#primaryimage\"},\"image\":{\"@id\":\"https:\\\/\\\/www.versiegelung24.com\\\/et\\\/saapa-eriline-poleerimine-ja-tihendamine-professionaalses-kvaliteedis.html#primaryimage\"},\"thumbnailUrl\":\"https:\\\/\\\/www.versiegelung24.com\\\/wp-content\\\/uploads\\\/2020\\\/06\\\/produkt-2002-7660-1000-Boot-Spezial-Politur-Versiegelung-scaled.jpg\",\"datePublished\":\"2021-08-02T19:09:38+00:00\",\"dateModified\":\"2025-04-10T08:57:00+00:00\",\"breadcrumb\":{\"@id\":\"https:\\\/\\\/www.versiegelung24.com\\\/et\\\/saapa-eriline-poleerimine-ja-tihendamine-professionaalses-kvaliteedis.html#breadcrumb\"},\"inLanguage\":\"et\",\"potentialAction\":[{\"@type\":\"ReadAction\",\"target\":[\"https:\\\/\\\/www.versiegelung24.com\\\/et\\\/saapa-eriline-poleerimine-ja-tihendamine-professionaalses-kvaliteedis.html\"]}]},{\"@type\":\"ImageObject\",\"inLanguage\":\"et\",\"@id\":\"https:\\\/\\\/www.versiegelung24.com\\\/et\\\/saapa-eriline-poleerimine-ja-tihendamine-professionaalses-kvaliteedis.html#primaryimage\",\"url\":\"https:\\\/\\\/www.versiegelung24.com\\\/wp-content\\\/uploads\\\/2020\\\/06\\\/produkt-2002-7660-1000-Boot-Spezial-Politur-Versiegelung-scaled.jpg\",\"contentUrl\":\"https:\\\/\\\/www.versiegelung24.com\\\/wp-content\\\/uploads\\\/2020\\\/06\\\/produkt-2002-7660-1000-Boot-Spezial-Politur-Versiegelung-scaled.jpg\",\"width\":2560,\"height\":2560},{\"@type\":\"BreadcrumbList\",\"@id\":\"https:\\\/\\\/www.versiegelung24.com\\\/et\\\/saapa-eriline-poleerimine-ja-tihendamine-professionaalses-kvaliteedis.html#breadcrumb\",\"itemListElement\":[{\"@type\":\"ListItem\",\"position\":1,\"name\":\"Koduleht\",\"item\":\"https:\\\/\\\/www.versiegelung24.com\\\/et\\\/ees\\\/\"},{\"@type\":\"ListItem\",\"position\":2,\"name\":\"Pood\",\"item\":\"https:\\\/\\\/www.versiegelung24.com\\\/et\\\/pood\\\/\"},{\"@type\":\"ListItem\",\"position\":3,\"name\":\"Laeva \\\/ jahi \\\/ paadi spetsiaalne poleerimine ja tihendamine professionaalse kvaliteediga\"}]},{\"@type\":\"WebSite\",\"@id\":\"https:\\\/\\\/www.versiegelung24.com\\\/et\\\/#website\",\"url\":\"https:\\\/\\\/www.versiegelung24.com\\\/et\\\/\",\"name\":\"versiegelung24.com\",\"description\":\"Fl\u00fcssigglas-Versiegelung - Made in Germany\",\"publisher\":{\"@id\":\"https:\\\/\\\/www.versiegelung24.com\\\/et\\\/#organization\"},\"potentialAction\":[{\"@type\":\"SearchAction\",\"target\":{\"@type\":\"EntryPoint\",\"urlTemplate\":\"https:\\\/\\\/www.versiegelung24.com\\\/et\\\/?s={search_term_string}\"},\"query-input\":{\"@type\":\"PropertyValueSpecification\",\"valueRequired\":true,\"valueName\":\"search_term_string\"}}],\"inLanguage\":\"et\"},{\"@type\":\"Organization\",\"@id\":\"https:\\\/\\\/www.versiegelung24.com\\\/et\\\/#organization\",\"name\":\"versiegelung24\",\"url\":\"https:\\\/\\\/www.versiegelung24.com\\\/et\\\/\",\"logo\":{\"@type\":\"ImageObject\",\"inLanguage\":\"et\",\"@id\":\"https:\\\/\\\/www.versiegelung24.com\\\/et\\\/#\\\/schema\\\/logo\\\/image\\\/\",\"url\":\"https:\\\/\\\/www.versiegelung24.com\\\/wp-content\\\/uploads\\\/2020\\\/04\\\/versiegelung24.png\",\"contentUrl\":\"https:\\\/\\\/www.versiegelung24.com\\\/wp-content\\\/uploads\\\/2020\\\/04\\\/versiegelung24.png\",\"width\":470,\"height\":102,\"caption\":\"versiegelung24\"},\"image\":{\"@id\":\"https:\\\/\\\/www.versiegelung24.com\\\/et\\\/#\\\/schema\\\/logo\\\/image\\\/\"}}]}<\/script>\n<meta property=\"product:price:amount\" content=\"99.00\" \/>\n<meta property=\"product:price:currency\" content=\"EUR\" \/>\n<meta property=\"og:availability\" content=\"instock\" \/>\n<meta property=\"product:availability\" content=\"instock\" \/>\n<meta property=\"product:retailer_item_id\" content=\"2002-7660-1000\" \/>\n<meta property=\"product:condition\" content=\"new\" \/>\n<!-- \/ Yoast SEO Premium plugin. -->","yoast_head_json":{"title":"Laeva \/ jahi \/ paadi spetsiaalne poleerimine ja tihendamine professionaalse kvaliteediga - versiegelung24.com","robots":{"index":"index","follow":"follow","max-snippet":"max-snippet:-1","max-image-preview":"max-image-preview:large","max-video-preview":"max-video-preview:-1"},"canonical":"https:\/\/www.versiegelung24.com\/et\/saapa-eriline-poleerimine-ja-tihendamine-professionaalses-kvaliteedis.html","og_locale":"et_EE","og_type":"article","og_title":"Laeva \/ jahi \/ paadi spetsiaalne poleerimine ja tihendamine professionaalse kvaliteediga","og_description":"V\u00e4ga t\u00f5hus professionaalne tihend: \u2713 Paadid \u2713 Lootoseefektiga (vett h\u00fclgav) \u2713 S\u00e4ilivusaeg kuni 3 kuud","og_url":"https:\/\/www.versiegelung24.com\/et\/saapa-eriline-poleerimine-ja-tihendamine-professionaalses-kvaliteedis.html","og_site_name":"versiegelung24.com","article_modified_time":"2025-04-10T08:57:00+00:00","og_image":[{"width":2560,"height":2560,"url":"https:\/\/www.versiegelung24.com\/wp-content\/uploads\/2020\/06\/produkt-2002-7660-1000-Boot-Spezial-Politur-Versiegelung-scaled.jpg","type":"image\/jpeg"}],"twitter_card":"summary_large_image","twitter_misc":{"Price":"99,00&euro;","Availability":"In stock"},"schema":{"@context":"https:\/\/schema.org","@graph":[{"@type":"WebPage","@id":"https:\/\/www.versiegelung24.com\/et\/saapa-eriline-poleerimine-ja-tihendamine-professionaalses-kvaliteedis.html","url":"https:\/\/www.versiegelung24.com\/et\/saapa-eriline-poleerimine-ja-tihendamine-professionaalses-kvaliteedis.html","name":"Laeva \/ jahi \/ paadi spetsiaalne poleerimine ja tihendamine professionaalse kvaliteediga - versiegelung24.com","isPartOf":{"@id":"https:\/\/www.versiegelung24.com\/et\/#website"},"primaryImageOfPage":{"@id":"https:\/\/www.versiegelung24.com\/et\/saapa-eriline-poleerimine-ja-tihendamine-professionaalses-kvaliteedis.html#primaryimage"},"image":{"@id":"https:\/\/www.versiegelung24.com\/et\/saapa-eriline-poleerimine-ja-tihendamine-professionaalses-kvaliteedis.html#primaryimage"},"thumbnailUrl":"https:\/\/www.versiegelung24.com\/wp-content\/uploads\/2020\/06\/produkt-2002-7660-1000-Boot-Spezial-Politur-Versiegelung-scaled.jpg","datePublished":"2021-08-02T19:09:38+00:00","dateModified":"2025-04-10T08:57:00+00:00","breadcrumb":{"@id":"https:\/\/www.versiegelung24.com\/et\/saapa-eriline-poleerimine-ja-tihendamine-professionaalses-kvaliteedis.html#breadcrumb"},"inLanguage":"et","potentialAction":[{"@type":"ReadAction","target":["https:\/\/www.versiegelung24.com\/et\/saapa-eriline-poleerimine-ja-tihendamine-professionaalses-kvaliteedis.html"]}]},{"@type":"ImageObject","inLanguage":"et","@id":"https:\/\/www.versiegelung24.com\/et\/saapa-eriline-poleerimine-ja-tihendamine-professionaalses-kvaliteedis.html#primaryimage","url":"https:\/\/www.versiegelung24.com\/wp-content\/uploads\/2020\/06\/produkt-2002-7660-1000-Boot-Spezial-Politur-Versiegelung-scaled.jpg","contentUrl":"https:\/\/www.versiegelung24.com\/wp-content\/uploads\/2020\/06\/produkt-2002-7660-1000-Boot-Spezial-Politur-Versiegelung-scaled.jpg","width":2560,"height":2560},{"@type":"BreadcrumbList","@id":"https:\/\/www.versiegelung24.com\/et\/saapa-eriline-poleerimine-ja-tihendamine-professionaalses-kvaliteedis.html#breadcrumb","itemListElement":[{"@type":"ListItem","position":1,"name":"Koduleht","item":"https:\/\/www.versiegelung24.com\/et\/ees\/"},{"@type":"ListItem","position":2,"name":"Pood","item":"https:\/\/www.versiegelung24.com\/et\/pood\/"},{"@type":"ListItem","position":3,"name":"Laeva \/ jahi \/ paadi spetsiaalne poleerimine ja tihendamine professionaalse kvaliteediga"}]},{"@type":"WebSite","@id":"https:\/\/www.versiegelung24.com\/et\/#website","url":"https:\/\/www.versiegelung24.com\/et\/","name":"versiegelung24.com","description":"Fl\u00fcssigglas-Versiegelung - Made in Germany","publisher":{"@id":"https:\/\/www.versiegelung24.com\/et\/#organization"},"potentialAction":[{"@type":"SearchAction","target":{"@type":"EntryPoint","urlTemplate":"https:\/\/www.versiegelung24.com\/et\/?s={search_term_string}"},"query-input":{"@type":"PropertyValueSpecification","valueRequired":true,"valueName":"search_term_string"}}],"inLanguage":"et"},{"@type":"Organization","@id":"https:\/\/www.versiegelung24.com\/et\/#organization","name":"versiegelung24","url":"https:\/\/www.versiegelung24.com\/et\/","logo":{"@type":"ImageObject","inLanguage":"et","@id":"https:\/\/www.versiegelung24.com\/et\/#\/schema\/logo\/image\/","url":"https:\/\/www.versiegelung24.com\/wp-content\/uploads\/2020\/04\/versiegelung24.png","contentUrl":"https:\/\/www.versiegelung24.com\/wp-content\/uploads\/2020\/04\/versiegelung24.png","width":470,"height":102,"caption":"versiegelung24"},"image":{"@id":"https:\/\/www.versiegelung24.com\/et\/#\/schema\/logo\/image\/"}}]},"product_price_amount":"99.00","product_price_currency":"EUR","og_availability":"instock","product_availability":"instock","product_retailer_item_id":"2002-7660-1000","product_condition":"new"},"_links":{"self":[{"href":"https:\/\/www.versiegelung24.com\/et\/wp-json\/wp\/v2\/product\/22969","targetHints":{"allow":["GET"]}}],"collection":[{"href":"https:\/\/www.versiegelung24.com\/et\/wp-json\/wp\/v2\/product"}],"about":[{"href":"https:\/\/www.versiegelung24.com\/et\/wp-json\/wp\/v2\/types\/product"}],"version-history":[{"count":11,"href":"https:\/\/www.versiegelung24.com\/et\/wp-json\/wp\/v2\/product\/22969\/revisions"}],"predecessor-version":[{"id":181400,"href":"https:\/\/www.versiegelung24.com\/et\/wp-json\/wp\/v2\/product\/22969\/revisions\/181400"}],"wp:featuredmedia":[{"embeddable":true,"href":"https:\/\/www.versiegelung24.com\/et\/wp-json\/wp\/v2\/media\/17816"}],"wp:attachment":[{"href":"https:\/\/www.versiegelung24.com\/et\/wp-json\/wp\/v2\/media?parent=22969"}],"wp:term":[{"taxonomy":"product_brand","embeddable":true,"href":"https:\/\/www.versiegelung24.com\/et\/wp-json\/wp\/v2\/product_brand?post=22969"},{"taxonomy":"product_cat","embeddable":true,"href":"https:\/\/www.versiegelung24.com\/et\/wp-json\/wp\/v2\/product_cat?post=22969"},{"taxonomy":"product_tag","embeddable":true,"href":"https:\/\/www.versiegelung24.com\/et\/wp-json\/wp\/v2\/product_tag?post=22969"}],"curies":[{"name":"wp","href":"https:\/\/api.w.org\/{rel}","templated":true}]}}