{"id":23181,"date":"2020-04-04T18:53:14","date_gmt":"2021-08-02T19:25:45","guid":{"rendered":"https:\/\/www.versiegelung24.com\/produkt\/professionaalse-kvaliteediga-puidust-tihendus"},"modified":"2025-01-03T23:39:21","modified_gmt":"2025-01-03T22:39:21","slug":"puidu-tihendamine-professionaalses-kvaliteedis","status":"publish","type":"product","link":"https:\/\/www.versiegelung24.com\/et\/professionaalse-kvaliteediga-puidust-tihendus.html","title":{"rendered":"Professionaalse kvaliteediga puidust tihendus"},"content":{"rendered":"\n<p><strong>V\u00e4ga t\u00f5hus professionaalne puidu tihendaja s\u00fcgavuse ja lootosefektiga (vetth\u00fclgav), seest ja v\u00e4ljast, UUS<\/strong><\/p>\n\n<p>K\u00f5rge kvaliteet Valmistatud Saksamaal.<\/p>\n\n<hr\/>\n\n<h4 class=\"wp-block-heading\" id=\"properties\">Toote omadused<\/h4>\n\n<div class=\"wp-block-columns is-layout-flex wp-container-core-columns-is-layout-9d6595d7 wp-block-columns-is-layout-flex\">\n<div class=\"wp-block-column is-layout-flow wp-block-column-is-layout-flow\">\n<ul class=\"wp-block-list\">\n<li>tugev h\u00fcdrofoobne ja oleofoobne toime (vett ja \u00f5li h\u00fclgav)<\/li>\n\n\n\n<li>S\u00fcgavusefekt &#8211; tungib puitu kuni 10 mm (olenevalt struktuurist)<\/li>\n\n\n\n<li>Kaitseb hallituse, vetikate ja ilmastikum\u00f5jude eest<\/li>\n\n\n\n<li>Kulude, aja ja energia kokkuhoid t\u00e4nu pikendatud puhastusts\u00fcklitele<\/li>\n\n\n\n<li>Niiskuse tungimise kiiruse v\u00e4henemine veega kokkupuutel<\/li>\n\n\n\n<li>Lihtne puhastada<\/li>\n<\/ul>\n<\/div>\n\n\n\n<div class=\"wp-block-column is-layout-flow wp-block-column-is-layout-flow\">\n<ul class=\"wp-block-list\">\n<li>suletud pinnad j\u00e4\u00e4vad hingavaks<\/li>\n\n\n\n<li>Ilmastiku v\u00e4rvuse v\u00e4hendamine<\/li>\n\n\n\n<li>UV-kindel, k\u00fclmakindel ja peaaegu n\u00e4htamatu<\/li>\n\n\n\n<li>Lihtne pealekandmine (saab pihustada suurele alale)<\/li>\n\n\n\n<li>K\u00f5lblikkusaeg: kuni 3-10 aastat<\/li>\n<\/ul>\n\n\n\n<p><br\/><br\/>Tarnekomplekt: 1 x liitrine pudel 1 x pumba pihustuspea<br\/><\/p>\n<\/div>\n<\/div>\n\n<hr\/>\n\n<h4 class=\"wp-block-heading\" id=\"application\">Taotlus<\/h4>\n\n<div class=\"wp-block-columns is-layout-flex wp-container-core-columns-is-layout-9d6595d7 wp-block-columns-is-layout-flex\">\n<div class=\"wp-block-column is-layout-flow wp-block-column-is-layout-flow\">\n<ul class=\"wp-block-list\">\n<li>K\u00f5ik k\u00f5vad ja pehmed metsad<\/li>\n\n\n\n<li>Puitvooder sise- ja v\u00e4listingimustes<\/li>\n\n\n\n<li>Laudad<\/li>\n\n\n\n<li>Puitlaed \/ puitp\u00f5randad<\/li>\n\n\n\n<li>Ehituspuit<\/li>\n\n\n\n<li>Puidust akna- ja ukseraamid<\/li>\n<\/ul>\n<\/div>\n\n\n\n<div class=\"wp-block-column is-layout-flow wp-block-column-is-layout-flow\">\n<ul class=\"wp-block-list\" id=\"block-bd0826c4-8c3a-4f56-9878-ce5fe93599ff\">\n<li>Talad, nurgad ja p\u00f5randalauad<\/li>\n\n\n\n<li>Antiikmetsad<\/li>\n\n\n\n<li>Puitpaneelid sanitaarruumis<\/li>\n<\/ul>\n\n\n\n<p><strong>Tarbimine s\u00f5ltub pinna imavusest umbes 10-40m\u00b2 \/ liiter.<\/strong><\/p>\n<\/div>\n<\/div>\n","protected":false},"excerpt":{"rendered":"<p><strong>**UUS** V\u00e4ga t\u00f5hus tihendus imavate puitpindade jaoks:<\/strong><\/p>\n<p>\u2713 S\u00fcgavusefektiga<\/p>\n<p>\u2713 Lootoseefektiga (vett h\u00fclgav)<\/p>\n<p>\u2713 Sise- ja v\u00e4listingimustes kasutamiseks<\/p>\n","protected":false},"featured_media":18172,"template":"","meta":{"_acf_changed":false,"neve_meta_sidebar":"","neve_meta_container":"","neve_meta_enable_content_width":"","neve_meta_content_width":0,"neve_meta_title_alignment":"","neve_meta_author_avatar":"","neve_post_elements_order":"","neve_meta_disable_header":"","neve_meta_disable_footer":"","neve_meta_disable_title":"","neve_meta_reading_time":"","_surfaces":[],"_ver_product_tabs":[],"footnotes":""},"product_brand":[],"product_cat":[2333],"product_tag":[],"class_list":{"0":"post-23181","1":"product","2":"type-product","3":"status-publish","4":"has-post-thumbnail","6":"product_cat-puidu-tihendamine","7":"pa_gebinde-5-ml-pudel","8":"pa_gebinde-125-ml-pihustuspudel","9":"pa_gebinde-1000-ml-taeitmispudel","10":"pa_gebinde-20l-kanister-et","11":"pa_gebinde-10l-kanister-et","12":"pa_gebinde-tegevuskomplekt-koos-100ml-pudeliga","13":"pa_gebinde-50-ml-pudel","14":"pa_gebinde-action-komplekt-50ml-pudeliga","15":"pa_gebinde-100-ml-pudel","16":"pa_gebinde-150ml-pudel","17":"pa_gebinde-500-ml-pudel","18":"pa_gebinde-200ml-pudel","19":"pa_gebinde-1000-ml-pudel","20":"pa_gebinde-10-ml-pudel","22":"first","23":"instock","24":"taxable","25":"shipping-taxable","26":"purchasable","27":"product-type-variable","28":"has-default-attributes"},"acf":[],"yoast_head":"<!-- This site is optimized with the Yoast SEO Premium plugin v22.8 (Yoast SEO v27.5) - https:\/\/yoast.com\/product\/yoast-seo-premium-wordpress\/ -->\n<title>Professionaalse kvaliteediga puidust tihendus - versiegelung24.com<\/title>\n<meta name=\"robots\" content=\"index, follow, max-snippet:-1, max-image-preview:large, max-video-preview:-1\" \/>\n<link rel=\"canonical\" href=\"https:\/\/www.versiegelung24.com\/et\/professionaalse-kvaliteediga-puidust-tihendus.html\" \/>\n<meta property=\"og:locale\" content=\"et_EE\" \/>\n<meta property=\"og:type\" content=\"article\" \/>\n<meta property=\"og:title\" content=\"Professionaalse kvaliteediga puidust tihendus\" \/>\n<meta property=\"og:description\" content=\"**UUS** V\u00e4ga t\u00f5hus tihendus imavate puitpindade jaoks: \u2713 S\u00fcgavusefektiga \u2713 Lootoseefektiga (vett h\u00fclgav) \u2713 Sise- ja v\u00e4listingimustes kasutamiseks\" \/>\n<meta property=\"og:url\" content=\"https:\/\/www.versiegelung24.com\/et\/professionaalse-kvaliteediga-puidust-tihendus.html\" \/>\n<meta property=\"og:site_name\" content=\"versiegelung24.com\" \/>\n<meta property=\"article:modified_time\" content=\"2025-01-03T22:39:21+00:00\" \/>\n<meta property=\"og:image\" content=\"https:\/\/www.versiegelung24.com\/wp-content\/uploads\/2020\/06\/produkt-4000-695-1000-Holzversiegelung-scaled.jpg\" \/>\n\t<meta property=\"og:image:width\" content=\"2560\" \/>\n\t<meta property=\"og:image:height\" content=\"2560\" \/>\n\t<meta property=\"og:image:type\" content=\"image\/jpeg\" \/>\n<meta name=\"twitter:card\" content=\"summary_large_image\" \/>\n<meta name=\"twitter:label1\" content=\"Availability\" \/>\n\t<meta name=\"twitter:data1\" content=\"In stock\" \/>\n<script type=\"application\/ld+json\" class=\"yoast-schema-graph\">{\"@context\":\"https:\\\/\\\/schema.org\",\"@graph\":[{\"@type\":\"WebPage\",\"@id\":\"https:\\\/\\\/www.versiegelung24.com\\\/et\\\/professionaalse-kvaliteediga-puidust-tihendus.html\",\"url\":\"https:\\\/\\\/www.versiegelung24.com\\\/et\\\/professionaalse-kvaliteediga-puidust-tihendus.html\",\"name\":\"Professionaalse kvaliteediga puidust tihendus - versiegelung24.com\",\"isPartOf\":{\"@id\":\"https:\\\/\\\/www.versiegelung24.com\\\/et\\\/#website\"},\"primaryImageOfPage\":{\"@id\":\"https:\\\/\\\/www.versiegelung24.com\\\/et\\\/professionaalse-kvaliteediga-puidust-tihendus.html#primaryimage\"},\"image\":{\"@id\":\"https:\\\/\\\/www.versiegelung24.com\\\/et\\\/professionaalse-kvaliteediga-puidust-tihendus.html#primaryimage\"},\"thumbnailUrl\":\"https:\\\/\\\/www.versiegelung24.com\\\/wp-content\\\/uploads\\\/2020\\\/06\\\/produkt-4000-695-1000-Holzversiegelung-scaled.jpg\",\"datePublished\":\"2021-08-02T19:25:45+00:00\",\"dateModified\":\"2025-01-03T22:39:21+00:00\",\"breadcrumb\":{\"@id\":\"https:\\\/\\\/www.versiegelung24.com\\\/et\\\/professionaalse-kvaliteediga-puidust-tihendus.html#breadcrumb\"},\"inLanguage\":\"et\",\"potentialAction\":[{\"@type\":\"ReadAction\",\"target\":[\"https:\\\/\\\/www.versiegelung24.com\\\/et\\\/professionaalse-kvaliteediga-puidust-tihendus.html\"]}]},{\"@type\":\"ImageObject\",\"inLanguage\":\"et\",\"@id\":\"https:\\\/\\\/www.versiegelung24.com\\\/et\\\/professionaalse-kvaliteediga-puidust-tihendus.html#primaryimage\",\"url\":\"https:\\\/\\\/www.versiegelung24.com\\\/wp-content\\\/uploads\\\/2020\\\/06\\\/produkt-4000-695-1000-Holzversiegelung-scaled.jpg\",\"contentUrl\":\"https:\\\/\\\/www.versiegelung24.com\\\/wp-content\\\/uploads\\\/2020\\\/06\\\/produkt-4000-695-1000-Holzversiegelung-scaled.jpg\",\"width\":2560,\"height\":2560},{\"@type\":\"BreadcrumbList\",\"@id\":\"https:\\\/\\\/www.versiegelung24.com\\\/et\\\/professionaalse-kvaliteediga-puidust-tihendus.html#breadcrumb\",\"itemListElement\":[{\"@type\":\"ListItem\",\"position\":1,\"name\":\"Koduleht\",\"item\":\"https:\\\/\\\/www.versiegelung24.com\\\/et\\\/ees\\\/\"},{\"@type\":\"ListItem\",\"position\":2,\"name\":\"Pood\",\"item\":\"https:\\\/\\\/www.versiegelung24.com\\\/et\\\/pood\\\/\"},{\"@type\":\"ListItem\",\"position\":3,\"name\":\"Professionaalse kvaliteediga puidust tihendus\"}]},{\"@type\":\"WebSite\",\"@id\":\"https:\\\/\\\/www.versiegelung24.com\\\/et\\\/#website\",\"url\":\"https:\\\/\\\/www.versiegelung24.com\\\/et\\\/\",\"name\":\"versiegelung24.com\",\"description\":\"Fl\u00fcssigglas-Versiegelung - Made in Germany\",\"publisher\":{\"@id\":\"https:\\\/\\\/www.versiegelung24.com\\\/et\\\/#organization\"},\"potentialAction\":[{\"@type\":\"SearchAction\",\"target\":{\"@type\":\"EntryPoint\",\"urlTemplate\":\"https:\\\/\\\/www.versiegelung24.com\\\/et\\\/?s={search_term_string}\"},\"query-input\":{\"@type\":\"PropertyValueSpecification\",\"valueRequired\":true,\"valueName\":\"search_term_string\"}}],\"inLanguage\":\"et\"},{\"@type\":\"Organization\",\"@id\":\"https:\\\/\\\/www.versiegelung24.com\\\/et\\\/#organization\",\"name\":\"versiegelung24\",\"url\":\"https:\\\/\\\/www.versiegelung24.com\\\/et\\\/\",\"logo\":{\"@type\":\"ImageObject\",\"inLanguage\":\"et\",\"@id\":\"https:\\\/\\\/www.versiegelung24.com\\\/et\\\/#\\\/schema\\\/logo\\\/image\\\/\",\"url\":\"https:\\\/\\\/www.versiegelung24.com\\\/wp-content\\\/uploads\\\/2020\\\/04\\\/versiegelung24.png\",\"contentUrl\":\"https:\\\/\\\/www.versiegelung24.com\\\/wp-content\\\/uploads\\\/2020\\\/04\\\/versiegelung24.png\",\"width\":470,\"height\":102,\"caption\":\"versiegelung24\"},\"image\":{\"@id\":\"https:\\\/\\\/www.versiegelung24.com\\\/et\\\/#\\\/schema\\\/logo\\\/image\\\/\"}}]}<\/script>\n<meta property=\"og:availability\" content=\"instock\" \/>\n<meta property=\"product:availability\" content=\"instock\" \/>\n<meta property=\"product:retailer_item_id\" content=\"4000-695\" \/>\n<meta property=\"product:condition\" content=\"new\" \/>\n<!-- \/ Yoast SEO Premium plugin. -->","yoast_head_json":{"title":"Professionaalse kvaliteediga puidust tihendus - versiegelung24.com","robots":{"index":"index","follow":"follow","max-snippet":"max-snippet:-1","max-image-preview":"max-image-preview:large","max-video-preview":"max-video-preview:-1"},"canonical":"https:\/\/www.versiegelung24.com\/et\/professionaalse-kvaliteediga-puidust-tihendus.html","og_locale":"et_EE","og_type":"article","og_title":"Professionaalse kvaliteediga puidust tihendus","og_description":"**UUS** V\u00e4ga t\u00f5hus tihendus imavate puitpindade jaoks: \u2713 S\u00fcgavusefektiga \u2713 Lootoseefektiga (vett h\u00fclgav) \u2713 Sise- ja v\u00e4listingimustes kasutamiseks","og_url":"https:\/\/www.versiegelung24.com\/et\/professionaalse-kvaliteediga-puidust-tihendus.html","og_site_name":"versiegelung24.com","article_modified_time":"2025-01-03T22:39:21+00:00","og_image":[{"width":2560,"height":2560,"url":"https:\/\/www.versiegelung24.com\/wp-content\/uploads\/2020\/06\/produkt-4000-695-1000-Holzversiegelung-scaled.jpg","type":"image\/jpeg"}],"twitter_card":"summary_large_image","twitter_misc":{"Availability":"In stock"},"schema":{"@context":"https:\/\/schema.org","@graph":[{"@type":"WebPage","@id":"https:\/\/www.versiegelung24.com\/et\/professionaalse-kvaliteediga-puidust-tihendus.html","url":"https:\/\/www.versiegelung24.com\/et\/professionaalse-kvaliteediga-puidust-tihendus.html","name":"Professionaalse kvaliteediga puidust tihendus - versiegelung24.com","isPartOf":{"@id":"https:\/\/www.versiegelung24.com\/et\/#website"},"primaryImageOfPage":{"@id":"https:\/\/www.versiegelung24.com\/et\/professionaalse-kvaliteediga-puidust-tihendus.html#primaryimage"},"image":{"@id":"https:\/\/www.versiegelung24.com\/et\/professionaalse-kvaliteediga-puidust-tihendus.html#primaryimage"},"thumbnailUrl":"https:\/\/www.versiegelung24.com\/wp-content\/uploads\/2020\/06\/produkt-4000-695-1000-Holzversiegelung-scaled.jpg","datePublished":"2021-08-02T19:25:45+00:00","dateModified":"2025-01-03T22:39:21+00:00","breadcrumb":{"@id":"https:\/\/www.versiegelung24.com\/et\/professionaalse-kvaliteediga-puidust-tihendus.html#breadcrumb"},"inLanguage":"et","potentialAction":[{"@type":"ReadAction","target":["https:\/\/www.versiegelung24.com\/et\/professionaalse-kvaliteediga-puidust-tihendus.html"]}]},{"@type":"ImageObject","inLanguage":"et","@id":"https:\/\/www.versiegelung24.com\/et\/professionaalse-kvaliteediga-puidust-tihendus.html#primaryimage","url":"https:\/\/www.versiegelung24.com\/wp-content\/uploads\/2020\/06\/produkt-4000-695-1000-Holzversiegelung-scaled.jpg","contentUrl":"https:\/\/www.versiegelung24.com\/wp-content\/uploads\/2020\/06\/produkt-4000-695-1000-Holzversiegelung-scaled.jpg","width":2560,"height":2560},{"@type":"BreadcrumbList","@id":"https:\/\/www.versiegelung24.com\/et\/professionaalse-kvaliteediga-puidust-tihendus.html#breadcrumb","itemListElement":[{"@type":"ListItem","position":1,"name":"Koduleht","item":"https:\/\/www.versiegelung24.com\/et\/ees\/"},{"@type":"ListItem","position":2,"name":"Pood","item":"https:\/\/www.versiegelung24.com\/et\/pood\/"},{"@type":"ListItem","position":3,"name":"Professionaalse kvaliteediga puidust tihendus"}]},{"@type":"WebSite","@id":"https:\/\/www.versiegelung24.com\/et\/#website","url":"https:\/\/www.versiegelung24.com\/et\/","name":"versiegelung24.com","description":"Fl\u00fcssigglas-Versiegelung - Made in Germany","publisher":{"@id":"https:\/\/www.versiegelung24.com\/et\/#organization"},"potentialAction":[{"@type":"SearchAction","target":{"@type":"EntryPoint","urlTemplate":"https:\/\/www.versiegelung24.com\/et\/?s={search_term_string}"},"query-input":{"@type":"PropertyValueSpecification","valueRequired":true,"valueName":"search_term_string"}}],"inLanguage":"et"},{"@type":"Organization","@id":"https:\/\/www.versiegelung24.com\/et\/#organization","name":"versiegelung24","url":"https:\/\/www.versiegelung24.com\/et\/","logo":{"@type":"ImageObject","inLanguage":"et","@id":"https:\/\/www.versiegelung24.com\/et\/#\/schema\/logo\/image\/","url":"https:\/\/www.versiegelung24.com\/wp-content\/uploads\/2020\/04\/versiegelung24.png","contentUrl":"https:\/\/www.versiegelung24.com\/wp-content\/uploads\/2020\/04\/versiegelung24.png","width":470,"height":102,"caption":"versiegelung24"},"image":{"@id":"https:\/\/www.versiegelung24.com\/et\/#\/schema\/logo\/image\/"}}]},"og_availability":"instock","product_availability":"instock","product_retailer_item_id":"4000-695","product_condition":"new"},"_links":{"self":[{"href":"https:\/\/www.versiegelung24.com\/et\/wp-json\/wp\/v2\/product\/23181","targetHints":{"allow":["GET"]}}],"collection":[{"href":"https:\/\/www.versiegelung24.com\/et\/wp-json\/wp\/v2\/product"}],"about":[{"href":"https:\/\/www.versiegelung24.com\/et\/wp-json\/wp\/v2\/types\/product"}],"version-history":[{"count":16,"href":"https:\/\/www.versiegelung24.com\/et\/wp-json\/wp\/v2\/product\/23181\/revisions"}],"predecessor-version":[{"id":177526,"href":"https:\/\/www.versiegelung24.com\/et\/wp-json\/wp\/v2\/product\/23181\/revisions\/177526"}],"wp:featuredmedia":[{"embeddable":true,"href":"https:\/\/www.versiegelung24.com\/et\/wp-json\/wp\/v2\/media\/18172"}],"wp:attachment":[{"href":"https:\/\/www.versiegelung24.com\/et\/wp-json\/wp\/v2\/media?parent=23181"}],"wp:term":[{"taxonomy":"product_brand","embeddable":true,"href":"https:\/\/www.versiegelung24.com\/et\/wp-json\/wp\/v2\/product_brand?post=23181"},{"taxonomy":"product_cat","embeddable":true,"href":"https:\/\/www.versiegelung24.com\/et\/wp-json\/wp\/v2\/product_cat?post=23181"},{"taxonomy":"product_tag","embeddable":true,"href":"https:\/\/www.versiegelung24.com\/et\/wp-json\/wp\/v2\/product_tag?post=23181"}],"curies":[{"name":"wp","href":"https:\/\/api.w.org\/{rel}","templated":true}]}}