{"id":23248,"date":"2020-04-04T18:53:42","date_gmt":"2021-08-02T19:28:59","guid":{"rendered":"https:\/\/www.versiegelung24.com\/produkt\/universaalne-tihend-7675-kovadele-mitteimavatele-pindadele-klaas-keraamika-roostevaba-teras-plast-metall"},"modified":"2025-03-20T10:10:13","modified_gmt":"2025-03-20T09:10:13","slug":"universaalne-tihendus-7675-kovade-mitteimavate-pindade-jaoks-klaaskeraamika-roostevaba-teras-plastik-metall","status":"publish","type":"product","link":"https:\/\/www.versiegelung24.com\/et\/universaalne-tihendus-7675-kovade-mitteimavate-pindade-jaoks-klaaskeraamika-roostevaba-teras-plastik-metall.html","title":{"rendered":"Universaalne tihend 7675 k\u00f5vadele \/ mitteimavatele pindadele (klaas \/ keraamika +++, roostevaba teras +++, plast \/ metall ++)"},"content":{"rendered":"\n<p><strong>\u00dclimalt t\u00f5hus professionaalne universaalne hermeetik &#8220;k\u00f5vadele&#8221;\/mittekleepuvatele pindadele nagu klaas, keraamika, plastik ja metallpinnad, mis on kergesti puhastatav UUS, sise- ja v\u00e4listingimustes kasutatav<\/strong><\/p>\n\n<p>Ideaalne klaasi \/ keraamika ja roostevaba terase jaoks, samuti plastide ja metalli jaoks<\/p>\n\n<p>K\u00f5rge kvaliteet Valmistatud Saksamaal.<\/p>\n\n<p><strong>V24 universaalne hermeetik 4005-7675<\/strong> on alkoholip\u00f5hine (IPA) kattematerjal, mis loob kergesti puhastatava efekti klaas-, plast-, keraamika- ja metallpindadele (kroom, roostevaba teras, alumiinium). Materjal tekitab pinnale \u00f5hukese kile, mis v\u00e4hendab mustuse ja v\u00f5\u00f5rkehade haardumist ning v\u00f5imaldab vett paremini rulluda. Kaetud pinda on eriti lihtne puhastada<\/p>\n\n<hr \/>\n\n<h4 class=\"wp-block-heading\" id=\"properties\">Toote omadused<\/h4>\n\n<div class=\"wp-block-columns is-layout-flex wp-container-core-columns-is-layout-9d6595d7 wp-block-columns-is-layout-flex\">\n<div class=\"wp-block-column is-layout-flow wp-block-column-is-layout-flow\">\n<ul class=\"wp-block-list\">\n<li>Tarnitakse kasutusvalmis<\/li>\n\n\n\n<li>laseb vett paremini veereda<\/li>\n\n\n\n<li>Lihtsalt puhastatav mustuse ja katlakivi m\u00f5ju<\/li>\n\n\n\n<li>selge, v\u00e4rvitu vedelik, n\u00e4htamatu ja m\u00e4rkamatu<\/li>\n\n\n\n<li>Pinnad p\u00fcsivad palju kauem puhtad, mis pikendab puhastusts\u00fckleid ning v\u00e4hendab oluliselt puhastamise ja hooldamise kulusid, aega ja energiat<\/li>\n\n\n\n<li>v\u00e4hendab mikroorganismide ja bakterite kasvu ning parandab seel\u00e4bi h\u00fcgieeni<\/li>\n<\/ul>\n<\/div>\n\n\n\n<div class=\"wp-block-column is-layout-flow wp-block-column-is-layout-flow\">\n<ul class=\"wp-block-list\">\n<li>Vastupidav k\u00fclmale, \u00e4\u00e4rmisele kuumusele, UV -kiirgusele, soolasele veele ja soolasele \u00f5hule, k\u00f5va vee mineraalidele ja leelistele<\/li>\n\n\n\n<li>Vetikad ja lindude v\u00e4ljaheited ei suuda enam kindlalt kinni j\u00e4\u00e4da<\/li>\n\n\n\n<li>fluorivaba<\/li>\n<\/ul>\n\n\n\n<p><br \/><br \/>Tarnekomplekt: 1 x liitrine pudel 1 x pumba pihustuspea<\/p>\n<\/div>\n<\/div>\n\n<hr \/>\n\n<h4 class=\"wp-block-heading\" id=\"application\">Taotlus<\/h4>\n\n<div class=\"wp-block-columns is-layout-flex wp-container-core-columns-is-layout-9d6595d7 wp-block-columns-is-layout-flex\">\n<div class=\"wp-block-column is-layout-flow wp-block-column-is-layout-flow\">\n<ul class=\"wp-block-list\">\n<li>Sanitaartehnika (tualetid, bideed, keraamilised vannid, du\u0161id, valamud, peeglid)<\/li>\n\n\n\n<li>Ujulad (keraamilised, ei sobi vee alla)<\/li>\n\n\n\n<li>Igat t\u00fc\u00fcpi keraamilised plaadid, n\u00e4iteks k\u00f6\u00f6gis<\/li>\n\n\n\n<li>Akna- ja ehitusklaas (talveaiad, k\u00f5rghooned, varikatused)<\/li>\n\n\n\n<li>Plast- ja metallpinnad<\/li>\n\n\n\n<li>Autoklaaside jaoks soovitame meie omad<a href=\"https:\/\/www.versiegelung24.com\/autoglas-versiegelung\/\"> Esmaklassiline autoklaaside tihendus<\/a><\/li>\n<\/ul>\n<\/div>\n\n\n\n<div class=\"wp-block-column is-layout-flow wp-block-column-is-layout-flow\">\n<p><br \/><br \/><br \/><br \/>Lihtne pealekandmine: 1. Puhastage pind v\u00e4ga h\u00e4sti ette (mida puhtam on, seda kauem kestab hermeetik) 2. Enne kasutamist puhastage pind uuesti alkoholiga (nt isoprop\u00fc\u00fcl) ette 3. Pihustage hermeetik lapile ja kandke see pinnale 4.<br \/>5 minuti m\u00f6\u00f6dudes poleerige ettevaatlikult mikrokiudlapiga, ilma survet avaldamata 5. Laske k\u00f5veneda 12 tundi &#8211; valmis<\/p>\n\n\n\n<p>K\u00f5lblikkusaeg: kuni 3-10 aastat<\/p>\n\n\n\n<p>Kuni 200 ruutmeetrit saab tihendada 1 liitriga.<\/p>\n<\/div>\n<\/div>\n\n<hr \/>\n\n<h4 class=\"wp-block-heading\" id=\"h-ratgeber\">N\u00f5ustaja<\/h4>\n\n<p>Meie universaalsed tihendid sobivad eriti h\u00e4sti isetegemissektorisse.<\/p>\n\n<p>Need \u00fchendavad professionaalse toimemehhanismi erinevatel pindadel lihtsa k\u00e4sitsemisega pealekandmise ajal. Ja seda k\u00f5ike ilma kvaliteedi osas suuri j\u00e4releandmisi tegemata.<\/p>\n\n<p>Nii saab vaid \u00fche universaalse hermeetikuga rakendusi teha mitmele materjalile ning saavutada ka kvaliteetne efekt ja pikk vastupidavus.<\/p>\n\n<p>Kommerts- ja t\u00f6\u00f6stuslike rakenduste jaoks, kus konkreetsel pinnal tuleb saavutada k\u00f5rgeim v\u00f5imalik j\u00f5udlus, soovitame siiski kasutada meie spetsiaalseid viimistlusvahendeid selle pinna jaoks.<\/p>\n","protected":false},"excerpt":{"rendered":"<p><strong>**UUS** V\u00e4ga t\u00f5hus professionaalne universaalne tihend &#8220;k\u00f5vade&#8221;\/mitteimavate pindade jaoks, n\u00e4iteks:<\/strong><\/p>\n<p>\u2713 Klaas<\/p>\n<p>\u2713 Keraamilised pinnad<\/p>\n<p>\u2713 Plastikust pinnad<\/p>\n<p>\u2713 Metallpinnad<\/p>\n<p>\u2713 Kergesti puhastatava efektiga<\/p>\n","protected":false},"featured_media":18242,"template":"","meta":{"_acf_changed":false,"neve_meta_sidebar":"","neve_meta_container":"","neve_meta_enable_content_width":"","neve_meta_content_width":0,"neve_meta_title_alignment":"","neve_meta_author_avatar":"","neve_post_elements_order":"","neve_meta_disable_header":"","neve_meta_disable_footer":"","neve_meta_disable_title":"","neve_meta_reading_time":"","_surfaces":[],"_ver_product_tabs":[],"footnotes":""},"product_brand":[],"product_cat":[2493],"product_tag":[],"class_list":{"0":"post-23248","1":"product","2":"type-product","3":"status-publish","4":"has-post-thumbnail","6":"product_cat-universaalne-tihend","8":"first","9":"instock","10":"taxable","11":"shipping-taxable","12":"purchasable","13":"product-type-simple"},"acf":[],"yoast_head":"<!-- This site is optimized with the Yoast SEO Premium plugin v22.8 (Yoast SEO v27.5) - https:\/\/yoast.com\/product\/yoast-seo-premium-wordpress\/ -->\n<title>Universaalne tihend 7675 k\u00f5vadele \/ mitteimavatele pindadele (klaas \/ keraamika +++, roostevaba teras +++, plast \/ metall ++) - versiegelung24.com<\/title>\n<meta name=\"robots\" content=\"index, follow, max-snippet:-1, max-image-preview:large, max-video-preview:-1\" \/>\n<link rel=\"canonical\" href=\"https:\/\/www.versiegelung24.com\/et\/universaalne-tihendus-7675-kovade-mitteimavate-pindade-jaoks-klaaskeraamika-roostevaba-teras-plastik-metall.html\" \/>\n<meta property=\"og:locale\" content=\"et_EE\" \/>\n<meta property=\"og:type\" content=\"article\" \/>\n<meta property=\"og:title\" content=\"Universaalne tihend 7675 k\u00f5vadele \/ mitteimavatele pindadele (klaas \/ keraamika +++, roostevaba teras +++, plast \/ metall ++)\" \/>\n<meta property=\"og:description\" content=\"**UUS** V\u00e4ga t\u00f5hus professionaalne universaalne tihend &quot;k\u00f5vade&quot;\/mitteimavate pindade jaoks, n\u00e4iteks: \u2713 Klaas \u2713 Keraamilised pinnad \u2713 Plastikust pinnad \u2713 Metallpinnad \u2713 Kergesti puhastatava efektiga\" \/>\n<meta property=\"og:url\" content=\"https:\/\/www.versiegelung24.com\/et\/universaalne-tihendus-7675-kovade-mitteimavate-pindade-jaoks-klaaskeraamika-roostevaba-teras-plastik-metall.html\" \/>\n<meta property=\"og:site_name\" content=\"versiegelung24.com\" \/>\n<meta property=\"article:modified_time\" content=\"2025-03-20T09:10:13+00:00\" \/>\n<meta property=\"og:image\" content=\"https:\/\/www.versiegelung24.com\/wp-content\/uploads\/2020\/06\/produkt-4005-7675-1000-Universalversiegelung-7675-scaled.jpg\" \/>\n\t<meta property=\"og:image:width\" content=\"2560\" \/>\n\t<meta property=\"og:image:height\" content=\"2560\" \/>\n\t<meta property=\"og:image:type\" content=\"image\/jpeg\" \/>\n<meta name=\"twitter:card\" content=\"summary_large_image\" \/>\n<meta name=\"twitter:label1\" content=\"Price\" \/>\n\t<meta name=\"twitter:data1\" content=\"89,99&euro;\" \/>\n\t<meta name=\"twitter:label2\" content=\"Availability\" \/>\n\t<meta name=\"twitter:data2\" content=\"In stock\" \/>\n<script type=\"application\/ld+json\" class=\"yoast-schema-graph\">{\"@context\":\"https:\\\/\\\/schema.org\",\"@graph\":[{\"@type\":\"WebPage\",\"@id\":\"https:\\\/\\\/www.versiegelung24.com\\\/et\\\/universaalne-tihendus-7675-kovade-mitteimavate-pindade-jaoks-klaaskeraamika-roostevaba-teras-plastik-metall.html\",\"url\":\"https:\\\/\\\/www.versiegelung24.com\\\/et\\\/universaalne-tihendus-7675-kovade-mitteimavate-pindade-jaoks-klaaskeraamika-roostevaba-teras-plastik-metall.html\",\"name\":\"Universaalne tihend 7675 k\u00f5vadele \\\/ mitteimavatele pindadele (klaas \\\/ keraamika +++, roostevaba teras +++, plast \\\/ metall ++) - versiegelung24.com\",\"isPartOf\":{\"@id\":\"https:\\\/\\\/www.versiegelung24.com\\\/et\\\/#website\"},\"primaryImageOfPage\":{\"@id\":\"https:\\\/\\\/www.versiegelung24.com\\\/et\\\/universaalne-tihendus-7675-kovade-mitteimavate-pindade-jaoks-klaaskeraamika-roostevaba-teras-plastik-metall.html#primaryimage\"},\"image\":{\"@id\":\"https:\\\/\\\/www.versiegelung24.com\\\/et\\\/universaalne-tihendus-7675-kovade-mitteimavate-pindade-jaoks-klaaskeraamika-roostevaba-teras-plastik-metall.html#primaryimage\"},\"thumbnailUrl\":\"https:\\\/\\\/www.versiegelung24.com\\\/wp-content\\\/uploads\\\/2020\\\/06\\\/produkt-4005-7675-1000-Universalversiegelung-7675-scaled.jpg\",\"datePublished\":\"2021-08-02T19:28:59+00:00\",\"dateModified\":\"2025-03-20T09:10:13+00:00\",\"breadcrumb\":{\"@id\":\"https:\\\/\\\/www.versiegelung24.com\\\/et\\\/universaalne-tihendus-7675-kovade-mitteimavate-pindade-jaoks-klaaskeraamika-roostevaba-teras-plastik-metall.html#breadcrumb\"},\"inLanguage\":\"et\",\"potentialAction\":[{\"@type\":\"ReadAction\",\"target\":[\"https:\\\/\\\/www.versiegelung24.com\\\/et\\\/universaalne-tihendus-7675-kovade-mitteimavate-pindade-jaoks-klaaskeraamika-roostevaba-teras-plastik-metall.html\"]}]},{\"@type\":\"ImageObject\",\"inLanguage\":\"et\",\"@id\":\"https:\\\/\\\/www.versiegelung24.com\\\/et\\\/universaalne-tihendus-7675-kovade-mitteimavate-pindade-jaoks-klaaskeraamika-roostevaba-teras-plastik-metall.html#primaryimage\",\"url\":\"https:\\\/\\\/www.versiegelung24.com\\\/wp-content\\\/uploads\\\/2020\\\/06\\\/produkt-4005-7675-1000-Universalversiegelung-7675-scaled.jpg\",\"contentUrl\":\"https:\\\/\\\/www.versiegelung24.com\\\/wp-content\\\/uploads\\\/2020\\\/06\\\/produkt-4005-7675-1000-Universalversiegelung-7675-scaled.jpg\",\"width\":2560,\"height\":2560},{\"@type\":\"BreadcrumbList\",\"@id\":\"https:\\\/\\\/www.versiegelung24.com\\\/et\\\/universaalne-tihendus-7675-kovade-mitteimavate-pindade-jaoks-klaaskeraamika-roostevaba-teras-plastik-metall.html#breadcrumb\",\"itemListElement\":[{\"@type\":\"ListItem\",\"position\":1,\"name\":\"Koduleht\",\"item\":\"https:\\\/\\\/www.versiegelung24.com\\\/et\\\/ees\\\/\"},{\"@type\":\"ListItem\",\"position\":2,\"name\":\"Pood\",\"item\":\"https:\\\/\\\/www.versiegelung24.com\\\/et\\\/pood\\\/\"},{\"@type\":\"ListItem\",\"position\":3,\"name\":\"Universaalne tihend 7675 k\u00f5vadele \\\/ mitteimavatele pindadele (klaas \\\/ keraamika +++, roostevaba teras +++, plast \\\/ metall ++)\"}]},{\"@type\":\"WebSite\",\"@id\":\"https:\\\/\\\/www.versiegelung24.com\\\/et\\\/#website\",\"url\":\"https:\\\/\\\/www.versiegelung24.com\\\/et\\\/\",\"name\":\"versiegelung24.com\",\"description\":\"Fl\u00fcssigglas-Versiegelung - Made in Germany\",\"publisher\":{\"@id\":\"https:\\\/\\\/www.versiegelung24.com\\\/et\\\/#organization\"},\"potentialAction\":[{\"@type\":\"SearchAction\",\"target\":{\"@type\":\"EntryPoint\",\"urlTemplate\":\"https:\\\/\\\/www.versiegelung24.com\\\/et\\\/?s={search_term_string}\"},\"query-input\":{\"@type\":\"PropertyValueSpecification\",\"valueRequired\":true,\"valueName\":\"search_term_string\"}}],\"inLanguage\":\"et\"},{\"@type\":\"Organization\",\"@id\":\"https:\\\/\\\/www.versiegelung24.com\\\/et\\\/#organization\",\"name\":\"versiegelung24\",\"url\":\"https:\\\/\\\/www.versiegelung24.com\\\/et\\\/\",\"logo\":{\"@type\":\"ImageObject\",\"inLanguage\":\"et\",\"@id\":\"https:\\\/\\\/www.versiegelung24.com\\\/et\\\/#\\\/schema\\\/logo\\\/image\\\/\",\"url\":\"https:\\\/\\\/www.versiegelung24.com\\\/wp-content\\\/uploads\\\/2020\\\/04\\\/versiegelung24.png\",\"contentUrl\":\"https:\\\/\\\/www.versiegelung24.com\\\/wp-content\\\/uploads\\\/2020\\\/04\\\/versiegelung24.png\",\"width\":470,\"height\":102,\"caption\":\"versiegelung24\"},\"image\":{\"@id\":\"https:\\\/\\\/www.versiegelung24.com\\\/et\\\/#\\\/schema\\\/logo\\\/image\\\/\"}}]}<\/script>\n<meta property=\"product:price:amount\" content=\"89.99\" \/>\n<meta property=\"product:price:currency\" content=\"EUR\" \/>\n<meta property=\"og:availability\" content=\"instock\" \/>\n<meta property=\"product:availability\" content=\"instock\" \/>\n<meta property=\"product:retailer_item_id\" content=\"4005-7675\" \/>\n<meta property=\"product:condition\" content=\"new\" \/>\n<!-- \/ Yoast SEO Premium plugin. -->","yoast_head_json":{"title":"Universaalne tihend 7675 k\u00f5vadele \/ mitteimavatele pindadele (klaas \/ keraamika +++, roostevaba teras +++, plast \/ metall ++) - versiegelung24.com","robots":{"index":"index","follow":"follow","max-snippet":"max-snippet:-1","max-image-preview":"max-image-preview:large","max-video-preview":"max-video-preview:-1"},"canonical":"https:\/\/www.versiegelung24.com\/et\/universaalne-tihendus-7675-kovade-mitteimavate-pindade-jaoks-klaaskeraamika-roostevaba-teras-plastik-metall.html","og_locale":"et_EE","og_type":"article","og_title":"Universaalne tihend 7675 k\u00f5vadele \/ mitteimavatele pindadele (klaas \/ keraamika +++, roostevaba teras +++, plast \/ metall ++)","og_description":"**UUS** V\u00e4ga t\u00f5hus professionaalne universaalne tihend \"k\u00f5vade\"\/mitteimavate pindade jaoks, n\u00e4iteks: \u2713 Klaas \u2713 Keraamilised pinnad \u2713 Plastikust pinnad \u2713 Metallpinnad \u2713 Kergesti puhastatava efektiga","og_url":"https:\/\/www.versiegelung24.com\/et\/universaalne-tihendus-7675-kovade-mitteimavate-pindade-jaoks-klaaskeraamika-roostevaba-teras-plastik-metall.html","og_site_name":"versiegelung24.com","article_modified_time":"2025-03-20T09:10:13+00:00","og_image":[{"width":2560,"height":2560,"url":"https:\/\/www.versiegelung24.com\/wp-content\/uploads\/2020\/06\/produkt-4005-7675-1000-Universalversiegelung-7675-scaled.jpg","type":"image\/jpeg"}],"twitter_card":"summary_large_image","twitter_misc":{"Price":"89,99&euro;","Availability":"In stock"},"schema":{"@context":"https:\/\/schema.org","@graph":[{"@type":"WebPage","@id":"https:\/\/www.versiegelung24.com\/et\/universaalne-tihendus-7675-kovade-mitteimavate-pindade-jaoks-klaaskeraamika-roostevaba-teras-plastik-metall.html","url":"https:\/\/www.versiegelung24.com\/et\/universaalne-tihendus-7675-kovade-mitteimavate-pindade-jaoks-klaaskeraamika-roostevaba-teras-plastik-metall.html","name":"Universaalne tihend 7675 k\u00f5vadele \/ mitteimavatele pindadele (klaas \/ keraamika +++, roostevaba teras +++, plast \/ metall ++) - versiegelung24.com","isPartOf":{"@id":"https:\/\/www.versiegelung24.com\/et\/#website"},"primaryImageOfPage":{"@id":"https:\/\/www.versiegelung24.com\/et\/universaalne-tihendus-7675-kovade-mitteimavate-pindade-jaoks-klaaskeraamika-roostevaba-teras-plastik-metall.html#primaryimage"},"image":{"@id":"https:\/\/www.versiegelung24.com\/et\/universaalne-tihendus-7675-kovade-mitteimavate-pindade-jaoks-klaaskeraamika-roostevaba-teras-plastik-metall.html#primaryimage"},"thumbnailUrl":"https:\/\/www.versiegelung24.com\/wp-content\/uploads\/2020\/06\/produkt-4005-7675-1000-Universalversiegelung-7675-scaled.jpg","datePublished":"2021-08-02T19:28:59+00:00","dateModified":"2025-03-20T09:10:13+00:00","breadcrumb":{"@id":"https:\/\/www.versiegelung24.com\/et\/universaalne-tihendus-7675-kovade-mitteimavate-pindade-jaoks-klaaskeraamika-roostevaba-teras-plastik-metall.html#breadcrumb"},"inLanguage":"et","potentialAction":[{"@type":"ReadAction","target":["https:\/\/www.versiegelung24.com\/et\/universaalne-tihendus-7675-kovade-mitteimavate-pindade-jaoks-klaaskeraamika-roostevaba-teras-plastik-metall.html"]}]},{"@type":"ImageObject","inLanguage":"et","@id":"https:\/\/www.versiegelung24.com\/et\/universaalne-tihendus-7675-kovade-mitteimavate-pindade-jaoks-klaaskeraamika-roostevaba-teras-plastik-metall.html#primaryimage","url":"https:\/\/www.versiegelung24.com\/wp-content\/uploads\/2020\/06\/produkt-4005-7675-1000-Universalversiegelung-7675-scaled.jpg","contentUrl":"https:\/\/www.versiegelung24.com\/wp-content\/uploads\/2020\/06\/produkt-4005-7675-1000-Universalversiegelung-7675-scaled.jpg","width":2560,"height":2560},{"@type":"BreadcrumbList","@id":"https:\/\/www.versiegelung24.com\/et\/universaalne-tihendus-7675-kovade-mitteimavate-pindade-jaoks-klaaskeraamika-roostevaba-teras-plastik-metall.html#breadcrumb","itemListElement":[{"@type":"ListItem","position":1,"name":"Koduleht","item":"https:\/\/www.versiegelung24.com\/et\/ees\/"},{"@type":"ListItem","position":2,"name":"Pood","item":"https:\/\/www.versiegelung24.com\/et\/pood\/"},{"@type":"ListItem","position":3,"name":"Universaalne tihend 7675 k\u00f5vadele \/ mitteimavatele pindadele (klaas \/ keraamika +++, roostevaba teras +++, plast \/ metall ++)"}]},{"@type":"WebSite","@id":"https:\/\/www.versiegelung24.com\/et\/#website","url":"https:\/\/www.versiegelung24.com\/et\/","name":"versiegelung24.com","description":"Fl\u00fcssigglas-Versiegelung - Made in Germany","publisher":{"@id":"https:\/\/www.versiegelung24.com\/et\/#organization"},"potentialAction":[{"@type":"SearchAction","target":{"@type":"EntryPoint","urlTemplate":"https:\/\/www.versiegelung24.com\/et\/?s={search_term_string}"},"query-input":{"@type":"PropertyValueSpecification","valueRequired":true,"valueName":"search_term_string"}}],"inLanguage":"et"},{"@type":"Organization","@id":"https:\/\/www.versiegelung24.com\/et\/#organization","name":"versiegelung24","url":"https:\/\/www.versiegelung24.com\/et\/","logo":{"@type":"ImageObject","inLanguage":"et","@id":"https:\/\/www.versiegelung24.com\/et\/#\/schema\/logo\/image\/","url":"https:\/\/www.versiegelung24.com\/wp-content\/uploads\/2020\/04\/versiegelung24.png","contentUrl":"https:\/\/www.versiegelung24.com\/wp-content\/uploads\/2020\/04\/versiegelung24.png","width":470,"height":102,"caption":"versiegelung24"},"image":{"@id":"https:\/\/www.versiegelung24.com\/et\/#\/schema\/logo\/image\/"}}]},"product_price_amount":"89.99","product_price_currency":"EUR","og_availability":"instock","product_availability":"instock","product_retailer_item_id":"4005-7675","product_condition":"new"},"_links":{"self":[{"href":"https:\/\/www.versiegelung24.com\/et\/wp-json\/wp\/v2\/product\/23248","targetHints":{"allow":["GET"]}}],"collection":[{"href":"https:\/\/www.versiegelung24.com\/et\/wp-json\/wp\/v2\/product"}],"about":[{"href":"https:\/\/www.versiegelung24.com\/et\/wp-json\/wp\/v2\/types\/product"}],"version-history":[{"count":16,"href":"https:\/\/www.versiegelung24.com\/et\/wp-json\/wp\/v2\/product\/23248\/revisions"}],"predecessor-version":[{"id":181092,"href":"https:\/\/www.versiegelung24.com\/et\/wp-json\/wp\/v2\/product\/23248\/revisions\/181092"}],"wp:featuredmedia":[{"embeddable":true,"href":"https:\/\/www.versiegelung24.com\/et\/wp-json\/wp\/v2\/media\/18242"}],"wp:attachment":[{"href":"https:\/\/www.versiegelung24.com\/et\/wp-json\/wp\/v2\/media?parent=23248"}],"wp:term":[{"taxonomy":"product_brand","embeddable":true,"href":"https:\/\/www.versiegelung24.com\/et\/wp-json\/wp\/v2\/product_brand?post=23248"},{"taxonomy":"product_cat","embeddable":true,"href":"https:\/\/www.versiegelung24.com\/et\/wp-json\/wp\/v2\/product_cat?post=23248"},{"taxonomy":"product_tag","embeddable":true,"href":"https:\/\/www.versiegelung24.com\/et\/wp-json\/wp\/v2\/product_tag?post=23248"}],"curies":[{"name":"wp","href":"https:\/\/api.w.org\/{rel}","templated":true}]}}