{"id":23266,"date":"2020-04-04T18:53:43","date_gmt":"2021-08-02T19:29:48","guid":{"rendered":"https:\/\/www.versiegelung24.com\/produkt\/universaalne-tihend-695-pehmetele-imavatele-pindadele-kivi-puit-tekstiil"},"modified":"2025-04-12T11:47:50","modified_gmt":"2025-04-12T09:47:50","slug":"universaalne-tihend-695-pehmeks-imavateks-pindadeks-kivi-puit-tekstiil","status":"publish","type":"product","link":"https:\/\/www.versiegelung24.com\/et\/universaalne-tihend-695-pehmeks-imavateks-pindadeks-kivi-puit-tekstiil.html","title":{"rendered":"Universaalne tihend 695 pehmetele \/ imavatele pindadele (kivi +++, puit +++, tekstiil ++)"},"content":{"rendered":"\n<p><strong>V\u00e4ga t\u00f5hus professionaalne universaalne tihend &#8220;pehmetele&#8221;\/imavatele pindadele, nagu tekstiil, kivi, puit, kergesti puhastatava efektiga<\/strong><\/p>\n\n<p>Ideaalne kivile ja puidule, rakendatav ka tekstiilidele<\/p>\n\n<p>K\u00f5rge kvaliteet &#8211; valmistatud Saksamaal<\/p>\n\n<p><strong>V24 universaalne tihend 4007-695<\/strong> on vesine immutamine absorbeerivatele \/ &#8220;pehmetele&#8221; pindadele, millel on v\u00e4ga hea h\u00fcdrofoobsus (vetth\u00fclgav) ja oleofoobsus (\u00f5lit\u00f5rje). Toode moodustab peaaegu n\u00e4htamatu \u00f5hukese pinna kile. Vetth\u00fclgav toime v\u00e4hendab oluliselt niiskuse tungimist t\u00f6\u00f6deldud pindadele ja uuesti m\u00e4\u00e4rdumist. \u00d5li ja v\u00e4rvi muutvate ainete tungimine pinnale v\u00e4heneb ja neid saab kergesti eemaldada \/ puhastada.<\/p>\n\n<hr \/>\n\n<h4 class=\"wp-block-heading\" id=\"properties\">Toote omadused<\/h4>\n\n<div class=\"wp-block-columns is-layout-flex wp-container-core-columns-is-layout-9d6595d7 wp-block-columns-is-layout-flex\">\n<div class=\"wp-block-column is-layout-flow wp-block-column-is-layout-flow\">\n<p>M\u00e4rkus: odavatel valgetel tekstiilidel v\u00f5ib olla kollane varjund<\/p>\n\n\n\n<p>S\u00f5ltuvalt suletava pinna imavusest piisab 1 liitrist kuni 40m\u00b2.<\/p>\n<\/div>\n\n\n\n<div class=\"wp-block-column is-layout-flow wp-block-column-is-layout-flow\">\n<p><br \/><br \/>T<strong>arnekomplekt:<\/strong> 1 x liitrine pudel 1 x pumba pihustuspea<\/p>\n<\/div>\n<\/div>\n\n<hr \/>\n\n<h4 class=\"wp-block-heading\" id=\"h-ratgeber\">N\u00f5ustaja<\/h4>\n\n<p>Meie universaalsed tihendid sobivad eriti h\u00e4sti isetegemissektorisse.<\/p>\n\n<p>Need \u00fchendavad professionaalse toimemehhanismi erinevatel pindadel lihtsa k\u00e4sitsemisega pealekandmise ajal. Ja seda k\u00f5ike ilma kvaliteedi osas suuri j\u00e4releandmisi tegemata.<\/p>\n\n<p>Nii saab vaid \u00fche universaalse hermeetikuga rakendusi teha mitmele materjalile ning saavutada ka kvaliteetne efekt ja pikk vastupidavus.<\/p>\n\n<p>Kommerts- ja t\u00f6\u00f6stuslike rakenduste jaoks, kus konkreetsel pinnal tuleb saavutada k\u00f5rgeim v\u00f5imalik j\u00f5udlus, soovitame siiski kasutada meie spetsiaalseid viimistlusvahendeid selle pinna jaoks.<\/p>\n","protected":false},"excerpt":{"rendered":"<p><strong>V\u00e4ga t\u00f5hus professionaalne universaalne tihend absorbeerivatele \/ &#8220;pehmetele&#8221; pindadele:<\/strong><\/p>\n<p>\u2713 Tekstiil<\/p>\n<p>\u2713 Kivi<\/p>\n<p>\u2713 puit<\/p>\n<p>\u2713 Kergesti puhastatava efektiga<\/p>\n","protected":false},"featured_media":18312,"template":"","meta":{"_acf_changed":false,"neve_meta_sidebar":"","neve_meta_container":"","neve_meta_enable_content_width":"","neve_meta_content_width":0,"neve_meta_title_alignment":"","neve_meta_author_avatar":"","neve_post_elements_order":"","neve_meta_disable_header":"","neve_meta_disable_footer":"","neve_meta_disable_title":"","neve_meta_reading_time":"","_surfaces":[],"_ver_product_tabs":[],"footnotes":""},"product_brand":[],"product_cat":[2493],"product_tag":[],"class_list":{"0":"post-23266","1":"product","2":"type-product","3":"status-publish","4":"has-post-thumbnail","6":"product_cat-universaalne-tihend","7":"pa_gebinde-1000-ml-pudel","8":"pa_gebinde-20l-kanister-et","10":"first","11":"instock","12":"taxable","13":"shipping-taxable","14":"purchasable","15":"product-type-variable","16":"has-default-attributes"},"acf":[],"yoast_head":"<!-- This site is optimized with the Yoast SEO Premium plugin v22.8 (Yoast SEO v27.5) - https:\/\/yoast.com\/product\/yoast-seo-premium-wordpress\/ -->\n<title>Universaalne tihend 695 pehmetele \/ imavatele pindadele (kivi +++, puit +++, tekstiil ++) - versiegelung24.com<\/title>\n<meta name=\"robots\" content=\"index, follow, max-snippet:-1, max-image-preview:large, max-video-preview:-1\" \/>\n<link rel=\"canonical\" href=\"https:\/\/www.versiegelung24.com\/et\/universaalne-tihend-695-pehmeks-imavateks-pindadeks-kivi-puit-tekstiil.html\" \/>\n<meta property=\"og:locale\" content=\"et_EE\" \/>\n<meta property=\"og:type\" content=\"article\" \/>\n<meta property=\"og:title\" content=\"Universaalne tihend 695 pehmetele \/ imavatele pindadele (kivi +++, puit +++, tekstiil ++)\" \/>\n<meta property=\"og:description\" content=\"V\u00e4ga t\u00f5hus professionaalne universaalne tihend absorbeerivatele \/ &quot;pehmetele&quot; pindadele: \u2713 Tekstiil \u2713 Kivi \u2713 puit \u2713 Kergesti puhastatava efektiga\" \/>\n<meta property=\"og:url\" content=\"https:\/\/www.versiegelung24.com\/et\/universaalne-tihend-695-pehmeks-imavateks-pindadeks-kivi-puit-tekstiil.html\" \/>\n<meta property=\"og:site_name\" content=\"versiegelung24.com\" \/>\n<meta property=\"article:modified_time\" content=\"2025-04-12T09:47:50+00:00\" \/>\n<meta property=\"og:image\" content=\"https:\/\/www.versiegelung24.com\/wp-content\/uploads\/2020\/06\/produkt-4007-695-1000-Universalversiegelung-695-scaled.jpg\" \/>\n\t<meta property=\"og:image:width\" content=\"2560\" \/>\n\t<meta property=\"og:image:height\" content=\"2560\" \/>\n\t<meta property=\"og:image:type\" content=\"image\/jpeg\" \/>\n<meta name=\"twitter:card\" content=\"summary_large_image\" \/>\n<meta name=\"twitter:label1\" content=\"Availability\" \/>\n\t<meta name=\"twitter:data1\" content=\"In stock\" \/>\n<script type=\"application\/ld+json\" class=\"yoast-schema-graph\">{\"@context\":\"https:\\\/\\\/schema.org\",\"@graph\":[{\"@type\":\"WebPage\",\"@id\":\"https:\\\/\\\/www.versiegelung24.com\\\/et\\\/universaalne-tihend-695-pehmeks-imavateks-pindadeks-kivi-puit-tekstiil.html\",\"url\":\"https:\\\/\\\/www.versiegelung24.com\\\/et\\\/universaalne-tihend-695-pehmeks-imavateks-pindadeks-kivi-puit-tekstiil.html\",\"name\":\"Universaalne tihend 695 pehmetele \\\/ imavatele pindadele (kivi +++, puit +++, tekstiil ++) - versiegelung24.com\",\"isPartOf\":{\"@id\":\"https:\\\/\\\/www.versiegelung24.com\\\/et\\\/#website\"},\"primaryImageOfPage\":{\"@id\":\"https:\\\/\\\/www.versiegelung24.com\\\/et\\\/universaalne-tihend-695-pehmeks-imavateks-pindadeks-kivi-puit-tekstiil.html#primaryimage\"},\"image\":{\"@id\":\"https:\\\/\\\/www.versiegelung24.com\\\/et\\\/universaalne-tihend-695-pehmeks-imavateks-pindadeks-kivi-puit-tekstiil.html#primaryimage\"},\"thumbnailUrl\":\"https:\\\/\\\/www.versiegelung24.com\\\/wp-content\\\/uploads\\\/2020\\\/06\\\/produkt-4007-695-1000-Universalversiegelung-695-scaled.jpg\",\"datePublished\":\"2021-08-02T19:29:48+00:00\",\"dateModified\":\"2025-04-12T09:47:50+00:00\",\"breadcrumb\":{\"@id\":\"https:\\\/\\\/www.versiegelung24.com\\\/et\\\/universaalne-tihend-695-pehmeks-imavateks-pindadeks-kivi-puit-tekstiil.html#breadcrumb\"},\"inLanguage\":\"et\",\"potentialAction\":[{\"@type\":\"ReadAction\",\"target\":[\"https:\\\/\\\/www.versiegelung24.com\\\/et\\\/universaalne-tihend-695-pehmeks-imavateks-pindadeks-kivi-puit-tekstiil.html\"]}]},{\"@type\":\"ImageObject\",\"inLanguage\":\"et\",\"@id\":\"https:\\\/\\\/www.versiegelung24.com\\\/et\\\/universaalne-tihend-695-pehmeks-imavateks-pindadeks-kivi-puit-tekstiil.html#primaryimage\",\"url\":\"https:\\\/\\\/www.versiegelung24.com\\\/wp-content\\\/uploads\\\/2020\\\/06\\\/produkt-4007-695-1000-Universalversiegelung-695-scaled.jpg\",\"contentUrl\":\"https:\\\/\\\/www.versiegelung24.com\\\/wp-content\\\/uploads\\\/2020\\\/06\\\/produkt-4007-695-1000-Universalversiegelung-695-scaled.jpg\",\"width\":2560,\"height\":2560},{\"@type\":\"BreadcrumbList\",\"@id\":\"https:\\\/\\\/www.versiegelung24.com\\\/et\\\/universaalne-tihend-695-pehmeks-imavateks-pindadeks-kivi-puit-tekstiil.html#breadcrumb\",\"itemListElement\":[{\"@type\":\"ListItem\",\"position\":1,\"name\":\"Koduleht\",\"item\":\"https:\\\/\\\/www.versiegelung24.com\\\/et\\\/ees\\\/\"},{\"@type\":\"ListItem\",\"position\":2,\"name\":\"Pood\",\"item\":\"https:\\\/\\\/www.versiegelung24.com\\\/et\\\/pood\\\/\"},{\"@type\":\"ListItem\",\"position\":3,\"name\":\"Universaalne tihend 695 pehmetele \\\/ imavatele pindadele (kivi +++, puit +++, tekstiil ++)\"}]},{\"@type\":\"WebSite\",\"@id\":\"https:\\\/\\\/www.versiegelung24.com\\\/et\\\/#website\",\"url\":\"https:\\\/\\\/www.versiegelung24.com\\\/et\\\/\",\"name\":\"versiegelung24.com\",\"description\":\"Fl\u00fcssigglas-Versiegelung - Made in Germany\",\"publisher\":{\"@id\":\"https:\\\/\\\/www.versiegelung24.com\\\/et\\\/#organization\"},\"potentialAction\":[{\"@type\":\"SearchAction\",\"target\":{\"@type\":\"EntryPoint\",\"urlTemplate\":\"https:\\\/\\\/www.versiegelung24.com\\\/et\\\/?s={search_term_string}\"},\"query-input\":{\"@type\":\"PropertyValueSpecification\",\"valueRequired\":true,\"valueName\":\"search_term_string\"}}],\"inLanguage\":\"et\"},{\"@type\":\"Organization\",\"@id\":\"https:\\\/\\\/www.versiegelung24.com\\\/et\\\/#organization\",\"name\":\"versiegelung24\",\"url\":\"https:\\\/\\\/www.versiegelung24.com\\\/et\\\/\",\"logo\":{\"@type\":\"ImageObject\",\"inLanguage\":\"et\",\"@id\":\"https:\\\/\\\/www.versiegelung24.com\\\/et\\\/#\\\/schema\\\/logo\\\/image\\\/\",\"url\":\"https:\\\/\\\/www.versiegelung24.com\\\/wp-content\\\/uploads\\\/2020\\\/04\\\/versiegelung24.png\",\"contentUrl\":\"https:\\\/\\\/www.versiegelung24.com\\\/wp-content\\\/uploads\\\/2020\\\/04\\\/versiegelung24.png\",\"width\":470,\"height\":102,\"caption\":\"versiegelung24\"},\"image\":{\"@id\":\"https:\\\/\\\/www.versiegelung24.com\\\/et\\\/#\\\/schema\\\/logo\\\/image\\\/\"}}]}<\/script>\n<meta property=\"og:availability\" content=\"instock\" \/>\n<meta property=\"product:availability\" content=\"instock\" \/>\n<meta property=\"product:retailer_item_id\" content=\"4007-695\" \/>\n<meta property=\"product:condition\" content=\"new\" \/>\n<!-- \/ Yoast SEO Premium plugin. -->","yoast_head_json":{"title":"Universaalne tihend 695 pehmetele \/ imavatele pindadele (kivi +++, puit +++, tekstiil ++) - versiegelung24.com","robots":{"index":"index","follow":"follow","max-snippet":"max-snippet:-1","max-image-preview":"max-image-preview:large","max-video-preview":"max-video-preview:-1"},"canonical":"https:\/\/www.versiegelung24.com\/et\/universaalne-tihend-695-pehmeks-imavateks-pindadeks-kivi-puit-tekstiil.html","og_locale":"et_EE","og_type":"article","og_title":"Universaalne tihend 695 pehmetele \/ imavatele pindadele (kivi +++, puit +++, tekstiil ++)","og_description":"V\u00e4ga t\u00f5hus professionaalne universaalne tihend absorbeerivatele \/ \"pehmetele\" pindadele: \u2713 Tekstiil \u2713 Kivi \u2713 puit \u2713 Kergesti puhastatava efektiga","og_url":"https:\/\/www.versiegelung24.com\/et\/universaalne-tihend-695-pehmeks-imavateks-pindadeks-kivi-puit-tekstiil.html","og_site_name":"versiegelung24.com","article_modified_time":"2025-04-12T09:47:50+00:00","og_image":[{"width":2560,"height":2560,"url":"https:\/\/www.versiegelung24.com\/wp-content\/uploads\/2020\/06\/produkt-4007-695-1000-Universalversiegelung-695-scaled.jpg","type":"image\/jpeg"}],"twitter_card":"summary_large_image","twitter_misc":{"Availability":"In stock"},"schema":{"@context":"https:\/\/schema.org","@graph":[{"@type":"WebPage","@id":"https:\/\/www.versiegelung24.com\/et\/universaalne-tihend-695-pehmeks-imavateks-pindadeks-kivi-puit-tekstiil.html","url":"https:\/\/www.versiegelung24.com\/et\/universaalne-tihend-695-pehmeks-imavateks-pindadeks-kivi-puit-tekstiil.html","name":"Universaalne tihend 695 pehmetele \/ imavatele pindadele (kivi +++, puit +++, tekstiil ++) - versiegelung24.com","isPartOf":{"@id":"https:\/\/www.versiegelung24.com\/et\/#website"},"primaryImageOfPage":{"@id":"https:\/\/www.versiegelung24.com\/et\/universaalne-tihend-695-pehmeks-imavateks-pindadeks-kivi-puit-tekstiil.html#primaryimage"},"image":{"@id":"https:\/\/www.versiegelung24.com\/et\/universaalne-tihend-695-pehmeks-imavateks-pindadeks-kivi-puit-tekstiil.html#primaryimage"},"thumbnailUrl":"https:\/\/www.versiegelung24.com\/wp-content\/uploads\/2020\/06\/produkt-4007-695-1000-Universalversiegelung-695-scaled.jpg","datePublished":"2021-08-02T19:29:48+00:00","dateModified":"2025-04-12T09:47:50+00:00","breadcrumb":{"@id":"https:\/\/www.versiegelung24.com\/et\/universaalne-tihend-695-pehmeks-imavateks-pindadeks-kivi-puit-tekstiil.html#breadcrumb"},"inLanguage":"et","potentialAction":[{"@type":"ReadAction","target":["https:\/\/www.versiegelung24.com\/et\/universaalne-tihend-695-pehmeks-imavateks-pindadeks-kivi-puit-tekstiil.html"]}]},{"@type":"ImageObject","inLanguage":"et","@id":"https:\/\/www.versiegelung24.com\/et\/universaalne-tihend-695-pehmeks-imavateks-pindadeks-kivi-puit-tekstiil.html#primaryimage","url":"https:\/\/www.versiegelung24.com\/wp-content\/uploads\/2020\/06\/produkt-4007-695-1000-Universalversiegelung-695-scaled.jpg","contentUrl":"https:\/\/www.versiegelung24.com\/wp-content\/uploads\/2020\/06\/produkt-4007-695-1000-Universalversiegelung-695-scaled.jpg","width":2560,"height":2560},{"@type":"BreadcrumbList","@id":"https:\/\/www.versiegelung24.com\/et\/universaalne-tihend-695-pehmeks-imavateks-pindadeks-kivi-puit-tekstiil.html#breadcrumb","itemListElement":[{"@type":"ListItem","position":1,"name":"Koduleht","item":"https:\/\/www.versiegelung24.com\/et\/ees\/"},{"@type":"ListItem","position":2,"name":"Pood","item":"https:\/\/www.versiegelung24.com\/et\/pood\/"},{"@type":"ListItem","position":3,"name":"Universaalne tihend 695 pehmetele \/ imavatele pindadele (kivi +++, puit +++, tekstiil ++)"}]},{"@type":"WebSite","@id":"https:\/\/www.versiegelung24.com\/et\/#website","url":"https:\/\/www.versiegelung24.com\/et\/","name":"versiegelung24.com","description":"Fl\u00fcssigglas-Versiegelung - Made in Germany","publisher":{"@id":"https:\/\/www.versiegelung24.com\/et\/#organization"},"potentialAction":[{"@type":"SearchAction","target":{"@type":"EntryPoint","urlTemplate":"https:\/\/www.versiegelung24.com\/et\/?s={search_term_string}"},"query-input":{"@type":"PropertyValueSpecification","valueRequired":true,"valueName":"search_term_string"}}],"inLanguage":"et"},{"@type":"Organization","@id":"https:\/\/www.versiegelung24.com\/et\/#organization","name":"versiegelung24","url":"https:\/\/www.versiegelung24.com\/et\/","logo":{"@type":"ImageObject","inLanguage":"et","@id":"https:\/\/www.versiegelung24.com\/et\/#\/schema\/logo\/image\/","url":"https:\/\/www.versiegelung24.com\/wp-content\/uploads\/2020\/04\/versiegelung24.png","contentUrl":"https:\/\/www.versiegelung24.com\/wp-content\/uploads\/2020\/04\/versiegelung24.png","width":470,"height":102,"caption":"versiegelung24"},"image":{"@id":"https:\/\/www.versiegelung24.com\/et\/#\/schema\/logo\/image\/"}}]},"og_availability":"instock","product_availability":"instock","product_retailer_item_id":"4007-695","product_condition":"new"},"_links":{"self":[{"href":"https:\/\/www.versiegelung24.com\/et\/wp-json\/wp\/v2\/product\/23266","targetHints":{"allow":["GET"]}}],"collection":[{"href":"https:\/\/www.versiegelung24.com\/et\/wp-json\/wp\/v2\/product"}],"about":[{"href":"https:\/\/www.versiegelung24.com\/et\/wp-json\/wp\/v2\/types\/product"}],"version-history":[{"count":25,"href":"https:\/\/www.versiegelung24.com\/et\/wp-json\/wp\/v2\/product\/23266\/revisions"}],"predecessor-version":[{"id":181430,"href":"https:\/\/www.versiegelung24.com\/et\/wp-json\/wp\/v2\/product\/23266\/revisions\/181430"}],"wp:featuredmedia":[{"embeddable":true,"href":"https:\/\/www.versiegelung24.com\/et\/wp-json\/wp\/v2\/media\/18312"}],"wp:attachment":[{"href":"https:\/\/www.versiegelung24.com\/et\/wp-json\/wp\/v2\/media?parent=23266"}],"wp:term":[{"taxonomy":"product_brand","embeddable":true,"href":"https:\/\/www.versiegelung24.com\/et\/wp-json\/wp\/v2\/product_brand?post=23266"},{"taxonomy":"product_cat","embeddable":true,"href":"https:\/\/www.versiegelung24.com\/et\/wp-json\/wp\/v2\/product_cat?post=23266"},{"taxonomy":"product_tag","embeddable":true,"href":"https:\/\/www.versiegelung24.com\/et\/wp-json\/wp\/v2\/product_tag?post=23266"}],"curies":[{"name":"wp","href":"https:\/\/api.w.org\/{rel}","templated":true}]}}