{"id":23377,"date":"2020-04-04T18:53:17","date_gmt":"2021-08-02T19:33:34","guid":{"rendered":"https:\/\/www.versiegelung24.com\/produkt\/5-liitrit-bacoban-kontsentraati-500-liitri-pinna-pikaajaliseks-desinfitseerimiseks"},"modified":"2025-01-13T16:36:31","modified_gmt":"2025-01-13T15:36:31","slug":"bacoban-pikaajaline-pinna-desinfitseerimine-5-000ml-veepohine-kontsentraat","status":"publish","type":"product","link":"https:\/\/www.versiegelung24.com\/et\/bacoban-pikaajaline-pinna-desinfitseerimine-5-000ml-veepohine-kontsentraat.html","title":{"rendered":"5 liitrit BACOBAN\u00ae kontsentraati 500 liitri pinna pikaajaliseks desinfitseerimiseks"},"content":{"rendered":"\n<h2 class=\"wp-block-heading\" id=\"h-5-liter-kanister-bacoban-langzeit-flachendesinfektion-konzentrat\">5-liitrine kanister BACOBAN\u00ae pikaajaline pinna desinfitseerimiskontsentraat<\/h2>\n\n<p><strong>Piisab 500 liitrist desinfitseerimisvahendist (lahjendatakse veega 1: 100)<\/strong><\/p>\n\n<p><strong>Kasutage hoolikalt desinfektsioonivahendeid. Enne kasutamist lugege alati etiketti ja tooteteavet.<\/strong><\/p>\n\n<hr \/>\n\n<h4 class=\"wp-block-heading\" id=\"properties\">Toote omadused<\/h4>\n\n<p><br \/>K<strong>oostis:<\/strong> 100 g lahust sisaldab:<br \/>Koostisosad vastavalt m\u00e4\u00e4rusele (E\u00dc) nr 648\/2004: 15 % ja rohkem, kuid v\u00e4hem kui 30 % kationilisi pindaktiivseid aineid, desinfitseerimisvahendid, l\u00f5hnaained (linalool, limoneen, tsitraal, geraniool, tsitronellool), l\u00f5hnaaine (linalool, limoneen, tsitraal, geraniool, tsitronellool).<\/p>\n<div class=\"wp-block-image\">\n<figure class=\"aligncenter size-large is-resized\"><img decoding=\"async\" src=\"https:\/\/www.versiegelung24.com\/wp-content\/uploads\/2022\/01\/desinfektion_tisch-1300x260.jpg\" alt=\"\" class=\"wp-image-59386\" width=\"1500\" srcset=\"https:\/\/www.versiegelung24.com\/wp-content\/uploads\/2022\/01\/desinfektion_tisch-1300x260.jpg 1300w, https:\/\/www.versiegelung24.com\/wp-content\/uploads\/2022\/01\/desinfektion_tisch-300x60.jpg 300w, https:\/\/www.versiegelung24.com\/wp-content\/uploads\/2022\/01\/desinfektion_tisch-768x154.jpg 768w, https:\/\/www.versiegelung24.com\/wp-content\/uploads\/2022\/01\/desinfektion_tisch-600x120.jpg 600w, https:\/\/www.versiegelung24.com\/wp-content\/uploads\/2022\/01\/desinfektion_tisch.jpg 1500w\" sizes=\"(max-width: 1300px) 100vw, 1300px\" \/><\/figure>\n<\/div>\n<hr \/>\n\n<h4 class=\"wp-block-heading\" id=\"application\">Taotlus<\/h4>\n\n<p>V\u00e4lja<strong> Bacoban<\/strong><sup> \u00ae<\/sup><strong> WB<\/strong> Valmistage kasutusvalmis lahus vastavalt segamistabelile ja m\u00e4rkige pinnad piisavalt. \u00c4rge loputage ega h\u00f5\u00f5ruge kuivaks. V\u00e4rskelt valmistatud t\u00f6\u00f6lahuse ooteaeg: 8 tundi<\/p>\n\n<figure class=\"wp-block-table\"><table><tbody><tr><td>Segamislaud<\/td><\/tr><tr><td>L\u00f5plik maht<\/td><td>0,5 %<\/td><td>1 %<\/td><td>2 %<\/td><td>3 %<\/td><\/tr><tr><td>1 liiter<\/td><td>5 ml<\/td><td>10 ml<\/td><td>20 ml<\/td><td>30 ml<\/td><\/tr><tr><td>2 liitrit<\/td><td>10 ml<\/td><td>20 ml<\/td><td>40 ml<\/td><td>60 ml<\/td><\/tr><tr><td>4 liitrit<\/td><td>20 ml<\/td><td>40 ml<\/td><td>80 ml<\/td><td>120 ml<\/td><\/tr><tr><td>8 liitrit<\/td><td>40 ml<\/td><td>80 ml<\/td><td>160 ml<\/td><td>240 ml<\/td><\/tr><tr><td>10 liitrit<\/td><td>50 ml<\/td><td>100 ml<\/td><td>200 ml<\/td><td>300 ml<\/td><\/tr><\/tbody><\/table><figcaption>segamislaud<\/figcaption><\/figure>\n\n<p><br \/>P\u00fcsiv antimikroobne toime <strong>(remanentsuse efekt)<\/strong> kuni <strong>10 p\u00e4eva<\/strong> (testitud vastavalt ASTM E 2180). Dermatoloogiliselt testitud (* 1% juures): v\u00e4ga hea nahasobivus.<\/p>\n\n<p><strong>T\u00f5husus ja annus:<\/strong><\/p>\n\n<div class=\"wp-block-columns is-layout-flex wp-container-core-columns-is-layout-9d6595d7 wp-block-columns-is-layout-flex\">\n<div class=\"wp-block-column is-layout-flow wp-block-column-is-layout-flow\">\n<p><br \/><br \/><br \/><br \/><br \/>Katsetamine vastavalt DGHM suunistele (k\u00f5rge orgaaniline koormus): 1,5 %, 15 min; 2,0 %, 5 min. Katsetamine vastavalt EN suunistele: DIN EN 1040: 0,25 %, 5 min. DIN EN 1275: 0,25 %, 5 min. DIN EN 1276: 0,75 %, 5 min.\/0,50 %, 15 min.<\/p>\n<\/div>\n\n\n\n<div class=\"wp-block-column is-layout-flow wp-block-column-is-layout-flow\">\n<p><br \/><br \/>DIN EN 1650: 0,50 %, 5 min\/0,25 %, 15 min DIN EN 13697: 0,50 %, 15 min EN 13727:<br \/><br \/><br \/><br \/>1 %, 5 min. EN 13624: 1 %, 5 min. DIN EN 14561: 3 % 5 min, 0,5 % 60 min DIN EN 14562: 0,5 % 60 min Katsetamine vastavalt DVV suunistele: *piiratud viirust\u00f5rje; 1,0 %; 5 min. (HIV, HBV, HCV, herpes, gripp, ka linnugripp, BVDV, vaktsiin), rotaviirus: 0,1 %, 5 min., adenoviirus: 2,0 %, 240 min.<\/p>\n<\/div>\n<\/div>\n\n<p><strong>P\u00fcsiv antimikroobne toime kuni 10 p\u00e4eva<\/strong> (testitud ASTM E 2180 alusel)<\/p>\n\n<p><br \/>O<strong>luline!<\/strong><sup>Bacoban\u00aeWB<\/sup>pikaajaline antimikroobne toime ei tohi viia vajalike desinfitseerimismeetmete v\u00f5tmata j\u00e4tmiseni n\u00e4htava ja\/v\u00f5i k\u00fcsitava saastatuse korral!<\/p>\n<div class=\"wp-block-image\">\n<figure class=\"aligncenter size-large is-resized\"><img decoding=\"async\" src=\"https:\/\/www.versiegelung24.com\/wp-content\/uploads\/2022\/01\/tuere_viren-1300x260.jpg\" alt=\"\" class=\"wp-image-59414\" width=\"1500\" srcset=\"https:\/\/www.versiegelung24.com\/wp-content\/uploads\/2022\/01\/tuere_viren-1300x260.jpg 1300w, https:\/\/www.versiegelung24.com\/wp-content\/uploads\/2022\/01\/tuere_viren-300x60.jpg 300w, https:\/\/www.versiegelung24.com\/wp-content\/uploads\/2022\/01\/tuere_viren-768x154.jpg 768w, https:\/\/www.versiegelung24.com\/wp-content\/uploads\/2022\/01\/tuere_viren-600x120.jpg 600w, https:\/\/www.versiegelung24.com\/wp-content\/uploads\/2022\/01\/tuere_viren.jpg 1500w\" sizes=\"(max-width: 1300px) 100vw, 1300px\" \/><\/figure>\n<\/div>\n<hr \/>\n\n<h4 class=\"wp-block-heading\" id=\"advisor\">N\u00f5ustaja<\/h4>\n\n<p><br \/>O<strong>hutusalane teave:<\/strong> T\u00f6\u00f6andjate vastutuskindlustusliit n\u00e4eb ette, et desinfitseerimisvahendite k\u00e4sitsemisel tuleb kanda kindaid. Allaneelamisel kahjulik. P\u00f5hjustab t\u00f5siseid nahap\u00f5letusi ja silmakahjustusi. V\u00e4ga m\u00fcrgine veeorganismidele. M\u00fcrgine veeorganismidele, pikaajalise m\u00f5juga. \u00c4rge s\u00f6\u00f6ge, jooge ega suitsetage toote kasutamise ajal. KUI N\u00c4\u00c4LITUD: loputage suu v\u00e4lja. \u00c4RGE kutsuge esile oksendamist. KOKKUV\u00d5IMETUSE KORRALDAMINE NAHA (v\u00f5i juustega): Eemaldage kohe k\u00f5ik saastunud riided. Loputage nahka veega\/du\u0161iga. Silmadesse sattumisel: loputada ettevaatlikult veega mitu minutit. V\u00f5imaluse korral eemaldage olemasolevad kontaktl\u00e4\u00e4tsed. J\u00e4tkake loputamist. Helistage viivitamatult M\u00dcRGISTUSKESKUSSE v\u00f5i arsti juurde. Kui on vaja meditsiinilist n\u00f5uannet, hoidke pakend v\u00f5i etikett valmis. <br \/>Hoida lastele k\u00e4ttesaamatus kohas. Kasutada ainult koos veega ja vastavalt segamistabelile. Mitte kasutada koos teiste puhastus- v\u00f5i desinfitseerimisvahenditega.<\/p>\n\n<div class=\"wp-block-columns is-layout-flex wp-container-core-columns-is-layout-9d6595d7 wp-block-columns-is-layout-flex\">\n<div class=\"wp-block-column is-layout-flow wp-block-column-is-layout-flow\">\n<p>V\u00f5ib kasutada k\u00f5ikidel pindadel. Kahtlaselt <strong>tundlike pindade puhul soovitame teha takistustesti<\/strong> silmapaistmatul alal. S\u00e4ilitada ainult suletud mahutis. Hoida jahedas ja kuivas kohas.<\/p>\n<\/div>\n\n\n\n<div class=\"wp-block-column is-layout-flow wp-block-column-is-layout-flow\">\n<p><strong>Konteinerit saab taaskasutada ainult siis, kui see on t\u00e4iesti t\u00fchi.<\/strong> \u00c4rge kasutage p\u00e4rast k\u00f5lblikkusaja l\u00f5ppu. H\u00e4vitage vastavalt kohalikele ja ametlikele eeskirjadele.<\/p>\n<\/div>\n<\/div>\n\n<p>Biotsiidi reg nr: N-28795 (D). 263\/17\/L (Lu)<\/p>\n\n<p>Segamistabelile vastav <strong>kasutusvalmis<\/strong> lahus ei vaja ohus\u00fcmbolit.<\/p>\n","protected":false},"excerpt":{"rendered":"<p><strong>Kontsentraat 500 liitrile veep\u00f5hisele desinfitseerimisvahendile.<\/strong><\/p>\n","protected":false},"featured_media":15382,"template":"","meta":{"_acf_changed":false,"neve_meta_sidebar":"","neve_meta_container":"","neve_meta_enable_content_width":"","neve_meta_content_width":0,"neve_meta_title_alignment":"","neve_meta_author_avatar":"","neve_post_elements_order":"","neve_meta_disable_header":"","neve_meta_disable_footer":"","neve_meta_disable_title":"","neve_meta_reading_time":"","_surfaces":[],"_ver_product_tabs":[],"footnotes":""},"product_brand":[],"product_cat":[2254,2363,2364],"product_tag":[],"class_list":{"0":"post-23377","1":"product","2":"type-product","3":"status-publish","4":"has-post-thumbnail","6":"product_cat-desinfektsioonivahendid","7":"product_cat-pindade-desinfitseerimisvahendid","8":"product_cat-desinfitseerivad-kontsentraadid","10":"first","11":"instock","12":"taxable","13":"shipping-taxable","14":"purchasable","15":"product-type-simple"},"acf":[],"yoast_head":"<!-- This site is optimized with the Yoast SEO Premium plugin v22.8 (Yoast SEO v27.5) - https:\/\/yoast.com\/product\/yoast-seo-premium-wordpress\/ -->\n<title>5 liitrit BACOBAN\u00ae kontsentraati 500 liitri pinna pikaajaliseks desinfitseerimiseks - versiegelung24.com<\/title>\n<meta name=\"robots\" content=\"index, follow, max-snippet:-1, max-image-preview:large, max-video-preview:-1\" \/>\n<link rel=\"canonical\" href=\"https:\/\/www.versiegelung24.com\/et\/bacoban-pikaajaline-pinna-desinfitseerimine-5-000ml-veepohine-kontsentraat.html\" \/>\n<meta property=\"og:locale\" content=\"et_EE\" \/>\n<meta property=\"og:type\" content=\"article\" \/>\n<meta property=\"og:title\" content=\"5 liitrit BACOBAN\u00ae kontsentraati 500 liitri pinna pikaajaliseks desinfitseerimiseks\" \/>\n<meta property=\"og:description\" content=\"Kontsentraat 500 liitrile veep\u00f5hisele desinfitseerimisvahendile.\" \/>\n<meta property=\"og:url\" content=\"https:\/\/www.versiegelung24.com\/et\/bacoban-pikaajaline-pinna-desinfitseerimine-5-000ml-veepohine-kontsentraat.html\" \/>\n<meta property=\"og:site_name\" content=\"versiegelung24.com\" \/>\n<meta property=\"article:modified_time\" content=\"2025-01-13T15:36:31+00:00\" \/>\n<meta property=\"og:image\" content=\"https:\/\/www.versiegelung24.com\/wp-content\/uploads\/2020\/05\/bacoban-bacwb5-1.png\" \/>\n\t<meta property=\"og:image:width\" content=\"2000\" \/>\n\t<meta property=\"og:image:height\" content=\"2000\" \/>\n\t<meta property=\"og:image:type\" content=\"image\/png\" \/>\n<meta name=\"twitter:card\" content=\"summary_large_image\" \/>\n<meta name=\"twitter:label1\" content=\"Price\" \/>\n\t<meta name=\"twitter:data1\" content=\"399,00&euro;\" \/>\n\t<meta name=\"twitter:label2\" content=\"Availability\" \/>\n\t<meta name=\"twitter:data2\" content=\"In stock\" \/>\n<script type=\"application\/ld+json\" class=\"yoast-schema-graph\">{\"@context\":\"https:\\\/\\\/schema.org\",\"@graph\":[{\"@type\":\"WebPage\",\"@id\":\"https:\\\/\\\/www.versiegelung24.com\\\/et\\\/bacoban-pikaajaline-pinna-desinfitseerimine-5-000ml-veepohine-kontsentraat.html\",\"url\":\"https:\\\/\\\/www.versiegelung24.com\\\/et\\\/bacoban-pikaajaline-pinna-desinfitseerimine-5-000ml-veepohine-kontsentraat.html\",\"name\":\"5 liitrit BACOBAN\u00ae kontsentraati 500 liitri pinna pikaajaliseks desinfitseerimiseks - versiegelung24.com\",\"isPartOf\":{\"@id\":\"https:\\\/\\\/www.versiegelung24.com\\\/et\\\/#website\"},\"primaryImageOfPage\":{\"@id\":\"https:\\\/\\\/www.versiegelung24.com\\\/et\\\/bacoban-pikaajaline-pinna-desinfitseerimine-5-000ml-veepohine-kontsentraat.html#primaryimage\"},\"image\":{\"@id\":\"https:\\\/\\\/www.versiegelung24.com\\\/et\\\/bacoban-pikaajaline-pinna-desinfitseerimine-5-000ml-veepohine-kontsentraat.html#primaryimage\"},\"thumbnailUrl\":\"https:\\\/\\\/www.versiegelung24.com\\\/wp-content\\\/uploads\\\/2020\\\/05\\\/bacoban-bacwb5-1.png\",\"datePublished\":\"2021-08-02T19:33:34+00:00\",\"dateModified\":\"2025-01-13T15:36:31+00:00\",\"breadcrumb\":{\"@id\":\"https:\\\/\\\/www.versiegelung24.com\\\/et\\\/bacoban-pikaajaline-pinna-desinfitseerimine-5-000ml-veepohine-kontsentraat.html#breadcrumb\"},\"inLanguage\":\"et\",\"potentialAction\":[{\"@type\":\"ReadAction\",\"target\":[\"https:\\\/\\\/www.versiegelung24.com\\\/et\\\/bacoban-pikaajaline-pinna-desinfitseerimine-5-000ml-veepohine-kontsentraat.html\"]}]},{\"@type\":\"ImageObject\",\"inLanguage\":\"et\",\"@id\":\"https:\\\/\\\/www.versiegelung24.com\\\/et\\\/bacoban-pikaajaline-pinna-desinfitseerimine-5-000ml-veepohine-kontsentraat.html#primaryimage\",\"url\":\"https:\\\/\\\/www.versiegelung24.com\\\/wp-content\\\/uploads\\\/2020\\\/05\\\/bacoban-bacwb5-1.png\",\"contentUrl\":\"https:\\\/\\\/www.versiegelung24.com\\\/wp-content\\\/uploads\\\/2020\\\/05\\\/bacoban-bacwb5-1.png\",\"width\":2000,\"height\":2000},{\"@type\":\"BreadcrumbList\",\"@id\":\"https:\\\/\\\/www.versiegelung24.com\\\/et\\\/bacoban-pikaajaline-pinna-desinfitseerimine-5-000ml-veepohine-kontsentraat.html#breadcrumb\",\"itemListElement\":[{\"@type\":\"ListItem\",\"position\":1,\"name\":\"Koduleht\",\"item\":\"https:\\\/\\\/www.versiegelung24.com\\\/et\\\/ees\\\/\"},{\"@type\":\"ListItem\",\"position\":2,\"name\":\"Pood\",\"item\":\"https:\\\/\\\/www.versiegelung24.com\\\/et\\\/pood\\\/\"},{\"@type\":\"ListItem\",\"position\":3,\"name\":\"5 liitrit BACOBAN\u00ae kontsentraati 500 liitri pinna pikaajaliseks desinfitseerimiseks\"}]},{\"@type\":\"WebSite\",\"@id\":\"https:\\\/\\\/www.versiegelung24.com\\\/et\\\/#website\",\"url\":\"https:\\\/\\\/www.versiegelung24.com\\\/et\\\/\",\"name\":\"versiegelung24.com\",\"description\":\"Fl\u00fcssigglas-Versiegelung - Made in Germany\",\"publisher\":{\"@id\":\"https:\\\/\\\/www.versiegelung24.com\\\/et\\\/#organization\"},\"potentialAction\":[{\"@type\":\"SearchAction\",\"target\":{\"@type\":\"EntryPoint\",\"urlTemplate\":\"https:\\\/\\\/www.versiegelung24.com\\\/et\\\/?s={search_term_string}\"},\"query-input\":{\"@type\":\"PropertyValueSpecification\",\"valueRequired\":true,\"valueName\":\"search_term_string\"}}],\"inLanguage\":\"et\"},{\"@type\":\"Organization\",\"@id\":\"https:\\\/\\\/www.versiegelung24.com\\\/et\\\/#organization\",\"name\":\"versiegelung24\",\"url\":\"https:\\\/\\\/www.versiegelung24.com\\\/et\\\/\",\"logo\":{\"@type\":\"ImageObject\",\"inLanguage\":\"et\",\"@id\":\"https:\\\/\\\/www.versiegelung24.com\\\/et\\\/#\\\/schema\\\/logo\\\/image\\\/\",\"url\":\"https:\\\/\\\/www.versiegelung24.com\\\/wp-content\\\/uploads\\\/2020\\\/04\\\/versiegelung24.png\",\"contentUrl\":\"https:\\\/\\\/www.versiegelung24.com\\\/wp-content\\\/uploads\\\/2020\\\/04\\\/versiegelung24.png\",\"width\":470,\"height\":102,\"caption\":\"versiegelung24\"},\"image\":{\"@id\":\"https:\\\/\\\/www.versiegelung24.com\\\/et\\\/#\\\/schema\\\/logo\\\/image\\\/\"}}]}<\/script>\n<meta property=\"product:price:amount\" content=\"399.00\" \/>\n<meta property=\"product:price:currency\" content=\"EUR\" \/>\n<meta property=\"og:availability\" content=\"instock\" \/>\n<meta property=\"product:availability\" content=\"instock\" \/>\n<meta property=\"product:retailer_item_id\" content=\"BACWB5\" \/>\n<meta property=\"product:condition\" content=\"new\" \/>\n<!-- \/ Yoast SEO Premium plugin. -->","yoast_head_json":{"title":"5 liitrit BACOBAN\u00ae kontsentraati 500 liitri pinna pikaajaliseks desinfitseerimiseks - versiegelung24.com","robots":{"index":"index","follow":"follow","max-snippet":"max-snippet:-1","max-image-preview":"max-image-preview:large","max-video-preview":"max-video-preview:-1"},"canonical":"https:\/\/www.versiegelung24.com\/et\/bacoban-pikaajaline-pinna-desinfitseerimine-5-000ml-veepohine-kontsentraat.html","og_locale":"et_EE","og_type":"article","og_title":"5 liitrit BACOBAN\u00ae kontsentraati 500 liitri pinna pikaajaliseks desinfitseerimiseks","og_description":"Kontsentraat 500 liitrile veep\u00f5hisele desinfitseerimisvahendile.","og_url":"https:\/\/www.versiegelung24.com\/et\/bacoban-pikaajaline-pinna-desinfitseerimine-5-000ml-veepohine-kontsentraat.html","og_site_name":"versiegelung24.com","article_modified_time":"2025-01-13T15:36:31+00:00","og_image":[{"width":2000,"height":2000,"url":"https:\/\/www.versiegelung24.com\/wp-content\/uploads\/2020\/05\/bacoban-bacwb5-1.png","type":"image\/png"}],"twitter_card":"summary_large_image","twitter_misc":{"Price":"399,00&euro;","Availability":"In stock"},"schema":{"@context":"https:\/\/schema.org","@graph":[{"@type":"WebPage","@id":"https:\/\/www.versiegelung24.com\/et\/bacoban-pikaajaline-pinna-desinfitseerimine-5-000ml-veepohine-kontsentraat.html","url":"https:\/\/www.versiegelung24.com\/et\/bacoban-pikaajaline-pinna-desinfitseerimine-5-000ml-veepohine-kontsentraat.html","name":"5 liitrit BACOBAN\u00ae kontsentraati 500 liitri pinna pikaajaliseks desinfitseerimiseks - versiegelung24.com","isPartOf":{"@id":"https:\/\/www.versiegelung24.com\/et\/#website"},"primaryImageOfPage":{"@id":"https:\/\/www.versiegelung24.com\/et\/bacoban-pikaajaline-pinna-desinfitseerimine-5-000ml-veepohine-kontsentraat.html#primaryimage"},"image":{"@id":"https:\/\/www.versiegelung24.com\/et\/bacoban-pikaajaline-pinna-desinfitseerimine-5-000ml-veepohine-kontsentraat.html#primaryimage"},"thumbnailUrl":"https:\/\/www.versiegelung24.com\/wp-content\/uploads\/2020\/05\/bacoban-bacwb5-1.png","datePublished":"2021-08-02T19:33:34+00:00","dateModified":"2025-01-13T15:36:31+00:00","breadcrumb":{"@id":"https:\/\/www.versiegelung24.com\/et\/bacoban-pikaajaline-pinna-desinfitseerimine-5-000ml-veepohine-kontsentraat.html#breadcrumb"},"inLanguage":"et","potentialAction":[{"@type":"ReadAction","target":["https:\/\/www.versiegelung24.com\/et\/bacoban-pikaajaline-pinna-desinfitseerimine-5-000ml-veepohine-kontsentraat.html"]}]},{"@type":"ImageObject","inLanguage":"et","@id":"https:\/\/www.versiegelung24.com\/et\/bacoban-pikaajaline-pinna-desinfitseerimine-5-000ml-veepohine-kontsentraat.html#primaryimage","url":"https:\/\/www.versiegelung24.com\/wp-content\/uploads\/2020\/05\/bacoban-bacwb5-1.png","contentUrl":"https:\/\/www.versiegelung24.com\/wp-content\/uploads\/2020\/05\/bacoban-bacwb5-1.png","width":2000,"height":2000},{"@type":"BreadcrumbList","@id":"https:\/\/www.versiegelung24.com\/et\/bacoban-pikaajaline-pinna-desinfitseerimine-5-000ml-veepohine-kontsentraat.html#breadcrumb","itemListElement":[{"@type":"ListItem","position":1,"name":"Koduleht","item":"https:\/\/www.versiegelung24.com\/et\/ees\/"},{"@type":"ListItem","position":2,"name":"Pood","item":"https:\/\/www.versiegelung24.com\/et\/pood\/"},{"@type":"ListItem","position":3,"name":"5 liitrit BACOBAN\u00ae kontsentraati 500 liitri pinna pikaajaliseks desinfitseerimiseks"}]},{"@type":"WebSite","@id":"https:\/\/www.versiegelung24.com\/et\/#website","url":"https:\/\/www.versiegelung24.com\/et\/","name":"versiegelung24.com","description":"Fl\u00fcssigglas-Versiegelung - Made in Germany","publisher":{"@id":"https:\/\/www.versiegelung24.com\/et\/#organization"},"potentialAction":[{"@type":"SearchAction","target":{"@type":"EntryPoint","urlTemplate":"https:\/\/www.versiegelung24.com\/et\/?s={search_term_string}"},"query-input":{"@type":"PropertyValueSpecification","valueRequired":true,"valueName":"search_term_string"}}],"inLanguage":"et"},{"@type":"Organization","@id":"https:\/\/www.versiegelung24.com\/et\/#organization","name":"versiegelung24","url":"https:\/\/www.versiegelung24.com\/et\/","logo":{"@type":"ImageObject","inLanguage":"et","@id":"https:\/\/www.versiegelung24.com\/et\/#\/schema\/logo\/image\/","url":"https:\/\/www.versiegelung24.com\/wp-content\/uploads\/2020\/04\/versiegelung24.png","contentUrl":"https:\/\/www.versiegelung24.com\/wp-content\/uploads\/2020\/04\/versiegelung24.png","width":470,"height":102,"caption":"versiegelung24"},"image":{"@id":"https:\/\/www.versiegelung24.com\/et\/#\/schema\/logo\/image\/"}}]},"product_price_amount":"399.00","product_price_currency":"EUR","og_availability":"instock","product_availability":"instock","product_retailer_item_id":"BACWB5","product_condition":"new"},"_links":{"self":[{"href":"https:\/\/www.versiegelung24.com\/et\/wp-json\/wp\/v2\/product\/23377","targetHints":{"allow":["GET"]}}],"collection":[{"href":"https:\/\/www.versiegelung24.com\/et\/wp-json\/wp\/v2\/product"}],"about":[{"href":"https:\/\/www.versiegelung24.com\/et\/wp-json\/wp\/v2\/types\/product"}],"version-history":[{"count":25,"href":"https:\/\/www.versiegelung24.com\/et\/wp-json\/wp\/v2\/product\/23377\/revisions"}],"predecessor-version":[{"id":180503,"href":"https:\/\/www.versiegelung24.com\/et\/wp-json\/wp\/v2\/product\/23377\/revisions\/180503"}],"wp:featuredmedia":[{"embeddable":true,"href":"https:\/\/www.versiegelung24.com\/et\/wp-json\/wp\/v2\/media\/15382"}],"wp:attachment":[{"href":"https:\/\/www.versiegelung24.com\/et\/wp-json\/wp\/v2\/media?parent=23377"}],"wp:term":[{"taxonomy":"product_brand","embeddable":true,"href":"https:\/\/www.versiegelung24.com\/et\/wp-json\/wp\/v2\/product_brand?post=23377"},{"taxonomy":"product_cat","embeddable":true,"href":"https:\/\/www.versiegelung24.com\/et\/wp-json\/wp\/v2\/product_cat?post=23377"},{"taxonomy":"product_tag","embeddable":true,"href":"https:\/\/www.versiegelung24.com\/et\/wp-json\/wp\/v2\/product_tag?post=23377"}],"curies":[{"name":"wp","href":"https:\/\/api.w.org\/{rel}","templated":true}]}}