{"id":23436,"date":"2020-04-04T18:53:44","date_gmt":"2021-08-02T19:36:42","guid":{"rendered":"https:\/\/www.versiegelung24.com\/produkt\/auto-varv-ja-velgede-tihendus"},"modified":"2025-01-03T23:48:01","modified_gmt":"2025-01-03T22:48:01","slug":"autode-varvimine-ja-velgede-tihendus","status":"publish","type":"product","link":"https:\/\/www.versiegelung24.com\/et\/autovaervi-ja-velgede-tihendamine.html","title":{"rendered":"Auto v\u00e4rv ja velgede tihendus"},"content":{"rendered":"\n<p><strong>*** Uus tooteversioon t\u00e4iustatud efektiga *** <\/strong><\/p>\n\n<p><strong>V\u00e4ga t\u00f5hus professionaalne kaitsetihend autov\u00e4rvidele ja lootoseefektiga alumiiniumvelgedele (vetth\u00fclgav)<\/strong><\/p>\n\n<p>Artikli number: 2003-7656<\/p>\n\n<p>K\u00f5rge kvaliteet Valmistatud Saksamaal.<\/p>\n\n<p>Plastikust, v\u00e4rvitud pindadel, roostevabast terasest ja metallist siledad pinnad on h\u00fcdrofoobse ja oleofoobse toimega ning mustuseosakesed nagu rasv, \u00f5lised ained, katlakivi ja keskkonnasaastest tulenevad ained nakkuvad v\u00e4hem v\u00f5i on kergesti eemaldatavad kattest, st kasutamata. abrasiivid (&#8220;lihtne puhastada&#8221;)<\/p>\n\n<hr\/>\n\n<h4 class=\"wp-block-heading\" id=\"properties\">Toote omadused<\/h4>\n\n<div class=\"wp-block-columns is-layout-flex wp-container-core-columns-is-layout-9d6595d7 wp-block-columns-is-layout-flex\">\n<div class=\"wp-block-column is-layout-flow wp-block-column-is-layout-flow\">\n<ul class=\"wp-block-list\">\n<li>Silmapaistev kergesti puhastatav efekt mustuse nakkumiseks<\/li>\n\n\n\n<li>Autopuhastusvahenditele vastupidav kemikaal (kuni pH 12)<\/li>\n\n\n\n<li>H\u00fcdrofoobne ja oleofoobne toime (vett ja \u00f5li h\u00fclgav)<\/li>\n\n\n\n<li>V\u00e4ga k\u00f5rge kulumiskindlus t\u00e4nu SiO\u00b2 nanotehnoloogiale<\/li>\n\n\n\n<li>Lindude v\u00e4ljaheited, putukad ja muu mustus on kergemini eemaldatavad<\/li>\n\n\n\n<li>UV-stabiilne \/ k\u00fclmakindel \/ soolaveekindel \/ n\u00e4htamatu (kihi paksus: 100-150 nm)<\/li>\n\n\n\n<li>Kulude, aja ja energia kokkuhoid t\u00e4nu pikendatud puhastusts\u00fcklitele<\/li>\n<\/ul>\n<\/div>\n\n\n\n<div class=\"wp-block-column is-layout-flow wp-block-column-is-layout-flow\">\n<ul class=\"wp-block-list\">\n<li>Lihtne rakendus<\/li>\n\n\n\n<li>Hingav<\/li>\n\n\n\n<li>Tugevad mittenakkuvad omadused<\/li>\n\n\n\n<li>Vastupidavus: kuni 1 aasta (olenevalt kasutusest)<\/li>\n<\/ul>\n\n\n\n<p><br\/><br\/><br\/>Tarbimine: 1 liitriga saab tihendada kuni 200 m\u00b2 K\u00e4sitsi: 5-10 ml\/m\u00b2 T\u00f6\u00f6stuslik: 10-15 ml\/m\u00b2<\/p>\n\n\n\n<p><br\/><br\/>Tarne ulatus: 1 x liitrine pudel 1 x tootekirjeldus<\/p>\n<\/div>\n<\/div>\n\n<hr\/>\n\n<h4 class=\"wp-block-heading\" id=\"application\">Taotlus<\/h4>\n\n<div class=\"wp-block-columns is-layout-flex wp-container-core-columns-is-layout-9d6595d7 wp-block-columns-is-layout-flex\">\n<div class=\"wp-block-column is-layout-flow wp-block-column-is-layout-flow\">\n<ul class=\"wp-block-list\">\n<li>auto v\u00e4rv<\/li>\n\n\n\n<li>alumiiniumveljed<\/li>\n\n\n\n<li>V\u00e4rvitud veljed<\/li>\n\n\n\n<li>V\u00e4rvitud plastikust kinnitused (kaitserauad, k\u00fcnnised, spoilerid)<\/li>\n\n\n\n<li>Siledad plastpinnad<\/li>\n\n\n\n<li>roostevaba teras<\/li>\n\n\n\n<li>pleksiklaasist<\/li>\n\n\n\n<li>metallpinnad<\/li>\n<\/ul>\n\n\n\n<p>Kulu s\u00f5ltub pinna struktuurist ca 100-200m\u00b2\/l.<\/p>\n<\/div>\n\n\n\n<div class=\"wp-block-column is-layout-flow wp-block-column-is-layout-flow\">\n<p>Lihtne rakendada: <\/p>\n\n\n\n<p><br\/>1.k\u00e4sitsi: pealekandmine ringikujuliste liigutustega puhta paberi-, lina- v\u00f5i mikrokiudlapiga. 2.t\u00f6\u00f6stuslik: V\u00f5ib kasutada nii poleerimis- kui ka pihustuss\u00fcsteemides.<\/p>\n\n\n\n<p>See SiO2 kate on t\u00e4ielikult ristseotud ja k\u00f5venenud 24 tunni p\u00e4rast. Kergesti puhastatavat toimet saab esimest korda testida p\u00e4rast seda k\u00f5venemisfaasi.<\/p>\n<\/div>\n<\/div>\n","protected":false},"excerpt":{"rendered":"<p><strong>V\u00e4ga t\u00f5hus professionaalne kaitsetihend autov\u00e4rvidele ja alumiiniumvelgedele:<\/strong><\/p>\n<p>\u2713 lootoseefektiga (vett t\u00f5rjuv)<\/p>\n","protected":false},"featured_media":17859,"template":"","meta":{"_acf_changed":false,"neve_meta_sidebar":"","neve_meta_container":"","neve_meta_enable_content_width":"","neve_meta_content_width":0,"neve_meta_title_alignment":"","neve_meta_author_avatar":"","neve_post_elements_order":"","neve_meta_disable_header":"","neve_meta_disable_footer":"","neve_meta_disable_title":"","neve_meta_reading_time":"","_surfaces":[],"_ver_product_tabs":[],"footnotes":""},"product_brand":[],"product_cat":[2168],"product_tag":[],"class_list":{"0":"post-23436","1":"product","2":"type-product","3":"status-publish","4":"has-post-thumbnail","6":"product_cat-auto-tihendamine","8":"first","9":"instock","10":"taxable","11":"shipping-taxable","12":"purchasable","13":"product-type-simple"},"acf":[],"yoast_head":"<!-- This site is optimized with the Yoast SEO Premium plugin v22.8 (Yoast SEO v27.5) - https:\/\/yoast.com\/product\/yoast-seo-premium-wordpress\/ -->\n<title>Auto v\u00e4rv ja velgede tihendus - versiegelung24.com<\/title>\n<meta name=\"robots\" content=\"index, follow, max-snippet:-1, max-image-preview:large, max-video-preview:-1\" \/>\n<link rel=\"canonical\" href=\"https:\/\/www.versiegelung24.com\/et\/autovaervi-ja-velgede-tihendamine.html\" \/>\n<meta property=\"og:locale\" content=\"et_EE\" \/>\n<meta property=\"og:type\" content=\"article\" \/>\n<meta property=\"og:title\" content=\"Auto v\u00e4rv ja velgede tihendus\" \/>\n<meta property=\"og:description\" content=\"V\u00e4ga t\u00f5hus professionaalne kaitsetihend autov\u00e4rvidele ja alumiiniumvelgedele: \u2713 lootoseefektiga (vett t\u00f5rjuv)\" \/>\n<meta property=\"og:url\" content=\"https:\/\/www.versiegelung24.com\/et\/autovaervi-ja-velgede-tihendamine.html\" \/>\n<meta property=\"og:site_name\" content=\"versiegelung24.com\" \/>\n<meta property=\"article:modified_time\" content=\"2025-01-03T22:48:01+00:00\" \/>\n<meta property=\"og:image\" content=\"https:\/\/www.versiegelung24.com\/wp-content\/uploads\/2020\/06\/produkt-2003-7656-1000-Autolack-Felgenversiegelung-scaled.jpg\" \/>\n\t<meta property=\"og:image:width\" content=\"2560\" \/>\n\t<meta property=\"og:image:height\" content=\"2560\" \/>\n\t<meta property=\"og:image:type\" content=\"image\/jpeg\" \/>\n<meta name=\"twitter:card\" content=\"summary_large_image\" \/>\n<meta name=\"twitter:label1\" content=\"Price\" \/>\n\t<meta name=\"twitter:data1\" content=\"149,00&euro;\" \/>\n\t<meta name=\"twitter:label2\" content=\"Availability\" \/>\n\t<meta name=\"twitter:data2\" content=\"In stock\" \/>\n<script type=\"application\/ld+json\" class=\"yoast-schema-graph\">{\"@context\":\"https:\\\/\\\/schema.org\",\"@graph\":[{\"@type\":\"WebPage\",\"@id\":\"https:\\\/\\\/www.versiegelung24.com\\\/et\\\/autovaervi-ja-velgede-tihendamine.html\",\"url\":\"https:\\\/\\\/www.versiegelung24.com\\\/et\\\/autovaervi-ja-velgede-tihendamine.html\",\"name\":\"Auto v\u00e4rv ja velgede tihendus - versiegelung24.com\",\"isPartOf\":{\"@id\":\"https:\\\/\\\/www.versiegelung24.com\\\/et\\\/#website\"},\"primaryImageOfPage\":{\"@id\":\"https:\\\/\\\/www.versiegelung24.com\\\/et\\\/autovaervi-ja-velgede-tihendamine.html#primaryimage\"},\"image\":{\"@id\":\"https:\\\/\\\/www.versiegelung24.com\\\/et\\\/autovaervi-ja-velgede-tihendamine.html#primaryimage\"},\"thumbnailUrl\":\"https:\\\/\\\/www.versiegelung24.com\\\/wp-content\\\/uploads\\\/2020\\\/06\\\/produkt-2003-7656-1000-Autolack-Felgenversiegelung-scaled.jpg\",\"datePublished\":\"2021-08-02T19:36:42+00:00\",\"dateModified\":\"2025-01-03T22:48:01+00:00\",\"breadcrumb\":{\"@id\":\"https:\\\/\\\/www.versiegelung24.com\\\/et\\\/autovaervi-ja-velgede-tihendamine.html#breadcrumb\"},\"inLanguage\":\"et\",\"potentialAction\":[{\"@type\":\"ReadAction\",\"target\":[\"https:\\\/\\\/www.versiegelung24.com\\\/et\\\/autovaervi-ja-velgede-tihendamine.html\"]}]},{\"@type\":\"ImageObject\",\"inLanguage\":\"et\",\"@id\":\"https:\\\/\\\/www.versiegelung24.com\\\/et\\\/autovaervi-ja-velgede-tihendamine.html#primaryimage\",\"url\":\"https:\\\/\\\/www.versiegelung24.com\\\/wp-content\\\/uploads\\\/2020\\\/06\\\/produkt-2003-7656-1000-Autolack-Felgenversiegelung-scaled.jpg\",\"contentUrl\":\"https:\\\/\\\/www.versiegelung24.com\\\/wp-content\\\/uploads\\\/2020\\\/06\\\/produkt-2003-7656-1000-Autolack-Felgenversiegelung-scaled.jpg\",\"width\":2560,\"height\":2560},{\"@type\":\"BreadcrumbList\",\"@id\":\"https:\\\/\\\/www.versiegelung24.com\\\/et\\\/autovaervi-ja-velgede-tihendamine.html#breadcrumb\",\"itemListElement\":[{\"@type\":\"ListItem\",\"position\":1,\"name\":\"Koduleht\",\"item\":\"https:\\\/\\\/www.versiegelung24.com\\\/et\\\/ees\\\/\"},{\"@type\":\"ListItem\",\"position\":2,\"name\":\"Pood\",\"item\":\"https:\\\/\\\/www.versiegelung24.com\\\/et\\\/pood\\\/\"},{\"@type\":\"ListItem\",\"position\":3,\"name\":\"Auto v\u00e4rv ja velgede tihendus\"}]},{\"@type\":\"WebSite\",\"@id\":\"https:\\\/\\\/www.versiegelung24.com\\\/et\\\/#website\",\"url\":\"https:\\\/\\\/www.versiegelung24.com\\\/et\\\/\",\"name\":\"versiegelung24.com\",\"description\":\"Fl\u00fcssigglas-Versiegelung - Made in Germany\",\"publisher\":{\"@id\":\"https:\\\/\\\/www.versiegelung24.com\\\/et\\\/#organization\"},\"potentialAction\":[{\"@type\":\"SearchAction\",\"target\":{\"@type\":\"EntryPoint\",\"urlTemplate\":\"https:\\\/\\\/www.versiegelung24.com\\\/et\\\/?s={search_term_string}\"},\"query-input\":{\"@type\":\"PropertyValueSpecification\",\"valueRequired\":true,\"valueName\":\"search_term_string\"}}],\"inLanguage\":\"et\"},{\"@type\":\"Organization\",\"@id\":\"https:\\\/\\\/www.versiegelung24.com\\\/et\\\/#organization\",\"name\":\"versiegelung24\",\"url\":\"https:\\\/\\\/www.versiegelung24.com\\\/et\\\/\",\"logo\":{\"@type\":\"ImageObject\",\"inLanguage\":\"et\",\"@id\":\"https:\\\/\\\/www.versiegelung24.com\\\/et\\\/#\\\/schema\\\/logo\\\/image\\\/\",\"url\":\"https:\\\/\\\/www.versiegelung24.com\\\/wp-content\\\/uploads\\\/2020\\\/04\\\/versiegelung24.png\",\"contentUrl\":\"https:\\\/\\\/www.versiegelung24.com\\\/wp-content\\\/uploads\\\/2020\\\/04\\\/versiegelung24.png\",\"width\":470,\"height\":102,\"caption\":\"versiegelung24\"},\"image\":{\"@id\":\"https:\\\/\\\/www.versiegelung24.com\\\/et\\\/#\\\/schema\\\/logo\\\/image\\\/\"}}]}<\/script>\n<meta property=\"product:price:amount\" content=\"149.00\" \/>\n<meta property=\"product:price:currency\" content=\"EUR\" \/>\n<meta property=\"og:availability\" content=\"instock\" \/>\n<meta property=\"product:availability\" content=\"instock\" \/>\n<meta property=\"product:retailer_item_id\" content=\"2003-7656-1000\" \/>\n<meta property=\"product:condition\" content=\"new\" \/>\n<!-- \/ Yoast SEO Premium plugin. -->","yoast_head_json":{"title":"Auto v\u00e4rv ja velgede tihendus - versiegelung24.com","robots":{"index":"index","follow":"follow","max-snippet":"max-snippet:-1","max-image-preview":"max-image-preview:large","max-video-preview":"max-video-preview:-1"},"canonical":"https:\/\/www.versiegelung24.com\/et\/autovaervi-ja-velgede-tihendamine.html","og_locale":"et_EE","og_type":"article","og_title":"Auto v\u00e4rv ja velgede tihendus","og_description":"V\u00e4ga t\u00f5hus professionaalne kaitsetihend autov\u00e4rvidele ja alumiiniumvelgedele: \u2713 lootoseefektiga (vett t\u00f5rjuv)","og_url":"https:\/\/www.versiegelung24.com\/et\/autovaervi-ja-velgede-tihendamine.html","og_site_name":"versiegelung24.com","article_modified_time":"2025-01-03T22:48:01+00:00","og_image":[{"width":2560,"height":2560,"url":"https:\/\/www.versiegelung24.com\/wp-content\/uploads\/2020\/06\/produkt-2003-7656-1000-Autolack-Felgenversiegelung-scaled.jpg","type":"image\/jpeg"}],"twitter_card":"summary_large_image","twitter_misc":{"Price":"149,00&euro;","Availability":"In stock"},"schema":{"@context":"https:\/\/schema.org","@graph":[{"@type":"WebPage","@id":"https:\/\/www.versiegelung24.com\/et\/autovaervi-ja-velgede-tihendamine.html","url":"https:\/\/www.versiegelung24.com\/et\/autovaervi-ja-velgede-tihendamine.html","name":"Auto v\u00e4rv ja velgede tihendus - versiegelung24.com","isPartOf":{"@id":"https:\/\/www.versiegelung24.com\/et\/#website"},"primaryImageOfPage":{"@id":"https:\/\/www.versiegelung24.com\/et\/autovaervi-ja-velgede-tihendamine.html#primaryimage"},"image":{"@id":"https:\/\/www.versiegelung24.com\/et\/autovaervi-ja-velgede-tihendamine.html#primaryimage"},"thumbnailUrl":"https:\/\/www.versiegelung24.com\/wp-content\/uploads\/2020\/06\/produkt-2003-7656-1000-Autolack-Felgenversiegelung-scaled.jpg","datePublished":"2021-08-02T19:36:42+00:00","dateModified":"2025-01-03T22:48:01+00:00","breadcrumb":{"@id":"https:\/\/www.versiegelung24.com\/et\/autovaervi-ja-velgede-tihendamine.html#breadcrumb"},"inLanguage":"et","potentialAction":[{"@type":"ReadAction","target":["https:\/\/www.versiegelung24.com\/et\/autovaervi-ja-velgede-tihendamine.html"]}]},{"@type":"ImageObject","inLanguage":"et","@id":"https:\/\/www.versiegelung24.com\/et\/autovaervi-ja-velgede-tihendamine.html#primaryimage","url":"https:\/\/www.versiegelung24.com\/wp-content\/uploads\/2020\/06\/produkt-2003-7656-1000-Autolack-Felgenversiegelung-scaled.jpg","contentUrl":"https:\/\/www.versiegelung24.com\/wp-content\/uploads\/2020\/06\/produkt-2003-7656-1000-Autolack-Felgenversiegelung-scaled.jpg","width":2560,"height":2560},{"@type":"BreadcrumbList","@id":"https:\/\/www.versiegelung24.com\/et\/autovaervi-ja-velgede-tihendamine.html#breadcrumb","itemListElement":[{"@type":"ListItem","position":1,"name":"Koduleht","item":"https:\/\/www.versiegelung24.com\/et\/ees\/"},{"@type":"ListItem","position":2,"name":"Pood","item":"https:\/\/www.versiegelung24.com\/et\/pood\/"},{"@type":"ListItem","position":3,"name":"Auto v\u00e4rv ja velgede tihendus"}]},{"@type":"WebSite","@id":"https:\/\/www.versiegelung24.com\/et\/#website","url":"https:\/\/www.versiegelung24.com\/et\/","name":"versiegelung24.com","description":"Fl\u00fcssigglas-Versiegelung - Made in Germany","publisher":{"@id":"https:\/\/www.versiegelung24.com\/et\/#organization"},"potentialAction":[{"@type":"SearchAction","target":{"@type":"EntryPoint","urlTemplate":"https:\/\/www.versiegelung24.com\/et\/?s={search_term_string}"},"query-input":{"@type":"PropertyValueSpecification","valueRequired":true,"valueName":"search_term_string"}}],"inLanguage":"et"},{"@type":"Organization","@id":"https:\/\/www.versiegelung24.com\/et\/#organization","name":"versiegelung24","url":"https:\/\/www.versiegelung24.com\/et\/","logo":{"@type":"ImageObject","inLanguage":"et","@id":"https:\/\/www.versiegelung24.com\/et\/#\/schema\/logo\/image\/","url":"https:\/\/www.versiegelung24.com\/wp-content\/uploads\/2020\/04\/versiegelung24.png","contentUrl":"https:\/\/www.versiegelung24.com\/wp-content\/uploads\/2020\/04\/versiegelung24.png","width":470,"height":102,"caption":"versiegelung24"},"image":{"@id":"https:\/\/www.versiegelung24.com\/et\/#\/schema\/logo\/image\/"}}]},"product_price_amount":"149.00","product_price_currency":"EUR","og_availability":"instock","product_availability":"instock","product_retailer_item_id":"2003-7656-1000","product_condition":"new"},"_links":{"self":[{"href":"https:\/\/www.versiegelung24.com\/et\/wp-json\/wp\/v2\/product\/23436","targetHints":{"allow":["GET"]}}],"collection":[{"href":"https:\/\/www.versiegelung24.com\/et\/wp-json\/wp\/v2\/product"}],"about":[{"href":"https:\/\/www.versiegelung24.com\/et\/wp-json\/wp\/v2\/types\/product"}],"version-history":[{"count":14,"href":"https:\/\/www.versiegelung24.com\/et\/wp-json\/wp\/v2\/product\/23436\/revisions"}],"predecessor-version":[{"id":177632,"href":"https:\/\/www.versiegelung24.com\/et\/wp-json\/wp\/v2\/product\/23436\/revisions\/177632"}],"wp:featuredmedia":[{"embeddable":true,"href":"https:\/\/www.versiegelung24.com\/et\/wp-json\/wp\/v2\/media\/17859"}],"wp:attachment":[{"href":"https:\/\/www.versiegelung24.com\/et\/wp-json\/wp\/v2\/media?parent=23436"}],"wp:term":[{"taxonomy":"product_brand","embeddable":true,"href":"https:\/\/www.versiegelung24.com\/et\/wp-json\/wp\/v2\/product_brand?post=23436"},{"taxonomy":"product_cat","embeddable":true,"href":"https:\/\/www.versiegelung24.com\/et\/wp-json\/wp\/v2\/product_cat?post=23436"},{"taxonomy":"product_tag","embeddable":true,"href":"https:\/\/www.versiegelung24.com\/et\/wp-json\/wp\/v2\/product_tag?post=23436"}],"curies":[{"name":"wp","href":"https:\/\/api.w.org\/{rel}","templated":true}]}}