{"id":23504,"date":"2020-04-04T18:53:42","date_gmt":"2020-04-04T16:53:42","guid":{"rendered":"https:\/\/www.versiegelung24.com\/produkt\/esmaklassiline-tihend-klaasile-ja-keraamikale-millel-on-ulim-vastupidavus"},"modified":"2025-01-03T23:47:44","modified_gmt":"2025-01-03T22:47:44","slug":"esmaklassiline-tihend-klaasile-ja-keraamikale-millel-on-ulim-vastupidavus","status":"publish","type":"product","link":"https:\/\/www.versiegelung24.com\/et\/esmaklassiline-tihend-klaasile-ja-keraamikale-millel-on-uelim-vastupidavus.html","title":{"rendered":"Premium hermeetik klaasi ja keraamika jaoks, mis on \u00e4\u00e4rmiselt vastupidav"},"content":{"rendered":"\n<p><strong>\u00dclit\u00f5hus klaas- ja keraamiline tihendus k\u00f5ikidele pindadele, millel soovitakse saavutada v\u00f5imalikult pikk vastupidavus, nt aknaklaasid, klaasfassaadid, v\u00e4lisuksed (kuni 3 aastat) jne, lootoseefektiga (vetth\u00fclgavus), sise- ja v\u00e4ljaspool<\/strong> .<\/p>\n\n<p>Artikli number: 1003-7601 &#8211; K\u00f5rge kvaliteet Valmistatud Saksamaal.<\/p>\n\n<div class=\"wp-block-columns is-layout-flex wp-container-core-columns-is-layout-9d6595d7 wp-block-columns-is-layout-flex\">\n<div class=\"wp-block-column is-layout-flow wp-block-column-is-layout-flow\">\n<figure class=\"wp-block-embed is-type-video is-provider-youtube wp-block-embed-youtube wp-embed-aspect-16-9 wp-has-aspect-ratio\"><div class=\"wp-block-embed__wrapper\"> \n<div class=\"nv-iframe-embed\"><iframe title=\"(Nano-)Versiegelungen f\u00fcrs Badezimmer, die wirklich halten! Versiegelung24.com\" width=\"1200\" height=\"675\" src=\"https:\/\/www.youtube.com\/embed\/l6YldCwuye0?feature=oembed\" frameborder=\"0\" allow=\"accelerometer; autoplay; clipboard-write; encrypted-media; gyroscope; picture-in-picture; web-share\" referrerpolicy=\"strict-origin-when-cross-origin\" allowfullscreen><\/iframe><\/div>\n <\/div><\/figure>\n<\/div>\n\n\n\n<div class=\"wp-block-column is-layout-flow wp-block-column-is-layout-flow\">\n<figure class=\"wp-block-embed is-type-video is-provider-youtube wp-block-embed-youtube wp-embed-aspect-16-9 wp-has-aspect-ratio\"><div class=\"wp-block-embed__wrapper\"> \n<div class=\"nv-iframe-embed\"><iframe title=\"Kalk in der Dusche entfernen und mit einer Glasversiegelung vorbeugen!\" width=\"1200\" height=\"675\" src=\"https:\/\/www.youtube.com\/embed\/vnJHIGeb_7I?feature=oembed\" frameborder=\"0\" allow=\"accelerometer; autoplay; clipboard-write; encrypted-media; gyroscope; picture-in-picture; web-share\" referrerpolicy=\"strict-origin-when-cross-origin\" allowfullscreen><\/iframe><\/div>\n <\/div><\/figure>\n<\/div>\n<\/div>\n\n<hr\/>\n\n<h4 class=\"wp-block-heading\" id=\"properties\">Toote omadused<\/h4>\n\n<div class=\"wp-block-columns is-layout-flex wp-container-core-columns-is-layout-9d6595d7 wp-block-columns-is-layout-flex\">\n<div class=\"wp-block-column is-layout-flow wp-block-column-is-layout-flow\">\n<ul class=\"wp-block-list\" id=\"block-fbfff1f6-f7fb-4162-9feb-4a71c2f1f5b7\">\n<li>Suurep\u00e4rane kergesti puhastatav toime mustuse ja lubjakivide puhul<\/li>\n\n\n\n<li>V\u00e4ga tugev h\u00fcdrofoobne ja oleofoobne toime (vee- ja \u00f5lit\u00f5rje).<\/li>\n\n\n\n<li>V\u00e4ga k\u00f5rge kulumiskindlus t\u00e4nu SiO\u00b2 nanotehnoloogiale<\/li>\n\n\n\n<li>Kemikaalikindel puhastusvahendite suhtes (kuni pH v\u00e4\u00e4rtus 12)<\/li>\n\n\n\n<li>Vastupidavus: kuni 3-5 aastat (s\u00f5ltuvalt kasutusest)<\/li>\n<\/ul>\n<\/div>\n\n\n\n<div class=\"wp-block-column is-layout-flow wp-block-column-is-layout-flow\">\n<ul class=\"wp-block-list\" id=\"block-da198c4e-3517-4612-b9e4-86eb030d8594\">\n<li>V\u00e4hendab mikroorganismide ja bakterite kasvu ning parandab seel\u00e4bi h\u00fcgieeni<\/li>\n\n\n\n<li>UV-stabiilne \/ k\u00fclmakindel \/ soolaveekindel \/ n\u00e4htamatu (kihi paksus: 100-150 nm)<\/li>\n\n\n\n<li>Isepuhastuv efekt vertikaalsetel klaaspindadel vihma k\u00e4es<\/li>\n\n\n\n<li>Kulude, aja ja energia kokkuhoid t\u00e4nu pikendatud puhastusts\u00fcklitele<\/li>\n<\/ul>\n\n\n\n<p><br\/><br\/><br\/>Tarnekomplekt: 1 x liitrine pudel 1 x pumba pihustuspea 1 x tootekirjeldus<\/p>\n<\/div>\n<\/div>\n\n<figure class=\"wp-block-image size-large is-resized\"><img fetchpriority=\"high\" decoding=\"async\" width=\"1300\" height=\"260\" src=\"https:\/\/www.versiegelung24.com\/wp-content\/uploads\/2022\/01\/bad_glas-1300x260.jpg\" alt=\"\" class=\"wp-image-59538\" style=\"width:1500px\" srcset=\"https:\/\/www.versiegelung24.com\/wp-content\/uploads\/2022\/01\/bad_glas-1300x260.jpg 1300w, https:\/\/www.versiegelung24.com\/wp-content\/uploads\/2022\/01\/bad_glas-300x60.jpg 300w, https:\/\/www.versiegelung24.com\/wp-content\/uploads\/2022\/01\/bad_glas-768x154.jpg 768w, https:\/\/www.versiegelung24.com\/wp-content\/uploads\/2022\/01\/bad_glas-600x120.jpg 600w, https:\/\/www.versiegelung24.com\/wp-content\/uploads\/2022\/01\/bad_glas.jpg 1500w\" sizes=\"(max-width: 1300px) 100vw, 1300px\" \/><\/figure>\n\n<h4 class=\"wp-block-heading\" id=\"application\">Taotlus<\/h4>\n\n<div class=\"wp-block-columns is-layout-flex wp-container-core-columns-is-layout-9d6595d7 wp-block-columns-is-layout-flex\">\n<div class=\"wp-block-column is-layout-flow wp-block-column-is-layout-flow\">\n<ul class=\"wp-block-list\">\n<li>Aknaklaas (seest ja v\u00e4ljast)<\/li>\n\n\n\n<li>Klaaspinnad sanitaarruumis (peeglid, du\u0161ikabiinid)<\/li>\n\n\n\n<li>Ehitusklaas (talveaiad, kasvuhooned, varikatused, seinaklaasid)<\/li>\n<\/ul>\n<\/div>\n\n\n\n<div class=\"wp-block-column is-layout-flow wp-block-column-is-layout-flow\">\n<ul class=\"wp-block-list\">\n<li>Glasuuritud p\u00f5randa- ja seinaplaadid<\/li>\n\n\n\n<li>Klaasitud keraamilised pinnad (tualetid, valamud, valamud, vannid)<\/li>\n<\/ul>\n\n\n\n<p>Kulu s\u00f5ltub pinna struktuurist ca 100-200m\u00b2\/l.<\/p>\n<\/div>\n<\/div>\n\n<p><\/p>\n","protected":false},"excerpt":{"rendered":"<p><strong>Professionaalse kvaliteediga esmaklassiline klaas- ja keraamiline tihend:<\/strong><\/p>\n<p>\u2713 ekstra vastupidavusega<\/p>\n<p>\u2713Valmistatud Saksamaal<\/p>\n","protected":false},"featured_media":17741,"template":"","meta":{"_acf_changed":false,"neve_meta_sidebar":"","neve_meta_container":"","neve_meta_enable_content_width":"","neve_meta_content_width":0,"neve_meta_title_alignment":"","neve_meta_author_avatar":"","neve_post_elements_order":"","neve_meta_disable_header":"","neve_meta_disable_footer":"","neve_meta_disable_title":"","neve_meta_reading_time":"","_surfaces":[],"_ver_product_tabs":[],"footnotes":""},"product_brand":[],"product_cat":[2200],"product_tag":[],"class_list":{"0":"post-23504","1":"product","2":"type-product","3":"status-publish","4":"has-post-thumbnail","6":"product_cat-tihend-klaasi-ja-keraamika-jaoks","7":"pa_gebinde-1000-ml-pudel","8":"pa_gebinde-20l-kanister-et","10":"first","11":"instock","12":"taxable","13":"shipping-taxable","14":"purchasable","15":"product-type-variable","16":"has-default-attributes"},"acf":[],"yoast_head":"<!-- This site is optimized with the Yoast SEO Premium plugin v22.8 (Yoast SEO v27.5) - https:\/\/yoast.com\/product\/yoast-seo-premium-wordpress\/ -->\n<title>Premium hermeetik klaasi ja keraamika jaoks, mis on \u00e4\u00e4rmiselt vastupidav - versiegelung24.com<\/title>\n<meta name=\"robots\" content=\"index, follow, max-snippet:-1, max-image-preview:large, max-video-preview:-1\" \/>\n<link rel=\"canonical\" href=\"https:\/\/www.versiegelung24.com\/et\/esmaklassiline-tihend-klaasile-ja-keraamikale-millel-on-uelim-vastupidavus.html\" \/>\n<meta property=\"og:locale\" content=\"et_EE\" \/>\n<meta property=\"og:type\" content=\"article\" \/>\n<meta property=\"og:title\" content=\"Premium hermeetik klaasi ja keraamika jaoks, mis on \u00e4\u00e4rmiselt vastupidav\" \/>\n<meta property=\"og:description\" content=\"Professionaalse kvaliteediga esmaklassiline klaas- ja keraamiline tihend: \u2713 ekstra vastupidavusega \u2713Valmistatud Saksamaal\" \/>\n<meta property=\"og:url\" content=\"https:\/\/www.versiegelung24.com\/et\/esmaklassiline-tihend-klaasile-ja-keraamikale-millel-on-uelim-vastupidavus.html\" \/>\n<meta property=\"og:site_name\" content=\"versiegelung24.com\" \/>\n<meta property=\"article:modified_time\" content=\"2025-01-03T22:47:44+00:00\" \/>\n<meta property=\"og:image\" content=\"https:\/\/www.versiegelung24.com\/wp-content\/uploads\/2020\/06\/produkt-1003-7601-1000-Premium-Versiegelung-Glas-Keramik-scaled.jpg\" \/>\n\t<meta property=\"og:image:width\" content=\"2560\" \/>\n\t<meta property=\"og:image:height\" content=\"2560\" \/>\n\t<meta property=\"og:image:type\" content=\"image\/jpeg\" \/>\n<meta name=\"twitter:card\" content=\"summary_large_image\" \/>\n<meta name=\"twitter:label1\" content=\"Availability\" \/>\n\t<meta name=\"twitter:data1\" content=\"In stock\" \/>\n<script type=\"application\/ld+json\" class=\"yoast-schema-graph\">{\"@context\":\"https:\\\/\\\/schema.org\",\"@graph\":[{\"@type\":\"WebPage\",\"@id\":\"https:\\\/\\\/www.versiegelung24.com\\\/et\\\/esmaklassiline-tihend-klaasile-ja-keraamikale-millel-on-uelim-vastupidavus.html\",\"url\":\"https:\\\/\\\/www.versiegelung24.com\\\/et\\\/esmaklassiline-tihend-klaasile-ja-keraamikale-millel-on-uelim-vastupidavus.html\",\"name\":\"Premium hermeetik klaasi ja keraamika jaoks, mis on \u00e4\u00e4rmiselt vastupidav - versiegelung24.com\",\"isPartOf\":{\"@id\":\"https:\\\/\\\/www.versiegelung24.com\\\/et\\\/#website\"},\"primaryImageOfPage\":{\"@id\":\"https:\\\/\\\/www.versiegelung24.com\\\/et\\\/esmaklassiline-tihend-klaasile-ja-keraamikale-millel-on-uelim-vastupidavus.html#primaryimage\"},\"image\":{\"@id\":\"https:\\\/\\\/www.versiegelung24.com\\\/et\\\/esmaklassiline-tihend-klaasile-ja-keraamikale-millel-on-uelim-vastupidavus.html#primaryimage\"},\"thumbnailUrl\":\"https:\\\/\\\/www.versiegelung24.com\\\/wp-content\\\/uploads\\\/2020\\\/06\\\/produkt-1003-7601-1000-Premium-Versiegelung-Glas-Keramik-scaled.jpg\",\"datePublished\":\"2020-04-04T16:53:42+00:00\",\"dateModified\":\"2025-01-03T22:47:44+00:00\",\"breadcrumb\":{\"@id\":\"https:\\\/\\\/www.versiegelung24.com\\\/et\\\/esmaklassiline-tihend-klaasile-ja-keraamikale-millel-on-uelim-vastupidavus.html#breadcrumb\"},\"inLanguage\":\"et\",\"potentialAction\":[{\"@type\":\"ReadAction\",\"target\":[\"https:\\\/\\\/www.versiegelung24.com\\\/et\\\/esmaklassiline-tihend-klaasile-ja-keraamikale-millel-on-uelim-vastupidavus.html\"]}]},{\"@type\":\"ImageObject\",\"inLanguage\":\"et\",\"@id\":\"https:\\\/\\\/www.versiegelung24.com\\\/et\\\/esmaklassiline-tihend-klaasile-ja-keraamikale-millel-on-uelim-vastupidavus.html#primaryimage\",\"url\":\"https:\\\/\\\/www.versiegelung24.com\\\/wp-content\\\/uploads\\\/2020\\\/06\\\/produkt-1003-7601-1000-Premium-Versiegelung-Glas-Keramik-scaled.jpg\",\"contentUrl\":\"https:\\\/\\\/www.versiegelung24.com\\\/wp-content\\\/uploads\\\/2020\\\/06\\\/produkt-1003-7601-1000-Premium-Versiegelung-Glas-Keramik-scaled.jpg\",\"width\":2560,\"height\":2560},{\"@type\":\"BreadcrumbList\",\"@id\":\"https:\\\/\\\/www.versiegelung24.com\\\/et\\\/esmaklassiline-tihend-klaasile-ja-keraamikale-millel-on-uelim-vastupidavus.html#breadcrumb\",\"itemListElement\":[{\"@type\":\"ListItem\",\"position\":1,\"name\":\"Koduleht\",\"item\":\"https:\\\/\\\/www.versiegelung24.com\\\/et\\\/ees\\\/\"},{\"@type\":\"ListItem\",\"position\":2,\"name\":\"Pood\",\"item\":\"https:\\\/\\\/www.versiegelung24.com\\\/et\\\/pood\\\/\"},{\"@type\":\"ListItem\",\"position\":3,\"name\":\"Premium hermeetik klaasi ja keraamika jaoks, mis on \u00e4\u00e4rmiselt vastupidav\"}]},{\"@type\":\"WebSite\",\"@id\":\"https:\\\/\\\/www.versiegelung24.com\\\/et\\\/#website\",\"url\":\"https:\\\/\\\/www.versiegelung24.com\\\/et\\\/\",\"name\":\"versiegelung24.com\",\"description\":\"Fl\u00fcssigglas-Versiegelung - Made in Germany\",\"publisher\":{\"@id\":\"https:\\\/\\\/www.versiegelung24.com\\\/et\\\/#organization\"},\"potentialAction\":[{\"@type\":\"SearchAction\",\"target\":{\"@type\":\"EntryPoint\",\"urlTemplate\":\"https:\\\/\\\/www.versiegelung24.com\\\/et\\\/?s={search_term_string}\"},\"query-input\":{\"@type\":\"PropertyValueSpecification\",\"valueRequired\":true,\"valueName\":\"search_term_string\"}}],\"inLanguage\":\"et\"},{\"@type\":\"Organization\",\"@id\":\"https:\\\/\\\/www.versiegelung24.com\\\/et\\\/#organization\",\"name\":\"versiegelung24\",\"url\":\"https:\\\/\\\/www.versiegelung24.com\\\/et\\\/\",\"logo\":{\"@type\":\"ImageObject\",\"inLanguage\":\"et\",\"@id\":\"https:\\\/\\\/www.versiegelung24.com\\\/et\\\/#\\\/schema\\\/logo\\\/image\\\/\",\"url\":\"https:\\\/\\\/www.versiegelung24.com\\\/wp-content\\\/uploads\\\/2020\\\/04\\\/versiegelung24.png\",\"contentUrl\":\"https:\\\/\\\/www.versiegelung24.com\\\/wp-content\\\/uploads\\\/2020\\\/04\\\/versiegelung24.png\",\"width\":470,\"height\":102,\"caption\":\"versiegelung24\"},\"image\":{\"@id\":\"https:\\\/\\\/www.versiegelung24.com\\\/et\\\/#\\\/schema\\\/logo\\\/image\\\/\"}}]}<\/script>\n<meta property=\"og:availability\" content=\"instock\" \/>\n<meta property=\"product:availability\" content=\"instock\" \/>\n<meta property=\"product:retailer_item_id\" content=\"1003-7601\" \/>\n<meta property=\"product:condition\" content=\"new\" \/>\n<!-- \/ Yoast SEO Premium plugin. -->","yoast_head_json":{"title":"Premium hermeetik klaasi ja keraamika jaoks, mis on \u00e4\u00e4rmiselt vastupidav - versiegelung24.com","robots":{"index":"index","follow":"follow","max-snippet":"max-snippet:-1","max-image-preview":"max-image-preview:large","max-video-preview":"max-video-preview:-1"},"canonical":"https:\/\/www.versiegelung24.com\/et\/esmaklassiline-tihend-klaasile-ja-keraamikale-millel-on-uelim-vastupidavus.html","og_locale":"et_EE","og_type":"article","og_title":"Premium hermeetik klaasi ja keraamika jaoks, mis on \u00e4\u00e4rmiselt vastupidav","og_description":"Professionaalse kvaliteediga esmaklassiline klaas- ja keraamiline tihend: \u2713 ekstra vastupidavusega \u2713Valmistatud Saksamaal","og_url":"https:\/\/www.versiegelung24.com\/et\/esmaklassiline-tihend-klaasile-ja-keraamikale-millel-on-uelim-vastupidavus.html","og_site_name":"versiegelung24.com","article_modified_time":"2025-01-03T22:47:44+00:00","og_image":[{"width":2560,"height":2560,"url":"https:\/\/www.versiegelung24.com\/wp-content\/uploads\/2020\/06\/produkt-1003-7601-1000-Premium-Versiegelung-Glas-Keramik-scaled.jpg","type":"image\/jpeg"}],"twitter_card":"summary_large_image","twitter_misc":{"Availability":"In stock"},"schema":{"@context":"https:\/\/schema.org","@graph":[{"@type":"WebPage","@id":"https:\/\/www.versiegelung24.com\/et\/esmaklassiline-tihend-klaasile-ja-keraamikale-millel-on-uelim-vastupidavus.html","url":"https:\/\/www.versiegelung24.com\/et\/esmaklassiline-tihend-klaasile-ja-keraamikale-millel-on-uelim-vastupidavus.html","name":"Premium hermeetik klaasi ja keraamika jaoks, mis on \u00e4\u00e4rmiselt vastupidav - versiegelung24.com","isPartOf":{"@id":"https:\/\/www.versiegelung24.com\/et\/#website"},"primaryImageOfPage":{"@id":"https:\/\/www.versiegelung24.com\/et\/esmaklassiline-tihend-klaasile-ja-keraamikale-millel-on-uelim-vastupidavus.html#primaryimage"},"image":{"@id":"https:\/\/www.versiegelung24.com\/et\/esmaklassiline-tihend-klaasile-ja-keraamikale-millel-on-uelim-vastupidavus.html#primaryimage"},"thumbnailUrl":"https:\/\/www.versiegelung24.com\/wp-content\/uploads\/2020\/06\/produkt-1003-7601-1000-Premium-Versiegelung-Glas-Keramik-scaled.jpg","datePublished":"2020-04-04T16:53:42+00:00","dateModified":"2025-01-03T22:47:44+00:00","breadcrumb":{"@id":"https:\/\/www.versiegelung24.com\/et\/esmaklassiline-tihend-klaasile-ja-keraamikale-millel-on-uelim-vastupidavus.html#breadcrumb"},"inLanguage":"et","potentialAction":[{"@type":"ReadAction","target":["https:\/\/www.versiegelung24.com\/et\/esmaklassiline-tihend-klaasile-ja-keraamikale-millel-on-uelim-vastupidavus.html"]}]},{"@type":"ImageObject","inLanguage":"et","@id":"https:\/\/www.versiegelung24.com\/et\/esmaklassiline-tihend-klaasile-ja-keraamikale-millel-on-uelim-vastupidavus.html#primaryimage","url":"https:\/\/www.versiegelung24.com\/wp-content\/uploads\/2020\/06\/produkt-1003-7601-1000-Premium-Versiegelung-Glas-Keramik-scaled.jpg","contentUrl":"https:\/\/www.versiegelung24.com\/wp-content\/uploads\/2020\/06\/produkt-1003-7601-1000-Premium-Versiegelung-Glas-Keramik-scaled.jpg","width":2560,"height":2560},{"@type":"BreadcrumbList","@id":"https:\/\/www.versiegelung24.com\/et\/esmaklassiline-tihend-klaasile-ja-keraamikale-millel-on-uelim-vastupidavus.html#breadcrumb","itemListElement":[{"@type":"ListItem","position":1,"name":"Koduleht","item":"https:\/\/www.versiegelung24.com\/et\/ees\/"},{"@type":"ListItem","position":2,"name":"Pood","item":"https:\/\/www.versiegelung24.com\/et\/pood\/"},{"@type":"ListItem","position":3,"name":"Premium hermeetik klaasi ja keraamika jaoks, mis on \u00e4\u00e4rmiselt vastupidav"}]},{"@type":"WebSite","@id":"https:\/\/www.versiegelung24.com\/et\/#website","url":"https:\/\/www.versiegelung24.com\/et\/","name":"versiegelung24.com","description":"Fl\u00fcssigglas-Versiegelung - Made in Germany","publisher":{"@id":"https:\/\/www.versiegelung24.com\/et\/#organization"},"potentialAction":[{"@type":"SearchAction","target":{"@type":"EntryPoint","urlTemplate":"https:\/\/www.versiegelung24.com\/et\/?s={search_term_string}"},"query-input":{"@type":"PropertyValueSpecification","valueRequired":true,"valueName":"search_term_string"}}],"inLanguage":"et"},{"@type":"Organization","@id":"https:\/\/www.versiegelung24.com\/et\/#organization","name":"versiegelung24","url":"https:\/\/www.versiegelung24.com\/et\/","logo":{"@type":"ImageObject","inLanguage":"et","@id":"https:\/\/www.versiegelung24.com\/et\/#\/schema\/logo\/image\/","url":"https:\/\/www.versiegelung24.com\/wp-content\/uploads\/2020\/04\/versiegelung24.png","contentUrl":"https:\/\/www.versiegelung24.com\/wp-content\/uploads\/2020\/04\/versiegelung24.png","width":470,"height":102,"caption":"versiegelung24"},"image":{"@id":"https:\/\/www.versiegelung24.com\/et\/#\/schema\/logo\/image\/"}}]},"og_availability":"instock","product_availability":"instock","product_retailer_item_id":"1003-7601","product_condition":"new"},"_links":{"self":[{"href":"https:\/\/www.versiegelung24.com\/et\/wp-json\/wp\/v2\/product\/23504","targetHints":{"allow":["GET"]}}],"collection":[{"href":"https:\/\/www.versiegelung24.com\/et\/wp-json\/wp\/v2\/product"}],"about":[{"href":"https:\/\/www.versiegelung24.com\/et\/wp-json\/wp\/v2\/types\/product"}],"version-history":[{"count":26,"href":"https:\/\/www.versiegelung24.com\/et\/wp-json\/wp\/v2\/product\/23504\/revisions"}],"predecessor-version":[{"id":177628,"href":"https:\/\/www.versiegelung24.com\/et\/wp-json\/wp\/v2\/product\/23504\/revisions\/177628"}],"wp:featuredmedia":[{"embeddable":true,"href":"https:\/\/www.versiegelung24.com\/et\/wp-json\/wp\/v2\/media\/17741"}],"wp:attachment":[{"href":"https:\/\/www.versiegelung24.com\/et\/wp-json\/wp\/v2\/media?parent=23504"}],"wp:term":[{"taxonomy":"product_brand","embeddable":true,"href":"https:\/\/www.versiegelung24.com\/et\/wp-json\/wp\/v2\/product_brand?post=23504"},{"taxonomy":"product_cat","embeddable":true,"href":"https:\/\/www.versiegelung24.com\/et\/wp-json\/wp\/v2\/product_cat?post=23504"},{"taxonomy":"product_tag","embeddable":true,"href":"https:\/\/www.versiegelung24.com\/et\/wp-json\/wp\/v2\/product_tag?post=23504"}],"curies":[{"name":"wp","href":"https:\/\/api.w.org\/{rel}","templated":true}]}}