{"id":23557,"date":"2020-04-04T18:53:44","date_gmt":"2021-08-02T19:44:18","guid":{"rendered":"https:\/\/www.versiegelung24.com\/produkt\/universaalne-tihend-673-kovadele-mitteimavatele-pindadele-varv-plastik-klaas-keraamika-metall-roostevaba-teras"},"modified":"2025-01-04T00:14:51","modified_gmt":"2025-01-03T23:14:51","slug":"universaalne-tihendus-673-kovade-mitteimavate-pindade-lakkide-plastist-klaasist-keraamika-metalli-roostevaba-terase-jaoks","status":"publish","type":"product","link":"https:\/\/www.versiegelung24.com\/et\/universaalne-tihendus-673-kovade-mitteimavate-pindade-lakkide-plastist-klaasist-keraamika-metalli-roostevaba-terase-jaoks.html","title":{"rendered":"Universaalne tihend 673 k\u00f5vadele \/ mitteimavatele pindadele (v\u00e4rv \/ plastik +++, klaas \/ keraamika ++, metall \/ roostevaba teras ++)"},"content":{"rendered":"\n<p><strong>Universaalne tihend &#8220;k\u00f5vade&#8221; \/ mitteimavate pindade jaoks professionaalses kvaliteedis &#8211; valmistatud Saksamaal<\/strong><\/p>\n\n<p>Ideaalne plastikutele ja v\u00e4rvitud pindadele (kihiline), saab kasutada ka klaasil \/ keraamikal; Metallist ja roostevabast terasest<\/p>\n\n<p>Kauba number: 4004-673<\/p>\n\n<p>K\u00f5rge kvaliteet Valmistatud Saksamaal<\/p>\n\n<p><strong>V24 universaalne tihend 4004-673<\/strong> on alkoholip\u00f5hine s\u00fcsteem, mis loob ajutise kergesti puhastatava efekti nii klaas- ja keraamilistele pindadele kui ka teatud metallpindadele (kroom, roostevaba teras, alumiinium). H\u00f5\u00f5rutud materjal moodustab pinnale \u00f5hukese kile, mis v\u00e4hendab mustuse ja v\u00f5\u00f5rkehade haardumist ning v\u00f5imaldab vett lihtsalt maha rullida. Kaetud pindu on eriti lihtne puhastada ja v\u00e4hem m\u00e4\u00e4rdunud.<\/p>\n\n<hr\/>\n\n<h4 class=\"wp-block-heading\" id=\"properties\">Toote omadused<\/h4>\n\n<div class=\"wp-block-columns is-layout-flex wp-container-core-columns-is-layout-9d6595d7 wp-block-columns-is-layout-flex\">\n<div class=\"wp-block-column is-layout-flow wp-block-column-is-layout-flow\">\n<figure class=\"wp-block-table is-style-stripes\"><table><tbody><tr><td class=\"has-text-align-center\" data-align=\"center\">Keemia:<\/td><td class=\"has-text-align-center\" data-align=\"center\">Anorgaanilis-orgaaniline pol\u00fcmeer, halogeenivaba, fluorivaba<\/td><\/tr><tr><td class=\"has-text-align-center\" data-align=\"center\">Kirjeldus:<\/td><td class=\"has-text-align-center\" data-align=\"center\">Universaalne hermeetik<\/td><\/tr><tr><td class=\"has-text-align-center\" data-align=\"center\">V\u00e4limus:<\/td><td class=\"has-text-align-center\" data-align=\"center\">Vedel, v\u00e4rvitu &#8211; roosa<\/td><\/tr><tr><td class=\"has-text-align-center\" data-align=\"center\">Lahjendus: <\/td><td class=\"has-text-align-center\" data-align=\"center\">Kasutusvalmis lahjendatud<\/td><\/tr><tr><td class=\"has-text-align-center\" data-align=\"center\">Kontsentratsioon: <\/td><td class=\"has-text-align-center\" data-align=\"center\">0,5-1,5 massiprotsenti<\/td><\/tr><tr><td class=\"has-text-align-center\" data-align=\"center\">K\u00e4sitsemine:<\/td><td class=\"has-text-align-center\" data-align=\"center\">Olulise teabe k\u00e4itlemise ja ohutuse kohta leiate kehtivalt ohutuskaardilt. T\u00f6\u00f6tlemise ajal tuleb kasutada sobivaid isikukaitsevahendeid.<\/td><\/tr><\/tbody><\/table><\/figure>\n<\/div>\n\n\n\n<div class=\"wp-block-column is-layout-flow wp-block-column-is-layout-flow\">\n<p><br\/><br\/>Tarnekomplekt: 1 x liitrine pudel 1 x pumba pihustuspea<\/p>\n<\/div>\n<\/div>\n\n<hr\/>\n\n<h4 class=\"wp-block-heading\" id=\"h-ratgeber\">N\u00f5ustaja<\/h4>\n\n<p>Meie universaalsed tihendid sobivad eriti h\u00e4sti isetegemissektorisse.<\/p>\n\n<p>Need \u00fchendavad professionaalse toimemehhanismi erinevatel pindadel lihtsa k\u00e4sitsemisega pealekandmise ajal. Ja seda k\u00f5ike ilma kvaliteedi osas suuri j\u00e4releandmisi tegemata.<\/p>\n\n<p>Nii saab vaid \u00fche universaalse hermeetikuga rakendusi teha mitmele materjalile ning saavutada ka kvaliteetne efekt ja pikk vastupidavus.<\/p>\n\n<p>Kommerts- ja t\u00f6\u00f6stuslike rakenduste jaoks, kus konkreetsel pinnal tuleb saavutada k\u00f5rgeim v\u00f5imalik j\u00f5udlus, soovitame siiski kasutada meie spetsiaalseid viimistlusvahendeid selle pinna jaoks.<\/p>\n","protected":false},"excerpt":{"rendered":"<p><strong>\u00dclimalt t\u00f5hus professionaalne universaalne hermeetik &#8220;k\u00f5vadele&#8221;\/mitteimavatele pindadele, nagu n\u00e4iteks:<\/strong><\/p>\n<p>\u2713 Klaas<\/p>\n<p>\u2713 Keraamilised pinnad<\/p>\n<p>\u2713 Plastikust pinnad<\/p>\n<p>\u2713 Metallpinnad<\/p>\n<p>\u2713 Kergesti puhastatava efektiga<\/p>\n","protected":false},"featured_media":18215,"template":"","meta":{"_acf_changed":false,"neve_meta_sidebar":"","neve_meta_container":"","neve_meta_enable_content_width":"","neve_meta_content_width":0,"neve_meta_title_alignment":"","neve_meta_author_avatar":"","neve_post_elements_order":"","neve_meta_disable_header":"","neve_meta_disable_footer":"","neve_meta_disable_title":"","neve_meta_reading_time":"","_surfaces":[],"_ver_product_tabs":[],"footnotes":""},"product_brand":[],"product_cat":[2493],"product_tag":[],"class_list":{"0":"post-23557","1":"product","2":"type-product","3":"status-publish","4":"has-post-thumbnail","6":"product_cat-universaalne-tihend","8":"first","9":"instock","10":"taxable","11":"shipping-taxable","12":"purchasable","13":"product-type-simple"},"acf":[],"yoast_head":"<!-- This site is optimized with the Yoast SEO Premium plugin v22.8 (Yoast SEO v27.5) - https:\/\/yoast.com\/product\/yoast-seo-premium-wordpress\/ -->\n<title>Universaalne tihend 673 k\u00f5vadele \/ mitteimavatele pindadele (v\u00e4rv \/ plastik +++, klaas \/ keraamika ++, metall \/ roostevaba teras ++) - versiegelung24.com<\/title>\n<meta name=\"robots\" content=\"index, follow, max-snippet:-1, max-image-preview:large, max-video-preview:-1\" \/>\n<link rel=\"canonical\" href=\"https:\/\/www.versiegelung24.com\/et\/universaalne-tihendus-673-kovade-mitteimavate-pindade-lakkide-plastist-klaasist-keraamika-metalli-roostevaba-terase-jaoks.html\" \/>\n<meta property=\"og:locale\" content=\"et_EE\" \/>\n<meta property=\"og:type\" content=\"article\" \/>\n<meta property=\"og:title\" content=\"Universaalne tihend 673 k\u00f5vadele \/ mitteimavatele pindadele (v\u00e4rv \/ plastik +++, klaas \/ keraamika ++, metall \/ roostevaba teras ++)\" \/>\n<meta property=\"og:description\" content=\"\u00dclimalt t\u00f5hus professionaalne universaalne hermeetik &quot;k\u00f5vadele&quot;\/mitteimavatele pindadele, nagu n\u00e4iteks: \u2713 Klaas \u2713 Keraamilised pinnad \u2713 Plastikust pinnad \u2713 Metallpinnad \u2713 Kergesti puhastatava efektiga\" \/>\n<meta property=\"og:url\" content=\"https:\/\/www.versiegelung24.com\/et\/universaalne-tihendus-673-kovade-mitteimavate-pindade-lakkide-plastist-klaasist-keraamika-metalli-roostevaba-terase-jaoks.html\" \/>\n<meta property=\"og:site_name\" content=\"versiegelung24.com\" \/>\n<meta property=\"article:modified_time\" content=\"2025-01-03T23:14:51+00:00\" \/>\n<meta property=\"og:image\" content=\"https:\/\/www.versiegelung24.com\/wp-content\/uploads\/2020\/06\/produkt-4004-673-1000-Universalversiegelung-673-scaled.jpg\" \/>\n\t<meta property=\"og:image:width\" content=\"2560\" \/>\n\t<meta property=\"og:image:height\" content=\"2560\" \/>\n\t<meta property=\"og:image:type\" content=\"image\/jpeg\" \/>\n<meta name=\"twitter:card\" content=\"summary_large_image\" \/>\n<meta name=\"twitter:label1\" content=\"Price\" \/>\n\t<meta name=\"twitter:data1\" content=\"99,00&euro;\" \/>\n\t<meta name=\"twitter:label2\" content=\"Availability\" \/>\n\t<meta name=\"twitter:data2\" content=\"In stock\" \/>\n<script type=\"application\/ld+json\" class=\"yoast-schema-graph\">{\"@context\":\"https:\\\/\\\/schema.org\",\"@graph\":[{\"@type\":\"WebPage\",\"@id\":\"https:\\\/\\\/www.versiegelung24.com\\\/et\\\/universaalne-tihendus-673-kovade-mitteimavate-pindade-lakkide-plastist-klaasist-keraamika-metalli-roostevaba-terase-jaoks.html\",\"url\":\"https:\\\/\\\/www.versiegelung24.com\\\/et\\\/universaalne-tihendus-673-kovade-mitteimavate-pindade-lakkide-plastist-klaasist-keraamika-metalli-roostevaba-terase-jaoks.html\",\"name\":\"Universaalne tihend 673 k\u00f5vadele \\\/ mitteimavatele pindadele (v\u00e4rv \\\/ plastik +++, klaas \\\/ keraamika ++, metall \\\/ roostevaba teras ++) - versiegelung24.com\",\"isPartOf\":{\"@id\":\"https:\\\/\\\/www.versiegelung24.com\\\/et\\\/#website\"},\"primaryImageOfPage\":{\"@id\":\"https:\\\/\\\/www.versiegelung24.com\\\/et\\\/universaalne-tihendus-673-kovade-mitteimavate-pindade-lakkide-plastist-klaasist-keraamika-metalli-roostevaba-terase-jaoks.html#primaryimage\"},\"image\":{\"@id\":\"https:\\\/\\\/www.versiegelung24.com\\\/et\\\/universaalne-tihendus-673-kovade-mitteimavate-pindade-lakkide-plastist-klaasist-keraamika-metalli-roostevaba-terase-jaoks.html#primaryimage\"},\"thumbnailUrl\":\"https:\\\/\\\/www.versiegelung24.com\\\/wp-content\\\/uploads\\\/2020\\\/06\\\/produkt-4004-673-1000-Universalversiegelung-673-scaled.jpg\",\"datePublished\":\"2021-08-02T19:44:18+00:00\",\"dateModified\":\"2025-01-03T23:14:51+00:00\",\"breadcrumb\":{\"@id\":\"https:\\\/\\\/www.versiegelung24.com\\\/et\\\/universaalne-tihendus-673-kovade-mitteimavate-pindade-lakkide-plastist-klaasist-keraamika-metalli-roostevaba-terase-jaoks.html#breadcrumb\"},\"inLanguage\":\"et\",\"potentialAction\":[{\"@type\":\"ReadAction\",\"target\":[\"https:\\\/\\\/www.versiegelung24.com\\\/et\\\/universaalne-tihendus-673-kovade-mitteimavate-pindade-lakkide-plastist-klaasist-keraamika-metalli-roostevaba-terase-jaoks.html\"]}]},{\"@type\":\"ImageObject\",\"inLanguage\":\"et\",\"@id\":\"https:\\\/\\\/www.versiegelung24.com\\\/et\\\/universaalne-tihendus-673-kovade-mitteimavate-pindade-lakkide-plastist-klaasist-keraamika-metalli-roostevaba-terase-jaoks.html#primaryimage\",\"url\":\"https:\\\/\\\/www.versiegelung24.com\\\/wp-content\\\/uploads\\\/2020\\\/06\\\/produkt-4004-673-1000-Universalversiegelung-673-scaled.jpg\",\"contentUrl\":\"https:\\\/\\\/www.versiegelung24.com\\\/wp-content\\\/uploads\\\/2020\\\/06\\\/produkt-4004-673-1000-Universalversiegelung-673-scaled.jpg\",\"width\":2560,\"height\":2560},{\"@type\":\"BreadcrumbList\",\"@id\":\"https:\\\/\\\/www.versiegelung24.com\\\/et\\\/universaalne-tihendus-673-kovade-mitteimavate-pindade-lakkide-plastist-klaasist-keraamika-metalli-roostevaba-terase-jaoks.html#breadcrumb\",\"itemListElement\":[{\"@type\":\"ListItem\",\"position\":1,\"name\":\"Koduleht\",\"item\":\"https:\\\/\\\/www.versiegelung24.com\\\/et\\\/ees\\\/\"},{\"@type\":\"ListItem\",\"position\":2,\"name\":\"Pood\",\"item\":\"https:\\\/\\\/www.versiegelung24.com\\\/et\\\/pood\\\/\"},{\"@type\":\"ListItem\",\"position\":3,\"name\":\"Universaalne tihend 673 k\u00f5vadele \\\/ mitteimavatele pindadele (v\u00e4rv \\\/ plastik +++, klaas \\\/ keraamika ++, metall \\\/ roostevaba teras ++)\"}]},{\"@type\":\"WebSite\",\"@id\":\"https:\\\/\\\/www.versiegelung24.com\\\/et\\\/#website\",\"url\":\"https:\\\/\\\/www.versiegelung24.com\\\/et\\\/\",\"name\":\"versiegelung24.com\",\"description\":\"Fl\u00fcssigglas-Versiegelung - Made in Germany\",\"publisher\":{\"@id\":\"https:\\\/\\\/www.versiegelung24.com\\\/et\\\/#organization\"},\"potentialAction\":[{\"@type\":\"SearchAction\",\"target\":{\"@type\":\"EntryPoint\",\"urlTemplate\":\"https:\\\/\\\/www.versiegelung24.com\\\/et\\\/?s={search_term_string}\"},\"query-input\":{\"@type\":\"PropertyValueSpecification\",\"valueRequired\":true,\"valueName\":\"search_term_string\"}}],\"inLanguage\":\"et\"},{\"@type\":\"Organization\",\"@id\":\"https:\\\/\\\/www.versiegelung24.com\\\/et\\\/#organization\",\"name\":\"versiegelung24\",\"url\":\"https:\\\/\\\/www.versiegelung24.com\\\/et\\\/\",\"logo\":{\"@type\":\"ImageObject\",\"inLanguage\":\"et\",\"@id\":\"https:\\\/\\\/www.versiegelung24.com\\\/et\\\/#\\\/schema\\\/logo\\\/image\\\/\",\"url\":\"https:\\\/\\\/www.versiegelung24.com\\\/wp-content\\\/uploads\\\/2020\\\/04\\\/versiegelung24.png\",\"contentUrl\":\"https:\\\/\\\/www.versiegelung24.com\\\/wp-content\\\/uploads\\\/2020\\\/04\\\/versiegelung24.png\",\"width\":470,\"height\":102,\"caption\":\"versiegelung24\"},\"image\":{\"@id\":\"https:\\\/\\\/www.versiegelung24.com\\\/et\\\/#\\\/schema\\\/logo\\\/image\\\/\"}}]}<\/script>\n<meta property=\"product:price:amount\" content=\"99.00\" \/>\n<meta property=\"product:price:currency\" content=\"EUR\" \/>\n<meta property=\"og:availability\" content=\"instock\" \/>\n<meta property=\"product:availability\" content=\"instock\" \/>\n<meta property=\"product:retailer_item_id\" content=\"4004-673-1000\" \/>\n<meta property=\"product:condition\" content=\"new\" \/>\n<!-- \/ Yoast SEO Premium plugin. -->","yoast_head_json":{"title":"Universaalne tihend 673 k\u00f5vadele \/ mitteimavatele pindadele (v\u00e4rv \/ plastik +++, klaas \/ keraamika ++, metall \/ roostevaba teras ++) - versiegelung24.com","robots":{"index":"index","follow":"follow","max-snippet":"max-snippet:-1","max-image-preview":"max-image-preview:large","max-video-preview":"max-video-preview:-1"},"canonical":"https:\/\/www.versiegelung24.com\/et\/universaalne-tihendus-673-kovade-mitteimavate-pindade-lakkide-plastist-klaasist-keraamika-metalli-roostevaba-terase-jaoks.html","og_locale":"et_EE","og_type":"article","og_title":"Universaalne tihend 673 k\u00f5vadele \/ mitteimavatele pindadele (v\u00e4rv \/ plastik +++, klaas \/ keraamika ++, metall \/ roostevaba teras ++)","og_description":"\u00dclimalt t\u00f5hus professionaalne universaalne hermeetik \"k\u00f5vadele\"\/mitteimavatele pindadele, nagu n\u00e4iteks: \u2713 Klaas \u2713 Keraamilised pinnad \u2713 Plastikust pinnad \u2713 Metallpinnad \u2713 Kergesti puhastatava efektiga","og_url":"https:\/\/www.versiegelung24.com\/et\/universaalne-tihendus-673-kovade-mitteimavate-pindade-lakkide-plastist-klaasist-keraamika-metalli-roostevaba-terase-jaoks.html","og_site_name":"versiegelung24.com","article_modified_time":"2025-01-03T23:14:51+00:00","og_image":[{"width":2560,"height":2560,"url":"https:\/\/www.versiegelung24.com\/wp-content\/uploads\/2020\/06\/produkt-4004-673-1000-Universalversiegelung-673-scaled.jpg","type":"image\/jpeg"}],"twitter_card":"summary_large_image","twitter_misc":{"Price":"99,00&euro;","Availability":"In stock"},"schema":{"@context":"https:\/\/schema.org","@graph":[{"@type":"WebPage","@id":"https:\/\/www.versiegelung24.com\/et\/universaalne-tihendus-673-kovade-mitteimavate-pindade-lakkide-plastist-klaasist-keraamika-metalli-roostevaba-terase-jaoks.html","url":"https:\/\/www.versiegelung24.com\/et\/universaalne-tihendus-673-kovade-mitteimavate-pindade-lakkide-plastist-klaasist-keraamika-metalli-roostevaba-terase-jaoks.html","name":"Universaalne tihend 673 k\u00f5vadele \/ mitteimavatele pindadele (v\u00e4rv \/ plastik +++, klaas \/ keraamika ++, metall \/ roostevaba teras ++) - versiegelung24.com","isPartOf":{"@id":"https:\/\/www.versiegelung24.com\/et\/#website"},"primaryImageOfPage":{"@id":"https:\/\/www.versiegelung24.com\/et\/universaalne-tihendus-673-kovade-mitteimavate-pindade-lakkide-plastist-klaasist-keraamika-metalli-roostevaba-terase-jaoks.html#primaryimage"},"image":{"@id":"https:\/\/www.versiegelung24.com\/et\/universaalne-tihendus-673-kovade-mitteimavate-pindade-lakkide-plastist-klaasist-keraamika-metalli-roostevaba-terase-jaoks.html#primaryimage"},"thumbnailUrl":"https:\/\/www.versiegelung24.com\/wp-content\/uploads\/2020\/06\/produkt-4004-673-1000-Universalversiegelung-673-scaled.jpg","datePublished":"2021-08-02T19:44:18+00:00","dateModified":"2025-01-03T23:14:51+00:00","breadcrumb":{"@id":"https:\/\/www.versiegelung24.com\/et\/universaalne-tihendus-673-kovade-mitteimavate-pindade-lakkide-plastist-klaasist-keraamika-metalli-roostevaba-terase-jaoks.html#breadcrumb"},"inLanguage":"et","potentialAction":[{"@type":"ReadAction","target":["https:\/\/www.versiegelung24.com\/et\/universaalne-tihendus-673-kovade-mitteimavate-pindade-lakkide-plastist-klaasist-keraamika-metalli-roostevaba-terase-jaoks.html"]}]},{"@type":"ImageObject","inLanguage":"et","@id":"https:\/\/www.versiegelung24.com\/et\/universaalne-tihendus-673-kovade-mitteimavate-pindade-lakkide-plastist-klaasist-keraamika-metalli-roostevaba-terase-jaoks.html#primaryimage","url":"https:\/\/www.versiegelung24.com\/wp-content\/uploads\/2020\/06\/produkt-4004-673-1000-Universalversiegelung-673-scaled.jpg","contentUrl":"https:\/\/www.versiegelung24.com\/wp-content\/uploads\/2020\/06\/produkt-4004-673-1000-Universalversiegelung-673-scaled.jpg","width":2560,"height":2560},{"@type":"BreadcrumbList","@id":"https:\/\/www.versiegelung24.com\/et\/universaalne-tihendus-673-kovade-mitteimavate-pindade-lakkide-plastist-klaasist-keraamika-metalli-roostevaba-terase-jaoks.html#breadcrumb","itemListElement":[{"@type":"ListItem","position":1,"name":"Koduleht","item":"https:\/\/www.versiegelung24.com\/et\/ees\/"},{"@type":"ListItem","position":2,"name":"Pood","item":"https:\/\/www.versiegelung24.com\/et\/pood\/"},{"@type":"ListItem","position":3,"name":"Universaalne tihend 673 k\u00f5vadele \/ mitteimavatele pindadele (v\u00e4rv \/ plastik +++, klaas \/ keraamika ++, metall \/ roostevaba teras ++)"}]},{"@type":"WebSite","@id":"https:\/\/www.versiegelung24.com\/et\/#website","url":"https:\/\/www.versiegelung24.com\/et\/","name":"versiegelung24.com","description":"Fl\u00fcssigglas-Versiegelung - Made in Germany","publisher":{"@id":"https:\/\/www.versiegelung24.com\/et\/#organization"},"potentialAction":[{"@type":"SearchAction","target":{"@type":"EntryPoint","urlTemplate":"https:\/\/www.versiegelung24.com\/et\/?s={search_term_string}"},"query-input":{"@type":"PropertyValueSpecification","valueRequired":true,"valueName":"search_term_string"}}],"inLanguage":"et"},{"@type":"Organization","@id":"https:\/\/www.versiegelung24.com\/et\/#organization","name":"versiegelung24","url":"https:\/\/www.versiegelung24.com\/et\/","logo":{"@type":"ImageObject","inLanguage":"et","@id":"https:\/\/www.versiegelung24.com\/et\/#\/schema\/logo\/image\/","url":"https:\/\/www.versiegelung24.com\/wp-content\/uploads\/2020\/04\/versiegelung24.png","contentUrl":"https:\/\/www.versiegelung24.com\/wp-content\/uploads\/2020\/04\/versiegelung24.png","width":470,"height":102,"caption":"versiegelung24"},"image":{"@id":"https:\/\/www.versiegelung24.com\/et\/#\/schema\/logo\/image\/"}}]},"product_price_amount":"99.00","product_price_currency":"EUR","og_availability":"instock","product_availability":"instock","product_retailer_item_id":"4004-673-1000","product_condition":"new"},"_links":{"self":[{"href":"https:\/\/www.versiegelung24.com\/et\/wp-json\/wp\/v2\/product\/23557","targetHints":{"allow":["GET"]}}],"collection":[{"href":"https:\/\/www.versiegelung24.com\/et\/wp-json\/wp\/v2\/product"}],"about":[{"href":"https:\/\/www.versiegelung24.com\/et\/wp-json\/wp\/v2\/types\/product"}],"version-history":[{"count":17,"href":"https:\/\/www.versiegelung24.com\/et\/wp-json\/wp\/v2\/product\/23557\/revisions"}],"predecessor-version":[{"id":177926,"href":"https:\/\/www.versiegelung24.com\/et\/wp-json\/wp\/v2\/product\/23557\/revisions\/177926"}],"wp:featuredmedia":[{"embeddable":true,"href":"https:\/\/www.versiegelung24.com\/et\/wp-json\/wp\/v2\/media\/18215"}],"wp:attachment":[{"href":"https:\/\/www.versiegelung24.com\/et\/wp-json\/wp\/v2\/media?parent=23557"}],"wp:term":[{"taxonomy":"product_brand","embeddable":true,"href":"https:\/\/www.versiegelung24.com\/et\/wp-json\/wp\/v2\/product_brand?post=23557"},{"taxonomy":"product_cat","embeddable":true,"href":"https:\/\/www.versiegelung24.com\/et\/wp-json\/wp\/v2\/product_cat?post=23557"},{"taxonomy":"product_tag","embeddable":true,"href":"https:\/\/www.versiegelung24.com\/et\/wp-json\/wp\/v2\/product_tag?post=23557"}],"curies":[{"name":"wp","href":"https:\/\/api.w.org\/{rel}","templated":true}]}}