{"id":23621,"date":"2020-04-04T18:53:41","date_gmt":"2020-04-04T16:53:41","guid":{"rendered":"https:\/\/www.versiegelung24.com\/produkt\/bioetanool-966-professionaalseks-eelpuhastuseks"},"modified":"2025-01-13T16:59:58","modified_gmt":"2025-01-13T15:59:58","slug":"bioetanool-966-professionaalseks-eelpuhastuseks","status":"publish","type":"product","link":"https:\/\/www.versiegelung24.com\/et\/bioetanool-966-professionaalseks-eelpuhastuseks.html","title":{"rendered":"Bioetanool 96,6% professionaalseks eelpuhastuseks"},"content":{"rendered":"\n<h4 class=\"wp-block-heading\" id=\"h-beschreibung\">Kirjeldus<\/h4>\n\n<p>Tehnilise kvaliteediga bioetanool 96,6% sobib mitteimavate pindade p\u00f5hjalikuks eelpuhastuseks ja rasva\u00e4rastuseks. <\/p>\n\n<p>V\u00f5ib v\u00e4ga h\u00e4sti kasutada koos meie bioloogilise j\u00e4\u00e4kidevaba eelpuhastusvahendiga <a href=\"https:\/\/www.versiegelung24.com\/et\/biosativa-bioloogiline-eelpuhasti.html\">BIOSATIVA<\/a> \u00ae, et valmistada ette nt klaasi, keraamika, v\u00e4rvitud pindu meie pinnatihendite pealekandmiseks.<\/p>\n\n<hr \/>\n\n<h4 class=\"wp-block-heading\" id=\"properties\">Toote omadused<\/h4>\n\n<p>\u2713 100% maisist ja suhkrupeedist valmistatud bioetanool<\/p>\n\n<p>\u2713 Piirkondlik tootmine Euroopast p\u00e4rit koostisosadega<\/p>\n\n<p>\u2713 Tootmine k\u00f5rgete Euroopa juhiste j\u00e4rgi<\/p>\n\n<p>\u2713 Turvalisus ja kvaliteet k\u00f5rgete standardite kaudu<\/p>\n\n<p>K\u00f5rge puhtusastmega, 1% MEK-i, 1% isopropanooli ja Bitrexi t\u00e4ielikult denatureeritud 96,6% bioetanooliga (et\u00fcleenalkohol) s\u00e4\u00e4stvast tootmisest (biomass).<\/p>\n\n<hr \/>\n\n<h4 class=\"wp-block-heading\" id=\"application\">Taotlus<\/h4>\n\n<p>Siledate, mitteimavate pindade puhastamiseks soovitame puhastada kahes etapis:<\/p>\n\n<p>1. Pinna intensiivne eelpuhastus, kasutades tavalist j\u00e4\u00e4givaba puhastusvahendit v\u00f5i meie bioloogilist puhastuskontsentraati <a href=\"https:\/\/www.versiegelung24.com\/et\/biosativa-bioloogiline-eelpuhasti.html\">BIOSATIVA<\/a> <a href=\"https:\/\/www.versiegelung24.com\/biosativa-biologischer-vorreiniger.html\">\u00ae<\/a><\/p>\n\n<p>2. Peale puhastusprotsessi l\u00f5petamist puhasta pind uuesti 96,6% bioetanooliga, et kogu mustus oleks eemaldatud ja pind oleks t\u00e4ielikult rasvavaba. Korrake seda protsessi, kuni mikrokiudlapile pole enam mustuse j\u00e4\u00e4ke.<\/p>\n\n<p>P\u00e4rast pinnal olevate alkoholij\u00e4\u00e4kide l\u00fchikest aurustumisaega v\u00f5ib alata meie nanokatete ja immutuste pealekandmine.<\/p>\n\n<p><em>P\u00f5him\u00f5tteliselt tuleks iga pinnapuhastuse ja tihendamise korral alati l\u00e4bi viia test silmapaistmatul alal, et teha kindlaks pinna sobivus kasutatud ainetega.<\/em><\/p>\n\n<hr \/>\n\n<h4 class=\"wp-block-heading\" id=\"advisor\">N\u00f5ustaja<\/h4>\n\n<p><strong>Bio-Ethanol 96,6% &#8211; ideaalne lauakaminatele<\/strong><\/p>\n\n<p>Nii erinevad kui meie maitsed, on etanoolikaminad muutunud paljudes majapidamistes asendamatuks. 1-liitrised pudelid sobivad suurep\u00e4raselt juhuslikele kasutajatele v\u00f5i esmakordsetele kasutajatele, kes soovivad tutvuda oma etanoolkamina v\u00f5i meie vedela bioetanooli k\u00fctusega.<\/p>\n\n<p><strong>Kui kauaks j\u00e4tkub 1 liiter bioetanooli?<\/strong><\/p>\n\n<p>1 liitri 96,6% bioetanooli keskmine p\u00f5lemisaeg on umbes 2\u20133 tundi. Seda aga t\u00e4pselt \u00f6elda ei saa, sest p\u00f5lemisaeg oleneb pinnast, millel vedelik p\u00f5leb. Mida suurem on ala, seda kiiremini p\u00f5leb esmaklassiline bioetanool.<\/p>\n\n<hr \/>\n\n<h4 class=\"wp-block-heading\" id=\"faq\">KKK<\/h4>\n\n<div class=\"schema-faq wp-block-yoast-faq-block\"><div class=\"schema-faq-section\" id=\"faq-question-1645793617330\"><strong class=\"schema-faq-question\">Kas bioetanool on meditsiinisektoris heaks kiidetud?<\/strong> <p class=\"schema-faq-answer\">Ei! Kui otsid pindade desinfitseerimisvahendit, leiad lisainfot siit: <a href=\"https:\/\/www.versiegelung24.com\/desinfektionsmittel\/\">Desinfektsioonivahendite \u00fclevaade<\/a><\/p> <\/div> <div class=\"schema-faq-section\" id=\"faq-question-1645793819353\"><strong class=\"schema-faq-question\">Kui ohtlik on bioetanool?<\/strong> <p class=\"schema-faq-answer\">P\u00f5lemisel tekib veeauru (H2O) ja s\u00fcsihappegaasi (CO2), nagu me hingamegi. Bioetanool 96,6% p\u00f5leb l\u00f5hnatu ja j\u00e4\u00e4kaineteta. Kaminates kasutamisel tuleb alati j\u00e4rgida t\u00e4pseid hoiatusi!<br>Bioetanool 96,6% on v\u00e4ga tuleohtlik. Puhastusvahendina kasutamisel tekivad kergestis\u00fcttivad gaasid. <br><\/p> <\/div> <div class=\"schema-faq-section\" id=\"faq-question-1645794918526\"><strong class=\"schema-faq-question\">Kas bioetanool (kasutatakse puhastusvahendina) v\u00f5ib pindu r\u00fcnnata?<\/strong> <p class=\"schema-faq-answer\">Eriti plastiku puhul tuleb siin olla ettevaatlik. Pehmed plastid, nagu tihendid ja voolikud, v\u00f5ivad reageerida plastifikaatoritega ja kahjustada pindu v\u00f5i materjale.<br><br>P\u00f5him\u00f5tteliselt tuleks pinna puhastamisel alati esmalt teha test silmapaistmatul alal.<\/p> <\/div> <\/div>\n","protected":false},"excerpt":{"rendered":"<p>\u2713 100% maisist ja suhkrupeedist valmistatud bioetanool<\/p>\n<p>\u2713 Piirkondlik tootmine Euroopast p\u00e4rit koostisosadega<\/p>\n<p>\u2713 Tootmine k\u00f5rgete Euroopa juhiste j\u00e4rgi<\/p>\n<p>\u2713 Turvalisus ja kvaliteet k\u00f5rgete standardite kaudu<\/p>\n","protected":false},"featured_media":65150,"template":"","meta":{"_acf_changed":false,"neve_meta_sidebar":"","neve_meta_container":"","neve_meta_enable_content_width":"","neve_meta_content_width":0,"neve_meta_title_alignment":"","neve_meta_author_avatar":"","neve_post_elements_order":"","neve_meta_disable_header":"","neve_meta_disable_footer":"","neve_meta_disable_title":"","neve_meta_reading_time":"","_surfaces":[],"_ver_product_tabs":[],"footnotes":""},"product_brand":[],"product_cat":[2337,2609,2168,2200,2332],"product_tag":[],"class_list":{"0":"post-23621","1":"product","2":"type-product","3":"status-publish","4":"has-post-thumbnail","6":"product_cat-puhastusvahendid","7":"product_cat-bioetanool","8":"product_cat-auto-tihendamine","9":"product_cat-tihend-klaasi-ja-keraamika-jaoks","10":"product_cat-metallist-ja-plastist-tihendus","12":"first","13":"instock","14":"taxable","15":"shipping-taxable","16":"purchasable","17":"product-type-simple"},"acf":[],"yoast_head":"<!-- This site is optimized with the Yoast SEO Premium plugin v22.8 (Yoast SEO v27.5) - https:\/\/yoast.com\/product\/yoast-seo-premium-wordpress\/ -->\n<title>Bioetanool 96,6% professionaalseks eelpuhastuseks - versiegelung24.com<\/title>\n<meta name=\"robots\" content=\"index, follow, max-snippet:-1, max-image-preview:large, max-video-preview:-1\" \/>\n<link rel=\"canonical\" href=\"https:\/\/www.versiegelung24.com\/et\/bioetanool-966-professionaalseks-eelpuhastuseks.html\" \/>\n<meta property=\"og:locale\" content=\"et_EE\" \/>\n<meta property=\"og:type\" content=\"article\" \/>\n<meta property=\"og:title\" content=\"Bioetanool 96,6% professionaalseks eelpuhastuseks\" \/>\n<meta property=\"og:description\" content=\"\u2713 100% maisist ja suhkrupeedist valmistatud bioetanool \u2713 Piirkondlik tootmine Euroopast p\u00e4rit koostisosadega \u2713 Tootmine k\u00f5rgete Euroopa juhiste j\u00e4rgi \u2713 Turvalisus ja kvaliteet k\u00f5rgete standardite kaudu\" \/>\n<meta property=\"og:url\" content=\"https:\/\/www.versiegelung24.com\/et\/bioetanool-966-professionaalseks-eelpuhastuseks.html\" \/>\n<meta property=\"og:site_name\" content=\"versiegelung24.com\" \/>\n<meta property=\"article:modified_time\" content=\"2025-01-13T15:59:58+00:00\" \/>\n<meta property=\"og:image\" content=\"https:\/\/www.versiegelung24.com\/wp-content\/uploads\/2020\/04\/produkt_9100-950-1000-bioethanol-flasche.jpeg\" \/>\n\t<meta property=\"og:image:width\" content=\"2560\" \/>\n\t<meta property=\"og:image:height\" content=\"2560\" \/>\n\t<meta property=\"og:image:type\" content=\"image\/jpeg\" \/>\n<meta name=\"twitter:card\" content=\"summary_large_image\" \/>\n<meta name=\"twitter:label1\" content=\"Price\" \/>\n\t<meta name=\"twitter:data1\" content=\"9,99&euro;\" \/>\n\t<meta name=\"twitter:label2\" content=\"Availability\" \/>\n\t<meta name=\"twitter:data2\" content=\"In stock\" \/>\n<script type=\"application\/ld+json\" class=\"yoast-schema-graph\">{\"@context\":\"https:\\\/\\\/schema.org\",\"@graph\":[{\"@type\":[\"WebPage\",\"FAQPage\"],\"@id\":\"https:\\\/\\\/www.versiegelung24.com\\\/et\\\/bioetanool-966-professionaalseks-eelpuhastuseks.html\",\"url\":\"https:\\\/\\\/www.versiegelung24.com\\\/et\\\/bioetanool-966-professionaalseks-eelpuhastuseks.html\",\"name\":\"Bioetanool 96,6% professionaalseks eelpuhastuseks - versiegelung24.com\",\"isPartOf\":{\"@id\":\"https:\\\/\\\/www.versiegelung24.com\\\/et\\\/#website\"},\"primaryImageOfPage\":{\"@id\":\"https:\\\/\\\/www.versiegelung24.com\\\/et\\\/bioetanool-966-professionaalseks-eelpuhastuseks.html#primaryimage\"},\"image\":{\"@id\":\"https:\\\/\\\/www.versiegelung24.com\\\/et\\\/bioetanool-966-professionaalseks-eelpuhastuseks.html#primaryimage\"},\"thumbnailUrl\":\"https:\\\/\\\/www.versiegelung24.com\\\/wp-content\\\/uploads\\\/2020\\\/04\\\/produkt_9100-950-1000-bioethanol-flasche.jpeg\",\"datePublished\":\"2020-04-04T16:53:41+00:00\",\"dateModified\":\"2025-01-13T15:59:58+00:00\",\"breadcrumb\":{\"@id\":\"https:\\\/\\\/www.versiegelung24.com\\\/et\\\/bioetanool-966-professionaalseks-eelpuhastuseks.html#breadcrumb\"},\"mainEntity\":[{\"@id\":\"https:\\\/\\\/www.versiegelung24.com\\\/et\\\/bioetanool-966-professionaalseks-eelpuhastuseks.html#faq-question-1645793617330\"},{\"@id\":\"https:\\\/\\\/www.versiegelung24.com\\\/et\\\/bioetanool-966-professionaalseks-eelpuhastuseks.html#faq-question-1645793819353\"},{\"@id\":\"https:\\\/\\\/www.versiegelung24.com\\\/et\\\/bioetanool-966-professionaalseks-eelpuhastuseks.html#faq-question-1645794918526\"}],\"inLanguage\":\"et\",\"potentialAction\":[{\"@type\":\"ReadAction\",\"target\":[\"https:\\\/\\\/www.versiegelung24.com\\\/et\\\/bioetanool-966-professionaalseks-eelpuhastuseks.html\"]}]},{\"@type\":\"ImageObject\",\"inLanguage\":\"et\",\"@id\":\"https:\\\/\\\/www.versiegelung24.com\\\/et\\\/bioetanool-966-professionaalseks-eelpuhastuseks.html#primaryimage\",\"url\":\"https:\\\/\\\/www.versiegelung24.com\\\/wp-content\\\/uploads\\\/2020\\\/04\\\/produkt_9100-950-1000-bioethanol-flasche.jpeg\",\"contentUrl\":\"https:\\\/\\\/www.versiegelung24.com\\\/wp-content\\\/uploads\\\/2020\\\/04\\\/produkt_9100-950-1000-bioethanol-flasche.jpeg\",\"width\":2560,\"height\":2560},{\"@type\":\"BreadcrumbList\",\"@id\":\"https:\\\/\\\/www.versiegelung24.com\\\/et\\\/bioetanool-966-professionaalseks-eelpuhastuseks.html#breadcrumb\",\"itemListElement\":[{\"@type\":\"ListItem\",\"position\":1,\"name\":\"Koduleht\",\"item\":\"https:\\\/\\\/www.versiegelung24.com\\\/et\\\/ees\\\/\"},{\"@type\":\"ListItem\",\"position\":2,\"name\":\"Pood\",\"item\":\"https:\\\/\\\/www.versiegelung24.com\\\/et\\\/pood\\\/\"},{\"@type\":\"ListItem\",\"position\":3,\"name\":\"Bioetanool 96,6% professionaalseks eelpuhastuseks\"}]},{\"@type\":\"WebSite\",\"@id\":\"https:\\\/\\\/www.versiegelung24.com\\\/et\\\/#website\",\"url\":\"https:\\\/\\\/www.versiegelung24.com\\\/et\\\/\",\"name\":\"versiegelung24.com\",\"description\":\"Fl\u00fcssigglas-Versiegelung - Made in Germany\",\"publisher\":{\"@id\":\"https:\\\/\\\/www.versiegelung24.com\\\/et\\\/#organization\"},\"potentialAction\":[{\"@type\":\"SearchAction\",\"target\":{\"@type\":\"EntryPoint\",\"urlTemplate\":\"https:\\\/\\\/www.versiegelung24.com\\\/et\\\/?s={search_term_string}\"},\"query-input\":{\"@type\":\"PropertyValueSpecification\",\"valueRequired\":true,\"valueName\":\"search_term_string\"}}],\"inLanguage\":\"et\"},{\"@type\":\"Organization\",\"@id\":\"https:\\\/\\\/www.versiegelung24.com\\\/et\\\/#organization\",\"name\":\"versiegelung24\",\"url\":\"https:\\\/\\\/www.versiegelung24.com\\\/et\\\/\",\"logo\":{\"@type\":\"ImageObject\",\"inLanguage\":\"et\",\"@id\":\"https:\\\/\\\/www.versiegelung24.com\\\/et\\\/#\\\/schema\\\/logo\\\/image\\\/\",\"url\":\"https:\\\/\\\/www.versiegelung24.com\\\/wp-content\\\/uploads\\\/2020\\\/04\\\/versiegelung24.png\",\"contentUrl\":\"https:\\\/\\\/www.versiegelung24.com\\\/wp-content\\\/uploads\\\/2020\\\/04\\\/versiegelung24.png\",\"width\":470,\"height\":102,\"caption\":\"versiegelung24\"},\"image\":{\"@id\":\"https:\\\/\\\/www.versiegelung24.com\\\/et\\\/#\\\/schema\\\/logo\\\/image\\\/\"}},{\"@type\":\"Question\",\"@id\":\"https:\\\/\\\/www.versiegelung24.com\\\/et\\\/bioetanool-966-professionaalseks-eelpuhastuseks.html#faq-question-1645793617330\",\"position\":1,\"url\":\"https:\\\/\\\/www.versiegelung24.com\\\/et\\\/bioetanool-966-professionaalseks-eelpuhastuseks.html#faq-question-1645793617330\",\"name\":\"Ist Bioethanol f\u00fcr den medizinischen Bereich zugelassen?\",\"answerCount\":1,\"acceptedAnswer\":{\"@type\":\"Answer\",\"text\":\"Nein! Wenn Sie ein Fl\u00e4chendesinfektionsmittel suchen, finden Sie weitere Informationen hier: <a href=\\\"https:\\\/\\\/www.versiegelung24.com\\\/desinfektionsmittel\\\/\\\">\u00dcbersicht Desinfektionsmittel<\\\/a>\",\"inLanguage\":\"et\"},\"inLanguage\":\"et\"},{\"@type\":\"Question\",\"@id\":\"https:\\\/\\\/www.versiegelung24.com\\\/et\\\/bioetanool-966-professionaalseks-eelpuhastuseks.html#faq-question-1645793819353\",\"position\":2,\"url\":\"https:\\\/\\\/www.versiegelung24.com\\\/et\\\/bioetanool-966-professionaalseks-eelpuhastuseks.html#faq-question-1645793819353\",\"name\":\"Wie gef\u00e4hrlich ist Bioethanol?\",\"answerCount\":1,\"acceptedAnswer\":{\"@type\":\"Answer\",\"text\":\"Bei der Verbrennung entstehen genau wie bei unserer Atmung Wasserdampf (H2O) und Kohlendioxid (CO2). Bioethanol 96,6% verbrennt geruchs- und r\u00fcckstandsfrei. Bei Nutzung in Feuerstellen sind stets die genauen Gefahrenhinweise zu beachten!<br \\\/>Bioethanol 96,6% ist leicht entz\u00fcndlich. Bei der Nutzung als Reiniger entstehen leicht brennbare Gase. <br \\\/>\",\"inLanguage\":\"et\"},\"inLanguage\":\"et\"},{\"@type\":\"Question\",\"@id\":\"https:\\\/\\\/www.versiegelung24.com\\\/et\\\/bioetanool-966-professionaalseks-eelpuhastuseks.html#faq-question-1645794918526\",\"position\":3,\"url\":\"https:\\\/\\\/www.versiegelung24.com\\\/et\\\/bioetanool-966-professionaalseks-eelpuhastuseks.html#faq-question-1645794918526\",\"name\":\"Kann Bioethanol (als Reiniger eingesetzt) Oberfl\u00e4chen angreifen?\",\"answerCount\":1,\"acceptedAnswer\":{\"@type\":\"Answer\",\"text\":\"Besonders bei Kunststoffen ist hier mit Achtsamkeit vor zu gehen. Weiche Kunststoffe wie z.B. bei Dichtungen und Schl\u00e4uchen kann dieser mit den Weichmachern reagieren und Oberfl\u00e4chen bzw. Materialien sch\u00e4digen.<br \\\/><br \\\/>Grunds\u00e4tzlich sollte bei der Oberfl\u00e4chenreinigung immer erst ein Test an unauff\u00e4lliger Stelle durchgef\u00fchrt werden.\",\"inLanguage\":\"et\"},\"inLanguage\":\"et\"}]}<\/script>\n<meta property=\"product:price:amount\" content=\"9.99\" \/>\n<meta property=\"product:price:currency\" content=\"EUR\" \/>\n<meta property=\"og:availability\" content=\"instock\" \/>\n<meta property=\"product:availability\" content=\"instock\" \/>\n<meta property=\"product:retailer_item_id\" content=\"9100-BE96-1\" \/>\n<meta property=\"product:condition\" content=\"new\" \/>\n<!-- \/ Yoast SEO Premium plugin. -->","yoast_head_json":{"title":"Bioetanool 96,6% professionaalseks eelpuhastuseks - versiegelung24.com","robots":{"index":"index","follow":"follow","max-snippet":"max-snippet:-1","max-image-preview":"max-image-preview:large","max-video-preview":"max-video-preview:-1"},"canonical":"https:\/\/www.versiegelung24.com\/et\/bioetanool-966-professionaalseks-eelpuhastuseks.html","og_locale":"et_EE","og_type":"article","og_title":"Bioetanool 96,6% professionaalseks eelpuhastuseks","og_description":"\u2713 100% maisist ja suhkrupeedist valmistatud bioetanool \u2713 Piirkondlik tootmine Euroopast p\u00e4rit koostisosadega \u2713 Tootmine k\u00f5rgete Euroopa juhiste j\u00e4rgi \u2713 Turvalisus ja kvaliteet k\u00f5rgete standardite kaudu","og_url":"https:\/\/www.versiegelung24.com\/et\/bioetanool-966-professionaalseks-eelpuhastuseks.html","og_site_name":"versiegelung24.com","article_modified_time":"2025-01-13T15:59:58+00:00","og_image":[{"width":2560,"height":2560,"url":"https:\/\/www.versiegelung24.com\/wp-content\/uploads\/2020\/04\/produkt_9100-950-1000-bioethanol-flasche.jpeg","type":"image\/jpeg"}],"twitter_card":"summary_large_image","twitter_misc":{"Price":"9,99&euro;","Availability":"In stock"},"schema":{"@context":"https:\/\/schema.org","@graph":[{"@type":["WebPage","FAQPage"],"@id":"https:\/\/www.versiegelung24.com\/et\/bioetanool-966-professionaalseks-eelpuhastuseks.html","url":"https:\/\/www.versiegelung24.com\/et\/bioetanool-966-professionaalseks-eelpuhastuseks.html","name":"Bioetanool 96,6% professionaalseks eelpuhastuseks - versiegelung24.com","isPartOf":{"@id":"https:\/\/www.versiegelung24.com\/et\/#website"},"primaryImageOfPage":{"@id":"https:\/\/www.versiegelung24.com\/et\/bioetanool-966-professionaalseks-eelpuhastuseks.html#primaryimage"},"image":{"@id":"https:\/\/www.versiegelung24.com\/et\/bioetanool-966-professionaalseks-eelpuhastuseks.html#primaryimage"},"thumbnailUrl":"https:\/\/www.versiegelung24.com\/wp-content\/uploads\/2020\/04\/produkt_9100-950-1000-bioethanol-flasche.jpeg","datePublished":"2020-04-04T16:53:41+00:00","dateModified":"2025-01-13T15:59:58+00:00","breadcrumb":{"@id":"https:\/\/www.versiegelung24.com\/et\/bioetanool-966-professionaalseks-eelpuhastuseks.html#breadcrumb"},"mainEntity":[{"@id":"https:\/\/www.versiegelung24.com\/et\/bioetanool-966-professionaalseks-eelpuhastuseks.html#faq-question-1645793617330"},{"@id":"https:\/\/www.versiegelung24.com\/et\/bioetanool-966-professionaalseks-eelpuhastuseks.html#faq-question-1645793819353"},{"@id":"https:\/\/www.versiegelung24.com\/et\/bioetanool-966-professionaalseks-eelpuhastuseks.html#faq-question-1645794918526"}],"inLanguage":"et","potentialAction":[{"@type":"ReadAction","target":["https:\/\/www.versiegelung24.com\/et\/bioetanool-966-professionaalseks-eelpuhastuseks.html"]}]},{"@type":"ImageObject","inLanguage":"et","@id":"https:\/\/www.versiegelung24.com\/et\/bioetanool-966-professionaalseks-eelpuhastuseks.html#primaryimage","url":"https:\/\/www.versiegelung24.com\/wp-content\/uploads\/2020\/04\/produkt_9100-950-1000-bioethanol-flasche.jpeg","contentUrl":"https:\/\/www.versiegelung24.com\/wp-content\/uploads\/2020\/04\/produkt_9100-950-1000-bioethanol-flasche.jpeg","width":2560,"height":2560},{"@type":"BreadcrumbList","@id":"https:\/\/www.versiegelung24.com\/et\/bioetanool-966-professionaalseks-eelpuhastuseks.html#breadcrumb","itemListElement":[{"@type":"ListItem","position":1,"name":"Koduleht","item":"https:\/\/www.versiegelung24.com\/et\/ees\/"},{"@type":"ListItem","position":2,"name":"Pood","item":"https:\/\/www.versiegelung24.com\/et\/pood\/"},{"@type":"ListItem","position":3,"name":"Bioetanool 96,6% professionaalseks eelpuhastuseks"}]},{"@type":"WebSite","@id":"https:\/\/www.versiegelung24.com\/et\/#website","url":"https:\/\/www.versiegelung24.com\/et\/","name":"versiegelung24.com","description":"Fl\u00fcssigglas-Versiegelung - Made in Germany","publisher":{"@id":"https:\/\/www.versiegelung24.com\/et\/#organization"},"potentialAction":[{"@type":"SearchAction","target":{"@type":"EntryPoint","urlTemplate":"https:\/\/www.versiegelung24.com\/et\/?s={search_term_string}"},"query-input":{"@type":"PropertyValueSpecification","valueRequired":true,"valueName":"search_term_string"}}],"inLanguage":"et"},{"@type":"Organization","@id":"https:\/\/www.versiegelung24.com\/et\/#organization","name":"versiegelung24","url":"https:\/\/www.versiegelung24.com\/et\/","logo":{"@type":"ImageObject","inLanguage":"et","@id":"https:\/\/www.versiegelung24.com\/et\/#\/schema\/logo\/image\/","url":"https:\/\/www.versiegelung24.com\/wp-content\/uploads\/2020\/04\/versiegelung24.png","contentUrl":"https:\/\/www.versiegelung24.com\/wp-content\/uploads\/2020\/04\/versiegelung24.png","width":470,"height":102,"caption":"versiegelung24"},"image":{"@id":"https:\/\/www.versiegelung24.com\/et\/#\/schema\/logo\/image\/"}},{"@type":"Question","@id":"https:\/\/www.versiegelung24.com\/et\/bioetanool-966-professionaalseks-eelpuhastuseks.html#faq-question-1645793617330","position":1,"url":"https:\/\/www.versiegelung24.com\/et\/bioetanool-966-professionaalseks-eelpuhastuseks.html#faq-question-1645793617330","name":"Ist Bioethanol f\u00fcr den medizinischen Bereich zugelassen?","answerCount":1,"acceptedAnswer":{"@type":"Answer","text":"Nein! Wenn Sie ein Fl\u00e4chendesinfektionsmittel suchen, finden Sie weitere Informationen hier: <a href=\"https:\/\/www.versiegelung24.com\/desinfektionsmittel\/\">\u00dcbersicht Desinfektionsmittel<\/a>","inLanguage":"et"},"inLanguage":"et"},{"@type":"Question","@id":"https:\/\/www.versiegelung24.com\/et\/bioetanool-966-professionaalseks-eelpuhastuseks.html#faq-question-1645793819353","position":2,"url":"https:\/\/www.versiegelung24.com\/et\/bioetanool-966-professionaalseks-eelpuhastuseks.html#faq-question-1645793819353","name":"Wie gef\u00e4hrlich ist Bioethanol?","answerCount":1,"acceptedAnswer":{"@type":"Answer","text":"Bei der Verbrennung entstehen genau wie bei unserer Atmung Wasserdampf (H2O) und Kohlendioxid (CO2). Bioethanol 96,6% verbrennt geruchs- und r\u00fcckstandsfrei. Bei Nutzung in Feuerstellen sind stets die genauen Gefahrenhinweise zu beachten!<br \/>Bioethanol 96,6% ist leicht entz\u00fcndlich. Bei der Nutzung als Reiniger entstehen leicht brennbare Gase. <br \/>","inLanguage":"et"},"inLanguage":"et"},{"@type":"Question","@id":"https:\/\/www.versiegelung24.com\/et\/bioetanool-966-professionaalseks-eelpuhastuseks.html#faq-question-1645794918526","position":3,"url":"https:\/\/www.versiegelung24.com\/et\/bioetanool-966-professionaalseks-eelpuhastuseks.html#faq-question-1645794918526","name":"Kann Bioethanol (als Reiniger eingesetzt) Oberfl\u00e4chen angreifen?","answerCount":1,"acceptedAnswer":{"@type":"Answer","text":"Besonders bei Kunststoffen ist hier mit Achtsamkeit vor zu gehen. Weiche Kunststoffe wie z.B. bei Dichtungen und Schl\u00e4uchen kann dieser mit den Weichmachern reagieren und Oberfl\u00e4chen bzw. Materialien sch\u00e4digen.<br \/><br \/>Grunds\u00e4tzlich sollte bei der Oberfl\u00e4chenreinigung immer erst ein Test an unauff\u00e4lliger Stelle durchgef\u00fchrt werden.","inLanguage":"et"},"inLanguage":"et"}]},"product_price_amount":"9.99","product_price_currency":"EUR","og_availability":"instock","product_availability":"instock","product_retailer_item_id":"9100-BE96-1","product_condition":"new"},"_links":{"self":[{"href":"https:\/\/www.versiegelung24.com\/et\/wp-json\/wp\/v2\/product\/23621","targetHints":{"allow":["GET"]}}],"collection":[{"href":"https:\/\/www.versiegelung24.com\/et\/wp-json\/wp\/v2\/product"}],"about":[{"href":"https:\/\/www.versiegelung24.com\/et\/wp-json\/wp\/v2\/types\/product"}],"version-history":[{"count":49,"href":"https:\/\/www.versiegelung24.com\/et\/wp-json\/wp\/v2\/product\/23621\/revisions"}],"predecessor-version":[{"id":180693,"href":"https:\/\/www.versiegelung24.com\/et\/wp-json\/wp\/v2\/product\/23621\/revisions\/180693"}],"wp:featuredmedia":[{"embeddable":true,"href":"https:\/\/www.versiegelung24.com\/et\/wp-json\/wp\/v2\/media\/65150"}],"wp:attachment":[{"href":"https:\/\/www.versiegelung24.com\/et\/wp-json\/wp\/v2\/media?parent=23621"}],"wp:term":[{"taxonomy":"product_brand","embeddable":true,"href":"https:\/\/www.versiegelung24.com\/et\/wp-json\/wp\/v2\/product_brand?post=23621"},{"taxonomy":"product_cat","embeddable":true,"href":"https:\/\/www.versiegelung24.com\/et\/wp-json\/wp\/v2\/product_cat?post=23621"},{"taxonomy":"product_tag","embeddable":true,"href":"https:\/\/www.versiegelung24.com\/et\/wp-json\/wp\/v2\/product_tag?post=23621"}],"curies":[{"name":"wp","href":"https:\/\/api.w.org\/{rel}","templated":true}]}}