{"id":23923,"date":"2020-04-27T21:45:35","date_gmt":"2021-08-02T20:10:53","guid":{"rendered":"https:\/\/www.versiegelung24.com\/produkt\/graffiti-vastane-kaitsekate-vaga-tohus-fassaadi-tihendus"},"modified":"2025-01-03T23:59:54","modified_gmt":"2025-01-03T22:59:54","slug":"graffiti-vastane-kaitsekate-vaga-tohus-fassaaditihendus","status":"publish","type":"product","link":"https:\/\/www.versiegelung24.com\/et\/graffiti-vastane-kaitsekate-vaega-tohus-fassaaditihendus.html","title":{"rendered":"Graffiti kaitsekate &#8211; Graffitivastane kate"},"content":{"rendered":"\n<p>Graffitivastane kattekiht 7626 pakub \u00e4\u00e4rmiselt vastupidavat ja l\u00e4bipaistvat lahendust graffiti m\u00e4\u00e4rdumise vastu, ilma et oleks vaja ohvrikihti. See p\u00fcsiv kaitses\u00fcsteem, mis \u00f5ige kasutamise korral kestab kuni 20 aastat ja suudab eemaldada graffiti v\u00e4hemalt 20 korda, v\u00f5imaldab graffiti h\u00f5lpsasti eemaldada k\u00fclma veega ja ilma kemikaalideta. See sobib ideaalselt peaaegu k\u00f5ikidele pindadele.<\/p>\n\n<h4 class=\"wp-block-heading\" id=\"h-video-der-anti-graffiti-schutzanstrich-im-praxistest\">Video &#8211; graffiti -vastane kaitsekate praktilises testis:<\/h4>\n\n<div class=\"wp-block-columns is-layout-flex wp-container-core-columns-is-layout-9d6595d7 wp-block-columns-is-layout-flex\">\n<div class=\"wp-block-column is-layout-flow wp-block-column-is-layout-flow\">\n<figure class=\"wp-block-embed is-type-video is-provider-youtube wp-block-embed-youtube wp-embed-aspect-16-9 wp-has-aspect-ratio\"><div class=\"wp-block-embed__wrapper\"> \n<div class=\"nv-iframe-embed\"><iframe title=\"Graffiti Entfernung an einem Bahnhof - Graffiti Schutzanstrich - Versiegelung24.com\" width=\"1200\" height=\"675\" src=\"https:\/\/www.youtube.com\/embed\/O7C47GU6pd8?feature=oembed\" frameborder=\"0\" allow=\"accelerometer; autoplay; clipboard-write; encrypted-media; gyroscope; picture-in-picture; web-share\" referrerpolicy=\"strict-origin-when-cross-origin\" allowfullscreen><\/iframe><\/div>\n <\/div><\/figure>\n<\/div>\n\n\n\n<div class=\"wp-block-column is-layout-flow wp-block-column-is-layout-flow\">\n<figure class=\"wp-block-embed is-type-video is-provider-youtube wp-block-embed-youtube wp-embed-aspect-16-9 wp-has-aspect-ratio\"><div class=\"wp-block-embed__wrapper\"> \n<div class=\"nv-iframe-embed\"><iframe title=\"Erkla\u0308rung Grafffiti-Schutzanstrich - versiegelung24.com\" width=\"1200\" height=\"675\" src=\"https:\/\/www.youtube.com\/embed\/zy_puhXRc4s?feature=oembed\" frameborder=\"0\" allow=\"accelerometer; autoplay; clipboard-write; encrypted-media; gyroscope; picture-in-picture; web-share\" referrerpolicy=\"strict-origin-when-cross-origin\" allowfullscreen><\/iframe><\/div>\n <\/div><\/figure>\n<\/div>\n<\/div>\n\n<h4 class=\"wp-block-heading\" id=\"properties\">Toote omadused<\/h4>\n\n<div class=\"wp-block-columns is-layout-flex wp-container-core-columns-is-layout-9d6595d7 wp-block-columns-is-layout-flex\">\n<div class=\"wp-block-column is-layout-flow wp-block-column-is-layout-flow\">\n<p><strong>V\u00e4ga t\u00f5hus graffiti-vastane tihendus pikaajalise kaitsega ja ilma varjude tekkimiseta aastaid<\/strong><\/p>\n\n\n\n<p><br\/>Artikli number: 9201-7626 K\u00f5rge kvaliteet Made in Germany<\/p>\n\n\n\n<p>Selle toote \u00fchekordsest kasutamisest v\u00f5ib piisata, et luua t\u00f5hus kaitsebarj\u00e4\u00e4r. Eriti imavale materjalile, n\u00e4iteks liivakivile, v\u00f5ib esmalt vaja minna kruntimislahust v\u00f5i teist kihti 7626 Anti-Graffiti kilega. Seda tuleks teha umbes poole tunni p\u00e4rast temperatuuril \u00fcle 20 kraadi v\u00f5i kolme kuni nelja tunni p\u00e4rast jahedamates tingimustes, et kaitsta pinda aastaid.<\/p>\n\n\n\n<p><strong>toote ohutus<\/strong><\/p>\n\n\n\n<p>Teave toote klassifitseerimise kohta ohtlike ainete m\u00e4\u00e4ruse raames, ohutusandmed ning andmed toksikoloogia ja ladustamise kohta leiate meie ohutuskaardilt.<\/p>\n\n\n\n<p><strong>ladustamine<\/strong><\/p>\n\n\n\n<p>Graffiti-vastane tihend V24 ei tohi niiskusega kokku puutuda. Seda tuleb hoida suletud originaalpakendis, s\u00e4ilitustemperatuuril. Kaitsta otsese p\u00e4ikesevalguse eest.<\/p>\n<\/div>\n\n\n\n<div class=\"wp-block-column is-layout-flow wp-block-column-is-layout-flow\">\n<p><strong>Kiire k\u00f5venemine<\/strong><\/p>\n\n\n\n<p>Varsti p\u00e4rast pealekandmist on hermeetik juba kuiv ja saavutab oma t\u00e4ieliku t\u00f5hususe m\u00f5ne tunni jooksul. Graffiti eemaldamine on seega lihtne ja kiire. K\u00f5ik, mida vajate kaetud pindade puhastamiseks, on k\u00f5rgsurvepuhastusvahend (kuni 80 baarini) v\u00f5i \u00f5rn harja, ilma keemiliste puhastusvahendite lisamiseta.<\/p>\n\n\n\n<p>\u2713 V\u00e4ga tugev nakkuvus<\/p>\n\n\n\n<p>\u2713 Varju ei teki<\/p>\n\n\n\n<p>\u2713 \u00dchekomponentne s\u00fcsteem: (enamikul juhtudel) piisab ainult \u00fchest kihist<\/p>\n\n\n\n<p>\u2713 Lihtne v\u00e4rvida. Segamist jne pole vaja.<\/p>\n\n\n\n<p>\u2713 Pikaajaline kaitse<\/p>\n\n\n\n<p>\u2713 Graffiti saab tavaliselt veega kiiresti ja lihtsalt eemaldada. Enamikul juhtudel pole grafiti eemaldajaid vaja.<\/p>\n\n\n\n<p>\u2713 V\u00f5ib kasutada ka kaitseks volitamata postitamise eest (plakatid ei saa kinni j\u00e4\u00e4da) <\/p>\n\n\n\n<p>\u2713 Vedelik ei ole ohtlik kaup<\/p>\n\n\n\n<p>\u2713 Saadaval ka RAL-v\u00e4rvides (miinimumkogus 100 liitrit &#8211; lisatasu +20%)<\/p>\n<\/div>\n<\/div>\n\n<hr\/>\n\n<h4 class=\"wp-block-heading\" id=\"application\">Taotlus<\/h4>\n\n<p>Rakendamine on \u00e4\u00e4rmiselt lihtne: Lihtsalt avage mahuti ja kandke toode v\u00e4rvirulliga peale &#8211; eelnevat segamist ei ole vaja, mis s\u00e4\u00e4stab aega ja lihtsustab protsessi. Kui kasutate konkreetse RAL-v\u00e4rviga grafitivastast kile, saab olemasolevad grafitid lihtsalt \u00fcle v\u00e4rvida. L\u00e4bipaistev versioon kaitseb ka &#8220;soovitud&#8221; graffitikunsti.<\/p>\n\n<div class=\"wp-block-columns is-layout-flex wp-container-core-columns-is-layout-9d6595d7 wp-block-columns-is-layout-flex\">\n<div class=\"wp-block-column is-layout-flow wp-block-column-is-layout-flow\">\n<ul class=\"wp-block-list\">\n<li>the<strong> V24 anti-graffiti tihendus<\/strong> kantakse lahjendamata eelnevalt puhastatud ja kuivatatud pinnale.<\/li>\n<\/ul>\n\n\n\n<ul class=\"wp-block-list\">\n<li>K\u00f5ik t\u00f6\u00f6deldavad pinnad peavad olema kuivad ja h\u00e4sti puhastatud. Liivakividele ja tellistele tuleks kanda t\u00e4iendav praimer.<\/li>\n<\/ul>\n\n\n\n<ul class=\"wp-block-list\">\n<li><strong>Graffiti-vastane hermeetik V24<\/strong> ei tohi enne t\u00f6\u00f6tlemist ega selle ajal veega kokku puutuda ning seda ei tohi kasutada vihma korral.<\/li>\n<\/ul>\n\n\n\n<ul class=\"wp-block-list\">\n<li>Hermeetiku v\u00f5ib peale kanda pintsli, rulli v\u00f5i \u00f5huvaba pihustiga.<\/li>\n<\/ul>\n\n\n\n<ul class=\"wp-block-list\">\n<li>Pind on puudutamisel kuiv 3-4 tunni p\u00e4rast.<\/li>\n<\/ul>\n\n\n\n<ul class=\"wp-block-list\">\n<li>Kattekiht on t\u00e4ielikult ristsidestatud ja k\u00f5vastunud 24 tunni p\u00e4rast.<\/li>\n<\/ul>\n\n\n\n<p>\u00dcksikasjaliku rakenduse kirjelduse leiate meie andmelehelt<\/p>\n<\/div>\n\n\n\n<div class=\"wp-block-column is-layout-flow wp-block-column-is-layout-flow\">\n<p>Vajalik kogus s\u00f5ltub pinnatava pinna imavusest. Saagis on ca 8-10m\u00b2\/l siledate, mitteimavate pindade puhul ja 6-8m\u00b2\/l imavate pindade puhul.<\/p>\n\n\n\n<p>Alumiiniumkate*<\/p>\n\n\n\n<p>Betoon (tunnelid, trassid, m\u00fcrakaitse- ja tugim\u00fc\u00fcrid, sillapostide tugipostid, m\u00fc\u00fcritised jne).<\/p>\n\n\n\n<p>\u2713 Klaaskiud \u2713 Klaaskiud<\/p>\n\n\n\n<p>\u2713 Klaas*<\/p>\n\n\n\n<p>\u2713 puit<\/p>\n\n\n\n<p>\u2713 Plastik*<\/p>\n\n\n\n<p>M\u00fc\u00fcrit\u00f6\u00f6d (sh tellis, looduskivi, klinker, marmor, kivi, plaat, graniit)<\/p>\n\n\n\n<p>\u2713 Mitmeotstarbelised kastid (jaotuskastid)<\/p>\n\n\n\n<p>\u2713 Metall*<\/p>\n\n\n\n<p>\u2713 Teras*<\/p>\n\n\n\n<p>\u2713 t\u00e4navasildid<\/p>\n\n\n\n<p>\u2713 Stukki<\/p>\n\n\n\n<p>\u2713 Vin\u00fc\u00fclpaneelid<\/p>\n\n\n\n<p>*On oluline m\u00e4rkida, et nakkumine poleeritud ja siledal pinnal ei ole nii tugev kui nakkumine krobelistel v\u00f5i poorsetel pindadel.<\/p>\n<\/div>\n<\/div>\n\n<div style=\"height:18px\" aria-hidden=\"true\" class=\"wp-block-spacer\"><\/div>\n\n<hr\/>\n\n<h4 class=\"wp-block-heading\" id=\"advisor\">N\u00f5ustaja<\/h4>\n\n<h2 class=\"wp-block-heading\" id=\"h-was-ist-graffitischutz-und-warum-ist-er-wichtig\">Mis on graffitikaitse ja miks on see oluline?<\/h2>\n\n<p>Graffitikaitse viitab meetmetele, mille eesm\u00e4rk on takistada graffitiv\u00e4rvi kinnitumist pindadele ja kahjustuste tekkimist. Ilma sobiva kaitseta v\u00f5ivad graffiti kahjustada fassaadi, p\u00f5hjustada suuri puhastuskulusid ja v\u00e4hendada kinnisvara v\u00e4\u00e4rtust. Graffitikaitse kasutamine on seega oluline nii esteetilistel kui ka majanduslikel p\u00f5hjustel.<\/p>\n\n<h2 class=\"wp-block-heading\" id=\"h-welche-arten-von-schutz-gibt-es\">Milliseid kaitsemeetmeid on olemas?<\/h2>\n\n<p>On olemas erinevaid graffitikaitseid, mida saab valida vastavalt n\u00f5uetele ja pinnale:<\/p>\n\n<p><br\/><br\/>P<strong>\u00fcsiv<\/strong> <strong>graffitikaitse<\/strong>: Seda t\u00fc\u00fcpi kaitse moodustab pinnale p\u00fcsiva kaitsekihi ja v\u00f5imaldab graffiti h\u00f5lpsasti eemaldada ilma kaitsevahendi uuesti pealekandmiseta.<strong>Poolp\u00fcsiv<\/strong> <strong>graffitikaitse<\/strong>: Seda kaitset tuleb p\u00e4rast graffiti eemaldamist uuendada, kuid see pakub samuti t\u00f5husat kaitset graffiti vastu. Kuidas toimib impregneerimine graffitikaitsena?<\/p>\n\n<p><strong>Impregneeringud<\/strong> tungivad s\u00fcgavale aluspinnale ja moodustavad n\u00e4htamatu kaitsekihi, mis takistab graffitiv\u00e4rvi tungimist materjalile. See lihtsustab puhastamist ja kaitseb pinda p\u00fcsivalt. Mis vahe on p\u00fcsiva ja poolp\u00fcsiva graffitivastase hermeetiku vahel?<\/p>\n\n<p><strong>P\u00fcsiv graffitikaitse<\/strong> j\u00e4\u00e4b pinnale ja seda ei ole vaja uuendada, samas kui poolp\u00fcsivat kaitset tuleb uuendada p\u00e4rast iga graffiti eemaldamist. Seet\u00f5ttu pakuvad p\u00fcsilahendused pikaajalisemat ja v\u00e4hem hooldust n\u00f5udvat v\u00f5imalust.<\/p>\n\n<h2 class=\"wp-block-heading\" id=\"h-welche-produkte-eignen-sich-fur-den-graffiti-schutz-auf-beton-und-naturstein\">Millised tooted sobivad betooni ja loodusliku kivi graffitikaitseks?<\/h2>\n\n<p>Meie impregneeringut saab kasutada betoonil v\u00f5i looduslikul kivil ilma probleemideta.<\/p>\n\n<h2 class=\"wp-block-heading\" id=\"h-wie-wird-der-graffitischutz-auf-unterschiedlichen-untergrunden-angewendet\">Kuidas kantakse graffitikaitset erinevatele pindadele?<\/h2>\n\n<p>Graffitikaitse kasutamine s\u00f5ltub aluspinnast. Erinevalt (nt) klaasist v\u00f5i plastist n\u00f5uavad betoon, looduskivi ja klinker optimaalse kaitse tagamiseks teistsugust l\u00e4henemist.  <\/p>\n\n<h2 class=\"wp-block-heading\" id=\"h-welche-rolle-spielt-die-reinigung-bei-der-graffitientfernung\">Millist rolli m\u00e4ngib graffiti eemaldamisel puhastamine?<\/h2>\n\n<p>Graffiti eemaldamisel on otsustav roll puhastamisel. \u00d5igete puhastusvahendite ja -meetoditega saab graffiti kiiresti ja t\u00f5husalt eemaldada, kahjustamata selle all olevat kaitsekihti.<\/p>\n\n<h2 class=\"wp-block-heading\" id=\"h-tipps-zur-auswahl-des-richtigen-graffitischutz-produkts\">N\u00f5uanded \u00f5ige graffitikaitse valimiseks<\/h2>\n\n<p><strong>Anal\u00fc\u00fcsige substraati<\/strong>:<br\/> Kontrollige, millisest materjalist teie fassaad on valmistatud, ja valige sobiv kaitsetoode.<strong>Lugege tootekirjeldust<\/strong>:<br\/> Tutvuge p\u00f5hjalikult toote omadustega, n\u00e4iteks lahustivabadus ja UV-kindlus.<strong>Kasutage tehnilist n\u00f5uannet<\/strong>: Kasutage Versiegelung24.com tehnilist tuge, et tagada toote \u00f5ige kasutamine.<br\/><\/p>\n\n<h2 class=\"wp-block-heading\" id=\"h-zusammenfassung-der-wichtigsten-punkte\">Kokkuv\u00f5te k\u00f5ige olulisematest punktidest<\/h2>\n\n<p><br\/><br\/><br\/>Graffitikaitse on oluline, et kaitsta fassaade kahjustuste ja v\u00e4\u00e4rtuse v\u00e4henemise eest. On olemas p\u00fcsivaid ja poolp\u00fcsivaid graffitikaitselahendusi, mida saab valida vastavalt n\u00f5uetele.<strong>Immutamine pakub t\u00f5husat meetodit<\/strong> graffiti eemal hoidmiseks betoonist, looduskivist ja klinkrist. Graffitikaitse pikaajalise edu tagamiseks on oluline \u00f5ige pealekandmine ja puhastamine.<\/p>\n","protected":false},"excerpt":{"rendered":"<p><strong>V\u00e4ga t\u00f5hus fassaaditihend pikaajalise kaitsega ja ilma varju moodustamata<\/strong>  <\/p>\n<p>\u2713 Lihtne kasutada: pole vaja segada jne<\/p>\n<p>\u2713 Pikaajaline kaitse ja satiinviimistlus<\/p>\n<p>\u2713 T\u00e4ielik katvus: ilma varjuta<\/p>\n<p>\u2713 P\u00e4rast v\u00e4rvimist saab grafiti kergesti eemaldada veega<\/p>\n<p>\u2713 Puutekuiv 3-4 tunni p\u00e4rast<\/p>\n","protected":false},"featured_media":169220,"template":"","meta":{"_acf_changed":false,"neve_meta_sidebar":"","neve_meta_container":"","neve_meta_enable_content_width":"","neve_meta_content_width":0,"neve_meta_title_alignment":"","neve_meta_author_avatar":"","neve_post_elements_order":"","neve_meta_disable_header":"","neve_meta_disable_footer":"","neve_meta_disable_title":"","neve_meta_reading_time":"","_surfaces":[],"_ver_product_tabs":[],"footnotes":""},"product_brand":[],"product_cat":[2336],"product_tag":[],"class_list":{"0":"post-23923","1":"product","2":"type-product","3":"status-publish","4":"has-post-thumbnail","6":"product_cat-kivi-ja-betooni-tihendamine","7":"pa_gebinde-5l-kanister-et","8":"pa_gebinde-5l-kanister-ral-vaerviga","10":"first","11":"instock","12":"taxable","13":"shipping-taxable","14":"purchasable","15":"product-type-variable","16":"has-default-attributes"},"acf":[],"yoast_head":"<!-- This site is optimized with the Yoast SEO Premium plugin v22.8 (Yoast SEO v27.5) - https:\/\/yoast.com\/product\/yoast-seo-premium-wordpress\/ -->\n<title>Graffiti kaitsekate - Graffitivastane kate - versiegelung24.com<\/title>\n<meta name=\"description\" content=\"Graffitivastane kate - Kaitske oma fassaadi soovimatu graffiti eest - n\u00fc\u00fcd Versiegelung24.com&#039;is\" \/>\n<meta name=\"robots\" content=\"index, follow, max-snippet:-1, max-image-preview:large, max-video-preview:-1\" \/>\n<link rel=\"canonical\" href=\"https:\/\/www.versiegelung24.com\/et\/graffiti-vastane-kaitsekate-vaega-tohus-fassaaditihendus.html\" \/>\n<meta property=\"og:locale\" content=\"et_EE\" \/>\n<meta property=\"og:type\" content=\"article\" \/>\n<meta property=\"og:title\" content=\"Graffiti kaitsekate - Graffitivastane kate\" \/>\n<meta property=\"og:description\" content=\"Graffitivastane kate - Kaitske oma fassaadi soovimatu graffiti eest - n\u00fc\u00fcd Versiegelung24.com&#039;is\" \/>\n<meta property=\"og:url\" content=\"https:\/\/www.versiegelung24.com\/et\/graffiti-vastane-kaitsekate-vaega-tohus-fassaaditihendus.html\" \/>\n<meta property=\"og:site_name\" content=\"versiegelung24.com\" \/>\n<meta property=\"article:modified_time\" content=\"2025-01-03T22:59:54+00:00\" \/>\n<meta property=\"og:image\" content=\"https:\/\/www.versiegelung24.com\/wp-content\/uploads\/2020\/04\/7626-anti-graffiti.webp\" \/>\n\t<meta property=\"og:image:width\" content=\"2560\" \/>\n\t<meta property=\"og:image:height\" content=\"2560\" \/>\n\t<meta property=\"og:image:type\" content=\"image\/webp\" \/>\n<meta name=\"twitter:card\" content=\"summary_large_image\" \/>\n<meta name=\"twitter:label1\" content=\"Availability\" \/>\n\t<meta name=\"twitter:data1\" content=\"In stock\" \/>\n<script type=\"application\/ld+json\" class=\"yoast-schema-graph\">{\"@context\":\"https:\\\/\\\/schema.org\",\"@graph\":[{\"@type\":\"WebPage\",\"@id\":\"https:\\\/\\\/www.versiegelung24.com\\\/et\\\/graffiti-vastane-kaitsekate-vaega-tohus-fassaaditihendus.html\",\"url\":\"https:\\\/\\\/www.versiegelung24.com\\\/et\\\/graffiti-vastane-kaitsekate-vaega-tohus-fassaaditihendus.html\",\"name\":\"Graffiti kaitsekate - Graffitivastane kate - versiegelung24.com\",\"isPartOf\":{\"@id\":\"https:\\\/\\\/www.versiegelung24.com\\\/et\\\/#website\"},\"primaryImageOfPage\":{\"@id\":\"https:\\\/\\\/www.versiegelung24.com\\\/et\\\/graffiti-vastane-kaitsekate-vaega-tohus-fassaaditihendus.html#primaryimage\"},\"image\":{\"@id\":\"https:\\\/\\\/www.versiegelung24.com\\\/et\\\/graffiti-vastane-kaitsekate-vaega-tohus-fassaaditihendus.html#primaryimage\"},\"thumbnailUrl\":\"https:\\\/\\\/www.versiegelung24.com\\\/wp-content\\\/uploads\\\/2020\\\/04\\\/7626-anti-graffiti.webp\",\"datePublished\":\"2021-08-02T20:10:53+00:00\",\"dateModified\":\"2025-01-03T22:59:54+00:00\",\"description\":\"Graffitivastane kate - Kaitske oma fassaadi soovimatu graffiti eest - n\u00fc\u00fcd Versiegelung24.com'is\",\"breadcrumb\":{\"@id\":\"https:\\\/\\\/www.versiegelung24.com\\\/et\\\/graffiti-vastane-kaitsekate-vaega-tohus-fassaaditihendus.html#breadcrumb\"},\"inLanguage\":\"et\",\"potentialAction\":[{\"@type\":\"ReadAction\",\"target\":[\"https:\\\/\\\/www.versiegelung24.com\\\/et\\\/graffiti-vastane-kaitsekate-vaega-tohus-fassaaditihendus.html\"]}]},{\"@type\":\"ImageObject\",\"inLanguage\":\"et\",\"@id\":\"https:\\\/\\\/www.versiegelung24.com\\\/et\\\/graffiti-vastane-kaitsekate-vaega-tohus-fassaaditihendus.html#primaryimage\",\"url\":\"https:\\\/\\\/www.versiegelung24.com\\\/wp-content\\\/uploads\\\/2020\\\/04\\\/7626-anti-graffiti.webp\",\"contentUrl\":\"https:\\\/\\\/www.versiegelung24.com\\\/wp-content\\\/uploads\\\/2020\\\/04\\\/7626-anti-graffiti.webp\",\"width\":2560,\"height\":2560},{\"@type\":\"BreadcrumbList\",\"@id\":\"https:\\\/\\\/www.versiegelung24.com\\\/et\\\/graffiti-vastane-kaitsekate-vaega-tohus-fassaaditihendus.html#breadcrumb\",\"itemListElement\":[{\"@type\":\"ListItem\",\"position\":1,\"name\":\"Koduleht\",\"item\":\"https:\\\/\\\/www.versiegelung24.com\\\/et\\\/ees\\\/\"},{\"@type\":\"ListItem\",\"position\":2,\"name\":\"Pood\",\"item\":\"https:\\\/\\\/www.versiegelung24.com\\\/et\\\/pood\\\/\"},{\"@type\":\"ListItem\",\"position\":3,\"name\":\"Graffiti kaitsekate &#8211; Graffitivastane kate\"}]},{\"@type\":\"WebSite\",\"@id\":\"https:\\\/\\\/www.versiegelung24.com\\\/et\\\/#website\",\"url\":\"https:\\\/\\\/www.versiegelung24.com\\\/et\\\/\",\"name\":\"versiegelung24.com\",\"description\":\"Fl\u00fcssigglas-Versiegelung - Made in Germany\",\"publisher\":{\"@id\":\"https:\\\/\\\/www.versiegelung24.com\\\/et\\\/#organization\"},\"potentialAction\":[{\"@type\":\"SearchAction\",\"target\":{\"@type\":\"EntryPoint\",\"urlTemplate\":\"https:\\\/\\\/www.versiegelung24.com\\\/et\\\/?s={search_term_string}\"},\"query-input\":{\"@type\":\"PropertyValueSpecification\",\"valueRequired\":true,\"valueName\":\"search_term_string\"}}],\"inLanguage\":\"et\"},{\"@type\":\"Organization\",\"@id\":\"https:\\\/\\\/www.versiegelung24.com\\\/et\\\/#organization\",\"name\":\"versiegelung24\",\"url\":\"https:\\\/\\\/www.versiegelung24.com\\\/et\\\/\",\"logo\":{\"@type\":\"ImageObject\",\"inLanguage\":\"et\",\"@id\":\"https:\\\/\\\/www.versiegelung24.com\\\/et\\\/#\\\/schema\\\/logo\\\/image\\\/\",\"url\":\"https:\\\/\\\/www.versiegelung24.com\\\/wp-content\\\/uploads\\\/2020\\\/04\\\/versiegelung24.png\",\"contentUrl\":\"https:\\\/\\\/www.versiegelung24.com\\\/wp-content\\\/uploads\\\/2020\\\/04\\\/versiegelung24.png\",\"width\":470,\"height\":102,\"caption\":\"versiegelung24\"},\"image\":{\"@id\":\"https:\\\/\\\/www.versiegelung24.com\\\/et\\\/#\\\/schema\\\/logo\\\/image\\\/\"}}]}<\/script>\n<meta property=\"og:availability\" content=\"instock\" \/>\n<meta property=\"product:availability\" content=\"instock\" \/>\n<meta property=\"product:retailer_item_id\" content=\"9201-7626-5000\" \/>\n<meta property=\"product:condition\" content=\"new\" \/>\n<!-- \/ Yoast SEO Premium plugin. -->","yoast_head_json":{"title":"Graffiti kaitsekate - Graffitivastane kate - versiegelung24.com","description":"Graffitivastane kate - Kaitske oma fassaadi soovimatu graffiti eest - n\u00fc\u00fcd Versiegelung24.com'is","robots":{"index":"index","follow":"follow","max-snippet":"max-snippet:-1","max-image-preview":"max-image-preview:large","max-video-preview":"max-video-preview:-1"},"canonical":"https:\/\/www.versiegelung24.com\/et\/graffiti-vastane-kaitsekate-vaega-tohus-fassaaditihendus.html","og_locale":"et_EE","og_type":"article","og_title":"Graffiti kaitsekate - Graffitivastane kate","og_description":"Graffitivastane kate - Kaitske oma fassaadi soovimatu graffiti eest - n\u00fc\u00fcd Versiegelung24.com'is","og_url":"https:\/\/www.versiegelung24.com\/et\/graffiti-vastane-kaitsekate-vaega-tohus-fassaaditihendus.html","og_site_name":"versiegelung24.com","article_modified_time":"2025-01-03T22:59:54+00:00","og_image":[{"width":2560,"height":2560,"url":"https:\/\/www.versiegelung24.com\/wp-content\/uploads\/2020\/04\/7626-anti-graffiti.webp","type":"image\/webp"}],"twitter_card":"summary_large_image","twitter_misc":{"Availability":"In stock"},"schema":{"@context":"https:\/\/schema.org","@graph":[{"@type":"WebPage","@id":"https:\/\/www.versiegelung24.com\/et\/graffiti-vastane-kaitsekate-vaega-tohus-fassaaditihendus.html","url":"https:\/\/www.versiegelung24.com\/et\/graffiti-vastane-kaitsekate-vaega-tohus-fassaaditihendus.html","name":"Graffiti kaitsekate - Graffitivastane kate - versiegelung24.com","isPartOf":{"@id":"https:\/\/www.versiegelung24.com\/et\/#website"},"primaryImageOfPage":{"@id":"https:\/\/www.versiegelung24.com\/et\/graffiti-vastane-kaitsekate-vaega-tohus-fassaaditihendus.html#primaryimage"},"image":{"@id":"https:\/\/www.versiegelung24.com\/et\/graffiti-vastane-kaitsekate-vaega-tohus-fassaaditihendus.html#primaryimage"},"thumbnailUrl":"https:\/\/www.versiegelung24.com\/wp-content\/uploads\/2020\/04\/7626-anti-graffiti.webp","datePublished":"2021-08-02T20:10:53+00:00","dateModified":"2025-01-03T22:59:54+00:00","description":"Graffitivastane kate - Kaitske oma fassaadi soovimatu graffiti eest - n\u00fc\u00fcd Versiegelung24.com'is","breadcrumb":{"@id":"https:\/\/www.versiegelung24.com\/et\/graffiti-vastane-kaitsekate-vaega-tohus-fassaaditihendus.html#breadcrumb"},"inLanguage":"et","potentialAction":[{"@type":"ReadAction","target":["https:\/\/www.versiegelung24.com\/et\/graffiti-vastane-kaitsekate-vaega-tohus-fassaaditihendus.html"]}]},{"@type":"ImageObject","inLanguage":"et","@id":"https:\/\/www.versiegelung24.com\/et\/graffiti-vastane-kaitsekate-vaega-tohus-fassaaditihendus.html#primaryimage","url":"https:\/\/www.versiegelung24.com\/wp-content\/uploads\/2020\/04\/7626-anti-graffiti.webp","contentUrl":"https:\/\/www.versiegelung24.com\/wp-content\/uploads\/2020\/04\/7626-anti-graffiti.webp","width":2560,"height":2560},{"@type":"BreadcrumbList","@id":"https:\/\/www.versiegelung24.com\/et\/graffiti-vastane-kaitsekate-vaega-tohus-fassaaditihendus.html#breadcrumb","itemListElement":[{"@type":"ListItem","position":1,"name":"Koduleht","item":"https:\/\/www.versiegelung24.com\/et\/ees\/"},{"@type":"ListItem","position":2,"name":"Pood","item":"https:\/\/www.versiegelung24.com\/et\/pood\/"},{"@type":"ListItem","position":3,"name":"Graffiti kaitsekate &#8211; Graffitivastane kate"}]},{"@type":"WebSite","@id":"https:\/\/www.versiegelung24.com\/et\/#website","url":"https:\/\/www.versiegelung24.com\/et\/","name":"versiegelung24.com","description":"Fl\u00fcssigglas-Versiegelung - Made in Germany","publisher":{"@id":"https:\/\/www.versiegelung24.com\/et\/#organization"},"potentialAction":[{"@type":"SearchAction","target":{"@type":"EntryPoint","urlTemplate":"https:\/\/www.versiegelung24.com\/et\/?s={search_term_string}"},"query-input":{"@type":"PropertyValueSpecification","valueRequired":true,"valueName":"search_term_string"}}],"inLanguage":"et"},{"@type":"Organization","@id":"https:\/\/www.versiegelung24.com\/et\/#organization","name":"versiegelung24","url":"https:\/\/www.versiegelung24.com\/et\/","logo":{"@type":"ImageObject","inLanguage":"et","@id":"https:\/\/www.versiegelung24.com\/et\/#\/schema\/logo\/image\/","url":"https:\/\/www.versiegelung24.com\/wp-content\/uploads\/2020\/04\/versiegelung24.png","contentUrl":"https:\/\/www.versiegelung24.com\/wp-content\/uploads\/2020\/04\/versiegelung24.png","width":470,"height":102,"caption":"versiegelung24"},"image":{"@id":"https:\/\/www.versiegelung24.com\/et\/#\/schema\/logo\/image\/"}}]},"og_availability":"instock","product_availability":"instock","product_retailer_item_id":"9201-7626-5000","product_condition":"new"},"_links":{"self":[{"href":"https:\/\/www.versiegelung24.com\/et\/wp-json\/wp\/v2\/product\/23923","targetHints":{"allow":["GET"]}}],"collection":[{"href":"https:\/\/www.versiegelung24.com\/et\/wp-json\/wp\/v2\/product"}],"about":[{"href":"https:\/\/www.versiegelung24.com\/et\/wp-json\/wp\/v2\/types\/product"}],"version-history":[{"count":50,"href":"https:\/\/www.versiegelung24.com\/et\/wp-json\/wp\/v2\/product\/23923\/revisions"}],"predecessor-version":[{"id":174047,"href":"https:\/\/www.versiegelung24.com\/et\/wp-json\/wp\/v2\/product\/23923\/revisions\/174047"}],"wp:featuredmedia":[{"embeddable":true,"href":"https:\/\/www.versiegelung24.com\/et\/wp-json\/wp\/v2\/media\/169220"}],"wp:attachment":[{"href":"https:\/\/www.versiegelung24.com\/et\/wp-json\/wp\/v2\/media?parent=23923"}],"wp:term":[{"taxonomy":"product_brand","embeddable":true,"href":"https:\/\/www.versiegelung24.com\/et\/wp-json\/wp\/v2\/product_brand?post=23923"},{"taxonomy":"product_cat","embeddable":true,"href":"https:\/\/www.versiegelung24.com\/et\/wp-json\/wp\/v2\/product_cat?post=23923"},{"taxonomy":"product_tag","embeddable":true,"href":"https:\/\/www.versiegelung24.com\/et\/wp-json\/wp\/v2\/product_tag?post=23923"}],"curies":[{"name":"wp","href":"https:\/\/api.w.org\/{rel}","templated":true}]}}