{"id":24006,"date":"2020-04-04T18:53:45","date_gmt":"2021-08-02T20:18:00","guid":{"rendered":"https:\/\/www.versiegelung24.com\/produkt\/esmaklassiline-tekstiili-ja-paberi-tihendus-mis-on-aarmiselt-vetthulgav"},"modified":"2025-01-03T23:54:11","modified_gmt":"2025-01-03T22:54:11","slug":"esmaklassiline-tekstiili-ja-paberitokend-mis-on-aarmiselt-vetthulgav","status":"publish","type":"product","link":"https:\/\/www.versiegelung24.com\/et\/esmaklassiline-tekstiili-ja-paberitokend-mis-on-aeaermiselt-vetthuelgav.html","title":{"rendered":"Dura Tex &#8211; ekstreemse veekindlusega k\u00f5rgekvaliteediline tekstiiltihendusmaterjal"},"content":{"rendered":"\n<p><strong>\u00c4\u00e4rmiselt t\u00f5hus ja \u00e4\u00e4rmiselt veekindel k\u00f5rgekvaliteediline tekstiiltihendaja, kasutamiseks nii sise- kui ka v\u00e4listingimustes.<\/strong><\/p>\n\n<p>Professionaalne kvaliteet &#8211; valmistatud Saksamaal<\/p>\n\n<p>Kauba number: 6002-7689<\/p>\n\n<p><strong>V24 Dura Tex &#8211; Premium Textile Sealer<\/strong> kaitseb peaaegu k\u00f5iki tekstiili ja paberit\u00fc\u00fcpe vee, mustuse ja plekkide eest &#8211; ja j\u00e4\u00e4b ise n\u00e4htamatuks. See ei m\u00f5juta mingil moel nende v\u00e4limust, hingavust, v\u00e4rvi ega tunnet ning on kerge hoolitseda.<\/p>\n\n<p>Kate on v\u00e4listingimustes kangastele \u00e4\u00e4rmiselt vetth\u00fclgav; seega p\u00fcsivad nad kauem kuivad. \u00d5li, kohv ja muud tavalised plekid on minevik, kui tekstiile on eelnevalt t\u00f6\u00f6deldud.<\/p>\n\n<hr\/>\n\n<h4 class=\"wp-block-heading\" id=\"properties\">Toote omadused<\/h4>\n\n<div class=\"wp-block-columns is-layout-flex wp-container-core-columns-is-layout-9d6595d7 wp-block-columns-is-layout-flex\">\n<div class=\"wp-block-column is-layout-flow wp-block-column-is-layout-flow\">\n<ul class=\"wp-block-list\">\n<li>V\u00e4ga tugev h\u00fcdrofoobne ja oleofoobne toime (vee- ja \u00f5lit\u00f5rje).<\/li>\n\n\n\n<li>H\u00f5\u00f5rdumiskindel, kergesti puhastatav efekt: kindel keemiline side tagab suurep\u00e4rase kulumiskindluse ja pesumasina vastupidavuse-kate kleepub kiududele, kuni v\u00e4lism\u00f5jud selle h\u00e4vitavad<\/li>\n\n\n\n<li>Lisandid saab kergesti eemaldada niiske lapiga<\/li>\n\n\n\n<li>Hingav<\/li>\n\n\n\n<li>N\u00e4htamatu (v\u00e4limus ja tunne ei muutu)<\/li>\n\n\n\n<li>Tugevad mittenakkuvad omadused<\/li>\n\n\n\n<li>Kaitse plekkide eest<\/li>\n<\/ul>\n<\/div>\n\n\n\n<div class=\"wp-block-column is-layout-flow wp-block-column-is-layout-flow\">\n<ul class=\"wp-block-list\">\n<li>Suurendab kulumiskindlust<\/li>\n\n\n\n<li>V\u00e4limus ei halvene<\/li>\n\n\n\n<li>SiO\u00b2 nanotehnoloogia<\/li>\n\n\n\n<li>Kiudude kaitse mustuseosakeste tungimise eest<\/li>\n\n\n\n<li>Lihtne rakendus<\/li>\n\n\n\n<li>Pikk s\u00e4ilivusaeg s\u00f5ltuvalt mehaanilisest pingest<\/li>\n<\/ul>\n\n\n\n<p><br\/><br\/>Tarne ulatus: 1 x liitrine pudel 1 x tootekirjeldus<\/p>\n<\/div>\n<\/div>\n\n<hr\/>\n\n<h4 class=\"wp-block-heading\" id=\"application\">Taotlus<\/h4>\n\n<div class=\"wp-block-columns is-layout-flex wp-container-core-columns-is-layout-9d6595d7 wp-block-columns-is-layout-flex\">\n<div class=\"wp-block-column is-layout-flow wp-block-column-is-layout-flow\">\n<ul class=\"wp-block-list\">\n<li>Riietus<\/li>\n\n\n\n<li>Kangad \u00f5ues<\/li>\n\n\n\n<li>Kodutekstiil (polster, m\u00f6\u00f6bel, vaibad)<\/li>\n\n\n\n<li>Seemisnahk<\/li>\n\n\n\n<li>Paberkarp<\/li>\n<\/ul>\n\n\n\n<p>Tarbimine s\u00f5ltub v\u00e4ga palju pinnatava materjali struktuurist, imavusest ja paksusest, umbes 10-50 m\u00b2 \/ liiter (s\u00f5ltuvalt imavusest umbes 10 ml \/ m\u00b2 paksuse mm kohta).<\/p>\n<\/div>\n\n\n\n<div class=\"wp-block-column is-layout-flow wp-block-column-is-layout-flow\">\n<p>Lihtne rakendus:<\/p>\n\n\n\n<p>1. K\u00e4sitsi: pealekandmine tekstiili niisutades (pihustamine v\u00f5i kastmine)<\/p>\n\n\n\n<p>2. T\u00f6\u00f6stuslik: rakendus kaubanduses saadaolevate s\u00fcsteemide jaoks<\/p>\n\n\n\n<p><br\/>See SiO2-kate on t\u00e4ielikult ristseotud ja k\u00f5venenud 24 tunni p\u00e4rast. 24 tunni p\u00e4rast seda k\u00f5venemisfaasi saab esmakordselt katsetada kergesti puhastatavat efekti.<\/p>\n<\/div>\n<\/div>\n","protected":false},"excerpt":{"rendered":"<p>\u2713 Hingav<\/p>\n<p>\u2713 Kaitse plekkide eest<\/p>\n<p>\u2713 \u00c4\u00e4rmiselt vetth\u00fclgav<\/p>\n<p>\u2713 Sise- ja v\u00e4listingimustes kasutamiseks<\/p>\n","protected":false},"featured_media":125320,"template":"","meta":{"_acf_changed":false,"neve_meta_sidebar":"","neve_meta_container":"","neve_meta_enable_content_width":"","neve_meta_content_width":0,"neve_meta_title_alignment":"","neve_meta_author_avatar":"","neve_post_elements_order":"","neve_meta_disable_header":"","neve_meta_disable_footer":"","neve_meta_disable_title":"","neve_meta_reading_time":"","_surfaces":[],"_ver_product_tabs":[],"footnotes":""},"product_brand":[],"product_cat":[2330],"product_tag":[],"class_list":{"0":"post-24006","1":"product","2":"type-product","3":"status-publish","4":"has-post-thumbnail","6":"product_cat-nahast-ja-tekstiilist-tihendus","8":"first","9":"instock","10":"taxable","11":"shipping-taxable","12":"purchasable","13":"product-type-simple"},"acf":[],"yoast_head":"<!-- This site is optimized with the Yoast SEO Premium plugin v22.8 (Yoast SEO v27.5) - https:\/\/yoast.com\/product\/yoast-seo-premium-wordpress\/ -->\n<title>Dura Tex - ekstreemse veekindlusega k\u00f5rgekvaliteediline tekstiiltihendusmaterjal - versiegelung24.com<\/title>\n<meta name=\"robots\" content=\"index, follow, max-snippet:-1, max-image-preview:large, max-video-preview:-1\" \/>\n<link rel=\"canonical\" href=\"https:\/\/www.versiegelung24.com\/et\/esmaklassiline-tekstiili-ja-paberitokend-mis-on-aeaermiselt-vetthuelgav.html\" \/>\n<meta property=\"og:locale\" content=\"et_EE\" \/>\n<meta property=\"og:type\" content=\"article\" \/>\n<meta property=\"og:title\" content=\"Dura Tex - ekstreemse veekindlusega k\u00f5rgekvaliteediline tekstiiltihendusmaterjal\" \/>\n<meta property=\"og:description\" content=\"\u2713 Hingav \u2713 Kaitse plekkide eest \u2713 \u00c4\u00e4rmiselt vetth\u00fclgav \u2713 Sise- ja v\u00e4listingimustes kasutamiseks\" \/>\n<meta property=\"og:url\" content=\"https:\/\/www.versiegelung24.com\/et\/esmaklassiline-tekstiili-ja-paberitokend-mis-on-aeaermiselt-vetthuelgav.html\" \/>\n<meta property=\"og:site_name\" content=\"versiegelung24.com\" \/>\n<meta property=\"article:modified_time\" content=\"2025-01-03T22:54:11+00:00\" \/>\n<meta property=\"og:image\" content=\"https:\/\/www.versiegelung24.com\/wp-content\/uploads\/2020\/04\/produkt-6002-7689-1000-dura-tex-Premium-Textil-Papierversiegelung-scaled.webp\" \/>\n\t<meta property=\"og:image:width\" content=\"2560\" \/>\n\t<meta property=\"og:image:height\" content=\"2560\" \/>\n\t<meta property=\"og:image:type\" content=\"image\/webp\" \/>\n<meta name=\"twitter:card\" content=\"summary_large_image\" \/>\n<meta name=\"twitter:label1\" content=\"Price\" \/>\n\t<meta name=\"twitter:data1\" content=\"89,99&euro;\" \/>\n\t<meta name=\"twitter:label2\" content=\"Availability\" \/>\n\t<meta name=\"twitter:data2\" content=\"In stock\" \/>\n<script type=\"application\/ld+json\" class=\"yoast-schema-graph\">{\"@context\":\"https:\\\/\\\/schema.org\",\"@graph\":[{\"@type\":\"WebPage\",\"@id\":\"https:\\\/\\\/www.versiegelung24.com\\\/et\\\/esmaklassiline-tekstiili-ja-paberitokend-mis-on-aeaermiselt-vetthuelgav.html\",\"url\":\"https:\\\/\\\/www.versiegelung24.com\\\/et\\\/esmaklassiline-tekstiili-ja-paberitokend-mis-on-aeaermiselt-vetthuelgav.html\",\"name\":\"Dura Tex - ekstreemse veekindlusega k\u00f5rgekvaliteediline tekstiiltihendusmaterjal - versiegelung24.com\",\"isPartOf\":{\"@id\":\"https:\\\/\\\/www.versiegelung24.com\\\/et\\\/#website\"},\"primaryImageOfPage\":{\"@id\":\"https:\\\/\\\/www.versiegelung24.com\\\/et\\\/esmaklassiline-tekstiili-ja-paberitokend-mis-on-aeaermiselt-vetthuelgav.html#primaryimage\"},\"image\":{\"@id\":\"https:\\\/\\\/www.versiegelung24.com\\\/et\\\/esmaklassiline-tekstiili-ja-paberitokend-mis-on-aeaermiselt-vetthuelgav.html#primaryimage\"},\"thumbnailUrl\":\"https:\\\/\\\/www.versiegelung24.com\\\/wp-content\\\/uploads\\\/2020\\\/04\\\/produkt-6002-7689-1000-dura-tex-Premium-Textil-Papierversiegelung-scaled.webp\",\"datePublished\":\"2021-08-02T20:18:00+00:00\",\"dateModified\":\"2025-01-03T22:54:11+00:00\",\"breadcrumb\":{\"@id\":\"https:\\\/\\\/www.versiegelung24.com\\\/et\\\/esmaklassiline-tekstiili-ja-paberitokend-mis-on-aeaermiselt-vetthuelgav.html#breadcrumb\"},\"inLanguage\":\"et\",\"potentialAction\":[{\"@type\":\"ReadAction\",\"target\":[\"https:\\\/\\\/www.versiegelung24.com\\\/et\\\/esmaklassiline-tekstiili-ja-paberitokend-mis-on-aeaermiselt-vetthuelgav.html\"]}]},{\"@type\":\"ImageObject\",\"inLanguage\":\"et\",\"@id\":\"https:\\\/\\\/www.versiegelung24.com\\\/et\\\/esmaklassiline-tekstiili-ja-paberitokend-mis-on-aeaermiselt-vetthuelgav.html#primaryimage\",\"url\":\"https:\\\/\\\/www.versiegelung24.com\\\/wp-content\\\/uploads\\\/2020\\\/04\\\/produkt-6002-7689-1000-dura-tex-Premium-Textil-Papierversiegelung-scaled.webp\",\"contentUrl\":\"https:\\\/\\\/www.versiegelung24.com\\\/wp-content\\\/uploads\\\/2020\\\/04\\\/produkt-6002-7689-1000-dura-tex-Premium-Textil-Papierversiegelung-scaled.webp\",\"width\":2560,\"height\":2560},{\"@type\":\"BreadcrumbList\",\"@id\":\"https:\\\/\\\/www.versiegelung24.com\\\/et\\\/esmaklassiline-tekstiili-ja-paberitokend-mis-on-aeaermiselt-vetthuelgav.html#breadcrumb\",\"itemListElement\":[{\"@type\":\"ListItem\",\"position\":1,\"name\":\"Koduleht\",\"item\":\"https:\\\/\\\/www.versiegelung24.com\\\/et\\\/ees\\\/\"},{\"@type\":\"ListItem\",\"position\":2,\"name\":\"Pood\",\"item\":\"https:\\\/\\\/www.versiegelung24.com\\\/et\\\/pood\\\/\"},{\"@type\":\"ListItem\",\"position\":3,\"name\":\"Dura Tex &#8211; ekstreemse veekindlusega k\u00f5rgekvaliteediline tekstiiltihendusmaterjal\"}]},{\"@type\":\"WebSite\",\"@id\":\"https:\\\/\\\/www.versiegelung24.com\\\/et\\\/#website\",\"url\":\"https:\\\/\\\/www.versiegelung24.com\\\/et\\\/\",\"name\":\"versiegelung24.com\",\"description\":\"Fl\u00fcssigglas-Versiegelung - Made in Germany\",\"publisher\":{\"@id\":\"https:\\\/\\\/www.versiegelung24.com\\\/et\\\/#organization\"},\"potentialAction\":[{\"@type\":\"SearchAction\",\"target\":{\"@type\":\"EntryPoint\",\"urlTemplate\":\"https:\\\/\\\/www.versiegelung24.com\\\/et\\\/?s={search_term_string}\"},\"query-input\":{\"@type\":\"PropertyValueSpecification\",\"valueRequired\":true,\"valueName\":\"search_term_string\"}}],\"inLanguage\":\"et\"},{\"@type\":\"Organization\",\"@id\":\"https:\\\/\\\/www.versiegelung24.com\\\/et\\\/#organization\",\"name\":\"versiegelung24\",\"url\":\"https:\\\/\\\/www.versiegelung24.com\\\/et\\\/\",\"logo\":{\"@type\":\"ImageObject\",\"inLanguage\":\"et\",\"@id\":\"https:\\\/\\\/www.versiegelung24.com\\\/et\\\/#\\\/schema\\\/logo\\\/image\\\/\",\"url\":\"https:\\\/\\\/www.versiegelung24.com\\\/wp-content\\\/uploads\\\/2020\\\/04\\\/versiegelung24.png\",\"contentUrl\":\"https:\\\/\\\/www.versiegelung24.com\\\/wp-content\\\/uploads\\\/2020\\\/04\\\/versiegelung24.png\",\"width\":470,\"height\":102,\"caption\":\"versiegelung24\"},\"image\":{\"@id\":\"https:\\\/\\\/www.versiegelung24.com\\\/et\\\/#\\\/schema\\\/logo\\\/image\\\/\"}}]}<\/script>\n<meta property=\"product:price:amount\" content=\"89.99\" \/>\n<meta property=\"product:price:currency\" content=\"EUR\" \/>\n<meta property=\"og:availability\" content=\"instock\" \/>\n<meta property=\"product:availability\" content=\"instock\" \/>\n<meta property=\"product:retailer_item_id\" content=\"6002-7689-1000\" \/>\n<meta property=\"product:condition\" content=\"new\" \/>\n<!-- \/ Yoast SEO Premium plugin. -->","yoast_head_json":{"title":"Dura Tex - ekstreemse veekindlusega k\u00f5rgekvaliteediline tekstiiltihendusmaterjal - versiegelung24.com","robots":{"index":"index","follow":"follow","max-snippet":"max-snippet:-1","max-image-preview":"max-image-preview:large","max-video-preview":"max-video-preview:-1"},"canonical":"https:\/\/www.versiegelung24.com\/et\/esmaklassiline-tekstiili-ja-paberitokend-mis-on-aeaermiselt-vetthuelgav.html","og_locale":"et_EE","og_type":"article","og_title":"Dura Tex - ekstreemse veekindlusega k\u00f5rgekvaliteediline tekstiiltihendusmaterjal","og_description":"\u2713 Hingav \u2713 Kaitse plekkide eest \u2713 \u00c4\u00e4rmiselt vetth\u00fclgav \u2713 Sise- ja v\u00e4listingimustes kasutamiseks","og_url":"https:\/\/www.versiegelung24.com\/et\/esmaklassiline-tekstiili-ja-paberitokend-mis-on-aeaermiselt-vetthuelgav.html","og_site_name":"versiegelung24.com","article_modified_time":"2025-01-03T22:54:11+00:00","og_image":[{"width":2560,"height":2560,"url":"https:\/\/www.versiegelung24.com\/wp-content\/uploads\/2020\/04\/produkt-6002-7689-1000-dura-tex-Premium-Textil-Papierversiegelung-scaled.webp","type":"image\/webp"}],"twitter_card":"summary_large_image","twitter_misc":{"Price":"89,99&euro;","Availability":"In stock"},"schema":{"@context":"https:\/\/schema.org","@graph":[{"@type":"WebPage","@id":"https:\/\/www.versiegelung24.com\/et\/esmaklassiline-tekstiili-ja-paberitokend-mis-on-aeaermiselt-vetthuelgav.html","url":"https:\/\/www.versiegelung24.com\/et\/esmaklassiline-tekstiili-ja-paberitokend-mis-on-aeaermiselt-vetthuelgav.html","name":"Dura Tex - ekstreemse veekindlusega k\u00f5rgekvaliteediline tekstiiltihendusmaterjal - versiegelung24.com","isPartOf":{"@id":"https:\/\/www.versiegelung24.com\/et\/#website"},"primaryImageOfPage":{"@id":"https:\/\/www.versiegelung24.com\/et\/esmaklassiline-tekstiili-ja-paberitokend-mis-on-aeaermiselt-vetthuelgav.html#primaryimage"},"image":{"@id":"https:\/\/www.versiegelung24.com\/et\/esmaklassiline-tekstiili-ja-paberitokend-mis-on-aeaermiselt-vetthuelgav.html#primaryimage"},"thumbnailUrl":"https:\/\/www.versiegelung24.com\/wp-content\/uploads\/2020\/04\/produkt-6002-7689-1000-dura-tex-Premium-Textil-Papierversiegelung-scaled.webp","datePublished":"2021-08-02T20:18:00+00:00","dateModified":"2025-01-03T22:54:11+00:00","breadcrumb":{"@id":"https:\/\/www.versiegelung24.com\/et\/esmaklassiline-tekstiili-ja-paberitokend-mis-on-aeaermiselt-vetthuelgav.html#breadcrumb"},"inLanguage":"et","potentialAction":[{"@type":"ReadAction","target":["https:\/\/www.versiegelung24.com\/et\/esmaklassiline-tekstiili-ja-paberitokend-mis-on-aeaermiselt-vetthuelgav.html"]}]},{"@type":"ImageObject","inLanguage":"et","@id":"https:\/\/www.versiegelung24.com\/et\/esmaklassiline-tekstiili-ja-paberitokend-mis-on-aeaermiselt-vetthuelgav.html#primaryimage","url":"https:\/\/www.versiegelung24.com\/wp-content\/uploads\/2020\/04\/produkt-6002-7689-1000-dura-tex-Premium-Textil-Papierversiegelung-scaled.webp","contentUrl":"https:\/\/www.versiegelung24.com\/wp-content\/uploads\/2020\/04\/produkt-6002-7689-1000-dura-tex-Premium-Textil-Papierversiegelung-scaled.webp","width":2560,"height":2560},{"@type":"BreadcrumbList","@id":"https:\/\/www.versiegelung24.com\/et\/esmaklassiline-tekstiili-ja-paberitokend-mis-on-aeaermiselt-vetthuelgav.html#breadcrumb","itemListElement":[{"@type":"ListItem","position":1,"name":"Koduleht","item":"https:\/\/www.versiegelung24.com\/et\/ees\/"},{"@type":"ListItem","position":2,"name":"Pood","item":"https:\/\/www.versiegelung24.com\/et\/pood\/"},{"@type":"ListItem","position":3,"name":"Dura Tex &#8211; ekstreemse veekindlusega k\u00f5rgekvaliteediline tekstiiltihendusmaterjal"}]},{"@type":"WebSite","@id":"https:\/\/www.versiegelung24.com\/et\/#website","url":"https:\/\/www.versiegelung24.com\/et\/","name":"versiegelung24.com","description":"Fl\u00fcssigglas-Versiegelung - Made in Germany","publisher":{"@id":"https:\/\/www.versiegelung24.com\/et\/#organization"},"potentialAction":[{"@type":"SearchAction","target":{"@type":"EntryPoint","urlTemplate":"https:\/\/www.versiegelung24.com\/et\/?s={search_term_string}"},"query-input":{"@type":"PropertyValueSpecification","valueRequired":true,"valueName":"search_term_string"}}],"inLanguage":"et"},{"@type":"Organization","@id":"https:\/\/www.versiegelung24.com\/et\/#organization","name":"versiegelung24","url":"https:\/\/www.versiegelung24.com\/et\/","logo":{"@type":"ImageObject","inLanguage":"et","@id":"https:\/\/www.versiegelung24.com\/et\/#\/schema\/logo\/image\/","url":"https:\/\/www.versiegelung24.com\/wp-content\/uploads\/2020\/04\/versiegelung24.png","contentUrl":"https:\/\/www.versiegelung24.com\/wp-content\/uploads\/2020\/04\/versiegelung24.png","width":470,"height":102,"caption":"versiegelung24"},"image":{"@id":"https:\/\/www.versiegelung24.com\/et\/#\/schema\/logo\/image\/"}}]},"product_price_amount":"89.99","product_price_currency":"EUR","og_availability":"instock","product_availability":"instock","product_retailer_item_id":"6002-7689-1000","product_condition":"new"},"_links":{"self":[{"href":"https:\/\/www.versiegelung24.com\/et\/wp-json\/wp\/v2\/product\/24006","targetHints":{"allow":["GET"]}}],"collection":[{"href":"https:\/\/www.versiegelung24.com\/et\/wp-json\/wp\/v2\/product"}],"about":[{"href":"https:\/\/www.versiegelung24.com\/et\/wp-json\/wp\/v2\/types\/product"}],"version-history":[{"count":13,"href":"https:\/\/www.versiegelung24.com\/et\/wp-json\/wp\/v2\/product\/24006\/revisions"}],"predecessor-version":[{"id":177701,"href":"https:\/\/www.versiegelung24.com\/et\/wp-json\/wp\/v2\/product\/24006\/revisions\/177701"}],"wp:featuredmedia":[{"embeddable":true,"href":"https:\/\/www.versiegelung24.com\/et\/wp-json\/wp\/v2\/media\/125320"}],"wp:attachment":[{"href":"https:\/\/www.versiegelung24.com\/et\/wp-json\/wp\/v2\/media?parent=24006"}],"wp:term":[{"taxonomy":"product_brand","embeddable":true,"href":"https:\/\/www.versiegelung24.com\/et\/wp-json\/wp\/v2\/product_brand?post=24006"},{"taxonomy":"product_cat","embeddable":true,"href":"https:\/\/www.versiegelung24.com\/et\/wp-json\/wp\/v2\/product_cat?post=24006"},{"taxonomy":"product_tag","embeddable":true,"href":"https:\/\/www.versiegelung24.com\/et\/wp-json\/wp\/v2\/product_tag?post=24006"}],"curies":[{"name":"wp","href":"https:\/\/api.w.org\/{rel}","templated":true}]}}