{"id":24066,"date":"2020-04-29T20:41:14","date_gmt":"2020-04-29T18:41:14","guid":{"rendered":"https:\/\/www.versiegelung24.com\/produkt\/muster-betooni-kivi-tihendus-mis-on-aarmiselt-vetthulgav-mitte-hingav"},"modified":"2025-01-04T00:08:02","modified_gmt":"2025-01-03T23:08:02","slug":"muster-betoon-kivi-tihendus-aarmise-vetthulgavusega-mittehingav","status":"publish","type":"product","link":"https:\/\/www.versiegelung24.com\/et\/muster-betoon-kivi-tihendus-aeaermise-vetthuelgavusega-mittehingav.html","title":{"rendered":"N\u00e4ide: Premium betooni ja kivi tihendaja v\u00e4rvim\u00e4rgistusaine &#8211; mittehingav &#8211; 3008-704"},"content":{"rendered":"<p>100ml proov meie&nbsp;<a href=\"https:\/\/www.versiegelung24.com\/et\/premium-betoon-kivi-tihendus-aeaermuslik-vetthuelgav-mittehingav.html\">kivide tihendusmaterjalist, millel on \u00e4\u00e4rmuslik veekindlus<\/a>&nbsp;proovi pealekandmiseks v\u00f5i v\u00e4iksemate pindade tihendamiseks.<\/p>\n","protected":false},"excerpt":{"rendered":"<p><strong>\u00c4\u00e4rmiselt vetth\u00fclgav l\u00e4bipaistev lakk sise- ja v\u00e4listingimustes kasutamiseks<\/strong>  <\/p>\n<p>\u2713 k\u00f5ikidele imavatele mineraalkivi- ja betoonpindadele<\/p>\n<p>\u2713 Kergesti puhastatav efekt: mustus ei kleepu ja seda saab kergesti eemaldada<\/p>\n<p>\u2713 t\u00f6\u00f6deldud pinnad ei ole hingavad<\/p>\n<p>\u2713 Hoiab \u00e4ra sambla, sambliku, seente ja muude looduslike m\u00f5jurite kasvu<\/p>\n<p>\u2713 V\u00e4rvi s\u00fcvendav efekt l\u00e4ikiva kilega \/ pinna t\u00e4iustamine<\/p>\n<p>\u2713 K\u00f5lblikkusaeg: 5 aastat+<\/p>\n","protected":false},"featured_media":14607,"template":"","meta":{"_acf_changed":false,"neve_meta_sidebar":"","neve_meta_container":"","neve_meta_enable_content_width":"","neve_meta_content_width":0,"neve_meta_title_alignment":"","neve_meta_author_avatar":"","neve_post_elements_order":"","neve_meta_disable_header":"","neve_meta_disable_footer":"","neve_meta_disable_title":"","neve_meta_reading_time":"","_surfaces":[],"_ver_product_tabs":[],"footnotes":""},"product_brand":[],"product_cat":[2635],"product_tag":[],"class_list":{"0":"post-24066","1":"product","2":"type-product","3":"status-publish","4":"has-post-thumbnail","6":"product_cat-malli","7":"pa_gebinde-100-ml-pudel","9":"first","10":"onbackorder","11":"sold-individually","12":"taxable","13":"shipping-taxable","14":"purchasable","15":"product-type-variable","16":"has-default-attributes"},"acf":[],"yoast_head":"<!-- This site is optimized with the Yoast SEO Premium plugin v22.8 (Yoast SEO v27.3) - https:\/\/yoast.com\/product\/yoast-seo-premium-wordpress\/ -->\n<title>N\u00e4ide: Premium betooni ja kivi tihendaja v\u00e4rvim\u00e4rgistusaine - mittehingav - 3008-704 - versiegelung24.com<\/title>\n<meta name=\"robots\" content=\"index, follow, max-snippet:-1, max-image-preview:large, max-video-preview:-1\" \/>\n<link rel=\"canonical\" href=\"https:\/\/www.versiegelung24.com\/et\/muster-betoon-kivi-tihendus-aeaermise-vetthuelgavusega-mittehingav.html\" \/>\n<meta property=\"og:locale\" content=\"et_EE\" \/>\n<meta property=\"og:type\" content=\"article\" \/>\n<meta property=\"og:title\" content=\"N\u00e4ide: Premium betooni ja kivi tihendaja v\u00e4rvim\u00e4rgistusaine - mittehingav - 3008-704\" \/>\n<meta property=\"og:description\" content=\"\u00c4\u00e4rmiselt vetth\u00fclgav l\u00e4bipaistev lakk sise- ja v\u00e4listingimustes kasutamiseks  \u2713 k\u00f5ikidele imavatele mineraalkivi- ja betoonpindadele \u2713 Kergesti puhastatav efekt: mustus ei kleepu ja seda saab kergesti eemaldada \u2713 t\u00f6\u00f6deldud pinnad ei ole hingavad \u2713 Hoiab \u00e4ra sambla, sambliku, seente ja muude looduslike m\u00f5jurite kasvu \u2713 V\u00e4rvi s\u00fcvendav efekt l\u00e4ikiva kilega \/ pinna t\u00e4iustamine \u2713 K\u00f5lblikkusaeg: 5 aastat+\" \/>\n<meta property=\"og:url\" content=\"https:\/\/www.versiegelung24.com\/et\/muster-betoon-kivi-tihendus-aeaermise-vetthuelgavusega-mittehingav.html\" \/>\n<meta property=\"og:site_name\" content=\"versiegelung24.com\" \/>\n<meta property=\"article:modified_time\" content=\"2025-01-03T23:08:02+00:00\" \/>\n<meta property=\"og:image\" content=\"https:\/\/www.versiegelung24.com\/wp-content\/uploads\/2020\/04\/versiegelung-muster.png\" \/>\n\t<meta property=\"og:image:width\" content=\"1000\" \/>\n\t<meta property=\"og:image:height\" content=\"1000\" \/>\n\t<meta property=\"og:image:type\" content=\"image\/png\" \/>\n<meta name=\"twitter:card\" content=\"summary_large_image\" \/>\n<meta name=\"twitter:label1\" content=\"Availability\" \/>\n\t<meta name=\"twitter:data1\" content=\"On backorder\" \/>\n<script type=\"application\/ld+json\" class=\"yoast-schema-graph\">{\"@context\":\"https:\\\/\\\/schema.org\",\"@graph\":[{\"@type\":\"WebPage\",\"@id\":\"https:\\\/\\\/www.versiegelung24.com\\\/et\\\/muster-betoon-kivi-tihendus-aeaermise-vetthuelgavusega-mittehingav.html\",\"url\":\"https:\\\/\\\/www.versiegelung24.com\\\/et\\\/muster-betoon-kivi-tihendus-aeaermise-vetthuelgavusega-mittehingav.html\",\"name\":\"N\u00e4ide: Premium betooni ja kivi tihendaja v\u00e4rvim\u00e4rgistusaine - mittehingav - 3008-704 - versiegelung24.com\",\"isPartOf\":{\"@id\":\"https:\\\/\\\/www.versiegelung24.com\\\/et\\\/#website\"},\"primaryImageOfPage\":{\"@id\":\"https:\\\/\\\/www.versiegelung24.com\\\/et\\\/muster-betoon-kivi-tihendus-aeaermise-vetthuelgavusega-mittehingav.html#primaryimage\"},\"image\":{\"@id\":\"https:\\\/\\\/www.versiegelung24.com\\\/et\\\/muster-betoon-kivi-tihendus-aeaermise-vetthuelgavusega-mittehingav.html#primaryimage\"},\"thumbnailUrl\":\"https:\\\/\\\/www.versiegelung24.com\\\/wp-content\\\/uploads\\\/2020\\\/04\\\/versiegelung-muster.png\",\"datePublished\":\"2020-04-29T18:41:14+00:00\",\"dateModified\":\"2025-01-03T23:08:02+00:00\",\"breadcrumb\":{\"@id\":\"https:\\\/\\\/www.versiegelung24.com\\\/et\\\/muster-betoon-kivi-tihendus-aeaermise-vetthuelgavusega-mittehingav.html#breadcrumb\"},\"inLanguage\":\"et\",\"potentialAction\":[{\"@type\":\"ReadAction\",\"target\":[\"https:\\\/\\\/www.versiegelung24.com\\\/et\\\/muster-betoon-kivi-tihendus-aeaermise-vetthuelgavusega-mittehingav.html\"]}]},{\"@type\":\"ImageObject\",\"inLanguage\":\"et\",\"@id\":\"https:\\\/\\\/www.versiegelung24.com\\\/et\\\/muster-betoon-kivi-tihendus-aeaermise-vetthuelgavusega-mittehingav.html#primaryimage\",\"url\":\"https:\\\/\\\/www.versiegelung24.com\\\/wp-content\\\/uploads\\\/2020\\\/04\\\/versiegelung-muster.png\",\"contentUrl\":\"https:\\\/\\\/www.versiegelung24.com\\\/wp-content\\\/uploads\\\/2020\\\/04\\\/versiegelung-muster.png\",\"width\":1000,\"height\":1000},{\"@type\":\"BreadcrumbList\",\"@id\":\"https:\\\/\\\/www.versiegelung24.com\\\/et\\\/muster-betoon-kivi-tihendus-aeaermise-vetthuelgavusega-mittehingav.html#breadcrumb\",\"itemListElement\":[{\"@type\":\"ListItem\",\"position\":1,\"name\":\"Koduleht\",\"item\":\"https:\\\/\\\/www.versiegelung24.com\\\/et\\\/ees\\\/\"},{\"@type\":\"ListItem\",\"position\":2,\"name\":\"Pood\",\"item\":\"https:\\\/\\\/www.versiegelung24.com\\\/et\\\/pood\\\/\"},{\"@type\":\"ListItem\",\"position\":3,\"name\":\"N\u00e4ide: Premium betooni ja kivi tihendaja v\u00e4rvim\u00e4rgistusaine &#8211; mittehingav &#8211; 3008-704\"}]},{\"@type\":\"WebSite\",\"@id\":\"https:\\\/\\\/www.versiegelung24.com\\\/et\\\/#website\",\"url\":\"https:\\\/\\\/www.versiegelung24.com\\\/et\\\/\",\"name\":\"versiegelung24.com\",\"description\":\"Fl\u00fcssigglas-Versiegelung - Made in Germany\",\"publisher\":{\"@id\":\"https:\\\/\\\/www.versiegelung24.com\\\/et\\\/#organization\"},\"potentialAction\":[{\"@type\":\"SearchAction\",\"target\":{\"@type\":\"EntryPoint\",\"urlTemplate\":\"https:\\\/\\\/www.versiegelung24.com\\\/et\\\/?s={search_term_string}\"},\"query-input\":{\"@type\":\"PropertyValueSpecification\",\"valueRequired\":true,\"valueName\":\"search_term_string\"}}],\"inLanguage\":\"et\"},{\"@type\":\"Organization\",\"@id\":\"https:\\\/\\\/www.versiegelung24.com\\\/et\\\/#organization\",\"name\":\"versiegelung24\",\"url\":\"https:\\\/\\\/www.versiegelung24.com\\\/et\\\/\",\"logo\":{\"@type\":\"ImageObject\",\"inLanguage\":\"et\",\"@id\":\"https:\\\/\\\/www.versiegelung24.com\\\/et\\\/#\\\/schema\\\/logo\\\/image\\\/\",\"url\":\"https:\\\/\\\/www.versiegelung24.com\\\/wp-content\\\/uploads\\\/2020\\\/04\\\/versiegelung24.png\",\"contentUrl\":\"https:\\\/\\\/www.versiegelung24.com\\\/wp-content\\\/uploads\\\/2020\\\/04\\\/versiegelung24.png\",\"width\":470,\"height\":102,\"caption\":\"versiegelung24\"},\"image\":{\"@id\":\"https:\\\/\\\/www.versiegelung24.com\\\/et\\\/#\\\/schema\\\/logo\\\/image\\\/\"}}]}<\/script>\n<meta property=\"og:availability\" content=\"backorder\" \/>\n<meta property=\"product:availability\" content=\"available for order\" \/>\n<meta property=\"product:retailer_item_id\" content=\"3008-704-muster\" \/>\n<meta property=\"product:condition\" content=\"new\" \/>\n<!-- \/ Yoast SEO Premium plugin. -->","yoast_head_json":{"title":"N\u00e4ide: Premium betooni ja kivi tihendaja v\u00e4rvim\u00e4rgistusaine - mittehingav - 3008-704 - versiegelung24.com","robots":{"index":"index","follow":"follow","max-snippet":"max-snippet:-1","max-image-preview":"max-image-preview:large","max-video-preview":"max-video-preview:-1"},"canonical":"https:\/\/www.versiegelung24.com\/et\/muster-betoon-kivi-tihendus-aeaermise-vetthuelgavusega-mittehingav.html","og_locale":"et_EE","og_type":"article","og_title":"N\u00e4ide: Premium betooni ja kivi tihendaja v\u00e4rvim\u00e4rgistusaine - mittehingav - 3008-704","og_description":"\u00c4\u00e4rmiselt vetth\u00fclgav l\u00e4bipaistev lakk sise- ja v\u00e4listingimustes kasutamiseks  \u2713 k\u00f5ikidele imavatele mineraalkivi- ja betoonpindadele \u2713 Kergesti puhastatav efekt: mustus ei kleepu ja seda saab kergesti eemaldada \u2713 t\u00f6\u00f6deldud pinnad ei ole hingavad \u2713 Hoiab \u00e4ra sambla, sambliku, seente ja muude looduslike m\u00f5jurite kasvu \u2713 V\u00e4rvi s\u00fcvendav efekt l\u00e4ikiva kilega \/ pinna t\u00e4iustamine \u2713 K\u00f5lblikkusaeg: 5 aastat+","og_url":"https:\/\/www.versiegelung24.com\/et\/muster-betoon-kivi-tihendus-aeaermise-vetthuelgavusega-mittehingav.html","og_site_name":"versiegelung24.com","article_modified_time":"2025-01-03T23:08:02+00:00","og_image":[{"width":1000,"height":1000,"url":"https:\/\/www.versiegelung24.com\/wp-content\/uploads\/2020\/04\/versiegelung-muster.png","type":"image\/png"}],"twitter_card":"summary_large_image","twitter_misc":{"Availability":"On backorder"},"schema":{"@context":"https:\/\/schema.org","@graph":[{"@type":"WebPage","@id":"https:\/\/www.versiegelung24.com\/et\/muster-betoon-kivi-tihendus-aeaermise-vetthuelgavusega-mittehingav.html","url":"https:\/\/www.versiegelung24.com\/et\/muster-betoon-kivi-tihendus-aeaermise-vetthuelgavusega-mittehingav.html","name":"N\u00e4ide: Premium betooni ja kivi tihendaja v\u00e4rvim\u00e4rgistusaine - mittehingav - 3008-704 - versiegelung24.com","isPartOf":{"@id":"https:\/\/www.versiegelung24.com\/et\/#website"},"primaryImageOfPage":{"@id":"https:\/\/www.versiegelung24.com\/et\/muster-betoon-kivi-tihendus-aeaermise-vetthuelgavusega-mittehingav.html#primaryimage"},"image":{"@id":"https:\/\/www.versiegelung24.com\/et\/muster-betoon-kivi-tihendus-aeaermise-vetthuelgavusega-mittehingav.html#primaryimage"},"thumbnailUrl":"https:\/\/www.versiegelung24.com\/wp-content\/uploads\/2020\/04\/versiegelung-muster.png","datePublished":"2020-04-29T18:41:14+00:00","dateModified":"2025-01-03T23:08:02+00:00","breadcrumb":{"@id":"https:\/\/www.versiegelung24.com\/et\/muster-betoon-kivi-tihendus-aeaermise-vetthuelgavusega-mittehingav.html#breadcrumb"},"inLanguage":"et","potentialAction":[{"@type":"ReadAction","target":["https:\/\/www.versiegelung24.com\/et\/muster-betoon-kivi-tihendus-aeaermise-vetthuelgavusega-mittehingav.html"]}]},{"@type":"ImageObject","inLanguage":"et","@id":"https:\/\/www.versiegelung24.com\/et\/muster-betoon-kivi-tihendus-aeaermise-vetthuelgavusega-mittehingav.html#primaryimage","url":"https:\/\/www.versiegelung24.com\/wp-content\/uploads\/2020\/04\/versiegelung-muster.png","contentUrl":"https:\/\/www.versiegelung24.com\/wp-content\/uploads\/2020\/04\/versiegelung-muster.png","width":1000,"height":1000},{"@type":"BreadcrumbList","@id":"https:\/\/www.versiegelung24.com\/et\/muster-betoon-kivi-tihendus-aeaermise-vetthuelgavusega-mittehingav.html#breadcrumb","itemListElement":[{"@type":"ListItem","position":1,"name":"Koduleht","item":"https:\/\/www.versiegelung24.com\/et\/ees\/"},{"@type":"ListItem","position":2,"name":"Pood","item":"https:\/\/www.versiegelung24.com\/et\/pood\/"},{"@type":"ListItem","position":3,"name":"N\u00e4ide: Premium betooni ja kivi tihendaja v\u00e4rvim\u00e4rgistusaine &#8211; mittehingav &#8211; 3008-704"}]},{"@type":"WebSite","@id":"https:\/\/www.versiegelung24.com\/et\/#website","url":"https:\/\/www.versiegelung24.com\/et\/","name":"versiegelung24.com","description":"Fl\u00fcssigglas-Versiegelung - Made in Germany","publisher":{"@id":"https:\/\/www.versiegelung24.com\/et\/#organization"},"potentialAction":[{"@type":"SearchAction","target":{"@type":"EntryPoint","urlTemplate":"https:\/\/www.versiegelung24.com\/et\/?s={search_term_string}"},"query-input":{"@type":"PropertyValueSpecification","valueRequired":true,"valueName":"search_term_string"}}],"inLanguage":"et"},{"@type":"Organization","@id":"https:\/\/www.versiegelung24.com\/et\/#organization","name":"versiegelung24","url":"https:\/\/www.versiegelung24.com\/et\/","logo":{"@type":"ImageObject","inLanguage":"et","@id":"https:\/\/www.versiegelung24.com\/et\/#\/schema\/logo\/image\/","url":"https:\/\/www.versiegelung24.com\/wp-content\/uploads\/2020\/04\/versiegelung24.png","contentUrl":"https:\/\/www.versiegelung24.com\/wp-content\/uploads\/2020\/04\/versiegelung24.png","width":470,"height":102,"caption":"versiegelung24"},"image":{"@id":"https:\/\/www.versiegelung24.com\/et\/#\/schema\/logo\/image\/"}}]},"og_availability":"backorder","product_availability":"available for order","product_retailer_item_id":"3008-704-muster","product_condition":"new"},"_links":{"self":[{"href":"https:\/\/www.versiegelung24.com\/et\/wp-json\/wp\/v2\/product\/24066","targetHints":{"allow":["GET"]}}],"collection":[{"href":"https:\/\/www.versiegelung24.com\/et\/wp-json\/wp\/v2\/product"}],"about":[{"href":"https:\/\/www.versiegelung24.com\/et\/wp-json\/wp\/v2\/types\/product"}],"version-history":[{"count":2,"href":"https:\/\/www.versiegelung24.com\/et\/wp-json\/wp\/v2\/product\/24066\/revisions"}],"predecessor-version":[{"id":140730,"href":"https:\/\/www.versiegelung24.com\/et\/wp-json\/wp\/v2\/product\/24066\/revisions\/140730"}],"wp:featuredmedia":[{"embeddable":true,"href":"https:\/\/www.versiegelung24.com\/et\/wp-json\/wp\/v2\/media\/14607"}],"wp:attachment":[{"href":"https:\/\/www.versiegelung24.com\/et\/wp-json\/wp\/v2\/media?parent=24066"}],"wp:term":[{"taxonomy":"product_brand","embeddable":true,"href":"https:\/\/www.versiegelung24.com\/et\/wp-json\/wp\/v2\/product_brand?post=24066"},{"taxonomy":"product_cat","embeddable":true,"href":"https:\/\/www.versiegelung24.com\/et\/wp-json\/wp\/v2\/product_cat?post=24066"},{"taxonomy":"product_tag","embeddable":true,"href":"https:\/\/www.versiegelung24.com\/et\/wp-json\/wp\/v2\/product_tag?post=24066"}],"curies":[{"name":"wp","href":"https:\/\/api.w.org\/{rel}","templated":true}]}}