{"id":24080,"date":"2020-04-27T21:49:59","date_gmt":"2021-08-02T20:23:09","guid":{"rendered":"https:\/\/www.versiegelung24.com\/produkt\/monumendikivi-kivi-ja-betooni-suure-joudlusega-tihendus"},"modified":"2025-03-20T09:53:49","modified_gmt":"2025-03-20T08:53:49","slug":"monument-kivi-kivi-ja-betoon-korge-joudlusega-tihendus","status":"publish","type":"product","link":"https:\/\/www.versiegelung24.com\/et\/maelestuskivi-kivi-betoon-suure-joudlusega-tihendus.html","title":{"rendered":"Monument Stone \u2013 kivist ja betoonist vedelklaasi tihendusvahend"},"content":{"rendered":"\n<p>Meie Monument Stone suure j\u00f5udlusega tihend kaitseb kvaliteetseid betoonkivitooteid t\u00f5husalt ja p\u00fcsivalt \u00fcldise vee, toidu ja \u00f5lidega saastumise eest.<\/p>\n\n<hr \/>\n\n<h4 class=\"wp-block-heading\" id=\"properties\">Toote omadused<\/h4>\n\n<div class=\"wp-block-columns is-layout-flex wp-container-core-columns-is-layout-9d6595d7 wp-block-columns-is-layout-flex\">\n<div class=\"wp-block-column is-layout-flow wp-block-column-is-layout-flow\">\n<p><strong>Suure j\u00f5udlusega tihendus kivi- ja betoonplokitoodetele, et v\u00e4hendada \u00fcldist kalduvust m\u00e4\u00e4rduda vee, toidu ja \u00f5lidega<\/strong><\/p>\n\n\n\n<p>Artikli number: 3009-8637<\/p>\n\n\n\n<p>K\u00f5rge kvaliteet Valmistatud Saksamaal<\/p>\n\n\n\n<p><strong>toote ohutus<\/strong><\/p>\n\n\n\n<p>Teave toote klassifitseerimise kohta ohtlike ainete m\u00e4\u00e4ruse raames, ohutusandmed ning andmed toksikoloogia ja ladustamise kohta leiate meie ohutuskaardilt.<\/p>\n\n\n\n<p><strong>ladustamine<\/strong><\/p>\n\n\n\n<p>J\u00e4rgida tuleb seotud ohutuskaardil (MSDS) olevat teavet.<\/p>\n\n\n\n<p>V24 Monument Stone tuleb hoida kuivas, h\u00e4sti ventileeritavas ja jahedas (20\u00b0C) kohas. Hoida\/s\u00e4ilitada ainult tihedalt suletud originaalpakendis. Kaitsta otsese p\u00e4ikesevalguse eest. N\u00f5uetekohase s\u00e4ilitamise korral on minimaalne s\u00e4ilivusaeg 12 kuud alates valmistamiskuup\u00e4evast.<\/p>\n\n\n\n<p>Pikem s\u00e4ilivusaeg ei pruugi t\u00e4hendada, et toode on kasutusk\u00f5lbmatu, kuid kvaliteedi tagamise m\u00f5ttes tuleks \u00fcle kontrollida otstarbekohaseks kasutuseks soovitavad omadused.<\/p>\n<\/div>\n\n\n\n<div class=\"wp-block-column is-layout-flow wp-block-column-is-layout-flow\">\n<p>\u2713 Veebaasil suure j\u00f5udlusega immutamine<\/p>\n\n\n\n<p>\u2713 T\u00f5hus kuni 10 aastat (eeldusel, et seda kasutatakse \u00f5igesti).<\/p>\n\n\n\n<p>\u2713 Sobib eriti h\u00e4sti m\u00e4lestiste pikaajaliseks kaitseks<\/p>\n\n\n\n<p>\u2713 v\u00e4ga kontsentreeritud<\/p>\n\n\n\n<p>\u2713 Pikaajaline kaitse substraadi keemilise sidumise kaudu<\/p>\n\n\n\n<p>\u2713 Leelisekindel kuni pH 10-11*<\/p>\n\n\n\n<p>\u2713 Mittenakkuv efekt<\/p>\n\n\n\n<p>\u2713 V\u00e4ga \u00f5li-, vett- ja mustust h\u00fclgav<\/p>\n\n\n\n<p>\u2713 Leelisekindel<\/p>\n\n\n\n<p>\u2713 V\u00e4henenud \u00f5isikud<\/p>\n\n\n\n<p>\u2713 Mustuse nakkumise minimeerimine<\/p>\n\n\n\n<p>\u2713 Vetikate ja sambla kasvu v\u00e4hendamine<\/p>\n\n\n\n<p>\u2713 v\u00e4hendab uuesti m\u00e4\u00e4rdumist<\/p>\n\n\n\n<p>\u2713 Avatud aurude difusioonile<\/p>\n\n\n\n<p>\u2713 kuivab kiiresti ja ei kleepu<\/p>\n\n\n\n<p>\u2713 K\u00f5rge UV-stabiilsus<\/p>\n\n\n\n<p>\u2713 Kasutusvalmis lahendus<\/p>\n\n\n\n<p>\u2713 n\u00e4htamatu<\/p>\n<\/div>\n<\/div>\n\n<hr \/>\n\n<h4 class=\"wp-block-heading\" id=\"application\">Taotlus<\/h4>\n\n<div class=\"wp-block-columns is-layout-flex wp-container-core-columns-is-layout-9d6595d7 wp-block-columns-is-layout-flex\">\n<div class=\"wp-block-column is-layout-flow wp-block-column-is-layout-flow\">\n<ul class=\"wp-block-list\">\n<li><strong>V24 Monument Stone &#8211;<\/strong> vedelklaasi tihend kantakse eelnevalt puhastatud ja kuivatatud pinnale lahjendamata kujul, kuna ainult nii on v\u00f5imalik tagada tihendi s\u00fcgav l\u00e4bitungimine, mis p\u00f5hjustab optimaalse pikaajalise ja s\u00fcgava efekti.<\/li>\n<\/ul>\n\n\n\n<ul class=\"wp-block-list\">\n<li>Tihendus kantakse aluspinnale \u00fchtlaselt ja \u00f5hukeselt, kuni pind tundub mattniiske.<\/li>\n<\/ul>\n\n\n\n<ul class=\"wp-block-list\">\n<li>Kantakse peale pintsli, vahtrulli, mikrokiudlapiga v\u00f5i pihustamise teel.<\/li>\n<\/ul>\n\n\n\n<ul class=\"wp-block-list\">\n<li>V\u00e4ltida tuleb lompi teket. Liigne h\u00fcdroisolatsiooniaine tuleb aluspinnalt eemaldada.<\/li>\n<\/ul>\n<\/div>\n\n\n\n<div class=\"wp-block-column is-layout-flow wp-block-column-is-layout-flow\">\n<ul class=\"wp-block-list\">\n<li>P\u00e4rast pealekandmist peab <strong>m\u00e4lestuskivi V24<\/strong> j\u00e4\u00e4ma pinnaga kontakti vedela kilena mitu sekundit.<\/li>\n<\/ul>\n\n\n\n<ul class=\"wp-block-list\">\n<li>T\u00e4ielik funktsionaalsus ilmneb p\u00e4rast 48-tunnist kuivatamist toatemperatuuril. S\u00fcgavkuivatus v\u00f5ib olenevalt aluspinnast samuti erineda.<\/li>\n<\/ul>\n\n\n\n<p>\u00dcksikasjaliku rakenduse kirjelduse leiate meie andmelehelt<\/p>\n\n\n\n<p>V\u00e4ga t\u00f5hus vedelklaasi tihendus monumentidele &#8211; kivi- ja betoonplokitoodetele.<\/p>\n\n\n\n<p>\u2713 Betoon (artiklid)<\/p>\n\n\n\n<p>\u2713 kivi (artiklid)<\/p>\n\n\n\n<p>\u2713 Plaat- ja sillutuskivis\u00fcsteemid<\/p>\n\n\n\n<p>\u2713 M\u00e4lestuskivid<\/p>\n<\/div>\n<\/div>\n","protected":false},"excerpt":{"rendered":"<p><strong>\u00d5li, vett ja mustust h\u00fclgav vedel klaasihermeetik kivi- ja betoonpindadele<\/strong><\/p>\n<p>\u2713 Pikaajaline kaitse substraadi keemilise sidumise kaudu<\/p>\n<p>\u2713 V\u00e4ga \u00f5li-, vett- ja mustust h\u00fclgav<\/p>\n<p>\u2713 M\u00e4lestuskivil pikaajaline kaitse<\/p>\n<p>\u2713 Vetikate ja sambla kasvu v\u00e4hendamine<\/p>\n<p>\u2713 Mittenakkuv efekt<\/p>\n","protected":false},"featured_media":18140,"template":"","meta":{"_acf_changed":false,"neve_meta_sidebar":"","neve_meta_container":"","neve_meta_enable_content_width":"","neve_meta_content_width":0,"neve_meta_title_alignment":"","neve_meta_author_avatar":"","neve_post_elements_order":"","neve_meta_disable_header":"","neve_meta_disable_footer":"","neve_meta_disable_title":"","neve_meta_reading_time":"","_surfaces":[],"_ver_product_tabs":[],"footnotes":""},"product_brand":[],"product_cat":[2336],"product_tag":[],"class_list":{"0":"post-24080","1":"product","2":"type-product","3":"status-publish","4":"has-post-thumbnail","6":"product_cat-kivi-ja-betooni-tihendamine","8":"first","9":"onbackorder","10":"taxable","11":"shipping-taxable","12":"purchasable","13":"product-type-simple"},"acf":[],"yoast_head":"<!-- This site is optimized with the Yoast SEO Premium plugin v22.8 (Yoast SEO v27.5) - https:\/\/yoast.com\/product\/yoast-seo-premium-wordpress\/ -->\n<title>Monument Stone \u2013 kivist ja betoonist vedelklaasi tihendusvahend - versiegelung24.com<\/title>\n<meta name=\"robots\" content=\"index, follow, max-snippet:-1, max-image-preview:large, max-video-preview:-1\" \/>\n<link rel=\"canonical\" href=\"https:\/\/www.versiegelung24.com\/et\/maelestuskivi-kivi-betoon-suure-joudlusega-tihendus.html\" \/>\n<meta property=\"og:locale\" content=\"et_EE\" \/>\n<meta property=\"og:type\" content=\"article\" \/>\n<meta property=\"og:title\" content=\"Monument Stone \u2013 kivist ja betoonist vedelklaasi tihendusvahend\" \/>\n<meta property=\"og:description\" content=\"\u00d5li, vett ja mustust h\u00fclgav vedel klaasihermeetik kivi- ja betoonpindadele \u2713 Pikaajaline kaitse substraadi keemilise sidumise kaudu \u2713 V\u00e4ga \u00f5li-, vett- ja mustust h\u00fclgav \u2713 M\u00e4lestuskivil pikaajaline kaitse \u2713 Vetikate ja sambla kasvu v\u00e4hendamine \u2713 Mittenakkuv efekt\" \/>\n<meta property=\"og:url\" content=\"https:\/\/www.versiegelung24.com\/et\/maelestuskivi-kivi-betoon-suure-joudlusega-tihendus.html\" \/>\n<meta property=\"og:site_name\" content=\"versiegelung24.com\" \/>\n<meta property=\"article:modified_time\" content=\"2025-03-20T08:53:49+00:00\" \/>\n<meta property=\"og:image\" content=\"https:\/\/www.versiegelung24.com\/wp-content\/uploads\/2020\/06\/produkt-3009-7637-1000-Monument-Stone-scaled.jpg\" \/>\n\t<meta property=\"og:image:width\" content=\"2560\" \/>\n\t<meta property=\"og:image:height\" content=\"2560\" \/>\n\t<meta property=\"og:image:type\" content=\"image\/jpeg\" \/>\n<meta name=\"twitter:card\" content=\"summary_large_image\" \/>\n<meta name=\"twitter:label1\" content=\"Price\" \/>\n\t<meta name=\"twitter:data1\" content=\"89,99&euro;\" \/>\n\t<meta name=\"twitter:label2\" content=\"Availability\" \/>\n\t<meta name=\"twitter:data2\" content=\"On backorder\" \/>\n<script type=\"application\/ld+json\" class=\"yoast-schema-graph\">{\"@context\":\"https:\\\/\\\/schema.org\",\"@graph\":[{\"@type\":\"WebPage\",\"@id\":\"https:\\\/\\\/www.versiegelung24.com\\\/et\\\/maelestuskivi-kivi-betoon-suure-joudlusega-tihendus.html\",\"url\":\"https:\\\/\\\/www.versiegelung24.com\\\/et\\\/maelestuskivi-kivi-betoon-suure-joudlusega-tihendus.html\",\"name\":\"Monument Stone \u2013 kivist ja betoonist vedelklaasi tihendusvahend - versiegelung24.com\",\"isPartOf\":{\"@id\":\"https:\\\/\\\/www.versiegelung24.com\\\/et\\\/#website\"},\"primaryImageOfPage\":{\"@id\":\"https:\\\/\\\/www.versiegelung24.com\\\/et\\\/maelestuskivi-kivi-betoon-suure-joudlusega-tihendus.html#primaryimage\"},\"image\":{\"@id\":\"https:\\\/\\\/www.versiegelung24.com\\\/et\\\/maelestuskivi-kivi-betoon-suure-joudlusega-tihendus.html#primaryimage\"},\"thumbnailUrl\":\"https:\\\/\\\/www.versiegelung24.com\\\/wp-content\\\/uploads\\\/2020\\\/06\\\/produkt-3009-7637-1000-Monument-Stone-scaled.jpg\",\"datePublished\":\"2021-08-02T20:23:09+00:00\",\"dateModified\":\"2025-03-20T08:53:49+00:00\",\"breadcrumb\":{\"@id\":\"https:\\\/\\\/www.versiegelung24.com\\\/et\\\/maelestuskivi-kivi-betoon-suure-joudlusega-tihendus.html#breadcrumb\"},\"inLanguage\":\"et\",\"potentialAction\":[{\"@type\":\"ReadAction\",\"target\":[\"https:\\\/\\\/www.versiegelung24.com\\\/et\\\/maelestuskivi-kivi-betoon-suure-joudlusega-tihendus.html\"]}]},{\"@type\":\"ImageObject\",\"inLanguage\":\"et\",\"@id\":\"https:\\\/\\\/www.versiegelung24.com\\\/et\\\/maelestuskivi-kivi-betoon-suure-joudlusega-tihendus.html#primaryimage\",\"url\":\"https:\\\/\\\/www.versiegelung24.com\\\/wp-content\\\/uploads\\\/2020\\\/06\\\/produkt-3009-7637-1000-Monument-Stone-scaled.jpg\",\"contentUrl\":\"https:\\\/\\\/www.versiegelung24.com\\\/wp-content\\\/uploads\\\/2020\\\/06\\\/produkt-3009-7637-1000-Monument-Stone-scaled.jpg\",\"width\":2560,\"height\":2560},{\"@type\":\"BreadcrumbList\",\"@id\":\"https:\\\/\\\/www.versiegelung24.com\\\/et\\\/maelestuskivi-kivi-betoon-suure-joudlusega-tihendus.html#breadcrumb\",\"itemListElement\":[{\"@type\":\"ListItem\",\"position\":1,\"name\":\"Koduleht\",\"item\":\"https:\\\/\\\/www.versiegelung24.com\\\/et\\\/ees\\\/\"},{\"@type\":\"ListItem\",\"position\":2,\"name\":\"Pood\",\"item\":\"https:\\\/\\\/www.versiegelung24.com\\\/et\\\/pood\\\/\"},{\"@type\":\"ListItem\",\"position\":3,\"name\":\"Monument Stone \u2013 kivist ja betoonist vedelklaasi tihendusvahend\"}]},{\"@type\":\"WebSite\",\"@id\":\"https:\\\/\\\/www.versiegelung24.com\\\/et\\\/#website\",\"url\":\"https:\\\/\\\/www.versiegelung24.com\\\/et\\\/\",\"name\":\"versiegelung24.com\",\"description\":\"Fl\u00fcssigglas-Versiegelung - Made in Germany\",\"publisher\":{\"@id\":\"https:\\\/\\\/www.versiegelung24.com\\\/et\\\/#organization\"},\"potentialAction\":[{\"@type\":\"SearchAction\",\"target\":{\"@type\":\"EntryPoint\",\"urlTemplate\":\"https:\\\/\\\/www.versiegelung24.com\\\/et\\\/?s={search_term_string}\"},\"query-input\":{\"@type\":\"PropertyValueSpecification\",\"valueRequired\":true,\"valueName\":\"search_term_string\"}}],\"inLanguage\":\"et\"},{\"@type\":\"Organization\",\"@id\":\"https:\\\/\\\/www.versiegelung24.com\\\/et\\\/#organization\",\"name\":\"versiegelung24\",\"url\":\"https:\\\/\\\/www.versiegelung24.com\\\/et\\\/\",\"logo\":{\"@type\":\"ImageObject\",\"inLanguage\":\"et\",\"@id\":\"https:\\\/\\\/www.versiegelung24.com\\\/et\\\/#\\\/schema\\\/logo\\\/image\\\/\",\"url\":\"https:\\\/\\\/www.versiegelung24.com\\\/wp-content\\\/uploads\\\/2020\\\/04\\\/versiegelung24.png\",\"contentUrl\":\"https:\\\/\\\/www.versiegelung24.com\\\/wp-content\\\/uploads\\\/2020\\\/04\\\/versiegelung24.png\",\"width\":470,\"height\":102,\"caption\":\"versiegelung24\"},\"image\":{\"@id\":\"https:\\\/\\\/www.versiegelung24.com\\\/et\\\/#\\\/schema\\\/logo\\\/image\\\/\"}}]}<\/script>\n<meta property=\"product:price:amount\" content=\"89.99\" \/>\n<meta property=\"product:price:currency\" content=\"EUR\" \/>\n<meta property=\"og:availability\" content=\"backorder\" \/>\n<meta property=\"product:availability\" content=\"available for order\" \/>\n<meta property=\"product:retailer_item_id\" content=\"3009-8637-1\" \/>\n<meta property=\"product:condition\" content=\"new\" \/>\n<!-- \/ Yoast SEO Premium plugin. -->","yoast_head_json":{"title":"Monument Stone \u2013 kivist ja betoonist vedelklaasi tihendusvahend - versiegelung24.com","robots":{"index":"index","follow":"follow","max-snippet":"max-snippet:-1","max-image-preview":"max-image-preview:large","max-video-preview":"max-video-preview:-1"},"canonical":"https:\/\/www.versiegelung24.com\/et\/maelestuskivi-kivi-betoon-suure-joudlusega-tihendus.html","og_locale":"et_EE","og_type":"article","og_title":"Monument Stone \u2013 kivist ja betoonist vedelklaasi tihendusvahend","og_description":"\u00d5li, vett ja mustust h\u00fclgav vedel klaasihermeetik kivi- ja betoonpindadele \u2713 Pikaajaline kaitse substraadi keemilise sidumise kaudu \u2713 V\u00e4ga \u00f5li-, vett- ja mustust h\u00fclgav \u2713 M\u00e4lestuskivil pikaajaline kaitse \u2713 Vetikate ja sambla kasvu v\u00e4hendamine \u2713 Mittenakkuv efekt","og_url":"https:\/\/www.versiegelung24.com\/et\/maelestuskivi-kivi-betoon-suure-joudlusega-tihendus.html","og_site_name":"versiegelung24.com","article_modified_time":"2025-03-20T08:53:49+00:00","og_image":[{"width":2560,"height":2560,"url":"https:\/\/www.versiegelung24.com\/wp-content\/uploads\/2020\/06\/produkt-3009-7637-1000-Monument-Stone-scaled.jpg","type":"image\/jpeg"}],"twitter_card":"summary_large_image","twitter_misc":{"Price":"89,99&euro;","Availability":"On backorder"},"schema":{"@context":"https:\/\/schema.org","@graph":[{"@type":"WebPage","@id":"https:\/\/www.versiegelung24.com\/et\/maelestuskivi-kivi-betoon-suure-joudlusega-tihendus.html","url":"https:\/\/www.versiegelung24.com\/et\/maelestuskivi-kivi-betoon-suure-joudlusega-tihendus.html","name":"Monument Stone \u2013 kivist ja betoonist vedelklaasi tihendusvahend - versiegelung24.com","isPartOf":{"@id":"https:\/\/www.versiegelung24.com\/et\/#website"},"primaryImageOfPage":{"@id":"https:\/\/www.versiegelung24.com\/et\/maelestuskivi-kivi-betoon-suure-joudlusega-tihendus.html#primaryimage"},"image":{"@id":"https:\/\/www.versiegelung24.com\/et\/maelestuskivi-kivi-betoon-suure-joudlusega-tihendus.html#primaryimage"},"thumbnailUrl":"https:\/\/www.versiegelung24.com\/wp-content\/uploads\/2020\/06\/produkt-3009-7637-1000-Monument-Stone-scaled.jpg","datePublished":"2021-08-02T20:23:09+00:00","dateModified":"2025-03-20T08:53:49+00:00","breadcrumb":{"@id":"https:\/\/www.versiegelung24.com\/et\/maelestuskivi-kivi-betoon-suure-joudlusega-tihendus.html#breadcrumb"},"inLanguage":"et","potentialAction":[{"@type":"ReadAction","target":["https:\/\/www.versiegelung24.com\/et\/maelestuskivi-kivi-betoon-suure-joudlusega-tihendus.html"]}]},{"@type":"ImageObject","inLanguage":"et","@id":"https:\/\/www.versiegelung24.com\/et\/maelestuskivi-kivi-betoon-suure-joudlusega-tihendus.html#primaryimage","url":"https:\/\/www.versiegelung24.com\/wp-content\/uploads\/2020\/06\/produkt-3009-7637-1000-Monument-Stone-scaled.jpg","contentUrl":"https:\/\/www.versiegelung24.com\/wp-content\/uploads\/2020\/06\/produkt-3009-7637-1000-Monument-Stone-scaled.jpg","width":2560,"height":2560},{"@type":"BreadcrumbList","@id":"https:\/\/www.versiegelung24.com\/et\/maelestuskivi-kivi-betoon-suure-joudlusega-tihendus.html#breadcrumb","itemListElement":[{"@type":"ListItem","position":1,"name":"Koduleht","item":"https:\/\/www.versiegelung24.com\/et\/ees\/"},{"@type":"ListItem","position":2,"name":"Pood","item":"https:\/\/www.versiegelung24.com\/et\/pood\/"},{"@type":"ListItem","position":3,"name":"Monument Stone \u2013 kivist ja betoonist vedelklaasi tihendusvahend"}]},{"@type":"WebSite","@id":"https:\/\/www.versiegelung24.com\/et\/#website","url":"https:\/\/www.versiegelung24.com\/et\/","name":"versiegelung24.com","description":"Fl\u00fcssigglas-Versiegelung - Made in Germany","publisher":{"@id":"https:\/\/www.versiegelung24.com\/et\/#organization"},"potentialAction":[{"@type":"SearchAction","target":{"@type":"EntryPoint","urlTemplate":"https:\/\/www.versiegelung24.com\/et\/?s={search_term_string}"},"query-input":{"@type":"PropertyValueSpecification","valueRequired":true,"valueName":"search_term_string"}}],"inLanguage":"et"},{"@type":"Organization","@id":"https:\/\/www.versiegelung24.com\/et\/#organization","name":"versiegelung24","url":"https:\/\/www.versiegelung24.com\/et\/","logo":{"@type":"ImageObject","inLanguage":"et","@id":"https:\/\/www.versiegelung24.com\/et\/#\/schema\/logo\/image\/","url":"https:\/\/www.versiegelung24.com\/wp-content\/uploads\/2020\/04\/versiegelung24.png","contentUrl":"https:\/\/www.versiegelung24.com\/wp-content\/uploads\/2020\/04\/versiegelung24.png","width":470,"height":102,"caption":"versiegelung24"},"image":{"@id":"https:\/\/www.versiegelung24.com\/et\/#\/schema\/logo\/image\/"}}]},"product_price_amount":"89.99","product_price_currency":"EUR","og_availability":"backorder","product_availability":"available for order","product_retailer_item_id":"3009-8637-1","product_condition":"new"},"_links":{"self":[{"href":"https:\/\/www.versiegelung24.com\/et\/wp-json\/wp\/v2\/product\/24080","targetHints":{"allow":["GET"]}}],"collection":[{"href":"https:\/\/www.versiegelung24.com\/et\/wp-json\/wp\/v2\/product"}],"about":[{"href":"https:\/\/www.versiegelung24.com\/et\/wp-json\/wp\/v2\/types\/product"}],"version-history":[{"count":26,"href":"https:\/\/www.versiegelung24.com\/et\/wp-json\/wp\/v2\/product\/24080\/revisions"}],"predecessor-version":[{"id":181038,"href":"https:\/\/www.versiegelung24.com\/et\/wp-json\/wp\/v2\/product\/24080\/revisions\/181038"}],"wp:featuredmedia":[{"embeddable":true,"href":"https:\/\/www.versiegelung24.com\/et\/wp-json\/wp\/v2\/media\/18140"}],"wp:attachment":[{"href":"https:\/\/www.versiegelung24.com\/et\/wp-json\/wp\/v2\/media?parent=24080"}],"wp:term":[{"taxonomy":"product_brand","embeddable":true,"href":"https:\/\/www.versiegelung24.com\/et\/wp-json\/wp\/v2\/product_brand?post=24080"},{"taxonomy":"product_cat","embeddable":true,"href":"https:\/\/www.versiegelung24.com\/et\/wp-json\/wp\/v2\/product_cat?post=24080"},{"taxonomy":"product_tag","embeddable":true,"href":"https:\/\/www.versiegelung24.com\/et\/wp-json\/wp\/v2\/product_tag?post=24080"}],"curies":[{"name":"wp","href":"https:\/\/api.w.org\/{rel}","templated":true}]}}