{"id":24621,"date":"2020-04-27T22:20:08","date_gmt":"2021-08-02T20:50:48","guid":{"rendered":"https:\/\/www.versiegelung24.com\/produkt\/wb-rapid-on-sugavalt-laikiv-autovarvi-hermeetik-ja-viimistleja"},"modified":"2025-01-04T00:05:16","modified_gmt":"2025-01-03T23:05:16","slug":"wb-fast-on-deep-gloss-autolack-sealing-finisher","status":"publish","type":"product","link":"https:\/\/www.versiegelung24.com\/et\/wb-fast-on-deep-gloss-autolack-sealing-finisher.html","title":{"rendered":"WB Rapid On &#8211; s\u00fcgavalt l\u00e4ikiv autov\u00e4rvi hermeetik ja viimistleja"},"content":{"rendered":"\n<p><strong>WB Rapid On: Premium s\u00fcgavl\u00e4ikiv tihendaja ja viimistleja, ideaalne autode v\u00e4rvimiseks &#8211; <\/strong><strong><em>veep\u00f5hine &#8211; rapid on<\/em><\/strong><\/p>\n\n<p>Kohaldatav \u201eviimistlusena\u201d<a href=\"https:\/\/www.versiegelung24.com\/muster-permanent-protector\/\"> Permanent Protector tipptasemel keraamiline kate<\/a> v\u00f5i<a href=\"https:\/\/www.versiegelung24.com\/autolack-spezial-politur-versiegelung-2in1\/\"> Autov\u00e4rvi spetsiaalne poleerimine ja tihendamine 2in1<\/a> .<\/p>\n\n<p>Kauba number: 5002-7654<\/p>\n\n<p>K\u00f5rge kvaliteet Valmistatud Saksamaal<\/p>\n\n<p><strong>V24 WB Rapid On &#8211; s\u00fcgavalt l\u00e4ikiv autov\u00e4rvi hermeetik ja viimistleja<\/strong> loob miljardite pisikeste r\u00e4nimolekulide elektrostaatilise sideme kaudu pinnale \u00fcli\u00f5hukese kihi, mis on v\u00f5rreldav \u00fcksteisega ja aluspinnaga siduvate v\u00e4ikeste magnetite m\u00f5juga. Selle tulemusena suletakse mikroskoopilised poorid ja kapillaarid ning mustuseosakesed ja muud lisandid ei suuda enam kleepuda praegu palju siledamale kihile. See muudab pinnad palju lihtsamini puhastatavaks (\u201ckergesti puhastatavaks\u201d), vetth\u00fclgavaks (h\u00fcdrofoobseks) ja suure l\u00e4ikega.<\/p>\n\n<hr\/>\n\n<h4 class=\"wp-block-heading\" id=\"properties\">Toote omadused<\/h4>\n\n<div class=\"wp-block-columns is-layout-flex wp-container-core-columns-is-layout-9d6595d7 wp-block-columns-is-layout-flex\">\n<div class=\"wp-block-column is-layout-flow wp-block-column-is-layout-flow\">\n<ul class=\"wp-block-list\">\n<li>K\u00f5rgl\u00e4ike efekt<\/li>\n\n\n\n<li>Saab kombineerida meie pikaajaliste tihendajate s\u00fcgava l\u00e4ikega viimistlejana<\/li>\n\n\n\n<li>Suurep\u00e4rane kergesti puhastatav efekt mustuse kogumiseks, nt lindude v\u00e4ljaheidete, putukate ja muude agressiivsete plekkide t\u00f5ttu, pinnad m\u00e4\u00e4rduvad palju aeglasemalt<\/li>\n\n\n\n<li>Tugev h\u00fcdrofoobne toime (vetth\u00fclgav)<\/li>\n\n\n\n<li>SiO\u00b2 nanotehnoloogia<\/li>\n\n\n\n<li>Veep\u00f5hine, lahustivaba ja l\u00f5hnatu<\/li>\n\n\n\n<li>Kemikaalikindel puhastusvahendite suhtes (kuni pH 10)<\/li>\n\n\n\n<li>Lihtne rakendus<\/li>\n\n\n\n<li>Stabiilsem \u00fchendus kui vaha- v\u00f5i silikoon\u00f5lip\u00f5histel preparaatidel<\/li>\n\n\n\n<li>UV-kindel \/ k\u00fclmakindel \/ soolane veekindel \/ n\u00e4htamatu (kihi paksus: 40-50nm)<\/li>\n\n\n\n<li>Kulude, aja ja energia kokkuhoid t\u00e4nu pikendatud puhastusts\u00fcklitele<\/li>\n<\/ul>\n<\/div>\n\n\n\n<div class=\"wp-block-column is-layout-flow wp-block-column-is-layout-flow\">\n<ul id=\"block-cb512caf-6c3b-4dfc-8f82-809b2295b24e\" class=\"wp-block-list\">\n<li>Mittetoksiline ja mittes\u00fcttiv<\/li>\n\n\n\n<li>K\u00f5lblikkusaeg: 3-6 kuud (s\u00f5ltuvalt kasutusest)<\/li>\n\n\n\n<li>Siidiselt sile pind, v\u00e4ga hea tunne<\/li>\n\n\n\n<li>Vastupidav peaaegu k\u00f5ikidele hapetele, lahustitele ja leeliselistele puhastusvahenditele<\/li>\n\n\n\n<li>Palju stabiilsem kui vahad v\u00f5i silikoon\u00f5lip\u00f5hised tooted<\/li>\n\n\n\n<li>Kergesti biolagunev (vastavalt OECD kriteeriumidele)<\/li>\n\n\n\n<li>K\u00f5rge kulumiskindlus tuule kaudu levivate osakeste vastu<\/li>\n\n\n\n<li>Talub temperatuuri -40 kuni + 200 \u00b0 C.<\/li>\n\n\n\n<li>ph vastupidav 1-10<\/li>\n\n\n\n<li>Ei ole ts\u00fctotoksiline vastavalt ISO 10993-5 + 12<\/li>\n\n\n\n<li>Tihedus umbes 1,00 g \/ cm\u00b3<\/li>\n\n\n\n<li>Kihi paksus: umbes 40-50 nm<\/li>\n\n\n\n<li>Lenduvate orgaaniliste \u00fchendite vaba (ohtlikke kaupu pole)<\/li>\n\n\n\n<li>Tugevad mittenakkuvad omadused (pinnad m\u00e4\u00e4rduvad palju aeglasemalt)<\/li>\n<\/ul>\n<\/div>\n<\/div>\n\n<div class=\"wp-block-columns is-layout-flex wp-container-core-columns-is-layout-9d6595d7 wp-block-columns-is-layout-flex\">\n<div class=\"wp-block-column is-layout-flow wp-block-column-is-layout-flow\">\n<p><br\/><br\/><br\/><br\/><br\/><br\/>L<strong>\u00fchiomadused<\/strong> Kasutustemperatuur: 0 &#8211; 45\u00b0C m\u00b2 liitri kohta: 100m\u00b2 Hermeetiku s\u00e4ilivusaeg: 3-6 kuud Vedeliku s\u00e4ilivusaeg: kuni 1 aasta S\u00e4ilitustemperatuur: 0 &#8211; 30\u00b0C (p\u00e4ikesevalguse eest kaitstult) K\u00f5venemisaeg: 5 minutit, pinda v\u00f5ib kohe kasutada.<\/p>\n\n\n\n<p><br\/><br\/>T<strong>arne ulatus<\/strong>: 1 x liitrine pudel 1 x tootekirjeldus<\/p>\n<\/div>\n\n\n\n<div class=\"wp-block-column is-layout-flow wp-block-column-is-layout-flow\">\n<p><br\/><br\/><br\/><br\/>K<strong>atsed<\/strong> SMI katse Sandwich korrosioonikatse, vastavalt ASTM F 1110 Akr\u00fc\u00fclpindade pragunemise katse, vastavalt ASTM F 484 C-t\u00fc\u00fcpi v\u00e4rvi pehmenemise katse, vastavalt ASTM F 502 Vesiniku hapruvuse katse, vastavalt ASTM F 519-93.<\/p>\n\n\n\n<p><br\/>Boeingi sertifitseeritud DuPont\u2122 Marine Finishes:<strong>WB Rapid On &#8211; Deep Gloss Sealer &amp; Finisher<\/strong> on jahtkatse l\u00e4binud DuPont\u2122 Marine Finishes Topgloss SF ja DP6940 Imron\u00ae Super Flow HS Clear Coat. Negatiivset m\u00f5ju katetele ei t\u00e4heldatud.<\/p>\n\n\n\n<p>Tollitariifinumber: 3402 9090, ohtlikke kaupu ei ole (NDG)<\/p>\n<\/div>\n<\/div>\n\n<hr\/>\n\n<h4 class=\"wp-block-heading\" id=\"application\">Taotlus<\/h4>\n\n<p><strong>V24 WB Rapid On &#8211; s\u00fcgavalt l\u00e4ikiv autov\u00e4rvi hermeetik ja viimistleja<\/strong> saab optimaalselt rakendada<strong> :<\/strong><\/p>\n\n<p><br\/><br\/>&#8211; Autov\u00e4rv (iseseisva hermeetikuna v\u00f5i meie 640 ja 660 hermeetikute &#8220;viimistlusmaterjalina&#8221;, \u00fche liitriga saab hermeetida umbes 8-10 autot) &#8211; Paadid &#8211; Kodumajapidamises, nt.<br\/><br\/><br\/><br\/><br\/><br\/><br\/>du\u0161ikabiinid, aknad ja ukseraamid &#8211; roostevabast terasest pinnad &#8211; v\u00e4rvitud ja metallist pinnad &#8211; klaas &#8211; s\u00fcnteetilised materjalid &#8211; kummi &#8211; kroom &#8211; visiirid (suusa- ja mootorratta visiirid, eriti kui soovitakse v\u00e4ltida lahustip\u00f5hiseid hermeetikuid).<\/p>\n","protected":false},"excerpt":{"rendered":"<p><strong>Esmaklassiline s\u00fcgavl\u00e4ikega tihendaja ja viimistleja<\/strong><\/p>\n<p>\u2713 ideaalne auto v\u00e4rvimiseks<\/p>\n<p><em>\u2713<\/em> <em>veebaasil \u2013 kiirelt t\u00f6\u00f6tav<\/em><\/p>\n","protected":false},"featured_media":18385,"template":"","meta":{"_acf_changed":false,"neve_meta_sidebar":"","neve_meta_container":"","neve_meta_enable_content_width":"","neve_meta_content_width":0,"neve_meta_title_alignment":"","neve_meta_author_avatar":"","neve_post_elements_order":"","neve_meta_disable_header":"","neve_meta_disable_footer":"","neve_meta_disable_title":"","neve_meta_reading_time":"","_surfaces":[],"_ver_product_tabs":[],"footnotes":""},"product_brand":[],"product_cat":[2168],"product_tag":[],"class_list":{"0":"post-24621","1":"product","2":"type-product","3":"status-publish","4":"has-post-thumbnail","6":"product_cat-auto-tihendamine","8":"first","9":"instock","10":"taxable","11":"shipping-taxable","12":"purchasable","13":"product-type-simple"},"acf":[],"yoast_head":"<!-- This site is optimized with the Yoast SEO Premium plugin v22.8 (Yoast SEO v27.5) - https:\/\/yoast.com\/product\/yoast-seo-premium-wordpress\/ -->\n<title>WB Rapid On - s\u00fcgavalt l\u00e4ikiv autov\u00e4rvi hermeetik ja viimistleja - versiegelung24.com<\/title>\n<meta name=\"robots\" content=\"index, follow, max-snippet:-1, max-image-preview:large, max-video-preview:-1\" \/>\n<link rel=\"canonical\" href=\"https:\/\/www.versiegelung24.com\/et\/wb-fast-on-deep-gloss-autolack-sealing-finisher.html\" \/>\n<meta property=\"og:locale\" content=\"et_EE\" \/>\n<meta property=\"og:type\" content=\"article\" \/>\n<meta property=\"og:title\" content=\"WB Rapid On - s\u00fcgavalt l\u00e4ikiv autov\u00e4rvi hermeetik ja viimistleja\" \/>\n<meta property=\"og:description\" content=\"Esmaklassiline s\u00fcgavl\u00e4ikega tihendaja ja viimistleja \u2713 ideaalne auto v\u00e4rvimiseks \u2713 veebaasil \u2013 kiirelt t\u00f6\u00f6tav\" \/>\n<meta property=\"og:url\" content=\"https:\/\/www.versiegelung24.com\/et\/wb-fast-on-deep-gloss-autolack-sealing-finisher.html\" \/>\n<meta property=\"og:site_name\" content=\"versiegelung24.com\" \/>\n<meta property=\"article:modified_time\" content=\"2025-01-03T23:05:16+00:00\" \/>\n<meta property=\"og:image\" content=\"https:\/\/www.versiegelung24.com\/wp-content\/uploads\/2020\/06\/produkt-5002-7654-1000-WB-Rapid-On-scaled.jpg\" \/>\n\t<meta property=\"og:image:width\" content=\"2560\" \/>\n\t<meta property=\"og:image:height\" content=\"2560\" \/>\n\t<meta property=\"og:image:type\" content=\"image\/jpeg\" \/>\n<meta name=\"twitter:card\" content=\"summary_large_image\" \/>\n<meta name=\"twitter:label1\" content=\"Price\" \/>\n\t<meta name=\"twitter:data1\" content=\"69,00&euro;\" \/>\n\t<meta name=\"twitter:label2\" content=\"Availability\" \/>\n\t<meta name=\"twitter:data2\" content=\"In stock\" \/>\n<script type=\"application\/ld+json\" class=\"yoast-schema-graph\">{\"@context\":\"https:\\\/\\\/schema.org\",\"@graph\":[{\"@type\":\"WebPage\",\"@id\":\"https:\\\/\\\/www.versiegelung24.com\\\/et\\\/wb-fast-on-deep-gloss-autolack-sealing-finisher.html\",\"url\":\"https:\\\/\\\/www.versiegelung24.com\\\/et\\\/wb-fast-on-deep-gloss-autolack-sealing-finisher.html\",\"name\":\"WB Rapid On - s\u00fcgavalt l\u00e4ikiv autov\u00e4rvi hermeetik ja viimistleja - versiegelung24.com\",\"isPartOf\":{\"@id\":\"https:\\\/\\\/www.versiegelung24.com\\\/et\\\/#website\"},\"primaryImageOfPage\":{\"@id\":\"https:\\\/\\\/www.versiegelung24.com\\\/et\\\/wb-fast-on-deep-gloss-autolack-sealing-finisher.html#primaryimage\"},\"image\":{\"@id\":\"https:\\\/\\\/www.versiegelung24.com\\\/et\\\/wb-fast-on-deep-gloss-autolack-sealing-finisher.html#primaryimage\"},\"thumbnailUrl\":\"https:\\\/\\\/www.versiegelung24.com\\\/wp-content\\\/uploads\\\/2020\\\/06\\\/produkt-5002-7654-1000-WB-Rapid-On-scaled.jpg\",\"datePublished\":\"2021-08-02T20:50:48+00:00\",\"dateModified\":\"2025-01-03T23:05:16+00:00\",\"breadcrumb\":{\"@id\":\"https:\\\/\\\/www.versiegelung24.com\\\/et\\\/wb-fast-on-deep-gloss-autolack-sealing-finisher.html#breadcrumb\"},\"inLanguage\":\"et\",\"potentialAction\":[{\"@type\":\"ReadAction\",\"target\":[\"https:\\\/\\\/www.versiegelung24.com\\\/et\\\/wb-fast-on-deep-gloss-autolack-sealing-finisher.html\"]}]},{\"@type\":\"ImageObject\",\"inLanguage\":\"et\",\"@id\":\"https:\\\/\\\/www.versiegelung24.com\\\/et\\\/wb-fast-on-deep-gloss-autolack-sealing-finisher.html#primaryimage\",\"url\":\"https:\\\/\\\/www.versiegelung24.com\\\/wp-content\\\/uploads\\\/2020\\\/06\\\/produkt-5002-7654-1000-WB-Rapid-On-scaled.jpg\",\"contentUrl\":\"https:\\\/\\\/www.versiegelung24.com\\\/wp-content\\\/uploads\\\/2020\\\/06\\\/produkt-5002-7654-1000-WB-Rapid-On-scaled.jpg\",\"width\":2560,\"height\":2560},{\"@type\":\"BreadcrumbList\",\"@id\":\"https:\\\/\\\/www.versiegelung24.com\\\/et\\\/wb-fast-on-deep-gloss-autolack-sealing-finisher.html#breadcrumb\",\"itemListElement\":[{\"@type\":\"ListItem\",\"position\":1,\"name\":\"Koduleht\",\"item\":\"https:\\\/\\\/www.versiegelung24.com\\\/et\\\/ees\\\/\"},{\"@type\":\"ListItem\",\"position\":2,\"name\":\"Pood\",\"item\":\"https:\\\/\\\/www.versiegelung24.com\\\/et\\\/pood\\\/\"},{\"@type\":\"ListItem\",\"position\":3,\"name\":\"WB Rapid On &#8211; s\u00fcgavalt l\u00e4ikiv autov\u00e4rvi hermeetik ja viimistleja\"}]},{\"@type\":\"WebSite\",\"@id\":\"https:\\\/\\\/www.versiegelung24.com\\\/et\\\/#website\",\"url\":\"https:\\\/\\\/www.versiegelung24.com\\\/et\\\/\",\"name\":\"versiegelung24.com\",\"description\":\"Fl\u00fcssigglas-Versiegelung - Made in Germany\",\"publisher\":{\"@id\":\"https:\\\/\\\/www.versiegelung24.com\\\/et\\\/#organization\"},\"potentialAction\":[{\"@type\":\"SearchAction\",\"target\":{\"@type\":\"EntryPoint\",\"urlTemplate\":\"https:\\\/\\\/www.versiegelung24.com\\\/et\\\/?s={search_term_string}\"},\"query-input\":{\"@type\":\"PropertyValueSpecification\",\"valueRequired\":true,\"valueName\":\"search_term_string\"}}],\"inLanguage\":\"et\"},{\"@type\":\"Organization\",\"@id\":\"https:\\\/\\\/www.versiegelung24.com\\\/et\\\/#organization\",\"name\":\"versiegelung24\",\"url\":\"https:\\\/\\\/www.versiegelung24.com\\\/et\\\/\",\"logo\":{\"@type\":\"ImageObject\",\"inLanguage\":\"et\",\"@id\":\"https:\\\/\\\/www.versiegelung24.com\\\/et\\\/#\\\/schema\\\/logo\\\/image\\\/\",\"url\":\"https:\\\/\\\/www.versiegelung24.com\\\/wp-content\\\/uploads\\\/2020\\\/04\\\/versiegelung24.png\",\"contentUrl\":\"https:\\\/\\\/www.versiegelung24.com\\\/wp-content\\\/uploads\\\/2020\\\/04\\\/versiegelung24.png\",\"width\":470,\"height\":102,\"caption\":\"versiegelung24\"},\"image\":{\"@id\":\"https:\\\/\\\/www.versiegelung24.com\\\/et\\\/#\\\/schema\\\/logo\\\/image\\\/\"}}]}<\/script>\n<meta property=\"product:price:amount\" content=\"69.00\" \/>\n<meta property=\"product:price:currency\" content=\"EUR\" \/>\n<meta property=\"og:availability\" content=\"instock\" \/>\n<meta property=\"product:availability\" content=\"instock\" \/>\n<meta property=\"product:retailer_item_id\" content=\"5002-7654-1000\" \/>\n<meta property=\"product:condition\" content=\"new\" \/>\n<!-- \/ Yoast SEO Premium plugin. -->","yoast_head_json":{"title":"WB Rapid On - s\u00fcgavalt l\u00e4ikiv autov\u00e4rvi hermeetik ja viimistleja - versiegelung24.com","robots":{"index":"index","follow":"follow","max-snippet":"max-snippet:-1","max-image-preview":"max-image-preview:large","max-video-preview":"max-video-preview:-1"},"canonical":"https:\/\/www.versiegelung24.com\/et\/wb-fast-on-deep-gloss-autolack-sealing-finisher.html","og_locale":"et_EE","og_type":"article","og_title":"WB Rapid On - s\u00fcgavalt l\u00e4ikiv autov\u00e4rvi hermeetik ja viimistleja","og_description":"Esmaklassiline s\u00fcgavl\u00e4ikega tihendaja ja viimistleja \u2713 ideaalne auto v\u00e4rvimiseks \u2713 veebaasil \u2013 kiirelt t\u00f6\u00f6tav","og_url":"https:\/\/www.versiegelung24.com\/et\/wb-fast-on-deep-gloss-autolack-sealing-finisher.html","og_site_name":"versiegelung24.com","article_modified_time":"2025-01-03T23:05:16+00:00","og_image":[{"width":2560,"height":2560,"url":"https:\/\/www.versiegelung24.com\/wp-content\/uploads\/2020\/06\/produkt-5002-7654-1000-WB-Rapid-On-scaled.jpg","type":"image\/jpeg"}],"twitter_card":"summary_large_image","twitter_misc":{"Price":"69,00&euro;","Availability":"In stock"},"schema":{"@context":"https:\/\/schema.org","@graph":[{"@type":"WebPage","@id":"https:\/\/www.versiegelung24.com\/et\/wb-fast-on-deep-gloss-autolack-sealing-finisher.html","url":"https:\/\/www.versiegelung24.com\/et\/wb-fast-on-deep-gloss-autolack-sealing-finisher.html","name":"WB Rapid On - s\u00fcgavalt l\u00e4ikiv autov\u00e4rvi hermeetik ja viimistleja - versiegelung24.com","isPartOf":{"@id":"https:\/\/www.versiegelung24.com\/et\/#website"},"primaryImageOfPage":{"@id":"https:\/\/www.versiegelung24.com\/et\/wb-fast-on-deep-gloss-autolack-sealing-finisher.html#primaryimage"},"image":{"@id":"https:\/\/www.versiegelung24.com\/et\/wb-fast-on-deep-gloss-autolack-sealing-finisher.html#primaryimage"},"thumbnailUrl":"https:\/\/www.versiegelung24.com\/wp-content\/uploads\/2020\/06\/produkt-5002-7654-1000-WB-Rapid-On-scaled.jpg","datePublished":"2021-08-02T20:50:48+00:00","dateModified":"2025-01-03T23:05:16+00:00","breadcrumb":{"@id":"https:\/\/www.versiegelung24.com\/et\/wb-fast-on-deep-gloss-autolack-sealing-finisher.html#breadcrumb"},"inLanguage":"et","potentialAction":[{"@type":"ReadAction","target":["https:\/\/www.versiegelung24.com\/et\/wb-fast-on-deep-gloss-autolack-sealing-finisher.html"]}]},{"@type":"ImageObject","inLanguage":"et","@id":"https:\/\/www.versiegelung24.com\/et\/wb-fast-on-deep-gloss-autolack-sealing-finisher.html#primaryimage","url":"https:\/\/www.versiegelung24.com\/wp-content\/uploads\/2020\/06\/produkt-5002-7654-1000-WB-Rapid-On-scaled.jpg","contentUrl":"https:\/\/www.versiegelung24.com\/wp-content\/uploads\/2020\/06\/produkt-5002-7654-1000-WB-Rapid-On-scaled.jpg","width":2560,"height":2560},{"@type":"BreadcrumbList","@id":"https:\/\/www.versiegelung24.com\/et\/wb-fast-on-deep-gloss-autolack-sealing-finisher.html#breadcrumb","itemListElement":[{"@type":"ListItem","position":1,"name":"Koduleht","item":"https:\/\/www.versiegelung24.com\/et\/ees\/"},{"@type":"ListItem","position":2,"name":"Pood","item":"https:\/\/www.versiegelung24.com\/et\/pood\/"},{"@type":"ListItem","position":3,"name":"WB Rapid On &#8211; s\u00fcgavalt l\u00e4ikiv autov\u00e4rvi hermeetik ja viimistleja"}]},{"@type":"WebSite","@id":"https:\/\/www.versiegelung24.com\/et\/#website","url":"https:\/\/www.versiegelung24.com\/et\/","name":"versiegelung24.com","description":"Fl\u00fcssigglas-Versiegelung - Made in Germany","publisher":{"@id":"https:\/\/www.versiegelung24.com\/et\/#organization"},"potentialAction":[{"@type":"SearchAction","target":{"@type":"EntryPoint","urlTemplate":"https:\/\/www.versiegelung24.com\/et\/?s={search_term_string}"},"query-input":{"@type":"PropertyValueSpecification","valueRequired":true,"valueName":"search_term_string"}}],"inLanguage":"et"},{"@type":"Organization","@id":"https:\/\/www.versiegelung24.com\/et\/#organization","name":"versiegelung24","url":"https:\/\/www.versiegelung24.com\/et\/","logo":{"@type":"ImageObject","inLanguage":"et","@id":"https:\/\/www.versiegelung24.com\/et\/#\/schema\/logo\/image\/","url":"https:\/\/www.versiegelung24.com\/wp-content\/uploads\/2020\/04\/versiegelung24.png","contentUrl":"https:\/\/www.versiegelung24.com\/wp-content\/uploads\/2020\/04\/versiegelung24.png","width":470,"height":102,"caption":"versiegelung24"},"image":{"@id":"https:\/\/www.versiegelung24.com\/et\/#\/schema\/logo\/image\/"}}]},"product_price_amount":"69.00","product_price_currency":"EUR","og_availability":"instock","product_availability":"instock","product_retailer_item_id":"5002-7654-1000","product_condition":"new"},"_links":{"self":[{"href":"https:\/\/www.versiegelung24.com\/et\/wp-json\/wp\/v2\/product\/24621","targetHints":{"allow":["GET"]}}],"collection":[{"href":"https:\/\/www.versiegelung24.com\/et\/wp-json\/wp\/v2\/product"}],"about":[{"href":"https:\/\/www.versiegelung24.com\/et\/wp-json\/wp\/v2\/types\/product"}],"version-history":[{"count":10,"href":"https:\/\/www.versiegelung24.com\/et\/wp-json\/wp\/v2\/product\/24621\/revisions"}],"predecessor-version":[{"id":174294,"href":"https:\/\/www.versiegelung24.com\/et\/wp-json\/wp\/v2\/product\/24621\/revisions\/174294"}],"wp:featuredmedia":[{"embeddable":true,"href":"https:\/\/www.versiegelung24.com\/et\/wp-json\/wp\/v2\/media\/18385"}],"wp:attachment":[{"href":"https:\/\/www.versiegelung24.com\/et\/wp-json\/wp\/v2\/media?parent=24621"}],"wp:term":[{"taxonomy":"product_brand","embeddable":true,"href":"https:\/\/www.versiegelung24.com\/et\/wp-json\/wp\/v2\/product_brand?post=24621"},{"taxonomy":"product_cat","embeddable":true,"href":"https:\/\/www.versiegelung24.com\/et\/wp-json\/wp\/v2\/product_cat?post=24621"},{"taxonomy":"product_tag","embeddable":true,"href":"https:\/\/www.versiegelung24.com\/et\/wp-json\/wp\/v2\/product_tag?post=24621"}],"curies":[{"name":"wp","href":"https:\/\/api.w.org\/{rel}","templated":true}]}}