{"id":24653,"date":"2020-06-24T11:29:30","date_gmt":"2020-06-24T09:29:30","guid":{"rendered":"https:\/\/www.versiegelung24.com\/produkt\/muster-looduskivi-tihendus"},"modified":"2025-01-04T00:30:37","modified_gmt":"2025-01-03T23:30:37","slug":"mustriga-looduskivi-tihendus","status":"publish","type":"product","link":"https:\/\/www.versiegelung24.com\/et\/mustriga-looduskivi-tihendus.html","title":{"rendered":"N\u00e4ide: Loodusliku kivi hermeetik &#8211; 3003-7620"},"content":{"rendered":"<p>Proovige meie<a href=\"https:\/\/www.versiegelung24.com\/et\/looduslikust-kivist-tihendus-professionaalse-kvaliteediga.html\"> Looduskivi tihendus<\/a> katsetamiseks v\u00f5i v\u00e4iksemate alade tihendamiseks.<\/p>\n","protected":false},"excerpt":{"rendered":"<p><strong>V\u00e4ga t\u00f5hus looduslik kivitihendus sise- ja v\u00e4listingimustes kasutamiseks:<\/strong> <\/p>\n<p>\u2713 Sobib k\u00f5ikidele mineraalsetele, imavatele looduskivipindadele<\/p>\n<p>\u2713 Kergesti puhastatav efekt: mustus ei kleepu ja seda saab kergesti eemaldada<\/p>\n<p>\u2713 Absoluutselt n\u00e4htamatu: pinna muutumatu v\u00e4limus ja tunnetus<\/p>\n<p>\u2713 Pikaajaline s\u00fcgavusefekt paljude aastate jooksul<\/p>\n<p>\u2713 Vett t\u00f5rjuv lootosep\u00e4rli efekt<\/p>\n","protected":false},"featured_media":14607,"template":"","meta":{"_acf_changed":false,"neve_meta_sidebar":"","neve_meta_container":"","neve_meta_enable_content_width":"","neve_meta_content_width":0,"neve_meta_title_alignment":"","neve_meta_author_avatar":"","neve_post_elements_order":"","neve_meta_disable_header":"","neve_meta_disable_footer":"","neve_meta_disable_title":"","neve_meta_reading_time":"","_surfaces":[],"_ver_product_tabs":[],"footnotes":""},"product_brand":[],"product_cat":[2635],"product_tag":[],"class_list":{"0":"post-24653","1":"product","2":"type-product","3":"status-publish","4":"has-post-thumbnail","6":"product_cat-malli","7":"pa_gebinde-50-ml-pudel","8":"pa_gebinde-100-ml-pudel","10":"first","11":"instock","12":"sold-individually","13":"taxable","14":"shipping-taxable","15":"purchasable","16":"product-type-simple"},"acf":[],"yoast_head":"<!-- This site is optimized with the Yoast SEO Premium plugin v22.8 (Yoast SEO v27.3) - https:\/\/yoast.com\/product\/yoast-seo-premium-wordpress\/ -->\n<title>N\u00e4ide: Loodusliku kivi hermeetik - 3003-7620 - versiegelung24.com<\/title>\n<meta name=\"robots\" content=\"index, follow, max-snippet:-1, max-image-preview:large, max-video-preview:-1\" \/>\n<link rel=\"canonical\" href=\"https:\/\/www.versiegelung24.com\/et\/mustriga-looduskivi-tihendus.html\" \/>\n<meta property=\"og:locale\" content=\"et_EE\" \/>\n<meta property=\"og:type\" content=\"article\" \/>\n<meta property=\"og:title\" content=\"N\u00e4ide: Loodusliku kivi hermeetik - 3003-7620\" \/>\n<meta property=\"og:description\" content=\"V\u00e4ga t\u00f5hus looduslik kivitihendus sise- ja v\u00e4listingimustes kasutamiseks: \u2713 Sobib k\u00f5ikidele mineraalsetele, imavatele looduskivipindadele \u2713 Kergesti puhastatav efekt: mustus ei kleepu ja seda saab kergesti eemaldada \u2713 Absoluutselt n\u00e4htamatu: pinna muutumatu v\u00e4limus ja tunnetus \u2713 Pikaajaline s\u00fcgavusefekt paljude aastate jooksul \u2713 Vett t\u00f5rjuv lootosep\u00e4rli efekt\" \/>\n<meta property=\"og:url\" content=\"https:\/\/www.versiegelung24.com\/et\/mustriga-looduskivi-tihendus.html\" \/>\n<meta property=\"og:site_name\" content=\"versiegelung24.com\" \/>\n<meta property=\"article:modified_time\" content=\"2025-01-03T23:30:37+00:00\" \/>\n<meta property=\"og:image\" content=\"https:\/\/www.versiegelung24.com\/wp-content\/uploads\/2020\/04\/versiegelung-muster.png\" \/>\n\t<meta property=\"og:image:width\" content=\"1000\" \/>\n\t<meta property=\"og:image:height\" content=\"1000\" \/>\n\t<meta property=\"og:image:type\" content=\"image\/png\" \/>\n<meta name=\"twitter:card\" content=\"summary_large_image\" \/>\n<meta name=\"twitter:label1\" content=\"Price\" \/>\n\t<meta name=\"twitter:data1\" content=\"14,99&euro;\" \/>\n\t<meta name=\"twitter:label2\" content=\"Availability\" \/>\n\t<meta name=\"twitter:data2\" content=\"In stock\" \/>\n<script type=\"application\/ld+json\" class=\"yoast-schema-graph\">{\"@context\":\"https:\\\/\\\/schema.org\",\"@graph\":[{\"@type\":\"WebPage\",\"@id\":\"https:\\\/\\\/www.versiegelung24.com\\\/et\\\/mustriga-looduskivi-tihendus.html\",\"url\":\"https:\\\/\\\/www.versiegelung24.com\\\/et\\\/mustriga-looduskivi-tihendus.html\",\"name\":\"N\u00e4ide: Loodusliku kivi hermeetik - 3003-7620 - versiegelung24.com\",\"isPartOf\":{\"@id\":\"https:\\\/\\\/www.versiegelung24.com\\\/et\\\/#website\"},\"primaryImageOfPage\":{\"@id\":\"https:\\\/\\\/www.versiegelung24.com\\\/et\\\/mustriga-looduskivi-tihendus.html#primaryimage\"},\"image\":{\"@id\":\"https:\\\/\\\/www.versiegelung24.com\\\/et\\\/mustriga-looduskivi-tihendus.html#primaryimage\"},\"thumbnailUrl\":\"https:\\\/\\\/www.versiegelung24.com\\\/wp-content\\\/uploads\\\/2020\\\/04\\\/versiegelung-muster.png\",\"datePublished\":\"2020-06-24T09:29:30+00:00\",\"dateModified\":\"2025-01-03T23:30:37+00:00\",\"breadcrumb\":{\"@id\":\"https:\\\/\\\/www.versiegelung24.com\\\/et\\\/mustriga-looduskivi-tihendus.html#breadcrumb\"},\"inLanguage\":\"et\",\"potentialAction\":[{\"@type\":\"ReadAction\",\"target\":[\"https:\\\/\\\/www.versiegelung24.com\\\/et\\\/mustriga-looduskivi-tihendus.html\"]}]},{\"@type\":\"ImageObject\",\"inLanguage\":\"et\",\"@id\":\"https:\\\/\\\/www.versiegelung24.com\\\/et\\\/mustriga-looduskivi-tihendus.html#primaryimage\",\"url\":\"https:\\\/\\\/www.versiegelung24.com\\\/wp-content\\\/uploads\\\/2020\\\/04\\\/versiegelung-muster.png\",\"contentUrl\":\"https:\\\/\\\/www.versiegelung24.com\\\/wp-content\\\/uploads\\\/2020\\\/04\\\/versiegelung-muster.png\",\"width\":1000,\"height\":1000},{\"@type\":\"BreadcrumbList\",\"@id\":\"https:\\\/\\\/www.versiegelung24.com\\\/et\\\/mustriga-looduskivi-tihendus.html#breadcrumb\",\"itemListElement\":[{\"@type\":\"ListItem\",\"position\":1,\"name\":\"Koduleht\",\"item\":\"https:\\\/\\\/www.versiegelung24.com\\\/et\\\/ees\\\/\"},{\"@type\":\"ListItem\",\"position\":2,\"name\":\"Pood\",\"item\":\"https:\\\/\\\/www.versiegelung24.com\\\/et\\\/pood\\\/\"},{\"@type\":\"ListItem\",\"position\":3,\"name\":\"N\u00e4ide: Loodusliku kivi hermeetik &#8211; 3003-7620\"}]},{\"@type\":\"WebSite\",\"@id\":\"https:\\\/\\\/www.versiegelung24.com\\\/et\\\/#website\",\"url\":\"https:\\\/\\\/www.versiegelung24.com\\\/et\\\/\",\"name\":\"versiegelung24.com\",\"description\":\"Fl\u00fcssigglas-Versiegelung - Made in Germany\",\"publisher\":{\"@id\":\"https:\\\/\\\/www.versiegelung24.com\\\/et\\\/#organization\"},\"potentialAction\":[{\"@type\":\"SearchAction\",\"target\":{\"@type\":\"EntryPoint\",\"urlTemplate\":\"https:\\\/\\\/www.versiegelung24.com\\\/et\\\/?s={search_term_string}\"},\"query-input\":{\"@type\":\"PropertyValueSpecification\",\"valueRequired\":true,\"valueName\":\"search_term_string\"}}],\"inLanguage\":\"et\"},{\"@type\":\"Organization\",\"@id\":\"https:\\\/\\\/www.versiegelung24.com\\\/et\\\/#organization\",\"name\":\"versiegelung24\",\"url\":\"https:\\\/\\\/www.versiegelung24.com\\\/et\\\/\",\"logo\":{\"@type\":\"ImageObject\",\"inLanguage\":\"et\",\"@id\":\"https:\\\/\\\/www.versiegelung24.com\\\/et\\\/#\\\/schema\\\/logo\\\/image\\\/\",\"url\":\"https:\\\/\\\/www.versiegelung24.com\\\/wp-content\\\/uploads\\\/2020\\\/04\\\/versiegelung24.png\",\"contentUrl\":\"https:\\\/\\\/www.versiegelung24.com\\\/wp-content\\\/uploads\\\/2020\\\/04\\\/versiegelung24.png\",\"width\":470,\"height\":102,\"caption\":\"versiegelung24\"},\"image\":{\"@id\":\"https:\\\/\\\/www.versiegelung24.com\\\/et\\\/#\\\/schema\\\/logo\\\/image\\\/\"}}]}<\/script>\n<meta property=\"product:price:amount\" content=\"14.99\" \/>\n<meta property=\"product:price:currency\" content=\"EUR\" \/>\n<meta property=\"og:availability\" content=\"instock\" \/>\n<meta property=\"product:availability\" content=\"instock\" \/>\n<meta property=\"product:retailer_item_id\" content=\"3003-7620-muster\" \/>\n<meta property=\"product:condition\" content=\"new\" \/>\n<!-- \/ Yoast SEO Premium plugin. -->","yoast_head_json":{"title":"N\u00e4ide: Loodusliku kivi hermeetik - 3003-7620 - versiegelung24.com","robots":{"index":"index","follow":"follow","max-snippet":"max-snippet:-1","max-image-preview":"max-image-preview:large","max-video-preview":"max-video-preview:-1"},"canonical":"https:\/\/www.versiegelung24.com\/et\/mustriga-looduskivi-tihendus.html","og_locale":"et_EE","og_type":"article","og_title":"N\u00e4ide: Loodusliku kivi hermeetik - 3003-7620","og_description":"V\u00e4ga t\u00f5hus looduslik kivitihendus sise- ja v\u00e4listingimustes kasutamiseks: \u2713 Sobib k\u00f5ikidele mineraalsetele, imavatele looduskivipindadele \u2713 Kergesti puhastatav efekt: mustus ei kleepu ja seda saab kergesti eemaldada \u2713 Absoluutselt n\u00e4htamatu: pinna muutumatu v\u00e4limus ja tunnetus \u2713 Pikaajaline s\u00fcgavusefekt paljude aastate jooksul \u2713 Vett t\u00f5rjuv lootosep\u00e4rli efekt","og_url":"https:\/\/www.versiegelung24.com\/et\/mustriga-looduskivi-tihendus.html","og_site_name":"versiegelung24.com","article_modified_time":"2025-01-03T23:30:37+00:00","og_image":[{"width":1000,"height":1000,"url":"https:\/\/www.versiegelung24.com\/wp-content\/uploads\/2020\/04\/versiegelung-muster.png","type":"image\/png"}],"twitter_card":"summary_large_image","twitter_misc":{"Price":"14,99&euro;","Availability":"In stock"},"schema":{"@context":"https:\/\/schema.org","@graph":[{"@type":"WebPage","@id":"https:\/\/www.versiegelung24.com\/et\/mustriga-looduskivi-tihendus.html","url":"https:\/\/www.versiegelung24.com\/et\/mustriga-looduskivi-tihendus.html","name":"N\u00e4ide: Loodusliku kivi hermeetik - 3003-7620 - versiegelung24.com","isPartOf":{"@id":"https:\/\/www.versiegelung24.com\/et\/#website"},"primaryImageOfPage":{"@id":"https:\/\/www.versiegelung24.com\/et\/mustriga-looduskivi-tihendus.html#primaryimage"},"image":{"@id":"https:\/\/www.versiegelung24.com\/et\/mustriga-looduskivi-tihendus.html#primaryimage"},"thumbnailUrl":"https:\/\/www.versiegelung24.com\/wp-content\/uploads\/2020\/04\/versiegelung-muster.png","datePublished":"2020-06-24T09:29:30+00:00","dateModified":"2025-01-03T23:30:37+00:00","breadcrumb":{"@id":"https:\/\/www.versiegelung24.com\/et\/mustriga-looduskivi-tihendus.html#breadcrumb"},"inLanguage":"et","potentialAction":[{"@type":"ReadAction","target":["https:\/\/www.versiegelung24.com\/et\/mustriga-looduskivi-tihendus.html"]}]},{"@type":"ImageObject","inLanguage":"et","@id":"https:\/\/www.versiegelung24.com\/et\/mustriga-looduskivi-tihendus.html#primaryimage","url":"https:\/\/www.versiegelung24.com\/wp-content\/uploads\/2020\/04\/versiegelung-muster.png","contentUrl":"https:\/\/www.versiegelung24.com\/wp-content\/uploads\/2020\/04\/versiegelung-muster.png","width":1000,"height":1000},{"@type":"BreadcrumbList","@id":"https:\/\/www.versiegelung24.com\/et\/mustriga-looduskivi-tihendus.html#breadcrumb","itemListElement":[{"@type":"ListItem","position":1,"name":"Koduleht","item":"https:\/\/www.versiegelung24.com\/et\/ees\/"},{"@type":"ListItem","position":2,"name":"Pood","item":"https:\/\/www.versiegelung24.com\/et\/pood\/"},{"@type":"ListItem","position":3,"name":"N\u00e4ide: Loodusliku kivi hermeetik &#8211; 3003-7620"}]},{"@type":"WebSite","@id":"https:\/\/www.versiegelung24.com\/et\/#website","url":"https:\/\/www.versiegelung24.com\/et\/","name":"versiegelung24.com","description":"Fl\u00fcssigglas-Versiegelung - Made in Germany","publisher":{"@id":"https:\/\/www.versiegelung24.com\/et\/#organization"},"potentialAction":[{"@type":"SearchAction","target":{"@type":"EntryPoint","urlTemplate":"https:\/\/www.versiegelung24.com\/et\/?s={search_term_string}"},"query-input":{"@type":"PropertyValueSpecification","valueRequired":true,"valueName":"search_term_string"}}],"inLanguage":"et"},{"@type":"Organization","@id":"https:\/\/www.versiegelung24.com\/et\/#organization","name":"versiegelung24","url":"https:\/\/www.versiegelung24.com\/et\/","logo":{"@type":"ImageObject","inLanguage":"et","@id":"https:\/\/www.versiegelung24.com\/et\/#\/schema\/logo\/image\/","url":"https:\/\/www.versiegelung24.com\/wp-content\/uploads\/2020\/04\/versiegelung24.png","contentUrl":"https:\/\/www.versiegelung24.com\/wp-content\/uploads\/2020\/04\/versiegelung24.png","width":470,"height":102,"caption":"versiegelung24"},"image":{"@id":"https:\/\/www.versiegelung24.com\/et\/#\/schema\/logo\/image\/"}}]},"product_price_amount":"14.99","product_price_currency":"EUR","og_availability":"instock","product_availability":"instock","product_retailer_item_id":"3003-7620-muster","product_condition":"new"},"_links":{"self":[{"href":"https:\/\/www.versiegelung24.com\/et\/wp-json\/wp\/v2\/product\/24653","targetHints":{"allow":["GET"]}}],"collection":[{"href":"https:\/\/www.versiegelung24.com\/et\/wp-json\/wp\/v2\/product"}],"about":[{"href":"https:\/\/www.versiegelung24.com\/et\/wp-json\/wp\/v2\/types\/product"}],"version-history":[{"count":2,"href":"https:\/\/www.versiegelung24.com\/et\/wp-json\/wp\/v2\/product\/24653\/revisions"}],"predecessor-version":[{"id":140983,"href":"https:\/\/www.versiegelung24.com\/et\/wp-json\/wp\/v2\/product\/24653\/revisions\/140983"}],"wp:featuredmedia":[{"embeddable":true,"href":"https:\/\/www.versiegelung24.com\/et\/wp-json\/wp\/v2\/media\/14607"}],"wp:attachment":[{"href":"https:\/\/www.versiegelung24.com\/et\/wp-json\/wp\/v2\/media?parent=24653"}],"wp:term":[{"taxonomy":"product_brand","embeddable":true,"href":"https:\/\/www.versiegelung24.com\/et\/wp-json\/wp\/v2\/product_brand?post=24653"},{"taxonomy":"product_cat","embeddable":true,"href":"https:\/\/www.versiegelung24.com\/et\/wp-json\/wp\/v2\/product_cat?post=24653"},{"taxonomy":"product_tag","embeddable":true,"href":"https:\/\/www.versiegelung24.com\/et\/wp-json\/wp\/v2\/product_tag?post=24653"}],"curies":[{"name":"wp","href":"https:\/\/api.w.org\/{rel}","templated":true}]}}