{"id":24683,"date":"2020-04-04T18:53:45","date_gmt":"2021-08-02T20:56:56","guid":{"rendered":"https:\/\/www.versiegelung24.com\/produkt\/esmaklassiline-betooni-ja-kivitihend-aarmiselt-vetthulgav-mitte-hingav"},"modified":"2025-01-04T00:13:08","modified_gmt":"2025-01-03T23:13:08","slug":"premium-betoon-kivi-tihendus-aarmuslik-vetthulgav-mittehingav","status":"publish","type":"product","link":"https:\/\/www.versiegelung24.com\/et\/premium-betoon-kivi-tihendus-aeaermuslik-vetthuelgav-mittehingav.html","title":{"rendered":"Premium betoon- ja kivitihendus koos v\u00e4rvis\u00fcvendusega &#8211; mitte hingav"},"content":{"rendered":"\n<p>Meie esmaklassiline betooni- ja kivitihend kaitseb pindu t\u00f5husalt ja p\u00fcsivalt v\u00e4lism\u00f5jude eest ning takistab selgelt \u00f5li, rasvade, kohvi ja punase veini tungimist. Lisaks j\u00e4tab kaitsev l\u00e4bipaistev lakkkiht v\u00e4rvi intensiivistava l\u00e4ikiva kile, mis suurendab n\u00e4htavalt t\u00f6\u00f6deldud pinda.<\/p>\n\n<hr\/>\n\n<h4 class=\"wp-block-heading\" id=\"video\"><strong>Harjutage videot &#8211; kaitske t\u00f5husalt aias olevaid kivikujusid ja kiviskulptuure keskkonnam\u00f5jude eest<\/strong><\/h4>\n\n<figure class=\"wp-block-embed aligncenter is-type-video is-provider-youtube wp-block-embed-youtube wp-embed-aspect-16-9 wp-has-aspect-ratio\"><div class=\"wp-block-embed__wrapper\"> \n<div class=\"nv-iframe-embed\"><iframe title=\"Steinfiguren &amp; Steinskulpturen wetterfest machen - Versiegelung \/ Impr\u00e4gnierung mit Farbvertiefung\" width=\"1200\" height=\"675\" src=\"https:\/\/www.youtube.com\/embed\/sSjv-OlqOgI?feature=oembed\" frameborder=\"0\" allow=\"accelerometer; autoplay; clipboard-write; encrypted-media; gyroscope; picture-in-picture\" allowfullscreen><\/iframe><\/div>\n <\/div><\/figure>\n\n<hr\/>\n\n<h4 class=\"wp-block-heading\" id=\"properties\">Toote omadused<\/h4>\n\n<div class=\"wp-block-columns is-layout-flex wp-container-core-columns-is-layout-9d6595d7 wp-block-columns-is-layout-flex\">\n<div class=\"wp-block-column is-layout-flow wp-block-column-is-layout-flow\">\n<p>\u2713 Efektiivne p\u00fcsiv pinnakaitse vee, mustuse ja ilmastiku eest<\/p>\n\n\n\n<p>\u2713 hoiab \u00e4ra sammalde, samblike, seente ja muude looduslike m\u00f5jude kasvu<\/p>\n\n\n\n<p>\u2713 100% tahket ainet sisaldav l\u00e4bipaistev lakk<\/p>\n\n\n\n<p>\u2713 k\u00f5rge kulumiskindlus t\u00e4nu SiO\u00b2 nanotehnoloogiale<\/p>\n\n\n\n<p>\u2713 t\u00f6\u00f6deldud pinnad ei ole hingavad<\/p>\n\n\n\n<p>\u2713 V\u00e4rvi s\u00fcvendav efekt l\u00e4ikiva kilega \/ pinna t\u00e4iustamine<\/p>\n\n\n\n<p>\u2713 v\u00e4ga tugev h\u00fcdrofoobsus<\/p>\n\n\n\n<p>\u2713 Oluliselt v\u00e4heneb \u00f5li ja rasvade, kohvi, punase veini tungimine<\/p>\n\n\n\n<p>\u2713 K\u00fclmakindel (j\u00e4\u00e4 ja lumi ei kahjusta seda)<\/p>\n\n\n\n<p>\u2713 UV -kindel<\/p>\n\n\n\n<p>\u2713 Lihtne puhastada: mustus<\/p>\n\n\n\n<p>\u2713 Temperatuurikindel kuni 1000\u00b0C (l\u00fchiajalise kokkupuutega)<\/p>\n\n\n\n<p><\/p>\n\n\n\n<p><br\/>Tarnekogus: 1 x liitrine pudel<\/p>\n<\/div>\n\n\n\n<div class=\"wp-block-column is-layout-flow wp-block-column-is-layout-flow\">\n<p><strong>V\u00e4ga t\u00f5hus, v\u00e4ga vetth\u00fclgav ja kulumiskindel nanokate k\u00f5ikidele imavatele mineraalpindadele.<\/strong><\/p>\n\n\n\n<p>Mitte hingav<\/p>\n\n\n\n<p>Kauba number: 3008-704<\/p>\n\n\n\n<p>K\u00f5rge kvaliteet Valmistatud Saksamaal<\/p>\n\n\n\n<p><strong>toote ohutus<\/strong><\/p>\n\n\n\n<p>Teave toote klassifitseerimise kohta ohtlike ainete m\u00e4\u00e4ruse raames, ohutusandmed ning andmed toksikoloogia ja ladustamise kohta leiate meie ohutuskaardilt.<\/p>\n\n\n\n<p>Kasutamisel p\u00f6\u00f6rake t\u00e4helepanu sobivatele kaitsevahenditele. Tellimisel soovitame kanda sobivaid hingamismaske ja kummikindaid.<\/p>\n\n\n\n<p>Nahale sattumisel pesta piirkondi p\u00f5hjalikult seebi ja veega.<\/p>\n\n\n\n<p><strong>ladustamine<\/strong><\/p>\n\n\n\n<p>V24 Concrete and Stone Sealing Extreme&#8217;i saab hoida v\u00e4hemalt 12 kuud suletud originaalpakendis temperatuuril +5 kuni + 25 \u00b0 C.<\/p>\n\n\n\n<p>Avatud mahutid tuleb \u00e4ra kasutada l\u00fchikese etteteatamisega.<\/p>\n\n\n\n<p>Pikem s\u00e4ilivusaeg ei pruugi t\u00e4hendada, et toode on kasutusk\u00f5lbmatu, kuid kvaliteedi tagamise m\u00f5ttes tuleks \u00fcle kontrollida otstarbekohaseks kasutuseks soovitavad omadused.<\/p>\n<\/div>\n<\/div>\n\n<hr\/>\n\n<h4 class=\"wp-block-heading\" id=\"application\">Taotlus<\/h4>\n\n<div class=\"wp-block-columns is-layout-flex wp-container-core-columns-is-layout-9d6595d7 wp-block-columns-is-layout-flex\">\n<div class=\"wp-block-column is-layout-flow wp-block-column-is-layout-flow\">\n<ul class=\"wp-block-list\">\n<li><strong>V24 \u00e4\u00e4rmuslik betooni- ja kivitihendus<\/strong> tarnitakse kasutusvalmis ja kantakse lahjendamata kujul eelnevalt puhastatud ja kuivatatud pinnale. S\u00f5ltuvalt rakendusest on v\u00f5imalik lahjendada alkoholiga.<\/li>\n<\/ul>\n\n\n\n<ul class=\"wp-block-list\">\n<li>K\u00f5ik t\u00f6\u00f6deldavad pinnad peavad olema kuivad ja h\u00e4sti puhastatud, sest ainult nii saab tagada hermeetiku s\u00fcgava l\u00e4bitungimise, millel on optimaalne pikaajaline ja s\u00fcgav m\u00f5ju.<\/li>\n<\/ul>\n\n\n\n<ul class=\"wp-block-list\">\n<li>P\u00e4rast pealekandmist on <strong><strong>V24 betooni ja kivi tihendaja ekstreemne<\/strong><\/strong> peab j\u00e4\u00e4ma pinnaga kokkupuutesse mitmeks sekundiks vedelaks kileks.<\/li>\n<\/ul>\n\n\n\n<ul class=\"wp-block-list\">\n<li>Kattekiht on t\u00e4ielikult ristsidestatud ja k\u00f5vastunud 24 tunni p\u00e4rast.<\/li>\n<\/ul>\n\n\n\n<p>\u00dcksikasjaliku rakenduse kirjelduse leiate meie andmelehelt<\/p>\n<\/div>\n\n\n\n<div class=\"wp-block-column is-layout-flow wp-block-column-is-layout-flow\">\n<p>Kaitsev l\u00e4bipaistev lakikate k\u00f5ikidele mineraal-, absorbeerivatele betoon- ja kivipindadele nii sise- kui v\u00e4listingimustes.<\/p>\n\n\n\n<p>\u2713 Betoon (betoonplokk, betoonkate, trepid, garaa\u017ei- ja t\u00f6\u00f6kojap\u00f5randad, katmata betoonpinnad &#8230;)<\/p>\n\n\n\n<p>\u2713 Kivi (looduslik kivi, sillutuskivi, graniit, lubi-liiv tellis, kiltkivi, m\u00fc\u00fcritis, sisses\u00f5iduteed &#8230;)<\/p>\n\n\n\n<p><strong>T\u00e4htis:<\/strong> kasutamine on piiratud tugevalt poleeritud madala imavusega pindadel, kuna siin ei saa toimuda optimaalset liimimist. Vajadusel tuleks pind eelnevalt karestada (60-100 liivapaber olenevalt pinnast) ja peale kanda krundikiht (1\/3 alkoholi 2\/3 hermeetikut). Seej\u00e4rel umbes 30 minuti p\u00e4rast lahjendamata tihendus.<\/p>\n\n\n\n<p>Tarbimine s\u00f5ltub pinna imavusest umbes 10-40m\u00b2 \/ liiter.<\/p>\n<\/div>\n<\/div>\n","protected":false},"excerpt":{"rendered":"<p><strong>\u00c4\u00e4rmiselt vetth\u00fclgav l\u00e4bipaistev lakk sise- ja v\u00e4listingimustes kasutamiseks<\/strong>  <\/p>\n<p>\u2713 k\u00f5ikidele imavatele mineraalkivi- ja betoonpindadele<\/p>\n<p>\u2713 Kergesti puhastatav efekt: mustus ei kleepu ja seda saab kergesti eemaldada<\/p>\n<p>\u2713 t\u00f6\u00f6deldud pinnad ei ole hingavad<\/p>\n<p>\u2713 Hoiab \u00e4ra sambla, sambliku, seente ja muude looduslike m\u00f5jurite kasvu<\/p>\n<p>\u2713 V\u00e4rvi s\u00fcvendav efekt l\u00e4ikiva kilega \/ pinna t\u00e4iustamine<\/p>\n<p>\u2713 S\u00e4ilivusaeg: kuni 5 aastat+<\/p>\n","protected":false},"featured_media":18099,"template":"","meta":{"_acf_changed":false,"neve_meta_sidebar":"","neve_meta_container":"","neve_meta_enable_content_width":"","neve_meta_content_width":0,"neve_meta_title_alignment":"","neve_meta_author_avatar":"","neve_post_elements_order":"","neve_meta_disable_header":"","neve_meta_disable_footer":"","neve_meta_disable_title":"","neve_meta_reading_time":"","_surfaces":[],"_ver_product_tabs":[],"footnotes":""},"product_brand":[],"product_cat":[2336],"product_tag":[],"class_list":{"0":"post-24683","1":"product","2":"type-product","3":"status-publish","4":"has-post-thumbnail","6":"product_cat-kivi-ja-betooni-tihendamine","7":"pa_gebinde-1000-ml-pudel","8":"pa_gebinde-20l-kanister-et","10":"first","11":"instock","12":"taxable","13":"shipping-taxable","14":"purchasable","15":"product-type-variable","16":"has-default-attributes"},"acf":[],"yoast_head":"<!-- This site is optimized with the Yoast SEO Premium plugin v22.8 (Yoast SEO v27.5) - https:\/\/yoast.com\/product\/yoast-seo-premium-wordpress\/ -->\n<title>Esmaklassiline betoon- ja kivitihendus koos v\u00e4rvis\u00fcvendusega \u2013 versiegelung24<\/title>\n<meta name=\"description\" content=\"Esmaklassiline betooni- ja kivitihendus \u2013 lugege lisateavet meie nanotehnoloogia ja v\u00e4rvis\u00fcvendamisega kvaliteetse betooni- ja kivitihendi kohta\" \/>\n<meta name=\"robots\" content=\"index, follow, max-snippet:-1, max-image-preview:large, max-video-preview:-1\" \/>\n<link rel=\"canonical\" href=\"https:\/\/www.versiegelung24.com\/et\/premium-betoon-kivi-tihendus-aeaermuslik-vetthuelgav-mittehingav.html\" \/>\n<meta property=\"og:locale\" content=\"et_EE\" \/>\n<meta property=\"og:type\" content=\"article\" \/>\n<meta property=\"og:title\" content=\"Premium betoon- ja kivitihendus koos v\u00e4rvis\u00fcvendusega - mitte hingav\" \/>\n<meta property=\"og:description\" content=\"Esmaklassiline betooni- ja kivitihendus \u2013 lugege lisateavet meie nanotehnoloogia ja v\u00e4rvis\u00fcvendamisega kvaliteetse betooni- ja kivitihendi kohta\" \/>\n<meta property=\"og:url\" content=\"https:\/\/www.versiegelung24.com\/et\/premium-betoon-kivi-tihendus-aeaermuslik-vetthuelgav-mittehingav.html\" \/>\n<meta property=\"og:site_name\" content=\"versiegelung24.com\" \/>\n<meta property=\"article:modified_time\" content=\"2025-01-03T23:13:08+00:00\" \/>\n<meta property=\"og:image\" content=\"https:\/\/www.versiegelung24.com\/wp-content\/uploads\/2020\/06\/produkt-3008-704-1000-Beton-Stein-Versiegelung-extreme-Wasserabweisung-nicht-atmungsaktiv-scaled.jpg\" \/>\n\t<meta property=\"og:image:width\" content=\"2560\" \/>\n\t<meta property=\"og:image:height\" content=\"2560\" \/>\n\t<meta property=\"og:image:type\" content=\"image\/jpeg\" \/>\n<meta name=\"twitter:card\" content=\"summary_large_image\" \/>\n<meta name=\"twitter:label1\" content=\"Availability\" \/>\n\t<meta name=\"twitter:data1\" content=\"In stock\" \/>\n<script type=\"application\/ld+json\" class=\"yoast-schema-graph\">{\"@context\":\"https:\\\/\\\/schema.org\",\"@graph\":[{\"@type\":\"WebPage\",\"@id\":\"https:\\\/\\\/www.versiegelung24.com\\\/et\\\/premium-betoon-kivi-tihendus-aeaermuslik-vetthuelgav-mittehingav.html\",\"url\":\"https:\\\/\\\/www.versiegelung24.com\\\/et\\\/premium-betoon-kivi-tihendus-aeaermuslik-vetthuelgav-mittehingav.html\",\"name\":\"Esmaklassiline betoon- ja kivitihendus koos v\u00e4rvis\u00fcvendusega \u2013 versiegelung24\",\"isPartOf\":{\"@id\":\"https:\\\/\\\/www.versiegelung24.com\\\/et\\\/#website\"},\"primaryImageOfPage\":{\"@id\":\"https:\\\/\\\/www.versiegelung24.com\\\/et\\\/premium-betoon-kivi-tihendus-aeaermuslik-vetthuelgav-mittehingav.html#primaryimage\"},\"image\":{\"@id\":\"https:\\\/\\\/www.versiegelung24.com\\\/et\\\/premium-betoon-kivi-tihendus-aeaermuslik-vetthuelgav-mittehingav.html#primaryimage\"},\"thumbnailUrl\":\"https:\\\/\\\/www.versiegelung24.com\\\/wp-content\\\/uploads\\\/2020\\\/06\\\/produkt-3008-704-1000-Beton-Stein-Versiegelung-extreme-Wasserabweisung-nicht-atmungsaktiv-scaled.jpg\",\"datePublished\":\"2021-08-02T20:56:56+00:00\",\"dateModified\":\"2025-01-03T23:13:08+00:00\",\"description\":\"Esmaklassiline betooni- ja kivitihendus \u2013 lugege lisateavet meie nanotehnoloogia ja v\u00e4rvis\u00fcvendamisega kvaliteetse betooni- ja kivitihendi kohta\",\"breadcrumb\":{\"@id\":\"https:\\\/\\\/www.versiegelung24.com\\\/et\\\/premium-betoon-kivi-tihendus-aeaermuslik-vetthuelgav-mittehingav.html#breadcrumb\"},\"inLanguage\":\"et\",\"potentialAction\":[{\"@type\":\"ReadAction\",\"target\":[\"https:\\\/\\\/www.versiegelung24.com\\\/et\\\/premium-betoon-kivi-tihendus-aeaermuslik-vetthuelgav-mittehingav.html\"]}]},{\"@type\":\"ImageObject\",\"inLanguage\":\"et\",\"@id\":\"https:\\\/\\\/www.versiegelung24.com\\\/et\\\/premium-betoon-kivi-tihendus-aeaermuslik-vetthuelgav-mittehingav.html#primaryimage\",\"url\":\"https:\\\/\\\/www.versiegelung24.com\\\/wp-content\\\/uploads\\\/2020\\\/06\\\/produkt-3008-704-1000-Beton-Stein-Versiegelung-extreme-Wasserabweisung-nicht-atmungsaktiv-scaled.jpg\",\"contentUrl\":\"https:\\\/\\\/www.versiegelung24.com\\\/wp-content\\\/uploads\\\/2020\\\/06\\\/produkt-3008-704-1000-Beton-Stein-Versiegelung-extreme-Wasserabweisung-nicht-atmungsaktiv-scaled.jpg\",\"width\":2560,\"height\":2560},{\"@type\":\"BreadcrumbList\",\"@id\":\"https:\\\/\\\/www.versiegelung24.com\\\/et\\\/premium-betoon-kivi-tihendus-aeaermuslik-vetthuelgav-mittehingav.html#breadcrumb\",\"itemListElement\":[{\"@type\":\"ListItem\",\"position\":1,\"name\":\"Koduleht\",\"item\":\"https:\\\/\\\/www.versiegelung24.com\\\/et\\\/ees\\\/\"},{\"@type\":\"ListItem\",\"position\":2,\"name\":\"Pood\",\"item\":\"https:\\\/\\\/www.versiegelung24.com\\\/et\\\/pood\\\/\"},{\"@type\":\"ListItem\",\"position\":3,\"name\":\"Premium betoon- ja kivitihendus koos v\u00e4rvis\u00fcvendusega &#8211; mitte hingav\"}]},{\"@type\":\"WebSite\",\"@id\":\"https:\\\/\\\/www.versiegelung24.com\\\/et\\\/#website\",\"url\":\"https:\\\/\\\/www.versiegelung24.com\\\/et\\\/\",\"name\":\"versiegelung24.com\",\"description\":\"Fl\u00fcssigglas-Versiegelung - Made in Germany\",\"publisher\":{\"@id\":\"https:\\\/\\\/www.versiegelung24.com\\\/et\\\/#organization\"},\"potentialAction\":[{\"@type\":\"SearchAction\",\"target\":{\"@type\":\"EntryPoint\",\"urlTemplate\":\"https:\\\/\\\/www.versiegelung24.com\\\/et\\\/?s={search_term_string}\"},\"query-input\":{\"@type\":\"PropertyValueSpecification\",\"valueRequired\":true,\"valueName\":\"search_term_string\"}}],\"inLanguage\":\"et\"},{\"@type\":\"Organization\",\"@id\":\"https:\\\/\\\/www.versiegelung24.com\\\/et\\\/#organization\",\"name\":\"versiegelung24\",\"url\":\"https:\\\/\\\/www.versiegelung24.com\\\/et\\\/\",\"logo\":{\"@type\":\"ImageObject\",\"inLanguage\":\"et\",\"@id\":\"https:\\\/\\\/www.versiegelung24.com\\\/et\\\/#\\\/schema\\\/logo\\\/image\\\/\",\"url\":\"https:\\\/\\\/www.versiegelung24.com\\\/wp-content\\\/uploads\\\/2020\\\/04\\\/versiegelung24.png\",\"contentUrl\":\"https:\\\/\\\/www.versiegelung24.com\\\/wp-content\\\/uploads\\\/2020\\\/04\\\/versiegelung24.png\",\"width\":470,\"height\":102,\"caption\":\"versiegelung24\"},\"image\":{\"@id\":\"https:\\\/\\\/www.versiegelung24.com\\\/et\\\/#\\\/schema\\\/logo\\\/image\\\/\"}}]}<\/script>\n<meta property=\"og:availability\" content=\"instock\" \/>\n<meta property=\"product:availability\" content=\"instock\" \/>\n<meta property=\"product:retailer_item_id\" content=\"3008-704\" \/>\n<meta property=\"product:condition\" content=\"new\" \/>\n<!-- \/ Yoast SEO Premium plugin. -->","yoast_head_json":{"title":"Esmaklassiline betoon- ja kivitihendus koos v\u00e4rvis\u00fcvendusega \u2013 versiegelung24","description":"Esmaklassiline betooni- ja kivitihendus \u2013 lugege lisateavet meie nanotehnoloogia ja v\u00e4rvis\u00fcvendamisega kvaliteetse betooni- ja kivitihendi kohta","robots":{"index":"index","follow":"follow","max-snippet":"max-snippet:-1","max-image-preview":"max-image-preview:large","max-video-preview":"max-video-preview:-1"},"canonical":"https:\/\/www.versiegelung24.com\/et\/premium-betoon-kivi-tihendus-aeaermuslik-vetthuelgav-mittehingav.html","og_locale":"et_EE","og_type":"article","og_title":"Premium betoon- ja kivitihendus koos v\u00e4rvis\u00fcvendusega - mitte hingav","og_description":"Esmaklassiline betooni- ja kivitihendus \u2013 lugege lisateavet meie nanotehnoloogia ja v\u00e4rvis\u00fcvendamisega kvaliteetse betooni- ja kivitihendi kohta","og_url":"https:\/\/www.versiegelung24.com\/et\/premium-betoon-kivi-tihendus-aeaermuslik-vetthuelgav-mittehingav.html","og_site_name":"versiegelung24.com","article_modified_time":"2025-01-03T23:13:08+00:00","og_image":[{"width":2560,"height":2560,"url":"https:\/\/www.versiegelung24.com\/wp-content\/uploads\/2020\/06\/produkt-3008-704-1000-Beton-Stein-Versiegelung-extreme-Wasserabweisung-nicht-atmungsaktiv-scaled.jpg","type":"image\/jpeg"}],"twitter_card":"summary_large_image","twitter_misc":{"Availability":"In stock"},"schema":{"@context":"https:\/\/schema.org","@graph":[{"@type":"WebPage","@id":"https:\/\/www.versiegelung24.com\/et\/premium-betoon-kivi-tihendus-aeaermuslik-vetthuelgav-mittehingav.html","url":"https:\/\/www.versiegelung24.com\/et\/premium-betoon-kivi-tihendus-aeaermuslik-vetthuelgav-mittehingav.html","name":"Esmaklassiline betoon- ja kivitihendus koos v\u00e4rvis\u00fcvendusega \u2013 versiegelung24","isPartOf":{"@id":"https:\/\/www.versiegelung24.com\/et\/#website"},"primaryImageOfPage":{"@id":"https:\/\/www.versiegelung24.com\/et\/premium-betoon-kivi-tihendus-aeaermuslik-vetthuelgav-mittehingav.html#primaryimage"},"image":{"@id":"https:\/\/www.versiegelung24.com\/et\/premium-betoon-kivi-tihendus-aeaermuslik-vetthuelgav-mittehingav.html#primaryimage"},"thumbnailUrl":"https:\/\/www.versiegelung24.com\/wp-content\/uploads\/2020\/06\/produkt-3008-704-1000-Beton-Stein-Versiegelung-extreme-Wasserabweisung-nicht-atmungsaktiv-scaled.jpg","datePublished":"2021-08-02T20:56:56+00:00","dateModified":"2025-01-03T23:13:08+00:00","description":"Esmaklassiline betooni- ja kivitihendus \u2013 lugege lisateavet meie nanotehnoloogia ja v\u00e4rvis\u00fcvendamisega kvaliteetse betooni- ja kivitihendi kohta","breadcrumb":{"@id":"https:\/\/www.versiegelung24.com\/et\/premium-betoon-kivi-tihendus-aeaermuslik-vetthuelgav-mittehingav.html#breadcrumb"},"inLanguage":"et","potentialAction":[{"@type":"ReadAction","target":["https:\/\/www.versiegelung24.com\/et\/premium-betoon-kivi-tihendus-aeaermuslik-vetthuelgav-mittehingav.html"]}]},{"@type":"ImageObject","inLanguage":"et","@id":"https:\/\/www.versiegelung24.com\/et\/premium-betoon-kivi-tihendus-aeaermuslik-vetthuelgav-mittehingav.html#primaryimage","url":"https:\/\/www.versiegelung24.com\/wp-content\/uploads\/2020\/06\/produkt-3008-704-1000-Beton-Stein-Versiegelung-extreme-Wasserabweisung-nicht-atmungsaktiv-scaled.jpg","contentUrl":"https:\/\/www.versiegelung24.com\/wp-content\/uploads\/2020\/06\/produkt-3008-704-1000-Beton-Stein-Versiegelung-extreme-Wasserabweisung-nicht-atmungsaktiv-scaled.jpg","width":2560,"height":2560},{"@type":"BreadcrumbList","@id":"https:\/\/www.versiegelung24.com\/et\/premium-betoon-kivi-tihendus-aeaermuslik-vetthuelgav-mittehingav.html#breadcrumb","itemListElement":[{"@type":"ListItem","position":1,"name":"Koduleht","item":"https:\/\/www.versiegelung24.com\/et\/ees\/"},{"@type":"ListItem","position":2,"name":"Pood","item":"https:\/\/www.versiegelung24.com\/et\/pood\/"},{"@type":"ListItem","position":3,"name":"Premium betoon- ja kivitihendus koos v\u00e4rvis\u00fcvendusega &#8211; mitte hingav"}]},{"@type":"WebSite","@id":"https:\/\/www.versiegelung24.com\/et\/#website","url":"https:\/\/www.versiegelung24.com\/et\/","name":"versiegelung24.com","description":"Fl\u00fcssigglas-Versiegelung - Made in Germany","publisher":{"@id":"https:\/\/www.versiegelung24.com\/et\/#organization"},"potentialAction":[{"@type":"SearchAction","target":{"@type":"EntryPoint","urlTemplate":"https:\/\/www.versiegelung24.com\/et\/?s={search_term_string}"},"query-input":{"@type":"PropertyValueSpecification","valueRequired":true,"valueName":"search_term_string"}}],"inLanguage":"et"},{"@type":"Organization","@id":"https:\/\/www.versiegelung24.com\/et\/#organization","name":"versiegelung24","url":"https:\/\/www.versiegelung24.com\/et\/","logo":{"@type":"ImageObject","inLanguage":"et","@id":"https:\/\/www.versiegelung24.com\/et\/#\/schema\/logo\/image\/","url":"https:\/\/www.versiegelung24.com\/wp-content\/uploads\/2020\/04\/versiegelung24.png","contentUrl":"https:\/\/www.versiegelung24.com\/wp-content\/uploads\/2020\/04\/versiegelung24.png","width":470,"height":102,"caption":"versiegelung24"},"image":{"@id":"https:\/\/www.versiegelung24.com\/et\/#\/schema\/logo\/image\/"}}]},"og_availability":"instock","product_availability":"instock","product_retailer_item_id":"3008-704","product_condition":"new"},"_links":{"self":[{"href":"https:\/\/www.versiegelung24.com\/et\/wp-json\/wp\/v2\/product\/24683","targetHints":{"allow":["GET"]}}],"collection":[{"href":"https:\/\/www.versiegelung24.com\/et\/wp-json\/wp\/v2\/product"}],"about":[{"href":"https:\/\/www.versiegelung24.com\/et\/wp-json\/wp\/v2\/types\/product"}],"version-history":[{"count":24,"href":"https:\/\/www.versiegelung24.com\/et\/wp-json\/wp\/v2\/product\/24683\/revisions"}],"predecessor-version":[{"id":177054,"href":"https:\/\/www.versiegelung24.com\/et\/wp-json\/wp\/v2\/product\/24683\/revisions\/177054"}],"wp:featuredmedia":[{"embeddable":true,"href":"https:\/\/www.versiegelung24.com\/et\/wp-json\/wp\/v2\/media\/18099"}],"wp:attachment":[{"href":"https:\/\/www.versiegelung24.com\/et\/wp-json\/wp\/v2\/media?parent=24683"}],"wp:term":[{"taxonomy":"product_brand","embeddable":true,"href":"https:\/\/www.versiegelung24.com\/et\/wp-json\/wp\/v2\/product_brand?post=24683"},{"taxonomy":"product_cat","embeddable":true,"href":"https:\/\/www.versiegelung24.com\/et\/wp-json\/wp\/v2\/product_cat?post=24683"},{"taxonomy":"product_tag","embeddable":true,"href":"https:\/\/www.versiegelung24.com\/et\/wp-json\/wp\/v2\/product_tag?post=24683"}],"curies":[{"name":"wp","href":"https:\/\/api.w.org\/{rel}","templated":true}]}}