{"id":24915,"date":"2021-03-16T00:06:08","date_gmt":"2021-08-02T21:14:29","guid":{"rendered":"https:\/\/www.versiegelung24.com\/produkt\/pedexani-kingade-desinfitseerimine"},"modified":"2025-01-13T16:32:41","modified_gmt":"2025-01-13T15:32:41","slug":"pedexani-kingade-desinfitseerimine","status":"publish","type":"product","link":"https:\/\/www.versiegelung24.com\/et\/pedexani-kingade-desinfitseerimine.html","title":{"rendered":"Pedexan jalan\u00f5ude desinfitseerimine pikaajalise toimega 125ml pumbaga pihustuspudel"},"content":{"rendered":"\n<h2 class=\"wp-block-heading\" id=\"pedexan-schuhdesinfektion-alaska-frische-fur-die-schuhe\">Pedexani kingade desinfitseerimine &#8211; Alaska v\u00e4rskus kingadele<\/h2>\n\n<p><strong>125 ml pumbaga pihustuspudel lihtsaks kasutamiseks kodus v\u00f5i liikvel olles<\/strong><\/p>\n\n<p>Kui t\u00f6\u00f6jalatseid v\u00f5i vabaajajalatseid kasutatakse intensiivselt pikema aja jooksul, tekib sageli ideaalne keskkond bakterite ja seente paljunemiseks ning tekib ebameeldiv l\u00f5hn.<\/p>\n\n<p>Isegi v\u00e4rskete sokkide ja kingade tuulutamise korral j\u00e4\u00e4b ebameeldiv hais alles ja v\u00f5ib isegi p\u00f5hjustada vastikuid nakkusi jalgadel.<\/p>\n\n<p>Siin v\u00f5ib aidata <strong>Pedexani<\/strong> jalan\u00f5ude desinfitseerimine. Pikaajaline toime eemaldab t\u00f5husalt bakterid ja seened ning takistab uute teket.<\/p>\n\n<p>Oma Alaska l\u00f5hnaga Pedexan tagab meeldiva v\u00e4rskuse ja on isegi bio\u00fchilduv.<\/p>\n\n<hr \/>\n\n<h4 class=\"wp-block-heading\" id=\"application\">Taotlus<\/h4>\n\n<p>Rakendus on v\u00e4ga lihtne:<\/p>\n\n<p><br \/><br \/><br \/>&#8211; Pihustage jalatsite sisek\u00fclge \u00f5ues. &#8211; Soovitame esimesel kasutuskorral 5-10 pihustust. &#8211; Pedexan kingade desinfitseerimisvahendit tuleks kasutada 1-2 korda n\u00e4dalas v\u00f5i vastavalt vajadusele. &#8211; Valikuline t\u00e4iendamine<a href=\"https:\/\/www.versiegelung24.com\/et\/pedexan-kingade-desinfektsiooni-taitepudel.html\">1-liitrise Pedexan kingade desinfitseerimisvahendi korduvt\u00e4itepudeliga<\/a>.<\/p>\n\n<hr \/>\n\n<h4 class=\"wp-block-heading\" id=\"advisor\">N\u00f5ustaja<\/h4>\n\n<p><strong>Turvan\u00f5uanne:<\/strong><\/p>\n\n<p>Pange kindlasti t\u00e4hele! Ravi ajal tagage piisav ventilatsioon. V\u00e4ga tuleohtlik vedelik ja aur. P\u00f5hjustab t\u00f5sist silmade \u00e4rritust. Hoida eemal kuumusest, kuumadest pindadest, s\u00e4demetest, lahtisest tulest ja muudest s\u00fcttimisallikatest. \u00c4ra suitseta. Hoida jahedas, h\u00e4sti ventileeritavas kohas. Kui on vaja meditsiinilist n\u00f5uannet, hoidke pakend v\u00f5i etikett valmis. Hoida lastele k\u00e4ttesaamatus kohas.<\/p>\n\n<p>V\u00f5ib kasutada kingade k\u00f5igi sisepindade jaoks. Kahtluse korral testige Pedexani n\u00e4htamatus kohas.<\/p>\n\n<p>S\u00e4ilitamine ainult suletud anumas. Mahutit saab ringlusse v\u00f5tta alles siis, kui see on t\u00e4iesti t\u00fchi. \u00c4rge kasutage p\u00e4rast k\u00f5lblikkusaega.<\/p>\n\n<p>Biotsiidi reg.nr .: N-25889<\/p>\n\n<p>T\u00e4htis: kasutage biotsiide hoolikalt. Enne kasutamist lugege alati etiketti ja tooteteavet.<\/p>\n","protected":false},"excerpt":{"rendered":"<p>Pedexani kingade desinfitseerimine &#8211; Alaska v\u00e4rskus kingadele 125 ml pumbaga pihustuspudel lihtsaks kasutamiseks kodus v\u00f5i liikvel olles Kui t\u00f6\u00f6jalatseid v\u00f5i vabaajajalatseid kasutatakse intensiivselt pikema aja jooksul, tekib sageli ideaalne keskkond bakterite ja seente paljunemiseks ning tekib ebameeldiv l\u00f5hn. Isegi v\u00e4rskete sokkide ja kingade tuulutamise korral j\u00e4\u00e4b ebameeldiv hais alles ja v\u00f5ib isegi p\u00f5hjustada vastikuid nakkusi&hellip;&nbsp;<a href=\"https:\/\/www.versiegelung24.com\/et\/pedexani-kingade-desinfitseerimine.html\" rel=\"bookmark\">Read More &raquo;<span class=\"screen-reader-text\">Pedexan jalan\u00f5ude desinfitseerimine pikaajalise toimega 125ml pumbaga pihustuspudel<\/span><\/a><\/p>\n","protected":false},"featured_media":21901,"template":"","meta":{"_acf_changed":false,"neve_meta_sidebar":"","neve_meta_container":"","neve_meta_enable_content_width":"","neve_meta_content_width":0,"neve_meta_title_alignment":"","neve_meta_author_avatar":"","neve_post_elements_order":"","neve_meta_disable_header":"","neve_meta_disable_footer":"","neve_meta_disable_title":"","neve_meta_reading_time":"","_surfaces":[],"_ver_product_tabs":[],"footnotes":""},"product_brand":[],"product_cat":[2254,2849],"product_tag":[],"class_list":{"0":"post-24915","1":"product","2":"type-product","3":"status-publish","4":"has-post-thumbnail","6":"product_cat-desinfektsioonivahendid","7":"product_cat-jalatsite-desinfitseerimisvahendid","9":"first","10":"instock","11":"taxable","12":"shipping-taxable","13":"purchasable","14":"product-type-simple"},"acf":[],"yoast_head":"<!-- This site is optimized with the Yoast SEO Premium plugin v22.8 (Yoast SEO v27.5) - https:\/\/yoast.com\/product\/yoast-seo-premium-wordpress\/ -->\n<title>Pedexan jalan\u00f5ude desinfitseerimine pikaajalise toimega 125ml pumbaga pihustuspudel - versiegelung24.com<\/title>\n<meta name=\"description\" content=\"Pedexani jalatsite desinfitseerimine - lahendus ebameeldiva l\u00f5hna ning bakterite ja seente vastu.\" \/>\n<meta name=\"robots\" content=\"index, follow, max-snippet:-1, max-image-preview:large, max-video-preview:-1\" \/>\n<link rel=\"canonical\" href=\"https:\/\/www.versiegelung24.com\/et\/pedexani-kingade-desinfitseerimine.html\" \/>\n<meta property=\"og:locale\" content=\"et_EE\" \/>\n<meta property=\"og:type\" content=\"article\" \/>\n<meta property=\"og:title\" content=\"Pedexan jalan\u00f5ude desinfitseerimine pikaajalise toimega 125ml pumbaga pihustuspudel\" \/>\n<meta property=\"og:description\" content=\"Pedexani jalatsite desinfitseerimine - lahendus ebameeldiva l\u00f5hna ning bakterite ja seente vastu.\" \/>\n<meta property=\"og:url\" content=\"https:\/\/www.versiegelung24.com\/et\/pedexani-kingade-desinfitseerimine.html\" \/>\n<meta property=\"og:site_name\" content=\"versiegelung24.com\" \/>\n<meta property=\"article:modified_time\" content=\"2025-01-13T15:32:41+00:00\" \/>\n<meta property=\"og:image\" content=\"https:\/\/www.versiegelung24.com\/wp-content\/uploads\/2021\/03\/pedexan-schuhdesinfektion-125ml.png\" \/>\n\t<meta property=\"og:image:width\" content=\"700\" \/>\n\t<meta property=\"og:image:height\" content=\"700\" \/>\n\t<meta property=\"og:image:type\" content=\"image\/png\" \/>\n<meta name=\"twitter:card\" content=\"summary_large_image\" \/>\n<meta name=\"twitter:label1\" content=\"Price\" \/>\n\t<meta name=\"twitter:data1\" content=\"10,99&euro;\" \/>\n\t<meta name=\"twitter:label2\" content=\"Availability\" \/>\n\t<meta name=\"twitter:data2\" content=\"In stock\" \/>\n<script type=\"application\/ld+json\" class=\"yoast-schema-graph\">{\"@context\":\"https:\\\/\\\/schema.org\",\"@graph\":[{\"@type\":\"WebPage\",\"@id\":\"https:\\\/\\\/www.versiegelung24.com\\\/et\\\/pedexani-kingade-desinfitseerimine.html\",\"url\":\"https:\\\/\\\/www.versiegelung24.com\\\/et\\\/pedexani-kingade-desinfitseerimine.html\",\"name\":\"Pedexan jalan\u00f5ude desinfitseerimine pikaajalise toimega 125ml pumbaga pihustuspudel - versiegelung24.com\",\"isPartOf\":{\"@id\":\"https:\\\/\\\/www.versiegelung24.com\\\/et\\\/#website\"},\"primaryImageOfPage\":{\"@id\":\"https:\\\/\\\/www.versiegelung24.com\\\/et\\\/pedexani-kingade-desinfitseerimine.html#primaryimage\"},\"image\":{\"@id\":\"https:\\\/\\\/www.versiegelung24.com\\\/et\\\/pedexani-kingade-desinfitseerimine.html#primaryimage\"},\"thumbnailUrl\":\"https:\\\/\\\/www.versiegelung24.com\\\/wp-content\\\/uploads\\\/2021\\\/03\\\/pedexan-schuhdesinfektion-125ml.png\",\"datePublished\":\"2021-08-02T21:14:29+00:00\",\"dateModified\":\"2025-01-13T15:32:41+00:00\",\"description\":\"Pedexani jalatsite desinfitseerimine - lahendus ebameeldiva l\u00f5hna ning bakterite ja seente vastu.\",\"breadcrumb\":{\"@id\":\"https:\\\/\\\/www.versiegelung24.com\\\/et\\\/pedexani-kingade-desinfitseerimine.html#breadcrumb\"},\"inLanguage\":\"et\",\"potentialAction\":[{\"@type\":\"ReadAction\",\"target\":[\"https:\\\/\\\/www.versiegelung24.com\\\/et\\\/pedexani-kingade-desinfitseerimine.html\"]}]},{\"@type\":\"ImageObject\",\"inLanguage\":\"et\",\"@id\":\"https:\\\/\\\/www.versiegelung24.com\\\/et\\\/pedexani-kingade-desinfitseerimine.html#primaryimage\",\"url\":\"https:\\\/\\\/www.versiegelung24.com\\\/wp-content\\\/uploads\\\/2021\\\/03\\\/pedexan-schuhdesinfektion-125ml.png\",\"contentUrl\":\"https:\\\/\\\/www.versiegelung24.com\\\/wp-content\\\/uploads\\\/2021\\\/03\\\/pedexan-schuhdesinfektion-125ml.png\",\"width\":700,\"height\":700},{\"@type\":\"BreadcrumbList\",\"@id\":\"https:\\\/\\\/www.versiegelung24.com\\\/et\\\/pedexani-kingade-desinfitseerimine.html#breadcrumb\",\"itemListElement\":[{\"@type\":\"ListItem\",\"position\":1,\"name\":\"Koduleht\",\"item\":\"https:\\\/\\\/www.versiegelung24.com\\\/et\\\/ees\\\/\"},{\"@type\":\"ListItem\",\"position\":2,\"name\":\"Pood\",\"item\":\"https:\\\/\\\/www.versiegelung24.com\\\/et\\\/pood\\\/\"},{\"@type\":\"ListItem\",\"position\":3,\"name\":\"Pedexan jalan\u00f5ude desinfitseerimine pikaajalise toimega 125ml pumbaga pihustuspudel\"}]},{\"@type\":\"WebSite\",\"@id\":\"https:\\\/\\\/www.versiegelung24.com\\\/et\\\/#website\",\"url\":\"https:\\\/\\\/www.versiegelung24.com\\\/et\\\/\",\"name\":\"versiegelung24.com\",\"description\":\"Fl\u00fcssigglas-Versiegelung - Made in Germany\",\"publisher\":{\"@id\":\"https:\\\/\\\/www.versiegelung24.com\\\/et\\\/#organization\"},\"potentialAction\":[{\"@type\":\"SearchAction\",\"target\":{\"@type\":\"EntryPoint\",\"urlTemplate\":\"https:\\\/\\\/www.versiegelung24.com\\\/et\\\/?s={search_term_string}\"},\"query-input\":{\"@type\":\"PropertyValueSpecification\",\"valueRequired\":true,\"valueName\":\"search_term_string\"}}],\"inLanguage\":\"et\"},{\"@type\":\"Organization\",\"@id\":\"https:\\\/\\\/www.versiegelung24.com\\\/et\\\/#organization\",\"name\":\"versiegelung24\",\"url\":\"https:\\\/\\\/www.versiegelung24.com\\\/et\\\/\",\"logo\":{\"@type\":\"ImageObject\",\"inLanguage\":\"et\",\"@id\":\"https:\\\/\\\/www.versiegelung24.com\\\/et\\\/#\\\/schema\\\/logo\\\/image\\\/\",\"url\":\"https:\\\/\\\/www.versiegelung24.com\\\/wp-content\\\/uploads\\\/2020\\\/04\\\/versiegelung24.png\",\"contentUrl\":\"https:\\\/\\\/www.versiegelung24.com\\\/wp-content\\\/uploads\\\/2020\\\/04\\\/versiegelung24.png\",\"width\":470,\"height\":102,\"caption\":\"versiegelung24\"},\"image\":{\"@id\":\"https:\\\/\\\/www.versiegelung24.com\\\/et\\\/#\\\/schema\\\/logo\\\/image\\\/\"}}]}<\/script>\n<meta property=\"product:price:amount\" content=\"10.99\" \/>\n<meta property=\"product:price:currency\" content=\"EUR\" \/>\n<meta property=\"og:availability\" content=\"instock\" \/>\n<meta property=\"product:availability\" content=\"instock\" \/>\n<meta property=\"product:retailer_item_id\" content=\"PED-125A\" \/>\n<meta property=\"product:condition\" content=\"new\" \/>\n<!-- \/ Yoast SEO Premium plugin. -->","yoast_head_json":{"title":"Pedexan jalan\u00f5ude desinfitseerimine pikaajalise toimega 125ml pumbaga pihustuspudel - versiegelung24.com","description":"Pedexani jalatsite desinfitseerimine - lahendus ebameeldiva l\u00f5hna ning bakterite ja seente vastu.","robots":{"index":"index","follow":"follow","max-snippet":"max-snippet:-1","max-image-preview":"max-image-preview:large","max-video-preview":"max-video-preview:-1"},"canonical":"https:\/\/www.versiegelung24.com\/et\/pedexani-kingade-desinfitseerimine.html","og_locale":"et_EE","og_type":"article","og_title":"Pedexan jalan\u00f5ude desinfitseerimine pikaajalise toimega 125ml pumbaga pihustuspudel","og_description":"Pedexani jalatsite desinfitseerimine - lahendus ebameeldiva l\u00f5hna ning bakterite ja seente vastu.","og_url":"https:\/\/www.versiegelung24.com\/et\/pedexani-kingade-desinfitseerimine.html","og_site_name":"versiegelung24.com","article_modified_time":"2025-01-13T15:32:41+00:00","og_image":[{"width":700,"height":700,"url":"https:\/\/www.versiegelung24.com\/wp-content\/uploads\/2021\/03\/pedexan-schuhdesinfektion-125ml.png","type":"image\/png"}],"twitter_card":"summary_large_image","twitter_misc":{"Price":"10,99&euro;","Availability":"In stock"},"schema":{"@context":"https:\/\/schema.org","@graph":[{"@type":"WebPage","@id":"https:\/\/www.versiegelung24.com\/et\/pedexani-kingade-desinfitseerimine.html","url":"https:\/\/www.versiegelung24.com\/et\/pedexani-kingade-desinfitseerimine.html","name":"Pedexan jalan\u00f5ude desinfitseerimine pikaajalise toimega 125ml pumbaga pihustuspudel - versiegelung24.com","isPartOf":{"@id":"https:\/\/www.versiegelung24.com\/et\/#website"},"primaryImageOfPage":{"@id":"https:\/\/www.versiegelung24.com\/et\/pedexani-kingade-desinfitseerimine.html#primaryimage"},"image":{"@id":"https:\/\/www.versiegelung24.com\/et\/pedexani-kingade-desinfitseerimine.html#primaryimage"},"thumbnailUrl":"https:\/\/www.versiegelung24.com\/wp-content\/uploads\/2021\/03\/pedexan-schuhdesinfektion-125ml.png","datePublished":"2021-08-02T21:14:29+00:00","dateModified":"2025-01-13T15:32:41+00:00","description":"Pedexani jalatsite desinfitseerimine - lahendus ebameeldiva l\u00f5hna ning bakterite ja seente vastu.","breadcrumb":{"@id":"https:\/\/www.versiegelung24.com\/et\/pedexani-kingade-desinfitseerimine.html#breadcrumb"},"inLanguage":"et","potentialAction":[{"@type":"ReadAction","target":["https:\/\/www.versiegelung24.com\/et\/pedexani-kingade-desinfitseerimine.html"]}]},{"@type":"ImageObject","inLanguage":"et","@id":"https:\/\/www.versiegelung24.com\/et\/pedexani-kingade-desinfitseerimine.html#primaryimage","url":"https:\/\/www.versiegelung24.com\/wp-content\/uploads\/2021\/03\/pedexan-schuhdesinfektion-125ml.png","contentUrl":"https:\/\/www.versiegelung24.com\/wp-content\/uploads\/2021\/03\/pedexan-schuhdesinfektion-125ml.png","width":700,"height":700},{"@type":"BreadcrumbList","@id":"https:\/\/www.versiegelung24.com\/et\/pedexani-kingade-desinfitseerimine.html#breadcrumb","itemListElement":[{"@type":"ListItem","position":1,"name":"Koduleht","item":"https:\/\/www.versiegelung24.com\/et\/ees\/"},{"@type":"ListItem","position":2,"name":"Pood","item":"https:\/\/www.versiegelung24.com\/et\/pood\/"},{"@type":"ListItem","position":3,"name":"Pedexan jalan\u00f5ude desinfitseerimine pikaajalise toimega 125ml pumbaga pihustuspudel"}]},{"@type":"WebSite","@id":"https:\/\/www.versiegelung24.com\/et\/#website","url":"https:\/\/www.versiegelung24.com\/et\/","name":"versiegelung24.com","description":"Fl\u00fcssigglas-Versiegelung - Made in Germany","publisher":{"@id":"https:\/\/www.versiegelung24.com\/et\/#organization"},"potentialAction":[{"@type":"SearchAction","target":{"@type":"EntryPoint","urlTemplate":"https:\/\/www.versiegelung24.com\/et\/?s={search_term_string}"},"query-input":{"@type":"PropertyValueSpecification","valueRequired":true,"valueName":"search_term_string"}}],"inLanguage":"et"},{"@type":"Organization","@id":"https:\/\/www.versiegelung24.com\/et\/#organization","name":"versiegelung24","url":"https:\/\/www.versiegelung24.com\/et\/","logo":{"@type":"ImageObject","inLanguage":"et","@id":"https:\/\/www.versiegelung24.com\/et\/#\/schema\/logo\/image\/","url":"https:\/\/www.versiegelung24.com\/wp-content\/uploads\/2020\/04\/versiegelung24.png","contentUrl":"https:\/\/www.versiegelung24.com\/wp-content\/uploads\/2020\/04\/versiegelung24.png","width":470,"height":102,"caption":"versiegelung24"},"image":{"@id":"https:\/\/www.versiegelung24.com\/et\/#\/schema\/logo\/image\/"}}]},"product_price_amount":"10.99","product_price_currency":"EUR","og_availability":"instock","product_availability":"instock","product_retailer_item_id":"PED-125A","product_condition":"new"},"_links":{"self":[{"href":"https:\/\/www.versiegelung24.com\/et\/wp-json\/wp\/v2\/product\/24915","targetHints":{"allow":["GET"]}}],"collection":[{"href":"https:\/\/www.versiegelung24.com\/et\/wp-json\/wp\/v2\/product"}],"about":[{"href":"https:\/\/www.versiegelung24.com\/et\/wp-json\/wp\/v2\/types\/product"}],"version-history":[{"count":19,"href":"https:\/\/www.versiegelung24.com\/et\/wp-json\/wp\/v2\/product\/24915\/revisions"}],"predecessor-version":[{"id":180395,"href":"https:\/\/www.versiegelung24.com\/et\/wp-json\/wp\/v2\/product\/24915\/revisions\/180395"}],"wp:featuredmedia":[{"embeddable":true,"href":"https:\/\/www.versiegelung24.com\/et\/wp-json\/wp\/v2\/media\/21901"}],"wp:attachment":[{"href":"https:\/\/www.versiegelung24.com\/et\/wp-json\/wp\/v2\/media?parent=24915"}],"wp:term":[{"taxonomy":"product_brand","embeddable":true,"href":"https:\/\/www.versiegelung24.com\/et\/wp-json\/wp\/v2\/product_brand?post=24915"},{"taxonomy":"product_cat","embeddable":true,"href":"https:\/\/www.versiegelung24.com\/et\/wp-json\/wp\/v2\/product_cat?post=24915"},{"taxonomy":"product_tag","embeddable":true,"href":"https:\/\/www.versiegelung24.com\/et\/wp-json\/wp\/v2\/product_tag?post=24915"}],"curies":[{"name":"wp","href":"https:\/\/api.w.org\/{rel}","templated":true}]}}