{"id":24964,"date":"2020-05-20T20:21:58","date_gmt":"2021-08-02T21:16:02","guid":{"rendered":"https:\/\/www.versiegelung24.com\/produkt\/kate-desinfitseerimisvahend-dexan-500-ml"},"modified":"2025-01-13T16:40:14","modified_gmt":"2025-01-13T15:40:14","slug":"kate-desinfitseerimisvahend-deksaan-500ml-pudel","status":"publish","type":"product","link":"https:\/\/www.versiegelung24.com\/et\/kaete-desinfitseerimisvahend-deksaan-500ml-pudel.html","title":{"rendered":"K\u00e4te desinfitseerimisvahend Dexan 500 ml"},"content":{"rendered":"\n<h2 class=\"wp-block-heading\" id=\"gebrauchsfertige-alkoholbasierte-handedesinfektion-mit-pflegekomponente-aloe-vera\">Kasutusvalmis alkoholip\u00f5hine k\u00e4te desinfitseerimine koos hoolduskomponentidega (aloe vera)<\/h2>\n\n<p>Piiratud virutsidaalsed (\u00fcmbrisega viirused) <strong>Kaasa arvatud Koroonaviirus<\/strong>, HIV, HBV, HCV, gripp, herpes, Ebola viirus jne)<\/p>\n\n<hr \/>\n\n<h4 class=\"wp-block-heading\" id=\"properties\">Toote omadused<\/h4>\n\n<div class=\"wp-block-columns is-layout-flex wp-container-core-columns-is-layout-9d6595d7 wp-block-columns-is-layout-flex\">\n<div class=\"wp-block-column is-layout-flow wp-block-column-is-layout-flow\">\n<p><br \/>T<strong>\u00f5husus:<\/strong> testitud vastavalt Euroopa haigla standarditele: EN 1040, EN 1275, EN 1276, EN 1500: 1 min; prEN 12054: 30s. Piiratud virutsid (\u00fcmbrisega viirused, sealhulgas koroonaviirus, HIV, HBV, HCV, gripp, herpes, Ebola viirus jne) vastavalt DVV \/ RKI juhisele: 15 s.<\/p>\n<\/div>\n\n\n\n<div class=\"wp-block-column is-layout-flow wp-block-column-is-layout-flow\">\n<p><br \/>K<strong>asutamine:<\/strong> h\u00fcgieeniliseks k\u00e4te desinfitseerimiseks.<\/p>\n\n\n\n<p><br \/><br \/>K<strong>oostis:<\/strong> 100g sisaldab: 50,0g etanooli, 10,0g isopropanooli, 0,10g bensalkooniumkloriidi, puhastatud vett, aloe vera ekstrakti.<\/p>\n<\/div>\n<\/div>\n\n<hr \/>\n\n<h4 class=\"wp-block-heading\" id=\"application\">Taotlus<\/h4>\n\n<p>Pange piisavalt Dexani kuivadesse tassitud k\u00e4tesse, nii et k\u00f5ik k\u00e4te piirkonnad oleksid preparaadiga t\u00e4ielikult kaetud. H\u00f5\u00f5ruge hoolikalt k\u00e4tesse, hoidke k\u00e4ed niisutamise ajal niiske.<\/p>\n\n<hr \/>\n\n<h4 class=\"wp-block-heading\" id=\"advisor\">N\u00f5ustaja<\/h4>\n\n<p><br \/>O<strong>hutusn\u00f5uded:<\/strong> V\u00e4ga kergesti s\u00fcttiv vedelik ja aur. P\u00f5hjustab t\u00f5sist silma\u00e4rritust. Hoida eemal kuumusest, kuumadest pindadest, s\u00e4demetest, lahtisest tulest ja muudest s\u00fcttimisallikatest. Mitte suitsetada. Hoida mahutit tihedalt suletuna. SILMAVAHETUS: Loputada ettevaatlikult veega mitme minuti jooksul. V\u00f5imaluse korral eemaldada kontaktl\u00e4\u00e4tsed. J\u00e4tkata loputamist. Hoida lastele k\u00e4ttesaamatus kohas. Biotsiidi reg. nr: 75940 Kasutage desinfitseerimisvahendit ettevaatlikult. Enne kasutamist lugege alati etiketti ja tootekirjeldust.<\/p>\n","protected":false},"excerpt":{"rendered":"<p><strong>Kasutusvalmis alkoholip\u00f5hine k\u00e4te desinfitseerimine:<\/strong><\/p>\n<p>\u2713 Hoolduskomponendiga (aloe vera)<\/p>\n<p>\u2713 Piiratud virutsiidne (\u00fcmbrisega viirused, sealhulgas koroonaviirus, HIV, HBV, HCV, gripp, herpes, Ebola viirus jne)<\/p>\n","protected":false},"featured_media":15532,"template":"","meta":{"_acf_changed":false,"neve_meta_sidebar":"","neve_meta_container":"","neve_meta_enable_content_width":"","neve_meta_content_width":0,"neve_meta_title_alignment":"","neve_meta_author_avatar":"","neve_post_elements_order":"","neve_meta_disable_header":"","neve_meta_disable_footer":"","neve_meta_disable_title":"","neve_meta_reading_time":"","_surfaces":[],"_ver_product_tabs":[],"footnotes":""},"product_brand":[],"product_cat":[2254,2706],"product_tag":[],"class_list":{"0":"post-24964","1":"product","2":"type-product","3":"status-publish","4":"has-post-thumbnail","6":"product_cat-desinfektsioonivahendid","7":"product_cat-kaesihuuhde","9":"first","10":"instock","11":"taxable","12":"shipping-taxable","13":"purchasable","14":"product-type-simple"},"acf":[],"yoast_head":"<!-- This site is optimized with the Yoast SEO Premium plugin v22.8 (Yoast SEO v27.5) - https:\/\/yoast.com\/product\/yoast-seo-premium-wordpress\/ -->\n<title>K\u00e4te desinfitseerimisvahend Dexan 500 ml - versiegelung24.com<\/title>\n<meta name=\"robots\" content=\"index, follow, max-snippet:-1, max-image-preview:large, max-video-preview:-1\" \/>\n<link rel=\"canonical\" href=\"https:\/\/www.versiegelung24.com\/et\/kaete-desinfitseerimisvahend-deksaan-500ml-pudel.html\" \/>\n<meta property=\"og:locale\" content=\"et_EE\" \/>\n<meta property=\"og:type\" content=\"article\" \/>\n<meta property=\"og:title\" content=\"K\u00e4te desinfitseerimisvahend Dexan 500 ml\" \/>\n<meta property=\"og:description\" content=\"Kasutusvalmis alkoholip\u00f5hine k\u00e4te desinfitseerimine: \u2713 Hoolduskomponendiga (aloe vera) \u2713 Piiratud virutsiidne (\u00fcmbrisega viirused, sealhulgas koroonaviirus, HIV, HBV, HCV, gripp, herpes, Ebola viirus jne)\" \/>\n<meta property=\"og:url\" content=\"https:\/\/www.versiegelung24.com\/et\/kaete-desinfitseerimisvahend-deksaan-500ml-pudel.html\" \/>\n<meta property=\"og:site_name\" content=\"versiegelung24.com\" \/>\n<meta property=\"article:modified_time\" content=\"2025-01-13T15:40:14+00:00\" \/>\n<meta property=\"og:image\" content=\"https:\/\/www.versiegelung24.com\/wp-content\/uploads\/2020\/05\/dexan-haendedesinfektionsmittel-500ml-1.png\" \/>\n\t<meta property=\"og:image:width\" content=\"2000\" \/>\n\t<meta property=\"og:image:height\" content=\"2000\" \/>\n\t<meta property=\"og:image:type\" content=\"image\/png\" \/>\n<meta name=\"twitter:card\" content=\"summary_large_image\" \/>\n<meta name=\"twitter:label1\" content=\"Price\" \/>\n\t<meta name=\"twitter:data1\" content=\"9,99&euro;\" \/>\n\t<meta name=\"twitter:label2\" content=\"Availability\" \/>\n\t<meta name=\"twitter:data2\" content=\"In stock\" \/>\n<script type=\"application\/ld+json\" class=\"yoast-schema-graph\">{\"@context\":\"https:\\\/\\\/schema.org\",\"@graph\":[{\"@type\":\"WebPage\",\"@id\":\"https:\\\/\\\/www.versiegelung24.com\\\/et\\\/kaete-desinfitseerimisvahend-deksaan-500ml-pudel.html\",\"url\":\"https:\\\/\\\/www.versiegelung24.com\\\/et\\\/kaete-desinfitseerimisvahend-deksaan-500ml-pudel.html\",\"name\":\"K\u00e4te desinfitseerimisvahend Dexan 500 ml - versiegelung24.com\",\"isPartOf\":{\"@id\":\"https:\\\/\\\/www.versiegelung24.com\\\/et\\\/#website\"},\"primaryImageOfPage\":{\"@id\":\"https:\\\/\\\/www.versiegelung24.com\\\/et\\\/kaete-desinfitseerimisvahend-deksaan-500ml-pudel.html#primaryimage\"},\"image\":{\"@id\":\"https:\\\/\\\/www.versiegelung24.com\\\/et\\\/kaete-desinfitseerimisvahend-deksaan-500ml-pudel.html#primaryimage\"},\"thumbnailUrl\":\"https:\\\/\\\/www.versiegelung24.com\\\/wp-content\\\/uploads\\\/2020\\\/05\\\/dexan-haendedesinfektionsmittel-500ml-1.png\",\"datePublished\":\"2021-08-02T21:16:02+00:00\",\"dateModified\":\"2025-01-13T15:40:14+00:00\",\"breadcrumb\":{\"@id\":\"https:\\\/\\\/www.versiegelung24.com\\\/et\\\/kaete-desinfitseerimisvahend-deksaan-500ml-pudel.html#breadcrumb\"},\"inLanguage\":\"et\",\"potentialAction\":[{\"@type\":\"ReadAction\",\"target\":[\"https:\\\/\\\/www.versiegelung24.com\\\/et\\\/kaete-desinfitseerimisvahend-deksaan-500ml-pudel.html\"]}]},{\"@type\":\"ImageObject\",\"inLanguage\":\"et\",\"@id\":\"https:\\\/\\\/www.versiegelung24.com\\\/et\\\/kaete-desinfitseerimisvahend-deksaan-500ml-pudel.html#primaryimage\",\"url\":\"https:\\\/\\\/www.versiegelung24.com\\\/wp-content\\\/uploads\\\/2020\\\/05\\\/dexan-haendedesinfektionsmittel-500ml-1.png\",\"contentUrl\":\"https:\\\/\\\/www.versiegelung24.com\\\/wp-content\\\/uploads\\\/2020\\\/05\\\/dexan-haendedesinfektionsmittel-500ml-1.png\",\"width\":2000,\"height\":2000},{\"@type\":\"BreadcrumbList\",\"@id\":\"https:\\\/\\\/www.versiegelung24.com\\\/et\\\/kaete-desinfitseerimisvahend-deksaan-500ml-pudel.html#breadcrumb\",\"itemListElement\":[{\"@type\":\"ListItem\",\"position\":1,\"name\":\"Koduleht\",\"item\":\"https:\\\/\\\/www.versiegelung24.com\\\/et\\\/ees\\\/\"},{\"@type\":\"ListItem\",\"position\":2,\"name\":\"Pood\",\"item\":\"https:\\\/\\\/www.versiegelung24.com\\\/et\\\/pood\\\/\"},{\"@type\":\"ListItem\",\"position\":3,\"name\":\"K\u00e4te desinfitseerimisvahend Dexan 500 ml\"}]},{\"@type\":\"WebSite\",\"@id\":\"https:\\\/\\\/www.versiegelung24.com\\\/et\\\/#website\",\"url\":\"https:\\\/\\\/www.versiegelung24.com\\\/et\\\/\",\"name\":\"versiegelung24.com\",\"description\":\"Fl\u00fcssigglas-Versiegelung - Made in Germany\",\"publisher\":{\"@id\":\"https:\\\/\\\/www.versiegelung24.com\\\/et\\\/#organization\"},\"potentialAction\":[{\"@type\":\"SearchAction\",\"target\":{\"@type\":\"EntryPoint\",\"urlTemplate\":\"https:\\\/\\\/www.versiegelung24.com\\\/et\\\/?s={search_term_string}\"},\"query-input\":{\"@type\":\"PropertyValueSpecification\",\"valueRequired\":true,\"valueName\":\"search_term_string\"}}],\"inLanguage\":\"et\"},{\"@type\":\"Organization\",\"@id\":\"https:\\\/\\\/www.versiegelung24.com\\\/et\\\/#organization\",\"name\":\"versiegelung24\",\"url\":\"https:\\\/\\\/www.versiegelung24.com\\\/et\\\/\",\"logo\":{\"@type\":\"ImageObject\",\"inLanguage\":\"et\",\"@id\":\"https:\\\/\\\/www.versiegelung24.com\\\/et\\\/#\\\/schema\\\/logo\\\/image\\\/\",\"url\":\"https:\\\/\\\/www.versiegelung24.com\\\/wp-content\\\/uploads\\\/2020\\\/04\\\/versiegelung24.png\",\"contentUrl\":\"https:\\\/\\\/www.versiegelung24.com\\\/wp-content\\\/uploads\\\/2020\\\/04\\\/versiegelung24.png\",\"width\":470,\"height\":102,\"caption\":\"versiegelung24\"},\"image\":{\"@id\":\"https:\\\/\\\/www.versiegelung24.com\\\/et\\\/#\\\/schema\\\/logo\\\/image\\\/\"}}]}<\/script>\n<meta property=\"product:price:amount\" content=\"9.99\" \/>\n<meta property=\"product:price:currency\" content=\"EUR\" \/>\n<meta property=\"og:availability\" content=\"instock\" \/>\n<meta property=\"product:availability\" content=\"instock\" \/>\n<meta property=\"product:retailer_item_id\" content=\"dexan-500\" \/>\n<meta property=\"product:condition\" content=\"new\" \/>\n<!-- \/ Yoast SEO Premium plugin. -->","yoast_head_json":{"title":"K\u00e4te desinfitseerimisvahend Dexan 500 ml - versiegelung24.com","robots":{"index":"index","follow":"follow","max-snippet":"max-snippet:-1","max-image-preview":"max-image-preview:large","max-video-preview":"max-video-preview:-1"},"canonical":"https:\/\/www.versiegelung24.com\/et\/kaete-desinfitseerimisvahend-deksaan-500ml-pudel.html","og_locale":"et_EE","og_type":"article","og_title":"K\u00e4te desinfitseerimisvahend Dexan 500 ml","og_description":"Kasutusvalmis alkoholip\u00f5hine k\u00e4te desinfitseerimine: \u2713 Hoolduskomponendiga (aloe vera) \u2713 Piiratud virutsiidne (\u00fcmbrisega viirused, sealhulgas koroonaviirus, HIV, HBV, HCV, gripp, herpes, Ebola viirus jne)","og_url":"https:\/\/www.versiegelung24.com\/et\/kaete-desinfitseerimisvahend-deksaan-500ml-pudel.html","og_site_name":"versiegelung24.com","article_modified_time":"2025-01-13T15:40:14+00:00","og_image":[{"width":2000,"height":2000,"url":"https:\/\/www.versiegelung24.com\/wp-content\/uploads\/2020\/05\/dexan-haendedesinfektionsmittel-500ml-1.png","type":"image\/png"}],"twitter_card":"summary_large_image","twitter_misc":{"Price":"9,99&euro;","Availability":"In stock"},"schema":{"@context":"https:\/\/schema.org","@graph":[{"@type":"WebPage","@id":"https:\/\/www.versiegelung24.com\/et\/kaete-desinfitseerimisvahend-deksaan-500ml-pudel.html","url":"https:\/\/www.versiegelung24.com\/et\/kaete-desinfitseerimisvahend-deksaan-500ml-pudel.html","name":"K\u00e4te desinfitseerimisvahend Dexan 500 ml - versiegelung24.com","isPartOf":{"@id":"https:\/\/www.versiegelung24.com\/et\/#website"},"primaryImageOfPage":{"@id":"https:\/\/www.versiegelung24.com\/et\/kaete-desinfitseerimisvahend-deksaan-500ml-pudel.html#primaryimage"},"image":{"@id":"https:\/\/www.versiegelung24.com\/et\/kaete-desinfitseerimisvahend-deksaan-500ml-pudel.html#primaryimage"},"thumbnailUrl":"https:\/\/www.versiegelung24.com\/wp-content\/uploads\/2020\/05\/dexan-haendedesinfektionsmittel-500ml-1.png","datePublished":"2021-08-02T21:16:02+00:00","dateModified":"2025-01-13T15:40:14+00:00","breadcrumb":{"@id":"https:\/\/www.versiegelung24.com\/et\/kaete-desinfitseerimisvahend-deksaan-500ml-pudel.html#breadcrumb"},"inLanguage":"et","potentialAction":[{"@type":"ReadAction","target":["https:\/\/www.versiegelung24.com\/et\/kaete-desinfitseerimisvahend-deksaan-500ml-pudel.html"]}]},{"@type":"ImageObject","inLanguage":"et","@id":"https:\/\/www.versiegelung24.com\/et\/kaete-desinfitseerimisvahend-deksaan-500ml-pudel.html#primaryimage","url":"https:\/\/www.versiegelung24.com\/wp-content\/uploads\/2020\/05\/dexan-haendedesinfektionsmittel-500ml-1.png","contentUrl":"https:\/\/www.versiegelung24.com\/wp-content\/uploads\/2020\/05\/dexan-haendedesinfektionsmittel-500ml-1.png","width":2000,"height":2000},{"@type":"BreadcrumbList","@id":"https:\/\/www.versiegelung24.com\/et\/kaete-desinfitseerimisvahend-deksaan-500ml-pudel.html#breadcrumb","itemListElement":[{"@type":"ListItem","position":1,"name":"Koduleht","item":"https:\/\/www.versiegelung24.com\/et\/ees\/"},{"@type":"ListItem","position":2,"name":"Pood","item":"https:\/\/www.versiegelung24.com\/et\/pood\/"},{"@type":"ListItem","position":3,"name":"K\u00e4te desinfitseerimisvahend Dexan 500 ml"}]},{"@type":"WebSite","@id":"https:\/\/www.versiegelung24.com\/et\/#website","url":"https:\/\/www.versiegelung24.com\/et\/","name":"versiegelung24.com","description":"Fl\u00fcssigglas-Versiegelung - Made in Germany","publisher":{"@id":"https:\/\/www.versiegelung24.com\/et\/#organization"},"potentialAction":[{"@type":"SearchAction","target":{"@type":"EntryPoint","urlTemplate":"https:\/\/www.versiegelung24.com\/et\/?s={search_term_string}"},"query-input":{"@type":"PropertyValueSpecification","valueRequired":true,"valueName":"search_term_string"}}],"inLanguage":"et"},{"@type":"Organization","@id":"https:\/\/www.versiegelung24.com\/et\/#organization","name":"versiegelung24","url":"https:\/\/www.versiegelung24.com\/et\/","logo":{"@type":"ImageObject","inLanguage":"et","@id":"https:\/\/www.versiegelung24.com\/et\/#\/schema\/logo\/image\/","url":"https:\/\/www.versiegelung24.com\/wp-content\/uploads\/2020\/04\/versiegelung24.png","contentUrl":"https:\/\/www.versiegelung24.com\/wp-content\/uploads\/2020\/04\/versiegelung24.png","width":470,"height":102,"caption":"versiegelung24"},"image":{"@id":"https:\/\/www.versiegelung24.com\/et\/#\/schema\/logo\/image\/"}}]},"product_price_amount":"9.99","product_price_currency":"EUR","og_availability":"instock","product_availability":"instock","product_retailer_item_id":"dexan-500","product_condition":"new"},"_links":{"self":[{"href":"https:\/\/www.versiegelung24.com\/et\/wp-json\/wp\/v2\/product\/24964","targetHints":{"allow":["GET"]}}],"collection":[{"href":"https:\/\/www.versiegelung24.com\/et\/wp-json\/wp\/v2\/product"}],"about":[{"href":"https:\/\/www.versiegelung24.com\/et\/wp-json\/wp\/v2\/types\/product"}],"version-history":[{"count":13,"href":"https:\/\/www.versiegelung24.com\/et\/wp-json\/wp\/v2\/product\/24964\/revisions"}],"predecessor-version":[{"id":180585,"href":"https:\/\/www.versiegelung24.com\/et\/wp-json\/wp\/v2\/product\/24964\/revisions\/180585"}],"wp:featuredmedia":[{"embeddable":true,"href":"https:\/\/www.versiegelung24.com\/et\/wp-json\/wp\/v2\/media\/15532"}],"wp:attachment":[{"href":"https:\/\/www.versiegelung24.com\/et\/wp-json\/wp\/v2\/media?parent=24964"}],"wp:term":[{"taxonomy":"product_brand","embeddable":true,"href":"https:\/\/www.versiegelung24.com\/et\/wp-json\/wp\/v2\/product_brand?post=24964"},{"taxonomy":"product_cat","embeddable":true,"href":"https:\/\/www.versiegelung24.com\/et\/wp-json\/wp\/v2\/product_cat?post=24964"},{"taxonomy":"product_tag","embeddable":true,"href":"https:\/\/www.versiegelung24.com\/et\/wp-json\/wp\/v2\/product_tag?post=24964"}],"curies":[{"name":"wp","href":"https:\/\/api.w.org\/{rel}","templated":true}]}}