{"id":37452,"date":"2021-09-27T11:17:44","date_gmt":"2021-09-27T09:31:30","guid":{"rendered":"https:\/\/www.versiegelung24.com\/produkt\/mobiiltelefoni-kaitsekiht-vedelast-klaasist-bakterite-ja-viiruste-vastu"},"modified":"2025-01-05T15:40:27","modified_gmt":"2025-01-05T14:40:27","slug":"kaeparane-vedel-klaas-kaitsekiht-bakterite-viiruste-vastu","status":"publish","type":"product","link":"https:\/\/www.versiegelung24.com\/et\/kaeepaerane-vedel-klaas-kaitsekiht-bakterite-viiruste-vastu.html","title":{"rendered":"Nutitelefoni ja mobiiltelefoni pikaajaline desinfektsioonivahend bakterite ja viiruste vastu"},"content":{"rendered":"\n<h2 class=\"wp-block-heading\" id=\"h-neuheit-am-markt-smartphones-amp-handys-fur-3-monate-mit-einer-unsichtbaren-flussigglas-schicht-gegen-bakterien-viren-und-pilze-schutzen\">Uus turul: Kaitse nutitelefone ja mobiiltelefone bakterite, viiruste ja seente eest 3 kuud<\/h2>\n<div class=\"wp-block-image\">\n<figure class=\"aligncenter size-large\"><img fetchpriority=\"high\" decoding=\"async\" width=\"2560\" height=\"1440\" src=\"https:\/\/www.versiegelung24.com\/wp-content\/uploads\/2021\/09\/handy_bakterien-viren-edited-scaled.jpeg\" alt=\"\" class=\"wp-image-38698\" srcset=\"https:\/\/www.versiegelung24.com\/wp-content\/uploads\/2021\/09\/handy_bakterien-viren-edited-scaled.jpeg 2560w, https:\/\/www.versiegelung24.com\/wp-content\/uploads\/2021\/09\/handy_bakterien-viren-edited-scaled-600x338.jpeg 600w, https:\/\/www.versiegelung24.com\/wp-content\/uploads\/2021\/09\/handy_bakterien-viren-edited-300x169.jpeg 300w, https:\/\/www.versiegelung24.com\/wp-content\/uploads\/2021\/09\/handy_bakterien-viren-edited-1300x731.jpeg 1300w, https:\/\/www.versiegelung24.com\/wp-content\/uploads\/2021\/09\/handy_bakterien-viren-edited-768x432.jpeg 768w, https:\/\/www.versiegelung24.com\/wp-content\/uploads\/2021\/09\/handy_bakterien-viren-edited-1536x864.jpeg 1536w, https:\/\/www.versiegelung24.com\/wp-content\/uploads\/2021\/09\/handy_bakterien-viren-edited-2048x1152.jpeg 2048w\" sizes=\"(max-width: 2560px) 100vw, 2560px\" \/><figcaption class=\"wp-element-caption\">Nutitelefon on bakterite, viiruste ja seente kandja<\/figcaption><\/figure>\n<\/div>\n<p>T\u00e4nap\u00e4eval on nutitelefon pidev kaaslane. Paljud inimesed korjavad selle p\u00e4eva jooksul sadu kordi. Mobiiltelefon on igal pool olemas<strong> &#8211;<\/strong> kas magamise ja puhkamise ajal, kas tualetis v\u00f5i spordi ja vaba aja veetmise ajal. T\u00f5eline pidu viiruste ja bakterite edasikandmiseks. <\/p>\n\n<p>Kasutaja peaks nutitelefonide bakterite, seente ja viiruste riski v\u00f5tma v\u00e4ga t\u00f5siselt. Need pole mitte ainult ebasanitaarsed, vaid v\u00f5ivad m\u00f5jutada nii heaolu kui ka tervist. Muide, palju meeldivam on kasutada \u00fcldiselt puhast ja h\u00fcgieeniliselt hooldatud mobiiltelefoni v\u00f5i nutitelefoni.<\/p>\n\n<hr\/>\n\n<h4 class=\"wp-block-heading\" id=\"video\">Video<\/h4>\n\n<figure class=\"wp-block-embed aligncenter is-type-rich is-provider-handler-einbetten wp-block-embed-handler-einbetten wp-embed-aspect-16-9 wp-has-aspect-ratio\"><div class=\"wp-block-embed__wrapper\"> \n<div class=\"nv-iframe-embed\"><iframe title=\"Award-winning Mobile Phone Sanitizer by LiquiGlas (904)\" width=\"1200\" height=\"675\" src=\"https:\/\/www.youtube.com\/embed\/OPwnhKcFTvA?feature=oembed\" frameborder=\"0\" allow=\"accelerometer; autoplay; clipboard-write; encrypted-media; gyroscope; picture-in-picture\" allowfullscreen><\/iframe><\/div>\n <\/div><\/figure>\n\n<hr\/>\n\n<h4 class=\"wp-block-heading\" id=\"properties\">Toote omadused<\/h4>\n\n<div class=\"wp-block-columns is-layout-flex wp-container-core-columns-is-layout-9d6595d7 wp-block-columns-is-layout-flex\">\n<div class=\"wp-block-column is-layout-flow wp-block-column-is-layout-flow\">\n<h2 class=\"wp-block-heading\" id=\"die-highlights-auf-einen-blick\">Tipphetked l\u00fchidalt<\/h2>\n\n\n\n<p><br\/><br\/><br\/><br\/><br\/>&#8211; erakordne kuni ainulaadne pikaajaline bakterikaitse &#8211; garanteeritud bakterite, seente ja viiruste neutraliseerimine &#8211; lihtne ja kerge kasutada &#8211; meditsiinilise kvaliteediga desinfektsioon &#8211; t\u00e4iendav kaitse koronaviiruse vastu &#8211; 2020 MedTech Award&#8217;i v\u00f5itja &#8211; parim pikaajaline m\u00f5ju pindadel haigustekitajate vastu.<\/p>\n<\/div>\n\n\n\n<div class=\"wp-block-column is-layout-flow wp-block-column-is-layout-flow\">\n<h2 class=\"wp-block-heading\" id=\"lieferumfang\">tarne ulatus<\/h2>\n\n\n\n<p>12 bakteri kaitsvat salvr\u00e4tikut, 1 kord n\u00e4dalas = 3 kuud<\/p>\n<\/div>\n<\/div>\n\n<hr\/>\n\n<h4 class=\"wp-block-heading\" id=\"application\">Taotlus<\/h4>\n\n<h2 class=\"wp-block-heading\" id=\"die-anwendung-hygienisch-sauberes-handy\">Rakendus &#8211; h\u00fcgieeniliselt puhas mobiiltelefon<\/h2>\n\n<div class=\"wp-block-getwid-toggle has-icon-left\">\n<div class=\"wp-block-getwid-toggle__row\"><div class=\"wp-block-getwid-toggle__header-wrapper\"><span class=\"wp-block-getwid-toggle__header\"><a href=\"#\"><span class=\"wp-block-getwid-toggle__header-title\">1. Smartphone s\u00e4ubern<\/span><span class=\"wp-block-getwid-toggle__icon is-active\"><i class=\"fas fa-plus\"><\/i><\/span><span class=\"wp-block-getwid-toggle__icon is-passive\"><i class=\"fas fa-minus\"><\/i><\/span><\/a><\/span><\/div><div class=\"wp-block-getwid-toggle__content-wrapper\"><div class=\"wp-block-getwid-toggle__content\">\n<p>L\u00f5ppseadet p\u00fchitakse ees ja taga mikrokiudlapiga v\u00f5i kuiva ebemevaba lapiga, et eemaldada s\u00f5rmej\u00e4ljed, mustus ja k\u00f5ik h\u00f5\u00f5rdumised.<\/p>\n<\/div><\/div><\/div>\n\n\n\n<div class=\"wp-block-getwid-toggle__row\"><div class=\"wp-block-getwid-toggle__header-wrapper\"><span class=\"wp-block-getwid-toggle__header\"><a href=\"#\"><span class=\"wp-block-getwid-toggle__header-title\">2. Smartphone desinfizieren<\/span><span class=\"wp-block-getwid-toggle__icon is-active\"><i class=\"fas fa-plus\"><\/i><\/span><span class=\"wp-block-getwid-toggle__icon is-passive\"><i class=\"fas fa-minus\"><\/i><\/span><\/a><\/span><\/div><div class=\"wp-block-getwid-toggle__content-wrapper\"><div class=\"wp-block-getwid-toggle__content\">\n<p>12-ne pakend avatakse ja esimene kokkut\u00f5mbumisvastane desinfitseerimislapp eemaldatakse. Desinfitseeriva salvr\u00e4tiku \u00fche k\u00fcljega puhastatakse mobiiltelefon eest ja tagant p\u00f5hjalikult, teisis\u00f5nu p\u00fchitakse \u00e4ra. Sellele j\u00e4rgneb l\u00f5ppseadme desinfitseerimine lapi teise, veel puhta poolega umbes 30 sekundit. See tekitab selle pinnale kerge loori.<\/p>\n<\/div><\/div><\/div>\n\n\n\n<div class=\"wp-block-getwid-toggle__row\"><div class=\"wp-block-getwid-toggle__header-wrapper\"><span class=\"wp-block-getwid-toggle__header\"><a href=\"#\"><span class=\"wp-block-getwid-toggle__header-title\">3. Trocknungsvorgang<\/span><span class=\"wp-block-getwid-toggle__icon is-active\"><i class=\"fas fa-plus\"><\/i><\/span><span class=\"wp-block-getwid-toggle__icon is-passive\"><i class=\"fas fa-minus\"><\/i><\/span><\/a><\/span><\/div><div class=\"wp-block-getwid-toggle__content-wrapper\"><div class=\"wp-block-getwid-toggle__content\">\n<p>Sellele j\u00e4rgneb kahe kuni kolme minuti pikkune kuivatusprotsess. Rakendatud vedelik toimib ja moodustab desinfitseeriva kaitsekihi.<\/p>\n<\/div><\/div><\/div>\n\n\n\n<div class=\"wp-block-getwid-toggle__row\"><div class=\"wp-block-getwid-toggle__header-wrapper\"><span class=\"wp-block-getwid-toggle__header\"><a href=\"#\"><span class=\"wp-block-getwid-toggle__header-title\">4. Nachpolieren<\/span><span class=\"wp-block-getwid-toggle__icon is-active\"><i class=\"fas fa-plus\"><\/i><\/span><span class=\"wp-block-getwid-toggle__icon is-passive\"><i class=\"fas fa-minus\"><\/i><\/span><\/a><\/span><\/div><div class=\"wp-block-getwid-toggle__content-wrapper\"><div class=\"wp-block-getwid-toggle__content\">\n<p>Kuivatusprotsessi l\u00f5pus kaetakse mobiiltelefon uuesti puhta kuivatuslapiga<strong> &#8211;<\/strong> n\u00e4iteks mikrokiust<strong> &#8211;<\/strong> Uuendatakse, kuni pind on triibudeta. N\u00fc\u00fcd v\u00e4lja t\u00f6\u00f6tatud pikaajaline desinfitseerimiskaitse t\u00f6\u00f6tab intensiivselt j\u00e4rgmise seitsme kuni k\u00fcmne p\u00e4eva jooksul.<\/p>\n<\/div><\/div><\/div>\n<\/div>\n\n<br\/>\n\n<hr\/>\n\n<h4 class=\"wp-block-heading\" id=\"advisor\">N\u00f5ustaja<\/h4>\n\n<h2 class=\"wp-block-heading\" id=\"award-gewinner-handy-desinfektion-raumt-ab\">Auhinna v\u00f5itja &#8211; mobiiltelefonide desinfitseerimine v\u00f5idab<\/h2>\n\n<p>Mobiilsete l\u00f5ppseadmete, n\u00e4iteks mobiiltelefonide, nutitelefonide v\u00f5i tahvelarvutite desinfitseerimiskaitse turul on uudsus CCM\u00ae-i 12-pakendiline kaitsebakter. CCM t\u00e4histab Creative Chemical Manufacturer GmbH, mille peakorter asub Overathis, Nordrhein-Westfalenis.<\/p>\n\n<figure class=\"wp-block-image size-full\"><img decoding=\"async\" width=\"700\" height=\"207\" src=\"https:\/\/www.versiegelung24.com\/wp-content\/uploads\/2021\/09\/2020-MedTech-Awards-2.png\" alt=\"\" class=\"wp-image-37295\" srcset=\"https:\/\/www.versiegelung24.com\/wp-content\/uploads\/2021\/09\/2020-MedTech-Awards-2.png 700w, https:\/\/www.versiegelung24.com\/wp-content\/uploads\/2021\/09\/2020-MedTech-Awards-2-600x177.png 600w, https:\/\/www.versiegelung24.com\/wp-content\/uploads\/2021\/09\/2020-MedTech-Awards-2-300x89.png 300w\" sizes=\"(max-width: 700px) 100vw, 700px\" \/><figcaption class=\"wp-element-caption\"><strong>Autasustatud MedTech auhinnaga &#8211; parim pikaajaline patogeenivastane kaitselahendus<\/strong><\/figcaption><\/figure>\n\n<h2 class=\"wp-block-heading\" id=\"ohne-handy-und-smartphone-desinfizieren-geht-es-einfach-nicht\">Desinfitseerimine ilma mobiiltelefoni ja nutitelefonita pole lihtsalt v\u00f5imalik!<\/h2>\n\n<p>N\u00fc\u00fcd on inimesed harjunud k\u00e4si regulaarselt pesema ja desinfitseerima. Seda olulisem on mitte unustada oma nutitelefoni desinfitseerimist. \u00d5ige kasutamise korral tekitab kaitsev bakterilapp pideva desinfitseeriva toime kuni k\u00fcmme p\u00e4eva. 12 -pakendiga on l\u00f5ppseade veerand aastat alati h\u00fcgieeniliselt ideaalses seisukorras.<\/p>\n\n<p><\/p>\n\n<p><strong>Kaheteistk\u00fcmne kaitsva lapi regulaarne kasutamine loob nutitelefoni pinnale \u00fcli\u00f5hukese vedela klaaskatte.<\/strong> See hoiab \u00e4ra patogeenide moodustumise ja selle tagaj\u00e4rjel tekkimise. Positiivse k\u00f5rvalm\u00f5juna muutub pind aina siledaks ja seda saab v\u00e4ga lihtsalt puhastada. See efekt suureneb, seda kauem desinfitseerivaid salvr\u00e4tikuid kasutatakse.<\/p>\n","protected":false},"excerpt":{"rendered":"<p>Mobiilsete l\u00f5ppseadmete, n\u00e4iteks mobiiltelefonide, nutitelefonide v\u00f5i tahvelarvutite desinfitseerimiskaitse turul on uudsus CCM\u00ae-i 12-pakendiline kaitsebakter.<\/p>\n<p>Sertifitseeritud MedTech auhinnaga<strong>&#8220;Parim pikaajaline patogeenide vastane kaitselahendus&#8221;<\/p>\n<p><\/strong><\/p>\n<p><img decoding=\"async\" class=\"alignnone size-medium wp-image-37295\" src=\"https:\/\/www.versiegelung24.com\/wp-content\/uploads\/2021\/09\/2020-MedTech-Awards-2-300x89.png\" alt=\"\" width=\"300\" height=\"89\" srcset=\"https:\/\/www.versiegelung24.com\/wp-content\/uploads\/2021\/09\/2020-MedTech-Awards-2-300x89.png 300w, https:\/\/www.versiegelung24.com\/wp-content\/uploads\/2021\/09\/2020-MedTech-Awards-2-600x177.png 600w, https:\/\/www.versiegelung24.com\/wp-content\/uploads\/2021\/09\/2020-MedTech-Awards-2.png 700w\" sizes=\"(max-width: 300px) 100vw, 300px\" \/><\/p>\n","protected":false},"featured_media":63239,"template":"","meta":{"_acf_changed":false,"neve_meta_sidebar":"","neve_meta_container":"","neve_meta_enable_content_width":"","neve_meta_content_width":0,"neve_meta_title_alignment":"","neve_meta_author_avatar":"","neve_post_elements_order":"","neve_meta_disable_header":"","neve_meta_disable_footer":"","neve_meta_disable_title":"","neve_meta_reading_time":"","_surfaces":[],"_ver_product_tabs":[],"footnotes":""},"product_brand":[],"product_cat":[2254,3014],"product_tag":[],"class_list":{"0":"post-37452","1":"product","2":"type-product","3":"status-publish","4":"has-post-thumbnail","6":"product_cat-desinfektsioonivahendid","7":"product_cat-mobiiltelefonide-desinfitseerimisvahend","9":"first","10":"instock","11":"taxable","12":"shipping-taxable","13":"purchasable","14":"product-type-simple"},"acf":[],"yoast_head":"<!-- This site is optimized with the Yoast SEO Premium plugin v22.8 (Yoast SEO v27.5) - https:\/\/yoast.com\/product\/yoast-seo-premium-wordpress\/ -->\n<title>Nutitelefoni ja mobiiltelefoni pikaajaline desinfektsioonivahend bakterite ja viiruste vastu - versiegelung24.com<\/title>\n<meta name=\"robots\" content=\"index, follow, max-snippet:-1, max-image-preview:large, max-video-preview:-1\" \/>\n<link rel=\"canonical\" href=\"https:\/\/www.versiegelung24.com\/et\/kaeepaerane-vedel-klaas-kaitsekiht-bakterite-viiruste-vastu.html\" \/>\n<meta property=\"og:locale\" content=\"et_EE\" \/>\n<meta property=\"og:type\" content=\"article\" \/>\n<meta property=\"og:title\" content=\"Nutitelefoni ja mobiiltelefoni pikaajaline desinfektsioonivahend bakterite ja viiruste vastu\" \/>\n<meta property=\"og:description\" content=\"Mobiilsete l\u00f5ppseadmete, n\u00e4iteks mobiiltelefonide, nutitelefonide v\u00f5i tahvelarvutite desinfitseerimiskaitse turul on uudsus CCM\u00ae-i 12-pakendiline kaitsebakter. Sertifitseeritud MedTech auhinnaga&quot;Parim pikaajaline patogeenide vastane kaitselahendus&quot;\" \/>\n<meta property=\"og:url\" content=\"https:\/\/www.versiegelung24.com\/et\/kaeepaerane-vedel-klaas-kaitsekiht-bakterite-viiruste-vastu.html\" \/>\n<meta property=\"og:site_name\" content=\"versiegelung24.com\" \/>\n<meta property=\"article:modified_time\" content=\"2025-01-05T14:40:27+00:00\" \/>\n<meta property=\"og:image\" content=\"https:\/\/www.versiegelung24.com\/wp-content\/uploads\/2021\/09\/produkt-4009-904-Handy-Bakterienschutz-Verpackung1.jpg\" \/>\n\t<meta property=\"og:image:width\" content=\"2000\" \/>\n\t<meta property=\"og:image:height\" content=\"2000\" \/>\n\t<meta property=\"og:image:type\" content=\"image\/jpeg\" \/>\n<meta name=\"twitter:card\" content=\"summary_large_image\" \/>\n<meta name=\"twitter:label1\" content=\"Price\" \/>\n\t<meta name=\"twitter:data1\" content=\"10,99&euro;\" \/>\n\t<meta name=\"twitter:label2\" content=\"Availability\" \/>\n\t<meta name=\"twitter:data2\" content=\"In stock\" \/>\n<script type=\"application\/ld+json\" class=\"yoast-schema-graph\">{\"@context\":\"https:\\\/\\\/schema.org\",\"@graph\":[{\"@type\":\"WebPage\",\"@id\":\"https:\\\/\\\/www.versiegelung24.com\\\/et\\\/kaeepaerane-vedel-klaas-kaitsekiht-bakterite-viiruste-vastu.html\",\"url\":\"https:\\\/\\\/www.versiegelung24.com\\\/et\\\/kaeepaerane-vedel-klaas-kaitsekiht-bakterite-viiruste-vastu.html\",\"name\":\"Nutitelefoni ja mobiiltelefoni pikaajaline desinfektsioonivahend bakterite ja viiruste vastu - versiegelung24.com\",\"isPartOf\":{\"@id\":\"https:\\\/\\\/www.versiegelung24.com\\\/et\\\/#website\"},\"primaryImageOfPage\":{\"@id\":\"https:\\\/\\\/www.versiegelung24.com\\\/et\\\/kaeepaerane-vedel-klaas-kaitsekiht-bakterite-viiruste-vastu.html#primaryimage\"},\"image\":{\"@id\":\"https:\\\/\\\/www.versiegelung24.com\\\/et\\\/kaeepaerane-vedel-klaas-kaitsekiht-bakterite-viiruste-vastu.html#primaryimage\"},\"thumbnailUrl\":\"https:\\\/\\\/www.versiegelung24.com\\\/wp-content\\\/uploads\\\/2021\\\/09\\\/produkt-4009-904-Handy-Bakterienschutz-Verpackung1.jpg\",\"datePublished\":\"2021-09-27T09:31:30+00:00\",\"dateModified\":\"2025-01-05T14:40:27+00:00\",\"breadcrumb\":{\"@id\":\"https:\\\/\\\/www.versiegelung24.com\\\/et\\\/kaeepaerane-vedel-klaas-kaitsekiht-bakterite-viiruste-vastu.html#breadcrumb\"},\"inLanguage\":\"et\",\"potentialAction\":[{\"@type\":\"ReadAction\",\"target\":[\"https:\\\/\\\/www.versiegelung24.com\\\/et\\\/kaeepaerane-vedel-klaas-kaitsekiht-bakterite-viiruste-vastu.html\"]}]},{\"@type\":\"ImageObject\",\"inLanguage\":\"et\",\"@id\":\"https:\\\/\\\/www.versiegelung24.com\\\/et\\\/kaeepaerane-vedel-klaas-kaitsekiht-bakterite-viiruste-vastu.html#primaryimage\",\"url\":\"https:\\\/\\\/www.versiegelung24.com\\\/wp-content\\\/uploads\\\/2021\\\/09\\\/produkt-4009-904-Handy-Bakterienschutz-Verpackung1.jpg\",\"contentUrl\":\"https:\\\/\\\/www.versiegelung24.com\\\/wp-content\\\/uploads\\\/2021\\\/09\\\/produkt-4009-904-Handy-Bakterienschutz-Verpackung1.jpg\",\"width\":2000,\"height\":2000},{\"@type\":\"BreadcrumbList\",\"@id\":\"https:\\\/\\\/www.versiegelung24.com\\\/et\\\/kaeepaerane-vedel-klaas-kaitsekiht-bakterite-viiruste-vastu.html#breadcrumb\",\"itemListElement\":[{\"@type\":\"ListItem\",\"position\":1,\"name\":\"Koduleht\",\"item\":\"https:\\\/\\\/www.versiegelung24.com\\\/et\\\/ees\\\/\"},{\"@type\":\"ListItem\",\"position\":2,\"name\":\"Pood\",\"item\":\"https:\\\/\\\/www.versiegelung24.com\\\/et\\\/pood\\\/\"},{\"@type\":\"ListItem\",\"position\":3,\"name\":\"Nutitelefoni ja mobiiltelefoni pikaajaline desinfektsioonivahend bakterite ja viiruste vastu\"}]},{\"@type\":\"WebSite\",\"@id\":\"https:\\\/\\\/www.versiegelung24.com\\\/et\\\/#website\",\"url\":\"https:\\\/\\\/www.versiegelung24.com\\\/et\\\/\",\"name\":\"versiegelung24.com\",\"description\":\"Fl\u00fcssigglas-Versiegelung - Made in Germany\",\"publisher\":{\"@id\":\"https:\\\/\\\/www.versiegelung24.com\\\/et\\\/#organization\"},\"potentialAction\":[{\"@type\":\"SearchAction\",\"target\":{\"@type\":\"EntryPoint\",\"urlTemplate\":\"https:\\\/\\\/www.versiegelung24.com\\\/et\\\/?s={search_term_string}\"},\"query-input\":{\"@type\":\"PropertyValueSpecification\",\"valueRequired\":true,\"valueName\":\"search_term_string\"}}],\"inLanguage\":\"et\"},{\"@type\":\"Organization\",\"@id\":\"https:\\\/\\\/www.versiegelung24.com\\\/et\\\/#organization\",\"name\":\"versiegelung24\",\"url\":\"https:\\\/\\\/www.versiegelung24.com\\\/et\\\/\",\"logo\":{\"@type\":\"ImageObject\",\"inLanguage\":\"et\",\"@id\":\"https:\\\/\\\/www.versiegelung24.com\\\/et\\\/#\\\/schema\\\/logo\\\/image\\\/\",\"url\":\"https:\\\/\\\/www.versiegelung24.com\\\/wp-content\\\/uploads\\\/2020\\\/04\\\/versiegelung24.png\",\"contentUrl\":\"https:\\\/\\\/www.versiegelung24.com\\\/wp-content\\\/uploads\\\/2020\\\/04\\\/versiegelung24.png\",\"width\":470,\"height\":102,\"caption\":\"versiegelung24\"},\"image\":{\"@id\":\"https:\\\/\\\/www.versiegelung24.com\\\/et\\\/#\\\/schema\\\/logo\\\/image\\\/\"}}]}<\/script>\n<meta property=\"product:price:amount\" content=\"10.99\" \/>\n<meta property=\"product:price:currency\" content=\"EUR\" \/>\n<meta property=\"og:availability\" content=\"instock\" \/>\n<meta property=\"product:availability\" content=\"instock\" \/>\n<meta property=\"product:retailer_item_id\" content=\"4009-904\" \/>\n<meta property=\"product:condition\" content=\"new\" \/>\n<!-- \/ Yoast SEO Premium plugin. -->","yoast_head_json":{"title":"Nutitelefoni ja mobiiltelefoni pikaajaline desinfektsioonivahend bakterite ja viiruste vastu - versiegelung24.com","robots":{"index":"index","follow":"follow","max-snippet":"max-snippet:-1","max-image-preview":"max-image-preview:large","max-video-preview":"max-video-preview:-1"},"canonical":"https:\/\/www.versiegelung24.com\/et\/kaeepaerane-vedel-klaas-kaitsekiht-bakterite-viiruste-vastu.html","og_locale":"et_EE","og_type":"article","og_title":"Nutitelefoni ja mobiiltelefoni pikaajaline desinfektsioonivahend bakterite ja viiruste vastu","og_description":"Mobiilsete l\u00f5ppseadmete, n\u00e4iteks mobiiltelefonide, nutitelefonide v\u00f5i tahvelarvutite desinfitseerimiskaitse turul on uudsus CCM\u00ae-i 12-pakendiline kaitsebakter. Sertifitseeritud MedTech auhinnaga\"Parim pikaajaline patogeenide vastane kaitselahendus\"","og_url":"https:\/\/www.versiegelung24.com\/et\/kaeepaerane-vedel-klaas-kaitsekiht-bakterite-viiruste-vastu.html","og_site_name":"versiegelung24.com","article_modified_time":"2025-01-05T14:40:27+00:00","og_image":[{"width":2000,"height":2000,"url":"https:\/\/www.versiegelung24.com\/wp-content\/uploads\/2021\/09\/produkt-4009-904-Handy-Bakterienschutz-Verpackung1.jpg","type":"image\/jpeg"}],"twitter_card":"summary_large_image","twitter_misc":{"Price":"10,99&euro;","Availability":"In stock"},"schema":{"@context":"https:\/\/schema.org","@graph":[{"@type":"WebPage","@id":"https:\/\/www.versiegelung24.com\/et\/kaeepaerane-vedel-klaas-kaitsekiht-bakterite-viiruste-vastu.html","url":"https:\/\/www.versiegelung24.com\/et\/kaeepaerane-vedel-klaas-kaitsekiht-bakterite-viiruste-vastu.html","name":"Nutitelefoni ja mobiiltelefoni pikaajaline desinfektsioonivahend bakterite ja viiruste vastu - versiegelung24.com","isPartOf":{"@id":"https:\/\/www.versiegelung24.com\/et\/#website"},"primaryImageOfPage":{"@id":"https:\/\/www.versiegelung24.com\/et\/kaeepaerane-vedel-klaas-kaitsekiht-bakterite-viiruste-vastu.html#primaryimage"},"image":{"@id":"https:\/\/www.versiegelung24.com\/et\/kaeepaerane-vedel-klaas-kaitsekiht-bakterite-viiruste-vastu.html#primaryimage"},"thumbnailUrl":"https:\/\/www.versiegelung24.com\/wp-content\/uploads\/2021\/09\/produkt-4009-904-Handy-Bakterienschutz-Verpackung1.jpg","datePublished":"2021-09-27T09:31:30+00:00","dateModified":"2025-01-05T14:40:27+00:00","breadcrumb":{"@id":"https:\/\/www.versiegelung24.com\/et\/kaeepaerane-vedel-klaas-kaitsekiht-bakterite-viiruste-vastu.html#breadcrumb"},"inLanguage":"et","potentialAction":[{"@type":"ReadAction","target":["https:\/\/www.versiegelung24.com\/et\/kaeepaerane-vedel-klaas-kaitsekiht-bakterite-viiruste-vastu.html"]}]},{"@type":"ImageObject","inLanguage":"et","@id":"https:\/\/www.versiegelung24.com\/et\/kaeepaerane-vedel-klaas-kaitsekiht-bakterite-viiruste-vastu.html#primaryimage","url":"https:\/\/www.versiegelung24.com\/wp-content\/uploads\/2021\/09\/produkt-4009-904-Handy-Bakterienschutz-Verpackung1.jpg","contentUrl":"https:\/\/www.versiegelung24.com\/wp-content\/uploads\/2021\/09\/produkt-4009-904-Handy-Bakterienschutz-Verpackung1.jpg","width":2000,"height":2000},{"@type":"BreadcrumbList","@id":"https:\/\/www.versiegelung24.com\/et\/kaeepaerane-vedel-klaas-kaitsekiht-bakterite-viiruste-vastu.html#breadcrumb","itemListElement":[{"@type":"ListItem","position":1,"name":"Koduleht","item":"https:\/\/www.versiegelung24.com\/et\/ees\/"},{"@type":"ListItem","position":2,"name":"Pood","item":"https:\/\/www.versiegelung24.com\/et\/pood\/"},{"@type":"ListItem","position":3,"name":"Nutitelefoni ja mobiiltelefoni pikaajaline desinfektsioonivahend bakterite ja viiruste vastu"}]},{"@type":"WebSite","@id":"https:\/\/www.versiegelung24.com\/et\/#website","url":"https:\/\/www.versiegelung24.com\/et\/","name":"versiegelung24.com","description":"Fl\u00fcssigglas-Versiegelung - Made in Germany","publisher":{"@id":"https:\/\/www.versiegelung24.com\/et\/#organization"},"potentialAction":[{"@type":"SearchAction","target":{"@type":"EntryPoint","urlTemplate":"https:\/\/www.versiegelung24.com\/et\/?s={search_term_string}"},"query-input":{"@type":"PropertyValueSpecification","valueRequired":true,"valueName":"search_term_string"}}],"inLanguage":"et"},{"@type":"Organization","@id":"https:\/\/www.versiegelung24.com\/et\/#organization","name":"versiegelung24","url":"https:\/\/www.versiegelung24.com\/et\/","logo":{"@type":"ImageObject","inLanguage":"et","@id":"https:\/\/www.versiegelung24.com\/et\/#\/schema\/logo\/image\/","url":"https:\/\/www.versiegelung24.com\/wp-content\/uploads\/2020\/04\/versiegelung24.png","contentUrl":"https:\/\/www.versiegelung24.com\/wp-content\/uploads\/2020\/04\/versiegelung24.png","width":470,"height":102,"caption":"versiegelung24"},"image":{"@id":"https:\/\/www.versiegelung24.com\/et\/#\/schema\/logo\/image\/"}}]},"product_price_amount":"10.99","product_price_currency":"EUR","og_availability":"instock","product_availability":"instock","product_retailer_item_id":"4009-904","product_condition":"new"},"_links":{"self":[{"href":"https:\/\/www.versiegelung24.com\/et\/wp-json\/wp\/v2\/product\/37452","targetHints":{"allow":["GET"]}}],"collection":[{"href":"https:\/\/www.versiegelung24.com\/et\/wp-json\/wp\/v2\/product"}],"about":[{"href":"https:\/\/www.versiegelung24.com\/et\/wp-json\/wp\/v2\/types\/product"}],"version-history":[{"count":89,"href":"https:\/\/www.versiegelung24.com\/et\/wp-json\/wp\/v2\/product\/37452\/revisions"}],"predecessor-version":[{"id":178280,"href":"https:\/\/www.versiegelung24.com\/et\/wp-json\/wp\/v2\/product\/37452\/revisions\/178280"}],"wp:featuredmedia":[{"embeddable":true,"href":"https:\/\/www.versiegelung24.com\/et\/wp-json\/wp\/v2\/media\/63239"}],"wp:attachment":[{"href":"https:\/\/www.versiegelung24.com\/et\/wp-json\/wp\/v2\/media?parent=37452"}],"wp:term":[{"taxonomy":"product_brand","embeddable":true,"href":"https:\/\/www.versiegelung24.com\/et\/wp-json\/wp\/v2\/product_brand?post=37452"},{"taxonomy":"product_cat","embeddable":true,"href":"https:\/\/www.versiegelung24.com\/et\/wp-json\/wp\/v2\/product_cat?post=37452"},{"taxonomy":"product_tag","embeddable":true,"href":"https:\/\/www.versiegelung24.com\/et\/wp-json\/wp\/v2\/product_tag?post=37452"}],"curies":[{"name":"wp","href":"https:\/\/api.w.org\/{rel}","templated":true}]}}