{"id":62236,"date":"2022-02-06T23:03:40","date_gmt":"2022-02-06T22:03:50","guid":{"rendered":"https:\/\/www.versiegelung24.com\/?post_type=product&#038;p=62236"},"modified":"2025-01-05T17:33:06","modified_gmt":"2025-01-05T16:33:06","slug":"taiskomplekt-premium-paikesesusteem-fotogalvaaniline-tihendus-aarmise-vastupidavuse-ja-tohususe-suurendamisega","status":"publish","type":"product","link":"https:\/\/www.versiegelung24.com\/et\/taiskomplekt-premium-paikesesusteem-fotogalvaaniline-tihendus-aarmise-vastupidavuse-ja-tohususe-suurendamisega.html","title":{"rendered":"T\u00e4ielik komplekt p\u00e4ikeses\u00fcsteemide \/ fotogalvaaniliste s\u00fcsteemide tihendamiseks"},"content":{"rendered":"\n<p><strong>T\u00e4ielik komplekt, mis koosneb bioloogilisest eelpuhastusvahendist, bioetanoolist rasva eemaldamiseks ja suure j\u00f5udlusega vedelklaasil p\u00f5hinevast nanotihendist<\/strong><\/p>\n\n<p><strong>V\u00e4ga t\u00f5hus nanokate p\u00e4ikeses\u00fcsteemidele, lootosefektiga (vetth\u00fclgav)<\/strong><\/p>\n\n<p>K\u00f5rge kvaliteet Valmistatud Saksamaal<\/p>\n\n<h4 class=\"wp-block-heading\" id=\"properties\">omadused<\/h4>\n\n<div class=\"wp-block-columns is-layout-flex wp-container-core-columns-is-layout-9d6595d7 wp-block-columns-is-layout-flex\">\n<div class=\"wp-block-column is-layout-flow wp-block-column-is-layout-flow\">\n<ul class=\"wp-block-list\">\n<li>Tulevikutehnoloogia n\u00e4htamatu kaitsekihiga, ca 100 nm (nanomeetrit) &#8220;paks&#8221;<\/li>\n\n\n\n<li>Kaitseb pinda<\/li>\n\n\n\n<li>Kuuma- ja k\u00fclmakindel<\/li>\n\n\n\n<li>Vastupidav mereveele ja soolale (happeline\/aluseline 1,5\u201312,5 ph)<\/li>\n\n\n\n<li>Vett ja mustust h\u00fclgav<\/li>\n\n\n\n<li>Lihtne ja kiire rakendus<\/li>\n\n\n\n<li>Kasutatav temperatuuril +10\u00b0 kuni +30\u00b0C<\/li>\n\n\n\n<li>UV -stabiilne<\/li>\n\n\n\n<li>&#8220;Lihtsalt puhastatav&#8221; efekt (pindu on lihtne puhastada = s\u00e4\u00e4stab aega ja raha ning osa mustust uhub vihm juba maha)<\/li>\n\n\n\n<li>Kulu: ca 150 m\u00b2 \u00fche liitriga<\/li>\n\n\n\n<li>V\u00e4hendab puhastamisel \u00f6koloogilist (CO2) jalaj\u00e4lge:\n<ul class=\"wp-block-list\">\n<li>Vaja on v\u00e4hem vett<\/li>\n\n\n\n<li>Vaja on v\u00e4hem keemilisi puhastusvahendeid<\/li>\n<\/ul>\n<\/li>\n<\/ul>\n<\/div>\n\n\n\n<div class=\"wp-block-column is-layout-flow wp-block-column-is-layout-flow\">\n<p><strong>Tarne ulatus:<\/strong><\/p>\n\n\n\n<ul class=\"wp-block-list\">\n<li>500 ml Biosativa\u00ae orgaanilise puhastusvahendi kontsentraati 1:10 eelpuhastuseks<\/li>\n\n\n\n<li>1000 ml isopropanoolalkoholi 99,9% rasva\u00e4rastuse jaoks<\/li>\n\n\n\n<li>500 ml vedelklaasist tihend 7601 (umbes 75-100 m\u00b2)<\/li>\n\n\n\n<li>100 kuivatusr\u00e4tikut 25 x 16 cm eelpuhastuseks<\/li>\n\n\n\n<li>10 mikrokiudlappi 10 x 10 cm pealekandmiseks<\/li>\n\n\n\n<li>5 mikrokiudlappi 30 x 30 cm poleerimiseks<\/li>\n\n\n\n<li>10 \u00fchekordset kaitsekindaid<\/li>\n<\/ul>\n<\/div>\n<\/div>\n\n<hr\/>\n\n<h4 class=\"wp-block-heading\" id=\"application\">Taotlus<\/h4>\n\n<p>Lihtne rakendus<\/p>\n\n<ol class=\"wp-block-list\">\n<li>Puhastage moodul Biosativaga v\u00e4ga h\u00e4sti (mida parem eelpuhastus, seda kauem tihend kestab)<\/li>\n\n\n\n<li>Enne sulgemist puhastage uuesti alkoholiga<\/li>\n\n\n\n<li>Kandke tihendus lapiga, poleerige &#8211; tehtud.<\/li>\n<\/ol>\n\n<p><\/p>\n","protected":false},"excerpt":{"rendered":"<div class=\"column mcb-column mcb-item-mrk8thufa one column_column column-margin-0px\">\n<div class=\"column_attr clearfix\"><b>Fotogalvaanilised moodulid annavad oma parima tootluse optimaalsetes tingimustes<\/b> <b>.<\/b> <\/div>\n<div class=\"column_attr clearfix\"><b>Meie spetsiaalse tihendiga pikendame puhastusts\u00fcklit ja lihtsustame oluliselt puhastamist. <\/b><\/div>\n<div class=\"column_attr clearfix\"><b>See suurendab teie investeeringu tasuvust.<\/b><\/div>\n<\/div>\n","protected":false},"featured_media":18501,"template":"","meta":{"_acf_changed":false,"neve_meta_sidebar":"","neve_meta_container":"","neve_meta_enable_content_width":"","neve_meta_content_width":0,"neve_meta_title_alignment":"","neve_meta_author_avatar":"","neve_post_elements_order":"","neve_meta_disable_header":"","neve_meta_disable_footer":"","neve_meta_disable_title":"","neve_meta_reading_time":"","_surfaces":[],"_ver_product_tabs":[],"footnotes":""},"product_brand":[],"product_cat":[2200],"product_tag":[],"class_list":{"0":"post-62236","1":"product","2":"type-product","3":"status-publish","4":"has-post-thumbnail","6":"product_cat-tihend-klaasi-ja-keraamika-jaoks","8":"first","9":"instock","10":"taxable","11":"shipping-taxable","12":"purchasable","13":"product-type-simple"},"acf":[],"yoast_head":"<!-- This site is optimized with the Yoast SEO Premium plugin v22.8 (Yoast SEO v27.5) - https:\/\/yoast.com\/product\/yoast-seo-premium-wordpress\/ -->\n<title>T\u00e4ielik komplekt p\u00e4ikeses\u00fcsteemide \/ fotogalvaaniliste s\u00fcsteemide tihendamiseks - versiegelung24.com<\/title>\n<meta name=\"robots\" content=\"index, follow, max-snippet:-1, max-image-preview:large, max-video-preview:-1\" \/>\n<link rel=\"canonical\" href=\"https:\/\/www.versiegelung24.com\/et\/taiskomplekt-premium-paikesesusteem-fotogalvaaniline-tihendus-aarmise-vastupidavuse-ja-tohususe-suurendamisega.html\" \/>\n<meta property=\"og:locale\" content=\"et_EE\" \/>\n<meta property=\"og:type\" content=\"article\" \/>\n<meta property=\"og:title\" content=\"T\u00e4ielik komplekt p\u00e4ikeses\u00fcsteemide \/ fotogalvaaniliste s\u00fcsteemide tihendamiseks\" \/>\n<meta property=\"og:description\" content=\"Fotogalvaanilised moodulid annavad oma parima tootluse optimaalsetes tingimustes . Meie spetsiaalse tihendiga pikendame puhastusts\u00fcklit ja lihtsustame oluliselt puhastamist. See suurendab teie investeeringu tasuvust.\" \/>\n<meta property=\"og:url\" content=\"https:\/\/www.versiegelung24.com\/et\/taiskomplekt-premium-paikesesusteem-fotogalvaaniline-tihendus-aarmise-vastupidavuse-ja-tohususe-suurendamisega.html\" \/>\n<meta property=\"og:site_name\" content=\"versiegelung24.com\" \/>\n<meta property=\"article:modified_time\" content=\"2025-01-05T16:33:06+00:00\" \/>\n<meta property=\"og:image\" content=\"https:\/\/www.versiegelung24.com\/wp-content\/uploads\/2020\/06\/produkt-7000-7601-1000-Solarversiegelung-scaled.jpg\" \/>\n\t<meta property=\"og:image:width\" content=\"2560\" \/>\n\t<meta property=\"og:image:height\" content=\"2560\" \/>\n\t<meta property=\"og:image:type\" content=\"image\/jpeg\" \/>\n<meta name=\"twitter:card\" content=\"summary_large_image\" \/>\n<meta name=\"twitter:label1\" content=\"Price\" \/>\n\t<meta name=\"twitter:data1\" content=\"199,00&euro;\" \/>\n\t<meta name=\"twitter:label2\" content=\"Availability\" \/>\n\t<meta name=\"twitter:data2\" content=\"In stock\" \/>\n<script type=\"application\/ld+json\" class=\"yoast-schema-graph\">{\"@context\":\"https:\\\/\\\/schema.org\",\"@graph\":[{\"@type\":\"WebPage\",\"@id\":\"https:\\\/\\\/www.versiegelung24.com\\\/et\\\/taiskomplekt-premium-paikesesusteem-fotogalvaaniline-tihendus-aarmise-vastupidavuse-ja-tohususe-suurendamisega.html\",\"url\":\"https:\\\/\\\/www.versiegelung24.com\\\/et\\\/taiskomplekt-premium-paikesesusteem-fotogalvaaniline-tihendus-aarmise-vastupidavuse-ja-tohususe-suurendamisega.html\",\"name\":\"T\u00e4ielik komplekt p\u00e4ikeses\u00fcsteemide \\\/ fotogalvaaniliste s\u00fcsteemide tihendamiseks - versiegelung24.com\",\"isPartOf\":{\"@id\":\"https:\\\/\\\/www.versiegelung24.com\\\/et\\\/#website\"},\"primaryImageOfPage\":{\"@id\":\"https:\\\/\\\/www.versiegelung24.com\\\/et\\\/taiskomplekt-premium-paikesesusteem-fotogalvaaniline-tihendus-aarmise-vastupidavuse-ja-tohususe-suurendamisega.html#primaryimage\"},\"image\":{\"@id\":\"https:\\\/\\\/www.versiegelung24.com\\\/et\\\/taiskomplekt-premium-paikesesusteem-fotogalvaaniline-tihendus-aarmise-vastupidavuse-ja-tohususe-suurendamisega.html#primaryimage\"},\"thumbnailUrl\":\"https:\\\/\\\/www.versiegelung24.com\\\/wp-content\\\/uploads\\\/2020\\\/06\\\/produkt-7000-7601-1000-Solarversiegelung-scaled.jpg\",\"datePublished\":\"2022-02-06T22:03:50+00:00\",\"dateModified\":\"2025-01-05T16:33:06+00:00\",\"breadcrumb\":{\"@id\":\"https:\\\/\\\/www.versiegelung24.com\\\/et\\\/taiskomplekt-premium-paikesesusteem-fotogalvaaniline-tihendus-aarmise-vastupidavuse-ja-tohususe-suurendamisega.html#breadcrumb\"},\"inLanguage\":\"et\",\"potentialAction\":[{\"@type\":\"ReadAction\",\"target\":[\"https:\\\/\\\/www.versiegelung24.com\\\/et\\\/taiskomplekt-premium-paikesesusteem-fotogalvaaniline-tihendus-aarmise-vastupidavuse-ja-tohususe-suurendamisega.html\"]}]},{\"@type\":\"ImageObject\",\"inLanguage\":\"et\",\"@id\":\"https:\\\/\\\/www.versiegelung24.com\\\/et\\\/taiskomplekt-premium-paikesesusteem-fotogalvaaniline-tihendus-aarmise-vastupidavuse-ja-tohususe-suurendamisega.html#primaryimage\",\"url\":\"https:\\\/\\\/www.versiegelung24.com\\\/wp-content\\\/uploads\\\/2020\\\/06\\\/produkt-7000-7601-1000-Solarversiegelung-scaled.jpg\",\"contentUrl\":\"https:\\\/\\\/www.versiegelung24.com\\\/wp-content\\\/uploads\\\/2020\\\/06\\\/produkt-7000-7601-1000-Solarversiegelung-scaled.jpg\",\"width\":2560,\"height\":2560},{\"@type\":\"BreadcrumbList\",\"@id\":\"https:\\\/\\\/www.versiegelung24.com\\\/et\\\/taiskomplekt-premium-paikesesusteem-fotogalvaaniline-tihendus-aarmise-vastupidavuse-ja-tohususe-suurendamisega.html#breadcrumb\",\"itemListElement\":[{\"@type\":\"ListItem\",\"position\":1,\"name\":\"Koduleht\",\"item\":\"https:\\\/\\\/www.versiegelung24.com\\\/et\\\/ees\\\/\"},{\"@type\":\"ListItem\",\"position\":2,\"name\":\"Pood\",\"item\":\"https:\\\/\\\/www.versiegelung24.com\\\/et\\\/pood\\\/\"},{\"@type\":\"ListItem\",\"position\":3,\"name\":\"T\u00e4ielik komplekt p\u00e4ikeses\u00fcsteemide \\\/ fotogalvaaniliste s\u00fcsteemide tihendamiseks\"}]},{\"@type\":\"WebSite\",\"@id\":\"https:\\\/\\\/www.versiegelung24.com\\\/et\\\/#website\",\"url\":\"https:\\\/\\\/www.versiegelung24.com\\\/et\\\/\",\"name\":\"versiegelung24.com\",\"description\":\"Fl\u00fcssigglas-Versiegelung - Made in Germany\",\"publisher\":{\"@id\":\"https:\\\/\\\/www.versiegelung24.com\\\/et\\\/#organization\"},\"potentialAction\":[{\"@type\":\"SearchAction\",\"target\":{\"@type\":\"EntryPoint\",\"urlTemplate\":\"https:\\\/\\\/www.versiegelung24.com\\\/et\\\/?s={search_term_string}\"},\"query-input\":{\"@type\":\"PropertyValueSpecification\",\"valueRequired\":true,\"valueName\":\"search_term_string\"}}],\"inLanguage\":\"et\"},{\"@type\":\"Organization\",\"@id\":\"https:\\\/\\\/www.versiegelung24.com\\\/et\\\/#organization\",\"name\":\"versiegelung24\",\"url\":\"https:\\\/\\\/www.versiegelung24.com\\\/et\\\/\",\"logo\":{\"@type\":\"ImageObject\",\"inLanguage\":\"et\",\"@id\":\"https:\\\/\\\/www.versiegelung24.com\\\/et\\\/#\\\/schema\\\/logo\\\/image\\\/\",\"url\":\"https:\\\/\\\/www.versiegelung24.com\\\/wp-content\\\/uploads\\\/2020\\\/04\\\/versiegelung24.png\",\"contentUrl\":\"https:\\\/\\\/www.versiegelung24.com\\\/wp-content\\\/uploads\\\/2020\\\/04\\\/versiegelung24.png\",\"width\":470,\"height\":102,\"caption\":\"versiegelung24\"},\"image\":{\"@id\":\"https:\\\/\\\/www.versiegelung24.com\\\/et\\\/#\\\/schema\\\/logo\\\/image\\\/\"}}]}<\/script>\n<meta property=\"product:price:amount\" content=\"199.00\" \/>\n<meta property=\"product:price:currency\" content=\"EUR\" \/>\n<meta property=\"og:availability\" content=\"instock\" \/>\n<meta property=\"product:availability\" content=\"instock\" \/>\n<meta property=\"product:retailer_item_id\" content=\"7005-5575-komplettset\" \/>\n<meta property=\"product:condition\" content=\"new\" \/>\n<!-- \/ Yoast SEO Premium plugin. -->","yoast_head_json":{"title":"T\u00e4ielik komplekt p\u00e4ikeses\u00fcsteemide \/ fotogalvaaniliste s\u00fcsteemide tihendamiseks - versiegelung24.com","robots":{"index":"index","follow":"follow","max-snippet":"max-snippet:-1","max-image-preview":"max-image-preview:large","max-video-preview":"max-video-preview:-1"},"canonical":"https:\/\/www.versiegelung24.com\/et\/taiskomplekt-premium-paikesesusteem-fotogalvaaniline-tihendus-aarmise-vastupidavuse-ja-tohususe-suurendamisega.html","og_locale":"et_EE","og_type":"article","og_title":"T\u00e4ielik komplekt p\u00e4ikeses\u00fcsteemide \/ fotogalvaaniliste s\u00fcsteemide tihendamiseks","og_description":"Fotogalvaanilised moodulid annavad oma parima tootluse optimaalsetes tingimustes . Meie spetsiaalse tihendiga pikendame puhastusts\u00fcklit ja lihtsustame oluliselt puhastamist. See suurendab teie investeeringu tasuvust.","og_url":"https:\/\/www.versiegelung24.com\/et\/taiskomplekt-premium-paikesesusteem-fotogalvaaniline-tihendus-aarmise-vastupidavuse-ja-tohususe-suurendamisega.html","og_site_name":"versiegelung24.com","article_modified_time":"2025-01-05T16:33:06+00:00","og_image":[{"width":2560,"height":2560,"url":"https:\/\/www.versiegelung24.com\/wp-content\/uploads\/2020\/06\/produkt-7000-7601-1000-Solarversiegelung-scaled.jpg","type":"image\/jpeg"}],"twitter_card":"summary_large_image","twitter_misc":{"Price":"199,00&euro;","Availability":"In stock"},"schema":{"@context":"https:\/\/schema.org","@graph":[{"@type":"WebPage","@id":"https:\/\/www.versiegelung24.com\/et\/taiskomplekt-premium-paikesesusteem-fotogalvaaniline-tihendus-aarmise-vastupidavuse-ja-tohususe-suurendamisega.html","url":"https:\/\/www.versiegelung24.com\/et\/taiskomplekt-premium-paikesesusteem-fotogalvaaniline-tihendus-aarmise-vastupidavuse-ja-tohususe-suurendamisega.html","name":"T\u00e4ielik komplekt p\u00e4ikeses\u00fcsteemide \/ fotogalvaaniliste s\u00fcsteemide tihendamiseks - versiegelung24.com","isPartOf":{"@id":"https:\/\/www.versiegelung24.com\/et\/#website"},"primaryImageOfPage":{"@id":"https:\/\/www.versiegelung24.com\/et\/taiskomplekt-premium-paikesesusteem-fotogalvaaniline-tihendus-aarmise-vastupidavuse-ja-tohususe-suurendamisega.html#primaryimage"},"image":{"@id":"https:\/\/www.versiegelung24.com\/et\/taiskomplekt-premium-paikesesusteem-fotogalvaaniline-tihendus-aarmise-vastupidavuse-ja-tohususe-suurendamisega.html#primaryimage"},"thumbnailUrl":"https:\/\/www.versiegelung24.com\/wp-content\/uploads\/2020\/06\/produkt-7000-7601-1000-Solarversiegelung-scaled.jpg","datePublished":"2022-02-06T22:03:50+00:00","dateModified":"2025-01-05T16:33:06+00:00","breadcrumb":{"@id":"https:\/\/www.versiegelung24.com\/et\/taiskomplekt-premium-paikesesusteem-fotogalvaaniline-tihendus-aarmise-vastupidavuse-ja-tohususe-suurendamisega.html#breadcrumb"},"inLanguage":"et","potentialAction":[{"@type":"ReadAction","target":["https:\/\/www.versiegelung24.com\/et\/taiskomplekt-premium-paikesesusteem-fotogalvaaniline-tihendus-aarmise-vastupidavuse-ja-tohususe-suurendamisega.html"]}]},{"@type":"ImageObject","inLanguage":"et","@id":"https:\/\/www.versiegelung24.com\/et\/taiskomplekt-premium-paikesesusteem-fotogalvaaniline-tihendus-aarmise-vastupidavuse-ja-tohususe-suurendamisega.html#primaryimage","url":"https:\/\/www.versiegelung24.com\/wp-content\/uploads\/2020\/06\/produkt-7000-7601-1000-Solarversiegelung-scaled.jpg","contentUrl":"https:\/\/www.versiegelung24.com\/wp-content\/uploads\/2020\/06\/produkt-7000-7601-1000-Solarversiegelung-scaled.jpg","width":2560,"height":2560},{"@type":"BreadcrumbList","@id":"https:\/\/www.versiegelung24.com\/et\/taiskomplekt-premium-paikesesusteem-fotogalvaaniline-tihendus-aarmise-vastupidavuse-ja-tohususe-suurendamisega.html#breadcrumb","itemListElement":[{"@type":"ListItem","position":1,"name":"Koduleht","item":"https:\/\/www.versiegelung24.com\/et\/ees\/"},{"@type":"ListItem","position":2,"name":"Pood","item":"https:\/\/www.versiegelung24.com\/et\/pood\/"},{"@type":"ListItem","position":3,"name":"T\u00e4ielik komplekt p\u00e4ikeses\u00fcsteemide \/ fotogalvaaniliste s\u00fcsteemide tihendamiseks"}]},{"@type":"WebSite","@id":"https:\/\/www.versiegelung24.com\/et\/#website","url":"https:\/\/www.versiegelung24.com\/et\/","name":"versiegelung24.com","description":"Fl\u00fcssigglas-Versiegelung - Made in Germany","publisher":{"@id":"https:\/\/www.versiegelung24.com\/et\/#organization"},"potentialAction":[{"@type":"SearchAction","target":{"@type":"EntryPoint","urlTemplate":"https:\/\/www.versiegelung24.com\/et\/?s={search_term_string}"},"query-input":{"@type":"PropertyValueSpecification","valueRequired":true,"valueName":"search_term_string"}}],"inLanguage":"et"},{"@type":"Organization","@id":"https:\/\/www.versiegelung24.com\/et\/#organization","name":"versiegelung24","url":"https:\/\/www.versiegelung24.com\/et\/","logo":{"@type":"ImageObject","inLanguage":"et","@id":"https:\/\/www.versiegelung24.com\/et\/#\/schema\/logo\/image\/","url":"https:\/\/www.versiegelung24.com\/wp-content\/uploads\/2020\/04\/versiegelung24.png","contentUrl":"https:\/\/www.versiegelung24.com\/wp-content\/uploads\/2020\/04\/versiegelung24.png","width":470,"height":102,"caption":"versiegelung24"},"image":{"@id":"https:\/\/www.versiegelung24.com\/et\/#\/schema\/logo\/image\/"}}]},"product_price_amount":"199.00","product_price_currency":"EUR","og_availability":"instock","product_availability":"instock","product_retailer_item_id":"7005-5575-komplettset","product_condition":"new"},"_links":{"self":[{"href":"https:\/\/www.versiegelung24.com\/et\/wp-json\/wp\/v2\/product\/62236","targetHints":{"allow":["GET"]}}],"collection":[{"href":"https:\/\/www.versiegelung24.com\/et\/wp-json\/wp\/v2\/product"}],"about":[{"href":"https:\/\/www.versiegelung24.com\/et\/wp-json\/wp\/v2\/types\/product"}],"version-history":[{"count":13,"href":"https:\/\/www.versiegelung24.com\/et\/wp-json\/wp\/v2\/product\/62236\/revisions"}],"predecessor-version":[{"id":141177,"href":"https:\/\/www.versiegelung24.com\/et\/wp-json\/wp\/v2\/product\/62236\/revisions\/141177"}],"wp:featuredmedia":[{"embeddable":true,"href":"https:\/\/www.versiegelung24.com\/et\/wp-json\/wp\/v2\/media\/18501"}],"wp:attachment":[{"href":"https:\/\/www.versiegelung24.com\/et\/wp-json\/wp\/v2\/media?parent=62236"}],"wp:term":[{"taxonomy":"product_brand","embeddable":true,"href":"https:\/\/www.versiegelung24.com\/et\/wp-json\/wp\/v2\/product_brand?post=62236"},{"taxonomy":"product_cat","embeddable":true,"href":"https:\/\/www.versiegelung24.com\/et\/wp-json\/wp\/v2\/product_cat?post=62236"},{"taxonomy":"product_tag","embeddable":true,"href":"https:\/\/www.versiegelung24.com\/et\/wp-json\/wp\/v2\/product_tag?post=62236"}],"curies":[{"name":"wp","href":"https:\/\/api.w.org\/{rel}","templated":true}]}}