{"id":64044,"date":"2022-02-10T08:13:28","date_gmt":"2022-02-10T07:13:29","guid":{"rendered":"https:\/\/www.versiegelung24.com\/?post_type=product&#038;p=64044"},"modified":"2023-06-19T15:48:31","modified_gmt":"2023-06-19T13:48:31","slug":"colorus-vaervirulliku-kronstein-classic-2k-comfort-kaeepide-6mm-10-16cm-vaervirullidele-29cm-pikkus-kopie","status":"publish","type":"product","link":"https:\/\/www.versiegelung24.com\/et\/product\/colorus-vaervirulliku-kronstein-classic-2k-comfort-kaeepide-6mm-10-16cm-vaervirullidele-29cm-pikkus-kopie\/","title":{"rendered":"Colorus v\u00e4rvirulliku kronstein CLASSIC 2K Comfort k\u00e4epide 6mm 10-16cm v\u00e4rvirullidele 39cm pikkus"},"content":{"rendered":"\n<h3 class=\"wp-block-heading\" id=\"h-profi-komfort-bugel-fur-heizkorperwalzen-und-kleinflachenwalzen-mit-6mm-walzenlager-spitzenqualitat\">Professionaalne mugavusklamber radiaatorirullikutele ja v\u00e4ikestele pinnarullidele 6mm rull-laagriga. Parim kvaliteet.<\/h3>\n\n<h4 class=\"wp-block-heading\" id=\"properties\">Toote omadused<\/h4>\n\n<ul class=\"wp-block-list\"><li>Ergonoomilise ja libisemiskindla pehme k\u00e4epidemega 2-komponentne v\u00e4rvirulli k\u00e4epide.<\/li><li>V\u00e4rvirulli kronsteinid on valmistatud tsingitud terasest ja pakuvad seet\u00f5ttu v\u00e4ga pikka kasutusiga.<\/li><li>Sobib k\u00f5igile m\u00fc\u00fcgilolevatele teleskoop- ja klikis\u00fcsteemiga teleskooppostidele.<\/li><li>V\u00e4rvirulliku kronstein 6mm rull-laagri l\u00e4bim\u00f5\u00f5duga v\u00e4rvirullidele.<\/li><li>Pikkus 39 cm<\/li><\/ul>","protected":false},"excerpt":{"rendered":"<p><strong>Professionaalne mugavusklamber radiaatorirullidele ja v\u00e4ikese pindalaga rullidele:<\/strong><\/p>\n<p>\u2713 6mm rull-laagriga<\/p>\n<p>\u2713 Tippkvaliteet<\/p>\n","protected":false},"featured_media":63944,"template":"","meta":{"_acf_changed":false,"neve_meta_sidebar":"","neve_meta_container":"","neve_meta_enable_content_width":"","neve_meta_content_width":0,"neve_meta_title_alignment":"","neve_meta_author_avatar":"","neve_post_elements_order":"","neve_meta_disable_header":"","neve_meta_disable_footer":"","neve_meta_disable_title":"","neve_meta_reading_time":"","_surfaces":[],"_ver_product_tabs":[],"footnotes":""},"product_brand":[],"product_cat":[3071],"product_tag":[],"class_list":{"0":"post-64044","1":"product","2":"type-product","3":"status-publish","4":"has-post-thumbnail","6":"product_cat-varustus","8":"first","9":"instock","10":"taxable","11":"shipping-taxable","12":"purchasable","13":"product-type-simple"},"acf":[],"yoast_head":"<!-- This site is optimized with the Yoast SEO Premium plugin v22.8 (Yoast SEO v27.3) - https:\/\/yoast.com\/product\/yoast-seo-premium-wordpress\/ -->\n<title>Colorus v\u00e4rvirulliku kronstein CLASSIC 2K Comfort k\u00e4epide 6mm 10-16cm v\u00e4rvirullidele 39cm pikkus - versiegelung24.com<\/title>\n<meta name=\"robots\" content=\"index, follow, max-snippet:-1, max-image-preview:large, max-video-preview:-1\" \/>\n<link rel=\"canonical\" href=\"https:\/\/www.versiegelung24.com\/et\/product\/colorus-vaervirulliku-kronstein-classic-2k-comfort-kaeepide-6mm-10-16cm-vaervirullidele-29cm-pikkus-kopie\/\" \/>\n<meta property=\"og:locale\" content=\"et_EE\" \/>\n<meta property=\"og:type\" content=\"article\" \/>\n<meta property=\"og:title\" content=\"Colorus v\u00e4rvirulliku kronstein CLASSIC 2K Comfort k\u00e4epide 6mm 10-16cm v\u00e4rvirullidele 39cm pikkus\" \/>\n<meta property=\"og:description\" content=\"Professionaalne mugavusklamber radiaatorirullidele ja v\u00e4ikese pindalaga rullidele: \u2713 6mm rull-laagriga \u2713 Tippkvaliteet\" \/>\n<meta property=\"og:url\" content=\"https:\/\/www.versiegelung24.com\/et\/product\/colorus-vaervirulliku-kronstein-classic-2k-comfort-kaeepide-6mm-10-16cm-vaervirullidele-29cm-pikkus-kopie\/\" \/>\n<meta property=\"og:site_name\" content=\"versiegelung24.com\" \/>\n<meta property=\"article:modified_time\" content=\"2023-06-19T13:48:31+00:00\" \/>\n<meta property=\"og:image\" content=\"https:\/\/www.versiegelung24.com\/wp-content\/uploads\/2022\/02\/produkt-v24-1029-1039-2k-Colorus-Farbwalzen-Buegel-CLASSIC-2K-Comfort-Griff-6mm-fuer-10-16cm-Farbwalzen.jpg\" \/>\n\t<meta property=\"og:image:width\" content=\"2000\" \/>\n\t<meta property=\"og:image:height\" content=\"2000\" \/>\n\t<meta property=\"og:image:type\" content=\"image\/jpeg\" \/>\n<meta name=\"twitter:card\" content=\"summary_large_image\" \/>\n<meta name=\"twitter:label1\" content=\"Price\" \/>\n\t<meta name=\"twitter:data1\" content=\"2,99&euro;\" \/>\n\t<meta name=\"twitter:label2\" content=\"Availability\" \/>\n\t<meta name=\"twitter:data2\" content=\"In stock\" \/>\n<script type=\"application\/ld+json\" class=\"yoast-schema-graph\">{\"@context\":\"https:\\\/\\\/schema.org\",\"@graph\":[{\"@type\":\"WebPage\",\"@id\":\"https:\\\/\\\/www.versiegelung24.com\\\/et\\\/product\\\/colorus-vaervirulliku-kronstein-classic-2k-comfort-kaeepide-6mm-10-16cm-vaervirullidele-29cm-pikkus-kopie\\\/\",\"url\":\"https:\\\/\\\/www.versiegelung24.com\\\/et\\\/product\\\/colorus-vaervirulliku-kronstein-classic-2k-comfort-kaeepide-6mm-10-16cm-vaervirullidele-29cm-pikkus-kopie\\\/\",\"name\":\"Colorus v\u00e4rvirulliku kronstein CLASSIC 2K Comfort k\u00e4epide 6mm 10-16cm v\u00e4rvirullidele 39cm pikkus - versiegelung24.com\",\"isPartOf\":{\"@id\":\"https:\\\/\\\/www.versiegelung24.com\\\/et\\\/#website\"},\"primaryImageOfPage\":{\"@id\":\"https:\\\/\\\/www.versiegelung24.com\\\/et\\\/product\\\/colorus-vaervirulliku-kronstein-classic-2k-comfort-kaeepide-6mm-10-16cm-vaervirullidele-29cm-pikkus-kopie\\\/#primaryimage\"},\"image\":{\"@id\":\"https:\\\/\\\/www.versiegelung24.com\\\/et\\\/product\\\/colorus-vaervirulliku-kronstein-classic-2k-comfort-kaeepide-6mm-10-16cm-vaervirullidele-29cm-pikkus-kopie\\\/#primaryimage\"},\"thumbnailUrl\":\"https:\\\/\\\/www.versiegelung24.com\\\/wp-content\\\/uploads\\\/2022\\\/02\\\/produkt-v24-1029-1039-2k-Colorus-Farbwalzen-Buegel-CLASSIC-2K-Comfort-Griff-6mm-fuer-10-16cm-Farbwalzen.jpg\",\"datePublished\":\"2022-02-10T07:13:29+00:00\",\"dateModified\":\"2023-06-19T13:48:31+00:00\",\"breadcrumb\":{\"@id\":\"https:\\\/\\\/www.versiegelung24.com\\\/et\\\/product\\\/colorus-vaervirulliku-kronstein-classic-2k-comfort-kaeepide-6mm-10-16cm-vaervirullidele-29cm-pikkus-kopie\\\/#breadcrumb\"},\"inLanguage\":\"et\",\"potentialAction\":[{\"@type\":\"ReadAction\",\"target\":[\"https:\\\/\\\/www.versiegelung24.com\\\/et\\\/product\\\/colorus-vaervirulliku-kronstein-classic-2k-comfort-kaeepide-6mm-10-16cm-vaervirullidele-29cm-pikkus-kopie\\\/\"]}]},{\"@type\":\"ImageObject\",\"inLanguage\":\"et\",\"@id\":\"https:\\\/\\\/www.versiegelung24.com\\\/et\\\/product\\\/colorus-vaervirulliku-kronstein-classic-2k-comfort-kaeepide-6mm-10-16cm-vaervirullidele-29cm-pikkus-kopie\\\/#primaryimage\",\"url\":\"https:\\\/\\\/www.versiegelung24.com\\\/wp-content\\\/uploads\\\/2022\\\/02\\\/produkt-v24-1029-1039-2k-Colorus-Farbwalzen-Buegel-CLASSIC-2K-Comfort-Griff-6mm-fuer-10-16cm-Farbwalzen.jpg\",\"contentUrl\":\"https:\\\/\\\/www.versiegelung24.com\\\/wp-content\\\/uploads\\\/2022\\\/02\\\/produkt-v24-1029-1039-2k-Colorus-Farbwalzen-Buegel-CLASSIC-2K-Comfort-Griff-6mm-fuer-10-16cm-Farbwalzen.jpg\",\"width\":2000,\"height\":2000},{\"@type\":\"BreadcrumbList\",\"@id\":\"https:\\\/\\\/www.versiegelung24.com\\\/et\\\/product\\\/colorus-vaervirulliku-kronstein-classic-2k-comfort-kaeepide-6mm-10-16cm-vaervirullidele-29cm-pikkus-kopie\\\/#breadcrumb\",\"itemListElement\":[{\"@type\":\"ListItem\",\"position\":1,\"name\":\"Koduleht\",\"item\":\"https:\\\/\\\/www.versiegelung24.com\\\/et\\\/ees\\\/\"},{\"@type\":\"ListItem\",\"position\":2,\"name\":\"Pood\",\"item\":\"https:\\\/\\\/www.versiegelung24.com\\\/et\\\/pood\\\/\"},{\"@type\":\"ListItem\",\"position\":3,\"name\":\"Colorus v\u00e4rvirulliku kronstein CLASSIC 2K Comfort k\u00e4epide 6mm 10-16cm v\u00e4rvirullidele 39cm pikkus\"}]},{\"@type\":\"WebSite\",\"@id\":\"https:\\\/\\\/www.versiegelung24.com\\\/et\\\/#website\",\"url\":\"https:\\\/\\\/www.versiegelung24.com\\\/et\\\/\",\"name\":\"versiegelung24.com\",\"description\":\"Fl\u00fcssigglas-Versiegelung - Made in Germany\",\"publisher\":{\"@id\":\"https:\\\/\\\/www.versiegelung24.com\\\/et\\\/#organization\"},\"potentialAction\":[{\"@type\":\"SearchAction\",\"target\":{\"@type\":\"EntryPoint\",\"urlTemplate\":\"https:\\\/\\\/www.versiegelung24.com\\\/et\\\/?s={search_term_string}\"},\"query-input\":{\"@type\":\"PropertyValueSpecification\",\"valueRequired\":true,\"valueName\":\"search_term_string\"}}],\"inLanguage\":\"et\"},{\"@type\":\"Organization\",\"@id\":\"https:\\\/\\\/www.versiegelung24.com\\\/et\\\/#organization\",\"name\":\"versiegelung24\",\"url\":\"https:\\\/\\\/www.versiegelung24.com\\\/et\\\/\",\"logo\":{\"@type\":\"ImageObject\",\"inLanguage\":\"et\",\"@id\":\"https:\\\/\\\/www.versiegelung24.com\\\/et\\\/#\\\/schema\\\/logo\\\/image\\\/\",\"url\":\"https:\\\/\\\/www.versiegelung24.com\\\/wp-content\\\/uploads\\\/2020\\\/04\\\/versiegelung24.png\",\"contentUrl\":\"https:\\\/\\\/www.versiegelung24.com\\\/wp-content\\\/uploads\\\/2020\\\/04\\\/versiegelung24.png\",\"width\":470,\"height\":102,\"caption\":\"versiegelung24\"},\"image\":{\"@id\":\"https:\\\/\\\/www.versiegelung24.com\\\/et\\\/#\\\/schema\\\/logo\\\/image\\\/\"}}]}<\/script>\n<meta property=\"product:price:amount\" content=\"2.99\" \/>\n<meta property=\"product:price:currency\" content=\"EUR\" \/>\n<meta property=\"og:availability\" content=\"instock\" \/>\n<meta property=\"product:availability\" content=\"instock\" \/>\n<meta property=\"product:retailer_item_id\" content=\"V24-1039-2K\" \/>\n<meta property=\"product:condition\" content=\"new\" \/>\n<!-- \/ Yoast SEO Premium plugin. -->","yoast_head_json":{"title":"Colorus v\u00e4rvirulliku kronstein CLASSIC 2K Comfort k\u00e4epide 6mm 10-16cm v\u00e4rvirullidele 39cm pikkus - versiegelung24.com","robots":{"index":"index","follow":"follow","max-snippet":"max-snippet:-1","max-image-preview":"max-image-preview:large","max-video-preview":"max-video-preview:-1"},"canonical":"https:\/\/www.versiegelung24.com\/et\/product\/colorus-vaervirulliku-kronstein-classic-2k-comfort-kaeepide-6mm-10-16cm-vaervirullidele-29cm-pikkus-kopie\/","og_locale":"et_EE","og_type":"article","og_title":"Colorus v\u00e4rvirulliku kronstein CLASSIC 2K Comfort k\u00e4epide 6mm 10-16cm v\u00e4rvirullidele 39cm pikkus","og_description":"Professionaalne mugavusklamber radiaatorirullidele ja v\u00e4ikese pindalaga rullidele: \u2713 6mm rull-laagriga \u2713 Tippkvaliteet","og_url":"https:\/\/www.versiegelung24.com\/et\/product\/colorus-vaervirulliku-kronstein-classic-2k-comfort-kaeepide-6mm-10-16cm-vaervirullidele-29cm-pikkus-kopie\/","og_site_name":"versiegelung24.com","article_modified_time":"2023-06-19T13:48:31+00:00","og_image":[{"width":2000,"height":2000,"url":"https:\/\/www.versiegelung24.com\/wp-content\/uploads\/2022\/02\/produkt-v24-1029-1039-2k-Colorus-Farbwalzen-Buegel-CLASSIC-2K-Comfort-Griff-6mm-fuer-10-16cm-Farbwalzen.jpg","type":"image\/jpeg"}],"twitter_card":"summary_large_image","twitter_misc":{"Price":"2,99&euro;","Availability":"In stock"},"schema":{"@context":"https:\/\/schema.org","@graph":[{"@type":"WebPage","@id":"https:\/\/www.versiegelung24.com\/et\/product\/colorus-vaervirulliku-kronstein-classic-2k-comfort-kaeepide-6mm-10-16cm-vaervirullidele-29cm-pikkus-kopie\/","url":"https:\/\/www.versiegelung24.com\/et\/product\/colorus-vaervirulliku-kronstein-classic-2k-comfort-kaeepide-6mm-10-16cm-vaervirullidele-29cm-pikkus-kopie\/","name":"Colorus v\u00e4rvirulliku kronstein CLASSIC 2K Comfort k\u00e4epide 6mm 10-16cm v\u00e4rvirullidele 39cm pikkus - versiegelung24.com","isPartOf":{"@id":"https:\/\/www.versiegelung24.com\/et\/#website"},"primaryImageOfPage":{"@id":"https:\/\/www.versiegelung24.com\/et\/product\/colorus-vaervirulliku-kronstein-classic-2k-comfort-kaeepide-6mm-10-16cm-vaervirullidele-29cm-pikkus-kopie\/#primaryimage"},"image":{"@id":"https:\/\/www.versiegelung24.com\/et\/product\/colorus-vaervirulliku-kronstein-classic-2k-comfort-kaeepide-6mm-10-16cm-vaervirullidele-29cm-pikkus-kopie\/#primaryimage"},"thumbnailUrl":"https:\/\/www.versiegelung24.com\/wp-content\/uploads\/2022\/02\/produkt-v24-1029-1039-2k-Colorus-Farbwalzen-Buegel-CLASSIC-2K-Comfort-Griff-6mm-fuer-10-16cm-Farbwalzen.jpg","datePublished":"2022-02-10T07:13:29+00:00","dateModified":"2023-06-19T13:48:31+00:00","breadcrumb":{"@id":"https:\/\/www.versiegelung24.com\/et\/product\/colorus-vaervirulliku-kronstein-classic-2k-comfort-kaeepide-6mm-10-16cm-vaervirullidele-29cm-pikkus-kopie\/#breadcrumb"},"inLanguage":"et","potentialAction":[{"@type":"ReadAction","target":["https:\/\/www.versiegelung24.com\/et\/product\/colorus-vaervirulliku-kronstein-classic-2k-comfort-kaeepide-6mm-10-16cm-vaervirullidele-29cm-pikkus-kopie\/"]}]},{"@type":"ImageObject","inLanguage":"et","@id":"https:\/\/www.versiegelung24.com\/et\/product\/colorus-vaervirulliku-kronstein-classic-2k-comfort-kaeepide-6mm-10-16cm-vaervirullidele-29cm-pikkus-kopie\/#primaryimage","url":"https:\/\/www.versiegelung24.com\/wp-content\/uploads\/2022\/02\/produkt-v24-1029-1039-2k-Colorus-Farbwalzen-Buegel-CLASSIC-2K-Comfort-Griff-6mm-fuer-10-16cm-Farbwalzen.jpg","contentUrl":"https:\/\/www.versiegelung24.com\/wp-content\/uploads\/2022\/02\/produkt-v24-1029-1039-2k-Colorus-Farbwalzen-Buegel-CLASSIC-2K-Comfort-Griff-6mm-fuer-10-16cm-Farbwalzen.jpg","width":2000,"height":2000},{"@type":"BreadcrumbList","@id":"https:\/\/www.versiegelung24.com\/et\/product\/colorus-vaervirulliku-kronstein-classic-2k-comfort-kaeepide-6mm-10-16cm-vaervirullidele-29cm-pikkus-kopie\/#breadcrumb","itemListElement":[{"@type":"ListItem","position":1,"name":"Koduleht","item":"https:\/\/www.versiegelung24.com\/et\/ees\/"},{"@type":"ListItem","position":2,"name":"Pood","item":"https:\/\/www.versiegelung24.com\/et\/pood\/"},{"@type":"ListItem","position":3,"name":"Colorus v\u00e4rvirulliku kronstein CLASSIC 2K Comfort k\u00e4epide 6mm 10-16cm v\u00e4rvirullidele 39cm pikkus"}]},{"@type":"WebSite","@id":"https:\/\/www.versiegelung24.com\/et\/#website","url":"https:\/\/www.versiegelung24.com\/et\/","name":"versiegelung24.com","description":"Fl\u00fcssigglas-Versiegelung - Made in Germany","publisher":{"@id":"https:\/\/www.versiegelung24.com\/et\/#organization"},"potentialAction":[{"@type":"SearchAction","target":{"@type":"EntryPoint","urlTemplate":"https:\/\/www.versiegelung24.com\/et\/?s={search_term_string}"},"query-input":{"@type":"PropertyValueSpecification","valueRequired":true,"valueName":"search_term_string"}}],"inLanguage":"et"},{"@type":"Organization","@id":"https:\/\/www.versiegelung24.com\/et\/#organization","name":"versiegelung24","url":"https:\/\/www.versiegelung24.com\/et\/","logo":{"@type":"ImageObject","inLanguage":"et","@id":"https:\/\/www.versiegelung24.com\/et\/#\/schema\/logo\/image\/","url":"https:\/\/www.versiegelung24.com\/wp-content\/uploads\/2020\/04\/versiegelung24.png","contentUrl":"https:\/\/www.versiegelung24.com\/wp-content\/uploads\/2020\/04\/versiegelung24.png","width":470,"height":102,"caption":"versiegelung24"},"image":{"@id":"https:\/\/www.versiegelung24.com\/et\/#\/schema\/logo\/image\/"}}]},"product_price_amount":"2.99","product_price_currency":"EUR","og_availability":"instock","product_availability":"instock","product_retailer_item_id":"V24-1039-2K","product_condition":"new"},"_links":{"self":[{"href":"https:\/\/www.versiegelung24.com\/et\/wp-json\/wp\/v2\/product\/64044","targetHints":{"allow":["GET"]}}],"collection":[{"href":"https:\/\/www.versiegelung24.com\/et\/wp-json\/wp\/v2\/product"}],"about":[{"href":"https:\/\/www.versiegelung24.com\/et\/wp-json\/wp\/v2\/types\/product"}],"version-history":[{"count":9,"href":"https:\/\/www.versiegelung24.com\/et\/wp-json\/wp\/v2\/product\/64044\/revisions"}],"predecessor-version":[{"id":79696,"href":"https:\/\/www.versiegelung24.com\/et\/wp-json\/wp\/v2\/product\/64044\/revisions\/79696"}],"wp:featuredmedia":[{"embeddable":true,"href":"https:\/\/www.versiegelung24.com\/et\/wp-json\/wp\/v2\/media\/63944"}],"wp:attachment":[{"href":"https:\/\/www.versiegelung24.com\/et\/wp-json\/wp\/v2\/media?parent=64044"}],"wp:term":[{"taxonomy":"product_brand","embeddable":true,"href":"https:\/\/www.versiegelung24.com\/et\/wp-json\/wp\/v2\/product_brand?post=64044"},{"taxonomy":"product_cat","embeddable":true,"href":"https:\/\/www.versiegelung24.com\/et\/wp-json\/wp\/v2\/product_cat?post=64044"},{"taxonomy":"product_tag","embeddable":true,"href":"https:\/\/www.versiegelung24.com\/et\/wp-json\/wp\/v2\/product_tag?post=64044"}],"curies":[{"name":"wp","href":"https:\/\/api.w.org\/{rel}","templated":true}]}}