{"id":82319,"date":"2022-02-23T12:42:58","date_gmt":"2022-02-23T11:42:58","guid":{"rendered":"https:\/\/www.versiegelung24.com\/produkt\/kollased-nitriilist-tookindad-kootud-katistega\/"},"modified":"2025-12-19T14:35:44","modified_gmt":"2025-12-19T13:35:44","slug":"tookindad-nitriil-kootud-katistega-kollane","status":"publish","type":"product","link":"https:\/\/www.versiegelung24.com\/et\/kollased-nitriilist-tookindad-kootud-katistega.html","title":{"rendered":"Kollased nitriilist t\u00f6\u00f6kindad kootud k\u00e4tistega"},"content":{"rendered":"\n<h4 class=\"wp-block-heading\" id=\"h-beschreibung\">Kirjeldus<\/h4>\n\n<p>Universaalsed nitriilkindad kuiva v\u00f5i m\u00e4rja keskkonna jaoks. Sobib keskmise riskiga ja k\u00f5rgete kulumisn\u00f5uetega t\u00f6\u00f6dele (k\u00e4sit\u00f6\u00f6, ehitus, n\u00e4itusestendi ehitus, autot\u00f6\u00f6stus, masinat\u00f6\u00f6stus, teraset\u00f6\u00f6stus, klaasit\u00f6\u00f6stus, toiduainet\u00f6\u00f6stus, p\u00f5llumajandus jne) EN 420 II kategooria, EN 388<\/p>\n\n<hr \/>\n\n<h4 class=\"wp-block-heading\" id=\"properties\">Toote omadused<\/h4>\n\n<div class=\"wp-block-columns is-layout-flex wp-container-core-columns-is-layout-9d6595d7 wp-block-columns-is-layout-flex\">\n<div class=\"wp-block-column is-layout-flow wp-block-column-is-layout-flow\">\n<p>\u2713 Kaetud kollase nitriiliga<\/p>\n\n\n\n<p>\u2713 K\u00e4eselg hingav<\/p>\n\n\n\n<p>\u2713 T\u00e4nu t\u00e4iuslikule istuvusele \u00fclimugav<\/p>\n\n\n\n<p>\u2713 EN 420 II kategooria, EN 388<\/p>\n\n\n\n<p>\u2713 Kulumiskindlus: j\u00f5udlustase 4<\/p>\n\n\n\n<p>\u2713 L\u00f5ikekindlus: j\u00f5udlusaste 1<\/p>\n\n\n\n<p>\u2713 Rebenemistugevus: j\u00f5udlusaste 1<\/p>\n\n\n\n<p>\u2713 Torkev\u00f5imsus: v\u00f5imsusaste 1<\/p>\n\n\n\n<p>\u2713 Suurus: 9<\/p>\n<\/div>\n<\/div>\n","protected":false},"excerpt":{"rendered":"<div class=\"product_text_extra\">\n<p>\u2713 Kaetud kollase nitriiliga<\/p>\n<p>\u2713 K\u00e4eselg hingav<\/p>\n<p>\u2713 T\u00e4nu t\u00e4iuslikule istuvusele \u00fclimugav<\/p>\n<p>\u2713 EN 420 II kategooria, EN 388<\/p>\n<p>\u2713 Kulumiskindlus: j\u00f5udlustase 4<\/p>\n<\/div>\n","protected":false},"featured_media":82274,"template":"","meta":{"_acf_changed":false,"neve_meta_sidebar":"","neve_meta_container":"","neve_meta_enable_content_width":"","neve_meta_content_width":0,"neve_meta_title_alignment":"","neve_meta_author_avatar":"","neve_post_elements_order":"","neve_meta_disable_header":"","neve_meta_disable_footer":"","neve_meta_disable_title":"","neve_meta_reading_time":"","_surfaces":[],"_ver_product_tabs":[],"footnotes":""},"product_brand":[],"product_cat":[3071],"product_tag":[],"class_list":{"0":"post-82319","1":"product","2":"type-product","3":"status-publish","4":"has-post-thumbnail","6":"product_cat-varustus","8":"first","9":"instock","10":"taxable","11":"shipping-taxable","12":"purchasable","13":"product-type-simple"},"acf":[],"yoast_head":"<!-- This site is optimized with the Yoast SEO Premium plugin v22.8 (Yoast SEO v27.5) - https:\/\/yoast.com\/product\/yoast-seo-premium-wordpress\/ -->\n<title>Kollased nitriilist t\u00f6\u00f6kindad kootud k\u00e4tistega - versiegelung24.com<\/title>\n<meta name=\"robots\" content=\"index, follow, max-snippet:-1, max-image-preview:large, max-video-preview:-1\" \/>\n<link rel=\"canonical\" href=\"https:\/\/www.versiegelung24.com\/et\/kollased-nitriilist-tookindad-kootud-katistega.html\" \/>\n<meta property=\"og:locale\" content=\"et_EE\" \/>\n<meta property=\"og:type\" content=\"article\" \/>\n<meta property=\"og:title\" content=\"Kollased nitriilist t\u00f6\u00f6kindad kootud k\u00e4tistega\" \/>\n<meta property=\"og:description\" content=\"\u2713 Kaetud kollase nitriiliga \u2713 K\u00e4eselg hingav \u2713 T\u00e4nu t\u00e4iuslikule istuvusele \u00fclimugav \u2713 EN 420 II kategooria, EN 388 \u2713 Kulumiskindlus: j\u00f5udlustase 4\" \/>\n<meta property=\"og:url\" content=\"https:\/\/www.versiegelung24.com\/et\/kollased-nitriilist-tookindad-kootud-katistega.html\" \/>\n<meta property=\"og:site_name\" content=\"versiegelung24.com\" \/>\n<meta property=\"article:modified_time\" content=\"2025-12-19T13:35:44+00:00\" \/>\n<meta name=\"twitter:card\" content=\"summary_large_image\" \/>\n<meta name=\"twitter:label1\" content=\"Price\" \/>\n\t<meta name=\"twitter:data1\" content=\"2,69&euro;\" \/>\n\t<meta name=\"twitter:label2\" content=\"Availability\" \/>\n\t<meta name=\"twitter:data2\" content=\"In stock\" \/>\n<script type=\"application\/ld+json\" class=\"yoast-schema-graph\">{\"@context\":\"https:\\\/\\\/schema.org\",\"@graph\":[{\"@type\":\"WebPage\",\"@id\":\"https:\\\/\\\/www.versiegelung24.com\\\/et\\\/kollased-nitriilist-tookindad-kootud-katistega.html\",\"url\":\"https:\\\/\\\/www.versiegelung24.com\\\/et\\\/kollased-nitriilist-tookindad-kootud-katistega.html\",\"name\":\"Kollased nitriilist t\u00f6\u00f6kindad kootud k\u00e4tistega - versiegelung24.com\",\"isPartOf\":{\"@id\":\"https:\\\/\\\/www.versiegelung24.com\\\/et\\\/#website\"},\"primaryImageOfPage\":{\"@id\":\"https:\\\/\\\/www.versiegelung24.com\\\/et\\\/kollased-nitriilist-tookindad-kootud-katistega.html#primaryimage\"},\"image\":{\"@id\":\"https:\\\/\\\/www.versiegelung24.com\\\/et\\\/kollased-nitriilist-tookindad-kootud-katistega.html#primaryimage\"},\"thumbnailUrl\":\"https:\\\/\\\/www.versiegelung24.com\\\/wp-content\\\/uploads\\\/2022\\\/02\\\/produkt-v24-sb403-10-arbeitshandschuh.jpg\",\"datePublished\":\"2022-02-23T11:42:58+00:00\",\"dateModified\":\"2025-12-19T13:35:44+00:00\",\"breadcrumb\":{\"@id\":\"https:\\\/\\\/www.versiegelung24.com\\\/et\\\/kollased-nitriilist-tookindad-kootud-katistega.html#breadcrumb\"},\"inLanguage\":\"et\",\"potentialAction\":[{\"@type\":\"ReadAction\",\"target\":[\"https:\\\/\\\/www.versiegelung24.com\\\/et\\\/kollased-nitriilist-tookindad-kootud-katistega.html\"]}]},{\"@type\":\"ImageObject\",\"inLanguage\":\"et\",\"@id\":\"https:\\\/\\\/www.versiegelung24.com\\\/et\\\/kollased-nitriilist-tookindad-kootud-katistega.html#primaryimage\",\"url\":\"https:\\\/\\\/www.versiegelung24.com\\\/wp-content\\\/uploads\\\/2022\\\/02\\\/produkt-v24-sb403-10-arbeitshandschuh.jpg\",\"contentUrl\":\"https:\\\/\\\/www.versiegelung24.com\\\/wp-content\\\/uploads\\\/2022\\\/02\\\/produkt-v24-sb403-10-arbeitshandschuh.jpg\",\"width\":2000,\"height\":2000},{\"@type\":\"BreadcrumbList\",\"@id\":\"https:\\\/\\\/www.versiegelung24.com\\\/et\\\/kollased-nitriilist-tookindad-kootud-katistega.html#breadcrumb\",\"itemListElement\":[{\"@type\":\"ListItem\",\"position\":1,\"name\":\"Koduleht\",\"item\":\"https:\\\/\\\/www.versiegelung24.com\\\/et\\\/ees\\\/\"},{\"@type\":\"ListItem\",\"position\":2,\"name\":\"Pood\",\"item\":\"https:\\\/\\\/www.versiegelung24.com\\\/et\\\/pood\\\/\"},{\"@type\":\"ListItem\",\"position\":3,\"name\":\"Kollased nitriilist t\u00f6\u00f6kindad kootud k\u00e4tistega\"}]},{\"@type\":\"WebSite\",\"@id\":\"https:\\\/\\\/www.versiegelung24.com\\\/et\\\/#website\",\"url\":\"https:\\\/\\\/www.versiegelung24.com\\\/et\\\/\",\"name\":\"versiegelung24.com\",\"description\":\"Fl\u00fcssigglas-Versiegelung - Made in Germany\",\"publisher\":{\"@id\":\"https:\\\/\\\/www.versiegelung24.com\\\/et\\\/#organization\"},\"potentialAction\":[{\"@type\":\"SearchAction\",\"target\":{\"@type\":\"EntryPoint\",\"urlTemplate\":\"https:\\\/\\\/www.versiegelung24.com\\\/et\\\/?s={search_term_string}\"},\"query-input\":{\"@type\":\"PropertyValueSpecification\",\"valueRequired\":true,\"valueName\":\"search_term_string\"}}],\"inLanguage\":\"et\"},{\"@type\":\"Organization\",\"@id\":\"https:\\\/\\\/www.versiegelung24.com\\\/et\\\/#organization\",\"name\":\"versiegelung24\",\"url\":\"https:\\\/\\\/www.versiegelung24.com\\\/et\\\/\",\"logo\":{\"@type\":\"ImageObject\",\"inLanguage\":\"et\",\"@id\":\"https:\\\/\\\/www.versiegelung24.com\\\/et\\\/#\\\/schema\\\/logo\\\/image\\\/\",\"url\":\"https:\\\/\\\/www.versiegelung24.com\\\/wp-content\\\/uploads\\\/2020\\\/04\\\/versiegelung24.png\",\"contentUrl\":\"https:\\\/\\\/www.versiegelung24.com\\\/wp-content\\\/uploads\\\/2020\\\/04\\\/versiegelung24.png\",\"width\":470,\"height\":102,\"caption\":\"versiegelung24\"},\"image\":{\"@id\":\"https:\\\/\\\/www.versiegelung24.com\\\/et\\\/#\\\/schema\\\/logo\\\/image\\\/\"}}]}<\/script>\n<meta property=\"product:price:amount\" content=\"2.69\" \/>\n<meta property=\"product:price:currency\" content=\"EUR\" \/>\n<meta property=\"og:availability\" content=\"instock\" \/>\n<meta property=\"product:availability\" content=\"instock\" \/>\n<meta property=\"product:retailer_item_id\" content=\"V24-SB403-10\" \/>\n<meta property=\"product:condition\" content=\"new\" \/>\n<!-- \/ Yoast SEO Premium plugin. -->","yoast_head_json":{"title":"Kollased nitriilist t\u00f6\u00f6kindad kootud k\u00e4tistega - versiegelung24.com","robots":{"index":"index","follow":"follow","max-snippet":"max-snippet:-1","max-image-preview":"max-image-preview:large","max-video-preview":"max-video-preview:-1"},"canonical":"https:\/\/www.versiegelung24.com\/et\/kollased-nitriilist-tookindad-kootud-katistega.html","og_locale":"et_EE","og_type":"article","og_title":"Kollased nitriilist t\u00f6\u00f6kindad kootud k\u00e4tistega","og_description":"\u2713 Kaetud kollase nitriiliga \u2713 K\u00e4eselg hingav \u2713 T\u00e4nu t\u00e4iuslikule istuvusele \u00fclimugav \u2713 EN 420 II kategooria, EN 388 \u2713 Kulumiskindlus: j\u00f5udlustase 4","og_url":"https:\/\/www.versiegelung24.com\/et\/kollased-nitriilist-tookindad-kootud-katistega.html","og_site_name":"versiegelung24.com","article_modified_time":"2025-12-19T13:35:44+00:00","twitter_card":"summary_large_image","twitter_misc":{"Price":"2,69&euro;","Availability":"In stock"},"schema":{"@context":"https:\/\/schema.org","@graph":[{"@type":"WebPage","@id":"https:\/\/www.versiegelung24.com\/et\/kollased-nitriilist-tookindad-kootud-katistega.html","url":"https:\/\/www.versiegelung24.com\/et\/kollased-nitriilist-tookindad-kootud-katistega.html","name":"Kollased nitriilist t\u00f6\u00f6kindad kootud k\u00e4tistega - versiegelung24.com","isPartOf":{"@id":"https:\/\/www.versiegelung24.com\/et\/#website"},"primaryImageOfPage":{"@id":"https:\/\/www.versiegelung24.com\/et\/kollased-nitriilist-tookindad-kootud-katistega.html#primaryimage"},"image":{"@id":"https:\/\/www.versiegelung24.com\/et\/kollased-nitriilist-tookindad-kootud-katistega.html#primaryimage"},"thumbnailUrl":"https:\/\/www.versiegelung24.com\/wp-content\/uploads\/2022\/02\/produkt-v24-sb403-10-arbeitshandschuh.jpg","datePublished":"2022-02-23T11:42:58+00:00","dateModified":"2025-12-19T13:35:44+00:00","breadcrumb":{"@id":"https:\/\/www.versiegelung24.com\/et\/kollased-nitriilist-tookindad-kootud-katistega.html#breadcrumb"},"inLanguage":"et","potentialAction":[{"@type":"ReadAction","target":["https:\/\/www.versiegelung24.com\/et\/kollased-nitriilist-tookindad-kootud-katistega.html"]}]},{"@type":"ImageObject","inLanguage":"et","@id":"https:\/\/www.versiegelung24.com\/et\/kollased-nitriilist-tookindad-kootud-katistega.html#primaryimage","url":"https:\/\/www.versiegelung24.com\/wp-content\/uploads\/2022\/02\/produkt-v24-sb403-10-arbeitshandschuh.jpg","contentUrl":"https:\/\/www.versiegelung24.com\/wp-content\/uploads\/2022\/02\/produkt-v24-sb403-10-arbeitshandschuh.jpg","width":2000,"height":2000},{"@type":"BreadcrumbList","@id":"https:\/\/www.versiegelung24.com\/et\/kollased-nitriilist-tookindad-kootud-katistega.html#breadcrumb","itemListElement":[{"@type":"ListItem","position":1,"name":"Koduleht","item":"https:\/\/www.versiegelung24.com\/et\/ees\/"},{"@type":"ListItem","position":2,"name":"Pood","item":"https:\/\/www.versiegelung24.com\/et\/pood\/"},{"@type":"ListItem","position":3,"name":"Kollased nitriilist t\u00f6\u00f6kindad kootud k\u00e4tistega"}]},{"@type":"WebSite","@id":"https:\/\/www.versiegelung24.com\/et\/#website","url":"https:\/\/www.versiegelung24.com\/et\/","name":"versiegelung24.com","description":"Fl\u00fcssigglas-Versiegelung - Made in Germany","publisher":{"@id":"https:\/\/www.versiegelung24.com\/et\/#organization"},"potentialAction":[{"@type":"SearchAction","target":{"@type":"EntryPoint","urlTemplate":"https:\/\/www.versiegelung24.com\/et\/?s={search_term_string}"},"query-input":{"@type":"PropertyValueSpecification","valueRequired":true,"valueName":"search_term_string"}}],"inLanguage":"et"},{"@type":"Organization","@id":"https:\/\/www.versiegelung24.com\/et\/#organization","name":"versiegelung24","url":"https:\/\/www.versiegelung24.com\/et\/","logo":{"@type":"ImageObject","inLanguage":"et","@id":"https:\/\/www.versiegelung24.com\/et\/#\/schema\/logo\/image\/","url":"https:\/\/www.versiegelung24.com\/wp-content\/uploads\/2020\/04\/versiegelung24.png","contentUrl":"https:\/\/www.versiegelung24.com\/wp-content\/uploads\/2020\/04\/versiegelung24.png","width":470,"height":102,"caption":"versiegelung24"},"image":{"@id":"https:\/\/www.versiegelung24.com\/et\/#\/schema\/logo\/image\/"}}]},"product_price_amount":"2.69","product_price_currency":"EUR","og_availability":"instock","product_availability":"instock","product_retailer_item_id":"V24-SB403-10","product_condition":"new"},"_links":{"self":[{"href":"https:\/\/www.versiegelung24.com\/et\/wp-json\/wp\/v2\/product\/82319","targetHints":{"allow":["GET"]}}],"collection":[{"href":"https:\/\/www.versiegelung24.com\/et\/wp-json\/wp\/v2\/product"}],"about":[{"href":"https:\/\/www.versiegelung24.com\/et\/wp-json\/wp\/v2\/types\/product"}],"version-history":[{"count":10,"href":"https:\/\/www.versiegelung24.com\/et\/wp-json\/wp\/v2\/product\/82319\/revisions"}],"predecessor-version":[{"id":180748,"href":"https:\/\/www.versiegelung24.com\/et\/wp-json\/wp\/v2\/product\/82319\/revisions\/180748"}],"wp:featuredmedia":[{"embeddable":true,"href":"https:\/\/www.versiegelung24.com\/et\/wp-json\/wp\/v2\/media\/82274"}],"wp:attachment":[{"href":"https:\/\/www.versiegelung24.com\/et\/wp-json\/wp\/v2\/media?parent=82319"}],"wp:term":[{"taxonomy":"product_brand","embeddable":true,"href":"https:\/\/www.versiegelung24.com\/et\/wp-json\/wp\/v2\/product_brand?post=82319"},{"taxonomy":"product_cat","embeddable":true,"href":"https:\/\/www.versiegelung24.com\/et\/wp-json\/wp\/v2\/product_cat?post=82319"},{"taxonomy":"product_tag","embeddable":true,"href":"https:\/\/www.versiegelung24.com\/et\/wp-json\/wp\/v2\/product_tag?post=82319"}],"curies":[{"name":"wp","href":"https:\/\/api.w.org\/{rel}","templated":true}]}}